{"id":44911,"date":"2026-04-07T14:40:23","date_gmt":"2026-04-07T11:40:23","guid":{"rendered":"https:\/\/gnistan.fi\/?page_id=44911"},"modified":"2026-04-07T14:44:10","modified_gmt":"2026-04-07T11:44:10","slug":"nuorten-harrasteryhma","status":"publish","type":"page","link":"https:\/\/gnistan.fi\/sv\/nuorten-harrasteryhma\/","title":{"rendered":"Nuorten harrasteryhm\u00e4"},"content":{"rendered":"<p>IF Gnistan k\u00e4ynnist\u00e4\u00e4 Oulunkyl\u00e4n alueella maksuttoman futistoiminnan 13\u201317-vuotiaille nuorille.<\/p>\n\n\n\n<p>Toiminta on matalan kynnyksen h\u00f6ntsyfutista, jossa p\u00e4\u00e4paino on pelaamisessa, liikkumisessa ja rennossa yhdess\u00e4olossa. Mukaan ovat tervetulleita kaikki nuoret taitotasosta tai aiemmasta harrastustaustasta riippumatta.<\/p>\n\n\n\n<p>Toiminta on suunnattu erityisesti nuorille:<\/p>\n\n\n\n<ul class=\"wp-block-list\">\n<li>jotka eiv\u00e4t ole mukana joukkuetoiminnassa<\/li>\n\n\n\n<li>jotka ovat j\u00e4\u00e4neet pois harrastuksesta<\/li>\n\n\n\n<li>sek\u00e4 niille, jotka haluavat lis\u00e4t\u00e4 omaan harrastamiseensa rentoa pelaamista ilman kilpailullisia paineita<\/li>\n<\/ul>\n\n\n\n<p><\/p>\n\n\n\n<p>Toiminta k\u00e4ynnistyy lauantaina 18.4. ja jatkossa harjoitukset j\u00e4rjestet\u00e4\u00e4n lauantaisin p\u00e4\u00e4asiassa Oulunkyl\u00e4ss\u00e4 (Pikkupekka Areena) klo 16-17, ja tarvittaessa my\u00f6s muilla kaupungin kentill\u00e4.<\/p>\n\n\n\n<p>Tyt\u00f6t ja pojat ovat kaikki tervetulleita mukaan, ja osallistujam\u00e4\u00e4r\u00e4n mukaan ryhmi\u00e4 voidaan tarvittaessa jakaa.<\/p>\n\n\n\n<p>Toiminta alkaa rennolla h\u00f6ntsypelaamisella, ja osallistujien toiveiden mukaan sit\u00e4 voidaan my\u00f6hemmin kehitt\u00e4\u00e4 esimerkiksi yst\u00e4vyysotteluiden tai sarjatoiminnan suuntaan.<\/p>\n\n\n\n<p>Lis\u00e4titedot Yhteis\u00f6p\u00e4\u00e4llikk\u00f6 Juha Pakarinen<br>juha.pakarinen@gnistan.fi<\/p>\n\n\n\n<p>Ilmoittautuminen l\u00f6ytyy t\u00e4\u00e4lt\u00e4:<\/p>\n\n\n\n<p><a href=\"https:\/\/ifgnistan.myclub.fi\/flow\/courses\/10501988\">https:\/\/ifgnistan.myclub.fi\/flow\/courses\/10501988<\/a><\/p>","protected":false},"excerpt":{"rendered":"<p>IF Gnistan k\u00e4ynnist\u00e4\u00e4 Oulunkyl\u00e4n alueella maksuttoman futistoiminnan 13\u201317-vuotiaille nuorille. Toiminta on matalan kynnyksen h\u00f6ntsyfutista, jossa p\u00e4\u00e4paino on pelaamisessa, liikkumisessa ja rennossa yhdess\u00e4olossa. Mukaan ovat tervetulleita kaikki nuoret taitotasosta tai aiemmasta harrastustaustasta riippumatta. Toiminta on suunnattu erityisesti nuorille: Toiminta k\u00e4ynnistyy lauantaina 18.4. ja jatkossa harjoitukset j\u00e4rjestet\u00e4\u00e4n lauantaisin p\u00e4\u00e4asiassa Oulunkyl\u00e4ss\u00e4 (Pikkupekka Areena) klo 16-17, ja tarvittaessa my\u00f6s [&hellip;]<\/p>\n","protected":false},"author":27,"featured_media":36703,"parent":0,"menu_order":0,"comment_status":"closed","ping_status":"closed","template":"","meta":{"_acf_changed":false,"footnotes":""},"class_list":["post-44911","page","type-page","status-publish","has-post-thumbnail","hentry"],"acf":[],"yoast_head":"<!-- This site is optimized with the Yoast SEO plugin v27.3 - https:\/\/yoast.com\/product\/yoast-seo-wordpress\/ -->\n<title>Nuorten harrasteryhm\u00e4 - IF Gnistan<\/title>\n<meta name=\"robots\" content=\"index, follow, max-snippet:-1, max-image-preview:large, max-video-preview:-1\" \/>\n<link rel=\"canonical\" href=\"https:\/\/gnistan.fi\/sv\/nuorten-harrasteryhma\/\" \/>\n<meta property=\"og:locale\" content=\"sv_SE\" \/>\n<meta property=\"og:type\" content=\"article\" \/>\n<meta property=\"og:title\" content=\"Nuorten harrasteryhm\u00e4 - IF Gnistan\" \/>\n<meta property=\"og:description\" content=\"IF Gnistan k\u00e4ynnist\u00e4\u00e4 Oulunkyl\u00e4n alueella maksuttoman futistoiminnan 13\u201317-vuotiaille nuorille. Toiminta on matalan kynnyksen h\u00f6ntsyfutista, jossa p\u00e4\u00e4paino on pelaamisessa, liikkumisessa ja rennossa yhdess\u00e4olossa. Mukaan ovat tervetulleita kaikki nuoret taitotasosta tai aiemmasta harrastustaustasta riippumatta. Toiminta on suunnattu erityisesti nuorille: Toiminta k\u00e4ynnistyy lauantaina 18.4. ja jatkossa harjoitukset j\u00e4rjestet\u00e4\u00e4n lauantaisin p\u00e4\u00e4asiassa Oulunkyl\u00e4ss\u00e4 (Pikkupekka Areena) klo 16-17, ja tarvittaessa my\u00f6s [&hellip;]\" \/>\n<meta property=\"og:url\" content=\"https:\/\/gnistan.fi\/sv\/nuorten-harrasteryhma\/\" \/>\n<meta property=\"og:site_name\" content=\"IF Gnistan\" \/>\n<meta property=\"article:publisher\" content=\"https:\/\/facebook.com\/ifgnistan\" \/>\n<meta property=\"article:modified_time\" content=\"2026-04-07T11:44:10+00:00\" \/>\n<meta property=\"og:image\" content=\"https:\/\/gnistan.fi\/wp-content\/uploads\/2024\/11\/gnistan-default-featured-2024-c.webp\" \/>\n\t<meta property=\"og:image:width\" content=\"1920\" \/>\n\t<meta property=\"og:image:height\" content=\"1080\" \/>\n\t<meta property=\"og:image:type\" content=\"image\/webp\" \/>\n<meta name=\"twitter:card\" content=\"summary_large_image\" \/>\n<meta name=\"twitter:site\" content=\"@ifgnistan1924\" \/>\n<meta name=\"twitter:label1\" content=\"Ber\u00e4knad l\u00e4stid\" \/>\n\t<meta name=\"twitter:data1\" content=\"1 minut\" \/>\n<script type=\"application\/ld+json\" class=\"yoast-schema-graph\">{\"@context\":\"https:\\\/\\\/schema.org\",\"@graph\":[{\"@type\":\"WebPage\",\"@id\":\"https:\\\/\\\/gnistan.fi\\\/nuorten-harrasteryhma\\\/\",\"url\":\"https:\\\/\\\/gnistan.fi\\\/nuorten-harrasteryhma\\\/\",\"name\":\"Nuorten harrasteryhm\u00e4 - IF Gnistan\",\"isPartOf\":{\"@id\":\"https:\\\/\\\/gnistan.fi\\\/#website\"},\"primaryImageOfPage\":{\"@id\":\"https:\\\/\\\/gnistan.fi\\\/nuorten-harrasteryhma\\\/#primaryimage\"},\"image\":{\"@id\":\"https:\\\/\\\/gnistan.fi\\\/nuorten-harrasteryhma\\\/#primaryimage\"},\"thumbnailUrl\":\"https:\\\/\\\/gnistan.fi\\\/wp-content\\\/uploads\\\/2024\\\/11\\\/gnistan-default-featured-2024-c.webp\",\"datePublished\":\"2026-04-07T11:40:23+00:00\",\"dateModified\":\"2026-04-07T11:44:10+00:00\",\"breadcrumb\":{\"@id\":\"https:\\\/\\\/gnistan.fi\\\/nuorten-harrasteryhma\\\/#breadcrumb\"},\"inLanguage\":\"sv-SE\",\"potentialAction\":[{\"@type\":\"ReadAction\",\"target\":[\"https:\\\/\\\/gnistan.fi\\\/nuorten-harrasteryhma\\\/\"]}]},{\"@type\":\"ImageObject\",\"inLanguage\":\"sv-SE\",\"@id\":\"https:\\\/\\\/gnistan.fi\\\/nuorten-harrasteryhma\\\/#primaryimage\",\"url\":\"https:\\\/\\\/gnistan.fi\\\/wp-content\\\/uploads\\\/2024\\\/11\\\/gnistan-default-featured-2024-c.webp\",\"contentUrl\":\"https:\\\/\\\/gnistan.fi\\\/wp-content\\\/uploads\\\/2024\\\/11\\\/gnistan-default-featured-2024-c.webp\",\"width\":1920,\"height\":1080},{\"@type\":\"BreadcrumbList\",\"@id\":\"https:\\\/\\\/gnistan.fi\\\/nuorten-harrasteryhma\\\/#breadcrumb\",\"itemListElement\":[{\"@type\":\"ListItem\",\"position\":1,\"name\":\"Etusivu\",\"item\":\"https:\\\/\\\/gnistan.fi\\\/\"},{\"@type\":\"ListItem\",\"position\":2,\"name\":\"Nuorten harrasteryhm\u00e4\"}]},{\"@type\":\"WebSite\",\"@id\":\"https:\\\/\\\/gnistan.fi\\\/#website\",\"url\":\"https:\\\/\\\/gnistan.fi\\\/\",\"name\":\"IF Gnistan\",\"description\":\"Viralliset sivut\",\"publisher\":{\"@id\":\"https:\\\/\\\/gnistan.fi\\\/#organization\"},\"potentialAction\":[{\"@type\":\"SearchAction\",\"target\":{\"@type\":\"EntryPoint\",\"urlTemplate\":\"https:\\\/\\\/gnistan.fi\\\/?s={search_term_string}\"},\"query-input\":{\"@type\":\"PropertyValueSpecification\",\"valueRequired\":true,\"valueName\":\"search_term_string\"}}],\"inLanguage\":\"sv-SE\"},{\"@type\":\"Organization\",\"@id\":\"https:\\\/\\\/gnistan.fi\\\/#organization\",\"name\":\"IF Gnistan\",\"url\":\"https:\\\/\\\/gnistan.fi\\\/\",\"logo\":{\"@type\":\"ImageObject\",\"inLanguage\":\"sv-SE\",\"@id\":\"https:\\\/\\\/gnistan.fi\\\/#\\\/schema\\\/logo\\\/image\\\/\",\"url\":\"https:\\\/\\\/gnistan.fi\\\/wp-content\\\/uploads\\\/2019\\\/10\\\/if-gnistan-vector-logo.svg\",\"contentUrl\":\"https:\\\/\\\/gnistan.fi\\\/wp-content\\\/uploads\\\/2019\\\/10\\\/if-gnistan-vector-logo.svg\",\"width\":269,\"height\":314,\"caption\":\"IF Gnistan\"},\"image\":{\"@id\":\"https:\\\/\\\/gnistan.fi\\\/#\\\/schema\\\/logo\\\/image\\\/\"},\"sameAs\":[\"https:\\\/\\\/facebook.com\\\/ifgnistan\",\"https:\\\/\\\/x.com\\\/ifgnistan1924\",\"https:\\\/\\\/instagram.com\\\/ifgnistan1924\",\"https:\\\/\\\/www.linkedin.com\\\/company\\\/ifgnistan\\\/\"]}]}<\/script>\n<!-- \/ Yoast SEO plugin. -->","yoast_head_json":{"title":"Nuorten harrasteryhm\u00e4 - IF Gnistan","robots":{"index":"index","follow":"follow","max-snippet":"max-snippet:-1","max-image-preview":"max-image-preview:large","max-video-preview":"max-video-preview:-1"},"canonical":"https:\/\/gnistan.fi\/sv\/nuorten-harrasteryhma\/","og_locale":"sv_SE","og_type":"article","og_title":"Nuorten harrasteryhm\u00e4 - IF Gnistan","og_description":"IF Gnistan k\u00e4ynnist\u00e4\u00e4 Oulunkyl\u00e4n alueella maksuttoman futistoiminnan 13\u201317-vuotiaille nuorille. Toiminta on matalan kynnyksen h\u00f6ntsyfutista, jossa p\u00e4\u00e4paino on pelaamisessa, liikkumisessa ja rennossa yhdess\u00e4olossa. Mukaan ovat tervetulleita kaikki nuoret taitotasosta tai aiemmasta harrastustaustasta riippumatta. Toiminta on suunnattu erityisesti nuorille: Toiminta k\u00e4ynnistyy lauantaina 18.4. ja jatkossa harjoitukset j\u00e4rjestet\u00e4\u00e4n lauantaisin p\u00e4\u00e4asiassa Oulunkyl\u00e4ss\u00e4 (Pikkupekka Areena) klo 16-17, ja tarvittaessa my\u00f6s [&hellip;]","og_url":"https:\/\/gnistan.fi\/sv\/nuorten-harrasteryhma\/","og_site_name":"IF Gnistan","article_publisher":"https:\/\/facebook.com\/ifgnistan","article_modified_time":"2026-04-07T11:44:10+00:00","og_image":[{"width":1920,"height":1080,"url":"https:\/\/gnistan.fi\/wp-content\/uploads\/2024\/11\/gnistan-default-featured-2024-c.webp","type":"image\/webp"}],"twitter_card":"summary_large_image","twitter_site":"@ifgnistan1924","twitter_misc":{"Ber\u00e4knad l\u00e4stid":"1 minut"},"schema":{"@context":"https:\/\/schema.org","@graph":[{"@type":"WebPage","@id":"https:\/\/gnistan.fi\/nuorten-harrasteryhma\/","url":"https:\/\/gnistan.fi\/nuorten-harrasteryhma\/","name":"Nuorten harrasteryhm\u00e4 - IF Gnistan","isPartOf":{"@id":"https:\/\/gnistan.fi\/#website"},"primaryImageOfPage":{"@id":"https:\/\/gnistan.fi\/nuorten-harrasteryhma\/#primaryimage"},"image":{"@id":"https:\/\/gnistan.fi\/nuorten-harrasteryhma\/#primaryimage"},"thumbnailUrl":"https:\/\/gnistan.fi\/wp-content\/uploads\/2024\/11\/gnistan-default-featured-2024-c.webp","datePublished":"2026-04-07T11:40:23+00:00","dateModified":"2026-04-07T11:44:10+00:00","breadcrumb":{"@id":"https:\/\/gnistan.fi\/nuorten-harrasteryhma\/#breadcrumb"},"inLanguage":"sv-SE","potentialAction":[{"@type":"ReadAction","target":["https:\/\/gnistan.fi\/nuorten-harrasteryhma\/"]}]},{"@type":"ImageObject","inLanguage":"sv-SE","@id":"https:\/\/gnistan.fi\/nuorten-harrasteryhma\/#primaryimage","url":"https:\/\/gnistan.fi\/wp-content\/uploads\/2024\/11\/gnistan-default-featured-2024-c.webp","contentUrl":"https:\/\/gnistan.fi\/wp-content\/uploads\/2024\/11\/gnistan-default-featured-2024-c.webp","width":1920,"height":1080},{"@type":"BreadcrumbList","@id":"https:\/\/gnistan.fi\/nuorten-harrasteryhma\/#breadcrumb","itemListElement":[{"@type":"ListItem","position":1,"name":"Etusivu","item":"https:\/\/gnistan.fi\/"},{"@type":"ListItem","position":2,"name":"Nuorten harrasteryhm\u00e4"}]},{"@type":"WebSite","@id":"https:\/\/gnistan.fi\/#website","url":"https:\/\/gnistan.fi\/","name":"IF Gnistan","description":"Viralliset sivut","publisher":{"@id":"https:\/\/gnistan.fi\/#organization"},"potentialAction":[{"@type":"SearchAction","target":{"@type":"EntryPoint","urlTemplate":"https:\/\/gnistan.fi\/?s={search_term_string}"},"query-input":{"@type":"PropertyValueSpecification","valueRequired":true,"valueName":"search_term_string"}}],"inLanguage":"sv-SE"},{"@type":"Organization","@id":"https:\/\/gnistan.fi\/#organization","name":"IF Gnistan","url":"https:\/\/gnistan.fi\/","logo":{"@type":"ImageObject","inLanguage":"sv-SE","@id":"https:\/\/gnistan.fi\/#\/schema\/logo\/image\/","url":"https:\/\/gnistan.fi\/wp-content\/uploads\/2019\/10\/if-gnistan-vector-logo.svg","contentUrl":"https:\/\/gnistan.fi\/wp-content\/uploads\/2019\/10\/if-gnistan-vector-logo.svg","width":269,"height":314,"caption":"IF Gnistan"},"image":{"@id":"https:\/\/gnistan.fi\/#\/schema\/logo\/image\/"},"sameAs":["https:\/\/facebook.com\/ifgnistan","https:\/\/x.com\/ifgnistan1924","https:\/\/instagram.com\/ifgnistan1924","https:\/\/www.linkedin.com\/company\/ifgnistan\/"]}]}},"jetpack_sharing_enabled":true,"_links":{"self":[{"href":"https:\/\/gnistan.fi\/sv\/wp-json\/wp\/v2\/pages\/44911","targetHints":{"allow":["GET"]}}],"collection":[{"href":"https:\/\/gnistan.fi\/sv\/wp-json\/wp\/v2\/pages"}],"about":[{"href":"https:\/\/gnistan.fi\/sv\/wp-json\/wp\/v2\/types\/page"}],"author":[{"embeddable":true,"href":"https:\/\/gnistan.fi\/sv\/wp-json\/wp\/v2\/users\/27"}],"replies":[{"embeddable":true,"href":"https:\/\/gnistan.fi\/sv\/wp-json\/wp\/v2\/comments?post=44911"}],"version-history":[{"count":5,"href":"https:\/\/gnistan.fi\/sv\/wp-json\/wp\/v2\/pages\/44911\/revisions"}],"predecessor-version":[{"id":44919,"href":"https:\/\/gnistan.fi\/sv\/wp-json\/wp\/v2\/pages\/44911\/revisions\/44919"}],"wp:featuredmedia":[{"embeddable":true,"href":"https:\/\/gnistan.fi\/sv\/wp-json\/wp\/v2\/media\/36703"}],"wp:attachment":[{"href":"https:\/\/gnistan.fi\/sv\/wp-json\/wp\/v2\/media?parent=44911"}],"curies":[{"name":"wp","href":"https:\/\/api.w.org\/{rel}","templated":true}]}}