{"id":43902,"date":"2026-02-12T14:58:18","date_gmt":"2026-02-12T12:58:18","guid":{"rendered":"https:\/\/gnistan.fi\/?page_id=43902"},"modified":"2026-02-12T14:58:19","modified_gmt":"2026-02-12T12:58:19","slug":"harjoittelijaksi-if-gnistaniin","status":"publish","type":"page","link":"https:\/\/gnistan.fi\/sv\/harjoittelijaksi-if-gnistaniin\/","title":{"rendered":"Harjoittelijaksi IF Gnistaniin"},"content":{"rendered":"<figure class=\"wp-block-image aligncenter size-large is-resized\"><img fetchpriority=\"high\" decoding=\"async\" width=\"1024\" height=\"683\" src=\"https:\/\/gnistan.fi\/wp-content\/uploads\/2025\/12\/ChatGPT-Image-19.-tammik.-2026-klo-11.10.47-1024x683.png\" alt=\"\" class=\"wp-image-43641\" style=\"width:591px;height:auto\" srcset=\"https:\/\/gnistan.fi\/wp-content\/uploads\/2025\/12\/ChatGPT-Image-19.-tammik.-2026-klo-11.10.47-1024x683.png 1024w, https:\/\/gnistan.fi\/wp-content\/uploads\/2025\/12\/ChatGPT-Image-19.-tammik.-2026-klo-11.10.47-300x200.png 300w, https:\/\/gnistan.fi\/wp-content\/uploads\/2025\/12\/ChatGPT-Image-19.-tammik.-2026-klo-11.10.47-768x512.png 768w, https:\/\/gnistan.fi\/wp-content\/uploads\/2025\/12\/ChatGPT-Image-19.-tammik.-2026-klo-11.10.47-18x12.png 18w, https:\/\/gnistan.fi\/wp-content\/uploads\/2025\/12\/ChatGPT-Image-19.-tammik.-2026-klo-11.10.47.png 1536w\" sizes=\"(max-width: 1024px) 100vw, 1024px\" \/><\/figure>\n\n\n\n<p><\/p>\n\n\n\n<p>IF Gnistan tarjoaa harjoittelumahdollisuuksia eri alojen opiskelijoille opintojen eri vaiheissa. Harjoittelijana p\u00e4\u00e4set osaksi helsinkil\u00e4isen jalkapalloseuran arkea ja mukaan monipuolisiin, ajankohtaisiin teht\u00e4viin ja projekteihin omien vahvuuksiesi ja kiinnostuksen kohteidesi mukaisesti.<\/p>\n\n\n\n<p>Seurayhteis\u00f6ss\u00e4mme on harjoittelupaikkoja muun muassa liikunnan, viestinn\u00e4n, myynnin, markkinoinnin, tapahtuma- ja kulttuurituotannon, fysioterapian sek\u00e4 valmennuksen parissa.<\/p>\n\n\n\n<p>Haluamme tukea ammatillista kasvuasi ja tarjota sinulle k\u00e4yt\u00e4nn\u00f6n kokemusta omalta alaltasi. Kannustamme oma-aloitteisuuteen ja arvostamme uusia n\u00e4k\u00f6kulmia ja ideoita. Toimintakulttuurimme on matalahierarkkinen ja yhteis\u00f6llinen \u2013 harjoittelijana olet aidosti osa tiimi\u00e4 ja tekemisell\u00e4si on merkityst\u00e4.<\/p>\n\n\n\n<p>Harjoittelujakson pituus on tyypillisesti 3\u201312 kuukautta, ja se on suunnattu opiskelijoille. Tietyiss\u00e4 teht\u00e4viss\u00e4 huomioimme my\u00f6s lyhyemm\u00e4t harjoittelujaksot, erityisesti liikunnan ja fysioterapian teht\u00e4viss\u00e4.<\/p>\n\n\n\n<p>Harjoittelu on palkaton, mutta saat seuralta yll\u00e4tyspaketin, joka voi sis\u00e4lt\u00e4\u00e4 esimerkiksi kausikortin IF Gnistanin kotiotteluihin.<\/p>\n\n\n\n<p>Harjoittelun p\u00e4\u00e4tteeksi saat todistuksen suoritetusta harjoittelusta. Onnistuneen harjoittelujakson j\u00e4lkeen toimimme mielell\u00e4mme my\u00f6s suosittelijanasi tulevaisuuden ty\u00f6nhakuja varten.<\/p>\n\n\n\n<p>Tarjoamme sinulle mahdollisuuden oppia, kehitty\u00e4 ja ty\u00f6skennell\u00e4 intohimoisten ihmisten kanssa ainutlaatuisessa ymp\u00e4rist\u00f6ss\u00e4. Harjoittelu IF Gnistanissa antaa n\u00e4k\u00f6alapaikan suomalaiseen huippujalkapalloon ja tukee opintojasi konkreettisella tavalla.<\/p>\n\n\n\n<p>Gnistanissa voit suorittaa my\u00f6s siviilipalveluksen. <\/p>\n\n\n\n<p>Hakemukset osoitteeseen<strong> info@gnistan.fi<\/strong><\/p>","protected":false},"excerpt":{"rendered":"<p>IF Gnistan tarjoaa harjoittelumahdollisuuksia eri alojen opiskelijoille opintojen eri vaiheissa. Harjoittelijana p\u00e4\u00e4set osaksi helsinkil\u00e4isen jalkapalloseuran arkea ja mukaan monipuolisiin, ajankohtaisiin teht\u00e4viin ja projekteihin omien vahvuuksiesi ja kiinnostuksen kohteidesi mukaisesti. Seurayhteis\u00f6ss\u00e4mme on harjoittelupaikkoja muun muassa liikunnan, viestinn\u00e4n, myynnin, markkinoinnin, tapahtuma- ja kulttuurituotannon, fysioterapian sek\u00e4 valmennuksen parissa. Haluamme tukea ammatillista kasvuasi ja tarjota sinulle k\u00e4yt\u00e4nn\u00f6n kokemusta omalta [&hellip;]<\/p>\n","protected":false},"author":27,"featured_media":36703,"parent":0,"menu_order":0,"comment_status":"closed","ping_status":"closed","template":"","meta":{"_acf_changed":false,"footnotes":""},"class_list":["post-43902","page","type-page","status-publish","has-post-thumbnail","hentry"],"acf":[],"yoast_head":"<!-- This site is optimized with the Yoast SEO plugin v27.3 - https:\/\/yoast.com\/product\/yoast-seo-wordpress\/ -->\n<title>Harjoittelijaksi IF Gnistaniin - IF Gnistan<\/title>\n<meta name=\"robots\" content=\"index, follow, max-snippet:-1, max-image-preview:large, max-video-preview:-1\" \/>\n<link rel=\"canonical\" href=\"https:\/\/gnistan.fi\/sv\/harjoittelijaksi-if-gnistaniin\/\" \/>\n<meta property=\"og:locale\" content=\"sv_SE\" \/>\n<meta property=\"og:type\" content=\"article\" \/>\n<meta property=\"og:title\" content=\"Harjoittelijaksi IF Gnistaniin - IF Gnistan\" \/>\n<meta property=\"og:description\" content=\"IF Gnistan tarjoaa harjoittelumahdollisuuksia eri alojen opiskelijoille opintojen eri vaiheissa. Harjoittelijana p\u00e4\u00e4set osaksi helsinkil\u00e4isen jalkapalloseuran arkea ja mukaan monipuolisiin, ajankohtaisiin teht\u00e4viin ja projekteihin omien vahvuuksiesi ja kiinnostuksen kohteidesi mukaisesti. Seurayhteis\u00f6ss\u00e4mme on harjoittelupaikkoja muun muassa liikunnan, viestinn\u00e4n, myynnin, markkinoinnin, tapahtuma- ja kulttuurituotannon, fysioterapian sek\u00e4 valmennuksen parissa. Haluamme tukea ammatillista kasvuasi ja tarjota sinulle k\u00e4yt\u00e4nn\u00f6n kokemusta omalta [&hellip;]\" \/>\n<meta property=\"og:url\" content=\"https:\/\/gnistan.fi\/sv\/harjoittelijaksi-if-gnistaniin\/\" \/>\n<meta property=\"og:site_name\" content=\"IF Gnistan\" \/>\n<meta property=\"article:publisher\" content=\"https:\/\/facebook.com\/ifgnistan\" \/>\n<meta property=\"article:modified_time\" content=\"2026-02-12T12:58:19+00:00\" \/>\n<meta property=\"og:image\" content=\"https:\/\/gnistan.fi\/wp-content\/uploads\/2025\/12\/ChatGPT-Image-19.-tammik.-2026-klo-11.10.47.png\" \/>\n\t<meta property=\"og:image:width\" content=\"1536\" \/>\n\t<meta property=\"og:image:height\" content=\"1024\" \/>\n\t<meta property=\"og:image:type\" content=\"image\/png\" \/>\n<meta name=\"twitter:card\" content=\"summary_large_image\" \/>\n<meta name=\"twitter:site\" content=\"@ifgnistan1924\" \/>\n<meta name=\"twitter:label1\" content=\"Ber\u00e4knad l\u00e4stid\" \/>\n\t<meta name=\"twitter:data1\" content=\"2 minuter\" \/>\n<script type=\"application\/ld+json\" class=\"yoast-schema-graph\">{\"@context\":\"https:\\\/\\\/schema.org\",\"@graph\":[{\"@type\":\"WebPage\",\"@id\":\"https:\\\/\\\/gnistan.fi\\\/harjoittelijaksi-if-gnistaniin\\\/\",\"url\":\"https:\\\/\\\/gnistan.fi\\\/harjoittelijaksi-if-gnistaniin\\\/\",\"name\":\"Harjoittelijaksi IF Gnistaniin - IF Gnistan\",\"isPartOf\":{\"@id\":\"https:\\\/\\\/gnistan.fi\\\/#website\"},\"primaryImageOfPage\":{\"@id\":\"https:\\\/\\\/gnistan.fi\\\/harjoittelijaksi-if-gnistaniin\\\/#primaryimage\"},\"image\":{\"@id\":\"https:\\\/\\\/gnistan.fi\\\/harjoittelijaksi-if-gnistaniin\\\/#primaryimage\"},\"thumbnailUrl\":\"https:\\\/\\\/gnistan.fi\\\/wp-content\\\/uploads\\\/2024\\\/11\\\/gnistan-default-featured-2024-c.webp\",\"datePublished\":\"2026-02-12T12:58:18+00:00\",\"dateModified\":\"2026-02-12T12:58:19+00:00\",\"breadcrumb\":{\"@id\":\"https:\\\/\\\/gnistan.fi\\\/harjoittelijaksi-if-gnistaniin\\\/#breadcrumb\"},\"inLanguage\":\"sv-SE\",\"potentialAction\":[{\"@type\":\"ReadAction\",\"target\":[\"https:\\\/\\\/gnistan.fi\\\/harjoittelijaksi-if-gnistaniin\\\/\"]}]},{\"@type\":\"ImageObject\",\"inLanguage\":\"sv-SE\",\"@id\":\"https:\\\/\\\/gnistan.fi\\\/harjoittelijaksi-if-gnistaniin\\\/#primaryimage\",\"url\":\"https:\\\/\\\/gnistan.fi\\\/wp-content\\\/uploads\\\/2024\\\/11\\\/gnistan-default-featured-2024-c.webp\",\"contentUrl\":\"https:\\\/\\\/gnistan.fi\\\/wp-content\\\/uploads\\\/2024\\\/11\\\/gnistan-default-featured-2024-c.webp\",\"width\":1920,\"height\":1080},{\"@type\":\"BreadcrumbList\",\"@id\":\"https:\\\/\\\/gnistan.fi\\\/harjoittelijaksi-if-gnistaniin\\\/#breadcrumb\",\"itemListElement\":[{\"@type\":\"ListItem\",\"position\":1,\"name\":\"Etusivu\",\"item\":\"https:\\\/\\\/gnistan.fi\\\/\"},{\"@type\":\"ListItem\",\"position\":2,\"name\":\"Harjoittelijaksi IF Gnistaniin\"}]},{\"@type\":\"WebSite\",\"@id\":\"https:\\\/\\\/gnistan.fi\\\/#website\",\"url\":\"https:\\\/\\\/gnistan.fi\\\/\",\"name\":\"IF Gnistan\",\"description\":\"Viralliset sivut\",\"publisher\":{\"@id\":\"https:\\\/\\\/gnistan.fi\\\/#organization\"},\"potentialAction\":[{\"@type\":\"SearchAction\",\"target\":{\"@type\":\"EntryPoint\",\"urlTemplate\":\"https:\\\/\\\/gnistan.fi\\\/?s={search_term_string}\"},\"query-input\":{\"@type\":\"PropertyValueSpecification\",\"valueRequired\":true,\"valueName\":\"search_term_string\"}}],\"inLanguage\":\"sv-SE\"},{\"@type\":\"Organization\",\"@id\":\"https:\\\/\\\/gnistan.fi\\\/#organization\",\"name\":\"IF Gnistan\",\"url\":\"https:\\\/\\\/gnistan.fi\\\/\",\"logo\":{\"@type\":\"ImageObject\",\"inLanguage\":\"sv-SE\",\"@id\":\"https:\\\/\\\/gnistan.fi\\\/#\\\/schema\\\/logo\\\/image\\\/\",\"url\":\"https:\\\/\\\/gnistan.fi\\\/wp-content\\\/uploads\\\/2019\\\/10\\\/if-gnistan-vector-logo.svg\",\"contentUrl\":\"https:\\\/\\\/gnistan.fi\\\/wp-content\\\/uploads\\\/2019\\\/10\\\/if-gnistan-vector-logo.svg\",\"width\":269,\"height\":314,\"caption\":\"IF Gnistan\"},\"image\":{\"@id\":\"https:\\\/\\\/gnistan.fi\\\/#\\\/schema\\\/logo\\\/image\\\/\"},\"sameAs\":[\"https:\\\/\\\/facebook.com\\\/ifgnistan\",\"https:\\\/\\\/x.com\\\/ifgnistan1924\",\"https:\\\/\\\/instagram.com\\\/ifgnistan1924\",\"https:\\\/\\\/www.linkedin.com\\\/company\\\/ifgnistan\\\/\"]}]}<\/script>\n<!-- \/ Yoast SEO plugin. -->","yoast_head_json":{"title":"Harjoittelijaksi IF Gnistaniin - IF Gnistan","robots":{"index":"index","follow":"follow","max-snippet":"max-snippet:-1","max-image-preview":"max-image-preview:large","max-video-preview":"max-video-preview:-1"},"canonical":"https:\/\/gnistan.fi\/sv\/harjoittelijaksi-if-gnistaniin\/","og_locale":"sv_SE","og_type":"article","og_title":"Harjoittelijaksi IF Gnistaniin - IF Gnistan","og_description":"IF Gnistan tarjoaa harjoittelumahdollisuuksia eri alojen opiskelijoille opintojen eri vaiheissa. Harjoittelijana p\u00e4\u00e4set osaksi helsinkil\u00e4isen jalkapalloseuran arkea ja mukaan monipuolisiin, ajankohtaisiin teht\u00e4viin ja projekteihin omien vahvuuksiesi ja kiinnostuksen kohteidesi mukaisesti. Seurayhteis\u00f6ss\u00e4mme on harjoittelupaikkoja muun muassa liikunnan, viestinn\u00e4n, myynnin, markkinoinnin, tapahtuma- ja kulttuurituotannon, fysioterapian sek\u00e4 valmennuksen parissa. Haluamme tukea ammatillista kasvuasi ja tarjota sinulle k\u00e4yt\u00e4nn\u00f6n kokemusta omalta [&hellip;]","og_url":"https:\/\/gnistan.fi\/sv\/harjoittelijaksi-if-gnistaniin\/","og_site_name":"IF Gnistan","article_publisher":"https:\/\/facebook.com\/ifgnistan","article_modified_time":"2026-02-12T12:58:19+00:00","og_image":[{"width":1536,"height":1024,"url":"https:\/\/gnistan.fi\/wp-content\/uploads\/2025\/12\/ChatGPT-Image-19.-tammik.-2026-klo-11.10.47.png","type":"image\/png"}],"twitter_card":"summary_large_image","twitter_site":"@ifgnistan1924","twitter_misc":{"Ber\u00e4knad l\u00e4stid":"2 minuter"},"schema":{"@context":"https:\/\/schema.org","@graph":[{"@type":"WebPage","@id":"https:\/\/gnistan.fi\/harjoittelijaksi-if-gnistaniin\/","url":"https:\/\/gnistan.fi\/harjoittelijaksi-if-gnistaniin\/","name":"Harjoittelijaksi IF Gnistaniin - IF Gnistan","isPartOf":{"@id":"https:\/\/gnistan.fi\/#website"},"primaryImageOfPage":{"@id":"https:\/\/gnistan.fi\/harjoittelijaksi-if-gnistaniin\/#primaryimage"},"image":{"@id":"https:\/\/gnistan.fi\/harjoittelijaksi-if-gnistaniin\/#primaryimage"},"thumbnailUrl":"https:\/\/gnistan.fi\/wp-content\/uploads\/2024\/11\/gnistan-default-featured-2024-c.webp","datePublished":"2026-02-12T12:58:18+00:00","dateModified":"2026-02-12T12:58:19+00:00","breadcrumb":{"@id":"https:\/\/gnistan.fi\/harjoittelijaksi-if-gnistaniin\/#breadcrumb"},"inLanguage":"sv-SE","potentialAction":[{"@type":"ReadAction","target":["https:\/\/gnistan.fi\/harjoittelijaksi-if-gnistaniin\/"]}]},{"@type":"ImageObject","inLanguage":"sv-SE","@id":"https:\/\/gnistan.fi\/harjoittelijaksi-if-gnistaniin\/#primaryimage","url":"https:\/\/gnistan.fi\/wp-content\/uploads\/2024\/11\/gnistan-default-featured-2024-c.webp","contentUrl":"https:\/\/gnistan.fi\/wp-content\/uploads\/2024\/11\/gnistan-default-featured-2024-c.webp","width":1920,"height":1080},{"@type":"BreadcrumbList","@id":"https:\/\/gnistan.fi\/harjoittelijaksi-if-gnistaniin\/#breadcrumb","itemListElement":[{"@type":"ListItem","position":1,"name":"Etusivu","item":"https:\/\/gnistan.fi\/"},{"@type":"ListItem","position":2,"name":"Harjoittelijaksi IF Gnistaniin"}]},{"@type":"WebSite","@id":"https:\/\/gnistan.fi\/#website","url":"https:\/\/gnistan.fi\/","name":"IF Gnistan","description":"Viralliset sivut","publisher":{"@id":"https:\/\/gnistan.fi\/#organization"},"potentialAction":[{"@type":"SearchAction","target":{"@type":"EntryPoint","urlTemplate":"https:\/\/gnistan.fi\/?s={search_term_string}"},"query-input":{"@type":"PropertyValueSpecification","valueRequired":true,"valueName":"search_term_string"}}],"inLanguage":"sv-SE"},{"@type":"Organization","@id":"https:\/\/gnistan.fi\/#organization","name":"IF Gnistan","url":"https:\/\/gnistan.fi\/","logo":{"@type":"ImageObject","inLanguage":"sv-SE","@id":"https:\/\/gnistan.fi\/#\/schema\/logo\/image\/","url":"https:\/\/gnistan.fi\/wp-content\/uploads\/2019\/10\/if-gnistan-vector-logo.svg","contentUrl":"https:\/\/gnistan.fi\/wp-content\/uploads\/2019\/10\/if-gnistan-vector-logo.svg","width":269,"height":314,"caption":"IF Gnistan"},"image":{"@id":"https:\/\/gnistan.fi\/#\/schema\/logo\/image\/"},"sameAs":["https:\/\/facebook.com\/ifgnistan","https:\/\/x.com\/ifgnistan1924","https:\/\/instagram.com\/ifgnistan1924","https:\/\/www.linkedin.com\/company\/ifgnistan\/"]}]}},"jetpack_sharing_enabled":true,"_links":{"self":[{"href":"https:\/\/gnistan.fi\/sv\/wp-json\/wp\/v2\/pages\/43902","targetHints":{"allow":["GET"]}}],"collection":[{"href":"https:\/\/gnistan.fi\/sv\/wp-json\/wp\/v2\/pages"}],"about":[{"href":"https:\/\/gnistan.fi\/sv\/wp-json\/wp\/v2\/types\/page"}],"author":[{"embeddable":true,"href":"https:\/\/gnistan.fi\/sv\/wp-json\/wp\/v2\/users\/27"}],"replies":[{"embeddable":true,"href":"https:\/\/gnistan.fi\/sv\/wp-json\/wp\/v2\/comments?post=43902"}],"version-history":[{"count":5,"href":"https:\/\/gnistan.fi\/sv\/wp-json\/wp\/v2\/pages\/43902\/revisions"}],"predecessor-version":[{"id":44162,"href":"https:\/\/gnistan.fi\/sv\/wp-json\/wp\/v2\/pages\/43902\/revisions\/44162"}],"wp:featuredmedia":[{"embeddable":true,"href":"https:\/\/gnistan.fi\/sv\/wp-json\/wp\/v2\/media\/36703"}],"wp:attachment":[{"href":"https:\/\/gnistan.fi\/sv\/wp-json\/wp\/v2\/media?parent=43902"}],"curies":[{"name":"wp","href":"https:\/\/api.w.org\/{rel}","templated":true}]}}