{"id":41320,"date":"2025-08-26T13:45:27","date_gmt":"2025-08-26T10:45:27","guid":{"rendered":"https:\/\/gnistan.fi\/?page_id=41320"},"modified":"2026-03-24T13:42:56","modified_gmt":"2026-03-24T11:42:56","slug":"futishontsyt","status":"publish","type":"page","link":"https:\/\/gnistan.fi\/sv\/futishontsyt\/","title":{"rendered":"Alakoulun Futish\u00f6ntsyt"},"content":{"rendered":"\n<h3 class=\"wp-block-heading\">Toiminta jatkuu huhtikuussa 2026!<\/h3>\n\n\n\n<p>IF Gnistan tarjoaa ilmaisen matalan kynnyksen jalkapallokerhon 3.-6.-luokan oppilaille, jonka toiminta soveltuu sek\u00e4 tyt\u00f6ille, ett\u00e4 pojille. Harjoitukset pidet\u00e4\u00e4n kerran viikossa perjantaisin Pikkupekka areenalla klo&nbsp;<a href=\"tel:+35813301530\" target=\"_blank\" rel=\"noreferrer noopener\">13.30 &#8211; 15.30<\/a>&nbsp;v\u00e4lisen\u00e4 aikana. <\/p>\n\n\n\n<ul class=\"wp-block-list\">\n<li>3.-4. -luokkalaiset klo 13.30-14.25<\/li>\n\n\n\n<li>5.-6. -luokkalaiset klo 14.30-15.25<\/li>\n<\/ul>\n\n\n\n<p><\/p>\n\n\n\n<p>Toimintaa j\u00e4rjestet\u00e4\u00e4n noin 8-10 viikon ajan syyslukukaudella syys-lokakuussa ja kev\u00e4tlukukaudella huhti-toukokuussa. Koulujen loma-aikoina ei ole tapahtumia.<\/p>\n\n\n\n<p>Toiminta on suunnattu nimenomaan sellaisille oppilaille, jotka eiv\u00e4t viel\u00e4 ole joukkuetoiminnassa syyst\u00e4 tai toisesta mukana, mutta my\u00f6s jo jalkapalloa harrastavat ovat tervetulleita mukaan. Aikaisempaa lajikokemusta ei tarvitse! Voit matalalla kynnyksell\u00e4 tulla kokeilemaan lajia. Mahdollisuuksien mukaan voimme jakaa osallistujia tasoryhmiin.  Mukaan tarvitset vain juomapullon jalkapallokeng\u00e4t. Alkuvaiheessa p\u00e4rj\u00e4\u00e4t my\u00f6s lenkkareilla tai vastaavilla. <\/p>\n\n\n\n<p>Valmennuksesta vastaavat IF Gnistanin ammattitaitoiset valmentajat ja ohjaajat.<\/p>\n\n\n\n<h3 class=\"wp-block-heading\">Ilmoittaudu <\/h3>\n\n\n\n<!-- myClub embed JS - start -->\n<div class=\"myclub-embed\" data-url=\"https:\/\/ifgnistan.myclub.fi\/groups\/90127\/course_embeds\/39199?token=f6826b6dfcfa17c9d54e32c008d4e9bc865db7cc\"><\/div>\n<script>(function(d, s, id) { var js, mjs = d.getElementsByTagName(s)[0]; if (d.getElementById(id)) return; js = d.createElement(s); js.id = id; js.async = true; js.src = \"https:\/\/d2ubdm6yoox6gh.cloudfront.net\/assets\/myclub-embed.js\"; mjs.parentNode.insertBefore(js, mjs); }(document, 'script', 'myclub-embed-js'));<\/script>\n<!-- myClub embed JS - end -->\n\n\n\n<pre class=\"wp-block-code\"><code>\n<\/code><\/pre>\n\n\n\n<p>Lis\u00e4tiedot: juha.pakarinen@gnistan.fi<\/p>\n\n\n\n<p><\/p>\n","protected":false},"excerpt":{"rendered":"<p>Toiminta jatkuu huhtikuussa 2026! IF Gnistan tarjoaa ilmaisen matalan kynnyksen jalkapallokerhon 3.-6.-luokan oppilaille, jonka toiminta soveltuu sek\u00e4 tyt\u00f6ille, ett\u00e4 pojille. Harjoitukset pidet\u00e4\u00e4n kerran viikossa perjantaisin Pikkupekka areenalla klo&nbsp;13.30 &#8211; 15.30&nbsp;v\u00e4lisen\u00e4 aikana. Toimintaa j\u00e4rjestet\u00e4\u00e4n noin 8-10 viikon ajan syyslukukaudella syys-lokakuussa ja kev\u00e4tlukukaudella huhti-toukokuussa. Koulujen loma-aikoina ei ole tapahtumia. Toiminta on suunnattu nimenomaan sellaisille oppilaille, jotka eiv\u00e4t [&hellip;]<\/p>\n","protected":false},"author":27,"featured_media":36703,"parent":0,"menu_order":0,"comment_status":"closed","ping_status":"closed","template":"","meta":{"_acf_changed":false,"footnotes":""},"class_list":["post-41320","page","type-page","status-publish","has-post-thumbnail","hentry"],"acf":[],"yoast_head":"<!-- This site is optimized with the Yoast SEO plugin v27.3 - https:\/\/yoast.com\/product\/yoast-seo-wordpress\/ -->\n<title>Alakoulun Futish\u00f6ntsyt - IF Gnistan<\/title>\n<meta name=\"robots\" content=\"index, follow, max-snippet:-1, max-image-preview:large, max-video-preview:-1\" \/>\n<link rel=\"canonical\" href=\"https:\/\/gnistan.fi\/sv\/futishontsyt\/\" \/>\n<meta property=\"og:locale\" content=\"sv_SE\" \/>\n<meta property=\"og:type\" content=\"article\" \/>\n<meta property=\"og:title\" content=\"Alakoulun Futish\u00f6ntsyt - IF Gnistan\" \/>\n<meta property=\"og:description\" content=\"Toiminta jatkuu huhtikuussa 2026! IF Gnistan tarjoaa ilmaisen matalan kynnyksen jalkapallokerhon 3.-6.-luokan oppilaille, jonka toiminta soveltuu sek\u00e4 tyt\u00f6ille, ett\u00e4 pojille. Harjoitukset pidet\u00e4\u00e4n kerran viikossa perjantaisin Pikkupekka areenalla klo&nbsp;13.30 &#8211; 15.30&nbsp;v\u00e4lisen\u00e4 aikana. Toimintaa j\u00e4rjestet\u00e4\u00e4n noin 8-10 viikon ajan syyslukukaudella syys-lokakuussa ja kev\u00e4tlukukaudella huhti-toukokuussa. Koulujen loma-aikoina ei ole tapahtumia. Toiminta on suunnattu nimenomaan sellaisille oppilaille, jotka eiv\u00e4t [&hellip;]\" \/>\n<meta property=\"og:url\" content=\"https:\/\/gnistan.fi\/sv\/futishontsyt\/\" \/>\n<meta property=\"og:site_name\" content=\"IF Gnistan\" \/>\n<meta property=\"article:publisher\" content=\"https:\/\/facebook.com\/ifgnistan\" \/>\n<meta property=\"article:modified_time\" content=\"2026-03-24T11:42:56+00:00\" \/>\n<meta property=\"og:image\" content=\"https:\/\/gnistan.fi\/wp-content\/uploads\/2024\/11\/gnistan-default-featured-2024-c.webp\" \/>\n\t<meta property=\"og:image:width\" content=\"1920\" \/>\n\t<meta property=\"og:image:height\" content=\"1080\" \/>\n\t<meta property=\"og:image:type\" content=\"image\/webp\" \/>\n<meta name=\"twitter:card\" content=\"summary_large_image\" \/>\n<meta name=\"twitter:site\" content=\"@ifgnistan1924\" \/>\n<meta name=\"twitter:label1\" content=\"Ber\u00e4knad l\u00e4stid\" \/>\n\t<meta name=\"twitter:data1\" content=\"1 minut\" \/>\n<script type=\"application\/ld+json\" class=\"yoast-schema-graph\">{\"@context\":\"https:\\\/\\\/schema.org\",\"@graph\":[{\"@type\":\"WebPage\",\"@id\":\"https:\\\/\\\/gnistan.fi\\\/futishontsyt\\\/\",\"url\":\"https:\\\/\\\/gnistan.fi\\\/futishontsyt\\\/\",\"name\":\"Alakoulun Futish\u00f6ntsyt - IF Gnistan\",\"isPartOf\":{\"@id\":\"https:\\\/\\\/gnistan.fi\\\/#website\"},\"primaryImageOfPage\":{\"@id\":\"https:\\\/\\\/gnistan.fi\\\/futishontsyt\\\/#primaryimage\"},\"image\":{\"@id\":\"https:\\\/\\\/gnistan.fi\\\/futishontsyt\\\/#primaryimage\"},\"thumbnailUrl\":\"https:\\\/\\\/gnistan.fi\\\/wp-content\\\/uploads\\\/2024\\\/11\\\/gnistan-default-featured-2024-c.webp\",\"datePublished\":\"2025-08-26T10:45:27+00:00\",\"dateModified\":\"2026-03-24T11:42:56+00:00\",\"breadcrumb\":{\"@id\":\"https:\\\/\\\/gnistan.fi\\\/futishontsyt\\\/#breadcrumb\"},\"inLanguage\":\"sv-SE\",\"potentialAction\":[{\"@type\":\"ReadAction\",\"target\":[\"https:\\\/\\\/gnistan.fi\\\/futishontsyt\\\/\"]}]},{\"@type\":\"ImageObject\",\"inLanguage\":\"sv-SE\",\"@id\":\"https:\\\/\\\/gnistan.fi\\\/futishontsyt\\\/#primaryimage\",\"url\":\"https:\\\/\\\/gnistan.fi\\\/wp-content\\\/uploads\\\/2024\\\/11\\\/gnistan-default-featured-2024-c.webp\",\"contentUrl\":\"https:\\\/\\\/gnistan.fi\\\/wp-content\\\/uploads\\\/2024\\\/11\\\/gnistan-default-featured-2024-c.webp\",\"width\":1920,\"height\":1080},{\"@type\":\"BreadcrumbList\",\"@id\":\"https:\\\/\\\/gnistan.fi\\\/futishontsyt\\\/#breadcrumb\",\"itemListElement\":[{\"@type\":\"ListItem\",\"position\":1,\"name\":\"Etusivu\",\"item\":\"https:\\\/\\\/gnistan.fi\\\/\"},{\"@type\":\"ListItem\",\"position\":2,\"name\":\"Alakoulun Futish\u00f6ntsyt\"}]},{\"@type\":\"WebSite\",\"@id\":\"https:\\\/\\\/gnistan.fi\\\/#website\",\"url\":\"https:\\\/\\\/gnistan.fi\\\/\",\"name\":\"IF Gnistan\",\"description\":\"Viralliset sivut\",\"publisher\":{\"@id\":\"https:\\\/\\\/gnistan.fi\\\/#organization\"},\"potentialAction\":[{\"@type\":\"SearchAction\",\"target\":{\"@type\":\"EntryPoint\",\"urlTemplate\":\"https:\\\/\\\/gnistan.fi\\\/?s={search_term_string}\"},\"query-input\":{\"@type\":\"PropertyValueSpecification\",\"valueRequired\":true,\"valueName\":\"search_term_string\"}}],\"inLanguage\":\"sv-SE\"},{\"@type\":\"Organization\",\"@id\":\"https:\\\/\\\/gnistan.fi\\\/#organization\",\"name\":\"IF Gnistan\",\"url\":\"https:\\\/\\\/gnistan.fi\\\/\",\"logo\":{\"@type\":\"ImageObject\",\"inLanguage\":\"sv-SE\",\"@id\":\"https:\\\/\\\/gnistan.fi\\\/#\\\/schema\\\/logo\\\/image\\\/\",\"url\":\"https:\\\/\\\/gnistan.fi\\\/wp-content\\\/uploads\\\/2019\\\/10\\\/if-gnistan-vector-logo.svg\",\"contentUrl\":\"https:\\\/\\\/gnistan.fi\\\/wp-content\\\/uploads\\\/2019\\\/10\\\/if-gnistan-vector-logo.svg\",\"width\":269,\"height\":314,\"caption\":\"IF Gnistan\"},\"image\":{\"@id\":\"https:\\\/\\\/gnistan.fi\\\/#\\\/schema\\\/logo\\\/image\\\/\"},\"sameAs\":[\"https:\\\/\\\/facebook.com\\\/ifgnistan\",\"https:\\\/\\\/x.com\\\/ifgnistan1924\",\"https:\\\/\\\/instagram.com\\\/ifgnistan1924\",\"https:\\\/\\\/www.linkedin.com\\\/company\\\/ifgnistan\\\/\"]}]}<\/script>\n<!-- \/ Yoast SEO plugin. -->","yoast_head_json":{"title":"Alakoulun Futish\u00f6ntsyt - IF Gnistan","robots":{"index":"index","follow":"follow","max-snippet":"max-snippet:-1","max-image-preview":"max-image-preview:large","max-video-preview":"max-video-preview:-1"},"canonical":"https:\/\/gnistan.fi\/sv\/futishontsyt\/","og_locale":"sv_SE","og_type":"article","og_title":"Alakoulun Futish\u00f6ntsyt - IF Gnistan","og_description":"Toiminta jatkuu huhtikuussa 2026! IF Gnistan tarjoaa ilmaisen matalan kynnyksen jalkapallokerhon 3.-6.-luokan oppilaille, jonka toiminta soveltuu sek\u00e4 tyt\u00f6ille, ett\u00e4 pojille. Harjoitukset pidet\u00e4\u00e4n kerran viikossa perjantaisin Pikkupekka areenalla klo&nbsp;13.30 &#8211; 15.30&nbsp;v\u00e4lisen\u00e4 aikana. Toimintaa j\u00e4rjestet\u00e4\u00e4n noin 8-10 viikon ajan syyslukukaudella syys-lokakuussa ja kev\u00e4tlukukaudella huhti-toukokuussa. Koulujen loma-aikoina ei ole tapahtumia. Toiminta on suunnattu nimenomaan sellaisille oppilaille, jotka eiv\u00e4t [&hellip;]","og_url":"https:\/\/gnistan.fi\/sv\/futishontsyt\/","og_site_name":"IF Gnistan","article_publisher":"https:\/\/facebook.com\/ifgnistan","article_modified_time":"2026-03-24T11:42:56+00:00","og_image":[{"width":1920,"height":1080,"url":"https:\/\/gnistan.fi\/wp-content\/uploads\/2024\/11\/gnistan-default-featured-2024-c.webp","type":"image\/webp"}],"twitter_card":"summary_large_image","twitter_site":"@ifgnistan1924","twitter_misc":{"Ber\u00e4knad l\u00e4stid":"1 minut"},"schema":{"@context":"https:\/\/schema.org","@graph":[{"@type":"WebPage","@id":"https:\/\/gnistan.fi\/futishontsyt\/","url":"https:\/\/gnistan.fi\/futishontsyt\/","name":"Alakoulun Futish\u00f6ntsyt - IF Gnistan","isPartOf":{"@id":"https:\/\/gnistan.fi\/#website"},"primaryImageOfPage":{"@id":"https:\/\/gnistan.fi\/futishontsyt\/#primaryimage"},"image":{"@id":"https:\/\/gnistan.fi\/futishontsyt\/#primaryimage"},"thumbnailUrl":"https:\/\/gnistan.fi\/wp-content\/uploads\/2024\/11\/gnistan-default-featured-2024-c.webp","datePublished":"2025-08-26T10:45:27+00:00","dateModified":"2026-03-24T11:42:56+00:00","breadcrumb":{"@id":"https:\/\/gnistan.fi\/futishontsyt\/#breadcrumb"},"inLanguage":"sv-SE","potentialAction":[{"@type":"ReadAction","target":["https:\/\/gnistan.fi\/futishontsyt\/"]}]},{"@type":"ImageObject","inLanguage":"sv-SE","@id":"https:\/\/gnistan.fi\/futishontsyt\/#primaryimage","url":"https:\/\/gnistan.fi\/wp-content\/uploads\/2024\/11\/gnistan-default-featured-2024-c.webp","contentUrl":"https:\/\/gnistan.fi\/wp-content\/uploads\/2024\/11\/gnistan-default-featured-2024-c.webp","width":1920,"height":1080},{"@type":"BreadcrumbList","@id":"https:\/\/gnistan.fi\/futishontsyt\/#breadcrumb","itemListElement":[{"@type":"ListItem","position":1,"name":"Etusivu","item":"https:\/\/gnistan.fi\/"},{"@type":"ListItem","position":2,"name":"Alakoulun Futish\u00f6ntsyt"}]},{"@type":"WebSite","@id":"https:\/\/gnistan.fi\/#website","url":"https:\/\/gnistan.fi\/","name":"IF Gnistan","description":"Viralliset sivut","publisher":{"@id":"https:\/\/gnistan.fi\/#organization"},"potentialAction":[{"@type":"SearchAction","target":{"@type":"EntryPoint","urlTemplate":"https:\/\/gnistan.fi\/?s={search_term_string}"},"query-input":{"@type":"PropertyValueSpecification","valueRequired":true,"valueName":"search_term_string"}}],"inLanguage":"sv-SE"},{"@type":"Organization","@id":"https:\/\/gnistan.fi\/#organization","name":"IF Gnistan","url":"https:\/\/gnistan.fi\/","logo":{"@type":"ImageObject","inLanguage":"sv-SE","@id":"https:\/\/gnistan.fi\/#\/schema\/logo\/image\/","url":"https:\/\/gnistan.fi\/wp-content\/uploads\/2019\/10\/if-gnistan-vector-logo.svg","contentUrl":"https:\/\/gnistan.fi\/wp-content\/uploads\/2019\/10\/if-gnistan-vector-logo.svg","width":269,"height":314,"caption":"IF Gnistan"},"image":{"@id":"https:\/\/gnistan.fi\/#\/schema\/logo\/image\/"},"sameAs":["https:\/\/facebook.com\/ifgnistan","https:\/\/x.com\/ifgnistan1924","https:\/\/instagram.com\/ifgnistan1924","https:\/\/www.linkedin.com\/company\/ifgnistan\/"]}]}},"jetpack_sharing_enabled":true,"_links":{"self":[{"href":"https:\/\/gnistan.fi\/sv\/wp-json\/wp\/v2\/pages\/41320","targetHints":{"allow":["GET"]}}],"collection":[{"href":"https:\/\/gnistan.fi\/sv\/wp-json\/wp\/v2\/pages"}],"about":[{"href":"https:\/\/gnistan.fi\/sv\/wp-json\/wp\/v2\/types\/page"}],"author":[{"embeddable":true,"href":"https:\/\/gnistan.fi\/sv\/wp-json\/wp\/v2\/users\/27"}],"replies":[{"embeddable":true,"href":"https:\/\/gnistan.fi\/sv\/wp-json\/wp\/v2\/comments?post=41320"}],"version-history":[{"count":8,"href":"https:\/\/gnistan.fi\/sv\/wp-json\/wp\/v2\/pages\/41320\/revisions"}],"predecessor-version":[{"id":44560,"href":"https:\/\/gnistan.fi\/sv\/wp-json\/wp\/v2\/pages\/41320\/revisions\/44560"}],"wp:featuredmedia":[{"embeddable":true,"href":"https:\/\/gnistan.fi\/sv\/wp-json\/wp\/v2\/media\/36703"}],"wp:attachment":[{"href":"https:\/\/gnistan.fi\/sv\/wp-json\/wp\/v2\/media?parent=41320"}],"curies":[{"name":"wp","href":"https:\/\/api.w.org\/{rel}","templated":true}]}}