{"id":39699,"date":"2025-04-29T16:35:48","date_gmt":"2025-04-29T13:35:48","guid":{"rendered":"https:\/\/gnistan.fi\/?page_id=39699"},"modified":"2025-09-02T16:18:50","modified_gmt":"2025-09-02T13:18:50","slug":"nutafutis","status":"publish","type":"page","link":"https:\/\/gnistan.fi\/sv\/nutafutis\/","title":{"rendered":"NUTAFUTIS"},"content":{"rendered":"<h4 class=\"wp-block-heading has-text-align-center\">IF Gnistan ja Oulunkyl\u00e4n nuorisotiimi jatkaa yhteisty\u00f6t\u00e4<\/h4>\n\n\n\n<p>Starttaamme j\u00e4lleen syksyll\u00e4 tutuksi tulleen Nutafutiksen Pikkupekka areenalla perjantai iltaisin! Kaikki alueen nuoret ovat tervetulleita pelailemaan rennosti ja viihtym\u00e4\u00e4n yhdess\u00e4! Paikalla on aina aikuisia j\u00e4rjest\u00e4vilt\u00e4 tahoilta.<\/p>\n\n\n\n<ul class=\"wp-block-list\">\n<li>Perjantaisin 29.8-26.9.2025 klo 21<\/li>\n\n\n\n<li>Pikkupekka Areena, K\u00e4skynhaltijantie 11<\/li>\n\n\n\n<li>Mukaan rennot vaatteet ja vesipullo<\/li>\n<\/ul>\n\n\n\n<p><\/p>\n\n\n\n<p>Toiminta on maksutonta eik\u00e4 vaadi aikaisempaa futis osaamista. Osallistujien tulee osoittaa kunnioitusta sek\u00e4 kanssaihmisille ett\u00e4 k\u00e4yt\u00f6ss\u00e4 oleville tiloille.<\/p>\n\n\n\n<h4 class=\"wp-block-heading has-text-align-center\">TERVETULOA MUKAAN!<\/h4>\n\n\n\n<figure class=\"wp-block-image aligncenter size-large is-resized\"><img fetchpriority=\"high\" decoding=\"async\" width=\"1024\" height=\"512\" src=\"https:\/\/gnistan.fi\/wp-content\/uploads\/2025\/04\/kombo-1024x512.png\" alt=\"\" class=\"wp-image-39709\" style=\"width:538px;height:auto\" srcset=\"https:\/\/gnistan.fi\/wp-content\/uploads\/2025\/04\/kombo-1024x512.png 1024w, https:\/\/gnistan.fi\/wp-content\/uploads\/2025\/04\/kombo-300x150.png 300w, https:\/\/gnistan.fi\/wp-content\/uploads\/2025\/04\/kombo-768x384.png 768w, https:\/\/gnistan.fi\/wp-content\/uploads\/2025\/04\/kombo-1536x768.png 1536w, https:\/\/gnistan.fi\/wp-content\/uploads\/2025\/04\/kombo-2048x1024.png 2048w, https:\/\/gnistan.fi\/wp-content\/uploads\/2025\/04\/kombo-18x9.png 18w\" sizes=\"(max-width: 1024px) 100vw, 1024px\" \/><\/figure>\n\n\n\n<p><\/p>\n\n\n\n<p><\/p>","protected":false},"excerpt":{"rendered":"<p>IF Gnistan ja Oulunkyl\u00e4n nuorisotiimi jatkaa yhteisty\u00f6t\u00e4 Starttaamme j\u00e4lleen syksyll\u00e4 tutuksi tulleen Nutafutiksen Pikkupekka areenalla perjantai iltaisin! Kaikki alueen nuoret ovat tervetulleita pelailemaan rennosti ja viihtym\u00e4\u00e4n yhdess\u00e4! Paikalla on aina aikuisia j\u00e4rjest\u00e4vilt\u00e4 tahoilta. Toiminta on maksutonta eik\u00e4 vaadi aikaisempaa futis osaamista. Osallistujien tulee osoittaa kunnioitusta sek\u00e4 kanssaihmisille ett\u00e4 k\u00e4yt\u00f6ss\u00e4 oleville tiloille. TERVETULOA MUKAAN!<\/p>","protected":false},"author":24,"featured_media":36703,"parent":0,"menu_order":0,"comment_status":"closed","ping_status":"closed","template":"","meta":{"_acf_changed":false,"footnotes":""},"class_list":["post-39699","page","type-page","status-publish","has-post-thumbnail","hentry"],"acf":[],"yoast_head":"<!-- This site is optimized with the Yoast SEO plugin v27.3 - https:\/\/yoast.com\/product\/yoast-seo-wordpress\/ -->\n<title>NUTAFUTIS - IF Gnistan<\/title>\n<meta name=\"robots\" content=\"index, follow, max-snippet:-1, max-image-preview:large, max-video-preview:-1\" \/>\n<link rel=\"canonical\" href=\"https:\/\/gnistan.fi\/sv\/nutafutis\/\" \/>\n<meta property=\"og:locale\" content=\"sv_SE\" \/>\n<meta property=\"og:type\" content=\"article\" \/>\n<meta property=\"og:title\" content=\"NUTAFUTIS - IF Gnistan\" \/>\n<meta property=\"og:description\" content=\"IF Gnistan ja Oulunkyl\u00e4n nuorisotiimi jatkaa yhteisty\u00f6t\u00e4 Starttaamme j\u00e4lleen syksyll\u00e4 tutuksi tulleen Nutafutiksen Pikkupekka areenalla perjantai iltaisin! Kaikki alueen nuoret ovat tervetulleita pelailemaan rennosti ja viihtym\u00e4\u00e4n yhdess\u00e4! Paikalla on aina aikuisia j\u00e4rjest\u00e4vilt\u00e4 tahoilta. Toiminta on maksutonta eik\u00e4 vaadi aikaisempaa futis osaamista. Osallistujien tulee osoittaa kunnioitusta sek\u00e4 kanssaihmisille ett\u00e4 k\u00e4yt\u00f6ss\u00e4 oleville tiloille. TERVETULOA MUKAAN!\" \/>\n<meta property=\"og:url\" content=\"https:\/\/gnistan.fi\/sv\/nutafutis\/\" \/>\n<meta property=\"og:site_name\" content=\"IF Gnistan\" \/>\n<meta property=\"article:publisher\" content=\"https:\/\/facebook.com\/ifgnistan\" \/>\n<meta property=\"article:modified_time\" content=\"2025-09-02T13:18:50+00:00\" \/>\n<meta property=\"og:image\" content=\"https:\/\/gnistan.fi\/wp-content\/uploads\/2025\/04\/kombo.png\" \/>\n\t<meta property=\"og:image:width\" content=\"2160\" \/>\n\t<meta property=\"og:image:height\" content=\"1080\" \/>\n\t<meta property=\"og:image:type\" content=\"image\/png\" \/>\n<meta name=\"twitter:card\" content=\"summary_large_image\" \/>\n<meta name=\"twitter:site\" content=\"@ifgnistan1924\" \/>\n<meta name=\"twitter:label1\" content=\"Ber\u00e4knad l\u00e4stid\" \/>\n\t<meta name=\"twitter:data1\" content=\"1 minut\" \/>\n<script type=\"application\/ld+json\" class=\"yoast-schema-graph\">{\"@context\":\"https:\\\/\\\/schema.org\",\"@graph\":[{\"@type\":\"WebPage\",\"@id\":\"https:\\\/\\\/gnistan.fi\\\/nutafutis\\\/\",\"url\":\"https:\\\/\\\/gnistan.fi\\\/nutafutis\\\/\",\"name\":\"NUTAFUTIS - IF Gnistan\",\"isPartOf\":{\"@id\":\"https:\\\/\\\/gnistan.fi\\\/#website\"},\"primaryImageOfPage\":{\"@id\":\"https:\\\/\\\/gnistan.fi\\\/nutafutis\\\/#primaryimage\"},\"image\":{\"@id\":\"https:\\\/\\\/gnistan.fi\\\/nutafutis\\\/#primaryimage\"},\"thumbnailUrl\":\"https:\\\/\\\/gnistan.fi\\\/wp-content\\\/uploads\\\/2024\\\/11\\\/gnistan-default-featured-2024-c.webp\",\"datePublished\":\"2025-04-29T13:35:48+00:00\",\"dateModified\":\"2025-09-02T13:18:50+00:00\",\"breadcrumb\":{\"@id\":\"https:\\\/\\\/gnistan.fi\\\/nutafutis\\\/#breadcrumb\"},\"inLanguage\":\"sv-SE\",\"potentialAction\":[{\"@type\":\"ReadAction\",\"target\":[\"https:\\\/\\\/gnistan.fi\\\/nutafutis\\\/\"]}]},{\"@type\":\"ImageObject\",\"inLanguage\":\"sv-SE\",\"@id\":\"https:\\\/\\\/gnistan.fi\\\/nutafutis\\\/#primaryimage\",\"url\":\"https:\\\/\\\/gnistan.fi\\\/wp-content\\\/uploads\\\/2024\\\/11\\\/gnistan-default-featured-2024-c.webp\",\"contentUrl\":\"https:\\\/\\\/gnistan.fi\\\/wp-content\\\/uploads\\\/2024\\\/11\\\/gnistan-default-featured-2024-c.webp\",\"width\":1920,\"height\":1080},{\"@type\":\"BreadcrumbList\",\"@id\":\"https:\\\/\\\/gnistan.fi\\\/nutafutis\\\/#breadcrumb\",\"itemListElement\":[{\"@type\":\"ListItem\",\"position\":1,\"name\":\"Etusivu\",\"item\":\"https:\\\/\\\/gnistan.fi\\\/\"},{\"@type\":\"ListItem\",\"position\":2,\"name\":\"NUTAFUTIS\"}]},{\"@type\":\"WebSite\",\"@id\":\"https:\\\/\\\/gnistan.fi\\\/#website\",\"url\":\"https:\\\/\\\/gnistan.fi\\\/\",\"name\":\"IF Gnistan\",\"description\":\"Viralliset sivut\",\"publisher\":{\"@id\":\"https:\\\/\\\/gnistan.fi\\\/#organization\"},\"potentialAction\":[{\"@type\":\"SearchAction\",\"target\":{\"@type\":\"EntryPoint\",\"urlTemplate\":\"https:\\\/\\\/gnistan.fi\\\/?s={search_term_string}\"},\"query-input\":{\"@type\":\"PropertyValueSpecification\",\"valueRequired\":true,\"valueName\":\"search_term_string\"}}],\"inLanguage\":\"sv-SE\"},{\"@type\":\"Organization\",\"@id\":\"https:\\\/\\\/gnistan.fi\\\/#organization\",\"name\":\"IF Gnistan\",\"url\":\"https:\\\/\\\/gnistan.fi\\\/\",\"logo\":{\"@type\":\"ImageObject\",\"inLanguage\":\"sv-SE\",\"@id\":\"https:\\\/\\\/gnistan.fi\\\/#\\\/schema\\\/logo\\\/image\\\/\",\"url\":\"https:\\\/\\\/gnistan.fi\\\/wp-content\\\/uploads\\\/2019\\\/10\\\/if-gnistan-vector-logo.svg\",\"contentUrl\":\"https:\\\/\\\/gnistan.fi\\\/wp-content\\\/uploads\\\/2019\\\/10\\\/if-gnistan-vector-logo.svg\",\"width\":269,\"height\":314,\"caption\":\"IF Gnistan\"},\"image\":{\"@id\":\"https:\\\/\\\/gnistan.fi\\\/#\\\/schema\\\/logo\\\/image\\\/\"},\"sameAs\":[\"https:\\\/\\\/facebook.com\\\/ifgnistan\",\"https:\\\/\\\/x.com\\\/ifgnistan1924\",\"https:\\\/\\\/instagram.com\\\/ifgnistan1924\",\"https:\\\/\\\/www.linkedin.com\\\/company\\\/ifgnistan\\\/\"]}]}<\/script>\n<!-- \/ Yoast SEO plugin. -->","yoast_head_json":{"title":"NUTAFUTIS - IF Gnistan","robots":{"index":"index","follow":"follow","max-snippet":"max-snippet:-1","max-image-preview":"max-image-preview:large","max-video-preview":"max-video-preview:-1"},"canonical":"https:\/\/gnistan.fi\/sv\/nutafutis\/","og_locale":"sv_SE","og_type":"article","og_title":"NUTAFUTIS - IF Gnistan","og_description":"IF Gnistan ja Oulunkyl\u00e4n nuorisotiimi jatkaa yhteisty\u00f6t\u00e4 Starttaamme j\u00e4lleen syksyll\u00e4 tutuksi tulleen Nutafutiksen Pikkupekka areenalla perjantai iltaisin! Kaikki alueen nuoret ovat tervetulleita pelailemaan rennosti ja viihtym\u00e4\u00e4n yhdess\u00e4! Paikalla on aina aikuisia j\u00e4rjest\u00e4vilt\u00e4 tahoilta. Toiminta on maksutonta eik\u00e4 vaadi aikaisempaa futis osaamista. Osallistujien tulee osoittaa kunnioitusta sek\u00e4 kanssaihmisille ett\u00e4 k\u00e4yt\u00f6ss\u00e4 oleville tiloille. TERVETULOA MUKAAN!","og_url":"https:\/\/gnistan.fi\/sv\/nutafutis\/","og_site_name":"IF Gnistan","article_publisher":"https:\/\/facebook.com\/ifgnistan","article_modified_time":"2025-09-02T13:18:50+00:00","og_image":[{"width":2160,"height":1080,"url":"https:\/\/gnistan.fi\/wp-content\/uploads\/2025\/04\/kombo.png","type":"image\/png"}],"twitter_card":"summary_large_image","twitter_site":"@ifgnistan1924","twitter_misc":{"Ber\u00e4knad l\u00e4stid":"1 minut"},"schema":{"@context":"https:\/\/schema.org","@graph":[{"@type":"WebPage","@id":"https:\/\/gnistan.fi\/nutafutis\/","url":"https:\/\/gnistan.fi\/nutafutis\/","name":"NUTAFUTIS - IF Gnistan","isPartOf":{"@id":"https:\/\/gnistan.fi\/#website"},"primaryImageOfPage":{"@id":"https:\/\/gnistan.fi\/nutafutis\/#primaryimage"},"image":{"@id":"https:\/\/gnistan.fi\/nutafutis\/#primaryimage"},"thumbnailUrl":"https:\/\/gnistan.fi\/wp-content\/uploads\/2024\/11\/gnistan-default-featured-2024-c.webp","datePublished":"2025-04-29T13:35:48+00:00","dateModified":"2025-09-02T13:18:50+00:00","breadcrumb":{"@id":"https:\/\/gnistan.fi\/nutafutis\/#breadcrumb"},"inLanguage":"sv-SE","potentialAction":[{"@type":"ReadAction","target":["https:\/\/gnistan.fi\/nutafutis\/"]}]},{"@type":"ImageObject","inLanguage":"sv-SE","@id":"https:\/\/gnistan.fi\/nutafutis\/#primaryimage","url":"https:\/\/gnistan.fi\/wp-content\/uploads\/2024\/11\/gnistan-default-featured-2024-c.webp","contentUrl":"https:\/\/gnistan.fi\/wp-content\/uploads\/2024\/11\/gnistan-default-featured-2024-c.webp","width":1920,"height":1080},{"@type":"BreadcrumbList","@id":"https:\/\/gnistan.fi\/nutafutis\/#breadcrumb","itemListElement":[{"@type":"ListItem","position":1,"name":"Etusivu","item":"https:\/\/gnistan.fi\/"},{"@type":"ListItem","position":2,"name":"NUTAFUTIS"}]},{"@type":"WebSite","@id":"https:\/\/gnistan.fi\/#website","url":"https:\/\/gnistan.fi\/","name":"IF Gnistan","description":"Viralliset sivut","publisher":{"@id":"https:\/\/gnistan.fi\/#organization"},"potentialAction":[{"@type":"SearchAction","target":{"@type":"EntryPoint","urlTemplate":"https:\/\/gnistan.fi\/?s={search_term_string}"},"query-input":{"@type":"PropertyValueSpecification","valueRequired":true,"valueName":"search_term_string"}}],"inLanguage":"sv-SE"},{"@type":"Organization","@id":"https:\/\/gnistan.fi\/#organization","name":"IF Gnistan","url":"https:\/\/gnistan.fi\/","logo":{"@type":"ImageObject","inLanguage":"sv-SE","@id":"https:\/\/gnistan.fi\/#\/schema\/logo\/image\/","url":"https:\/\/gnistan.fi\/wp-content\/uploads\/2019\/10\/if-gnistan-vector-logo.svg","contentUrl":"https:\/\/gnistan.fi\/wp-content\/uploads\/2019\/10\/if-gnistan-vector-logo.svg","width":269,"height":314,"caption":"IF Gnistan"},"image":{"@id":"https:\/\/gnistan.fi\/#\/schema\/logo\/image\/"},"sameAs":["https:\/\/facebook.com\/ifgnistan","https:\/\/x.com\/ifgnistan1924","https:\/\/instagram.com\/ifgnistan1924","https:\/\/www.linkedin.com\/company\/ifgnistan\/"]}]}},"jetpack_sharing_enabled":true,"_links":{"self":[{"href":"https:\/\/gnistan.fi\/sv\/wp-json\/wp\/v2\/pages\/39699","targetHints":{"allow":["GET"]}}],"collection":[{"href":"https:\/\/gnistan.fi\/sv\/wp-json\/wp\/v2\/pages"}],"about":[{"href":"https:\/\/gnistan.fi\/sv\/wp-json\/wp\/v2\/types\/page"}],"author":[{"embeddable":true,"href":"https:\/\/gnistan.fi\/sv\/wp-json\/wp\/v2\/users\/24"}],"replies":[{"embeddable":true,"href":"https:\/\/gnistan.fi\/sv\/wp-json\/wp\/v2\/comments?post=39699"}],"version-history":[{"count":6,"href":"https:\/\/gnistan.fi\/sv\/wp-json\/wp\/v2\/pages\/39699\/revisions"}],"predecessor-version":[{"id":43347,"href":"https:\/\/gnistan.fi\/sv\/wp-json\/wp\/v2\/pages\/39699\/revisions\/43347"}],"wp:featuredmedia":[{"embeddable":true,"href":"https:\/\/gnistan.fi\/sv\/wp-json\/wp\/v2\/media\/36703"}],"wp:attachment":[{"href":"https:\/\/gnistan.fi\/sv\/wp-json\/wp\/v2\/media?parent=39699"}],"curies":[{"name":"wp","href":"https:\/\/api.w.org\/{rel}","templated":true}]}}