{"id":39109,"date":"2025-03-28T16:14:35","date_gmt":"2025-03-28T14:14:35","guid":{"rendered":"https:\/\/gnistan.fi\/?page_id=39109"},"modified":"2026-02-02T13:58:24","modified_gmt":"2026-02-02T11:58:24","slug":"t2018-19","status":"publish","type":"page","link":"https:\/\/gnistan.fi\/sv\/t2018-19\/","title":{"rendered":"T2018\/19\u00a0"},"content":{"rendered":"<p><\/p>\n\n\n\n<figure class=\"wp-block-image aligncenter size-large\"><img fetchpriority=\"high\" decoding=\"async\" width=\"695\" height=\"1024\" src=\"https:\/\/gnistan.fi\/wp-content\/uploads\/2025\/09\/1000022783-1-695x1024.jpg\" alt=\"\" class=\"wp-image-41661\" style=\"aspect-ratio:3\/2;object-fit:contain\" srcset=\"https:\/\/gnistan.fi\/wp-content\/uploads\/2025\/09\/1000022783-1-695x1024.jpg 695w, https:\/\/gnistan.fi\/wp-content\/uploads\/2025\/09\/1000022783-1-204x300.jpg 204w, https:\/\/gnistan.fi\/wp-content\/uploads\/2025\/09\/1000022783-1-768x1132.jpg 768w, https:\/\/gnistan.fi\/wp-content\/uploads\/2025\/09\/1000022783-1-1043x1536.jpg 1043w, https:\/\/gnistan.fi\/wp-content\/uploads\/2025\/09\/1000022783-1-8x12.jpg 8w, https:\/\/gnistan.fi\/wp-content\/uploads\/2025\/09\/1000022783-1.jpg 1390w\" sizes=\"(max-width: 695px) 100vw, 695px\" \/><\/figure>\n\n\n\n<p>TULE MUKAAN PELAAMAAN MEID\u00c4N JOUKKUEESEEN!&nbsp;&nbsp;<\/p>\n\n\n\n<p><strong>Vuonna 2018 ja 2019 syntyneiden tytt\u00f6jen joukkue aloittaa oman toimintansa marraskuussa 2025.&nbsp;<\/strong>Sek\u00e4 jo jalkapalloa pelanneet, ett\u00e4 ihan uudet harrastajat ovat tervetulleita. Kaikille l\u00f6ytyy sopivat pienryhm\u00e4t harjoituksissa ja peleiss\u00e4. Joukkueen valmentajina aloittavat marraskuussa Hanna Hirvensalo ja Antonia Pohjanoksa. Tervetuloa mukaan kokeilemaan!&nbsp;<\/p>\n\n\n\n<p>Joukkue harjoittelee kaksi kertaa viikossa. Mukaan tarvitset: oman juomapullon ja pallon (koko 3) sek\u00e4 liikunnalliset vaatteet. Toimintaan voi tulla tutustumaan muutaman viikon ajan veloituksetta.\u202f<strong>Olethan yhteydess\u00e4 valmennusp\u00e4\u00e4llikk\u00f6\u00f6n&nbsp;ennen harjoituksiin osallistumista<\/strong>.&nbsp;<\/p>\n\n\n\n<p>Kun p\u00e4\u00e4t\u00e4tte virallisesti ilmoittautua mukaan joukkueemme toimintaan ja liitty\u00e4 seuraamme voitte tehd\u00e4 sen t\u00e4\u00e4lt\u00e4:\u202f<a rel=\"noreferrer noopener\" target=\"_blank\" href=\"https:\/\/gnistan.fi\/sv\/bli-medlem\/\">J\u00e4seneksi \u2013 IF Gnistan<\/a>&nbsp;Ilmoittautumisenne j\u00e4lkeen teid\u00e4t liitet\u00e4\u00e4n seuramme j\u00e4senpalveluun MyClubiin, mist\u00e4 n\u00e4ette joukkueen tapahtumakalenterin ja p\u00e4\u00e4sette osallistumaan joukkueen tapahtumiin. Kehotamme teit\u00e4 lukemaan joukkueen t\u00e4rke\u00e4t ohjeistukset MyClubin tiedotteista liitytty\u00e4nne joukkueeseen.&nbsp;<\/p>\n\n\n\n<p><strong>Harjoituskalenteri marras-huhtikuu<\/strong><\/p>\n\n\n\n<ul class=\"wp-block-list\">\n<li>Maanantaisin: klo 18-19 Malmin palloiluhallilla.<\/li>\n\n\n\n<li>Torstaisin: klo 17-18 Pallomyllyss\u00e4.<\/li>\n<\/ul>\n\n\n\n<p><\/p>\n\n\n\n<p>Lis\u00e4tietoja lapsuusvaiheen valmennusp\u00e4\u00e4llikk\u00f6:&nbsp;<a href=\"mailto:panu.pattikangas@gnistan.fi\">pyry.korhonen@gnistan.fi<\/a><\/p>\n\n\n\n<p><\/p>\n\n\n\n<p><\/p>","protected":false},"excerpt":{"rendered":"<p>TULE MUKAAN PELAAMAAN MEID\u00c4N JOUKKUEESEEN!&nbsp;&nbsp; Vuonna 2018 ja 2019 syntyneiden tytt\u00f6jen joukkue aloittaa oman toimintansa marraskuussa 2025.&nbsp;Sek\u00e4 jo jalkapalloa pelanneet, ett\u00e4 ihan uudet harrastajat ovat tervetulleita. Kaikille l\u00f6ytyy sopivat pienryhm\u00e4t harjoituksissa ja peleiss\u00e4. Joukkueen valmentajina aloittavat marraskuussa Hanna Hirvensalo ja Antonia Pohjanoksa. Tervetuloa mukaan kokeilemaan!&nbsp; Joukkue harjoittelee kaksi kertaa viikossa. Mukaan tarvitset: oman juomapullon ja [&hellip;]<\/p>\n","protected":false},"author":27,"featured_media":36703,"parent":0,"menu_order":0,"comment_status":"closed","ping_status":"closed","template":"","meta":{"_acf_changed":false,"footnotes":""},"class_list":["post-39109","page","type-page","status-publish","has-post-thumbnail","hentry"],"acf":[],"yoast_head":"<!-- This site is optimized with the Yoast SEO plugin v27.3 - https:\/\/yoast.com\/product\/yoast-seo-wordpress\/ -->\n<title>T2018\/19\u00a0 - IF Gnistan<\/title>\n<meta name=\"robots\" content=\"index, follow, max-snippet:-1, max-image-preview:large, max-video-preview:-1\" \/>\n<link rel=\"canonical\" href=\"https:\/\/gnistan.fi\/sv\/t2018-19\/\" \/>\n<meta property=\"og:locale\" content=\"sv_SE\" \/>\n<meta property=\"og:type\" content=\"article\" \/>\n<meta property=\"og:title\" content=\"T2018\/19\u00a0 - IF Gnistan\" \/>\n<meta property=\"og:description\" content=\"TULE MUKAAN PELAAMAAN MEID\u00c4N JOUKKUEESEEN!&nbsp;&nbsp; Vuonna 2018 ja 2019 syntyneiden tytt\u00f6jen joukkue aloittaa oman toimintansa marraskuussa 2025.&nbsp;Sek\u00e4 jo jalkapalloa pelanneet, ett\u00e4 ihan uudet harrastajat ovat tervetulleita. Kaikille l\u00f6ytyy sopivat pienryhm\u00e4t harjoituksissa ja peleiss\u00e4. Joukkueen valmentajina aloittavat marraskuussa Hanna Hirvensalo ja Antonia Pohjanoksa. Tervetuloa mukaan kokeilemaan!&nbsp; Joukkue harjoittelee kaksi kertaa viikossa. Mukaan tarvitset: oman juomapullon ja [&hellip;]\" \/>\n<meta property=\"og:url\" content=\"https:\/\/gnistan.fi\/sv\/t2018-19\/\" \/>\n<meta property=\"og:site_name\" content=\"IF Gnistan\" \/>\n<meta property=\"article:publisher\" content=\"https:\/\/facebook.com\/ifgnistan\" \/>\n<meta property=\"article:modified_time\" content=\"2026-02-02T11:58:24+00:00\" \/>\n<meta property=\"og:image\" content=\"https:\/\/gnistan.fi\/wp-content\/uploads\/2025\/09\/1000022783-1.jpg\" \/>\n\t<meta property=\"og:image:width\" content=\"1390\" \/>\n\t<meta property=\"og:image:height\" content=\"2048\" \/>\n\t<meta property=\"og:image:type\" content=\"image\/jpeg\" \/>\n<meta name=\"twitter:card\" content=\"summary_large_image\" \/>\n<meta name=\"twitter:site\" content=\"@ifgnistan1924\" \/>\n<meta name=\"twitter:label1\" content=\"Ber\u00e4knad l\u00e4stid\" \/>\n\t<meta name=\"twitter:data1\" content=\"2 minuter\" \/>\n<script type=\"application\/ld+json\" class=\"yoast-schema-graph\">{\"@context\":\"https:\\\/\\\/schema.org\",\"@graph\":[{\"@type\":\"WebPage\",\"@id\":\"https:\\\/\\\/gnistan.fi\\\/t2018-19\\\/\",\"url\":\"https:\\\/\\\/gnistan.fi\\\/t2018-19\\\/\",\"name\":\"T2018\\\/19\u00a0 - IF Gnistan\",\"isPartOf\":{\"@id\":\"https:\\\/\\\/gnistan.fi\\\/#website\"},\"primaryImageOfPage\":{\"@id\":\"https:\\\/\\\/gnistan.fi\\\/t2018-19\\\/#primaryimage\"},\"image\":{\"@id\":\"https:\\\/\\\/gnistan.fi\\\/t2018-19\\\/#primaryimage\"},\"thumbnailUrl\":\"https:\\\/\\\/gnistan.fi\\\/wp-content\\\/uploads\\\/2024\\\/11\\\/gnistan-default-featured-2024-c.webp\",\"datePublished\":\"2025-03-28T14:14:35+00:00\",\"dateModified\":\"2026-02-02T11:58:24+00:00\",\"breadcrumb\":{\"@id\":\"https:\\\/\\\/gnistan.fi\\\/t2018-19\\\/#breadcrumb\"},\"inLanguage\":\"sv-SE\",\"potentialAction\":[{\"@type\":\"ReadAction\",\"target\":[\"https:\\\/\\\/gnistan.fi\\\/t2018-19\\\/\"]}]},{\"@type\":\"ImageObject\",\"inLanguage\":\"sv-SE\",\"@id\":\"https:\\\/\\\/gnistan.fi\\\/t2018-19\\\/#primaryimage\",\"url\":\"https:\\\/\\\/gnistan.fi\\\/wp-content\\\/uploads\\\/2024\\\/11\\\/gnistan-default-featured-2024-c.webp\",\"contentUrl\":\"https:\\\/\\\/gnistan.fi\\\/wp-content\\\/uploads\\\/2024\\\/11\\\/gnistan-default-featured-2024-c.webp\",\"width\":1920,\"height\":1080},{\"@type\":\"BreadcrumbList\",\"@id\":\"https:\\\/\\\/gnistan.fi\\\/t2018-19\\\/#breadcrumb\",\"itemListElement\":[{\"@type\":\"ListItem\",\"position\":1,\"name\":\"Etusivu\",\"item\":\"https:\\\/\\\/gnistan.fi\\\/\"},{\"@type\":\"ListItem\",\"position\":2,\"name\":\"T2018\\\/19\u00a0\"}]},{\"@type\":\"WebSite\",\"@id\":\"https:\\\/\\\/gnistan.fi\\\/#website\",\"url\":\"https:\\\/\\\/gnistan.fi\\\/\",\"name\":\"IF Gnistan\",\"description\":\"Viralliset sivut\",\"publisher\":{\"@id\":\"https:\\\/\\\/gnistan.fi\\\/#organization\"},\"potentialAction\":[{\"@type\":\"SearchAction\",\"target\":{\"@type\":\"EntryPoint\",\"urlTemplate\":\"https:\\\/\\\/gnistan.fi\\\/?s={search_term_string}\"},\"query-input\":{\"@type\":\"PropertyValueSpecification\",\"valueRequired\":true,\"valueName\":\"search_term_string\"}}],\"inLanguage\":\"sv-SE\"},{\"@type\":\"Organization\",\"@id\":\"https:\\\/\\\/gnistan.fi\\\/#organization\",\"name\":\"IF Gnistan\",\"url\":\"https:\\\/\\\/gnistan.fi\\\/\",\"logo\":{\"@type\":\"ImageObject\",\"inLanguage\":\"sv-SE\",\"@id\":\"https:\\\/\\\/gnistan.fi\\\/#\\\/schema\\\/logo\\\/image\\\/\",\"url\":\"https:\\\/\\\/gnistan.fi\\\/wp-content\\\/uploads\\\/2019\\\/10\\\/if-gnistan-vector-logo.svg\",\"contentUrl\":\"https:\\\/\\\/gnistan.fi\\\/wp-content\\\/uploads\\\/2019\\\/10\\\/if-gnistan-vector-logo.svg\",\"width\":269,\"height\":314,\"caption\":\"IF Gnistan\"},\"image\":{\"@id\":\"https:\\\/\\\/gnistan.fi\\\/#\\\/schema\\\/logo\\\/image\\\/\"},\"sameAs\":[\"https:\\\/\\\/facebook.com\\\/ifgnistan\",\"https:\\\/\\\/x.com\\\/ifgnistan1924\",\"https:\\\/\\\/instagram.com\\\/ifgnistan1924\",\"https:\\\/\\\/www.linkedin.com\\\/company\\\/ifgnistan\\\/\"]}]}<\/script>\n<!-- \/ Yoast SEO plugin. -->","yoast_head_json":{"title":"T2018\/19\u00a0 - IF Gnistan","robots":{"index":"index","follow":"follow","max-snippet":"max-snippet:-1","max-image-preview":"max-image-preview:large","max-video-preview":"max-video-preview:-1"},"canonical":"https:\/\/gnistan.fi\/sv\/t2018-19\/","og_locale":"sv_SE","og_type":"article","og_title":"T2018\/19\u00a0 - IF Gnistan","og_description":"TULE MUKAAN PELAAMAAN MEID\u00c4N JOUKKUEESEEN!&nbsp;&nbsp; Vuonna 2018 ja 2019 syntyneiden tytt\u00f6jen joukkue aloittaa oman toimintansa marraskuussa 2025.&nbsp;Sek\u00e4 jo jalkapalloa pelanneet, ett\u00e4 ihan uudet harrastajat ovat tervetulleita. Kaikille l\u00f6ytyy sopivat pienryhm\u00e4t harjoituksissa ja peleiss\u00e4. Joukkueen valmentajina aloittavat marraskuussa Hanna Hirvensalo ja Antonia Pohjanoksa. Tervetuloa mukaan kokeilemaan!&nbsp; Joukkue harjoittelee kaksi kertaa viikossa. Mukaan tarvitset: oman juomapullon ja [&hellip;]","og_url":"https:\/\/gnistan.fi\/sv\/t2018-19\/","og_site_name":"IF Gnistan","article_publisher":"https:\/\/facebook.com\/ifgnistan","article_modified_time":"2026-02-02T11:58:24+00:00","og_image":[{"width":1390,"height":2048,"url":"https:\/\/gnistan.fi\/wp-content\/uploads\/2025\/09\/1000022783-1.jpg","type":"image\/jpeg"}],"twitter_card":"summary_large_image","twitter_site":"@ifgnistan1924","twitter_misc":{"Ber\u00e4knad l\u00e4stid":"2 minuter"},"schema":{"@context":"https:\/\/schema.org","@graph":[{"@type":"WebPage","@id":"https:\/\/gnistan.fi\/t2018-19\/","url":"https:\/\/gnistan.fi\/t2018-19\/","name":"T2018\/19\u00a0 - IF Gnistan","isPartOf":{"@id":"https:\/\/gnistan.fi\/#website"},"primaryImageOfPage":{"@id":"https:\/\/gnistan.fi\/t2018-19\/#primaryimage"},"image":{"@id":"https:\/\/gnistan.fi\/t2018-19\/#primaryimage"},"thumbnailUrl":"https:\/\/gnistan.fi\/wp-content\/uploads\/2024\/11\/gnistan-default-featured-2024-c.webp","datePublished":"2025-03-28T14:14:35+00:00","dateModified":"2026-02-02T11:58:24+00:00","breadcrumb":{"@id":"https:\/\/gnistan.fi\/t2018-19\/#breadcrumb"},"inLanguage":"sv-SE","potentialAction":[{"@type":"ReadAction","target":["https:\/\/gnistan.fi\/t2018-19\/"]}]},{"@type":"ImageObject","inLanguage":"sv-SE","@id":"https:\/\/gnistan.fi\/t2018-19\/#primaryimage","url":"https:\/\/gnistan.fi\/wp-content\/uploads\/2024\/11\/gnistan-default-featured-2024-c.webp","contentUrl":"https:\/\/gnistan.fi\/wp-content\/uploads\/2024\/11\/gnistan-default-featured-2024-c.webp","width":1920,"height":1080},{"@type":"BreadcrumbList","@id":"https:\/\/gnistan.fi\/t2018-19\/#breadcrumb","itemListElement":[{"@type":"ListItem","position":1,"name":"Etusivu","item":"https:\/\/gnistan.fi\/"},{"@type":"ListItem","position":2,"name":"T2018\/19\u00a0"}]},{"@type":"WebSite","@id":"https:\/\/gnistan.fi\/#website","url":"https:\/\/gnistan.fi\/","name":"IF Gnistan","description":"Viralliset sivut","publisher":{"@id":"https:\/\/gnistan.fi\/#organization"},"potentialAction":[{"@type":"SearchAction","target":{"@type":"EntryPoint","urlTemplate":"https:\/\/gnistan.fi\/?s={search_term_string}"},"query-input":{"@type":"PropertyValueSpecification","valueRequired":true,"valueName":"search_term_string"}}],"inLanguage":"sv-SE"},{"@type":"Organization","@id":"https:\/\/gnistan.fi\/#organization","name":"IF Gnistan","url":"https:\/\/gnistan.fi\/","logo":{"@type":"ImageObject","inLanguage":"sv-SE","@id":"https:\/\/gnistan.fi\/#\/schema\/logo\/image\/","url":"https:\/\/gnistan.fi\/wp-content\/uploads\/2019\/10\/if-gnistan-vector-logo.svg","contentUrl":"https:\/\/gnistan.fi\/wp-content\/uploads\/2019\/10\/if-gnistan-vector-logo.svg","width":269,"height":314,"caption":"IF Gnistan"},"image":{"@id":"https:\/\/gnistan.fi\/#\/schema\/logo\/image\/"},"sameAs":["https:\/\/facebook.com\/ifgnistan","https:\/\/x.com\/ifgnistan1924","https:\/\/instagram.com\/ifgnistan1924","https:\/\/www.linkedin.com\/company\/ifgnistan\/"]}]}},"jetpack_sharing_enabled":true,"_links":{"self":[{"href":"https:\/\/gnistan.fi\/sv\/wp-json\/wp\/v2\/pages\/39109","targetHints":{"allow":["GET"]}}],"collection":[{"href":"https:\/\/gnistan.fi\/sv\/wp-json\/wp\/v2\/pages"}],"about":[{"href":"https:\/\/gnistan.fi\/sv\/wp-json\/wp\/v2\/types\/page"}],"author":[{"embeddable":true,"href":"https:\/\/gnistan.fi\/sv\/wp-json\/wp\/v2\/users\/27"}],"replies":[{"embeddable":true,"href":"https:\/\/gnistan.fi\/sv\/wp-json\/wp\/v2\/comments?post=39109"}],"version-history":[{"count":12,"href":"https:\/\/gnistan.fi\/sv\/wp-json\/wp\/v2\/pages\/39109\/revisions"}],"predecessor-version":[{"id":43959,"href":"https:\/\/gnistan.fi\/sv\/wp-json\/wp\/v2\/pages\/39109\/revisions\/43959"}],"wp:featuredmedia":[{"embeddable":true,"href":"https:\/\/gnistan.fi\/sv\/wp-json\/wp\/v2\/media\/36703"}],"wp:attachment":[{"href":"https:\/\/gnistan.fi\/sv\/wp-json\/wp\/v2\/media?parent=39109"}],"curies":[{"name":"wp","href":"https:\/\/api.w.org\/{rel}","templated":true}]}}