{"id":38827,"date":"2025-03-14T12:16:25","date_gmt":"2025-03-14T10:16:25","guid":{"rendered":"https:\/\/gnistan.fi\/?page_id=38827"},"modified":"2026-04-07T12:40:40","modified_gmt":"2026-04-07T09:40:40","slug":"kavelyfutis","status":"publish","type":"page","link":"https:\/\/gnistan.fi\/sv\/kavelyfutis\/","title":{"rendered":"K\u00e4velyfutis"},"content":{"rendered":"<p class=\"has-medium-font-size\"><em>Gnistanin k\u00e4velyfutis starttaa maaliskuussa Oulunkyl\u00e4n urheilupuistossa! T\u00e4m\u00e4 uusi liikuntamuoto on suunnattu erityisesti senioreille ja tarjoaa mukautetun tavan nauttia jalkapallon pelaamisesta ilman juoksua.<\/em><\/p>\n\n\n\n<ul class=\"wp-block-list\">\n<li class=\"has-medium-font-size\"><strong>Aloitus:<\/strong> perjantaina 6.3.2026 klo 10-11.30.<\/li>\n\n\n\n<li class=\"has-medium-font-size\"><strong>Aikataulu:<\/strong> Toiminta jatkuu joka perjantai marraskuun loppuun asti pient\u00e4 kes\u00e4taukoa lukuunottamatta.<\/li>\n\n\n\n<li class=\"has-medium-font-size\"><strong>Plats:<\/strong> Oulunkyl\u00e4n urheilupuisto, Pikkupekka Areena <\/li>\n\n\n\n<li class=\"has-medium-font-size\"><strong>Ohjaajat:<\/strong> Gnistanin ammattitaitoiset valmentajat.&nbsp;<\/li>\n\n\n\n<li class=\"has-medium-font-size\"><strong>Ik\u00e4ryhm\u00e4:<\/strong> soveltuu parhaiten yli 60 -vuotiaille<\/li>\n\n\n\n<li class=\"has-medium-font-size\"><strong>Pris:<\/strong> Toiminta on maksutonta yli 60-vuotiaille naisille ja miehille. <\/li>\n\n\n\n<li class=\"has-medium-font-size\"><strong>Muuta:<\/strong> \u201cTreenien\u201d j\u00e4lkeen nautimme kahvista ja seurustelusta Expandia-kerhotalossa Markku.fi Areenalla. Miesten edustusjoukkue harjoittelee useimmiten samaan aikaan viereisell\u00e4 kent\u00e4ll\u00e4, joten mahdollisuus n\u00e4hd\u00e4 heid\u00e4n toimintaa!<\/li>\n\n\n\n<li class=\"has-medium-font-size\">HUOMIO! toiminta ei sis\u00e4ll\u00e4 vakuutusta<\/li>\n\n\n\n<li class=\"has-medium-font-size\"><strong>Ilmoittautuminen<\/strong>: <strong><a href=\"https:\/\/forms.office.com\/e\/bqSSLx6pZ4\">T\u00c4M\u00c4N LOMAKKEEN KAUTTA<\/a> <\/strong>tai<\/li>\n\n\n\n<li class=\"has-medium-font-size\"><strong>Lis\u00e4tiedot:<\/strong> <a href=\"\/sv\/juha.pakarinen@gnistan.fi\/\">juha.pakarinen@gnistan.fi<\/a> tai&nbsp;p.&nbsp;050&nbsp;554&nbsp;9274<\/li>\n<\/ul>\n\n\n\n<div class=\"wp-block-jetpack-slideshow aligncenter\" data-autoplay=\"true\" data-delay=\"3\" data-effect=\"slide\" style=\"--aspect-ratio:calc(1024 \/ 683)\"><div class=\"wp-block-jetpack-slideshow_container swiper\"><ul class=\"wp-block-jetpack-slideshow_swiper-wrapper swiper-wrapper\"><li class=\"wp-block-jetpack-slideshow_slide swiper-slide\"><figure><img fetchpriority=\"high\" decoding=\"async\" width=\"1024\" height=\"683\" alt=\"\" class=\"wp-block-jetpack-slideshow_image wp-image-44301\" data-id=\"44301\" data-aspect-ratio=\"1024 \/ 683\" src=\"https:\/\/gnistan.fi\/wp-content\/uploads\/2026\/03\/IMG_7485-1024x683.jpg\" srcset=\"https:\/\/gnistan.fi\/wp-content\/uploads\/2026\/03\/IMG_7485-1024x683.jpg 1024w, https:\/\/gnistan.fi\/wp-content\/uploads\/2026\/03\/IMG_7485-300x200.jpg 300w, https:\/\/gnistan.fi\/wp-content\/uploads\/2026\/03\/IMG_7485-768x512.jpg 768w, https:\/\/gnistan.fi\/wp-content\/uploads\/2026\/03\/IMG_7485-1536x1024.jpg 1536w, https:\/\/gnistan.fi\/wp-content\/uploads\/2026\/03\/IMG_7485-2048x1365.jpg 2048w, https:\/\/gnistan.fi\/wp-content\/uploads\/2026\/03\/IMG_7485-18x12.jpg 18w\" sizes=\"(max-width: 1024px) 100vw, 1024px\" \/><\/figure><\/li><li class=\"wp-block-jetpack-slideshow_slide swiper-slide\"><figure><img decoding=\"async\" width=\"1024\" height=\"683\" alt=\"\" class=\"wp-block-jetpack-slideshow_image wp-image-44300\" data-id=\"44300\" data-aspect-ratio=\"1024 \/ 683\" src=\"https:\/\/gnistan.fi\/wp-content\/uploads\/2026\/03\/IMG_7504-1024x683.jpg\" srcset=\"https:\/\/gnistan.fi\/wp-content\/uploads\/2026\/03\/IMG_7504-1024x683.jpg 1024w, https:\/\/gnistan.fi\/wp-content\/uploads\/2026\/03\/IMG_7504-300x200.jpg 300w, https:\/\/gnistan.fi\/wp-content\/uploads\/2026\/03\/IMG_7504-768x512.jpg 768w, https:\/\/gnistan.fi\/wp-content\/uploads\/2026\/03\/IMG_7504-1536x1024.jpg 1536w, https:\/\/gnistan.fi\/wp-content\/uploads\/2026\/03\/IMG_7504-2048x1365.jpg 2048w, https:\/\/gnistan.fi\/wp-content\/uploads\/2026\/03\/IMG_7504-18x12.jpg 18w\" sizes=\"(max-width: 1024px) 100vw, 1024px\" \/><\/figure><\/li><\/ul><a class=\"wp-block-jetpack-slideshow_button-prev swiper-button-prev swiper-button-white\" role=\"button\"><\/a><a class=\"wp-block-jetpack-slideshow_button-next swiper-button-next swiper-button-white\" role=\"button\"><\/a><a aria-label=\"Pause Slideshow\" class=\"wp-block-jetpack-slideshow_button-pause\" role=\"button\"><\/a><div class=\"wp-block-jetpack-slideshow_pagination swiper-pagination swiper-pagination-white\"><\/div><\/div><\/div>\n\n\n\n<p class=\"has-medium-font-size\"><strong>Mit\u00e4 on k\u00e4velyfutis?<\/strong> K\u00e4velyfutis on Isossa-Britanniassa vuonna 2011 kehitetty jalkapallon muoto, joka soveltuu erityisesti ik\u00e4ihmisille ja liikuntarajoitteisille. Lajissa juokseminen on kielletty, ja my\u00f6s fyysinen kontakti sek\u00e4 pallon potkaiseminen lantion korkeuden yl\u00e4puolelle ovat kiellettyj\u00e4. Peliss\u00e4 painotetaan liikkumista k\u00e4vellen, mutta silti jalkapallon perusperiaatteet, kuten sy\u00f6tt\u00e4minen ja maaliin pelaaminen, pysyv\u00e4t mukana. K\u00e4velyfutista voi pelata niin sis\u00e4ll\u00e4 kuin ulkona.<\/p>\n\n\n\n<p class=\"has-medium-font-size\"><strong>Tervetuloa mukaan tutustumaan uuteen ja hauskaan liikuntamuotoon!<\/strong><\/p>\n\n\n\n<p><a href=\"https:\/\/palvelukartta.hel.fi\/fi\/unit\/41628?map=servicemap\">Palvelukartta &#8211; Pikkupekka Areena<\/a><\/p>\n\n\n\n<p><a href=\"https:\/\/www.youtube.com\/watch?v=r06LnkNRpgo\">&#8221;The Danish Football Fitness Camp +60&#8221; &#8211; Best Social Initiative at The UEFA Grassroots Awards 2023 &#8211; YouTube<\/a><\/p>","protected":false},"excerpt":{"rendered":"<p>Gnistanin k\u00e4velyfutis starttaa maaliskuussa Oulunkyl\u00e4n urheilupuistossa! T\u00e4m\u00e4 uusi liikuntamuoto on suunnattu erityisesti senioreille ja tarjoaa mukautetun tavan nauttia jalkapallon pelaamisesta ilman juoksua. Mit\u00e4 on k\u00e4velyfutis? K\u00e4velyfutis on Isossa-Britanniassa vuonna 2011 kehitetty jalkapallon muoto, joka soveltuu erityisesti ik\u00e4ihmisille ja liikuntarajoitteisille. Lajissa juokseminen on kielletty, ja my\u00f6s fyysinen kontakti sek\u00e4 pallon potkaiseminen lantion korkeuden yl\u00e4puolelle ovat kiellettyj\u00e4. [&hellip;]<\/p>\n","protected":false},"author":27,"featured_media":36703,"parent":0,"menu_order":0,"comment_status":"closed","ping_status":"closed","template":"","meta":{"_acf_changed":false,"footnotes":""},"class_list":["post-38827","page","type-page","status-publish","has-post-thumbnail","hentry"],"acf":[],"yoast_head":"<!-- This site is optimized with the Yoast SEO plugin v27.3 - https:\/\/yoast.com\/product\/yoast-seo-wordpress\/ -->\n<title>K\u00e4velyfutis - IF Gnistan<\/title>\n<meta name=\"robots\" content=\"index, follow, max-snippet:-1, max-image-preview:large, max-video-preview:-1\" \/>\n<link rel=\"canonical\" href=\"https:\/\/gnistan.fi\/sv\/kavelyfutis\/\" \/>\n<meta property=\"og:locale\" content=\"sv_SE\" \/>\n<meta property=\"og:type\" content=\"article\" \/>\n<meta property=\"og:title\" content=\"K\u00e4velyfutis - IF Gnistan\" \/>\n<meta property=\"og:description\" content=\"Gnistanin k\u00e4velyfutis starttaa maaliskuussa Oulunkyl\u00e4n urheilupuistossa! T\u00e4m\u00e4 uusi liikuntamuoto on suunnattu erityisesti senioreille ja tarjoaa mukautetun tavan nauttia jalkapallon pelaamisesta ilman juoksua. Mit\u00e4 on k\u00e4velyfutis? K\u00e4velyfutis on Isossa-Britanniassa vuonna 2011 kehitetty jalkapallon muoto, joka soveltuu erityisesti ik\u00e4ihmisille ja liikuntarajoitteisille. Lajissa juokseminen on kielletty, ja my\u00f6s fyysinen kontakti sek\u00e4 pallon potkaiseminen lantion korkeuden yl\u00e4puolelle ovat kiellettyj\u00e4. [&hellip;]\" \/>\n<meta property=\"og:url\" content=\"https:\/\/gnistan.fi\/sv\/kavelyfutis\/\" \/>\n<meta property=\"og:site_name\" content=\"IF Gnistan\" \/>\n<meta property=\"article:publisher\" content=\"https:\/\/facebook.com\/ifgnistan\" \/>\n<meta property=\"article:modified_time\" content=\"2026-04-07T09:40:40+00:00\" \/>\n<meta property=\"og:image\" content=\"https:\/\/gnistan.fi\/wp-content\/uploads\/2026\/03\/IMG_7485-scaled.jpg\" \/>\n\t<meta property=\"og:image:width\" content=\"2560\" \/>\n\t<meta property=\"og:image:height\" content=\"1707\" \/>\n\t<meta property=\"og:image:type\" content=\"image\/jpeg\" \/>\n<meta name=\"twitter:card\" content=\"summary_large_image\" \/>\n<meta name=\"twitter:site\" content=\"@ifgnistan1924\" \/>\n<meta name=\"twitter:label1\" content=\"Ber\u00e4knad l\u00e4stid\" \/>\n\t<meta name=\"twitter:data1\" content=\"2 minuter\" \/>\n<script type=\"application\/ld+json\" class=\"yoast-schema-graph\">{\"@context\":\"https:\\\/\\\/schema.org\",\"@graph\":[{\"@type\":\"WebPage\",\"@id\":\"https:\\\/\\\/gnistan.fi\\\/kavelyfutis\\\/\",\"url\":\"https:\\\/\\\/gnistan.fi\\\/kavelyfutis\\\/\",\"name\":\"K\u00e4velyfutis - IF Gnistan\",\"isPartOf\":{\"@id\":\"https:\\\/\\\/gnistan.fi\\\/#website\"},\"primaryImageOfPage\":{\"@id\":\"https:\\\/\\\/gnistan.fi\\\/kavelyfutis\\\/#primaryimage\"},\"image\":{\"@id\":\"https:\\\/\\\/gnistan.fi\\\/kavelyfutis\\\/#primaryimage\"},\"thumbnailUrl\":\"https:\\\/\\\/gnistan.fi\\\/wp-content\\\/uploads\\\/2024\\\/11\\\/gnistan-default-featured-2024-c.webp\",\"datePublished\":\"2025-03-14T10:16:25+00:00\",\"dateModified\":\"2026-04-07T09:40:40+00:00\",\"breadcrumb\":{\"@id\":\"https:\\\/\\\/gnistan.fi\\\/kavelyfutis\\\/#breadcrumb\"},\"inLanguage\":\"sv-SE\",\"potentialAction\":[{\"@type\":\"ReadAction\",\"target\":[\"https:\\\/\\\/gnistan.fi\\\/kavelyfutis\\\/\"]}]},{\"@type\":\"ImageObject\",\"inLanguage\":\"sv-SE\",\"@id\":\"https:\\\/\\\/gnistan.fi\\\/kavelyfutis\\\/#primaryimage\",\"url\":\"https:\\\/\\\/gnistan.fi\\\/wp-content\\\/uploads\\\/2024\\\/11\\\/gnistan-default-featured-2024-c.webp\",\"contentUrl\":\"https:\\\/\\\/gnistan.fi\\\/wp-content\\\/uploads\\\/2024\\\/11\\\/gnistan-default-featured-2024-c.webp\",\"width\":1920,\"height\":1080},{\"@type\":\"BreadcrumbList\",\"@id\":\"https:\\\/\\\/gnistan.fi\\\/kavelyfutis\\\/#breadcrumb\",\"itemListElement\":[{\"@type\":\"ListItem\",\"position\":1,\"name\":\"Etusivu\",\"item\":\"https:\\\/\\\/gnistan.fi\\\/\"},{\"@type\":\"ListItem\",\"position\":2,\"name\":\"K\u00e4velyfutis\"}]},{\"@type\":\"WebSite\",\"@id\":\"https:\\\/\\\/gnistan.fi\\\/#website\",\"url\":\"https:\\\/\\\/gnistan.fi\\\/\",\"name\":\"IF Gnistan\",\"description\":\"Viralliset sivut\",\"publisher\":{\"@id\":\"https:\\\/\\\/gnistan.fi\\\/#organization\"},\"potentialAction\":[{\"@type\":\"SearchAction\",\"target\":{\"@type\":\"EntryPoint\",\"urlTemplate\":\"https:\\\/\\\/gnistan.fi\\\/?s={search_term_string}\"},\"query-input\":{\"@type\":\"PropertyValueSpecification\",\"valueRequired\":true,\"valueName\":\"search_term_string\"}}],\"inLanguage\":\"sv-SE\"},{\"@type\":\"Organization\",\"@id\":\"https:\\\/\\\/gnistan.fi\\\/#organization\",\"name\":\"IF Gnistan\",\"url\":\"https:\\\/\\\/gnistan.fi\\\/\",\"logo\":{\"@type\":\"ImageObject\",\"inLanguage\":\"sv-SE\",\"@id\":\"https:\\\/\\\/gnistan.fi\\\/#\\\/schema\\\/logo\\\/image\\\/\",\"url\":\"https:\\\/\\\/gnistan.fi\\\/wp-content\\\/uploads\\\/2019\\\/10\\\/if-gnistan-vector-logo.svg\",\"contentUrl\":\"https:\\\/\\\/gnistan.fi\\\/wp-content\\\/uploads\\\/2019\\\/10\\\/if-gnistan-vector-logo.svg\",\"width\":269,\"height\":314,\"caption\":\"IF Gnistan\"},\"image\":{\"@id\":\"https:\\\/\\\/gnistan.fi\\\/#\\\/schema\\\/logo\\\/image\\\/\"},\"sameAs\":[\"https:\\\/\\\/facebook.com\\\/ifgnistan\",\"https:\\\/\\\/x.com\\\/ifgnistan1924\",\"https:\\\/\\\/instagram.com\\\/ifgnistan1924\",\"https:\\\/\\\/www.linkedin.com\\\/company\\\/ifgnistan\\\/\"]}]}<\/script>\n<!-- \/ Yoast SEO plugin. -->","yoast_head_json":{"title":"K\u00e4velyfutis - IF Gnistan","robots":{"index":"index","follow":"follow","max-snippet":"max-snippet:-1","max-image-preview":"max-image-preview:large","max-video-preview":"max-video-preview:-1"},"canonical":"https:\/\/gnistan.fi\/sv\/kavelyfutis\/","og_locale":"sv_SE","og_type":"article","og_title":"K\u00e4velyfutis - IF Gnistan","og_description":"Gnistanin k\u00e4velyfutis starttaa maaliskuussa Oulunkyl\u00e4n urheilupuistossa! T\u00e4m\u00e4 uusi liikuntamuoto on suunnattu erityisesti senioreille ja tarjoaa mukautetun tavan nauttia jalkapallon pelaamisesta ilman juoksua. Mit\u00e4 on k\u00e4velyfutis? K\u00e4velyfutis on Isossa-Britanniassa vuonna 2011 kehitetty jalkapallon muoto, joka soveltuu erityisesti ik\u00e4ihmisille ja liikuntarajoitteisille. Lajissa juokseminen on kielletty, ja my\u00f6s fyysinen kontakti sek\u00e4 pallon potkaiseminen lantion korkeuden yl\u00e4puolelle ovat kiellettyj\u00e4. [&hellip;]","og_url":"https:\/\/gnistan.fi\/sv\/kavelyfutis\/","og_site_name":"IF Gnistan","article_publisher":"https:\/\/facebook.com\/ifgnistan","article_modified_time":"2026-04-07T09:40:40+00:00","og_image":[{"width":2560,"height":1707,"url":"https:\/\/gnistan.fi\/wp-content\/uploads\/2026\/03\/IMG_7485-scaled.jpg","type":"image\/jpeg"}],"twitter_card":"summary_large_image","twitter_site":"@ifgnistan1924","twitter_misc":{"Ber\u00e4knad l\u00e4stid":"2 minuter"},"schema":{"@context":"https:\/\/schema.org","@graph":[{"@type":"WebPage","@id":"https:\/\/gnistan.fi\/kavelyfutis\/","url":"https:\/\/gnistan.fi\/kavelyfutis\/","name":"K\u00e4velyfutis - IF Gnistan","isPartOf":{"@id":"https:\/\/gnistan.fi\/#website"},"primaryImageOfPage":{"@id":"https:\/\/gnistan.fi\/kavelyfutis\/#primaryimage"},"image":{"@id":"https:\/\/gnistan.fi\/kavelyfutis\/#primaryimage"},"thumbnailUrl":"https:\/\/gnistan.fi\/wp-content\/uploads\/2024\/11\/gnistan-default-featured-2024-c.webp","datePublished":"2025-03-14T10:16:25+00:00","dateModified":"2026-04-07T09:40:40+00:00","breadcrumb":{"@id":"https:\/\/gnistan.fi\/kavelyfutis\/#breadcrumb"},"inLanguage":"sv-SE","potentialAction":[{"@type":"ReadAction","target":["https:\/\/gnistan.fi\/kavelyfutis\/"]}]},{"@type":"ImageObject","inLanguage":"sv-SE","@id":"https:\/\/gnistan.fi\/kavelyfutis\/#primaryimage","url":"https:\/\/gnistan.fi\/wp-content\/uploads\/2024\/11\/gnistan-default-featured-2024-c.webp","contentUrl":"https:\/\/gnistan.fi\/wp-content\/uploads\/2024\/11\/gnistan-default-featured-2024-c.webp","width":1920,"height":1080},{"@type":"BreadcrumbList","@id":"https:\/\/gnistan.fi\/kavelyfutis\/#breadcrumb","itemListElement":[{"@type":"ListItem","position":1,"name":"Etusivu","item":"https:\/\/gnistan.fi\/"},{"@type":"ListItem","position":2,"name":"K\u00e4velyfutis"}]},{"@type":"WebSite","@id":"https:\/\/gnistan.fi\/#website","url":"https:\/\/gnistan.fi\/","name":"IF Gnistan","description":"Viralliset sivut","publisher":{"@id":"https:\/\/gnistan.fi\/#organization"},"potentialAction":[{"@type":"SearchAction","target":{"@type":"EntryPoint","urlTemplate":"https:\/\/gnistan.fi\/?s={search_term_string}"},"query-input":{"@type":"PropertyValueSpecification","valueRequired":true,"valueName":"search_term_string"}}],"inLanguage":"sv-SE"},{"@type":"Organization","@id":"https:\/\/gnistan.fi\/#organization","name":"IF Gnistan","url":"https:\/\/gnistan.fi\/","logo":{"@type":"ImageObject","inLanguage":"sv-SE","@id":"https:\/\/gnistan.fi\/#\/schema\/logo\/image\/","url":"https:\/\/gnistan.fi\/wp-content\/uploads\/2019\/10\/if-gnistan-vector-logo.svg","contentUrl":"https:\/\/gnistan.fi\/wp-content\/uploads\/2019\/10\/if-gnistan-vector-logo.svg","width":269,"height":314,"caption":"IF Gnistan"},"image":{"@id":"https:\/\/gnistan.fi\/#\/schema\/logo\/image\/"},"sameAs":["https:\/\/facebook.com\/ifgnistan","https:\/\/x.com\/ifgnistan1924","https:\/\/instagram.com\/ifgnistan1924","https:\/\/www.linkedin.com\/company\/ifgnistan\/"]}]}},"jetpack_sharing_enabled":true,"_links":{"self":[{"href":"https:\/\/gnistan.fi\/sv\/wp-json\/wp\/v2\/pages\/38827","targetHints":{"allow":["GET"]}}],"collection":[{"href":"https:\/\/gnistan.fi\/sv\/wp-json\/wp\/v2\/pages"}],"about":[{"href":"https:\/\/gnistan.fi\/sv\/wp-json\/wp\/v2\/types\/page"}],"author":[{"embeddable":true,"href":"https:\/\/gnistan.fi\/sv\/wp-json\/wp\/v2\/users\/27"}],"replies":[{"embeddable":true,"href":"https:\/\/gnistan.fi\/sv\/wp-json\/wp\/v2\/comments?post=38827"}],"version-history":[{"count":12,"href":"https:\/\/gnistan.fi\/sv\/wp-json\/wp\/v2\/pages\/38827\/revisions"}],"predecessor-version":[{"id":44880,"href":"https:\/\/gnistan.fi\/sv\/wp-json\/wp\/v2\/pages\/38827\/revisions\/44880"}],"wp:featuredmedia":[{"embeddable":true,"href":"https:\/\/gnistan.fi\/sv\/wp-json\/wp\/v2\/media\/36703"}],"wp:attachment":[{"href":"https:\/\/gnistan.fi\/sv\/wp-json\/wp\/v2\/media?parent=38827"}],"curies":[{"name":"wp","href":"https:\/\/api.w.org\/{rel}","templated":true}]}}