{"id":29352,"date":"2024-05-24T13:52:56","date_gmt":"2024-05-24T10:52:56","guid":{"rendered":"https:\/\/gnistan.fi\/?page_id=29352"},"modified":"2026-04-10T10:21:25","modified_gmt":"2026-04-10T07:21:25","slug":"kipinaklubi","status":"publish","type":"page","link":"https:\/\/gnistan.fi\/sv\/kipinaklubi\/","title":{"rendered":"Kipin\u00e4klubi"},"content":{"rendered":"<div class=\"wp-block-jetpack-slideshow aligncenter\" data-autoplay=\"true\" data-delay=\"5\" data-effect=\"slide\" style=\"--aspect-ratio:calc(800 \/ 534)\"><div class=\"wp-block-jetpack-slideshow_container swiper\"><ul class=\"wp-block-jetpack-slideshow_swiper-wrapper swiper-wrapper\"><li class=\"wp-block-jetpack-slideshow_slide swiper-slide\"><figure><img fetchpriority=\"high\" decoding=\"async\" width=\"1024\" height=\"683\" alt=\"\" class=\"wp-block-jetpack-slideshow_image wp-image-44969\" data-id=\"44969\" data-aspect-ratio=\"800 \/ 534\" src=\"https:\/\/gnistan.fi\/wp-content\/uploads\/2026\/04\/D12A9895-1024x683.jpg\" srcset=\"https:\/\/gnistan.fi\/wp-content\/uploads\/2026\/04\/D12A9895-1024x683.jpg 1024w, https:\/\/gnistan.fi\/wp-content\/uploads\/2026\/04\/D12A9895-300x200.jpg 300w, https:\/\/gnistan.fi\/wp-content\/uploads\/2026\/04\/D12A9895-768x512.jpg 768w, https:\/\/gnistan.fi\/wp-content\/uploads\/2026\/04\/D12A9895-1536x1024.jpg 1536w, https:\/\/gnistan.fi\/wp-content\/uploads\/2026\/04\/D12A9895-2048x1365.jpg 2048w, https:\/\/gnistan.fi\/wp-content\/uploads\/2026\/04\/D12A9895-18x12.jpg 18w\" sizes=\"(max-width: 1024px) 100vw, 1024px\" \/><\/figure><\/li><li class=\"wp-block-jetpack-slideshow_slide swiper-slide\"><figure><img decoding=\"async\" width=\"1024\" height=\"683\" alt=\"\" class=\"wp-block-jetpack-slideshow_image wp-image-44970\" data-id=\"44970\" data-aspect-ratio=\"800 \/ 534\" src=\"https:\/\/gnistan.fi\/wp-content\/uploads\/2026\/04\/BN6A9970-1024x683.jpg\" srcset=\"https:\/\/gnistan.fi\/wp-content\/uploads\/2026\/04\/BN6A9970-1024x683.jpg 1024w, https:\/\/gnistan.fi\/wp-content\/uploads\/2026\/04\/BN6A9970-300x200.jpg 300w, https:\/\/gnistan.fi\/wp-content\/uploads\/2026\/04\/BN6A9970-768x512.jpg 768w, https:\/\/gnistan.fi\/wp-content\/uploads\/2026\/04\/BN6A9970-1536x1024.jpg 1536w, https:\/\/gnistan.fi\/wp-content\/uploads\/2026\/04\/BN6A9970-2048x1365.jpg 2048w, https:\/\/gnistan.fi\/wp-content\/uploads\/2026\/04\/BN6A9970-18x12.jpg 18w\" sizes=\"(max-width: 1024px) 100vw, 1024px\" \/><\/figure><\/li><li class=\"wp-block-jetpack-slideshow_slide swiper-slide\"><figure><img decoding=\"async\" width=\"1024\" height=\"1024\" alt=\"\" class=\"wp-block-jetpack-slideshow_image wp-image-39351\" data-id=\"39351\" data-aspect-ratio=\"800 \/ 800\" src=\"https:\/\/gnistan.fi\/wp-content\/uploads\/2025\/04\/78782c0d-0a57-43c4-893e-8b63b3bbef95-2-1024x1024.jpg\" srcset=\"https:\/\/gnistan.fi\/wp-content\/uploads\/2025\/04\/78782c0d-0a57-43c4-893e-8b63b3bbef95-2-1024x1024.jpg 1024w, https:\/\/gnistan.fi\/wp-content\/uploads\/2025\/04\/78782c0d-0a57-43c4-893e-8b63b3bbef95-2-300x300.jpg 300w, https:\/\/gnistan.fi\/wp-content\/uploads\/2025\/04\/78782c0d-0a57-43c4-893e-8b63b3bbef95-2-150x150.jpg 150w, https:\/\/gnistan.fi\/wp-content\/uploads\/2025\/04\/78782c0d-0a57-43c4-893e-8b63b3bbef95-2-768x768.jpg 768w, https:\/\/gnistan.fi\/wp-content\/uploads\/2025\/04\/78782c0d-0a57-43c4-893e-8b63b3bbef95-2-1536x1536.jpg 1536w, https:\/\/gnistan.fi\/wp-content\/uploads\/2025\/04\/78782c0d-0a57-43c4-893e-8b63b3bbef95-2-2048x2048.jpg 2048w, https:\/\/gnistan.fi\/wp-content\/uploads\/2025\/04\/78782c0d-0a57-43c4-893e-8b63b3bbef95-2-12x12.jpg 12w\" sizes=\"(max-width: 1024px) 100vw, 1024px\" \/><\/figure><\/li><li class=\"wp-block-jetpack-slideshow_slide swiper-slide\"><figure><img loading=\"lazy\" decoding=\"async\" width=\"1024\" height=\"683\" alt=\"\" class=\"wp-block-jetpack-slideshow_image wp-image-40712\" data-id=\"40712\" data-aspect-ratio=\"800 \/ 534\" src=\"https:\/\/gnistan.fi\/wp-content\/uploads\/2025\/07\/IF-Gnistan-Kipinaklubi-27.6.2025-33-1024x683.jpg\" srcset=\"https:\/\/gnistan.fi\/wp-content\/uploads\/2025\/07\/IF-Gnistan-Kipinaklubi-27.6.2025-33-1024x683.jpg 1024w, https:\/\/gnistan.fi\/wp-content\/uploads\/2025\/07\/IF-Gnistan-Kipinaklubi-27.6.2025-33-300x200.jpg 300w, https:\/\/gnistan.fi\/wp-content\/uploads\/2025\/07\/IF-Gnistan-Kipinaklubi-27.6.2025-33-768x512.jpg 768w, https:\/\/gnistan.fi\/wp-content\/uploads\/2025\/07\/IF-Gnistan-Kipinaklubi-27.6.2025-33-1536x1024.jpg 1536w, https:\/\/gnistan.fi\/wp-content\/uploads\/2025\/07\/IF-Gnistan-Kipinaklubi-27.6.2025-33-2048x1365.jpg 2048w, https:\/\/gnistan.fi\/wp-content\/uploads\/2025\/07\/IF-Gnistan-Kipinaklubi-27.6.2025-33-18x12.jpg 18w\" sizes=\"(max-width: 1024px) 100vw, 1024px\" \/><\/figure><\/li><li class=\"wp-block-jetpack-slideshow_slide swiper-slide\"><figure><img loading=\"lazy\" decoding=\"async\" width=\"1024\" height=\"683\" alt=\"\" class=\"wp-block-jetpack-slideshow_image wp-image-40711\" data-id=\"40711\" data-aspect-ratio=\"800 \/ 534\" src=\"https:\/\/gnistan.fi\/wp-content\/uploads\/2025\/07\/IF-Gnistan-Kipinaklubi-27.6.2025-41-1024x683.jpg\" srcset=\"https:\/\/gnistan.fi\/wp-content\/uploads\/2025\/07\/IF-Gnistan-Kipinaklubi-27.6.2025-41-1024x683.jpg 1024w, https:\/\/gnistan.fi\/wp-content\/uploads\/2025\/07\/IF-Gnistan-Kipinaklubi-27.6.2025-41-300x200.jpg 300w, https:\/\/gnistan.fi\/wp-content\/uploads\/2025\/07\/IF-Gnistan-Kipinaklubi-27.6.2025-41-768x512.jpg 768w, https:\/\/gnistan.fi\/wp-content\/uploads\/2025\/07\/IF-Gnistan-Kipinaklubi-27.6.2025-41-1536x1024.jpg 1536w, https:\/\/gnistan.fi\/wp-content\/uploads\/2025\/07\/IF-Gnistan-Kipinaklubi-27.6.2025-41-2048x1365.jpg 2048w, https:\/\/gnistan.fi\/wp-content\/uploads\/2025\/07\/IF-Gnistan-Kipinaklubi-27.6.2025-41-18x12.jpg 18w\" sizes=\"(max-width: 1024px) 100vw, 1024px\" \/><\/figure><\/li><li class=\"wp-block-jetpack-slideshow_slide swiper-slide\"><figure><img loading=\"lazy\" decoding=\"async\" width=\"1024\" height=\"683\" alt=\"\" class=\"wp-block-jetpack-slideshow_image wp-image-40713\" data-id=\"40713\" data-aspect-ratio=\"800 \/ 534\" src=\"https:\/\/gnistan.fi\/wp-content\/uploads\/2025\/07\/IF-Gnistan-Kipinaklubi-27.6.2025-15-1024x683.jpg\" srcset=\"https:\/\/gnistan.fi\/wp-content\/uploads\/2025\/07\/IF-Gnistan-Kipinaklubi-27.6.2025-15-1024x683.jpg 1024w, https:\/\/gnistan.fi\/wp-content\/uploads\/2025\/07\/IF-Gnistan-Kipinaklubi-27.6.2025-15-300x200.jpg 300w, https:\/\/gnistan.fi\/wp-content\/uploads\/2025\/07\/IF-Gnistan-Kipinaklubi-27.6.2025-15-768x512.jpg 768w, https:\/\/gnistan.fi\/wp-content\/uploads\/2025\/07\/IF-Gnistan-Kipinaklubi-27.6.2025-15-1536x1024.jpg 1536w, https:\/\/gnistan.fi\/wp-content\/uploads\/2025\/07\/IF-Gnistan-Kipinaklubi-27.6.2025-15-2048x1365.jpg 2048w, https:\/\/gnistan.fi\/wp-content\/uploads\/2025\/07\/IF-Gnistan-Kipinaklubi-27.6.2025-15-18x12.jpg 18w\" sizes=\"(max-width: 1024px) 100vw, 1024px\" \/><\/figure><\/li><li class=\"wp-block-jetpack-slideshow_slide swiper-slide\"><figure><img loading=\"lazy\" decoding=\"async\" width=\"1024\" height=\"683\" alt=\"\" class=\"wp-block-jetpack-slideshow_image wp-image-40714\" data-id=\"40714\" data-aspect-ratio=\"800 \/ 534\" src=\"https:\/\/gnistan.fi\/wp-content\/uploads\/2025\/07\/IF-Gnistan-Kipinaklubi-27.6.2025-26-1024x683.jpg\" srcset=\"https:\/\/gnistan.fi\/wp-content\/uploads\/2025\/07\/IF-Gnistan-Kipinaklubi-27.6.2025-26-1024x683.jpg 1024w, https:\/\/gnistan.fi\/wp-content\/uploads\/2025\/07\/IF-Gnistan-Kipinaklubi-27.6.2025-26-300x200.jpg 300w, https:\/\/gnistan.fi\/wp-content\/uploads\/2025\/07\/IF-Gnistan-Kipinaklubi-27.6.2025-26-768x512.jpg 768w, https:\/\/gnistan.fi\/wp-content\/uploads\/2025\/07\/IF-Gnistan-Kipinaklubi-27.6.2025-26-1536x1024.jpg 1536w, https:\/\/gnistan.fi\/wp-content\/uploads\/2025\/07\/IF-Gnistan-Kipinaklubi-27.6.2025-26-2048x1365.jpg 2048w, https:\/\/gnistan.fi\/wp-content\/uploads\/2025\/07\/IF-Gnistan-Kipinaklubi-27.6.2025-26-18x12.jpg 18w\" sizes=\"(max-width: 1024px) 100vw, 1024px\" \/><\/figure><\/li><li class=\"wp-block-jetpack-slideshow_slide swiper-slide\"><figure><img loading=\"lazy\" decoding=\"async\" width=\"1024\" height=\"1024\" alt=\"\" class=\"wp-block-jetpack-slideshow_image wp-image-29397\" data-id=\"29397\" data-aspect-ratio=\"800 \/ 800\" src=\"https:\/\/gnistan.fi\/wp-content\/uploads\/2024\/05\/WhatsApp-Image-2024-05-24-at-14.12.44-1-1024x1024.jpeg\" srcset=\"https:\/\/gnistan.fi\/wp-content\/uploads\/2024\/05\/WhatsApp-Image-2024-05-24-at-14.12.44-1-1024x1024.jpeg 1024w, https:\/\/gnistan.fi\/wp-content\/uploads\/2024\/05\/WhatsApp-Image-2024-05-24-at-14.12.44-1-300x300.jpeg 300w, https:\/\/gnistan.fi\/wp-content\/uploads\/2024\/05\/WhatsApp-Image-2024-05-24-at-14.12.44-1-150x150.jpeg 150w, https:\/\/gnistan.fi\/wp-content\/uploads\/2024\/05\/WhatsApp-Image-2024-05-24-at-14.12.44-1-768x768.jpeg 768w, https:\/\/gnistan.fi\/wp-content\/uploads\/2024\/05\/WhatsApp-Image-2024-05-24-at-14.12.44-1-128x128.jpeg 128w, https:\/\/gnistan.fi\/wp-content\/uploads\/2024\/05\/WhatsApp-Image-2024-05-24-at-14.12.44-1-32x32.jpeg 32w, https:\/\/gnistan.fi\/wp-content\/uploads\/2024\/05\/WhatsApp-Image-2024-05-24-at-14.12.44-1-600x600.jpeg 600w, https:\/\/gnistan.fi\/wp-content\/uploads\/2024\/05\/WhatsApp-Image-2024-05-24-at-14.12.44-1-100x100.jpeg 100w, https:\/\/gnistan.fi\/wp-content\/uploads\/2024\/05\/WhatsApp-Image-2024-05-24-at-14.12.44-1.jpeg 1368w\" sizes=\"(max-width: 1024px) 100vw, 1024px\" \/><\/figure><\/li><\/ul><a class=\"wp-block-jetpack-slideshow_button-prev swiper-button-prev swiper-button-white\" role=\"button\"><\/a><a class=\"wp-block-jetpack-slideshow_button-next swiper-button-next swiper-button-white\" role=\"button\"><\/a><a aria-label=\"Pause Slideshow\" class=\"wp-block-jetpack-slideshow_button-pause\" role=\"button\"><\/a><div class=\"wp-block-jetpack-slideshow_pagination swiper-pagination swiper-pagination-white\"><\/div><\/div><\/div>\n\n\n\n<p>Kipin\u00e4klubi on IF Gnistanin ylpeys, joka yhdist\u00e4\u00e4 paikalliset yritykset ja yhteis\u00f6t tukemaan seuran matkaa kohti menestyst\u00e4. Tule mukaan ja koe, kuinka yhteis\u00f6llisyys, arvot ja paikallisuus luovat vahvan perustan yhteisty\u00f6lle.<\/p>\n\n\n\n<h2 class=\"wp-block-heading\">Meid\u00e4n Tarinamme<\/h2>\n\n\n\n<p>IF Gnistanin tarina alkoi pienest\u00e4 paikallisesta seurasta, joka kasvoi ja kehittyi yhteis\u00f6ns\u00e4 tukemana. Olemme ylpeit\u00e4 juuristamme ja siit\u00e4, kuinka olemme nousseet kohti uusia korkeuksia. Kipin\u00e4klubi on syntynyt t\u00e4st\u00e4 samasta intohimosta ja halusta luoda merkityksellisi\u00e4 kumppanuuksia.<\/p>\n\n\n\n<h2 class=\"wp-block-heading\">Aikaisemmat puhujat \/ tapahtumat Kipin\u00e4klubissa<\/h2>\n\n\n\n<ul class=\"wp-block-list\">\n<li><strong>Antti Uusitalo<\/strong> IF Gnistanin hallituksen puheenjohtaja: <em>Onko urheilu bisnest\u00e4?<\/em><\/li>\n\n\n\n<li><strong>Jarkko Jokiranta<\/strong> IF Gnistanin urheilutoimenjohtaja: <em>Neuvottelutaidot pelaajaneuvotteluissa ja katsaus peliin<\/em><\/li>\n\n\n\n<li><strong>Jouni Simola <\/strong>Virhon puheenjohtaja: <em>Virtavesien hoito ja kalastus<\/em><\/li>\n\n\n\n<li><strong>Sami Miettinen<\/strong> Investointipankkiiri ja kirjailija: <em>Neuvottelumahdollisuudet ja taidot<\/em><\/li>\n\n\n\n<li><strong>Anttu Koistinen<\/strong>, Toimitusjohtaja, Kasvu: <em>Mit\u00e4 yritt\u00e4j\u00e4n pit\u00e4\u00e4 ottaa huomioon teko\u00e4lyn k\u00e4ytt\u00f6\u00f6notossa?<\/em> <em>+ uhat ja mahdollisuudet<\/em><\/li>\n\n\n\n<li><strong>Ville Rapeli<\/strong>, Nro One AI: <em>Tek\u00f6\u00e4lyn mahdollisuudet ja hy\u00f6dynt\u00e4minen urheilussa<\/em><\/li>\n\n\n\n<li><strong>Nuutti R\u00e4is\u00e4nen ja Toni Konsti<\/strong>, One Second AI: <em>Tiedon haku ja Powerpoint-esitysten tekeminen teko\u00e4lyll\u00e4<\/em><\/li>\n<\/ul>\n\n\n\n<p><\/p>\n\n\n\n<h2 class=\"wp-block-heading\">Miksi valita Kipin\u00e4klubi?<\/h2>\n\n\n\n<ul class=\"wp-block-list\">\n<li>Kaupallisuus: B2B-liiketoimintamahdollisuudet verkoston j\u00e4senten kesken<\/li>\n\n\n\n<li>Paikallisuus: Olemme ylpeit\u00e4 paikallisista juuristamme ja haluamme tukea l\u00e4hiseudun yrityksi\u00e4 ja yhteis\u00f6j\u00e4.<\/li>\n\n\n\n<li>Arvot: Yhteiset arvot ja tavoitteet luovat vahvan perustan pitk\u00e4aikaiselle yhteisty\u00f6lle.<\/li>\n\n\n\n<li>Yhteis\u00f6llisyys: Kipin\u00e4klubi tuo yhteen yritykset, jotka haluavat olla osa jotain suurempaa ja merkityksellisemp\u00e4\u00e4.<\/li>\n\n\n\n<li>N\u00e4kyvyys: Yhteisty\u00f6 IF Gnistanin kanssa tarjoaa laajan n\u00e4kyvyyden ja mahdollisuuden tavoittaa uusia asiakkaita.<\/li>\n\n\n\n<li>Menestys: Yhteisty\u00f6n kautta saavutettu menestys vahvistaa br\u00e4ndi\u00e4si ja luo uusia mahdollisuuksia.<\/li>\n\n\n\n<li>Tarinat: Jokaisella kumppanillamme on oma ainutlaatuinen tarinansa, joista voimme yhdess\u00e4 oppia ja inspiroitua.<\/li>\n<\/ul>\n\n\n\n<p><\/p>\n\n\n\n<h2 class=\"wp-block-heading\">Mit\u00e4 kipin\u00e4klubi sis\u00e4lt\u00e4\u00e4?<\/h2>\n\n\n\n<ul class=\"wp-block-list\">\n<li>Yritysverkoston tapahtumat (8 kertaa vuodessa, sek\u00e4 ottelutapahtumissa Gnistan Lounge -tilassa ett\u00e4 muissa yhteyksiss\u00e4)<\/li>\n\n\n\n<li>Yrityksen nimi stadionin tukijataulussa sek\u00e4 Gnistanin verkkosivuilla<\/li>\n\n\n\n<li>Oikeus k\u00e4ytt\u00e4\u00e4 Gnistanin br\u00e4ndi\u00e4 omassa markkinoinnissa<\/li>\n<\/ul>\n\n\n\n<p><\/p>\n\n\n\n<h2 class=\"wp-block-heading\">Ohjelma<\/h2>\n\n\n\n<figure class=\"wp-block-table\"><table class=\"has-fixed-layout\"><tbody><tr><td><strong>P\u00e4iv\u00e4m\u00e4\u00e4r\u00e4<\/strong><\/td><td><strong>Kellonaika<\/strong><\/td><td><strong>Tapahtuma<\/strong><\/td><\/tr><tr><td>26.3.2026<\/td><td>10:30<\/td><td>Seminaarimatka<\/td><\/tr><tr><td>4.4.2026<\/td><td>16:00<\/td><td>IF Gnistan \u2013 AC Oulu<\/td><\/tr><tr><td>5.5.2026<\/td><td>16:30<\/td><td>IF Gnistan \u2013 FC Inter<\/td><\/tr><tr><td>17.6.2026<\/td><td>18:30<\/td><td>IF Gnistan \u2013 FC Lahti<\/td><\/tr><tr><td>3.7.2026<\/td><td>15:00<\/td><td>Kipin\u00e4 Festival Business Special<\/td><\/tr><tr><td>17.8.2026<\/td><td>16:00<\/td><td>IF Gnistan \u2013 Ilves<\/td><\/tr><tr><td>Syyskuu TBA<\/td><td>\u2013<\/td><td>IF Gnistan \u2013 TBA<\/td><\/tr><tr><td>Lokakuu TBA<\/td><td>\u2013<\/td><td>IF Gnistan \u2013 TBA<\/td><\/tr><tr><td>Marraskuu Gaala<\/td><td>\u2013<\/td><td>Gaala<\/td><\/tr><\/tbody><\/table><\/figure>\n\n\n\n<h2 class=\"wp-block-heading\">Liity Kipin\u00e4klubiin<\/h2>\n\n\n\n<p>Haluatko olla osa tarinaamme ja tukea IF Gnistanin matkaa kohti menestyst\u00e4? Liity Kipin\u00e4klubiin ja tule osaksi yhteis\u00f6\u00e4, joka arvostaa paikallisuutta, yhteis\u00f6llisyytt\u00e4 ja menestyst\u00e4.<\/p>\n\n\n\n<p><\/p>\n\n\n\n<p>Ota yhteytt\u00e4&nbsp;ja aloitetaan yhteisty\u00f6, joka sytytt\u00e4\u00e4 kipin\u00e4n!<\/p>\n\n\n\n<p><strong>Intresserad? F\u00f6r mer information och best\u00e4llning:<\/strong><br>Mimi Lounio<br>041 328 3008<br><a href=\"mailto:mimi.lounio@gnistan.fi\" target=\"_blank\" rel=\"noreferrer noopener\">mimi.lounio@gnistan.fi<\/a><\/p>","protected":false},"excerpt":{"rendered":"<p>Kipin\u00e4klubi on IF Gnistanin ylpeys, joka yhdist\u00e4\u00e4 paikalliset yritykset ja yhteis\u00f6t tukemaan seuran matkaa kohti menestyst\u00e4. Tule mukaan ja koe, kuinka yhteis\u00f6llisyys, arvot ja paikallisuus luovat vahvan perustan yhteisty\u00f6lle. Meid\u00e4n Tarinamme IF Gnistanin tarina alkoi pienest\u00e4 paikallisesta seurasta, joka kasvoi ja kehittyi yhteis\u00f6ns\u00e4 tukemana. Olemme ylpeit\u00e4 juuristamme ja siit\u00e4, kuinka olemme nousseet kohti uusia korkeuksia. [&hellip;]<\/p>\n","protected":false},"author":27,"featured_media":36703,"parent":0,"menu_order":0,"comment_status":"closed","ping_status":"closed","template":"","meta":{"_acf_changed":false,"footnotes":""},"class_list":["post-29352","page","type-page","status-publish","has-post-thumbnail","hentry"],"acf":[],"yoast_head":"<!-- This site is optimized with the Yoast SEO plugin v27.3 - https:\/\/yoast.com\/product\/yoast-seo-wordpress\/ -->\n<title>Kipin\u00e4klubi - IF Gnistan<\/title>\n<meta name=\"robots\" content=\"index, follow, max-snippet:-1, max-image-preview:large, max-video-preview:-1\" \/>\n<link rel=\"canonical\" href=\"https:\/\/gnistan.fi\/sv\/kipinaklubi\/\" \/>\n<meta property=\"og:locale\" content=\"sv_SE\" \/>\n<meta property=\"og:type\" content=\"article\" \/>\n<meta property=\"og:title\" content=\"Kipin\u00e4klubi - IF Gnistan\" \/>\n<meta property=\"og:description\" content=\"Kipin\u00e4klubi on IF Gnistanin ylpeys, joka yhdist\u00e4\u00e4 paikalliset yritykset ja yhteis\u00f6t tukemaan seuran matkaa kohti menestyst\u00e4. Tule mukaan ja koe, kuinka yhteis\u00f6llisyys, arvot ja paikallisuus luovat vahvan perustan yhteisty\u00f6lle. Meid\u00e4n Tarinamme IF Gnistanin tarina alkoi pienest\u00e4 paikallisesta seurasta, joka kasvoi ja kehittyi yhteis\u00f6ns\u00e4 tukemana. Olemme ylpeit\u00e4 juuristamme ja siit\u00e4, kuinka olemme nousseet kohti uusia korkeuksia. [&hellip;]\" \/>\n<meta property=\"og:url\" content=\"https:\/\/gnistan.fi\/sv\/kipinaklubi\/\" \/>\n<meta property=\"og:site_name\" content=\"IF Gnistan\" \/>\n<meta property=\"article:publisher\" content=\"https:\/\/facebook.com\/ifgnistan\" \/>\n<meta property=\"article:modified_time\" content=\"2026-04-10T07:21:25+00:00\" \/>\n<meta property=\"og:image\" content=\"https:\/\/gnistan.fi\/wp-content\/uploads\/2026\/04\/D12A9895-scaled.jpg\" \/>\n\t<meta property=\"og:image:width\" content=\"2560\" \/>\n\t<meta property=\"og:image:height\" content=\"1707\" \/>\n\t<meta property=\"og:image:type\" content=\"image\/jpeg\" \/>\n<meta name=\"twitter:card\" content=\"summary_large_image\" \/>\n<meta name=\"twitter:site\" content=\"@ifgnistan1924\" \/>\n<meta name=\"twitter:label1\" content=\"Ber\u00e4knad l\u00e4stid\" \/>\n\t<meta name=\"twitter:data1\" content=\"4 minuter\" \/>\n<script type=\"application\/ld+json\" class=\"yoast-schema-graph\">{\"@context\":\"https:\\\/\\\/schema.org\",\"@graph\":[{\"@type\":\"WebPage\",\"@id\":\"https:\\\/\\\/gnistan.fi\\\/kipinaklubi\\\/\",\"url\":\"https:\\\/\\\/gnistan.fi\\\/kipinaklubi\\\/\",\"name\":\"Kipin\u00e4klubi - IF Gnistan\",\"isPartOf\":{\"@id\":\"https:\\\/\\\/gnistan.fi\\\/#website\"},\"primaryImageOfPage\":{\"@id\":\"https:\\\/\\\/gnistan.fi\\\/kipinaklubi\\\/#primaryimage\"},\"image\":{\"@id\":\"https:\\\/\\\/gnistan.fi\\\/kipinaklubi\\\/#primaryimage\"},\"thumbnailUrl\":\"https:\\\/\\\/gnistan.fi\\\/wp-content\\\/uploads\\\/2024\\\/11\\\/gnistan-default-featured-2024-c.webp\",\"datePublished\":\"2024-05-24T10:52:56+00:00\",\"dateModified\":\"2026-04-10T07:21:25+00:00\",\"breadcrumb\":{\"@id\":\"https:\\\/\\\/gnistan.fi\\\/kipinaklubi\\\/#breadcrumb\"},\"inLanguage\":\"sv-SE\",\"potentialAction\":[{\"@type\":\"ReadAction\",\"target\":[\"https:\\\/\\\/gnistan.fi\\\/kipinaklubi\\\/\"]}]},{\"@type\":\"ImageObject\",\"inLanguage\":\"sv-SE\",\"@id\":\"https:\\\/\\\/gnistan.fi\\\/kipinaklubi\\\/#primaryimage\",\"url\":\"https:\\\/\\\/gnistan.fi\\\/wp-content\\\/uploads\\\/2024\\\/11\\\/gnistan-default-featured-2024-c.webp\",\"contentUrl\":\"https:\\\/\\\/gnistan.fi\\\/wp-content\\\/uploads\\\/2024\\\/11\\\/gnistan-default-featured-2024-c.webp\",\"width\":1920,\"height\":1080},{\"@type\":\"BreadcrumbList\",\"@id\":\"https:\\\/\\\/gnistan.fi\\\/kipinaklubi\\\/#breadcrumb\",\"itemListElement\":[{\"@type\":\"ListItem\",\"position\":1,\"name\":\"Etusivu\",\"item\":\"https:\\\/\\\/gnistan.fi\\\/\"},{\"@type\":\"ListItem\",\"position\":2,\"name\":\"Kipin\u00e4klubi\"}]},{\"@type\":\"WebSite\",\"@id\":\"https:\\\/\\\/gnistan.fi\\\/#website\",\"url\":\"https:\\\/\\\/gnistan.fi\\\/\",\"name\":\"IF Gnistan\",\"description\":\"Viralliset sivut\",\"publisher\":{\"@id\":\"https:\\\/\\\/gnistan.fi\\\/#organization\"},\"potentialAction\":[{\"@type\":\"SearchAction\",\"target\":{\"@type\":\"EntryPoint\",\"urlTemplate\":\"https:\\\/\\\/gnistan.fi\\\/?s={search_term_string}\"},\"query-input\":{\"@type\":\"PropertyValueSpecification\",\"valueRequired\":true,\"valueName\":\"search_term_string\"}}],\"inLanguage\":\"sv-SE\"},{\"@type\":\"Organization\",\"@id\":\"https:\\\/\\\/gnistan.fi\\\/#organization\",\"name\":\"IF Gnistan\",\"url\":\"https:\\\/\\\/gnistan.fi\\\/\",\"logo\":{\"@type\":\"ImageObject\",\"inLanguage\":\"sv-SE\",\"@id\":\"https:\\\/\\\/gnistan.fi\\\/#\\\/schema\\\/logo\\\/image\\\/\",\"url\":\"https:\\\/\\\/gnistan.fi\\\/wp-content\\\/uploads\\\/2019\\\/10\\\/if-gnistan-vector-logo.svg\",\"contentUrl\":\"https:\\\/\\\/gnistan.fi\\\/wp-content\\\/uploads\\\/2019\\\/10\\\/if-gnistan-vector-logo.svg\",\"width\":269,\"height\":314,\"caption\":\"IF Gnistan\"},\"image\":{\"@id\":\"https:\\\/\\\/gnistan.fi\\\/#\\\/schema\\\/logo\\\/image\\\/\"},\"sameAs\":[\"https:\\\/\\\/facebook.com\\\/ifgnistan\",\"https:\\\/\\\/x.com\\\/ifgnistan1924\",\"https:\\\/\\\/instagram.com\\\/ifgnistan1924\",\"https:\\\/\\\/www.linkedin.com\\\/company\\\/ifgnistan\\\/\"]}]}<\/script>\n<!-- \/ Yoast SEO plugin. -->","yoast_head_json":{"title":"Kipin\u00e4klubi - IF Gnistan","robots":{"index":"index","follow":"follow","max-snippet":"max-snippet:-1","max-image-preview":"max-image-preview:large","max-video-preview":"max-video-preview:-1"},"canonical":"https:\/\/gnistan.fi\/sv\/kipinaklubi\/","og_locale":"sv_SE","og_type":"article","og_title":"Kipin\u00e4klubi - IF Gnistan","og_description":"Kipin\u00e4klubi on IF Gnistanin ylpeys, joka yhdist\u00e4\u00e4 paikalliset yritykset ja yhteis\u00f6t tukemaan seuran matkaa kohti menestyst\u00e4. Tule mukaan ja koe, kuinka yhteis\u00f6llisyys, arvot ja paikallisuus luovat vahvan perustan yhteisty\u00f6lle. Meid\u00e4n Tarinamme IF Gnistanin tarina alkoi pienest\u00e4 paikallisesta seurasta, joka kasvoi ja kehittyi yhteis\u00f6ns\u00e4 tukemana. Olemme ylpeit\u00e4 juuristamme ja siit\u00e4, kuinka olemme nousseet kohti uusia korkeuksia. [&hellip;]","og_url":"https:\/\/gnistan.fi\/sv\/kipinaklubi\/","og_site_name":"IF Gnistan","article_publisher":"https:\/\/facebook.com\/ifgnistan","article_modified_time":"2026-04-10T07:21:25+00:00","og_image":[{"width":2560,"height":1707,"url":"https:\/\/gnistan.fi\/wp-content\/uploads\/2026\/04\/D12A9895-scaled.jpg","type":"image\/jpeg"}],"twitter_card":"summary_large_image","twitter_site":"@ifgnistan1924","twitter_misc":{"Ber\u00e4knad l\u00e4stid":"4 minuter"},"schema":{"@context":"https:\/\/schema.org","@graph":[{"@type":"WebPage","@id":"https:\/\/gnistan.fi\/kipinaklubi\/","url":"https:\/\/gnistan.fi\/kipinaklubi\/","name":"Kipin\u00e4klubi - IF Gnistan","isPartOf":{"@id":"https:\/\/gnistan.fi\/#website"},"primaryImageOfPage":{"@id":"https:\/\/gnistan.fi\/kipinaklubi\/#primaryimage"},"image":{"@id":"https:\/\/gnistan.fi\/kipinaklubi\/#primaryimage"},"thumbnailUrl":"https:\/\/gnistan.fi\/wp-content\/uploads\/2024\/11\/gnistan-default-featured-2024-c.webp","datePublished":"2024-05-24T10:52:56+00:00","dateModified":"2026-04-10T07:21:25+00:00","breadcrumb":{"@id":"https:\/\/gnistan.fi\/kipinaklubi\/#breadcrumb"},"inLanguage":"sv-SE","potentialAction":[{"@type":"ReadAction","target":["https:\/\/gnistan.fi\/kipinaklubi\/"]}]},{"@type":"ImageObject","inLanguage":"sv-SE","@id":"https:\/\/gnistan.fi\/kipinaklubi\/#primaryimage","url":"https:\/\/gnistan.fi\/wp-content\/uploads\/2024\/11\/gnistan-default-featured-2024-c.webp","contentUrl":"https:\/\/gnistan.fi\/wp-content\/uploads\/2024\/11\/gnistan-default-featured-2024-c.webp","width":1920,"height":1080},{"@type":"BreadcrumbList","@id":"https:\/\/gnistan.fi\/kipinaklubi\/#breadcrumb","itemListElement":[{"@type":"ListItem","position":1,"name":"Etusivu","item":"https:\/\/gnistan.fi\/"},{"@type":"ListItem","position":2,"name":"Kipin\u00e4klubi"}]},{"@type":"WebSite","@id":"https:\/\/gnistan.fi\/#website","url":"https:\/\/gnistan.fi\/","name":"IF Gnistan","description":"Viralliset sivut","publisher":{"@id":"https:\/\/gnistan.fi\/#organization"},"potentialAction":[{"@type":"SearchAction","target":{"@type":"EntryPoint","urlTemplate":"https:\/\/gnistan.fi\/?s={search_term_string}"},"query-input":{"@type":"PropertyValueSpecification","valueRequired":true,"valueName":"search_term_string"}}],"inLanguage":"sv-SE"},{"@type":"Organization","@id":"https:\/\/gnistan.fi\/#organization","name":"IF Gnistan","url":"https:\/\/gnistan.fi\/","logo":{"@type":"ImageObject","inLanguage":"sv-SE","@id":"https:\/\/gnistan.fi\/#\/schema\/logo\/image\/","url":"https:\/\/gnistan.fi\/wp-content\/uploads\/2019\/10\/if-gnistan-vector-logo.svg","contentUrl":"https:\/\/gnistan.fi\/wp-content\/uploads\/2019\/10\/if-gnistan-vector-logo.svg","width":269,"height":314,"caption":"IF Gnistan"},"image":{"@id":"https:\/\/gnistan.fi\/#\/schema\/logo\/image\/"},"sameAs":["https:\/\/facebook.com\/ifgnistan","https:\/\/x.com\/ifgnistan1924","https:\/\/instagram.com\/ifgnistan1924","https:\/\/www.linkedin.com\/company\/ifgnistan\/"]}]}},"jetpack_sharing_enabled":true,"_links":{"self":[{"href":"https:\/\/gnistan.fi\/sv\/wp-json\/wp\/v2\/pages\/29352","targetHints":{"allow":["GET"]}}],"collection":[{"href":"https:\/\/gnistan.fi\/sv\/wp-json\/wp\/v2\/pages"}],"about":[{"href":"https:\/\/gnistan.fi\/sv\/wp-json\/wp\/v2\/types\/page"}],"author":[{"embeddable":true,"href":"https:\/\/gnistan.fi\/sv\/wp-json\/wp\/v2\/users\/27"}],"replies":[{"embeddable":true,"href":"https:\/\/gnistan.fi\/sv\/wp-json\/wp\/v2\/comments?post=29352"}],"version-history":[{"count":19,"href":"https:\/\/gnistan.fi\/sv\/wp-json\/wp\/v2\/pages\/29352\/revisions"}],"predecessor-version":[{"id":44973,"href":"https:\/\/gnistan.fi\/sv\/wp-json\/wp\/v2\/pages\/29352\/revisions\/44973"}],"wp:featuredmedia":[{"embeddable":true,"href":"https:\/\/gnistan.fi\/sv\/wp-json\/wp\/v2\/media\/36703"}],"wp:attachment":[{"href":"https:\/\/gnistan.fi\/sv\/wp-json\/wp\/v2\/media?parent=29352"}],"curies":[{"name":"wp","href":"https:\/\/api.w.org\/{rel}","templated":true}]}}