{"id":28127,"date":"2024-04-08T11:19:37","date_gmt":"2024-04-08T08:19:37","guid":{"rendered":"https:\/\/gnistan.fi\/?page_id=28127"},"modified":"2025-11-13T15:33:00","modified_gmt":"2025-11-13T13:33:00","slug":"p2018","status":"publish","type":"page","link":"https:\/\/gnistan.fi\/sv\/p2018\/","title":{"rendered":"P2018"},"content":{"rendered":"<figure class=\"wp-block-image size-large\"><img fetchpriority=\"high\" decoding=\"async\" width=\"1024\" height=\"555\" src=\"https:\/\/gnistan.fi\/wp-content\/uploads\/2025\/06\/P2018-1024x555.jpg\" alt=\"\" class=\"wp-image-40487\" srcset=\"https:\/\/gnistan.fi\/wp-content\/uploads\/2025\/06\/P2018-1024x555.jpg 1024w, https:\/\/gnistan.fi\/wp-content\/uploads\/2025\/06\/P2018-300x163.jpg 300w, https:\/\/gnistan.fi\/wp-content\/uploads\/2025\/06\/P2018-768x416.jpg 768w, https:\/\/gnistan.fi\/wp-content\/uploads\/2025\/06\/P2018-1536x832.jpg 1536w, https:\/\/gnistan.fi\/wp-content\/uploads\/2025\/06\/P2018-2048x1110.jpg 2048w, https:\/\/gnistan.fi\/wp-content\/uploads\/2025\/06\/P2018-18x10.jpg 18w\" sizes=\"(max-width: 1024px) 100vw, 1024px\" \/><\/figure>\n\n\n\n<p>TULE MUKAAN PELAAMAAN! Kaikki halukkaat ovat tervetulleita joukkuetoimintaan!<\/p>\n\n\n\n<p>Joukkue on aloittanut toimintansa 6.5.2024.&nbsp;Sek\u00e4 jo jalkapalloa pelanneet vuonna 2018&nbsp;-syntyneet tyt\u00f6t ja pojat, ett\u00e4 ihan uudet harrastajat ovat tervetulleita! Kaikille l\u00f6ytyy oman tasoiset ryhm\u00e4t harjoituksissa ja peleiss\u00e4. Tyt\u00f6t ja pojat voivat halutessaan pelata yhdess\u00e4 tai erikseen riippuen pelaajien m\u00e4\u00e4r\u00e4st\u00e4.&nbsp;<\/p>\n\n\n\n<p>Joukkueen toimintamaksu on 60\u20ac\/kk. Toimintamaksu kattaa kentt\u00e4maksun ja valmennusmaksun.<\/p>\n\n\n\n<p>Toimintaan voi tulla tutustumaan kahden viikon ajan veloituksetta. Ilmoitattehan joukkueenjohtajallemme, kun tulette ensimm\u00e4ist\u00e4 kertaa harjoituksiin. Valmennuksellisiin kysymyksiin vastaa joukkueen vastuuvalmentaja.<\/p>\n\n\n\n<p><em>Kun p\u00e4\u00e4t\u00e4tte virallisesti ilmoittautua mukaan joukkueemme toimintaan ja liitty\u00e4 seuraamme voitte tehd\u00e4 sen t\u00e4\u00e4lt\u00e4:&nbsp;<u><a href=\"https:\/\/gnistan.fi\/sv\/bli-medlem\/\" target=\"_blank\" rel=\"noreferrer noopener\">J\u00e4seneksi \u2013 IF Gnistan<\/a><\/u><\/em><\/p>\n\n\n\n<p><em>Ilmoittautumisenne j\u00e4lkeen teid\u00e4t liitet\u00e4\u00e4n seuramme j\u00e4senpalveluun MyClubiin, mist\u00e4 n\u00e4ette joukkueen tapahtumakalenterin ja p\u00e4\u00e4sette osallistumaan joukkueen tapahtumiin. Kehotamme teit\u00e4 lukemaan joukkueen t\u00e4rke\u00e4t ohjeistukset MyClubin tiedotteista liitytty\u00e4nne joukkueeseen. Saatte ilmoittautumisen my\u00f6t\u00e4 my\u00f6s seuran j\u00e4senmaksun\/toimintamaksun sek\u00e4 joukkuemaksun. Lis\u00e4tietoa seuran maksuista <a href=\"https:\/\/gnistan.fi\/sv\/seuran-maksut\/\">https:\/\/gnistan.fi\/seuran-maksut\/<\/a>.<\/em><\/p>\n\n\n\n<p>Vastuuvalmentajana toimii Pyry Korhonen <a data-type=\"mailto\" data-id=\"mailto:panu.pattikangas@gmail.com\" href=\"mailto:panu.pattikangas@gmail.com\">pyry.korhonen@gnistan.fi<\/a><\/p>\n\n\n\n<p>Joukkueenjohtajat: <a href=\"mailto:gnistanp18@gmail.com\" data-type=\"mailto\" data-id=\"mailto:gnistanp18@gmail.com\">gnistanp18@gmail.com<\/a> <\/p>\n\n\n\n<p><em>Harjoituskalenteri <\/em>marras-huhtikuu:<\/p>\n\n\n\n<p><em><strong>Tiistaisin <\/strong>sis\u00e4treenit klo 16.30-19 v\u00e4lill\u00e4 &#8211; 3 ryhm\u00e4\u00e4 Stadin ammattiopistolla K\u00e4pyl\u00e4ss\u00e4<\/em>.<\/p>\n\n\n\n<p><strong>Torstaisin <\/strong>kaksi ryhm\u00e4\u00e4 klo 16.45-18 ja klo 18-19.15 Pikkupekka Areenalla.<\/p>\n\n\n\n<p><\/p>","protected":false},"excerpt":{"rendered":"<p>TULE MUKAAN PELAAMAAN! Kaikki halukkaat ovat tervetulleita joukkuetoimintaan! Joukkue on aloittanut toimintansa 6.5.2024.&nbsp;Sek\u00e4 jo jalkapalloa pelanneet vuonna 2018&nbsp;-syntyneet tyt\u00f6t ja pojat, ett\u00e4 ihan uudet harrastajat ovat tervetulleita! Kaikille l\u00f6ytyy oman tasoiset ryhm\u00e4t harjoituksissa ja peleiss\u00e4. Tyt\u00f6t ja pojat voivat halutessaan pelata yhdess\u00e4 tai erikseen riippuen pelaajien m\u00e4\u00e4r\u00e4st\u00e4.&nbsp; Joukkueen toimintamaksu on 60\u20ac\/kk. Toimintamaksu kattaa kentt\u00e4maksun ja [&hellip;]<\/p>\n","protected":false},"author":27,"featured_media":36703,"parent":0,"menu_order":0,"comment_status":"closed","ping_status":"closed","template":"","meta":{"_acf_changed":false,"footnotes":""},"class_list":["post-28127","page","type-page","status-publish","has-post-thumbnail","hentry"],"acf":[],"yoast_head":"<!-- This site is optimized with the Yoast SEO plugin v27.3 - https:\/\/yoast.com\/product\/yoast-seo-wordpress\/ -->\n<title>P2018 - IF Gnistan<\/title>\n<meta name=\"robots\" content=\"index, follow, max-snippet:-1, max-image-preview:large, max-video-preview:-1\" \/>\n<link rel=\"canonical\" href=\"https:\/\/gnistan.fi\/sv\/p2018\/\" \/>\n<meta property=\"og:locale\" content=\"sv_SE\" \/>\n<meta property=\"og:type\" content=\"article\" \/>\n<meta property=\"og:title\" content=\"P2018 - IF Gnistan\" \/>\n<meta property=\"og:description\" content=\"TULE MUKAAN PELAAMAAN! Kaikki halukkaat ovat tervetulleita joukkuetoimintaan! Joukkue on aloittanut toimintansa 6.5.2024.&nbsp;Sek\u00e4 jo jalkapalloa pelanneet vuonna 2018&nbsp;-syntyneet tyt\u00f6t ja pojat, ett\u00e4 ihan uudet harrastajat ovat tervetulleita! Kaikille l\u00f6ytyy oman tasoiset ryhm\u00e4t harjoituksissa ja peleiss\u00e4. Tyt\u00f6t ja pojat voivat halutessaan pelata yhdess\u00e4 tai erikseen riippuen pelaajien m\u00e4\u00e4r\u00e4st\u00e4.&nbsp; Joukkueen toimintamaksu on 60\u20ac\/kk. Toimintamaksu kattaa kentt\u00e4maksun ja [&hellip;]\" \/>\n<meta property=\"og:url\" content=\"https:\/\/gnistan.fi\/sv\/p2018\/\" \/>\n<meta property=\"og:site_name\" content=\"IF Gnistan\" \/>\n<meta property=\"article:publisher\" content=\"https:\/\/facebook.com\/ifgnistan\" \/>\n<meta property=\"article:modified_time\" content=\"2025-11-13T13:33:00+00:00\" \/>\n<meta property=\"og:image\" content=\"https:\/\/gnistan.fi\/wp-content\/uploads\/2025\/06\/P2018-scaled.jpg\" \/>\n\t<meta property=\"og:image:width\" content=\"2560\" \/>\n\t<meta property=\"og:image:height\" content=\"1387\" \/>\n\t<meta property=\"og:image:type\" content=\"image\/jpeg\" \/>\n<meta name=\"twitter:card\" content=\"summary_large_image\" \/>\n<meta name=\"twitter:site\" content=\"@ifgnistan1924\" \/>\n<meta name=\"twitter:label1\" content=\"Ber\u00e4knad l\u00e4stid\" \/>\n\t<meta name=\"twitter:data1\" content=\"2 minuter\" \/>\n<script type=\"application\/ld+json\" class=\"yoast-schema-graph\">{\"@context\":\"https:\\\/\\\/schema.org\",\"@graph\":[{\"@type\":\"WebPage\",\"@id\":\"https:\\\/\\\/gnistan.fi\\\/p2018\\\/\",\"url\":\"https:\\\/\\\/gnistan.fi\\\/p2018\\\/\",\"name\":\"P2018 - IF Gnistan\",\"isPartOf\":{\"@id\":\"https:\\\/\\\/gnistan.fi\\\/#website\"},\"primaryImageOfPage\":{\"@id\":\"https:\\\/\\\/gnistan.fi\\\/p2018\\\/#primaryimage\"},\"image\":{\"@id\":\"https:\\\/\\\/gnistan.fi\\\/p2018\\\/#primaryimage\"},\"thumbnailUrl\":\"https:\\\/\\\/gnistan.fi\\\/wp-content\\\/uploads\\\/2024\\\/11\\\/gnistan-default-featured-2024-c.webp\",\"datePublished\":\"2024-04-08T08:19:37+00:00\",\"dateModified\":\"2025-11-13T13:33:00+00:00\",\"breadcrumb\":{\"@id\":\"https:\\\/\\\/gnistan.fi\\\/p2018\\\/#breadcrumb\"},\"inLanguage\":\"sv-SE\",\"potentialAction\":[{\"@type\":\"ReadAction\",\"target\":[\"https:\\\/\\\/gnistan.fi\\\/p2018\\\/\"]}]},{\"@type\":\"ImageObject\",\"inLanguage\":\"sv-SE\",\"@id\":\"https:\\\/\\\/gnistan.fi\\\/p2018\\\/#primaryimage\",\"url\":\"https:\\\/\\\/gnistan.fi\\\/wp-content\\\/uploads\\\/2024\\\/11\\\/gnistan-default-featured-2024-c.webp\",\"contentUrl\":\"https:\\\/\\\/gnistan.fi\\\/wp-content\\\/uploads\\\/2024\\\/11\\\/gnistan-default-featured-2024-c.webp\",\"width\":1920,\"height\":1080},{\"@type\":\"BreadcrumbList\",\"@id\":\"https:\\\/\\\/gnistan.fi\\\/p2018\\\/#breadcrumb\",\"itemListElement\":[{\"@type\":\"ListItem\",\"position\":1,\"name\":\"Etusivu\",\"item\":\"https:\\\/\\\/gnistan.fi\\\/\"},{\"@type\":\"ListItem\",\"position\":2,\"name\":\"P2018\"}]},{\"@type\":\"WebSite\",\"@id\":\"https:\\\/\\\/gnistan.fi\\\/#website\",\"url\":\"https:\\\/\\\/gnistan.fi\\\/\",\"name\":\"IF Gnistan\",\"description\":\"Viralliset sivut\",\"publisher\":{\"@id\":\"https:\\\/\\\/gnistan.fi\\\/#organization\"},\"potentialAction\":[{\"@type\":\"SearchAction\",\"target\":{\"@type\":\"EntryPoint\",\"urlTemplate\":\"https:\\\/\\\/gnistan.fi\\\/?s={search_term_string}\"},\"query-input\":{\"@type\":\"PropertyValueSpecification\",\"valueRequired\":true,\"valueName\":\"search_term_string\"}}],\"inLanguage\":\"sv-SE\"},{\"@type\":\"Organization\",\"@id\":\"https:\\\/\\\/gnistan.fi\\\/#organization\",\"name\":\"IF Gnistan\",\"url\":\"https:\\\/\\\/gnistan.fi\\\/\",\"logo\":{\"@type\":\"ImageObject\",\"inLanguage\":\"sv-SE\",\"@id\":\"https:\\\/\\\/gnistan.fi\\\/#\\\/schema\\\/logo\\\/image\\\/\",\"url\":\"https:\\\/\\\/gnistan.fi\\\/wp-content\\\/uploads\\\/2019\\\/10\\\/if-gnistan-vector-logo.svg\",\"contentUrl\":\"https:\\\/\\\/gnistan.fi\\\/wp-content\\\/uploads\\\/2019\\\/10\\\/if-gnistan-vector-logo.svg\",\"width\":269,\"height\":314,\"caption\":\"IF Gnistan\"},\"image\":{\"@id\":\"https:\\\/\\\/gnistan.fi\\\/#\\\/schema\\\/logo\\\/image\\\/\"},\"sameAs\":[\"https:\\\/\\\/facebook.com\\\/ifgnistan\",\"https:\\\/\\\/x.com\\\/ifgnistan1924\",\"https:\\\/\\\/instagram.com\\\/ifgnistan1924\",\"https:\\\/\\\/www.linkedin.com\\\/company\\\/ifgnistan\\\/\"]}]}<\/script>\n<!-- \/ Yoast SEO plugin. -->","yoast_head_json":{"title":"P2018 - IF Gnistan","robots":{"index":"index","follow":"follow","max-snippet":"max-snippet:-1","max-image-preview":"max-image-preview:large","max-video-preview":"max-video-preview:-1"},"canonical":"https:\/\/gnistan.fi\/sv\/p2018\/","og_locale":"sv_SE","og_type":"article","og_title":"P2018 - IF Gnistan","og_description":"TULE MUKAAN PELAAMAAN! Kaikki halukkaat ovat tervetulleita joukkuetoimintaan! Joukkue on aloittanut toimintansa 6.5.2024.&nbsp;Sek\u00e4 jo jalkapalloa pelanneet vuonna 2018&nbsp;-syntyneet tyt\u00f6t ja pojat, ett\u00e4 ihan uudet harrastajat ovat tervetulleita! Kaikille l\u00f6ytyy oman tasoiset ryhm\u00e4t harjoituksissa ja peleiss\u00e4. Tyt\u00f6t ja pojat voivat halutessaan pelata yhdess\u00e4 tai erikseen riippuen pelaajien m\u00e4\u00e4r\u00e4st\u00e4.&nbsp; Joukkueen toimintamaksu on 60\u20ac\/kk. Toimintamaksu kattaa kentt\u00e4maksun ja [&hellip;]","og_url":"https:\/\/gnistan.fi\/sv\/p2018\/","og_site_name":"IF Gnistan","article_publisher":"https:\/\/facebook.com\/ifgnistan","article_modified_time":"2025-11-13T13:33:00+00:00","og_image":[{"width":2560,"height":1387,"url":"https:\/\/gnistan.fi\/wp-content\/uploads\/2025\/06\/P2018-scaled.jpg","type":"image\/jpeg"}],"twitter_card":"summary_large_image","twitter_site":"@ifgnistan1924","twitter_misc":{"Ber\u00e4knad l\u00e4stid":"2 minuter"},"schema":{"@context":"https:\/\/schema.org","@graph":[{"@type":"WebPage","@id":"https:\/\/gnistan.fi\/p2018\/","url":"https:\/\/gnistan.fi\/p2018\/","name":"P2018 - IF Gnistan","isPartOf":{"@id":"https:\/\/gnistan.fi\/#website"},"primaryImageOfPage":{"@id":"https:\/\/gnistan.fi\/p2018\/#primaryimage"},"image":{"@id":"https:\/\/gnistan.fi\/p2018\/#primaryimage"},"thumbnailUrl":"https:\/\/gnistan.fi\/wp-content\/uploads\/2024\/11\/gnistan-default-featured-2024-c.webp","datePublished":"2024-04-08T08:19:37+00:00","dateModified":"2025-11-13T13:33:00+00:00","breadcrumb":{"@id":"https:\/\/gnistan.fi\/p2018\/#breadcrumb"},"inLanguage":"sv-SE","potentialAction":[{"@type":"ReadAction","target":["https:\/\/gnistan.fi\/p2018\/"]}]},{"@type":"ImageObject","inLanguage":"sv-SE","@id":"https:\/\/gnistan.fi\/p2018\/#primaryimage","url":"https:\/\/gnistan.fi\/wp-content\/uploads\/2024\/11\/gnistan-default-featured-2024-c.webp","contentUrl":"https:\/\/gnistan.fi\/wp-content\/uploads\/2024\/11\/gnistan-default-featured-2024-c.webp","width":1920,"height":1080},{"@type":"BreadcrumbList","@id":"https:\/\/gnistan.fi\/p2018\/#breadcrumb","itemListElement":[{"@type":"ListItem","position":1,"name":"Etusivu","item":"https:\/\/gnistan.fi\/"},{"@type":"ListItem","position":2,"name":"P2018"}]},{"@type":"WebSite","@id":"https:\/\/gnistan.fi\/#website","url":"https:\/\/gnistan.fi\/","name":"IF Gnistan","description":"Viralliset sivut","publisher":{"@id":"https:\/\/gnistan.fi\/#organization"},"potentialAction":[{"@type":"SearchAction","target":{"@type":"EntryPoint","urlTemplate":"https:\/\/gnistan.fi\/?s={search_term_string}"},"query-input":{"@type":"PropertyValueSpecification","valueRequired":true,"valueName":"search_term_string"}}],"inLanguage":"sv-SE"},{"@type":"Organization","@id":"https:\/\/gnistan.fi\/#organization","name":"IF Gnistan","url":"https:\/\/gnistan.fi\/","logo":{"@type":"ImageObject","inLanguage":"sv-SE","@id":"https:\/\/gnistan.fi\/#\/schema\/logo\/image\/","url":"https:\/\/gnistan.fi\/wp-content\/uploads\/2019\/10\/if-gnistan-vector-logo.svg","contentUrl":"https:\/\/gnistan.fi\/wp-content\/uploads\/2019\/10\/if-gnistan-vector-logo.svg","width":269,"height":314,"caption":"IF Gnistan"},"image":{"@id":"https:\/\/gnistan.fi\/#\/schema\/logo\/image\/"},"sameAs":["https:\/\/facebook.com\/ifgnistan","https:\/\/x.com\/ifgnistan1924","https:\/\/instagram.com\/ifgnistan1924","https:\/\/www.linkedin.com\/company\/ifgnistan\/"]}]}},"jetpack_sharing_enabled":true,"_links":{"self":[{"href":"https:\/\/gnistan.fi\/sv\/wp-json\/wp\/v2\/pages\/28127","targetHints":{"allow":["GET"]}}],"collection":[{"href":"https:\/\/gnistan.fi\/sv\/wp-json\/wp\/v2\/pages"}],"about":[{"href":"https:\/\/gnistan.fi\/sv\/wp-json\/wp\/v2\/types\/page"}],"author":[{"embeddable":true,"href":"https:\/\/gnistan.fi\/sv\/wp-json\/wp\/v2\/users\/27"}],"replies":[{"embeddable":true,"href":"https:\/\/gnistan.fi\/sv\/wp-json\/wp\/v2\/comments?post=28127"}],"version-history":[{"count":20,"href":"https:\/\/gnistan.fi\/sv\/wp-json\/wp\/v2\/pages\/28127\/revisions"}],"predecessor-version":[{"id":42798,"href":"https:\/\/gnistan.fi\/sv\/wp-json\/wp\/v2\/pages\/28127\/revisions\/42798"}],"wp:featuredmedia":[{"embeddable":true,"href":"https:\/\/gnistan.fi\/sv\/wp-json\/wp\/v2\/media\/36703"}],"wp:attachment":[{"href":"https:\/\/gnistan.fi\/sv\/wp-json\/wp\/v2\/media?parent=28127"}],"curies":[{"name":"wp","href":"https:\/\/api.w.org\/{rel}","templated":true}]}}