{"id":26271,"date":"2023-10-04T23:23:50","date_gmt":"2023-10-04T20:23:50","guid":{"rendered":"https:\/\/gnistan.fi\/?page_id=26271"},"modified":"2026-04-07T12:55:33","modified_gmt":"2026-04-07T09:55:33","slug":"mustapekka-areenan-saannot","status":"publish","type":"page","link":"https:\/\/gnistan.fi\/sv\/mustapekka-areenan-saannot\/","title":{"rendered":"MARKKU.FI JA PIKKUPEKKA AREENAN S\u00c4\u00c4NN\u00d6T"},"content":{"rendered":"<p class=\"has-text-align-left\">N\u00e4m\u00e4 ohjeet on tehty est\u00e4m\u00e4\u00e4n kenttien tarpeeton kuluminen, varmistamaan sen asianmukainen k\u00e4ytt\u00f6 sek\u00e4 est\u00e4m\u00e4\u00e4n kumirouheen levi\u00e4minen.<\/p>\n\n\n\n<ol class=\"wp-block-list\">\n<li>Markku.fi Areenaa k\u00e4ytet\u00e4\u00e4n vain jalkapallon pelaamiseen<br>Kentt\u00e4 on suunniteltu, rakennettu ja tarkoitettu jalkapallon pelaamiseen, siksi se ei kest\u00e4<br>muuta k\u00e4ytt\u00f6\u00e4. Kent\u00e4ll\u00e4 ei siis saa k\u00e4vell\u00e4 muuten kuin harjoituksissa ja peleiss\u00e4 eik\u00e4 siell\u00e4<br>miss\u00e4\u00e4n nimess\u00e4 saa ajaa polkupy\u00f6r\u00e4ll\u00e4, skuutilla, skeittilaudalla, mopolla tai mill\u00e4\u00e4n<br>muullakaan kulkuv\u00e4lineell\u00e4. Pikkupekka Areena on lis\u00e4ksi aktiivisesti l\u00e4hikoulun ja p\u00e4iv\u00e4kotien k\u00e4yt\u00f6ss\u00e4 liikuntaan.<\/li>\n\n\n\n<li>Kent\u00e4t on tarkoitettu vain pelaajille ja valmentajille<br>Kentt\u00e4 on tarkoitettu jalkapallon pelaamiseen, joten sit\u00e4 k\u00e4ytt\u00e4v\u00e4t l\u00e4ht\u00f6kohtaisesti vain<br>pelaajat ja valmentajat. Harjoitusten ja pelien seuraamista varten k\u00e4yt\u00f6ss\u00e4 on areenan<br>katsomo sek\u00e4 tarvittaessa ymp\u00e4r\u00f6iv\u00e4 juoksurata. Pikkupekka Areena on lis\u00e4ksi aktiivisesti l\u00e4hikoulun ja p\u00e4iv\u00e4kotien k\u00e4yt\u00f6ss\u00e4 liikuntaan, jolloin opettajat sek\u00e4 oppilaat luonnollisesti k\u00e4ytt\u00e4v\u00e4t kentt\u00e4\u00e4 liikuntaan. Pikkupekka Areenalla ei ole omaa katsomoa, joten yleis\u00f6 voi seurata pelej\u00e4 kent\u00e4n reunustoilla vaihtopenkkkien tai maalien takaosaa lukuunottamatta. Pelaajille, joukkueen taustoille ja tuomareille tulee j\u00e4tt\u00e4\u00e4 turvallista liikkumatilaa ja siirty\u00e4 muualle pyydett\u00e4ess\u00e4.<\/li>\n\n\n\n<li>Kent\u00e4lle vain jalkapallokengill\u00e4<br>Kent\u00e4t on suunniteltu jalkapallokengille ja se kuluu muusta tarpeettomasta k\u00e4yt\u00f6st\u00e4.<br>Kent\u00e4lle menn\u00e4\u00e4n siis  jalkapallon pelaamiseen tarkoitetuilla kengill\u00e4. Pikkupekka Areena on lis\u00e4ksi aktiivisesti l\u00e4hikoulun ja p\u00e4iv\u00e4kotien k\u00e4yt\u00f6ss\u00e4 liikuntaan, jolloin my\u00f6s muut urheilukeng\u00e4t ovat sallittuja.<\/li>\n\n\n\n<li>Kent\u00e4lle vain omalla vuorolla<br>Kent\u00e4t on varatuilla vuoroilla tarkoitettu ainoastaan vuoron varanneille joukkueille, ei<br>muille k\u00e4ytt\u00e4jille. Mahdolliset l\u00e4mmittelyt ennen harjoituksia tai pelej\u00e4 voi suorittaa kent\u00e4n<br>etel\u00e4p\u00e4\u00e4dyss\u00e4 sijaitsevalla juoksuradan sis\u00e4puolisella alueella. Omatoimiharjoittelu on<br>sallittua varattujen vuorojen ulkopuolella.<\/li>\n\n\n\n<li class=\"translation-block\">Man g\u00e5r in p\u00e5 och ut fr\u00e5n planen endast via markerade ing\u00e5ngar<br>\nF\u00f6r att f\u00f6rhindra att gummikornen sprids har man markerat tv\u00e5 ing\u00e5ngar till planen:\nen framf\u00f6r l\u00e4ktaren vid mittlinjen och en vid h\u00f6rnet bredvid Pikkupekka Areenas\nomkl\u00e4dningsrum. Man ska g\u00e5 till och fr\u00e5n planen endast via markerade\ning\u00e5ngar.<\/li>\n\n\n\n<li class=\"translation-block\">Utrustningen reng\u00f6rs efter att man l\u00e4mnat planen<br>\nUtanf\u00f6r ing\u00e5ngarna vid planens kanter finns tre reng\u00f6ringspunkter, tv\u00e5\nframf\u00f6r l\u00e4ktaren och en bredvid Pikkupekka Areenas omkl\u00e4dningsrum. Reng\u00f6ringspunkterna har\nolika borstar f\u00f6r reng\u00f6ring av skor, kl\u00e4der och utrustning. Efter att man\nkommit bort fr\u00e5n planen ska var och en reng\u00f6ra sina egna skor och sin utrustning<\/li>\n\n\n\n<li>Harjoittelu talvella<br>Harjoittelemme l\u00e4pi vuoden ulkona, jos harjoitukset on m\u00e4\u00e4ritelty ulkokent\u00e4lle. Ainoastaan kovalla pakkasella tai esim kovassa lumipyryss\u00e4 harjoitukset saatetaan perua tai vaihtaa joksikin muuksi toiminnaksi.&nbsp;Kentt\u00e4\u00e4 ei yll\u00e4pidet\u00e4 alle -14 asteessa (Ilmatieteen laitos, Kumpulan s\u00e4\u00e4asema), jolloin joukkueen&nbsp;vastuuvalmentaja p\u00e4\u00e4tt\u00e4\u00e4 treenien pit\u00e4misest\u00e4, perumisesta tai muokkaamisesta. Erikoistilanteissa kentt\u00e4\u00e4 voidaan yll\u00e4pit\u00e4\u00e4 my\u00f6s kovemmilla pakkasilla.&nbsp;Mik\u00e4li kentt\u00e4\u00e4&nbsp;ei yll\u00e4pidet\u00e4&nbsp;kovasta pakkasesta, lumipyryst\u00e4 tai muusta s\u00e4\u00e4ilmi\u00f6st\u00e4 johtuen kentt\u00e4henkil\u00f6kunta ilmoittaa siit\u00e4 klo 14 menness\u00e4 vastuuvalmentajille ja joukkueenjohtajille whatsapp-ryhmiss\u00e4.<\/li>\n<\/ol>","protected":false},"excerpt":{"rendered":"<p>N\u00e4m\u00e4 ohjeet on tehty est\u00e4m\u00e4\u00e4n kenttien tarpeeton kuluminen, varmistamaan sen asianmukainen k\u00e4ytt\u00f6 sek\u00e4 est\u00e4m\u00e4\u00e4n kumirouheen levi\u00e4minen.<\/p>","protected":false},"author":24,"featured_media":36703,"parent":0,"menu_order":2,"comment_status":"closed","ping_status":"closed","template":"","meta":{"_acf_changed":false,"footnotes":""},"class_list":["post-26271","page","type-page","status-publish","has-post-thumbnail","hentry"],"acf":[],"yoast_head":"<!-- This site is optimized with the Yoast SEO plugin v27.3 - https:\/\/yoast.com\/product\/yoast-seo-wordpress\/ -->\n<title>MARKKU.FI JA PIKKUPEKKA AREENAN S\u00c4\u00c4NN\u00d6T - IF Gnistan<\/title>\n<meta name=\"robots\" content=\"index, follow, max-snippet:-1, max-image-preview:large, max-video-preview:-1\" \/>\n<link rel=\"canonical\" href=\"https:\/\/gnistan.fi\/sv\/mustapekka-areenan-saannot\/\" \/>\n<meta property=\"og:locale\" content=\"sv_SE\" \/>\n<meta property=\"og:type\" content=\"article\" \/>\n<meta property=\"og:title\" content=\"MARKKU.FI JA PIKKUPEKKA AREENAN S\u00c4\u00c4NN\u00d6T - IF Gnistan\" \/>\n<meta property=\"og:description\" content=\"N\u00e4m\u00e4 ohjeet on tehty est\u00e4m\u00e4\u00e4n kenttien tarpeeton kuluminen, varmistamaan sen asianmukainen k\u00e4ytt\u00f6 sek\u00e4 est\u00e4m\u00e4\u00e4n kumirouheen levi\u00e4minen.\" \/>\n<meta property=\"og:url\" content=\"https:\/\/gnistan.fi\/sv\/mustapekka-areenan-saannot\/\" \/>\n<meta property=\"og:site_name\" content=\"IF Gnistan\" \/>\n<meta property=\"article:publisher\" content=\"https:\/\/facebook.com\/ifgnistan\" \/>\n<meta property=\"article:modified_time\" content=\"2026-04-07T09:55:33+00:00\" \/>\n<meta property=\"og:image\" content=\"https:\/\/gnistan.fi\/wp-content\/uploads\/2024\/11\/gnistan-default-featured-2024-c.webp\" \/>\n\t<meta property=\"og:image:width\" content=\"1920\" \/>\n\t<meta property=\"og:image:height\" content=\"1080\" \/>\n\t<meta property=\"og:image:type\" content=\"image\/webp\" \/>\n<meta name=\"twitter:card\" content=\"summary_large_image\" \/>\n<meta name=\"twitter:site\" content=\"@ifgnistan1924\" \/>\n<meta name=\"twitter:label1\" content=\"Ber\u00e4knad l\u00e4stid\" \/>\n\t<meta name=\"twitter:data1\" content=\"3 minuter\" \/>\n<script type=\"application\/ld+json\" class=\"yoast-schema-graph\">{\"@context\":\"https:\\\/\\\/schema.org\",\"@graph\":[{\"@type\":\"WebPage\",\"@id\":\"https:\\\/\\\/gnistan.fi\\\/mustapekka-areenan-saannot\\\/\",\"url\":\"https:\\\/\\\/gnistan.fi\\\/mustapekka-areenan-saannot\\\/\",\"name\":\"MARKKU.FI JA PIKKUPEKKA AREENAN S\u00c4\u00c4NN\u00d6T - IF Gnistan\",\"isPartOf\":{\"@id\":\"https:\\\/\\\/gnistan.fi\\\/#website\"},\"primaryImageOfPage\":{\"@id\":\"https:\\\/\\\/gnistan.fi\\\/mustapekka-areenan-saannot\\\/#primaryimage\"},\"image\":{\"@id\":\"https:\\\/\\\/gnistan.fi\\\/mustapekka-areenan-saannot\\\/#primaryimage\"},\"thumbnailUrl\":\"https:\\\/\\\/gnistan.fi\\\/wp-content\\\/uploads\\\/2024\\\/11\\\/gnistan-default-featured-2024-c.webp\",\"datePublished\":\"2023-10-04T20:23:50+00:00\",\"dateModified\":\"2026-04-07T09:55:33+00:00\",\"breadcrumb\":{\"@id\":\"https:\\\/\\\/gnistan.fi\\\/mustapekka-areenan-saannot\\\/#breadcrumb\"},\"inLanguage\":\"sv-SE\",\"potentialAction\":[{\"@type\":\"ReadAction\",\"target\":[\"https:\\\/\\\/gnistan.fi\\\/mustapekka-areenan-saannot\\\/\"]}]},{\"@type\":\"ImageObject\",\"inLanguage\":\"sv-SE\",\"@id\":\"https:\\\/\\\/gnistan.fi\\\/mustapekka-areenan-saannot\\\/#primaryimage\",\"url\":\"https:\\\/\\\/gnistan.fi\\\/wp-content\\\/uploads\\\/2024\\\/11\\\/gnistan-default-featured-2024-c.webp\",\"contentUrl\":\"https:\\\/\\\/gnistan.fi\\\/wp-content\\\/uploads\\\/2024\\\/11\\\/gnistan-default-featured-2024-c.webp\",\"width\":1920,\"height\":1080},{\"@type\":\"BreadcrumbList\",\"@id\":\"https:\\\/\\\/gnistan.fi\\\/mustapekka-areenan-saannot\\\/#breadcrumb\",\"itemListElement\":[{\"@type\":\"ListItem\",\"position\":1,\"name\":\"Etusivu\",\"item\":\"https:\\\/\\\/gnistan.fi\\\/\"},{\"@type\":\"ListItem\",\"position\":2,\"name\":\"MARKKU.FI JA PIKKUPEKKA AREENAN S\u00c4\u00c4NN\u00d6T\"}]},{\"@type\":\"WebSite\",\"@id\":\"https:\\\/\\\/gnistan.fi\\\/#website\",\"url\":\"https:\\\/\\\/gnistan.fi\\\/\",\"name\":\"IF Gnistan\",\"description\":\"Viralliset sivut\",\"publisher\":{\"@id\":\"https:\\\/\\\/gnistan.fi\\\/#organization\"},\"potentialAction\":[{\"@type\":\"SearchAction\",\"target\":{\"@type\":\"EntryPoint\",\"urlTemplate\":\"https:\\\/\\\/gnistan.fi\\\/?s={search_term_string}\"},\"query-input\":{\"@type\":\"PropertyValueSpecification\",\"valueRequired\":true,\"valueName\":\"search_term_string\"}}],\"inLanguage\":\"sv-SE\"},{\"@type\":\"Organization\",\"@id\":\"https:\\\/\\\/gnistan.fi\\\/#organization\",\"name\":\"IF Gnistan\",\"url\":\"https:\\\/\\\/gnistan.fi\\\/\",\"logo\":{\"@type\":\"ImageObject\",\"inLanguage\":\"sv-SE\",\"@id\":\"https:\\\/\\\/gnistan.fi\\\/#\\\/schema\\\/logo\\\/image\\\/\",\"url\":\"https:\\\/\\\/gnistan.fi\\\/wp-content\\\/uploads\\\/2019\\\/10\\\/if-gnistan-vector-logo.svg\",\"contentUrl\":\"https:\\\/\\\/gnistan.fi\\\/wp-content\\\/uploads\\\/2019\\\/10\\\/if-gnistan-vector-logo.svg\",\"width\":269,\"height\":314,\"caption\":\"IF Gnistan\"},\"image\":{\"@id\":\"https:\\\/\\\/gnistan.fi\\\/#\\\/schema\\\/logo\\\/image\\\/\"},\"sameAs\":[\"https:\\\/\\\/facebook.com\\\/ifgnistan\",\"https:\\\/\\\/x.com\\\/ifgnistan1924\",\"https:\\\/\\\/instagram.com\\\/ifgnistan1924\",\"https:\\\/\\\/www.linkedin.com\\\/company\\\/ifgnistan\\\/\"]}]}<\/script>\n<!-- \/ Yoast SEO plugin. -->","yoast_head_json":{"title":"MARKKU.FI JA PIKKUPEKKA AREENAN S\u00c4\u00c4NN\u00d6T - IF Gnistan","robots":{"index":"index","follow":"follow","max-snippet":"max-snippet:-1","max-image-preview":"max-image-preview:large","max-video-preview":"max-video-preview:-1"},"canonical":"https:\/\/gnistan.fi\/sv\/mustapekka-areenan-saannot\/","og_locale":"sv_SE","og_type":"article","og_title":"MARKKU.FI JA PIKKUPEKKA AREENAN S\u00c4\u00c4NN\u00d6T - IF Gnistan","og_description":"N\u00e4m\u00e4 ohjeet on tehty est\u00e4m\u00e4\u00e4n kenttien tarpeeton kuluminen, varmistamaan sen asianmukainen k\u00e4ytt\u00f6 sek\u00e4 est\u00e4m\u00e4\u00e4n kumirouheen levi\u00e4minen.","og_url":"https:\/\/gnistan.fi\/sv\/mustapekka-areenan-saannot\/","og_site_name":"IF Gnistan","article_publisher":"https:\/\/facebook.com\/ifgnistan","article_modified_time":"2026-04-07T09:55:33+00:00","og_image":[{"width":1920,"height":1080,"url":"https:\/\/gnistan.fi\/wp-content\/uploads\/2024\/11\/gnistan-default-featured-2024-c.webp","type":"image\/webp"}],"twitter_card":"summary_large_image","twitter_site":"@ifgnistan1924","twitter_misc":{"Ber\u00e4knad l\u00e4stid":"3 minuter"},"schema":{"@context":"https:\/\/schema.org","@graph":[{"@type":"WebPage","@id":"https:\/\/gnistan.fi\/mustapekka-areenan-saannot\/","url":"https:\/\/gnistan.fi\/mustapekka-areenan-saannot\/","name":"MARKKU.FI JA PIKKUPEKKA AREENAN S\u00c4\u00c4NN\u00d6T - IF Gnistan","isPartOf":{"@id":"https:\/\/gnistan.fi\/#website"},"primaryImageOfPage":{"@id":"https:\/\/gnistan.fi\/mustapekka-areenan-saannot\/#primaryimage"},"image":{"@id":"https:\/\/gnistan.fi\/mustapekka-areenan-saannot\/#primaryimage"},"thumbnailUrl":"https:\/\/gnistan.fi\/wp-content\/uploads\/2024\/11\/gnistan-default-featured-2024-c.webp","datePublished":"2023-10-04T20:23:50+00:00","dateModified":"2026-04-07T09:55:33+00:00","breadcrumb":{"@id":"https:\/\/gnistan.fi\/mustapekka-areenan-saannot\/#breadcrumb"},"inLanguage":"sv-SE","potentialAction":[{"@type":"ReadAction","target":["https:\/\/gnistan.fi\/mustapekka-areenan-saannot\/"]}]},{"@type":"ImageObject","inLanguage":"sv-SE","@id":"https:\/\/gnistan.fi\/mustapekka-areenan-saannot\/#primaryimage","url":"https:\/\/gnistan.fi\/wp-content\/uploads\/2024\/11\/gnistan-default-featured-2024-c.webp","contentUrl":"https:\/\/gnistan.fi\/wp-content\/uploads\/2024\/11\/gnistan-default-featured-2024-c.webp","width":1920,"height":1080},{"@type":"BreadcrumbList","@id":"https:\/\/gnistan.fi\/mustapekka-areenan-saannot\/#breadcrumb","itemListElement":[{"@type":"ListItem","position":1,"name":"Etusivu","item":"https:\/\/gnistan.fi\/"},{"@type":"ListItem","position":2,"name":"MARKKU.FI JA PIKKUPEKKA AREENAN S\u00c4\u00c4NN\u00d6T"}]},{"@type":"WebSite","@id":"https:\/\/gnistan.fi\/#website","url":"https:\/\/gnistan.fi\/","name":"IF Gnistan","description":"Viralliset sivut","publisher":{"@id":"https:\/\/gnistan.fi\/#organization"},"potentialAction":[{"@type":"SearchAction","target":{"@type":"EntryPoint","urlTemplate":"https:\/\/gnistan.fi\/?s={search_term_string}"},"query-input":{"@type":"PropertyValueSpecification","valueRequired":true,"valueName":"search_term_string"}}],"inLanguage":"sv-SE"},{"@type":"Organization","@id":"https:\/\/gnistan.fi\/#organization","name":"IF Gnistan","url":"https:\/\/gnistan.fi\/","logo":{"@type":"ImageObject","inLanguage":"sv-SE","@id":"https:\/\/gnistan.fi\/#\/schema\/logo\/image\/","url":"https:\/\/gnistan.fi\/wp-content\/uploads\/2019\/10\/if-gnistan-vector-logo.svg","contentUrl":"https:\/\/gnistan.fi\/wp-content\/uploads\/2019\/10\/if-gnistan-vector-logo.svg","width":269,"height":314,"caption":"IF Gnistan"},"image":{"@id":"https:\/\/gnistan.fi\/#\/schema\/logo\/image\/"},"sameAs":["https:\/\/facebook.com\/ifgnistan","https:\/\/x.com\/ifgnistan1924","https:\/\/instagram.com\/ifgnistan1924","https:\/\/www.linkedin.com\/company\/ifgnistan\/"]}]}},"jetpack_sharing_enabled":true,"_links":{"self":[{"href":"https:\/\/gnistan.fi\/sv\/wp-json\/wp\/v2\/pages\/26271","targetHints":{"allow":["GET"]}}],"collection":[{"href":"https:\/\/gnistan.fi\/sv\/wp-json\/wp\/v2\/pages"}],"about":[{"href":"https:\/\/gnistan.fi\/sv\/wp-json\/wp\/v2\/types\/page"}],"author":[{"embeddable":true,"href":"https:\/\/gnistan.fi\/sv\/wp-json\/wp\/v2\/users\/24"}],"replies":[{"embeddable":true,"href":"https:\/\/gnistan.fi\/sv\/wp-json\/wp\/v2\/comments?post=26271"}],"version-history":[{"count":5,"href":"https:\/\/gnistan.fi\/sv\/wp-json\/wp\/v2\/pages\/26271\/revisions"}],"predecessor-version":[{"id":44888,"href":"https:\/\/gnistan.fi\/sv\/wp-json\/wp\/v2\/pages\/26271\/revisions\/44888"}],"wp:featuredmedia":[{"embeddable":true,"href":"https:\/\/gnistan.fi\/sv\/wp-json\/wp\/v2\/media\/36703"}],"wp:attachment":[{"href":"https:\/\/gnistan.fi\/sv\/wp-json\/wp\/v2\/media?parent=26271"}],"curies":[{"name":"wp","href":"https:\/\/api.w.org\/{rel}","templated":true}]}}