{"id":26164,"date":"2023-09-20T13:42:47","date_gmt":"2023-09-20T10:42:47","guid":{"rendered":"https:\/\/gnistan.fi\/?page_id=26164"},"modified":"2026-04-07T12:43:40","modified_gmt":"2026-04-07T09:43:40","slug":"avoimet-harjoitukset","status":"publish","type":"page","link":"https:\/\/gnistan.fi\/sv\/avoimet-harjoitukset\/","title":{"rendered":"Avoimet harjoitukset \/ Try-outit"},"content":{"rendered":"<p>Pelaajapolku on rakennettu junioreista aina edustusjoukkueisiimme asti, joiden kanssa teemme tiiviisti yhteisty\u00f6t\u00e4. Miesten edustusjoukkue pelaa Veikkausliigassa, kakkosjoukkue pelaa Kolmosta. Naisten edustusjoukkue pelaa Kakkosessa.<\/p>\n\n\n\n<p>Gnistanissa kilpapolku alkaa U10 ik\u00e4vaiheessa niiss\u00e4 ik\u00e4luokkajoukkueissa, miss\u00e4 sille on edellytykset, eli v\u00e4hint\u00e4\u00e4n yksi joukkueen peliryhmist\u00e4 on kansallisessa k\u00e4rjess\u00e4. Seuramme on kehitt\u00e4nyt pelaajien kilpapolkua usean vuoden aikana, joka nyt alkaa tuottaa tulosta. Teemme jatkuvasti t\u00f6it\u00e4 sek\u00e4 pelaajien, ett\u00e4 valmentajien kehittymisen eteen. Kilpajoukkueissamme toimii koulutettuja valmentajia ja joukkueet harjoittelevat p\u00e4\u00e4osin Markku.fi Areenalla. Kilpajoukkueet osallistuvat s\u00e4\u00e4nn\u00f6llisesti seuran m\u00e4\u00e4rittelemiin kansainv\u00e4lisiin pelitapahtumiin. Tavoitteena on antaa pelaajille ja seuralle vertailupohjaa kansainv\u00e4lisesti sek\u00e4 uusia kokemuksia erilaisista ymp\u00e4rist\u00f6ist\u00e4.<\/p>\n\n\n\n<p>Gnistan kilpapolun tavoite on kehitt\u00e4\u00e4 yksil\u00f6ist\u00e4 tulevia eliittipelaajia. Haluamme kehitt\u00e4\u00e4 pelaajiemme pallonhallinta taitoja, haastamaan vastustaja kent\u00e4ll\u00e4 sek\u00e4 pelaamaan rohkeasti. Tavanomaisen harjoittelutoiminnan lis\u00e4ksi seura toimii yhteisty\u00f6ss\u00e4 Urhea-toiminnan sek\u00e4 erilaisten erikoisosaajien kanssa. Haluamme tuottaa korkeatasoisia pelaajia niin kansalliselle kuin kansainv\u00e4liselle tasolle.<\/p>\n\n\n\n<p>Kilpajoukkueiden pelaajat valitaan kilparyhm\u00e4\u00e4n Valmennusp\u00e4\u00e4llik\u00f6iden ja Vastuuvalmentajien arvioiden mukaan. Seuran ulkopuolisilla pelaajilla on mahdollisuus p\u00e4\u00e4st\u00e4 kilparyhmiin kokeilujaksojen kautta p\u00e4\u00e4s\u00e4\u00e4nt\u00f6isesti kauden vaihteessa. T\u00e4ll\u00e4 kaudella try-outit alkavat lokakuussa.<\/p>\n\n\n\n<div class=\"wp-block-buttons is-layout-flex wp-block-buttons-is-layout-flex\">\n<div class=\"wp-block-button\"><a class=\"wp-block-button__link wp-element-button\" href=\"https:\/\/gnistan.fi\/sv\/2025\/09\/if-gnistanin-kilpajoukkueiden-katsastusjaksot-alkavat\/\">ILMOITTAUDU T\u00c4\u00c4LT\u00c4!<\/a><\/div>\n<\/div>\n\n\n\n<p>Seurassa toimii my\u00f6s joukkueita jokaisessa ik\u00e4luokassa, jossa kilpailullisuus on toissijaista ja liikunta yst\u00e4vien kanssa t\u00e4rkeint\u00e4. N\u00e4ihin joukkueisiin voi tulla kokeilemaan ymp\u00e4ri vuoden, jos ryhmiss\u00e4 on tilaa. Lis\u00e4tietoja joukkueiden toiminnasta voit kysy\u00e4 kunkin ik\u00e4luokan joukkueenjohtajalta, joiden yhteystiedot l\u00f6ytyv\u00e4t joukkueiden sivuilta: <a href=\"https:\/\/gnistan.fi\/sv\/\">www.gnistan.fi<\/a> \u2013 joukkueet \u2013 juniorit<\/p>","protected":false},"excerpt":{"rendered":"<p>Pelaajapolku on rakennettu junioreista aina edustusjoukkueisiimme asti, joiden kanssa teemme tiiviisti yhteisty\u00f6t\u00e4. Miesten edustusjoukkue pelaa Veikkausliigassa, kakkosjoukkue pelaa Kolmosta. Naisten edustusjoukkue pelaa Kakkosessa. Gnistanissa kilpapolku alkaa U10 ik\u00e4vaiheessa niiss\u00e4 ik\u00e4luokkajoukkueissa, miss\u00e4 sille on edellytykset, eli v\u00e4hint\u00e4\u00e4n yksi joukkueen peliryhmist\u00e4 on kansallisessa k\u00e4rjess\u00e4. Seuramme on kehitt\u00e4nyt pelaajien kilpapolkua usean vuoden aikana, joka nyt alkaa tuottaa tulosta. [&hellip;]<\/p>\n","protected":false},"author":24,"featured_media":26165,"parent":0,"menu_order":0,"comment_status":"closed","ping_status":"closed","template":"","meta":{"_acf_changed":false,"footnotes":""},"class_list":["post-26164","page","type-page","status-publish","has-post-thumbnail","hentry"],"acf":[],"yoast_head":"<!-- This site is optimized with the Yoast SEO plugin v27.3 - https:\/\/yoast.com\/product\/yoast-seo-wordpress\/ -->\n<title>Avoimet harjoitukset \/ Try-outit - IF Gnistan<\/title>\n<meta name=\"robots\" content=\"index, follow, max-snippet:-1, max-image-preview:large, max-video-preview:-1\" \/>\n<link rel=\"canonical\" href=\"https:\/\/gnistan.fi\/sv\/avoimet-harjoitukset\/\" \/>\n<meta property=\"og:locale\" content=\"sv_SE\" \/>\n<meta property=\"og:type\" content=\"article\" \/>\n<meta property=\"og:title\" content=\"Avoimet harjoitukset \/ Try-outit - IF Gnistan\" \/>\n<meta property=\"og:description\" content=\"Pelaajapolku on rakennettu junioreista aina edustusjoukkueisiimme asti, joiden kanssa teemme tiiviisti yhteisty\u00f6t\u00e4. Miesten edustusjoukkue pelaa Veikkausliigassa, kakkosjoukkue pelaa Kolmosta. Naisten edustusjoukkue pelaa Kakkosessa. Gnistanissa kilpapolku alkaa U10 ik\u00e4vaiheessa niiss\u00e4 ik\u00e4luokkajoukkueissa, miss\u00e4 sille on edellytykset, eli v\u00e4hint\u00e4\u00e4n yksi joukkueen peliryhmist\u00e4 on kansallisessa k\u00e4rjess\u00e4. Seuramme on kehitt\u00e4nyt pelaajien kilpapolkua usean vuoden aikana, joka nyt alkaa tuottaa tulosta. [&hellip;]\" \/>\n<meta property=\"og:url\" content=\"https:\/\/gnistan.fi\/sv\/avoimet-harjoitukset\/\" \/>\n<meta property=\"og:site_name\" content=\"IF Gnistan\" \/>\n<meta property=\"article:publisher\" content=\"https:\/\/facebook.com\/ifgnistan\" \/>\n<meta property=\"article:modified_time\" content=\"2026-04-07T09:43:40+00:00\" \/>\n<meta property=\"og:image\" content=\"https:\/\/gnistan.fi\/wp-content\/uploads\/2023\/09\/boordi2.jpg\" \/>\n\t<meta property=\"og:image:width\" content=\"1600\" \/>\n\t<meta property=\"og:image:height\" content=\"592\" \/>\n\t<meta property=\"og:image:type\" content=\"image\/jpeg\" \/>\n<meta name=\"twitter:card\" content=\"summary_large_image\" \/>\n<meta name=\"twitter:site\" content=\"@ifgnistan1924\" \/>\n<meta name=\"twitter:label1\" content=\"Ber\u00e4knad l\u00e4stid\" \/>\n\t<meta name=\"twitter:data1\" content=\"2 minuter\" \/>\n<script type=\"application\/ld+json\" class=\"yoast-schema-graph\">{\"@context\":\"https:\\\/\\\/schema.org\",\"@graph\":[{\"@type\":\"WebPage\",\"@id\":\"https:\\\/\\\/gnistan.fi\\\/avoimet-harjoitukset\\\/\",\"url\":\"https:\\\/\\\/gnistan.fi\\\/avoimet-harjoitukset\\\/\",\"name\":\"Avoimet harjoitukset \\\/ Try-outit - IF Gnistan\",\"isPartOf\":{\"@id\":\"https:\\\/\\\/gnistan.fi\\\/#website\"},\"primaryImageOfPage\":{\"@id\":\"https:\\\/\\\/gnistan.fi\\\/avoimet-harjoitukset\\\/#primaryimage\"},\"image\":{\"@id\":\"https:\\\/\\\/gnistan.fi\\\/avoimet-harjoitukset\\\/#primaryimage\"},\"thumbnailUrl\":\"https:\\\/\\\/gnistan.fi\\\/wp-content\\\/uploads\\\/2023\\\/09\\\/boordi2.jpg\",\"datePublished\":\"2023-09-20T10:42:47+00:00\",\"dateModified\":\"2026-04-07T09:43:40+00:00\",\"breadcrumb\":{\"@id\":\"https:\\\/\\\/gnistan.fi\\\/avoimet-harjoitukset\\\/#breadcrumb\"},\"inLanguage\":\"sv-SE\",\"potentialAction\":[{\"@type\":\"ReadAction\",\"target\":[\"https:\\\/\\\/gnistan.fi\\\/avoimet-harjoitukset\\\/\"]}]},{\"@type\":\"ImageObject\",\"inLanguage\":\"sv-SE\",\"@id\":\"https:\\\/\\\/gnistan.fi\\\/avoimet-harjoitukset\\\/#primaryimage\",\"url\":\"https:\\\/\\\/gnistan.fi\\\/wp-content\\\/uploads\\\/2023\\\/09\\\/boordi2.jpg\",\"contentUrl\":\"https:\\\/\\\/gnistan.fi\\\/wp-content\\\/uploads\\\/2023\\\/09\\\/boordi2.jpg\",\"width\":1600,\"height\":592},{\"@type\":\"BreadcrumbList\",\"@id\":\"https:\\\/\\\/gnistan.fi\\\/avoimet-harjoitukset\\\/#breadcrumb\",\"itemListElement\":[{\"@type\":\"ListItem\",\"position\":1,\"name\":\"Etusivu\",\"item\":\"https:\\\/\\\/gnistan.fi\\\/\"},{\"@type\":\"ListItem\",\"position\":2,\"name\":\"Avoimet harjoitukset \\\/ Try-outit\"}]},{\"@type\":\"WebSite\",\"@id\":\"https:\\\/\\\/gnistan.fi\\\/#website\",\"url\":\"https:\\\/\\\/gnistan.fi\\\/\",\"name\":\"IF Gnistan\",\"description\":\"Viralliset sivut\",\"publisher\":{\"@id\":\"https:\\\/\\\/gnistan.fi\\\/#organization\"},\"potentialAction\":[{\"@type\":\"SearchAction\",\"target\":{\"@type\":\"EntryPoint\",\"urlTemplate\":\"https:\\\/\\\/gnistan.fi\\\/?s={search_term_string}\"},\"query-input\":{\"@type\":\"PropertyValueSpecification\",\"valueRequired\":true,\"valueName\":\"search_term_string\"}}],\"inLanguage\":\"sv-SE\"},{\"@type\":\"Organization\",\"@id\":\"https:\\\/\\\/gnistan.fi\\\/#organization\",\"name\":\"IF Gnistan\",\"url\":\"https:\\\/\\\/gnistan.fi\\\/\",\"logo\":{\"@type\":\"ImageObject\",\"inLanguage\":\"sv-SE\",\"@id\":\"https:\\\/\\\/gnistan.fi\\\/#\\\/schema\\\/logo\\\/image\\\/\",\"url\":\"https:\\\/\\\/gnistan.fi\\\/wp-content\\\/uploads\\\/2019\\\/10\\\/if-gnistan-vector-logo.svg\",\"contentUrl\":\"https:\\\/\\\/gnistan.fi\\\/wp-content\\\/uploads\\\/2019\\\/10\\\/if-gnistan-vector-logo.svg\",\"width\":269,\"height\":314,\"caption\":\"IF Gnistan\"},\"image\":{\"@id\":\"https:\\\/\\\/gnistan.fi\\\/#\\\/schema\\\/logo\\\/image\\\/\"},\"sameAs\":[\"https:\\\/\\\/facebook.com\\\/ifgnistan\",\"https:\\\/\\\/x.com\\\/ifgnistan1924\",\"https:\\\/\\\/instagram.com\\\/ifgnistan1924\",\"https:\\\/\\\/www.linkedin.com\\\/company\\\/ifgnistan\\\/\"]}]}<\/script>\n<!-- \/ Yoast SEO plugin. -->","yoast_head_json":{"title":"Avoimet harjoitukset \/ Try-outit - IF Gnistan","robots":{"index":"index","follow":"follow","max-snippet":"max-snippet:-1","max-image-preview":"max-image-preview:large","max-video-preview":"max-video-preview:-1"},"canonical":"https:\/\/gnistan.fi\/sv\/avoimet-harjoitukset\/","og_locale":"sv_SE","og_type":"article","og_title":"Avoimet harjoitukset \/ Try-outit - IF Gnistan","og_description":"Pelaajapolku on rakennettu junioreista aina edustusjoukkueisiimme asti, joiden kanssa teemme tiiviisti yhteisty\u00f6t\u00e4. Miesten edustusjoukkue pelaa Veikkausliigassa, kakkosjoukkue pelaa Kolmosta. Naisten edustusjoukkue pelaa Kakkosessa. Gnistanissa kilpapolku alkaa U10 ik\u00e4vaiheessa niiss\u00e4 ik\u00e4luokkajoukkueissa, miss\u00e4 sille on edellytykset, eli v\u00e4hint\u00e4\u00e4n yksi joukkueen peliryhmist\u00e4 on kansallisessa k\u00e4rjess\u00e4. Seuramme on kehitt\u00e4nyt pelaajien kilpapolkua usean vuoden aikana, joka nyt alkaa tuottaa tulosta. [&hellip;]","og_url":"https:\/\/gnistan.fi\/sv\/avoimet-harjoitukset\/","og_site_name":"IF Gnistan","article_publisher":"https:\/\/facebook.com\/ifgnistan","article_modified_time":"2026-04-07T09:43:40+00:00","og_image":[{"width":1600,"height":592,"url":"https:\/\/gnistan.fi\/wp-content\/uploads\/2023\/09\/boordi2.jpg","type":"image\/jpeg"}],"twitter_card":"summary_large_image","twitter_site":"@ifgnistan1924","twitter_misc":{"Ber\u00e4knad l\u00e4stid":"2 minuter"},"schema":{"@context":"https:\/\/schema.org","@graph":[{"@type":"WebPage","@id":"https:\/\/gnistan.fi\/avoimet-harjoitukset\/","url":"https:\/\/gnistan.fi\/avoimet-harjoitukset\/","name":"Avoimet harjoitukset \/ Try-outit - IF Gnistan","isPartOf":{"@id":"https:\/\/gnistan.fi\/#website"},"primaryImageOfPage":{"@id":"https:\/\/gnistan.fi\/avoimet-harjoitukset\/#primaryimage"},"image":{"@id":"https:\/\/gnistan.fi\/avoimet-harjoitukset\/#primaryimage"},"thumbnailUrl":"https:\/\/gnistan.fi\/wp-content\/uploads\/2023\/09\/boordi2.jpg","datePublished":"2023-09-20T10:42:47+00:00","dateModified":"2026-04-07T09:43:40+00:00","breadcrumb":{"@id":"https:\/\/gnistan.fi\/avoimet-harjoitukset\/#breadcrumb"},"inLanguage":"sv-SE","potentialAction":[{"@type":"ReadAction","target":["https:\/\/gnistan.fi\/avoimet-harjoitukset\/"]}]},{"@type":"ImageObject","inLanguage":"sv-SE","@id":"https:\/\/gnistan.fi\/avoimet-harjoitukset\/#primaryimage","url":"https:\/\/gnistan.fi\/wp-content\/uploads\/2023\/09\/boordi2.jpg","contentUrl":"https:\/\/gnistan.fi\/wp-content\/uploads\/2023\/09\/boordi2.jpg","width":1600,"height":592},{"@type":"BreadcrumbList","@id":"https:\/\/gnistan.fi\/avoimet-harjoitukset\/#breadcrumb","itemListElement":[{"@type":"ListItem","position":1,"name":"Etusivu","item":"https:\/\/gnistan.fi\/"},{"@type":"ListItem","position":2,"name":"Avoimet harjoitukset \/ Try-outit"}]},{"@type":"WebSite","@id":"https:\/\/gnistan.fi\/#website","url":"https:\/\/gnistan.fi\/","name":"IF Gnistan","description":"Viralliset sivut","publisher":{"@id":"https:\/\/gnistan.fi\/#organization"},"potentialAction":[{"@type":"SearchAction","target":{"@type":"EntryPoint","urlTemplate":"https:\/\/gnistan.fi\/?s={search_term_string}"},"query-input":{"@type":"PropertyValueSpecification","valueRequired":true,"valueName":"search_term_string"}}],"inLanguage":"sv-SE"},{"@type":"Organization","@id":"https:\/\/gnistan.fi\/#organization","name":"IF Gnistan","url":"https:\/\/gnistan.fi\/","logo":{"@type":"ImageObject","inLanguage":"sv-SE","@id":"https:\/\/gnistan.fi\/#\/schema\/logo\/image\/","url":"https:\/\/gnistan.fi\/wp-content\/uploads\/2019\/10\/if-gnistan-vector-logo.svg","contentUrl":"https:\/\/gnistan.fi\/wp-content\/uploads\/2019\/10\/if-gnistan-vector-logo.svg","width":269,"height":314,"caption":"IF Gnistan"},"image":{"@id":"https:\/\/gnistan.fi\/#\/schema\/logo\/image\/"},"sameAs":["https:\/\/facebook.com\/ifgnistan","https:\/\/x.com\/ifgnistan1924","https:\/\/instagram.com\/ifgnistan1924","https:\/\/www.linkedin.com\/company\/ifgnistan\/"]}]}},"jetpack_sharing_enabled":true,"_links":{"self":[{"href":"https:\/\/gnistan.fi\/sv\/wp-json\/wp\/v2\/pages\/26164","targetHints":{"allow":["GET"]}}],"collection":[{"href":"https:\/\/gnistan.fi\/sv\/wp-json\/wp\/v2\/pages"}],"about":[{"href":"https:\/\/gnistan.fi\/sv\/wp-json\/wp\/v2\/types\/page"}],"author":[{"embeddable":true,"href":"https:\/\/gnistan.fi\/sv\/wp-json\/wp\/v2\/users\/24"}],"replies":[{"embeddable":true,"href":"https:\/\/gnistan.fi\/sv\/wp-json\/wp\/v2\/comments?post=26164"}],"version-history":[{"count":20,"href":"https:\/\/gnistan.fi\/sv\/wp-json\/wp\/v2\/pages\/26164\/revisions"}],"predecessor-version":[{"id":44882,"href":"https:\/\/gnistan.fi\/sv\/wp-json\/wp\/v2\/pages\/26164\/revisions\/44882"}],"wp:featuredmedia":[{"embeddable":true,"href":"https:\/\/gnistan.fi\/sv\/wp-json\/wp\/v2\/media\/26165"}],"wp:attachment":[{"href":"https:\/\/gnistan.fi\/sv\/wp-json\/wp\/v2\/media?parent=26164"}],"curies":[{"name":"wp","href":"https:\/\/api.w.org\/{rel}","templated":true}]}}