{"id":25537,"date":"2023-06-19T15:42:29","date_gmt":"2023-06-19T12:42:29","guid":{"rendered":"https:\/\/gnistan.fi\/?page_id=25537"},"modified":"2026-04-10T13:49:31","modified_gmt":"2026-04-10T10:49:31","slug":"gnistan-kipinagames","status":"publish","type":"page","link":"https:\/\/gnistan.fi\/sv\/gnistan-kipinagames\/","title":{"rendered":"Gnistan Kipin\u00e4Games"},"content":{"rendered":"<figure class=\"wp-block-image size-large\"><img fetchpriority=\"high\" decoding=\"async\" width=\"1024\" height=\"241\" src=\"https:\/\/gnistan.fi\/wp-content\/uploads\/2026\/04\/kipinagames_header2026-1024x241.jpg\" alt=\"\" class=\"wp-image-44980\" srcset=\"https:\/\/gnistan.fi\/wp-content\/uploads\/2026\/04\/kipinagames_header2026-1024x241.jpg 1024w, https:\/\/gnistan.fi\/wp-content\/uploads\/2026\/04\/kipinagames_header2026-300x71.jpg 300w, https:\/\/gnistan.fi\/wp-content\/uploads\/2026\/04\/kipinagames_header2026-768x181.jpg 768w, https:\/\/gnistan.fi\/wp-content\/uploads\/2026\/04\/kipinagames_header2026-1536x362.jpg 1536w, https:\/\/gnistan.fi\/wp-content\/uploads\/2026\/04\/kipinagames_header2026-18x4.jpg 18w, https:\/\/gnistan.fi\/wp-content\/uploads\/2026\/04\/kipinagames_header2026.jpg 1600w\" sizes=\"(max-width: 1024px) 100vw, 1024px\" \/><\/figure>\n\n\n\n<p><strong>Tervetuloa vuoden odotetuimpaan sekajoukkueiden harrasteturnaukseen Oulunkyl\u00e4\u00e4n!<\/strong><\/p>\n\n\n\n<p>Kipin\u00e4 Games -turnaus pelataan lauantaina 29.8.2026 iltap\u00e4iv\u00e4ll\u00e4 loistavissa olosuhteissa Oulunkyl\u00e4n liikuntapuistossa Markku.fi Areenalla osoitteessa K\u00e4skynhaltijantie 11, 00640 Helsinki.<\/p>\n\n\n\n<p>Turnauksen ajan pelaajia ja kannustajia palvelee kent\u00e4n laidalla Kipin\u00e4kahvila. Tarjolla on suolaisia ja makeita herkkuja, kylmi\u00e4 juomia sek\u00e4 makkaraa.<\/p>\n\n\n\n<p>Sauna on l\u00e4mpim\u00e4n\u00e4 klo 17 alkaen ja toivotamme kaikki joukkueet tervetulleiksi nauttimaan saunasta, kylmist\u00e4 juomista ja muista kahvion herkuista my\u00f6s omien pelien j\u00e4lkeen!<\/p>\n\n\n\n<p><strong>Ilmoittaudu turnaukseen 3.8. menness\u00e4 <\/strong><a href=\"https:\/\/docs.google.com\/forms\/d\/e\/1FAIpQLSf75I0qx0u2ZLlo_NV3mN-VZ85zHaPc7R0QHVFT4aqwqmSUGg\/viewform\" type=\"link\" id=\"https:\/\/docs.google.com\/forms\/d\/e\/1FAIpQLSf75I0qx0u2ZLlo_NV3mN-VZ85zHaPc7R0QHVFT4aqwqmSUGg\/viewform\">t\u00e4st\u00e4!<\/a><\/p>\n\n\n\n<p>Osallistumismaksu on 170 euroa \/ joukkue. Saat maksuohjeet ilmoittautumisen j\u00e4lkeen.<\/p>\n\n\n\n<h2 class=\"wp-block-heading\"><strong>Otteluohjelma<\/strong><\/h2>\n\n\n\n<p>Ottelut pelataan klo 12-18:30 v\u00e4lisen\u00e4 aikana. Tarkempi otteluohjelma julkaistaan viimeist\u00e4\u00e4n viikkoa ennen turnausta.<\/p>\n\n\n\n<h2 class=\"wp-block-heading\"><strong>Peruutukset<\/strong><\/h2>\n\n\n\n<p>Osallistuminen voidaan perua 3.8.2026 asti ilman kustannuksia. T\u00e4m\u00e4n j\u00e4lkeen tapahtuneista peruutuksista perimme 100 %:n osallistumismaksusta.<\/p>\n\n\n\n<h2 class=\"wp-block-heading\"><strong>S\u00e4\u00e4nn\u00f6t<\/strong><\/h2>\n\n\n\n<p>Turnaus pelataan sekajoukkueilla eli v\u00e4hint\u00e4\u00e4n kaksi eri sukupuolta tulee olla edustettuna joukkueessa. Kent\u00e4ll\u00e4 tulee olla v\u00e4hint\u00e4\u00e4n kaksi naista koko pelin ajan kentt\u00e4pelaajana eli maalivahtia ei lasketa kiinti\u00f6\u00f6n. Pelitapa on 5 vs. 5 (eli 4 + maalivahti), peliaika 1 x 20 minuuttia. Kaikille joukkueille taataan v\u00e4hint\u00e4\u00e4n 4 peli\u00e4. Otteluissa noudatetaan Suomen Palloliiton Kaikki Pelaa -s\u00e4\u00e4nt\u00f6j\u00e4.<\/p>\n\n\n\n<h2 class=\"wp-block-heading\"><strong>Palkinnot ja j\u00e4lkipelit<\/strong><\/h2>\n\n\n\n<p>Turnauksen parhaat joukkueet palkitaan. Kent\u00e4n reunalla on my\u00f6s sauna ja se on l\u00e4mmin! Turnauksen j\u00e4lkeen jatkot Areenalla!<\/p>\n\n\n\n<h2 class=\"wp-block-heading\"><strong>Vakuutukset<\/strong><\/h2>\n\n\n\n<p>J\u00e4rjest\u00e4j\u00e4 ei ota pelaajille vakuutuksia. Jokainen pelaaja vastaa itse omista vakuutuksistaan.<\/p>\n\n\n\n<h2 class=\"wp-block-heading\"><strong>J\u00e4rjest\u00e4j\u00e4<\/strong><\/h2>\n\n\n\n<p>Turnauksen j\u00e4rjest\u00e4\u00e4 IF Gnistan | Kipin\u00e4t. Kipin\u00e4t on harrastetasoinen sekajoukkue aikuisille. Tiedustelut ja yhteydenotot:&nbsp;<a href=\"mailto:kipinagames@gmail.com\">kipinagames@gmail.com<\/a>.<\/p>\n\n\n\n<h2 class=\"wp-block-heading\"><\/h2>","protected":false},"excerpt":{"rendered":"<p>Tervetuloa vuoden odotetuimpaan sekajoukkueiden harrasteturnaukseen Oulunkyl\u00e4\u00e4n! Kipin\u00e4 Games -turnaus pelataan lauantaina 29.8.2026 iltap\u00e4iv\u00e4ll\u00e4 loistavissa olosuhteissa Oulunkyl\u00e4n liikuntapuistossa Markku.fi Areenalla osoitteessa K\u00e4skynhaltijantie 11, 00640 Helsinki. Turnauksen ajan pelaajia ja kannustajia palvelee kent\u00e4n laidalla Kipin\u00e4kahvila. Tarjolla on suolaisia ja makeita herkkuja, kylmi\u00e4 juomia sek\u00e4 makkaraa. Sauna on l\u00e4mpim\u00e4n\u00e4 klo 17 alkaen ja toivotamme kaikki joukkueet tervetulleiksi nauttimaan [&hellip;]<\/p>\n","protected":false},"author":27,"featured_media":36703,"parent":0,"menu_order":0,"comment_status":"closed","ping_status":"closed","template":"","meta":{"_acf_changed":false,"footnotes":""},"class_list":["post-25537","page","type-page","status-publish","has-post-thumbnail","hentry"],"acf":[],"yoast_head":"<!-- This site is optimized with the Yoast SEO plugin v27.3 - https:\/\/yoast.com\/product\/yoast-seo-wordpress\/ -->\n<title>Gnistan Kipin\u00e4Games - IF Gnistan<\/title>\n<meta name=\"robots\" content=\"index, follow, max-snippet:-1, max-image-preview:large, max-video-preview:-1\" \/>\n<link rel=\"canonical\" href=\"https:\/\/gnistan.fi\/sv\/gnistan-kipinagames\/\" \/>\n<meta property=\"og:locale\" content=\"sv_SE\" \/>\n<meta property=\"og:type\" content=\"article\" \/>\n<meta property=\"og:title\" content=\"Gnistan Kipin\u00e4Games - IF Gnistan\" \/>\n<meta property=\"og:description\" content=\"Tervetuloa vuoden odotetuimpaan sekajoukkueiden harrasteturnaukseen Oulunkyl\u00e4\u00e4n! Kipin\u00e4 Games -turnaus pelataan lauantaina 29.8.2026 iltap\u00e4iv\u00e4ll\u00e4 loistavissa olosuhteissa Oulunkyl\u00e4n liikuntapuistossa Markku.fi Areenalla osoitteessa K\u00e4skynhaltijantie 11, 00640 Helsinki. Turnauksen ajan pelaajia ja kannustajia palvelee kent\u00e4n laidalla Kipin\u00e4kahvila. Tarjolla on suolaisia ja makeita herkkuja, kylmi\u00e4 juomia sek\u00e4 makkaraa. Sauna on l\u00e4mpim\u00e4n\u00e4 klo 17 alkaen ja toivotamme kaikki joukkueet tervetulleiksi nauttimaan [&hellip;]\" \/>\n<meta property=\"og:url\" content=\"https:\/\/gnistan.fi\/sv\/gnistan-kipinagames\/\" \/>\n<meta property=\"og:site_name\" content=\"IF Gnistan\" \/>\n<meta property=\"article:publisher\" content=\"https:\/\/facebook.com\/ifgnistan\" \/>\n<meta property=\"article:modified_time\" content=\"2026-04-10T10:49:31+00:00\" \/>\n<meta property=\"og:image\" content=\"https:\/\/gnistan.fi\/wp-content\/uploads\/2026\/04\/kipinagames_header2026.jpg\" \/>\n\t<meta property=\"og:image:width\" content=\"1600\" \/>\n\t<meta property=\"og:image:height\" content=\"377\" \/>\n\t<meta property=\"og:image:type\" content=\"image\/jpeg\" \/>\n<meta name=\"twitter:card\" content=\"summary_large_image\" \/>\n<meta name=\"twitter:site\" content=\"@ifgnistan1924\" \/>\n<meta name=\"twitter:label1\" content=\"Ber\u00e4knad l\u00e4stid\" \/>\n\t<meta name=\"twitter:data1\" content=\"2 minuter\" \/>\n<script type=\"application\/ld+json\" class=\"yoast-schema-graph\">{\"@context\":\"https:\\\/\\\/schema.org\",\"@graph\":[{\"@type\":\"WebPage\",\"@id\":\"https:\\\/\\\/gnistan.fi\\\/gnistan-kipinagames\\\/\",\"url\":\"https:\\\/\\\/gnistan.fi\\\/gnistan-kipinagames\\\/\",\"name\":\"Gnistan Kipin\u00e4Games - IF Gnistan\",\"isPartOf\":{\"@id\":\"https:\\\/\\\/gnistan.fi\\\/#website\"},\"primaryImageOfPage\":{\"@id\":\"https:\\\/\\\/gnistan.fi\\\/gnistan-kipinagames\\\/#primaryimage\"},\"image\":{\"@id\":\"https:\\\/\\\/gnistan.fi\\\/gnistan-kipinagames\\\/#primaryimage\"},\"thumbnailUrl\":\"https:\\\/\\\/gnistan.fi\\\/wp-content\\\/uploads\\\/2024\\\/11\\\/gnistan-default-featured-2024-c.webp\",\"datePublished\":\"2023-06-19T12:42:29+00:00\",\"dateModified\":\"2026-04-10T10:49:31+00:00\",\"breadcrumb\":{\"@id\":\"https:\\\/\\\/gnistan.fi\\\/gnistan-kipinagames\\\/#breadcrumb\"},\"inLanguage\":\"sv-SE\",\"potentialAction\":[{\"@type\":\"ReadAction\",\"target\":[\"https:\\\/\\\/gnistan.fi\\\/gnistan-kipinagames\\\/\"]}]},{\"@type\":\"ImageObject\",\"inLanguage\":\"sv-SE\",\"@id\":\"https:\\\/\\\/gnistan.fi\\\/gnistan-kipinagames\\\/#primaryimage\",\"url\":\"https:\\\/\\\/gnistan.fi\\\/wp-content\\\/uploads\\\/2024\\\/11\\\/gnistan-default-featured-2024-c.webp\",\"contentUrl\":\"https:\\\/\\\/gnistan.fi\\\/wp-content\\\/uploads\\\/2024\\\/11\\\/gnistan-default-featured-2024-c.webp\",\"width\":1920,\"height\":1080},{\"@type\":\"BreadcrumbList\",\"@id\":\"https:\\\/\\\/gnistan.fi\\\/gnistan-kipinagames\\\/#breadcrumb\",\"itemListElement\":[{\"@type\":\"ListItem\",\"position\":1,\"name\":\"Etusivu\",\"item\":\"https:\\\/\\\/gnistan.fi\\\/\"},{\"@type\":\"ListItem\",\"position\":2,\"name\":\"Gnistan Kipin\u00e4Games\"}]},{\"@type\":\"WebSite\",\"@id\":\"https:\\\/\\\/gnistan.fi\\\/#website\",\"url\":\"https:\\\/\\\/gnistan.fi\\\/\",\"name\":\"IF Gnistan\",\"description\":\"Viralliset sivut\",\"publisher\":{\"@id\":\"https:\\\/\\\/gnistan.fi\\\/#organization\"},\"potentialAction\":[{\"@type\":\"SearchAction\",\"target\":{\"@type\":\"EntryPoint\",\"urlTemplate\":\"https:\\\/\\\/gnistan.fi\\\/?s={search_term_string}\"},\"query-input\":{\"@type\":\"PropertyValueSpecification\",\"valueRequired\":true,\"valueName\":\"search_term_string\"}}],\"inLanguage\":\"sv-SE\"},{\"@type\":\"Organization\",\"@id\":\"https:\\\/\\\/gnistan.fi\\\/#organization\",\"name\":\"IF Gnistan\",\"url\":\"https:\\\/\\\/gnistan.fi\\\/\",\"logo\":{\"@type\":\"ImageObject\",\"inLanguage\":\"sv-SE\",\"@id\":\"https:\\\/\\\/gnistan.fi\\\/#\\\/schema\\\/logo\\\/image\\\/\",\"url\":\"https:\\\/\\\/gnistan.fi\\\/wp-content\\\/uploads\\\/2019\\\/10\\\/if-gnistan-vector-logo.svg\",\"contentUrl\":\"https:\\\/\\\/gnistan.fi\\\/wp-content\\\/uploads\\\/2019\\\/10\\\/if-gnistan-vector-logo.svg\",\"width\":269,\"height\":314,\"caption\":\"IF Gnistan\"},\"image\":{\"@id\":\"https:\\\/\\\/gnistan.fi\\\/#\\\/schema\\\/logo\\\/image\\\/\"},\"sameAs\":[\"https:\\\/\\\/facebook.com\\\/ifgnistan\",\"https:\\\/\\\/x.com\\\/ifgnistan1924\",\"https:\\\/\\\/instagram.com\\\/ifgnistan1924\",\"https:\\\/\\\/www.linkedin.com\\\/company\\\/ifgnistan\\\/\"]}]}<\/script>\n<!-- \/ Yoast SEO plugin. -->","yoast_head_json":{"title":"Gnistan Kipin\u00e4Games - IF Gnistan","robots":{"index":"index","follow":"follow","max-snippet":"max-snippet:-1","max-image-preview":"max-image-preview:large","max-video-preview":"max-video-preview:-1"},"canonical":"https:\/\/gnistan.fi\/sv\/gnistan-kipinagames\/","og_locale":"sv_SE","og_type":"article","og_title":"Gnistan Kipin\u00e4Games - IF Gnistan","og_description":"Tervetuloa vuoden odotetuimpaan sekajoukkueiden harrasteturnaukseen Oulunkyl\u00e4\u00e4n! Kipin\u00e4 Games -turnaus pelataan lauantaina 29.8.2026 iltap\u00e4iv\u00e4ll\u00e4 loistavissa olosuhteissa Oulunkyl\u00e4n liikuntapuistossa Markku.fi Areenalla osoitteessa K\u00e4skynhaltijantie 11, 00640 Helsinki. Turnauksen ajan pelaajia ja kannustajia palvelee kent\u00e4n laidalla Kipin\u00e4kahvila. Tarjolla on suolaisia ja makeita herkkuja, kylmi\u00e4 juomia sek\u00e4 makkaraa. Sauna on l\u00e4mpim\u00e4n\u00e4 klo 17 alkaen ja toivotamme kaikki joukkueet tervetulleiksi nauttimaan [&hellip;]","og_url":"https:\/\/gnistan.fi\/sv\/gnistan-kipinagames\/","og_site_name":"IF Gnistan","article_publisher":"https:\/\/facebook.com\/ifgnistan","article_modified_time":"2026-04-10T10:49:31+00:00","og_image":[{"width":1600,"height":377,"url":"https:\/\/gnistan.fi\/wp-content\/uploads\/2026\/04\/kipinagames_header2026.jpg","type":"image\/jpeg"}],"twitter_card":"summary_large_image","twitter_site":"@ifgnistan1924","twitter_misc":{"Ber\u00e4knad l\u00e4stid":"2 minuter"},"schema":{"@context":"https:\/\/schema.org","@graph":[{"@type":"WebPage","@id":"https:\/\/gnistan.fi\/gnistan-kipinagames\/","url":"https:\/\/gnistan.fi\/gnistan-kipinagames\/","name":"Gnistan Kipin\u00e4Games - IF Gnistan","isPartOf":{"@id":"https:\/\/gnistan.fi\/#website"},"primaryImageOfPage":{"@id":"https:\/\/gnistan.fi\/gnistan-kipinagames\/#primaryimage"},"image":{"@id":"https:\/\/gnistan.fi\/gnistan-kipinagames\/#primaryimage"},"thumbnailUrl":"https:\/\/gnistan.fi\/wp-content\/uploads\/2024\/11\/gnistan-default-featured-2024-c.webp","datePublished":"2023-06-19T12:42:29+00:00","dateModified":"2026-04-10T10:49:31+00:00","breadcrumb":{"@id":"https:\/\/gnistan.fi\/gnistan-kipinagames\/#breadcrumb"},"inLanguage":"sv-SE","potentialAction":[{"@type":"ReadAction","target":["https:\/\/gnistan.fi\/gnistan-kipinagames\/"]}]},{"@type":"ImageObject","inLanguage":"sv-SE","@id":"https:\/\/gnistan.fi\/gnistan-kipinagames\/#primaryimage","url":"https:\/\/gnistan.fi\/wp-content\/uploads\/2024\/11\/gnistan-default-featured-2024-c.webp","contentUrl":"https:\/\/gnistan.fi\/wp-content\/uploads\/2024\/11\/gnistan-default-featured-2024-c.webp","width":1920,"height":1080},{"@type":"BreadcrumbList","@id":"https:\/\/gnistan.fi\/gnistan-kipinagames\/#breadcrumb","itemListElement":[{"@type":"ListItem","position":1,"name":"Etusivu","item":"https:\/\/gnistan.fi\/"},{"@type":"ListItem","position":2,"name":"Gnistan Kipin\u00e4Games"}]},{"@type":"WebSite","@id":"https:\/\/gnistan.fi\/#website","url":"https:\/\/gnistan.fi\/","name":"IF Gnistan","description":"Viralliset sivut","publisher":{"@id":"https:\/\/gnistan.fi\/#organization"},"potentialAction":[{"@type":"SearchAction","target":{"@type":"EntryPoint","urlTemplate":"https:\/\/gnistan.fi\/?s={search_term_string}"},"query-input":{"@type":"PropertyValueSpecification","valueRequired":true,"valueName":"search_term_string"}}],"inLanguage":"sv-SE"},{"@type":"Organization","@id":"https:\/\/gnistan.fi\/#organization","name":"IF Gnistan","url":"https:\/\/gnistan.fi\/","logo":{"@type":"ImageObject","inLanguage":"sv-SE","@id":"https:\/\/gnistan.fi\/#\/schema\/logo\/image\/","url":"https:\/\/gnistan.fi\/wp-content\/uploads\/2019\/10\/if-gnistan-vector-logo.svg","contentUrl":"https:\/\/gnistan.fi\/wp-content\/uploads\/2019\/10\/if-gnistan-vector-logo.svg","width":269,"height":314,"caption":"IF Gnistan"},"image":{"@id":"https:\/\/gnistan.fi\/#\/schema\/logo\/image\/"},"sameAs":["https:\/\/facebook.com\/ifgnistan","https:\/\/x.com\/ifgnistan1924","https:\/\/instagram.com\/ifgnistan1924","https:\/\/www.linkedin.com\/company\/ifgnistan\/"]}]}},"jetpack_sharing_enabled":true,"_links":{"self":[{"href":"https:\/\/gnistan.fi\/sv\/wp-json\/wp\/v2\/pages\/25537","targetHints":{"allow":["GET"]}}],"collection":[{"href":"https:\/\/gnistan.fi\/sv\/wp-json\/wp\/v2\/pages"}],"about":[{"href":"https:\/\/gnistan.fi\/sv\/wp-json\/wp\/v2\/types\/page"}],"author":[{"embeddable":true,"href":"https:\/\/gnistan.fi\/sv\/wp-json\/wp\/v2\/users\/27"}],"replies":[{"embeddable":true,"href":"https:\/\/gnistan.fi\/sv\/wp-json\/wp\/v2\/comments?post=25537"}],"version-history":[{"count":17,"href":"https:\/\/gnistan.fi\/sv\/wp-json\/wp\/v2\/pages\/25537\/revisions"}],"predecessor-version":[{"id":44982,"href":"https:\/\/gnistan.fi\/sv\/wp-json\/wp\/v2\/pages\/25537\/revisions\/44982"}],"wp:featuredmedia":[{"embeddable":true,"href":"https:\/\/gnistan.fi\/sv\/wp-json\/wp\/v2\/media\/36703"}],"wp:attachment":[{"href":"https:\/\/gnistan.fi\/sv\/wp-json\/wp\/v2\/media?parent=25537"}],"curies":[{"name":"wp","href":"https:\/\/api.w.org\/{rel}","templated":true}]}}