{"id":24434,"date":"2023-02-06T23:07:40","date_gmt":"2023-02-06T21:07:40","guid":{"rendered":"https:\/\/gnistan.fi\/?page_id=24434"},"modified":"2023-02-06T23:07:41","modified_gmt":"2023-02-06T21:07:41","slug":"vastuullisuus","status":"publish","type":"page","link":"https:\/\/gnistan.fi\/sv\/vastuullisuus\/","title":{"rendered":"VASTUULLISUUS"},"content":{"rendered":"<p>Toimintamme koskettaa\u00a0seuran j\u00e4senien ja heid\u00e4n l\u00e4hipiirins\u00e4 lis\u00e4ksi monia muita ihmisi\u00e4 Helsingin alueella. Jalkapallo kuuluu kaikille. Haluamme tarjota turvallisen harrastuksen sek\u00e4 tukea turvallista kasvua ja liikunnallista el\u00e4m\u00e4ntapaa lapsille. Tapahtumissamme toivomme ihmisten viihtyv\u00e4n ja saavan mielekk\u00e4it\u00e4 kokemuksia. <\/p>\n\n\n\n<p>IF Gnistan ry tarjoaa lapselle p\u00e4ihteett\u00f6m\u00e4n, v\u00e4kivallattoman ja turvallisen ymp\u00e4rist\u00f6n. Haluamme ehk\u00e4ist\u00e4 toiminnassamme kaikenlaisen lapseen kohdistuvan h\u00e4irinn\u00e4n, v\u00e4kivallan, syrjinn\u00e4n ja hyv\u00e4ksik\u00e4yt\u00f6n. Pyrimme ennaltaehk\u00e4isem\u00e4\u00e4n ei toivottuja tapahtumia tai niiden sattuessa hallitusti ja nopeasti selvitt\u00e4m\u00e4\u00e4n ne.<\/p>\n\n\n\n<p><strong>Turvallisuusohjeistuksen<\/strong> tavoitteena on kaikenlaisen turvallisuuden, niin henkisen kuin fyysisen, varmistaminen kaikille henkil\u00f6ille, joita toimintamme koskettaa. Kotistadionilla on t\u00e4rke\u00e4\u00e4 yll\u00e4pit\u00e4\u00e4 turvallista ymp\u00e4rist\u00f6\u00e4, niin seuran j\u00e4senten kuin ulkopuolisten osalta.<\/p>\n\n\n\n<p>IF Gnistan ry on tehnyt <strong>suunnitelman lapsen turvallisuuden ja koskemattomuuden turvaamiseksi<\/strong>. Se auttaa meit\u00e4 ennaltaehk\u00e4isem\u00e4\u00e4n ei toivottuja tapahtumia ja niiden sattuessa puuttumaan niihin v\u00e4litt\u00f6m\u00e4sti. <\/p>\n\n\n\n<p>Meille on t\u00e4rke\u00e4\u00e4, ett\u00e4 jalkapallon harrastaminen on mahdollista kaikille nuorille perhetaustasta tai taloudellisista syist\u00e4 huolimatta. Siksi IF Gnistanin junioripelaajat voivat hakea avustusta jalkapalloharrastukseensa <strong>Kipin\u00e4rahaston<\/strong> .<\/p>","protected":false},"excerpt":{"rendered":"<p>Toimintamme koskettaa\u00a0seuran j\u00e4senien ja heid\u00e4n l\u00e4hipiirins\u00e4 lis\u00e4ksi monia muita ihmisi\u00e4 Helsingin alueella. Jalkapallo kuuluu kaikille. Haluamme tarjota turvallisen harrastuksen sek\u00e4 tukea turvallista kasvua ja liikunnallista el\u00e4m\u00e4ntapaa lapsille. Tapahtumissamme toivomme ihmisten viihtyv\u00e4n ja saavan mielekk\u00e4it\u00e4 kokemuksia. IF Gnistan ry tarjoaa lapselle p\u00e4ihteett\u00f6m\u00e4n, v\u00e4kivallattoman ja turvallisen ymp\u00e4rist\u00f6n. Haluamme ehk\u00e4ist\u00e4 toiminnassamme kaikenlaisen lapseen kohdistuvan h\u00e4irinn\u00e4n, v\u00e4kivallan, syrjinn\u00e4n ja [&hellip;]<\/p>\n","protected":false},"author":27,"featured_media":36703,"parent":0,"menu_order":0,"comment_status":"closed","ping_status":"closed","template":"","meta":{"_acf_changed":false,"footnotes":""},"class_list":["post-24434","page","type-page","status-publish","has-post-thumbnail","hentry"],"acf":[],"yoast_head":"<!-- This site is optimized with the Yoast SEO plugin v27.3 - https:\/\/yoast.com\/product\/yoast-seo-wordpress\/ -->\n<title>VASTUULLISUUS - IF Gnistan<\/title>\n<meta name=\"robots\" content=\"index, follow, max-snippet:-1, max-image-preview:large, max-video-preview:-1\" \/>\n<link rel=\"canonical\" href=\"https:\/\/gnistan.fi\/sv\/vastuullisuus\/\" \/>\n<meta property=\"og:locale\" content=\"sv_SE\" \/>\n<meta property=\"og:type\" content=\"article\" \/>\n<meta property=\"og:title\" content=\"VASTUULLISUUS - IF Gnistan\" \/>\n<meta property=\"og:description\" content=\"Toimintamme koskettaa\u00a0seuran j\u00e4senien ja heid\u00e4n l\u00e4hipiirins\u00e4 lis\u00e4ksi monia muita ihmisi\u00e4 Helsingin alueella. Jalkapallo kuuluu kaikille. Haluamme tarjota turvallisen harrastuksen sek\u00e4 tukea turvallista kasvua ja liikunnallista el\u00e4m\u00e4ntapaa lapsille. Tapahtumissamme toivomme ihmisten viihtyv\u00e4n ja saavan mielekk\u00e4it\u00e4 kokemuksia. IF Gnistan ry tarjoaa lapselle p\u00e4ihteett\u00f6m\u00e4n, v\u00e4kivallattoman ja turvallisen ymp\u00e4rist\u00f6n. Haluamme ehk\u00e4ist\u00e4 toiminnassamme kaikenlaisen lapseen kohdistuvan h\u00e4irinn\u00e4n, v\u00e4kivallan, syrjinn\u00e4n ja [&hellip;]\" \/>\n<meta property=\"og:url\" content=\"https:\/\/gnistan.fi\/sv\/vastuullisuus\/\" \/>\n<meta property=\"og:site_name\" content=\"IF Gnistan\" \/>\n<meta property=\"article:publisher\" content=\"https:\/\/facebook.com\/ifgnistan\" \/>\n<meta property=\"article:modified_time\" content=\"2023-02-06T21:07:41+00:00\" \/>\n<meta property=\"og:image\" content=\"https:\/\/gnistan.fi\/wp-content\/uploads\/2024\/11\/gnistan-default-featured-2024-c.webp\" \/>\n\t<meta property=\"og:image:width\" content=\"1920\" \/>\n\t<meta property=\"og:image:height\" content=\"1080\" \/>\n\t<meta property=\"og:image:type\" content=\"image\/webp\" \/>\n<meta name=\"twitter:card\" content=\"summary_large_image\" \/>\n<meta name=\"twitter:site\" content=\"@ifgnistan1924\" \/>\n<meta name=\"twitter:label1\" content=\"Ber\u00e4knad l\u00e4stid\" \/>\n\t<meta name=\"twitter:data1\" content=\"1 minut\" \/>\n<script type=\"application\/ld+json\" class=\"yoast-schema-graph\">{\"@context\":\"https:\\\/\\\/schema.org\",\"@graph\":[{\"@type\":\"WebPage\",\"@id\":\"https:\\\/\\\/gnistan.fi\\\/vastuullisuus\\\/\",\"url\":\"https:\\\/\\\/gnistan.fi\\\/vastuullisuus\\\/\",\"name\":\"VASTUULLISUUS - IF Gnistan\",\"isPartOf\":{\"@id\":\"https:\\\/\\\/gnistan.fi\\\/#website\"},\"primaryImageOfPage\":{\"@id\":\"https:\\\/\\\/gnistan.fi\\\/vastuullisuus\\\/#primaryimage\"},\"image\":{\"@id\":\"https:\\\/\\\/gnistan.fi\\\/vastuullisuus\\\/#primaryimage\"},\"thumbnailUrl\":\"https:\\\/\\\/gnistan.fi\\\/wp-content\\\/uploads\\\/2024\\\/11\\\/gnistan-default-featured-2024-c.webp\",\"datePublished\":\"2023-02-06T21:07:40+00:00\",\"dateModified\":\"2023-02-06T21:07:41+00:00\",\"breadcrumb\":{\"@id\":\"https:\\\/\\\/gnistan.fi\\\/vastuullisuus\\\/#breadcrumb\"},\"inLanguage\":\"sv-SE\",\"potentialAction\":[{\"@type\":\"ReadAction\",\"target\":[\"https:\\\/\\\/gnistan.fi\\\/vastuullisuus\\\/\"]}]},{\"@type\":\"ImageObject\",\"inLanguage\":\"sv-SE\",\"@id\":\"https:\\\/\\\/gnistan.fi\\\/vastuullisuus\\\/#primaryimage\",\"url\":\"https:\\\/\\\/gnistan.fi\\\/wp-content\\\/uploads\\\/2024\\\/11\\\/gnistan-default-featured-2024-c.webp\",\"contentUrl\":\"https:\\\/\\\/gnistan.fi\\\/wp-content\\\/uploads\\\/2024\\\/11\\\/gnistan-default-featured-2024-c.webp\",\"width\":1920,\"height\":1080},{\"@type\":\"BreadcrumbList\",\"@id\":\"https:\\\/\\\/gnistan.fi\\\/vastuullisuus\\\/#breadcrumb\",\"itemListElement\":[{\"@type\":\"ListItem\",\"position\":1,\"name\":\"Etusivu\",\"item\":\"https:\\\/\\\/gnistan.fi\\\/\"},{\"@type\":\"ListItem\",\"position\":2,\"name\":\"VASTUULLISUUS\"}]},{\"@type\":\"WebSite\",\"@id\":\"https:\\\/\\\/gnistan.fi\\\/#website\",\"url\":\"https:\\\/\\\/gnistan.fi\\\/\",\"name\":\"IF Gnistan\",\"description\":\"Viralliset sivut\",\"publisher\":{\"@id\":\"https:\\\/\\\/gnistan.fi\\\/#organization\"},\"potentialAction\":[{\"@type\":\"SearchAction\",\"target\":{\"@type\":\"EntryPoint\",\"urlTemplate\":\"https:\\\/\\\/gnistan.fi\\\/?s={search_term_string}\"},\"query-input\":{\"@type\":\"PropertyValueSpecification\",\"valueRequired\":true,\"valueName\":\"search_term_string\"}}],\"inLanguage\":\"sv-SE\"},{\"@type\":\"Organization\",\"@id\":\"https:\\\/\\\/gnistan.fi\\\/#organization\",\"name\":\"IF Gnistan\",\"url\":\"https:\\\/\\\/gnistan.fi\\\/\",\"logo\":{\"@type\":\"ImageObject\",\"inLanguage\":\"sv-SE\",\"@id\":\"https:\\\/\\\/gnistan.fi\\\/#\\\/schema\\\/logo\\\/image\\\/\",\"url\":\"https:\\\/\\\/gnistan.fi\\\/wp-content\\\/uploads\\\/2019\\\/10\\\/if-gnistan-vector-logo.svg\",\"contentUrl\":\"https:\\\/\\\/gnistan.fi\\\/wp-content\\\/uploads\\\/2019\\\/10\\\/if-gnistan-vector-logo.svg\",\"width\":269,\"height\":314,\"caption\":\"IF Gnistan\"},\"image\":{\"@id\":\"https:\\\/\\\/gnistan.fi\\\/#\\\/schema\\\/logo\\\/image\\\/\"},\"sameAs\":[\"https:\\\/\\\/facebook.com\\\/ifgnistan\",\"https:\\\/\\\/x.com\\\/ifgnistan1924\",\"https:\\\/\\\/instagram.com\\\/ifgnistan1924\",\"https:\\\/\\\/www.linkedin.com\\\/company\\\/ifgnistan\\\/\"]}]}<\/script>\n<!-- \/ Yoast SEO plugin. -->","yoast_head_json":{"title":"VASTUULLISUUS - IF Gnistan","robots":{"index":"index","follow":"follow","max-snippet":"max-snippet:-1","max-image-preview":"max-image-preview:large","max-video-preview":"max-video-preview:-1"},"canonical":"https:\/\/gnistan.fi\/sv\/vastuullisuus\/","og_locale":"sv_SE","og_type":"article","og_title":"VASTUULLISUUS - IF Gnistan","og_description":"Toimintamme koskettaa\u00a0seuran j\u00e4senien ja heid\u00e4n l\u00e4hipiirins\u00e4 lis\u00e4ksi monia muita ihmisi\u00e4 Helsingin alueella. Jalkapallo kuuluu kaikille. Haluamme tarjota turvallisen harrastuksen sek\u00e4 tukea turvallista kasvua ja liikunnallista el\u00e4m\u00e4ntapaa lapsille. Tapahtumissamme toivomme ihmisten viihtyv\u00e4n ja saavan mielekk\u00e4it\u00e4 kokemuksia. IF Gnistan ry tarjoaa lapselle p\u00e4ihteett\u00f6m\u00e4n, v\u00e4kivallattoman ja turvallisen ymp\u00e4rist\u00f6n. Haluamme ehk\u00e4ist\u00e4 toiminnassamme kaikenlaisen lapseen kohdistuvan h\u00e4irinn\u00e4n, v\u00e4kivallan, syrjinn\u00e4n ja [&hellip;]","og_url":"https:\/\/gnistan.fi\/sv\/vastuullisuus\/","og_site_name":"IF Gnistan","article_publisher":"https:\/\/facebook.com\/ifgnistan","article_modified_time":"2023-02-06T21:07:41+00:00","og_image":[{"width":1920,"height":1080,"url":"https:\/\/gnistan.fi\/wp-content\/uploads\/2024\/11\/gnistan-default-featured-2024-c.webp","type":"image\/webp"}],"twitter_card":"summary_large_image","twitter_site":"@ifgnistan1924","twitter_misc":{"Ber\u00e4knad l\u00e4stid":"1 minut"},"schema":{"@context":"https:\/\/schema.org","@graph":[{"@type":"WebPage","@id":"https:\/\/gnistan.fi\/vastuullisuus\/","url":"https:\/\/gnistan.fi\/vastuullisuus\/","name":"VASTUULLISUUS - IF Gnistan","isPartOf":{"@id":"https:\/\/gnistan.fi\/#website"},"primaryImageOfPage":{"@id":"https:\/\/gnistan.fi\/vastuullisuus\/#primaryimage"},"image":{"@id":"https:\/\/gnistan.fi\/vastuullisuus\/#primaryimage"},"thumbnailUrl":"https:\/\/gnistan.fi\/wp-content\/uploads\/2024\/11\/gnistan-default-featured-2024-c.webp","datePublished":"2023-02-06T21:07:40+00:00","dateModified":"2023-02-06T21:07:41+00:00","breadcrumb":{"@id":"https:\/\/gnistan.fi\/vastuullisuus\/#breadcrumb"},"inLanguage":"sv-SE","potentialAction":[{"@type":"ReadAction","target":["https:\/\/gnistan.fi\/vastuullisuus\/"]}]},{"@type":"ImageObject","inLanguage":"sv-SE","@id":"https:\/\/gnistan.fi\/vastuullisuus\/#primaryimage","url":"https:\/\/gnistan.fi\/wp-content\/uploads\/2024\/11\/gnistan-default-featured-2024-c.webp","contentUrl":"https:\/\/gnistan.fi\/wp-content\/uploads\/2024\/11\/gnistan-default-featured-2024-c.webp","width":1920,"height":1080},{"@type":"BreadcrumbList","@id":"https:\/\/gnistan.fi\/vastuullisuus\/#breadcrumb","itemListElement":[{"@type":"ListItem","position":1,"name":"Etusivu","item":"https:\/\/gnistan.fi\/"},{"@type":"ListItem","position":2,"name":"VASTUULLISUUS"}]},{"@type":"WebSite","@id":"https:\/\/gnistan.fi\/#website","url":"https:\/\/gnistan.fi\/","name":"IF Gnistan","description":"Viralliset sivut","publisher":{"@id":"https:\/\/gnistan.fi\/#organization"},"potentialAction":[{"@type":"SearchAction","target":{"@type":"EntryPoint","urlTemplate":"https:\/\/gnistan.fi\/?s={search_term_string}"},"query-input":{"@type":"PropertyValueSpecification","valueRequired":true,"valueName":"search_term_string"}}],"inLanguage":"sv-SE"},{"@type":"Organization","@id":"https:\/\/gnistan.fi\/#organization","name":"IF Gnistan","url":"https:\/\/gnistan.fi\/","logo":{"@type":"ImageObject","inLanguage":"sv-SE","@id":"https:\/\/gnistan.fi\/#\/schema\/logo\/image\/","url":"https:\/\/gnistan.fi\/wp-content\/uploads\/2019\/10\/if-gnistan-vector-logo.svg","contentUrl":"https:\/\/gnistan.fi\/wp-content\/uploads\/2019\/10\/if-gnistan-vector-logo.svg","width":269,"height":314,"caption":"IF Gnistan"},"image":{"@id":"https:\/\/gnistan.fi\/#\/schema\/logo\/image\/"},"sameAs":["https:\/\/facebook.com\/ifgnistan","https:\/\/x.com\/ifgnistan1924","https:\/\/instagram.com\/ifgnistan1924","https:\/\/www.linkedin.com\/company\/ifgnistan\/"]}]}},"jetpack_sharing_enabled":true,"_links":{"self":[{"href":"https:\/\/gnistan.fi\/sv\/wp-json\/wp\/v2\/pages\/24434","targetHints":{"allow":["GET"]}}],"collection":[{"href":"https:\/\/gnistan.fi\/sv\/wp-json\/wp\/v2\/pages"}],"about":[{"href":"https:\/\/gnistan.fi\/sv\/wp-json\/wp\/v2\/types\/page"}],"author":[{"embeddable":true,"href":"https:\/\/gnistan.fi\/sv\/wp-json\/wp\/v2\/users\/27"}],"replies":[{"embeddable":true,"href":"https:\/\/gnistan.fi\/sv\/wp-json\/wp\/v2\/comments?post=24434"}],"version-history":[{"count":1,"href":"https:\/\/gnistan.fi\/sv\/wp-json\/wp\/v2\/pages\/24434\/revisions"}],"predecessor-version":[{"id":24435,"href":"https:\/\/gnistan.fi\/sv\/wp-json\/wp\/v2\/pages\/24434\/revisions\/24435"}],"wp:featuredmedia":[{"embeddable":true,"href":"https:\/\/gnistan.fi\/sv\/wp-json\/wp\/v2\/media\/36703"}],"wp:attachment":[{"href":"https:\/\/gnistan.fi\/sv\/wp-json\/wp\/v2\/media?parent=24434"}],"curies":[{"name":"wp","href":"https:\/\/api.w.org\/{rel}","templated":true}]}}