{"id":24297,"date":"2023-01-26T00:22:11","date_gmt":"2023-01-25T22:22:11","guid":{"rendered":"https:\/\/gnistan.fi\/?page_id=24297"},"modified":"2025-11-11T12:31:47","modified_gmt":"2025-11-11T10:31:47","slug":"valmennus","status":"publish","type":"page","link":"https:\/\/gnistan.fi\/sv\/valmennus\/","title":{"rendered":"VALMENNUS 2026"},"content":{"rendered":"<h2 class=\"wp-block-heading has-text-align-center\">SPORTCHEF<\/h2>\n\n\n\n<p class=\"has-text-align-center\">Jarkko Jokiranta B-juniorer - vuxenlag och representationslag<\/p>\n\n\n\n<p class=\"has-text-align-center\">jarkko.jokiranta(at)gnistan.fi <\/p>\n\n\n\n<h2 class=\"wp-block-heading has-text-align-center\">VALMENNUSP\u00c4\u00c4LLIKK\u00d6<\/h2>\n\n\n\n<p class=\"has-text-align-center\">Erikoistumisvaiheen valmennusp\u00e4\u00e4llikk\u00f6 Emil Vaara (yli 15-vuotiaat)<\/p>\n\n\n\n<p class=\"has-text-align-center\">emil.vaara(at)gnistan.fi<\/p>\n\n\n\n<p class=\"has-text-align-center\">Nuoruusvaiheen valmennusp\u00e4\u00e4llikk\u00f6 Mikko Bergstr\u00f6m (10-15-vuotiaat)<\/p>\n\n\n\n<p class=\"has-text-align-center\">mikko.bergstrom(at)gnistan.fi<\/p>\n\n\n\n<p class=\"has-text-align-center\">Lapsuusvaiheen valmennusp\u00e4\u00e4llikk\u00f6 (5-10-vuotiaat) Pyry Korhonen<\/p>\n\n\n\n<p class=\"has-text-align-center\">pyry.korhonen(at)gnistan.fi<\/p>\n\n\n\n<p class=\"has-text-align-center\">Lapsuusvaiheen koordinaattori Nea Sunila<\/p>\n\n\n\n<p class=\"has-text-align-center\">nea.sunila(at)gnistan.fi<\/p>\n\n\n\n<h2 class=\"wp-block-heading has-text-align-center\">ANSVARIGA TR\u00c4NARE\/JUNIORER<\/h2>\n\n\n\n<p class=\"has-text-align-center\" style=\"border-style:none;border-width:0px\">B1 &#8211; Ilari Aho<\/p>\n\n\n\n<p class=\"has-text-align-center\">B2 &#8211; Ilmari Yl\u00f6nen<\/p>\n\n\n\n<p class=\"has-text-align-center\">B3- Noann Olivier-L\u00f6nnqvist<\/p>\n\n\n\n<p class=\"has-text-align-center\">TB1 &#8211; Kaisa Collin<\/p>\n\n\n\n<p class=\"has-text-align-center\">TB2 &#8211; Jukka Halme<\/p>\n\n\n\n<p class=\"has-text-align-center\">TB3 &#8211; Kaius Krabbe<\/p>\n\n\n\n<p class=\"has-text-align-center\">P2010 K1 &#8211; Teemu Tavikainen<\/p>\n\n\n\n<p class=\"has-text-align-center\">P2010 K2 &#8211; Ilmari Yl\u00f6nen<\/p>\n\n\n\n<p class=\"has-text-align-center\">P2010 H &#8211; Kaius Krabbe<\/p>\n\n\n\n<p class=\"has-text-align-center\">P2011 K1 &#8211; Can Dikmen<\/p>\n\n\n\n<p class=\"has-text-align-center\">P2011 K2 &#8211; Miika Kurtakko<\/p>\n\n\n\n<p class=\"has-text-align-center\">P2011 H &#8211; Markku Mutanen<\/p>\n\n\n\n<p class=\"has-text-align-center\">T2011 &#8211; Laura Hyv\u00f6nen<\/p>\n\n\n\n<p class=\"has-text-align-center\">P2012 K1 &#8211; Jesse Pekkonen<\/p>\n\n\n\n<p class=\"has-text-align-center\">P2012 K2 &#8211; Feris Trabelsi<\/p>\n\n\n\n<p class=\"has-text-align-center\">P2012 H &#8211; Bishal Bhandari<\/p>\n\n\n\n<p class=\"has-text-align-center\">T2012-13 K1 &#8211; Laura Hyv\u00f6nen<\/p>\n\n\n\n<p class=\"has-text-align-center\">T2012-13 H &#8211; Miia Kauppinen<\/p>\n\n\n\n<p class=\"has-text-align-center\">P2013 K1 &#8211; Mohaiman Abdilamir<\/p>\n\n\n\n<p class=\"has-text-align-center\">P2013 K2 &#8211; Abu Farah<\/p>\n\n\n\n<p class=\"has-text-align-center\">P2013 H &#8211; Joona Tapani<\/p>\n\n\n\n<p class=\"has-text-align-center\">P2014 K1 &#8211; Jesse Pekkonen<\/p>\n\n\n\n<p class=\"has-text-align-center\">P2014 K2 &#8211; Miro Hokkanen<\/p>\n\n\n\n<p class=\"has-text-align-center\">P2014 H &#8211; Abdulkhaleq Alhaayawi<\/p>\n\n\n\n<p class=\"has-text-align-center\">T2014-15 &#8211; Abdirahman Bile<\/p>\n\n\n\n<p class=\"has-text-align-center\">P2015 K1 &#8211; Mehmet Hetemaj<\/p>\n\n\n\n<p class=\"has-text-align-center\">P2015 K2 &#8211; Jukka Halme<\/p>\n\n\n\n<p class=\"has-text-align-center\">P2015 H &#8211; Joona Tapani<\/p>\n\n\n\n<p class=\"has-text-align-center\">P2016 K1 &#8211; Mohaiman Abdilamir<\/p>\n\n\n\n<p class=\"has-text-align-center\">P2016 K2 &#8211; Miia Kauppinen<\/p>\n\n\n\n<p class=\"has-text-align-center\">P2016 H &#8211; Markku Mutanen<\/p>\n\n\n\n<p class=\"has-text-align-center\">T2016-17 &#8211; Satu Dammert<\/p>\n\n\n\n<p class=\"has-text-align-center\">P2017 Keltainen &#8211; Richard Tiberi<\/p>\n\n\n\n<p class=\"has-text-align-center\">P2017 Sininen &#8211; Tuomas Mustonen<\/p>\n\n\n\n<p class=\"has-text-align-center\">P2018 &#8211; Pyry Korhonen<\/p>\n\n\n\n<p class=\"has-text-align-center\">T2018-19 &#8211; Hanna Hirvensalo &amp; Antonia Pohjanoksa<\/p>\n\n\n\n<p class=\"has-text-align-center\">P2019 &#8211; Panu P\u00e4ttikangas<\/p>\n\n\n\n<p class=\"has-text-align-center\">P2020-21 &#8211; Panu P\u00e4ttikangas<\/p>\n\n\n\n<p class=\"has-text-align-center\">T2020-21 &#8211; Hanna Hirvensalo &amp; Antonia Pohjanoksa<\/p>\n\n\n\n<p><\/p>","protected":false},"excerpt":{"rendered":"<p>URHEILUTOIMENJOHTAJA Jarkko Jokiranta B-juniorit &#8211; aikuisjoukkueet ja edustusjoukkueet jarkko.jokiranta(at)gnistan.fi VALMENNUSP\u00c4\u00c4LLIKK\u00d6 Erikoistumisvaiheen valmennusp\u00e4\u00e4llikk\u00f6 Emil Vaara (yli 15-vuotiaat) emil.vaara(at)gnistan.fi Nuoruusvaiheen valmennusp\u00e4\u00e4llikk\u00f6 Mikko Bergstr\u00f6m (10-15-vuotiaat) mikko.bergstrom(at)gnistan.fi Lapsuusvaiheen valmennusp\u00e4\u00e4llikk\u00f6 (5-10-vuotiaat) Pyry Korhonen pyry.korhonen(at)gnistan.fi Lapsuusvaiheen koordinaattori Nea Sunila nea.sunila(at)gnistan.fi VASTUUVALMENTAJAT \/ JUNIORIT B1 &#8211; Ilari Aho B2 &#8211; Ilmari Yl\u00f6nen B3- Noann Olivier-L\u00f6nnqvist TB1 &#8211; Kaisa Collin TB2 &#8211; Jukka [&hellip;]<\/p>\n","protected":false},"author":27,"featured_media":36703,"parent":0,"menu_order":0,"comment_status":"closed","ping_status":"closed","template":"","meta":{"_acf_changed":false,"footnotes":""},"class_list":["post-24297","page","type-page","status-publish","has-post-thumbnail","hentry"],"acf":[],"yoast_head":"<!-- This site is optimized with the Yoast SEO plugin v27.3 - https:\/\/yoast.com\/product\/yoast-seo-wordpress\/ -->\n<title>VALMENNUS 2026 - IF Gnistan<\/title>\n<meta name=\"robots\" content=\"index, follow, max-snippet:-1, max-image-preview:large, max-video-preview:-1\" \/>\n<link rel=\"canonical\" href=\"https:\/\/gnistan.fi\/sv\/valmennus\/\" \/>\n<meta property=\"og:locale\" content=\"sv_SE\" \/>\n<meta property=\"og:type\" content=\"article\" \/>\n<meta property=\"og:title\" content=\"VALMENNUS 2026 - IF Gnistan\" \/>\n<meta property=\"og:description\" content=\"URHEILUTOIMENJOHTAJA Jarkko Jokiranta B-juniorit &#8211; aikuisjoukkueet ja edustusjoukkueet jarkko.jokiranta(at)gnistan.fi VALMENNUSP\u00c4\u00c4LLIKK\u00d6 Erikoistumisvaiheen valmennusp\u00e4\u00e4llikk\u00f6 Emil Vaara (yli 15-vuotiaat) emil.vaara(at)gnistan.fi Nuoruusvaiheen valmennusp\u00e4\u00e4llikk\u00f6 Mikko Bergstr\u00f6m (10-15-vuotiaat) mikko.bergstrom(at)gnistan.fi Lapsuusvaiheen valmennusp\u00e4\u00e4llikk\u00f6 (5-10-vuotiaat) Pyry Korhonen pyry.korhonen(at)gnistan.fi Lapsuusvaiheen koordinaattori Nea Sunila nea.sunila(at)gnistan.fi VASTUUVALMENTAJAT \/ JUNIORIT B1 &#8211; Ilari Aho B2 &#8211; Ilmari Yl\u00f6nen B3- Noann Olivier-L\u00f6nnqvist TB1 &#8211; Kaisa Collin TB2 &#8211; Jukka [&hellip;]\" \/>\n<meta property=\"og:url\" content=\"https:\/\/gnistan.fi\/sv\/valmennus\/\" \/>\n<meta property=\"og:site_name\" content=\"IF Gnistan\" \/>\n<meta property=\"article:publisher\" content=\"https:\/\/facebook.com\/ifgnistan\" \/>\n<meta property=\"article:modified_time\" content=\"2025-11-11T10:31:47+00:00\" \/>\n<meta property=\"og:image\" content=\"https:\/\/gnistan.fi\/wp-content\/uploads\/2024\/11\/gnistan-default-featured-2024-c.webp\" \/>\n\t<meta property=\"og:image:width\" content=\"1920\" \/>\n\t<meta property=\"og:image:height\" content=\"1080\" \/>\n\t<meta property=\"og:image:type\" content=\"image\/webp\" \/>\n<meta name=\"twitter:card\" content=\"summary_large_image\" \/>\n<meta name=\"twitter:site\" content=\"@ifgnistan1924\" \/>\n<meta name=\"twitter:label1\" content=\"Ber\u00e4knad l\u00e4stid\" \/>\n\t<meta name=\"twitter:data1\" content=\"2 minuter\" \/>\n<script type=\"application\/ld+json\" class=\"yoast-schema-graph\">{\"@context\":\"https:\\\/\\\/schema.org\",\"@graph\":[{\"@type\":\"WebPage\",\"@id\":\"https:\\\/\\\/gnistan.fi\\\/valmennus\\\/\",\"url\":\"https:\\\/\\\/gnistan.fi\\\/valmennus\\\/\",\"name\":\"VALMENNUS 2026 - IF Gnistan\",\"isPartOf\":{\"@id\":\"https:\\\/\\\/gnistan.fi\\\/#website\"},\"primaryImageOfPage\":{\"@id\":\"https:\\\/\\\/gnistan.fi\\\/valmennus\\\/#primaryimage\"},\"image\":{\"@id\":\"https:\\\/\\\/gnistan.fi\\\/valmennus\\\/#primaryimage\"},\"thumbnailUrl\":\"https:\\\/\\\/gnistan.fi\\\/wp-content\\\/uploads\\\/2024\\\/11\\\/gnistan-default-featured-2024-c.webp\",\"datePublished\":\"2023-01-25T22:22:11+00:00\",\"dateModified\":\"2025-11-11T10:31:47+00:00\",\"breadcrumb\":{\"@id\":\"https:\\\/\\\/gnistan.fi\\\/valmennus\\\/#breadcrumb\"},\"inLanguage\":\"sv-SE\",\"potentialAction\":[{\"@type\":\"ReadAction\",\"target\":[\"https:\\\/\\\/gnistan.fi\\\/valmennus\\\/\"]}]},{\"@type\":\"ImageObject\",\"inLanguage\":\"sv-SE\",\"@id\":\"https:\\\/\\\/gnistan.fi\\\/valmennus\\\/#primaryimage\",\"url\":\"https:\\\/\\\/gnistan.fi\\\/wp-content\\\/uploads\\\/2024\\\/11\\\/gnistan-default-featured-2024-c.webp\",\"contentUrl\":\"https:\\\/\\\/gnistan.fi\\\/wp-content\\\/uploads\\\/2024\\\/11\\\/gnistan-default-featured-2024-c.webp\",\"width\":1920,\"height\":1080},{\"@type\":\"BreadcrumbList\",\"@id\":\"https:\\\/\\\/gnistan.fi\\\/valmennus\\\/#breadcrumb\",\"itemListElement\":[{\"@type\":\"ListItem\",\"position\":1,\"name\":\"Etusivu\",\"item\":\"https:\\\/\\\/gnistan.fi\\\/\"},{\"@type\":\"ListItem\",\"position\":2,\"name\":\"VALMENNUS 2026\"}]},{\"@type\":\"WebSite\",\"@id\":\"https:\\\/\\\/gnistan.fi\\\/#website\",\"url\":\"https:\\\/\\\/gnistan.fi\\\/\",\"name\":\"IF Gnistan\",\"description\":\"Viralliset sivut\",\"publisher\":{\"@id\":\"https:\\\/\\\/gnistan.fi\\\/#organization\"},\"potentialAction\":[{\"@type\":\"SearchAction\",\"target\":{\"@type\":\"EntryPoint\",\"urlTemplate\":\"https:\\\/\\\/gnistan.fi\\\/?s={search_term_string}\"},\"query-input\":{\"@type\":\"PropertyValueSpecification\",\"valueRequired\":true,\"valueName\":\"search_term_string\"}}],\"inLanguage\":\"sv-SE\"},{\"@type\":\"Organization\",\"@id\":\"https:\\\/\\\/gnistan.fi\\\/#organization\",\"name\":\"IF Gnistan\",\"url\":\"https:\\\/\\\/gnistan.fi\\\/\",\"logo\":{\"@type\":\"ImageObject\",\"inLanguage\":\"sv-SE\",\"@id\":\"https:\\\/\\\/gnistan.fi\\\/#\\\/schema\\\/logo\\\/image\\\/\",\"url\":\"https:\\\/\\\/gnistan.fi\\\/wp-content\\\/uploads\\\/2019\\\/10\\\/if-gnistan-vector-logo.svg\",\"contentUrl\":\"https:\\\/\\\/gnistan.fi\\\/wp-content\\\/uploads\\\/2019\\\/10\\\/if-gnistan-vector-logo.svg\",\"width\":269,\"height\":314,\"caption\":\"IF Gnistan\"},\"image\":{\"@id\":\"https:\\\/\\\/gnistan.fi\\\/#\\\/schema\\\/logo\\\/image\\\/\"},\"sameAs\":[\"https:\\\/\\\/facebook.com\\\/ifgnistan\",\"https:\\\/\\\/x.com\\\/ifgnistan1924\",\"https:\\\/\\\/instagram.com\\\/ifgnistan1924\",\"https:\\\/\\\/www.linkedin.com\\\/company\\\/ifgnistan\\\/\"]}]}<\/script>\n<!-- \/ Yoast SEO plugin. -->","yoast_head_json":{"title":"VALMENNUS 2026 - IF Gnistan","robots":{"index":"index","follow":"follow","max-snippet":"max-snippet:-1","max-image-preview":"max-image-preview:large","max-video-preview":"max-video-preview:-1"},"canonical":"https:\/\/gnistan.fi\/sv\/valmennus\/","og_locale":"sv_SE","og_type":"article","og_title":"VALMENNUS 2026 - IF Gnistan","og_description":"URHEILUTOIMENJOHTAJA Jarkko Jokiranta B-juniorit &#8211; aikuisjoukkueet ja edustusjoukkueet jarkko.jokiranta(at)gnistan.fi VALMENNUSP\u00c4\u00c4LLIKK\u00d6 Erikoistumisvaiheen valmennusp\u00e4\u00e4llikk\u00f6 Emil Vaara (yli 15-vuotiaat) emil.vaara(at)gnistan.fi Nuoruusvaiheen valmennusp\u00e4\u00e4llikk\u00f6 Mikko Bergstr\u00f6m (10-15-vuotiaat) mikko.bergstrom(at)gnistan.fi Lapsuusvaiheen valmennusp\u00e4\u00e4llikk\u00f6 (5-10-vuotiaat) Pyry Korhonen pyry.korhonen(at)gnistan.fi Lapsuusvaiheen koordinaattori Nea Sunila nea.sunila(at)gnistan.fi VASTUUVALMENTAJAT \/ JUNIORIT B1 &#8211; Ilari Aho B2 &#8211; Ilmari Yl\u00f6nen B3- Noann Olivier-L\u00f6nnqvist TB1 &#8211; Kaisa Collin TB2 &#8211; Jukka [&hellip;]","og_url":"https:\/\/gnistan.fi\/sv\/valmennus\/","og_site_name":"IF Gnistan","article_publisher":"https:\/\/facebook.com\/ifgnistan","article_modified_time":"2025-11-11T10:31:47+00:00","og_image":[{"width":1920,"height":1080,"url":"https:\/\/gnistan.fi\/wp-content\/uploads\/2024\/11\/gnistan-default-featured-2024-c.webp","type":"image\/webp"}],"twitter_card":"summary_large_image","twitter_site":"@ifgnistan1924","twitter_misc":{"Ber\u00e4knad l\u00e4stid":"2 minuter"},"schema":{"@context":"https:\/\/schema.org","@graph":[{"@type":"WebPage","@id":"https:\/\/gnistan.fi\/valmennus\/","url":"https:\/\/gnistan.fi\/valmennus\/","name":"VALMENNUS 2026 - IF Gnistan","isPartOf":{"@id":"https:\/\/gnistan.fi\/#website"},"primaryImageOfPage":{"@id":"https:\/\/gnistan.fi\/valmennus\/#primaryimage"},"image":{"@id":"https:\/\/gnistan.fi\/valmennus\/#primaryimage"},"thumbnailUrl":"https:\/\/gnistan.fi\/wp-content\/uploads\/2024\/11\/gnistan-default-featured-2024-c.webp","datePublished":"2023-01-25T22:22:11+00:00","dateModified":"2025-11-11T10:31:47+00:00","breadcrumb":{"@id":"https:\/\/gnistan.fi\/valmennus\/#breadcrumb"},"inLanguage":"sv-SE","potentialAction":[{"@type":"ReadAction","target":["https:\/\/gnistan.fi\/valmennus\/"]}]},{"@type":"ImageObject","inLanguage":"sv-SE","@id":"https:\/\/gnistan.fi\/valmennus\/#primaryimage","url":"https:\/\/gnistan.fi\/wp-content\/uploads\/2024\/11\/gnistan-default-featured-2024-c.webp","contentUrl":"https:\/\/gnistan.fi\/wp-content\/uploads\/2024\/11\/gnistan-default-featured-2024-c.webp","width":1920,"height":1080},{"@type":"BreadcrumbList","@id":"https:\/\/gnistan.fi\/valmennus\/#breadcrumb","itemListElement":[{"@type":"ListItem","position":1,"name":"Etusivu","item":"https:\/\/gnistan.fi\/"},{"@type":"ListItem","position":2,"name":"VALMENNUS 2026"}]},{"@type":"WebSite","@id":"https:\/\/gnistan.fi\/#website","url":"https:\/\/gnistan.fi\/","name":"IF Gnistan","description":"Viralliset sivut","publisher":{"@id":"https:\/\/gnistan.fi\/#organization"},"potentialAction":[{"@type":"SearchAction","target":{"@type":"EntryPoint","urlTemplate":"https:\/\/gnistan.fi\/?s={search_term_string}"},"query-input":{"@type":"PropertyValueSpecification","valueRequired":true,"valueName":"search_term_string"}}],"inLanguage":"sv-SE"},{"@type":"Organization","@id":"https:\/\/gnistan.fi\/#organization","name":"IF Gnistan","url":"https:\/\/gnistan.fi\/","logo":{"@type":"ImageObject","inLanguage":"sv-SE","@id":"https:\/\/gnistan.fi\/#\/schema\/logo\/image\/","url":"https:\/\/gnistan.fi\/wp-content\/uploads\/2019\/10\/if-gnistan-vector-logo.svg","contentUrl":"https:\/\/gnistan.fi\/wp-content\/uploads\/2019\/10\/if-gnistan-vector-logo.svg","width":269,"height":314,"caption":"IF Gnistan"},"image":{"@id":"https:\/\/gnistan.fi\/#\/schema\/logo\/image\/"},"sameAs":["https:\/\/facebook.com\/ifgnistan","https:\/\/x.com\/ifgnistan1924","https:\/\/instagram.com\/ifgnistan1924","https:\/\/www.linkedin.com\/company\/ifgnistan\/"]}]}},"jetpack_sharing_enabled":true,"_links":{"self":[{"href":"https:\/\/gnistan.fi\/sv\/wp-json\/wp\/v2\/pages\/24297","targetHints":{"allow":["GET"]}}],"collection":[{"href":"https:\/\/gnistan.fi\/sv\/wp-json\/wp\/v2\/pages"}],"about":[{"href":"https:\/\/gnistan.fi\/sv\/wp-json\/wp\/v2\/types\/page"}],"author":[{"embeddable":true,"href":"https:\/\/gnistan.fi\/sv\/wp-json\/wp\/v2\/users\/27"}],"replies":[{"embeddable":true,"href":"https:\/\/gnistan.fi\/sv\/wp-json\/wp\/v2\/comments?post=24297"}],"version-history":[{"count":20,"href":"https:\/\/gnistan.fi\/sv\/wp-json\/wp\/v2\/pages\/24297\/revisions"}],"predecessor-version":[{"id":42751,"href":"https:\/\/gnistan.fi\/sv\/wp-json\/wp\/v2\/pages\/24297\/revisions\/42751"}],"wp:featuredmedia":[{"embeddable":true,"href":"https:\/\/gnistan.fi\/sv\/wp-json\/wp\/v2\/media\/36703"}],"wp:attachment":[{"href":"https:\/\/gnistan.fi\/sv\/wp-json\/wp\/v2\/media?parent=24297"}],"curies":[{"name":"wp","href":"https:\/\/api.w.org\/{rel}","templated":true}]}}