{"id":23447,"date":"2022-10-12T10:36:53","date_gmt":"2022-10-12T07:36:53","guid":{"rendered":"https:\/\/gnistan.fi\/?page_id=23447"},"modified":"2025-06-03T00:12:52","modified_gmt":"2025-06-02T21:12:52","slug":"turvallisuusohjeistus","status":"publish","type":"page","link":"https:\/\/gnistan.fi\/sv\/turvallisuusohjeistus\/","title":{"rendered":"S\u00c4KERHETSANVISNINGAR"},"content":{"rendered":"<p>J\u00e4sentemme, henkil\u00f6st\u00f6mme \u00a0ja vieraidemme turvallisuus on meille ensiarvoisen t\u00e4rke\u00e4\u00e4. Haluamme, ett\u00e4 toimintaamme ja tapahtumiimme voi osallistua turvallisin mielin ja nauttia jalkapallon iloista.<\/p>\n\n\n\n<p>IF Gnistans juniorer str\u00e4var efter att f\u00f6rebygga o\u00f6nskade h\u00e4ndelser och att utreda dem p\u00e5 ett kontrollerat och snabbt s\u00e4tt om s\u00e5dana intr\u00e4ffar. F\u00f6r att lyckas med detta kr\u00e4vs olika former av f\u00f6rberedelser, utbildning och \u00f6vning. Det \u00e4r viktigt att ha r\u00e4tt attityd n\u00e4r det g\u00e4ller att uppt\u00e4cka och f\u00f6rebygga farliga situationer f\u00f6r att kunna undvika dem. Om en o\u00f6nskad farlig situation uppst\u00e5r hj\u00e4lper s\u00e4kerhetsanvisningarna IF Gnistans personal att agera i olika situationer.<\/p>\n\n\n\n<p>S\u00e4kerhetsanvisningarna inneh\u00e5ller:<\/p>\n\n\n\n<p>-S\u00e4kerhetsplanens m\u00e5l<\/p>\n\n\n\n<p>-S\u00e4kerhetsorganisationen<\/p>\n\n\n\n<p>-M\u00f6jliga hot<\/p>\n\n\n\n<p>-Skador<\/p>\n\n\n\n<p>-Evenemangss\u00e4kerhet<\/p>\n\n\n\n<p>-\u00d6vrigt<\/p>\n\n\n\n<p>-Planens s\u00e4kerhet<\/p>\n\n\n\n<p>En plan f\u00f6r att s\u00e4kerst\u00e4lla en s\u00e4ker hobbymilj\u00f6 f\u00f6r minder\u00e5riga barn finns i slutet av s\u00e4kerhetsplanen och separat p\u00e5 f\u00f6reningens webbplats.<\/p>\n\n\n\n<p>S\u00e4kerhetsanvisningarna i sin helhet: <\/p>\n\n\n\n<div data-wp-interactive=\"core\/file\" class=\"wp-block-file\"><object data-wp-bind--hidden=\"!state.hasPdfPreview\" hidden class=\"wp-block-file__embed\" data=\"https:\/\/gnistan.fi\/wp-content\/uploads\/2025\/06\/IF-Gnistan-ry-turvallisuusohjeistus.pdf\" type=\"application\/pdf\" style=\"width:100%;height:600px\" aria-label=\"Inb\u00e4ddning av IF Gnistan ry turvallisuusohjeistus.\"><\/object><a id=\"wp-block-file--media-361955c3-c329-430e-a728-160061d307f9\" href=\"https:\/\/gnistan.fi\/wp-content\/uploads\/2025\/06\/IF-Gnistan-ry-turvallisuusohjeistus.pdf\">IF Gnistan ry turvallisuusohjeistus<\/a><a href=\"https:\/\/gnistan.fi\/wp-content\/uploads\/2025\/06\/IF-Gnistan-ry-turvallisuusohjeistus.pdf\" class=\"wp-block-file__button wp-element-button\" download aria-describedby=\"wp-block-file--media-361955c3-c329-430e-a728-160061d307f9\">Download<\/a><\/div>","protected":false},"excerpt":{"rendered":"<p>J\u00e4sentemme, henkil\u00f6st\u00f6mme \u00a0ja vieraidemme turvallisuus on meille ensiarvoisen t\u00e4rke\u00e4\u00e4. Haluamme, ett\u00e4 toimintaamme ja tapahtumiimme voi osallistua turvallisin mielin ja nauttia jalkapallon iloista. IF Gnistan juniorit pyrkii ennalta ehk\u00e4isem\u00e4\u00e4n ei toivottuja tapahtumia, mutta niiden sattuessa selvitt\u00e4m\u00e4\u00e4n ne hallitusti ja nopeasti. T\u00e4ss\u00e4 onnistuminen edellytt\u00e4\u00e4 monella tavalla ennakkoon varautumista, koulutusta ja harjoitusta. T\u00e4rke\u00e4\u00e4 on oikea suhtautuminen vaaratilanteiden tunnistamiseen [&hellip;]<\/p>\n","protected":false},"author":27,"featured_media":36703,"parent":0,"menu_order":0,"comment_status":"closed","ping_status":"closed","template":"","meta":{"_acf_changed":false,"footnotes":""},"class_list":["post-23447","page","type-page","status-publish","has-post-thumbnail","hentry"],"acf":[],"yoast_head":"<!-- This site is optimized with the Yoast SEO plugin v27.3 - https:\/\/yoast.com\/product\/yoast-seo-wordpress\/ -->\n<title>TURVALLISUUSOHJEISTUS - IF Gnistan<\/title>\n<meta name=\"robots\" content=\"index, follow, max-snippet:-1, max-image-preview:large, max-video-preview:-1\" \/>\n<link rel=\"canonical\" href=\"https:\/\/gnistan.fi\/sv\/turvallisuusohjeistus\/\" \/>\n<meta property=\"og:locale\" content=\"sv_SE\" \/>\n<meta property=\"og:type\" content=\"article\" \/>\n<meta property=\"og:title\" content=\"TURVALLISUUSOHJEISTUS - IF Gnistan\" \/>\n<meta property=\"og:description\" content=\"J\u00e4sentemme, henkil\u00f6st\u00f6mme \u00a0ja vieraidemme turvallisuus on meille ensiarvoisen t\u00e4rke\u00e4\u00e4. Haluamme, ett\u00e4 toimintaamme ja tapahtumiimme voi osallistua turvallisin mielin ja nauttia jalkapallon iloista. IF Gnistan juniorit pyrkii ennalta ehk\u00e4isem\u00e4\u00e4n ei toivottuja tapahtumia, mutta niiden sattuessa selvitt\u00e4m\u00e4\u00e4n ne hallitusti ja nopeasti. T\u00e4ss\u00e4 onnistuminen edellytt\u00e4\u00e4 monella tavalla ennakkoon varautumista, koulutusta ja harjoitusta. T\u00e4rke\u00e4\u00e4 on oikea suhtautuminen vaaratilanteiden tunnistamiseen [&hellip;]\" \/>\n<meta property=\"og:url\" content=\"https:\/\/gnistan.fi\/sv\/turvallisuusohjeistus\/\" \/>\n<meta property=\"og:site_name\" content=\"IF Gnistan\" \/>\n<meta property=\"article:publisher\" content=\"https:\/\/facebook.com\/ifgnistan\" \/>\n<meta property=\"article:modified_time\" content=\"2025-06-02T21:12:52+00:00\" \/>\n<meta property=\"og:image\" content=\"https:\/\/gnistan.fi\/wp-content\/uploads\/2024\/11\/gnistan-default-featured-2024-c.webp\" \/>\n\t<meta property=\"og:image:width\" content=\"1920\" \/>\n\t<meta property=\"og:image:height\" content=\"1080\" \/>\n\t<meta property=\"og:image:type\" content=\"image\/webp\" \/>\n<meta name=\"twitter:card\" content=\"summary_large_image\" \/>\n<meta name=\"twitter:site\" content=\"@ifgnistan1924\" \/>\n<meta name=\"twitter:label1\" content=\"Ber\u00e4knad l\u00e4stid\" \/>\n\t<meta name=\"twitter:data1\" content=\"1 minut\" \/>\n<script type=\"application\/ld+json\" class=\"yoast-schema-graph\">{\"@context\":\"https:\\\/\\\/schema.org\",\"@graph\":[{\"@type\":\"WebPage\",\"@id\":\"https:\\\/\\\/gnistan.fi\\\/turvallisuusohjeistus\\\/\",\"url\":\"https:\\\/\\\/gnistan.fi\\\/turvallisuusohjeistus\\\/\",\"name\":\"TURVALLISUUSOHJEISTUS - IF Gnistan\",\"isPartOf\":{\"@id\":\"https:\\\/\\\/gnistan.fi\\\/#website\"},\"primaryImageOfPage\":{\"@id\":\"https:\\\/\\\/gnistan.fi\\\/turvallisuusohjeistus\\\/#primaryimage\"},\"image\":{\"@id\":\"https:\\\/\\\/gnistan.fi\\\/turvallisuusohjeistus\\\/#primaryimage\"},\"thumbnailUrl\":\"https:\\\/\\\/gnistan.fi\\\/wp-content\\\/uploads\\\/2024\\\/11\\\/gnistan-default-featured-2024-c.webp\",\"datePublished\":\"2022-10-12T07:36:53+00:00\",\"dateModified\":\"2025-06-02T21:12:52+00:00\",\"breadcrumb\":{\"@id\":\"https:\\\/\\\/gnistan.fi\\\/turvallisuusohjeistus\\\/#breadcrumb\"},\"inLanguage\":\"sv-SE\",\"potentialAction\":[{\"@type\":\"ReadAction\",\"target\":[\"https:\\\/\\\/gnistan.fi\\\/turvallisuusohjeistus\\\/\"]}]},{\"@type\":\"ImageObject\",\"inLanguage\":\"sv-SE\",\"@id\":\"https:\\\/\\\/gnistan.fi\\\/turvallisuusohjeistus\\\/#primaryimage\",\"url\":\"https:\\\/\\\/gnistan.fi\\\/wp-content\\\/uploads\\\/2024\\\/11\\\/gnistan-default-featured-2024-c.webp\",\"contentUrl\":\"https:\\\/\\\/gnistan.fi\\\/wp-content\\\/uploads\\\/2024\\\/11\\\/gnistan-default-featured-2024-c.webp\",\"width\":1920,\"height\":1080},{\"@type\":\"BreadcrumbList\",\"@id\":\"https:\\\/\\\/gnistan.fi\\\/turvallisuusohjeistus\\\/#breadcrumb\",\"itemListElement\":[{\"@type\":\"ListItem\",\"position\":1,\"name\":\"Etusivu\",\"item\":\"https:\\\/\\\/gnistan.fi\\\/\"},{\"@type\":\"ListItem\",\"position\":2,\"name\":\"TURVALLISUUSOHJEISTUS\"}]},{\"@type\":\"WebSite\",\"@id\":\"https:\\\/\\\/gnistan.fi\\\/#website\",\"url\":\"https:\\\/\\\/gnistan.fi\\\/\",\"name\":\"IF Gnistan\",\"description\":\"Viralliset sivut\",\"publisher\":{\"@id\":\"https:\\\/\\\/gnistan.fi\\\/#organization\"},\"potentialAction\":[{\"@type\":\"SearchAction\",\"target\":{\"@type\":\"EntryPoint\",\"urlTemplate\":\"https:\\\/\\\/gnistan.fi\\\/?s={search_term_string}\"},\"query-input\":{\"@type\":\"PropertyValueSpecification\",\"valueRequired\":true,\"valueName\":\"search_term_string\"}}],\"inLanguage\":\"sv-SE\"},{\"@type\":\"Organization\",\"@id\":\"https:\\\/\\\/gnistan.fi\\\/#organization\",\"name\":\"IF Gnistan\",\"url\":\"https:\\\/\\\/gnistan.fi\\\/\",\"logo\":{\"@type\":\"ImageObject\",\"inLanguage\":\"sv-SE\",\"@id\":\"https:\\\/\\\/gnistan.fi\\\/#\\\/schema\\\/logo\\\/image\\\/\",\"url\":\"https:\\\/\\\/gnistan.fi\\\/wp-content\\\/uploads\\\/2019\\\/10\\\/if-gnistan-vector-logo.svg\",\"contentUrl\":\"https:\\\/\\\/gnistan.fi\\\/wp-content\\\/uploads\\\/2019\\\/10\\\/if-gnistan-vector-logo.svg\",\"width\":269,\"height\":314,\"caption\":\"IF Gnistan\"},\"image\":{\"@id\":\"https:\\\/\\\/gnistan.fi\\\/#\\\/schema\\\/logo\\\/image\\\/\"},\"sameAs\":[\"https:\\\/\\\/facebook.com\\\/ifgnistan\",\"https:\\\/\\\/x.com\\\/ifgnistan1924\",\"https:\\\/\\\/instagram.com\\\/ifgnistan1924\",\"https:\\\/\\\/www.linkedin.com\\\/company\\\/ifgnistan\\\/\"]}]}<\/script>\n<!-- \/ Yoast SEO plugin. -->","yoast_head_json":{"title":"TURVALLISUUSOHJEISTUS - IF Gnistan","robots":{"index":"index","follow":"follow","max-snippet":"max-snippet:-1","max-image-preview":"max-image-preview:large","max-video-preview":"max-video-preview:-1"},"canonical":"https:\/\/gnistan.fi\/sv\/turvallisuusohjeistus\/","og_locale":"sv_SE","og_type":"article","og_title":"TURVALLISUUSOHJEISTUS - IF Gnistan","og_description":"J\u00e4sentemme, henkil\u00f6st\u00f6mme \u00a0ja vieraidemme turvallisuus on meille ensiarvoisen t\u00e4rke\u00e4\u00e4. Haluamme, ett\u00e4 toimintaamme ja tapahtumiimme voi osallistua turvallisin mielin ja nauttia jalkapallon iloista. IF Gnistan juniorit pyrkii ennalta ehk\u00e4isem\u00e4\u00e4n ei toivottuja tapahtumia, mutta niiden sattuessa selvitt\u00e4m\u00e4\u00e4n ne hallitusti ja nopeasti. T\u00e4ss\u00e4 onnistuminen edellytt\u00e4\u00e4 monella tavalla ennakkoon varautumista, koulutusta ja harjoitusta. T\u00e4rke\u00e4\u00e4 on oikea suhtautuminen vaaratilanteiden tunnistamiseen [&hellip;]","og_url":"https:\/\/gnistan.fi\/sv\/turvallisuusohjeistus\/","og_site_name":"IF Gnistan","article_publisher":"https:\/\/facebook.com\/ifgnistan","article_modified_time":"2025-06-02T21:12:52+00:00","og_image":[{"width":1920,"height":1080,"url":"https:\/\/gnistan.fi\/wp-content\/uploads\/2024\/11\/gnistan-default-featured-2024-c.webp","type":"image\/webp"}],"twitter_card":"summary_large_image","twitter_site":"@ifgnistan1924","twitter_misc":{"Ber\u00e4knad l\u00e4stid":"1 minut"},"schema":{"@context":"https:\/\/schema.org","@graph":[{"@type":"WebPage","@id":"https:\/\/gnistan.fi\/turvallisuusohjeistus\/","url":"https:\/\/gnistan.fi\/turvallisuusohjeistus\/","name":"TURVALLISUUSOHJEISTUS - IF Gnistan","isPartOf":{"@id":"https:\/\/gnistan.fi\/#website"},"primaryImageOfPage":{"@id":"https:\/\/gnistan.fi\/turvallisuusohjeistus\/#primaryimage"},"image":{"@id":"https:\/\/gnistan.fi\/turvallisuusohjeistus\/#primaryimage"},"thumbnailUrl":"https:\/\/gnistan.fi\/wp-content\/uploads\/2024\/11\/gnistan-default-featured-2024-c.webp","datePublished":"2022-10-12T07:36:53+00:00","dateModified":"2025-06-02T21:12:52+00:00","breadcrumb":{"@id":"https:\/\/gnistan.fi\/turvallisuusohjeistus\/#breadcrumb"},"inLanguage":"sv-SE","potentialAction":[{"@type":"ReadAction","target":["https:\/\/gnistan.fi\/turvallisuusohjeistus\/"]}]},{"@type":"ImageObject","inLanguage":"sv-SE","@id":"https:\/\/gnistan.fi\/turvallisuusohjeistus\/#primaryimage","url":"https:\/\/gnistan.fi\/wp-content\/uploads\/2024\/11\/gnistan-default-featured-2024-c.webp","contentUrl":"https:\/\/gnistan.fi\/wp-content\/uploads\/2024\/11\/gnistan-default-featured-2024-c.webp","width":1920,"height":1080},{"@type":"BreadcrumbList","@id":"https:\/\/gnistan.fi\/turvallisuusohjeistus\/#breadcrumb","itemListElement":[{"@type":"ListItem","position":1,"name":"Etusivu","item":"https:\/\/gnistan.fi\/"},{"@type":"ListItem","position":2,"name":"TURVALLISUUSOHJEISTUS"}]},{"@type":"WebSite","@id":"https:\/\/gnistan.fi\/#website","url":"https:\/\/gnistan.fi\/","name":"IF Gnistan","description":"Viralliset sivut","publisher":{"@id":"https:\/\/gnistan.fi\/#organization"},"potentialAction":[{"@type":"SearchAction","target":{"@type":"EntryPoint","urlTemplate":"https:\/\/gnistan.fi\/?s={search_term_string}"},"query-input":{"@type":"PropertyValueSpecification","valueRequired":true,"valueName":"search_term_string"}}],"inLanguage":"sv-SE"},{"@type":"Organization","@id":"https:\/\/gnistan.fi\/#organization","name":"IF Gnistan","url":"https:\/\/gnistan.fi\/","logo":{"@type":"ImageObject","inLanguage":"sv-SE","@id":"https:\/\/gnistan.fi\/#\/schema\/logo\/image\/","url":"https:\/\/gnistan.fi\/wp-content\/uploads\/2019\/10\/if-gnistan-vector-logo.svg","contentUrl":"https:\/\/gnistan.fi\/wp-content\/uploads\/2019\/10\/if-gnistan-vector-logo.svg","width":269,"height":314,"caption":"IF Gnistan"},"image":{"@id":"https:\/\/gnistan.fi\/#\/schema\/logo\/image\/"},"sameAs":["https:\/\/facebook.com\/ifgnistan","https:\/\/x.com\/ifgnistan1924","https:\/\/instagram.com\/ifgnistan1924","https:\/\/www.linkedin.com\/company\/ifgnistan\/"]}]}},"jetpack_sharing_enabled":true,"_links":{"self":[{"href":"https:\/\/gnistan.fi\/sv\/wp-json\/wp\/v2\/pages\/23447","targetHints":{"allow":["GET"]}}],"collection":[{"href":"https:\/\/gnistan.fi\/sv\/wp-json\/wp\/v2\/pages"}],"about":[{"href":"https:\/\/gnistan.fi\/sv\/wp-json\/wp\/v2\/types\/page"}],"author":[{"embeddable":true,"href":"https:\/\/gnistan.fi\/sv\/wp-json\/wp\/v2\/users\/27"}],"replies":[{"embeddable":true,"href":"https:\/\/gnistan.fi\/sv\/wp-json\/wp\/v2\/comments?post=23447"}],"version-history":[{"count":7,"href":"https:\/\/gnistan.fi\/sv\/wp-json\/wp\/v2\/pages\/23447\/revisions"}],"predecessor-version":[{"id":40336,"href":"https:\/\/gnistan.fi\/sv\/wp-json\/wp\/v2\/pages\/23447\/revisions\/40336"}],"wp:featuredmedia":[{"embeddable":true,"href":"https:\/\/gnistan.fi\/sv\/wp-json\/wp\/v2\/media\/36703"}],"wp:attachment":[{"href":"https:\/\/gnistan.fi\/sv\/wp-json\/wp\/v2\/media?parent=23447"}],"curies":[{"name":"wp","href":"https:\/\/api.w.org\/{rel}","templated":true}]}}