{"id":21784,"date":"2022-03-21T12:03:00","date_gmt":"2022-03-21T10:03:00","guid":{"rendered":"https:\/\/gnistan.fi\/?page_id=21784"},"modified":"2022-04-29T11:22:44","modified_gmt":"2022-04-29T08:22:44","slug":"nopeatempoisten-pelaajien-leiri","status":"publish","type":"page","link":"https:\/\/gnistan.fi\/sv\/nopeatempoisten-pelaajien-leiri\/","title":{"rendered":"Nopeatempoisten pelaajien leiri"},"content":{"rendered":"<p>Gnistanin kes\u00e4n 2022 ensimm\u00e4inen leiri on kes\u00e4kuun alussa j\u00e4rjestett\u00e4v\u00e4 nopeatempoisten pelaajien leiri. Yksi seuramme tavoitteista on kasvattaa pelaajia, jotka ovat nopeatempoisia, sill\u00e4 se on t\u00e4rke\u00e4 ominaisuus korkeatasoisessa jalkapallossa. Leirill\u00e4 pelaajat oppivat pelaamaan nopeatempoisesti, k\u00e4ytt\u00e4m\u00e4\u00e4n korkeaa pr\u00e4ssi\u00e4 sek\u00e4 ymm\u00e4rt\u00e4m\u00e4\u00e4n kuinka luoda kent\u00e4ll\u00e4 pelitilaa nopeatempoisella ja \u00e4lykk\u00e4\u00e4ll\u00e4 liikkumisella itselleen ja joukkuekavereille. N\u00e4it\u00e4 ominaisuuksia ei siis viel\u00e4 leirille osallistuakseen tarvitse, vaan tarkoituksena on juurikin oppia niit\u00e4 leiriviikon aikana.<\/p>\n\n\n\n<p>Luonnollisesti leirill\u00e4 keskityt\u00e4\u00e4n my\u00f6s pit\u00e4m\u00e4\u00e4n yhdess\u00e4 hauskaa vanhojen ja uusien pelikavereiden kanssa ja nauttimaan kes\u00e4p\u00e4ivist\u00e4! <\/p>\n\n\n\n<p>Kenelle: kaikille 2009-2015 syntyneille jalkapallon harrastajille<\/p>\n\n\n\n<p>Milloin: 6.6.-10.6.2022 &#8211; p\u00e4ivitt\u00e4in kello 9.00 &#8211; 14.30<\/p>\n\n\n\n<p>Miss\u00e4: Mustapekka Areena, Oulunkyl\u00e4<\/p>\n\n\n\n<p>Hinta: 135e (sis. laadukkaat harjoitukset koulutettujen valmentajiemme johdolla ja p\u00e4ivitt\u00e4isen lounaan)<\/p>\n\n\n\n<p>Mukaan: tavalliset s\u00e4\u00e4n mukaiset jalkapalloharjoitteluvarusteet, juomapullo sek\u00e4 pient\u00e4 ev\u00e4st\u00e4 mielen mukaan<\/p>\n\n\n\n<p class=\"has-medium-font-size\"><strong><a href=\"https:\/\/forms.gle\/sKZTxexrvK1XSsdN8\" data-type=\"URL\" data-id=\"https:\/\/forms.gle\/sKZTxexrvK1XSsdN8\">ILMOITTAUTUMINEN T\u00c4ST\u00c4 LINKIST\u00c4<\/a><\/strong><\/p>\n\n\n\n<p>Kysymyksiin aiheesta vastaa Niclas Nortemo, 044 922 0481 niclas.nortemo@gnistan.fi <\/p>","protected":false},"excerpt":{"rendered":"<p>Gnistanin kes\u00e4n 2022 ensimm\u00e4inen leiri on kes\u00e4kuun alussa j\u00e4rjestett\u00e4v\u00e4 nopeatempoisten pelaajien leiri. Yksi seuramme tavoitteista on kasvattaa pelaajia, jotka ovat nopeatempoisia, sill\u00e4 se on t\u00e4rke\u00e4 ominaisuus korkeatasoisessa jalkapallossa. Leirill\u00e4 pelaajat oppivat pelaamaan nopeatempoisesti, k\u00e4ytt\u00e4m\u00e4\u00e4n korkeaa pr\u00e4ssi\u00e4 sek\u00e4 ymm\u00e4rt\u00e4m\u00e4\u00e4n kuinka luoda kent\u00e4ll\u00e4 pelitilaa nopeatempoisella ja \u00e4lykk\u00e4\u00e4ll\u00e4 liikkumisella itselleen ja joukkuekavereille. N\u00e4it\u00e4 ominaisuuksia ei siis viel\u00e4 leirille [&hellip;]<\/p>\n","protected":false},"author":8,"featured_media":36703,"parent":0,"menu_order":0,"comment_status":"closed","ping_status":"closed","template":"","meta":{"_acf_changed":false,"footnotes":""},"class_list":["post-21784","page","type-page","status-publish","has-post-thumbnail","hentry"],"acf":[],"yoast_head":"<!-- This site is optimized with the Yoast SEO plugin v27.4 - https:\/\/yoast.com\/product\/yoast-seo-wordpress\/ -->\n<title>Nopeatempoisten pelaajien leiri - IF Gnistan<\/title>\n<meta name=\"robots\" content=\"index, follow, max-snippet:-1, max-image-preview:large, max-video-preview:-1\" \/>\n<link rel=\"canonical\" href=\"https:\/\/gnistan.fi\/sv\/nopeatempoisten-pelaajien-leiri\/\" \/>\n<meta property=\"og:locale\" content=\"sv_SE\" \/>\n<meta property=\"og:type\" content=\"article\" \/>\n<meta property=\"og:title\" content=\"Nopeatempoisten pelaajien leiri - IF Gnistan\" \/>\n<meta property=\"og:description\" content=\"Gnistanin kes\u00e4n 2022 ensimm\u00e4inen leiri on kes\u00e4kuun alussa j\u00e4rjestett\u00e4v\u00e4 nopeatempoisten pelaajien leiri. Yksi seuramme tavoitteista on kasvattaa pelaajia, jotka ovat nopeatempoisia, sill\u00e4 se on t\u00e4rke\u00e4 ominaisuus korkeatasoisessa jalkapallossa. Leirill\u00e4 pelaajat oppivat pelaamaan nopeatempoisesti, k\u00e4ytt\u00e4m\u00e4\u00e4n korkeaa pr\u00e4ssi\u00e4 sek\u00e4 ymm\u00e4rt\u00e4m\u00e4\u00e4n kuinka luoda kent\u00e4ll\u00e4 pelitilaa nopeatempoisella ja \u00e4lykk\u00e4\u00e4ll\u00e4 liikkumisella itselleen ja joukkuekavereille. N\u00e4it\u00e4 ominaisuuksia ei siis viel\u00e4 leirille [&hellip;]\" \/>\n<meta property=\"og:url\" content=\"https:\/\/gnistan.fi\/sv\/nopeatempoisten-pelaajien-leiri\/\" \/>\n<meta property=\"og:site_name\" content=\"IF Gnistan\" \/>\n<meta property=\"article:publisher\" content=\"https:\/\/facebook.com\/ifgnistan\" \/>\n<meta property=\"article:modified_time\" content=\"2022-04-29T08:22:44+00:00\" \/>\n<meta property=\"og:image\" content=\"https:\/\/gnistan.fi\/wp-content\/uploads\/2024\/11\/gnistan-default-featured-2024-c.webp\" \/>\n\t<meta property=\"og:image:width\" content=\"1920\" \/>\n\t<meta property=\"og:image:height\" content=\"1080\" \/>\n\t<meta property=\"og:image:type\" content=\"image\/webp\" \/>\n<meta name=\"twitter:card\" content=\"summary_large_image\" \/>\n<meta name=\"twitter:site\" content=\"@ifgnistan1924\" \/>\n<meta name=\"twitter:label1\" content=\"Ber\u00e4knad l\u00e4stid\" \/>\n\t<meta name=\"twitter:data1\" content=\"1 minut\" \/>\n<script type=\"application\/ld+json\" class=\"yoast-schema-graph\">{\"@context\":\"https:\\\/\\\/schema.org\",\"@graph\":[{\"@type\":\"WebPage\",\"@id\":\"https:\\\/\\\/gnistan.fi\\\/nopeatempoisten-pelaajien-leiri\\\/\",\"url\":\"https:\\\/\\\/gnistan.fi\\\/nopeatempoisten-pelaajien-leiri\\\/\",\"name\":\"Nopeatempoisten pelaajien leiri - IF Gnistan\",\"isPartOf\":{\"@id\":\"https:\\\/\\\/gnistan.fi\\\/#website\"},\"primaryImageOfPage\":{\"@id\":\"https:\\\/\\\/gnistan.fi\\\/nopeatempoisten-pelaajien-leiri\\\/#primaryimage\"},\"image\":{\"@id\":\"https:\\\/\\\/gnistan.fi\\\/nopeatempoisten-pelaajien-leiri\\\/#primaryimage\"},\"thumbnailUrl\":\"https:\\\/\\\/gnistan.fi\\\/wp-content\\\/uploads\\\/2024\\\/11\\\/gnistan-default-featured-2024-c.webp\",\"datePublished\":\"2022-03-21T10:03:00+00:00\",\"dateModified\":\"2022-04-29T08:22:44+00:00\",\"breadcrumb\":{\"@id\":\"https:\\\/\\\/gnistan.fi\\\/nopeatempoisten-pelaajien-leiri\\\/#breadcrumb\"},\"inLanguage\":\"sv-SE\",\"potentialAction\":[{\"@type\":\"ReadAction\",\"target\":[\"https:\\\/\\\/gnistan.fi\\\/nopeatempoisten-pelaajien-leiri\\\/\"]}]},{\"@type\":\"ImageObject\",\"inLanguage\":\"sv-SE\",\"@id\":\"https:\\\/\\\/gnistan.fi\\\/nopeatempoisten-pelaajien-leiri\\\/#primaryimage\",\"url\":\"https:\\\/\\\/gnistan.fi\\\/wp-content\\\/uploads\\\/2024\\\/11\\\/gnistan-default-featured-2024-c.webp\",\"contentUrl\":\"https:\\\/\\\/gnistan.fi\\\/wp-content\\\/uploads\\\/2024\\\/11\\\/gnistan-default-featured-2024-c.webp\",\"width\":1920,\"height\":1080},{\"@type\":\"BreadcrumbList\",\"@id\":\"https:\\\/\\\/gnistan.fi\\\/nopeatempoisten-pelaajien-leiri\\\/#breadcrumb\",\"itemListElement\":[{\"@type\":\"ListItem\",\"position\":1,\"name\":\"Etusivu\",\"item\":\"https:\\\/\\\/gnistan.fi\\\/\"},{\"@type\":\"ListItem\",\"position\":2,\"name\":\"Nopeatempoisten pelaajien leiri\"}]},{\"@type\":\"WebSite\",\"@id\":\"https:\\\/\\\/gnistan.fi\\\/#website\",\"url\":\"https:\\\/\\\/gnistan.fi\\\/\",\"name\":\"IF Gnistan\",\"description\":\"Viralliset sivut\",\"publisher\":{\"@id\":\"https:\\\/\\\/gnistan.fi\\\/#organization\"},\"potentialAction\":[{\"@type\":\"SearchAction\",\"target\":{\"@type\":\"EntryPoint\",\"urlTemplate\":\"https:\\\/\\\/gnistan.fi\\\/?s={search_term_string}\"},\"query-input\":{\"@type\":\"PropertyValueSpecification\",\"valueRequired\":true,\"valueName\":\"search_term_string\"}}],\"inLanguage\":\"sv-SE\"},{\"@type\":\"Organization\",\"@id\":\"https:\\\/\\\/gnistan.fi\\\/#organization\",\"name\":\"IF Gnistan\",\"url\":\"https:\\\/\\\/gnistan.fi\\\/\",\"logo\":{\"@type\":\"ImageObject\",\"inLanguage\":\"sv-SE\",\"@id\":\"https:\\\/\\\/gnistan.fi\\\/#\\\/schema\\\/logo\\\/image\\\/\",\"url\":\"https:\\\/\\\/gnistan.fi\\\/wp-content\\\/uploads\\\/2019\\\/10\\\/if-gnistan-vector-logo.svg\",\"contentUrl\":\"https:\\\/\\\/gnistan.fi\\\/wp-content\\\/uploads\\\/2019\\\/10\\\/if-gnistan-vector-logo.svg\",\"width\":269,\"height\":314,\"caption\":\"IF Gnistan\"},\"image\":{\"@id\":\"https:\\\/\\\/gnistan.fi\\\/#\\\/schema\\\/logo\\\/image\\\/\"},\"sameAs\":[\"https:\\\/\\\/facebook.com\\\/ifgnistan\",\"https:\\\/\\\/x.com\\\/ifgnistan1924\",\"https:\\\/\\\/instagram.com\\\/ifgnistan1924\",\"https:\\\/\\\/www.linkedin.com\\\/company\\\/ifgnistan\\\/\"]}]}<\/script>\n<!-- \/ Yoast SEO plugin. -->","yoast_head_json":{"title":"Nopeatempoisten pelaajien leiri - IF Gnistan","robots":{"index":"index","follow":"follow","max-snippet":"max-snippet:-1","max-image-preview":"max-image-preview:large","max-video-preview":"max-video-preview:-1"},"canonical":"https:\/\/gnistan.fi\/sv\/nopeatempoisten-pelaajien-leiri\/","og_locale":"sv_SE","og_type":"article","og_title":"Nopeatempoisten pelaajien leiri - IF Gnistan","og_description":"Gnistanin kes\u00e4n 2022 ensimm\u00e4inen leiri on kes\u00e4kuun alussa j\u00e4rjestett\u00e4v\u00e4 nopeatempoisten pelaajien leiri. Yksi seuramme tavoitteista on kasvattaa pelaajia, jotka ovat nopeatempoisia, sill\u00e4 se on t\u00e4rke\u00e4 ominaisuus korkeatasoisessa jalkapallossa. Leirill\u00e4 pelaajat oppivat pelaamaan nopeatempoisesti, k\u00e4ytt\u00e4m\u00e4\u00e4n korkeaa pr\u00e4ssi\u00e4 sek\u00e4 ymm\u00e4rt\u00e4m\u00e4\u00e4n kuinka luoda kent\u00e4ll\u00e4 pelitilaa nopeatempoisella ja \u00e4lykk\u00e4\u00e4ll\u00e4 liikkumisella itselleen ja joukkuekavereille. N\u00e4it\u00e4 ominaisuuksia ei siis viel\u00e4 leirille [&hellip;]","og_url":"https:\/\/gnistan.fi\/sv\/nopeatempoisten-pelaajien-leiri\/","og_site_name":"IF Gnistan","article_publisher":"https:\/\/facebook.com\/ifgnistan","article_modified_time":"2022-04-29T08:22:44+00:00","og_image":[{"width":1920,"height":1080,"url":"https:\/\/gnistan.fi\/wp-content\/uploads\/2024\/11\/gnistan-default-featured-2024-c.webp","type":"image\/webp"}],"twitter_card":"summary_large_image","twitter_site":"@ifgnistan1924","twitter_misc":{"Ber\u00e4knad l\u00e4stid":"1 minut"},"schema":{"@context":"https:\/\/schema.org","@graph":[{"@type":"WebPage","@id":"https:\/\/gnistan.fi\/nopeatempoisten-pelaajien-leiri\/","url":"https:\/\/gnistan.fi\/nopeatempoisten-pelaajien-leiri\/","name":"Nopeatempoisten pelaajien leiri - IF Gnistan","isPartOf":{"@id":"https:\/\/gnistan.fi\/#website"},"primaryImageOfPage":{"@id":"https:\/\/gnistan.fi\/nopeatempoisten-pelaajien-leiri\/#primaryimage"},"image":{"@id":"https:\/\/gnistan.fi\/nopeatempoisten-pelaajien-leiri\/#primaryimage"},"thumbnailUrl":"https:\/\/gnistan.fi\/wp-content\/uploads\/2024\/11\/gnistan-default-featured-2024-c.webp","datePublished":"2022-03-21T10:03:00+00:00","dateModified":"2022-04-29T08:22:44+00:00","breadcrumb":{"@id":"https:\/\/gnistan.fi\/nopeatempoisten-pelaajien-leiri\/#breadcrumb"},"inLanguage":"sv-SE","potentialAction":[{"@type":"ReadAction","target":["https:\/\/gnistan.fi\/nopeatempoisten-pelaajien-leiri\/"]}]},{"@type":"ImageObject","inLanguage":"sv-SE","@id":"https:\/\/gnistan.fi\/nopeatempoisten-pelaajien-leiri\/#primaryimage","url":"https:\/\/gnistan.fi\/wp-content\/uploads\/2024\/11\/gnistan-default-featured-2024-c.webp","contentUrl":"https:\/\/gnistan.fi\/wp-content\/uploads\/2024\/11\/gnistan-default-featured-2024-c.webp","width":1920,"height":1080},{"@type":"BreadcrumbList","@id":"https:\/\/gnistan.fi\/nopeatempoisten-pelaajien-leiri\/#breadcrumb","itemListElement":[{"@type":"ListItem","position":1,"name":"Etusivu","item":"https:\/\/gnistan.fi\/"},{"@type":"ListItem","position":2,"name":"Nopeatempoisten pelaajien leiri"}]},{"@type":"WebSite","@id":"https:\/\/gnistan.fi\/#website","url":"https:\/\/gnistan.fi\/","name":"IF Gnistan","description":"Viralliset sivut","publisher":{"@id":"https:\/\/gnistan.fi\/#organization"},"potentialAction":[{"@type":"SearchAction","target":{"@type":"EntryPoint","urlTemplate":"https:\/\/gnistan.fi\/?s={search_term_string}"},"query-input":{"@type":"PropertyValueSpecification","valueRequired":true,"valueName":"search_term_string"}}],"inLanguage":"sv-SE"},{"@type":"Organization","@id":"https:\/\/gnistan.fi\/#organization","name":"IF Gnistan","url":"https:\/\/gnistan.fi\/","logo":{"@type":"ImageObject","inLanguage":"sv-SE","@id":"https:\/\/gnistan.fi\/#\/schema\/logo\/image\/","url":"https:\/\/gnistan.fi\/wp-content\/uploads\/2019\/10\/if-gnistan-vector-logo.svg","contentUrl":"https:\/\/gnistan.fi\/wp-content\/uploads\/2019\/10\/if-gnistan-vector-logo.svg","width":269,"height":314,"caption":"IF Gnistan"},"image":{"@id":"https:\/\/gnistan.fi\/#\/schema\/logo\/image\/"},"sameAs":["https:\/\/facebook.com\/ifgnistan","https:\/\/x.com\/ifgnistan1924","https:\/\/instagram.com\/ifgnistan1924","https:\/\/www.linkedin.com\/company\/ifgnistan\/"]}]}},"jetpack_sharing_enabled":true,"_links":{"self":[{"href":"https:\/\/gnistan.fi\/sv\/wp-json\/wp\/v2\/pages\/21784","targetHints":{"allow":["GET"]}}],"collection":[{"href":"https:\/\/gnistan.fi\/sv\/wp-json\/wp\/v2\/pages"}],"about":[{"href":"https:\/\/gnistan.fi\/sv\/wp-json\/wp\/v2\/types\/page"}],"author":[{"embeddable":true,"href":"https:\/\/gnistan.fi\/sv\/wp-json\/wp\/v2\/users\/8"}],"replies":[{"embeddable":true,"href":"https:\/\/gnistan.fi\/sv\/wp-json\/wp\/v2\/comments?post=21784"}],"version-history":[{"count":3,"href":"https:\/\/gnistan.fi\/sv\/wp-json\/wp\/v2\/pages\/21784\/revisions"}],"predecessor-version":[{"id":22269,"href":"https:\/\/gnistan.fi\/sv\/wp-json\/wp\/v2\/pages\/21784\/revisions\/22269"}],"wp:featuredmedia":[{"embeddable":true,"href":"https:\/\/gnistan.fi\/sv\/wp-json\/wp\/v2\/media\/36703"}],"wp:attachment":[{"href":"https:\/\/gnistan.fi\/sv\/wp-json\/wp\/v2\/media?parent=21784"}],"curies":[{"name":"wp","href":"https:\/\/api.w.org\/{rel}","templated":true}]}}