{"id":21545,"date":"2022-02-11T13:18:37","date_gmt":"2022-02-11T11:18:37","guid":{"rendered":"https:\/\/gnistan.fi\/?page_id=21545"},"modified":"2026-04-07T12:36:21","modified_gmt":"2026-04-07T09:36:21","slug":"aikuisten-harrasteturnaus","status":"publish","type":"page","link":"https:\/\/gnistan.fi\/sv\/aikuisten-harrasteturnaus\/","title":{"rendered":"Hobbyturnering f\u00f6r vuxna"},"content":{"rendered":"<p>Tiedot 2025 vuoden turnauksesta p\u00e4ivittyv\u00e4t t\u00e4nne my\u00f6hemmin. Alhaalla tiedot viime vuoden turnauksesta.<\/p>\n\n\n\n<p>Ker\u00e4\u00e4 joukkue ja l\u00e4hde mukaan nauttimaan kes\u00e4p\u00e4iv\u00e4st\u00e4 ja hyv\u00e4st\u00e4 tunnelmasta Oulunkyl\u00e4\u00e4n! <\/p>\n\n\n\n<p><strong>Milloin:<\/strong> Lauantai 29.6.2024 klo 12-18.30<\/p>\n\n\n\n<p><strong>Miss\u00e4:<\/strong> Markku.fi Areena, Oulunkyl\u00e4, Helsinki<\/p>\n\n\n\n<p><strong>Kenelle:<\/strong> Yksi avoin harrastesarja kaikille aikuisjoukkueille &#8211; osallistuvien pelaajien oltava yli 18-vuotiaita. <\/p>\n\n\n\n<p>Kyseess\u00e4 on harrasteturnaus. (Pelaaja ei saa pelata jalkapalloa Kakkosessa ja sit\u00e4 ylemp\u00e4n\u00e4 miesten sarjoissa tai P20\/P17 SM-sarjoissa eik\u00e4&nbsp;jalkapalloa&nbsp;Ykk\u00f6sess\u00e4&nbsp;ja sit\u00e4 ylemp\u00e4n\u00e4 naisten sarjoissa.)<\/p>\n\n\n\n<p><strong>Pelimuoto:<\/strong> 5vs5 (4 kentt\u00e4pelaaja + maalivahti). Kent\u00e4n koko n. 25m x 45m (jalkapallokentt\u00e4 jaettuna nelj\u00e4\u00e4n osaan). Juniorimaalit 2m x 5m. Peliaika 1 x 20min. Alkulohkot ja jatkopelit &#8211; jokaiselle joukkueelle v\u00e4hint\u00e4\u00e4n 4 ottelua. Kolme parasta joukkuetta palkitaan.<\/p>\n\n\n\n<p><strong>Palvelut:<\/strong> Kioski auki &amp; Gnistan Bar palvelee anniskeluoikeuksin! Huom! Pelaaja\/joukkue, joka ei ole &#8221;pelikunnossa&#8221; suljetaan sarjasta. Kentt\u00e4alue pidet\u00e4\u00e4n savuttomana.<\/p>\n\n\n\n<p><strong>Osallistumismaksu: <\/strong>90e \/ joukkue. <\/p>\n\n\n\n<p class=\"has-medium-font-size\"><\/p>\n\n\n\n<p class=\"has-medium-font-size\"><a href=\"https:\/\/docs.google.com\/forms\/d\/e\/1FAIpQLSfEO9L3cG927H2Oi-mzmMja2TFya3vny6xHgMrxAXtJEgXxXA\/viewform?usp=sf_link\">ILMOITTAUDU MUKAAN T\u00c4ST\u00c4! <\/a><\/p>\n\n\n\n<p>Turnaukseen otetaan aluksi mukaan 16 ensimm\u00e4isen\u00e4 ilmoittautunutta joukkuetta. T\u00e4m\u00e4n j\u00e4lkeen ilmoittautuneet joukkueet lis\u00e4t\u00e4\u00e4n jonoon. Jonossa oleviin joukkueisiin ollaan yhteydess\u00e4, mik\u00e4li turnaukseen vapautuu paikkoja tai joukkuem\u00e4\u00e4r\u00e4\u00e4 laajennetaan.<\/p>\n\n\n\n<p><strong>Muuta huomoitavaa:<\/strong><br>Kilpailun j\u00e4rjest\u00e4j\u00e4 ei vakuuta pelaajia, vaan pelaajat pelaavat tapahtumassa omalla vastuullaan.  <\/p>\n\n\n\n<p><\/p>\n\n\n\n<p><\/p>\n\n\n\n<p>Lis\u00e4tietoja: Toni Sepp\u00e4l\u00e4 toni.seppala@gnistan.fi<\/p>\n\n\n\n<p style=\"font-style:normal;font-weight:700\"><\/p>\n\n\n\n<p style=\"font-style:normal;font-weight:700\"><\/p>","protected":false},"excerpt":{"rendered":"<p>Tiedot 2025 vuoden turnauksesta p\u00e4ivittyv\u00e4t t\u00e4nne my\u00f6hemmin. Alhaalla tiedot viime vuoden turnauksesta. Ker\u00e4\u00e4 joukkue ja l\u00e4hde mukaan nauttimaan kes\u00e4p\u00e4iv\u00e4st\u00e4 ja hyv\u00e4st\u00e4 tunnelmasta Oulunkyl\u00e4\u00e4n! Milloin: Lauantai 29.6.2024 klo 12-18.30 Miss\u00e4: Markku.fi Areena, Oulunkyl\u00e4, Helsinki Kenelle: Yksi avoin harrastesarja kaikille aikuisjoukkueille &#8211; osallistuvien pelaajien oltava yli 18-vuotiaita. Kyseess\u00e4 on harrasteturnaus. (Pelaaja ei saa pelata jalkapalloa Kakkosessa ja [&hellip;]<\/p>\n","protected":false},"author":8,"featured_media":36703,"parent":0,"menu_order":0,"comment_status":"closed","ping_status":"closed","template":"","meta":{"_acf_changed":false,"footnotes":""},"class_list":["post-21545","page","type-page","status-publish","has-post-thumbnail","hentry"],"acf":[],"yoast_head":"<!-- This site is optimized with the Yoast SEO plugin v27.3 - https:\/\/yoast.com\/product\/yoast-seo-wordpress\/ -->\n<title>Aikuisten harrasteturnaus - IF Gnistan<\/title>\n<meta name=\"robots\" content=\"index, follow, max-snippet:-1, max-image-preview:large, max-video-preview:-1\" \/>\n<link rel=\"canonical\" href=\"https:\/\/gnistan.fi\/sv\/aikuisten-harrasteturnaus\/\" \/>\n<meta property=\"og:locale\" content=\"sv_SE\" \/>\n<meta property=\"og:type\" content=\"article\" \/>\n<meta property=\"og:title\" content=\"Aikuisten harrasteturnaus - IF Gnistan\" \/>\n<meta property=\"og:description\" content=\"Tiedot 2025 vuoden turnauksesta p\u00e4ivittyv\u00e4t t\u00e4nne my\u00f6hemmin. Alhaalla tiedot viime vuoden turnauksesta. Ker\u00e4\u00e4 joukkue ja l\u00e4hde mukaan nauttimaan kes\u00e4p\u00e4iv\u00e4st\u00e4 ja hyv\u00e4st\u00e4 tunnelmasta Oulunkyl\u00e4\u00e4n! Milloin: Lauantai 29.6.2024 klo 12-18.30 Miss\u00e4: Markku.fi Areena, Oulunkyl\u00e4, Helsinki Kenelle: Yksi avoin harrastesarja kaikille aikuisjoukkueille &#8211; osallistuvien pelaajien oltava yli 18-vuotiaita. Kyseess\u00e4 on harrasteturnaus. (Pelaaja ei saa pelata jalkapalloa Kakkosessa ja [&hellip;]\" \/>\n<meta property=\"og:url\" content=\"https:\/\/gnistan.fi\/sv\/aikuisten-harrasteturnaus\/\" \/>\n<meta property=\"og:site_name\" content=\"IF Gnistan\" \/>\n<meta property=\"article:publisher\" content=\"https:\/\/facebook.com\/ifgnistan\" \/>\n<meta property=\"article:modified_time\" content=\"2026-04-07T09:36:21+00:00\" \/>\n<meta property=\"og:image\" content=\"https:\/\/gnistan.fi\/wp-content\/uploads\/2024\/11\/gnistan-default-featured-2024-c.webp\" \/>\n\t<meta property=\"og:image:width\" content=\"1920\" \/>\n\t<meta property=\"og:image:height\" content=\"1080\" \/>\n\t<meta property=\"og:image:type\" content=\"image\/webp\" \/>\n<meta name=\"twitter:card\" content=\"summary_large_image\" \/>\n<meta name=\"twitter:site\" content=\"@ifgnistan1924\" \/>\n<meta name=\"twitter:label1\" content=\"Ber\u00e4knad l\u00e4stid\" \/>\n\t<meta name=\"twitter:data1\" content=\"2 minuter\" \/>\n<script type=\"application\/ld+json\" class=\"yoast-schema-graph\">{\"@context\":\"https:\\\/\\\/schema.org\",\"@graph\":[{\"@type\":\"WebPage\",\"@id\":\"https:\\\/\\\/gnistan.fi\\\/aikuisten-harrasteturnaus\\\/\",\"url\":\"https:\\\/\\\/gnistan.fi\\\/aikuisten-harrasteturnaus\\\/\",\"name\":\"Aikuisten harrasteturnaus - IF Gnistan\",\"isPartOf\":{\"@id\":\"https:\\\/\\\/gnistan.fi\\\/#website\"},\"primaryImageOfPage\":{\"@id\":\"https:\\\/\\\/gnistan.fi\\\/aikuisten-harrasteturnaus\\\/#primaryimage\"},\"image\":{\"@id\":\"https:\\\/\\\/gnistan.fi\\\/aikuisten-harrasteturnaus\\\/#primaryimage\"},\"thumbnailUrl\":\"https:\\\/\\\/gnistan.fi\\\/wp-content\\\/uploads\\\/2024\\\/11\\\/gnistan-default-featured-2024-c.webp\",\"datePublished\":\"2022-02-11T11:18:37+00:00\",\"dateModified\":\"2026-04-07T09:36:21+00:00\",\"breadcrumb\":{\"@id\":\"https:\\\/\\\/gnistan.fi\\\/aikuisten-harrasteturnaus\\\/#breadcrumb\"},\"inLanguage\":\"sv-SE\",\"potentialAction\":[{\"@type\":\"ReadAction\",\"target\":[\"https:\\\/\\\/gnistan.fi\\\/aikuisten-harrasteturnaus\\\/\"]}]},{\"@type\":\"ImageObject\",\"inLanguage\":\"sv-SE\",\"@id\":\"https:\\\/\\\/gnistan.fi\\\/aikuisten-harrasteturnaus\\\/#primaryimage\",\"url\":\"https:\\\/\\\/gnistan.fi\\\/wp-content\\\/uploads\\\/2024\\\/11\\\/gnistan-default-featured-2024-c.webp\",\"contentUrl\":\"https:\\\/\\\/gnistan.fi\\\/wp-content\\\/uploads\\\/2024\\\/11\\\/gnistan-default-featured-2024-c.webp\",\"width\":1920,\"height\":1080},{\"@type\":\"BreadcrumbList\",\"@id\":\"https:\\\/\\\/gnistan.fi\\\/aikuisten-harrasteturnaus\\\/#breadcrumb\",\"itemListElement\":[{\"@type\":\"ListItem\",\"position\":1,\"name\":\"Etusivu\",\"item\":\"https:\\\/\\\/gnistan.fi\\\/\"},{\"@type\":\"ListItem\",\"position\":2,\"name\":\"Aikuisten harrasteturnaus\"}]},{\"@type\":\"WebSite\",\"@id\":\"https:\\\/\\\/gnistan.fi\\\/#website\",\"url\":\"https:\\\/\\\/gnistan.fi\\\/\",\"name\":\"IF Gnistan\",\"description\":\"Viralliset sivut\",\"publisher\":{\"@id\":\"https:\\\/\\\/gnistan.fi\\\/#organization\"},\"potentialAction\":[{\"@type\":\"SearchAction\",\"target\":{\"@type\":\"EntryPoint\",\"urlTemplate\":\"https:\\\/\\\/gnistan.fi\\\/?s={search_term_string}\"},\"query-input\":{\"@type\":\"PropertyValueSpecification\",\"valueRequired\":true,\"valueName\":\"search_term_string\"}}],\"inLanguage\":\"sv-SE\"},{\"@type\":\"Organization\",\"@id\":\"https:\\\/\\\/gnistan.fi\\\/#organization\",\"name\":\"IF Gnistan\",\"url\":\"https:\\\/\\\/gnistan.fi\\\/\",\"logo\":{\"@type\":\"ImageObject\",\"inLanguage\":\"sv-SE\",\"@id\":\"https:\\\/\\\/gnistan.fi\\\/#\\\/schema\\\/logo\\\/image\\\/\",\"url\":\"https:\\\/\\\/gnistan.fi\\\/wp-content\\\/uploads\\\/2019\\\/10\\\/if-gnistan-vector-logo.svg\",\"contentUrl\":\"https:\\\/\\\/gnistan.fi\\\/wp-content\\\/uploads\\\/2019\\\/10\\\/if-gnistan-vector-logo.svg\",\"width\":269,\"height\":314,\"caption\":\"IF Gnistan\"},\"image\":{\"@id\":\"https:\\\/\\\/gnistan.fi\\\/#\\\/schema\\\/logo\\\/image\\\/\"},\"sameAs\":[\"https:\\\/\\\/facebook.com\\\/ifgnistan\",\"https:\\\/\\\/x.com\\\/ifgnistan1924\",\"https:\\\/\\\/instagram.com\\\/ifgnistan1924\",\"https:\\\/\\\/www.linkedin.com\\\/company\\\/ifgnistan\\\/\"]}]}<\/script>\n<!-- \/ Yoast SEO plugin. -->","yoast_head_json":{"title":"Aikuisten harrasteturnaus - IF Gnistan","robots":{"index":"index","follow":"follow","max-snippet":"max-snippet:-1","max-image-preview":"max-image-preview:large","max-video-preview":"max-video-preview:-1"},"canonical":"https:\/\/gnistan.fi\/sv\/aikuisten-harrasteturnaus\/","og_locale":"sv_SE","og_type":"article","og_title":"Aikuisten harrasteturnaus - IF Gnistan","og_description":"Tiedot 2025 vuoden turnauksesta p\u00e4ivittyv\u00e4t t\u00e4nne my\u00f6hemmin. Alhaalla tiedot viime vuoden turnauksesta. Ker\u00e4\u00e4 joukkue ja l\u00e4hde mukaan nauttimaan kes\u00e4p\u00e4iv\u00e4st\u00e4 ja hyv\u00e4st\u00e4 tunnelmasta Oulunkyl\u00e4\u00e4n! Milloin: Lauantai 29.6.2024 klo 12-18.30 Miss\u00e4: Markku.fi Areena, Oulunkyl\u00e4, Helsinki Kenelle: Yksi avoin harrastesarja kaikille aikuisjoukkueille &#8211; osallistuvien pelaajien oltava yli 18-vuotiaita. Kyseess\u00e4 on harrasteturnaus. (Pelaaja ei saa pelata jalkapalloa Kakkosessa ja [&hellip;]","og_url":"https:\/\/gnistan.fi\/sv\/aikuisten-harrasteturnaus\/","og_site_name":"IF Gnistan","article_publisher":"https:\/\/facebook.com\/ifgnistan","article_modified_time":"2026-04-07T09:36:21+00:00","og_image":[{"width":1920,"height":1080,"url":"https:\/\/gnistan.fi\/wp-content\/uploads\/2024\/11\/gnistan-default-featured-2024-c.webp","type":"image\/webp"}],"twitter_card":"summary_large_image","twitter_site":"@ifgnistan1924","twitter_misc":{"Ber\u00e4knad l\u00e4stid":"2 minuter"},"schema":{"@context":"https:\/\/schema.org","@graph":[{"@type":"WebPage","@id":"https:\/\/gnistan.fi\/aikuisten-harrasteturnaus\/","url":"https:\/\/gnistan.fi\/aikuisten-harrasteturnaus\/","name":"Aikuisten harrasteturnaus - IF Gnistan","isPartOf":{"@id":"https:\/\/gnistan.fi\/#website"},"primaryImageOfPage":{"@id":"https:\/\/gnistan.fi\/aikuisten-harrasteturnaus\/#primaryimage"},"image":{"@id":"https:\/\/gnistan.fi\/aikuisten-harrasteturnaus\/#primaryimage"},"thumbnailUrl":"https:\/\/gnistan.fi\/wp-content\/uploads\/2024\/11\/gnistan-default-featured-2024-c.webp","datePublished":"2022-02-11T11:18:37+00:00","dateModified":"2026-04-07T09:36:21+00:00","breadcrumb":{"@id":"https:\/\/gnistan.fi\/aikuisten-harrasteturnaus\/#breadcrumb"},"inLanguage":"sv-SE","potentialAction":[{"@type":"ReadAction","target":["https:\/\/gnistan.fi\/aikuisten-harrasteturnaus\/"]}]},{"@type":"ImageObject","inLanguage":"sv-SE","@id":"https:\/\/gnistan.fi\/aikuisten-harrasteturnaus\/#primaryimage","url":"https:\/\/gnistan.fi\/wp-content\/uploads\/2024\/11\/gnistan-default-featured-2024-c.webp","contentUrl":"https:\/\/gnistan.fi\/wp-content\/uploads\/2024\/11\/gnistan-default-featured-2024-c.webp","width":1920,"height":1080},{"@type":"BreadcrumbList","@id":"https:\/\/gnistan.fi\/aikuisten-harrasteturnaus\/#breadcrumb","itemListElement":[{"@type":"ListItem","position":1,"name":"Etusivu","item":"https:\/\/gnistan.fi\/"},{"@type":"ListItem","position":2,"name":"Aikuisten harrasteturnaus"}]},{"@type":"WebSite","@id":"https:\/\/gnistan.fi\/#website","url":"https:\/\/gnistan.fi\/","name":"IF Gnistan","description":"Viralliset sivut","publisher":{"@id":"https:\/\/gnistan.fi\/#organization"},"potentialAction":[{"@type":"SearchAction","target":{"@type":"EntryPoint","urlTemplate":"https:\/\/gnistan.fi\/?s={search_term_string}"},"query-input":{"@type":"PropertyValueSpecification","valueRequired":true,"valueName":"search_term_string"}}],"inLanguage":"sv-SE"},{"@type":"Organization","@id":"https:\/\/gnistan.fi\/#organization","name":"IF Gnistan","url":"https:\/\/gnistan.fi\/","logo":{"@type":"ImageObject","inLanguage":"sv-SE","@id":"https:\/\/gnistan.fi\/#\/schema\/logo\/image\/","url":"https:\/\/gnistan.fi\/wp-content\/uploads\/2019\/10\/if-gnistan-vector-logo.svg","contentUrl":"https:\/\/gnistan.fi\/wp-content\/uploads\/2019\/10\/if-gnistan-vector-logo.svg","width":269,"height":314,"caption":"IF Gnistan"},"image":{"@id":"https:\/\/gnistan.fi\/#\/schema\/logo\/image\/"},"sameAs":["https:\/\/facebook.com\/ifgnistan","https:\/\/x.com\/ifgnistan1924","https:\/\/instagram.com\/ifgnistan1924","https:\/\/www.linkedin.com\/company\/ifgnistan\/"]}]}},"jetpack_sharing_enabled":true,"_links":{"self":[{"href":"https:\/\/gnistan.fi\/sv\/wp-json\/wp\/v2\/pages\/21545","targetHints":{"allow":["GET"]}}],"collection":[{"href":"https:\/\/gnistan.fi\/sv\/wp-json\/wp\/v2\/pages"}],"about":[{"href":"https:\/\/gnistan.fi\/sv\/wp-json\/wp\/v2\/types\/page"}],"author":[{"embeddable":true,"href":"https:\/\/gnistan.fi\/sv\/wp-json\/wp\/v2\/users\/8"}],"replies":[{"embeddable":true,"href":"https:\/\/gnistan.fi\/sv\/wp-json\/wp\/v2\/comments?post=21545"}],"version-history":[{"count":20,"href":"https:\/\/gnistan.fi\/sv\/wp-json\/wp\/v2\/pages\/21545\/revisions"}],"predecessor-version":[{"id":44877,"href":"https:\/\/gnistan.fi\/sv\/wp-json\/wp\/v2\/pages\/21545\/revisions\/44877"}],"wp:featuredmedia":[{"embeddable":true,"href":"https:\/\/gnistan.fi\/sv\/wp-json\/wp\/v2\/media\/36703"}],"wp:attachment":[{"href":"https:\/\/gnistan.fi\/sv\/wp-json\/wp\/v2\/media?parent=21545"}],"curies":[{"name":"wp","href":"https:\/\/api.w.org\/{rel}","templated":true}]}}