{"id":20845,"date":"2021-11-18T15:15:40","date_gmt":"2021-11-18T13:15:40","guid":{"rendered":"https:\/\/gnistan.fi\/?page_id=20845"},"modified":"2025-08-11T21:49:01","modified_gmt":"2025-08-11T18:49:01","slug":"gnistan-metodi","status":"publish","type":"page","link":"https:\/\/gnistan.fi\/sv\/gnistan-metodi\/","title":{"rendered":"If Gnistan metoden"},"content":{"rendered":"<p><\/p>\n\n\n\n<h4 class=\"wp-block-heading\">Seuraty\u00f6t\u00e4 ohjaavat periaatteet ja toimintatavat <\/h4>\n\n\n\n<p>Dokumentet presenterar f\u00f6reningens roll, m\u00e5l, v\u00e4rderingar, strategi, organisation, arbetsbeskrivningar, principer, regler, lag- och spelarstigar samt vilken verksamhet Gnistan erbjuder. <\/p>\n\n\n\n<div data-wp-interactive=\"core\/file\" class=\"wp-block-file\"><object data-wp-bind--hidden=\"!state.hasPdfPreview\" hidden class=\"wp-block-file__embed\" data=\"https:\/\/gnistan.fi\/wp-content\/uploads\/2025\/08\/IF-GNISTAN-METODI.pdf\" type=\"application\/pdf\" style=\"width:100%;height:600px\" aria-label=\"Inb\u00e4ddning av IF GNISTAN METODI.\"><\/object><a id=\"wp-block-file--media-2c07d7ce-4e30-4484-99c1-9b4ef3f00e60\" href=\"https:\/\/gnistan.fi\/wp-content\/uploads\/2025\/08\/IF-GNISTAN-METODI.pdf\">IF GNISTAN METODI<\/a><a href=\"https:\/\/gnistan.fi\/wp-content\/uploads\/2025\/08\/IF-GNISTAN-METODI.pdf\" class=\"wp-block-file__button wp-element-button\" download aria-describedby=\"wp-block-file--media-2c07d7ce-4e30-4484-99c1-9b4ef3f00e60\">Ladda ner<\/a><\/div>\n\n\n\n<p><\/p>","protected":false},"excerpt":{"rendered":"<p>Seuraty\u00f6t\u00e4 ohjaavat periaatteet ja toimintatavat Dokumentissa esitell\u00e4\u00e4n seuran roolia, tavoitteita, arvoja, strategiaa, organisaatiota, teht\u00e4v\u00e4nkuvauksia, periaatteita, seuran s\u00e4\u00e4nt\u00f6j\u00e4, joukkue- ja pelaajapolkuja sek\u00e4 mit\u00e4 toimintoja Gnistan tarjoaa.<\/p>","protected":false},"author":13,"featured_media":36703,"parent":0,"menu_order":0,"comment_status":"closed","ping_status":"closed","template":"","meta":{"_acf_changed":false,"footnotes":""},"class_list":["post-20845","page","type-page","status-publish","has-post-thumbnail","hentry"],"acf":[],"yoast_head":"<!-- This site is optimized with the Yoast SEO plugin v27.3 - https:\/\/yoast.com\/product\/yoast-seo-wordpress\/ -->\n<title>If Gnistan metodi - IF Gnistan<\/title>\n<meta name=\"robots\" content=\"index, follow, max-snippet:-1, max-image-preview:large, max-video-preview:-1\" \/>\n<link rel=\"canonical\" href=\"https:\/\/gnistan.fi\/sv\/gnistan-metodi\/\" \/>\n<meta property=\"og:locale\" content=\"sv_SE\" \/>\n<meta property=\"og:type\" content=\"article\" \/>\n<meta property=\"og:title\" content=\"If Gnistan metodi - IF Gnistan\" \/>\n<meta property=\"og:description\" content=\"Seuraty\u00f6t\u00e4 ohjaavat periaatteet ja toimintatavat Dokumentissa esitell\u00e4\u00e4n seuran roolia, tavoitteita, arvoja, strategiaa, organisaatiota, teht\u00e4v\u00e4nkuvauksia, periaatteita, seuran s\u00e4\u00e4nt\u00f6j\u00e4, joukkue- ja pelaajapolkuja sek\u00e4 mit\u00e4 toimintoja Gnistan tarjoaa.\" \/>\n<meta property=\"og:url\" content=\"https:\/\/gnistan.fi\/sv\/gnistan-metodi\/\" \/>\n<meta property=\"og:site_name\" content=\"IF Gnistan\" \/>\n<meta property=\"article:publisher\" content=\"https:\/\/facebook.com\/ifgnistan\" \/>\n<meta property=\"article:modified_time\" content=\"2025-08-11T18:49:01+00:00\" \/>\n<meta property=\"og:image\" content=\"https:\/\/gnistan.fi\/wp-content\/uploads\/2024\/11\/gnistan-default-featured-2024-c.webp\" \/>\n\t<meta property=\"og:image:width\" content=\"1920\" \/>\n\t<meta property=\"og:image:height\" content=\"1080\" \/>\n\t<meta property=\"og:image:type\" content=\"image\/webp\" \/>\n<meta name=\"twitter:card\" content=\"summary_large_image\" \/>\n<meta name=\"twitter:site\" content=\"@ifgnistan1924\" \/>\n<meta name=\"twitter:label1\" content=\"Ber\u00e4knad l\u00e4stid\" \/>\n\t<meta name=\"twitter:data1\" content=\"1 minut\" \/>\n<script type=\"application\/ld+json\" class=\"yoast-schema-graph\">{\"@context\":\"https:\\\/\\\/schema.org\",\"@graph\":[{\"@type\":\"WebPage\",\"@id\":\"https:\\\/\\\/gnistan.fi\\\/gnistan-metodi\\\/\",\"url\":\"https:\\\/\\\/gnistan.fi\\\/gnistan-metodi\\\/\",\"name\":\"If Gnistan metodi - IF Gnistan\",\"isPartOf\":{\"@id\":\"https:\\\/\\\/gnistan.fi\\\/#website\"},\"primaryImageOfPage\":{\"@id\":\"https:\\\/\\\/gnistan.fi\\\/gnistan-metodi\\\/#primaryimage\"},\"image\":{\"@id\":\"https:\\\/\\\/gnistan.fi\\\/gnistan-metodi\\\/#primaryimage\"},\"thumbnailUrl\":\"https:\\\/\\\/gnistan.fi\\\/wp-content\\\/uploads\\\/2024\\\/11\\\/gnistan-default-featured-2024-c.webp\",\"datePublished\":\"2021-11-18T13:15:40+00:00\",\"dateModified\":\"2025-08-11T18:49:01+00:00\",\"breadcrumb\":{\"@id\":\"https:\\\/\\\/gnistan.fi\\\/gnistan-metodi\\\/#breadcrumb\"},\"inLanguage\":\"sv-SE\",\"potentialAction\":[{\"@type\":\"ReadAction\",\"target\":[\"https:\\\/\\\/gnistan.fi\\\/gnistan-metodi\\\/\"]}]},{\"@type\":\"ImageObject\",\"inLanguage\":\"sv-SE\",\"@id\":\"https:\\\/\\\/gnistan.fi\\\/gnistan-metodi\\\/#primaryimage\",\"url\":\"https:\\\/\\\/gnistan.fi\\\/wp-content\\\/uploads\\\/2024\\\/11\\\/gnistan-default-featured-2024-c.webp\",\"contentUrl\":\"https:\\\/\\\/gnistan.fi\\\/wp-content\\\/uploads\\\/2024\\\/11\\\/gnistan-default-featured-2024-c.webp\",\"width\":1920,\"height\":1080},{\"@type\":\"BreadcrumbList\",\"@id\":\"https:\\\/\\\/gnistan.fi\\\/gnistan-metodi\\\/#breadcrumb\",\"itemListElement\":[{\"@type\":\"ListItem\",\"position\":1,\"name\":\"Etusivu\",\"item\":\"https:\\\/\\\/gnistan.fi\\\/\"},{\"@type\":\"ListItem\",\"position\":2,\"name\":\"If Gnistan metodi\"}]},{\"@type\":\"WebSite\",\"@id\":\"https:\\\/\\\/gnistan.fi\\\/#website\",\"url\":\"https:\\\/\\\/gnistan.fi\\\/\",\"name\":\"IF Gnistan\",\"description\":\"Viralliset sivut\",\"publisher\":{\"@id\":\"https:\\\/\\\/gnistan.fi\\\/#organization\"},\"potentialAction\":[{\"@type\":\"SearchAction\",\"target\":{\"@type\":\"EntryPoint\",\"urlTemplate\":\"https:\\\/\\\/gnistan.fi\\\/?s={search_term_string}\"},\"query-input\":{\"@type\":\"PropertyValueSpecification\",\"valueRequired\":true,\"valueName\":\"search_term_string\"}}],\"inLanguage\":\"sv-SE\"},{\"@type\":\"Organization\",\"@id\":\"https:\\\/\\\/gnistan.fi\\\/#organization\",\"name\":\"IF Gnistan\",\"url\":\"https:\\\/\\\/gnistan.fi\\\/\",\"logo\":{\"@type\":\"ImageObject\",\"inLanguage\":\"sv-SE\",\"@id\":\"https:\\\/\\\/gnistan.fi\\\/#\\\/schema\\\/logo\\\/image\\\/\",\"url\":\"https:\\\/\\\/gnistan.fi\\\/wp-content\\\/uploads\\\/2019\\\/10\\\/if-gnistan-vector-logo.svg\",\"contentUrl\":\"https:\\\/\\\/gnistan.fi\\\/wp-content\\\/uploads\\\/2019\\\/10\\\/if-gnistan-vector-logo.svg\",\"width\":269,\"height\":314,\"caption\":\"IF Gnistan\"},\"image\":{\"@id\":\"https:\\\/\\\/gnistan.fi\\\/#\\\/schema\\\/logo\\\/image\\\/\"},\"sameAs\":[\"https:\\\/\\\/facebook.com\\\/ifgnistan\",\"https:\\\/\\\/x.com\\\/ifgnistan1924\",\"https:\\\/\\\/instagram.com\\\/ifgnistan1924\",\"https:\\\/\\\/www.linkedin.com\\\/company\\\/ifgnistan\\\/\"]}]}<\/script>\n<!-- \/ Yoast SEO plugin. -->","yoast_head_json":{"title":"If Gnistan metodi - IF Gnistan","robots":{"index":"index","follow":"follow","max-snippet":"max-snippet:-1","max-image-preview":"max-image-preview:large","max-video-preview":"max-video-preview:-1"},"canonical":"https:\/\/gnistan.fi\/sv\/gnistan-metodi\/","og_locale":"sv_SE","og_type":"article","og_title":"If Gnistan metodi - IF Gnistan","og_description":"Seuraty\u00f6t\u00e4 ohjaavat periaatteet ja toimintatavat Dokumentissa esitell\u00e4\u00e4n seuran roolia, tavoitteita, arvoja, strategiaa, organisaatiota, teht\u00e4v\u00e4nkuvauksia, periaatteita, seuran s\u00e4\u00e4nt\u00f6j\u00e4, joukkue- ja pelaajapolkuja sek\u00e4 mit\u00e4 toimintoja Gnistan tarjoaa.","og_url":"https:\/\/gnistan.fi\/sv\/gnistan-metodi\/","og_site_name":"IF Gnistan","article_publisher":"https:\/\/facebook.com\/ifgnistan","article_modified_time":"2025-08-11T18:49:01+00:00","og_image":[{"width":1920,"height":1080,"url":"https:\/\/gnistan.fi\/wp-content\/uploads\/2024\/11\/gnistan-default-featured-2024-c.webp","type":"image\/webp"}],"twitter_card":"summary_large_image","twitter_site":"@ifgnistan1924","twitter_misc":{"Ber\u00e4knad l\u00e4stid":"1 minut"},"schema":{"@context":"https:\/\/schema.org","@graph":[{"@type":"WebPage","@id":"https:\/\/gnistan.fi\/gnistan-metodi\/","url":"https:\/\/gnistan.fi\/gnistan-metodi\/","name":"If Gnistan metodi - IF Gnistan","isPartOf":{"@id":"https:\/\/gnistan.fi\/#website"},"primaryImageOfPage":{"@id":"https:\/\/gnistan.fi\/gnistan-metodi\/#primaryimage"},"image":{"@id":"https:\/\/gnistan.fi\/gnistan-metodi\/#primaryimage"},"thumbnailUrl":"https:\/\/gnistan.fi\/wp-content\/uploads\/2024\/11\/gnistan-default-featured-2024-c.webp","datePublished":"2021-11-18T13:15:40+00:00","dateModified":"2025-08-11T18:49:01+00:00","breadcrumb":{"@id":"https:\/\/gnistan.fi\/gnistan-metodi\/#breadcrumb"},"inLanguage":"sv-SE","potentialAction":[{"@type":"ReadAction","target":["https:\/\/gnistan.fi\/gnistan-metodi\/"]}]},{"@type":"ImageObject","inLanguage":"sv-SE","@id":"https:\/\/gnistan.fi\/gnistan-metodi\/#primaryimage","url":"https:\/\/gnistan.fi\/wp-content\/uploads\/2024\/11\/gnistan-default-featured-2024-c.webp","contentUrl":"https:\/\/gnistan.fi\/wp-content\/uploads\/2024\/11\/gnistan-default-featured-2024-c.webp","width":1920,"height":1080},{"@type":"BreadcrumbList","@id":"https:\/\/gnistan.fi\/gnistan-metodi\/#breadcrumb","itemListElement":[{"@type":"ListItem","position":1,"name":"Etusivu","item":"https:\/\/gnistan.fi\/"},{"@type":"ListItem","position":2,"name":"If Gnistan metodi"}]},{"@type":"WebSite","@id":"https:\/\/gnistan.fi\/#website","url":"https:\/\/gnistan.fi\/","name":"IF Gnistan","description":"Viralliset sivut","publisher":{"@id":"https:\/\/gnistan.fi\/#organization"},"potentialAction":[{"@type":"SearchAction","target":{"@type":"EntryPoint","urlTemplate":"https:\/\/gnistan.fi\/?s={search_term_string}"},"query-input":{"@type":"PropertyValueSpecification","valueRequired":true,"valueName":"search_term_string"}}],"inLanguage":"sv-SE"},{"@type":"Organization","@id":"https:\/\/gnistan.fi\/#organization","name":"IF Gnistan","url":"https:\/\/gnistan.fi\/","logo":{"@type":"ImageObject","inLanguage":"sv-SE","@id":"https:\/\/gnistan.fi\/#\/schema\/logo\/image\/","url":"https:\/\/gnistan.fi\/wp-content\/uploads\/2019\/10\/if-gnistan-vector-logo.svg","contentUrl":"https:\/\/gnistan.fi\/wp-content\/uploads\/2019\/10\/if-gnistan-vector-logo.svg","width":269,"height":314,"caption":"IF Gnistan"},"image":{"@id":"https:\/\/gnistan.fi\/#\/schema\/logo\/image\/"},"sameAs":["https:\/\/facebook.com\/ifgnistan","https:\/\/x.com\/ifgnistan1924","https:\/\/instagram.com\/ifgnistan1924","https:\/\/www.linkedin.com\/company\/ifgnistan\/"]}]}},"jetpack_sharing_enabled":true,"_links":{"self":[{"href":"https:\/\/gnistan.fi\/sv\/wp-json\/wp\/v2\/pages\/20845","targetHints":{"allow":["GET"]}}],"collection":[{"href":"https:\/\/gnistan.fi\/sv\/wp-json\/wp\/v2\/pages"}],"about":[{"href":"https:\/\/gnistan.fi\/sv\/wp-json\/wp\/v2\/types\/page"}],"author":[{"embeddable":true,"href":"https:\/\/gnistan.fi\/sv\/wp-json\/wp\/v2\/users\/13"}],"replies":[{"embeddable":true,"href":"https:\/\/gnistan.fi\/sv\/wp-json\/wp\/v2\/comments?post=20845"}],"version-history":[{"count":17,"href":"https:\/\/gnistan.fi\/sv\/wp-json\/wp\/v2\/pages\/20845\/revisions"}],"predecessor-version":[{"id":41110,"href":"https:\/\/gnistan.fi\/sv\/wp-json\/wp\/v2\/pages\/20845\/revisions\/41110"}],"wp:featuredmedia":[{"embeddable":true,"href":"https:\/\/gnistan.fi\/sv\/wp-json\/wp\/v2\/media\/36703"}],"wp:attachment":[{"href":"https:\/\/gnistan.fi\/sv\/wp-json\/wp\/v2\/media?parent=20845"}],"curies":[{"name":"wp","href":"https:\/\/api.w.org\/{rel}","templated":true}]}}