{"id":20823,"date":"2021-11-09T13:21:54","date_gmt":"2021-11-09T11:21:54","guid":{"rendered":"https:\/\/gnistan.fi\/?page_id=20823"},"modified":"2026-01-20T12:29:19","modified_gmt":"2026-01-20T10:29:19","slug":"t16","status":"publish","type":"page","link":"https:\/\/gnistan.fi\/sv\/t16\/","title":{"rendered":"T2016\/2017"},"content":{"rendered":"<figure class=\"wp-block-image aligncenter size-large\"><img fetchpriority=\"high\" decoding=\"async\" width=\"1024\" height=\"683\" src=\"https:\/\/gnistan.fi\/wp-content\/uploads\/2025\/06\/T2016_17-2-1024x683.jpg\" alt=\"\" class=\"wp-image-40504\" srcset=\"https:\/\/gnistan.fi\/wp-content\/uploads\/2025\/06\/T2016_17-2-1024x683.jpg 1024w, https:\/\/gnistan.fi\/wp-content\/uploads\/2025\/06\/T2016_17-2-300x200.jpg 300w, https:\/\/gnistan.fi\/wp-content\/uploads\/2025\/06\/T2016_17-2-768x512.jpg 768w, https:\/\/gnistan.fi\/wp-content\/uploads\/2025\/06\/T2016_17-2-1536x1024.jpg 1536w, https:\/\/gnistan.fi\/wp-content\/uploads\/2025\/06\/T2016_17-2-2048x1365.jpg 2048w, https:\/\/gnistan.fi\/wp-content\/uploads\/2025\/06\/T2016_17-2-18x12.jpg 18w\" sizes=\"(max-width: 1024px) 100vw, 1024px\" \/><figcaption class=\"wp-element-caption\">T2016-17 2025<\/figcaption><\/figure>\n\n\n\n<p>Tervetuloa T2016\/17 joukkueen sivuille!<\/p>\n\n\n\n<p>Joukkue on perustettu syksyll\u00e4 2024 ja se koostuu vuonna 2016 syntyneist\u00e4 tyt\u00f6ist\u00e4. My\u00f6s 2017 syntyneet tyt\u00f6t ovat tervetulleita joukkoomme. Meid\u00e4n joukkueessa jalkapallo on hauskaa!&nbsp;T\u00e4\u00e4ll\u00e4 jokainen p\u00e4\u00e4see nauttimaan liikunnan riemusta ja oppimaan uusia taitoja leikkimielisess\u00e4 ja kannustavassa ymp\u00e4rist\u00f6ss\u00e4. Jalkapallo tarjoaa loistavan mahdollisuuden l\u00f6yt\u00e4\u00e4 uusia yst\u00e4vi\u00e4 ja kokea yhdess\u00e4 tekemisen iloa.<\/p>\n\n\n\n<p>Kiinnostaako jalkapallo harrastuksena? Otamme uusia pelaajia joukkueeseemme pitkin vuotta.\u00a0 Kokeilujaksolle on mahdollista tulla mukaan veloituksetta pariksi viikoksi ennen joukkueeseen liittymist\u00e4. Olethan yhteydess\u00e4 joukkueenjohtajiimme, kun haluatte tulla kokeilemaan joukkueeseemme. Harjoittelemme kaksi kertaa viikossa, ja treenip\u00e4iv\u00e4mme ovat t\u00e4ll\u00e4 hetkell\u00e4 maanantai ja torstai.<\/p>\n\n\n\n<p>Suosittelemme tutustumaan Gnistanin toimintaperiaatteisiin t\u00e4\u00e4lt\u00e4:&nbsp;<a rel=\"noreferrer noopener\" target=\"_blank\" href=\"https:\/\/gnistan.fi\/sv\/toimintaperiaatteemme\/\">TOIMINTAPERIAATTEEMME \u2013 IF Gnistan<\/a><\/p>\n\n\n\n<p>Lis\u00e4tietoja:<\/p>\n\n\n\n<p>Joukkueenjohtajat Anniina Hjelt ja Laura Vuorela &nbsp;<a href=\"mailto:gnistant16@gmail.com\">gnistant16@gmail.com<\/a><\/p>\n\n\n\n<p>Vastuuvalmentaja Satu Dammert<\/p>\n\n\n\n<p>Tervetuloa pelaamaan jalkapalloa hyv\u00e4ss\u00e4 seurassa!&nbsp;<\/p>","protected":false},"excerpt":{"rendered":"<p>Tervetuloa T2016\/17 joukkueen sivuille! Joukkue on perustettu syksyll\u00e4 2024 ja se koostuu vuonna 2016 syntyneist\u00e4 tyt\u00f6ist\u00e4. My\u00f6s 2017 syntyneet tyt\u00f6t ovat tervetulleita joukkoomme. Meid\u00e4n joukkueessa jalkapallo on hauskaa!&nbsp;T\u00e4\u00e4ll\u00e4 jokainen p\u00e4\u00e4see nauttimaan liikunnan riemusta ja oppimaan uusia taitoja leikkimielisess\u00e4 ja kannustavassa ymp\u00e4rist\u00f6ss\u00e4. Jalkapallo tarjoaa loistavan mahdollisuuden l\u00f6yt\u00e4\u00e4 uusia yst\u00e4vi\u00e4 ja kokea yhdess\u00e4 tekemisen iloa. Kiinnostaako jalkapallo [&hellip;]<\/p>\n","protected":false},"author":13,"featured_media":36703,"parent":0,"menu_order":0,"comment_status":"closed","ping_status":"closed","template":"","meta":{"_acf_changed":false,"footnotes":""},"class_list":["post-20823","page","type-page","status-publish","has-post-thumbnail","hentry"],"acf":[],"yoast_head":"<!-- This site is optimized with the Yoast SEO plugin v27.3 - https:\/\/yoast.com\/product\/yoast-seo-wordpress\/ -->\n<title>T2016\/2017 - IF Gnistan<\/title>\n<meta name=\"robots\" content=\"index, follow, max-snippet:-1, max-image-preview:large, max-video-preview:-1\" \/>\n<link rel=\"canonical\" href=\"https:\/\/gnistan.fi\/sv\/t16\/\" \/>\n<meta property=\"og:locale\" content=\"sv_SE\" \/>\n<meta property=\"og:type\" content=\"article\" \/>\n<meta property=\"og:title\" content=\"T2016\/2017 - IF Gnistan\" \/>\n<meta property=\"og:description\" content=\"Tervetuloa T2016\/17 joukkueen sivuille! Joukkue on perustettu syksyll\u00e4 2024 ja se koostuu vuonna 2016 syntyneist\u00e4 tyt\u00f6ist\u00e4. My\u00f6s 2017 syntyneet tyt\u00f6t ovat tervetulleita joukkoomme. Meid\u00e4n joukkueessa jalkapallo on hauskaa!&nbsp;T\u00e4\u00e4ll\u00e4 jokainen p\u00e4\u00e4see nauttimaan liikunnan riemusta ja oppimaan uusia taitoja leikkimielisess\u00e4 ja kannustavassa ymp\u00e4rist\u00f6ss\u00e4. Jalkapallo tarjoaa loistavan mahdollisuuden l\u00f6yt\u00e4\u00e4 uusia yst\u00e4vi\u00e4 ja kokea yhdess\u00e4 tekemisen iloa. Kiinnostaako jalkapallo [&hellip;]\" \/>\n<meta property=\"og:url\" content=\"https:\/\/gnistan.fi\/sv\/t16\/\" \/>\n<meta property=\"og:site_name\" content=\"IF Gnistan\" \/>\n<meta property=\"article:publisher\" content=\"https:\/\/facebook.com\/ifgnistan\" \/>\n<meta property=\"article:modified_time\" content=\"2026-01-20T10:29:19+00:00\" \/>\n<meta property=\"og:image\" content=\"https:\/\/gnistan.fi\/wp-content\/uploads\/2025\/06\/T2016_17-2-scaled.jpg\" \/>\n\t<meta property=\"og:image:width\" content=\"2560\" \/>\n\t<meta property=\"og:image:height\" content=\"1706\" \/>\n\t<meta property=\"og:image:type\" content=\"image\/jpeg\" \/>\n<meta name=\"twitter:card\" content=\"summary_large_image\" \/>\n<meta name=\"twitter:site\" content=\"@ifgnistan1924\" \/>\n<meta name=\"twitter:label1\" content=\"Ber\u00e4knad l\u00e4stid\" \/>\n\t<meta name=\"twitter:data1\" content=\"1 minut\" \/>\n<script type=\"application\/ld+json\" class=\"yoast-schema-graph\">{\"@context\":\"https:\\\/\\\/schema.org\",\"@graph\":[{\"@type\":\"WebPage\",\"@id\":\"https:\\\/\\\/gnistan.fi\\\/t16\\\/\",\"url\":\"https:\\\/\\\/gnistan.fi\\\/t16\\\/\",\"name\":\"T2016\\\/2017 - IF Gnistan\",\"isPartOf\":{\"@id\":\"https:\\\/\\\/gnistan.fi\\\/#website\"},\"primaryImageOfPage\":{\"@id\":\"https:\\\/\\\/gnistan.fi\\\/t16\\\/#primaryimage\"},\"image\":{\"@id\":\"https:\\\/\\\/gnistan.fi\\\/t16\\\/#primaryimage\"},\"thumbnailUrl\":\"https:\\\/\\\/gnistan.fi\\\/wp-content\\\/uploads\\\/2024\\\/11\\\/gnistan-default-featured-2024-c.webp\",\"datePublished\":\"2021-11-09T11:21:54+00:00\",\"dateModified\":\"2026-01-20T10:29:19+00:00\",\"breadcrumb\":{\"@id\":\"https:\\\/\\\/gnistan.fi\\\/t16\\\/#breadcrumb\"},\"inLanguage\":\"sv-SE\",\"potentialAction\":[{\"@type\":\"ReadAction\",\"target\":[\"https:\\\/\\\/gnistan.fi\\\/t16\\\/\"]}]},{\"@type\":\"ImageObject\",\"inLanguage\":\"sv-SE\",\"@id\":\"https:\\\/\\\/gnistan.fi\\\/t16\\\/#primaryimage\",\"url\":\"https:\\\/\\\/gnistan.fi\\\/wp-content\\\/uploads\\\/2024\\\/11\\\/gnistan-default-featured-2024-c.webp\",\"contentUrl\":\"https:\\\/\\\/gnistan.fi\\\/wp-content\\\/uploads\\\/2024\\\/11\\\/gnistan-default-featured-2024-c.webp\",\"width\":1920,\"height\":1080},{\"@type\":\"BreadcrumbList\",\"@id\":\"https:\\\/\\\/gnistan.fi\\\/t16\\\/#breadcrumb\",\"itemListElement\":[{\"@type\":\"ListItem\",\"position\":1,\"name\":\"Etusivu\",\"item\":\"https:\\\/\\\/gnistan.fi\\\/\"},{\"@type\":\"ListItem\",\"position\":2,\"name\":\"T2016\\\/2017\"}]},{\"@type\":\"WebSite\",\"@id\":\"https:\\\/\\\/gnistan.fi\\\/#website\",\"url\":\"https:\\\/\\\/gnistan.fi\\\/\",\"name\":\"IF Gnistan\",\"description\":\"Viralliset sivut\",\"publisher\":{\"@id\":\"https:\\\/\\\/gnistan.fi\\\/#organization\"},\"potentialAction\":[{\"@type\":\"SearchAction\",\"target\":{\"@type\":\"EntryPoint\",\"urlTemplate\":\"https:\\\/\\\/gnistan.fi\\\/?s={search_term_string}\"},\"query-input\":{\"@type\":\"PropertyValueSpecification\",\"valueRequired\":true,\"valueName\":\"search_term_string\"}}],\"inLanguage\":\"sv-SE\"},{\"@type\":\"Organization\",\"@id\":\"https:\\\/\\\/gnistan.fi\\\/#organization\",\"name\":\"IF Gnistan\",\"url\":\"https:\\\/\\\/gnistan.fi\\\/\",\"logo\":{\"@type\":\"ImageObject\",\"inLanguage\":\"sv-SE\",\"@id\":\"https:\\\/\\\/gnistan.fi\\\/#\\\/schema\\\/logo\\\/image\\\/\",\"url\":\"https:\\\/\\\/gnistan.fi\\\/wp-content\\\/uploads\\\/2019\\\/10\\\/if-gnistan-vector-logo.svg\",\"contentUrl\":\"https:\\\/\\\/gnistan.fi\\\/wp-content\\\/uploads\\\/2019\\\/10\\\/if-gnistan-vector-logo.svg\",\"width\":269,\"height\":314,\"caption\":\"IF Gnistan\"},\"image\":{\"@id\":\"https:\\\/\\\/gnistan.fi\\\/#\\\/schema\\\/logo\\\/image\\\/\"},\"sameAs\":[\"https:\\\/\\\/facebook.com\\\/ifgnistan\",\"https:\\\/\\\/x.com\\\/ifgnistan1924\",\"https:\\\/\\\/instagram.com\\\/ifgnistan1924\",\"https:\\\/\\\/www.linkedin.com\\\/company\\\/ifgnistan\\\/\"]}]}<\/script>\n<!-- \/ Yoast SEO plugin. -->","yoast_head_json":{"title":"T2016\/2017 - IF Gnistan","robots":{"index":"index","follow":"follow","max-snippet":"max-snippet:-1","max-image-preview":"max-image-preview:large","max-video-preview":"max-video-preview:-1"},"canonical":"https:\/\/gnistan.fi\/sv\/t16\/","og_locale":"sv_SE","og_type":"article","og_title":"T2016\/2017 - IF Gnistan","og_description":"Tervetuloa T2016\/17 joukkueen sivuille! Joukkue on perustettu syksyll\u00e4 2024 ja se koostuu vuonna 2016 syntyneist\u00e4 tyt\u00f6ist\u00e4. My\u00f6s 2017 syntyneet tyt\u00f6t ovat tervetulleita joukkoomme. Meid\u00e4n joukkueessa jalkapallo on hauskaa!&nbsp;T\u00e4\u00e4ll\u00e4 jokainen p\u00e4\u00e4see nauttimaan liikunnan riemusta ja oppimaan uusia taitoja leikkimielisess\u00e4 ja kannustavassa ymp\u00e4rist\u00f6ss\u00e4. Jalkapallo tarjoaa loistavan mahdollisuuden l\u00f6yt\u00e4\u00e4 uusia yst\u00e4vi\u00e4 ja kokea yhdess\u00e4 tekemisen iloa. Kiinnostaako jalkapallo [&hellip;]","og_url":"https:\/\/gnistan.fi\/sv\/t16\/","og_site_name":"IF Gnistan","article_publisher":"https:\/\/facebook.com\/ifgnistan","article_modified_time":"2026-01-20T10:29:19+00:00","og_image":[{"width":2560,"height":1706,"url":"https:\/\/gnistan.fi\/wp-content\/uploads\/2025\/06\/T2016_17-2-scaled.jpg","type":"image\/jpeg"}],"twitter_card":"summary_large_image","twitter_site":"@ifgnistan1924","twitter_misc":{"Ber\u00e4knad l\u00e4stid":"1 minut"},"schema":{"@context":"https:\/\/schema.org","@graph":[{"@type":"WebPage","@id":"https:\/\/gnistan.fi\/t16\/","url":"https:\/\/gnistan.fi\/t16\/","name":"T2016\/2017 - IF Gnistan","isPartOf":{"@id":"https:\/\/gnistan.fi\/#website"},"primaryImageOfPage":{"@id":"https:\/\/gnistan.fi\/t16\/#primaryimage"},"image":{"@id":"https:\/\/gnistan.fi\/t16\/#primaryimage"},"thumbnailUrl":"https:\/\/gnistan.fi\/wp-content\/uploads\/2024\/11\/gnistan-default-featured-2024-c.webp","datePublished":"2021-11-09T11:21:54+00:00","dateModified":"2026-01-20T10:29:19+00:00","breadcrumb":{"@id":"https:\/\/gnistan.fi\/t16\/#breadcrumb"},"inLanguage":"sv-SE","potentialAction":[{"@type":"ReadAction","target":["https:\/\/gnistan.fi\/t16\/"]}]},{"@type":"ImageObject","inLanguage":"sv-SE","@id":"https:\/\/gnistan.fi\/t16\/#primaryimage","url":"https:\/\/gnistan.fi\/wp-content\/uploads\/2024\/11\/gnistan-default-featured-2024-c.webp","contentUrl":"https:\/\/gnistan.fi\/wp-content\/uploads\/2024\/11\/gnistan-default-featured-2024-c.webp","width":1920,"height":1080},{"@type":"BreadcrumbList","@id":"https:\/\/gnistan.fi\/t16\/#breadcrumb","itemListElement":[{"@type":"ListItem","position":1,"name":"Etusivu","item":"https:\/\/gnistan.fi\/"},{"@type":"ListItem","position":2,"name":"T2016\/2017"}]},{"@type":"WebSite","@id":"https:\/\/gnistan.fi\/#website","url":"https:\/\/gnistan.fi\/","name":"IF Gnistan","description":"Viralliset sivut","publisher":{"@id":"https:\/\/gnistan.fi\/#organization"},"potentialAction":[{"@type":"SearchAction","target":{"@type":"EntryPoint","urlTemplate":"https:\/\/gnistan.fi\/?s={search_term_string}"},"query-input":{"@type":"PropertyValueSpecification","valueRequired":true,"valueName":"search_term_string"}}],"inLanguage":"sv-SE"},{"@type":"Organization","@id":"https:\/\/gnistan.fi\/#organization","name":"IF Gnistan","url":"https:\/\/gnistan.fi\/","logo":{"@type":"ImageObject","inLanguage":"sv-SE","@id":"https:\/\/gnistan.fi\/#\/schema\/logo\/image\/","url":"https:\/\/gnistan.fi\/wp-content\/uploads\/2019\/10\/if-gnistan-vector-logo.svg","contentUrl":"https:\/\/gnistan.fi\/wp-content\/uploads\/2019\/10\/if-gnistan-vector-logo.svg","width":269,"height":314,"caption":"IF Gnistan"},"image":{"@id":"https:\/\/gnistan.fi\/#\/schema\/logo\/image\/"},"sameAs":["https:\/\/facebook.com\/ifgnistan","https:\/\/x.com\/ifgnistan1924","https:\/\/instagram.com\/ifgnistan1924","https:\/\/www.linkedin.com\/company\/ifgnistan\/"]}]}},"jetpack_sharing_enabled":true,"_links":{"self":[{"href":"https:\/\/gnistan.fi\/sv\/wp-json\/wp\/v2\/pages\/20823","targetHints":{"allow":["GET"]}}],"collection":[{"href":"https:\/\/gnistan.fi\/sv\/wp-json\/wp\/v2\/pages"}],"about":[{"href":"https:\/\/gnistan.fi\/sv\/wp-json\/wp\/v2\/types\/page"}],"author":[{"embeddable":true,"href":"https:\/\/gnistan.fi\/sv\/wp-json\/wp\/v2\/users\/13"}],"replies":[{"embeddable":true,"href":"https:\/\/gnistan.fi\/sv\/wp-json\/wp\/v2\/comments?post=20823"}],"version-history":[{"count":16,"href":"https:\/\/gnistan.fi\/sv\/wp-json\/wp\/v2\/pages\/20823\/revisions"}],"predecessor-version":[{"id":43726,"href":"https:\/\/gnistan.fi\/sv\/wp-json\/wp\/v2\/pages\/20823\/revisions\/43726"}],"wp:featuredmedia":[{"embeddable":true,"href":"https:\/\/gnistan.fi\/sv\/wp-json\/wp\/v2\/media\/36703"}],"wp:attachment":[{"href":"https:\/\/gnistan.fi\/sv\/wp-json\/wp\/v2\/media?parent=20823"}],"curies":[{"name":"wp","href":"https:\/\/api.w.org\/{rel}","templated":true}]}}