{"id":20820,"date":"2021-11-09T13:15:05","date_gmt":"2021-11-09T11:15:05","guid":{"rendered":"https:\/\/gnistan.fi\/?page_id=20820"},"modified":"2026-03-02T16:06:32","modified_gmt":"2026-03-02T14:06:32","slug":"p16","status":"publish","type":"page","link":"https:\/\/gnistan.fi\/sv\/p16\/","title":{"rendered":"P2016"},"content":{"rendered":"<figure class=\"wp-block-image aligncenter size-large\"><img fetchpriority=\"high\" decoding=\"async\" width=\"1024\" height=\"555\" src=\"https:\/\/gnistan.fi\/wp-content\/uploads\/2025\/06\/P2016_keltainen-1024x555.jpg\" alt=\"\" class=\"wp-image-40481\" srcset=\"https:\/\/gnistan.fi\/wp-content\/uploads\/2025\/06\/P2016_keltainen-1024x555.jpg 1024w, https:\/\/gnistan.fi\/wp-content\/uploads\/2025\/06\/P2016_keltainen-300x162.jpg 300w, https:\/\/gnistan.fi\/wp-content\/uploads\/2025\/06\/P2016_keltainen-768x416.jpg 768w, https:\/\/gnistan.fi\/wp-content\/uploads\/2025\/06\/P2016_keltainen-1536x832.jpg 1536w, https:\/\/gnistan.fi\/wp-content\/uploads\/2025\/06\/P2016_keltainen-2048x1109.jpg 2048w, https:\/\/gnistan.fi\/wp-content\/uploads\/2025\/06\/P2016_keltainen-18x10.jpg 18w\" sizes=\"(max-width: 1024px) 100vw, 1024px\" \/><figcaption class=\"wp-element-caption\">P2016 Keltainen 2025<\/figcaption><\/figure>\n\n\n\n<figure class=\"wp-block-image aligncenter size-large\"><img decoding=\"async\" width=\"1024\" height=\"683\" src=\"https:\/\/gnistan.fi\/wp-content\/uploads\/2025\/06\/P2016_sininen-1024x683.jpg\" alt=\"\" class=\"wp-image-40483\" srcset=\"https:\/\/gnistan.fi\/wp-content\/uploads\/2025\/06\/P2016_sininen-1024x683.jpg 1024w, https:\/\/gnistan.fi\/wp-content\/uploads\/2025\/06\/P2016_sininen-300x200.jpg 300w, https:\/\/gnistan.fi\/wp-content\/uploads\/2025\/06\/P2016_sininen-768x512.jpg 768w, https:\/\/gnistan.fi\/wp-content\/uploads\/2025\/06\/P2016_sininen-1536x1024.jpg 1536w, https:\/\/gnistan.fi\/wp-content\/uploads\/2025\/06\/P2016_sininen-2048x1366.jpg 2048w, https:\/\/gnistan.fi\/wp-content\/uploads\/2025\/06\/P2016_sininen-18x12.jpg 18w\" sizes=\"(max-width: 1024px) 100vw, 1024px\" \/><figcaption class=\"wp-element-caption\">P2016 Sininen 2025<\/figcaption><\/figure>\n\n\n\n<p> Tervetuloa P2016-joukkueiden sivuille!<\/p>\n\n\n\n<p>P2016-ik\u00e4luokassa on kolme joukkuetta: Kilpa 1, Kilpa 2 ja Haaste. Tavoitteena on tarjota jokaiselle treenej\u00e4 ja pelej\u00e4 itselle parhaiten sopivalla tasolla, niin pidemp\u00e4\u00e4n pelanneille kuin vasta aloittaneillekin pelaajille. Jokaiselle annetaan mahdollisuus kehitty\u00e4 omassa tahdissa ja omantasoisessa seurassa kohti omaa huippua. Ik\u00e4luokassamme pelataan piirisarjaa monella eri tasolla, ja osallistumme turnauksiin. My\u00f6s harjoituspelej\u00e4 pelaamme mielell\u00e4mme. Joukkueidemme harjoitusajat ja lis\u00e4tiedot toiminnastamme saatte joukkueenjohtajiltamme. Uudet pelaajat ovat tervetulleita, jos joukkueissa on tilaa.<\/p>\n\n\n\n<p>Jos lapsi haluaisi tulla kokeilemaan joukkueen treeneihin, otathan ennen ensimm\u00e4isi\u00e4 treenej\u00e4 yhteytt\u00e4 Gnistan P2016 Haasteen joukkueenjohtajaan. Kaksi viikkoa voi kokeilla maksutta, jos joukkueessa on tilaa.<\/p>\n\n\n\n<p>Joukkueidemme edesottamuksia voi seurata Instagramissa: @gnistanp2016<\/p>\n\n\n\n<p><\/p>\n\n\n\n<p><strong>Lis\u00e4tietoja:<\/strong><\/p>\n\n\n\n<p>Gnistan P2016 Kilpa 1<br>Joukkueenjohtajat Salla Ranta ja Marjo Rakuuna<br>gnistanp16@gmail.com<br>Vastuuvalmentaja Mohaiman Abdilamir<\/p>\n\n\n\n<p>Gnistan P2016 Kilpa 2<br>Joukkueenjohtajat Jari Kaarre &amp; Peter Kanerva<br>gnistanp2016k2@gmail.com<br>Vastuuvalmentaja Miia Kauppinen<\/p>\n\n\n\n<p>Gnistan P2016 Haaste<br>Joukkueenjohtajat Mirjami Kerojoki ja Jaana Gr\u00f6nlund<br>gnistanp2016sininen@gmail.com<br>Vastuuvalmentaja Markku Mutanen<\/p>","protected":false},"excerpt":{"rendered":"<p>Tervetuloa P2016-joukkueiden sivuille! P2016-ik\u00e4luokassa on kolme joukkuetta: Kilpa 1, Kilpa 2 ja Haaste. Tavoitteena on tarjota jokaiselle treenej\u00e4 ja pelej\u00e4 itselle parhaiten sopivalla tasolla, niin pidemp\u00e4\u00e4n pelanneille kuin vasta aloittaneillekin pelaajille. Jokaiselle annetaan mahdollisuus kehitty\u00e4 omassa tahdissa ja omantasoisessa seurassa kohti omaa huippua. Ik\u00e4luokassamme pelataan piirisarjaa monella eri tasolla, ja osallistumme turnauksiin. My\u00f6s harjoituspelej\u00e4 pelaamme [&hellip;]<\/p>\n","protected":false},"author":13,"featured_media":36703,"parent":0,"menu_order":0,"comment_status":"closed","ping_status":"closed","template":"","meta":{"_acf_changed":false,"footnotes":""},"class_list":["post-20820","page","type-page","status-publish","has-post-thumbnail","hentry"],"acf":[],"yoast_head":"<!-- This site is optimized with the Yoast SEO plugin v27.3 - https:\/\/yoast.com\/product\/yoast-seo-wordpress\/ -->\n<title>P2016 - IF Gnistan<\/title>\n<meta name=\"robots\" content=\"index, follow, max-snippet:-1, max-image-preview:large, max-video-preview:-1\" \/>\n<link rel=\"canonical\" href=\"https:\/\/gnistan.fi\/sv\/p16\/\" \/>\n<meta property=\"og:locale\" content=\"sv_SE\" \/>\n<meta property=\"og:type\" content=\"article\" \/>\n<meta property=\"og:title\" content=\"P2016 - IF Gnistan\" \/>\n<meta property=\"og:description\" content=\"Tervetuloa P2016-joukkueiden sivuille! P2016-ik\u00e4luokassa on kolme joukkuetta: Kilpa 1, Kilpa 2 ja Haaste. Tavoitteena on tarjota jokaiselle treenej\u00e4 ja pelej\u00e4 itselle parhaiten sopivalla tasolla, niin pidemp\u00e4\u00e4n pelanneille kuin vasta aloittaneillekin pelaajille. Jokaiselle annetaan mahdollisuus kehitty\u00e4 omassa tahdissa ja omantasoisessa seurassa kohti omaa huippua. Ik\u00e4luokassamme pelataan piirisarjaa monella eri tasolla, ja osallistumme turnauksiin. My\u00f6s harjoituspelej\u00e4 pelaamme [&hellip;]\" \/>\n<meta property=\"og:url\" content=\"https:\/\/gnistan.fi\/sv\/p16\/\" \/>\n<meta property=\"og:site_name\" content=\"IF Gnistan\" \/>\n<meta property=\"article:publisher\" content=\"https:\/\/facebook.com\/ifgnistan\" \/>\n<meta property=\"article:modified_time\" content=\"2026-03-02T14:06:32+00:00\" \/>\n<meta property=\"og:image\" content=\"https:\/\/gnistan.fi\/wp-content\/uploads\/2025\/06\/P2016_keltainen-scaled.jpg\" \/>\n\t<meta property=\"og:image:width\" content=\"2560\" \/>\n\t<meta property=\"og:image:height\" content=\"1386\" \/>\n\t<meta property=\"og:image:type\" content=\"image\/jpeg\" \/>\n<meta name=\"twitter:card\" content=\"summary_large_image\" \/>\n<meta name=\"twitter:site\" content=\"@ifgnistan1924\" \/>\n<meta name=\"twitter:label1\" content=\"Ber\u00e4knad l\u00e4stid\" \/>\n\t<meta name=\"twitter:data1\" content=\"2 minuter\" \/>\n<script type=\"application\/ld+json\" class=\"yoast-schema-graph\">{\"@context\":\"https:\\\/\\\/schema.org\",\"@graph\":[{\"@type\":\"WebPage\",\"@id\":\"https:\\\/\\\/gnistan.fi\\\/p16\\\/\",\"url\":\"https:\\\/\\\/gnistan.fi\\\/p16\\\/\",\"name\":\"P2016 - IF Gnistan\",\"isPartOf\":{\"@id\":\"https:\\\/\\\/gnistan.fi\\\/#website\"},\"primaryImageOfPage\":{\"@id\":\"https:\\\/\\\/gnistan.fi\\\/p16\\\/#primaryimage\"},\"image\":{\"@id\":\"https:\\\/\\\/gnistan.fi\\\/p16\\\/#primaryimage\"},\"thumbnailUrl\":\"https:\\\/\\\/gnistan.fi\\\/wp-content\\\/uploads\\\/2024\\\/11\\\/gnistan-default-featured-2024-c.webp\",\"datePublished\":\"2021-11-09T11:15:05+00:00\",\"dateModified\":\"2026-03-02T14:06:32+00:00\",\"breadcrumb\":{\"@id\":\"https:\\\/\\\/gnistan.fi\\\/p16\\\/#breadcrumb\"},\"inLanguage\":\"sv-SE\",\"potentialAction\":[{\"@type\":\"ReadAction\",\"target\":[\"https:\\\/\\\/gnistan.fi\\\/p16\\\/\"]}]},{\"@type\":\"ImageObject\",\"inLanguage\":\"sv-SE\",\"@id\":\"https:\\\/\\\/gnistan.fi\\\/p16\\\/#primaryimage\",\"url\":\"https:\\\/\\\/gnistan.fi\\\/wp-content\\\/uploads\\\/2024\\\/11\\\/gnistan-default-featured-2024-c.webp\",\"contentUrl\":\"https:\\\/\\\/gnistan.fi\\\/wp-content\\\/uploads\\\/2024\\\/11\\\/gnistan-default-featured-2024-c.webp\",\"width\":1920,\"height\":1080},{\"@type\":\"BreadcrumbList\",\"@id\":\"https:\\\/\\\/gnistan.fi\\\/p16\\\/#breadcrumb\",\"itemListElement\":[{\"@type\":\"ListItem\",\"position\":1,\"name\":\"Etusivu\",\"item\":\"https:\\\/\\\/gnistan.fi\\\/\"},{\"@type\":\"ListItem\",\"position\":2,\"name\":\"P2016\"}]},{\"@type\":\"WebSite\",\"@id\":\"https:\\\/\\\/gnistan.fi\\\/#website\",\"url\":\"https:\\\/\\\/gnistan.fi\\\/\",\"name\":\"IF Gnistan\",\"description\":\"Viralliset sivut\",\"publisher\":{\"@id\":\"https:\\\/\\\/gnistan.fi\\\/#organization\"},\"potentialAction\":[{\"@type\":\"SearchAction\",\"target\":{\"@type\":\"EntryPoint\",\"urlTemplate\":\"https:\\\/\\\/gnistan.fi\\\/?s={search_term_string}\"},\"query-input\":{\"@type\":\"PropertyValueSpecification\",\"valueRequired\":true,\"valueName\":\"search_term_string\"}}],\"inLanguage\":\"sv-SE\"},{\"@type\":\"Organization\",\"@id\":\"https:\\\/\\\/gnistan.fi\\\/#organization\",\"name\":\"IF Gnistan\",\"url\":\"https:\\\/\\\/gnistan.fi\\\/\",\"logo\":{\"@type\":\"ImageObject\",\"inLanguage\":\"sv-SE\",\"@id\":\"https:\\\/\\\/gnistan.fi\\\/#\\\/schema\\\/logo\\\/image\\\/\",\"url\":\"https:\\\/\\\/gnistan.fi\\\/wp-content\\\/uploads\\\/2019\\\/10\\\/if-gnistan-vector-logo.svg\",\"contentUrl\":\"https:\\\/\\\/gnistan.fi\\\/wp-content\\\/uploads\\\/2019\\\/10\\\/if-gnistan-vector-logo.svg\",\"width\":269,\"height\":314,\"caption\":\"IF Gnistan\"},\"image\":{\"@id\":\"https:\\\/\\\/gnistan.fi\\\/#\\\/schema\\\/logo\\\/image\\\/\"},\"sameAs\":[\"https:\\\/\\\/facebook.com\\\/ifgnistan\",\"https:\\\/\\\/x.com\\\/ifgnistan1924\",\"https:\\\/\\\/instagram.com\\\/ifgnistan1924\",\"https:\\\/\\\/www.linkedin.com\\\/company\\\/ifgnistan\\\/\"]}]}<\/script>\n<!-- \/ Yoast SEO plugin. -->","yoast_head_json":{"title":"P2016 - IF Gnistan","robots":{"index":"index","follow":"follow","max-snippet":"max-snippet:-1","max-image-preview":"max-image-preview:large","max-video-preview":"max-video-preview:-1"},"canonical":"https:\/\/gnistan.fi\/sv\/p16\/","og_locale":"sv_SE","og_type":"article","og_title":"P2016 - IF Gnistan","og_description":"Tervetuloa P2016-joukkueiden sivuille! P2016-ik\u00e4luokassa on kolme joukkuetta: Kilpa 1, Kilpa 2 ja Haaste. Tavoitteena on tarjota jokaiselle treenej\u00e4 ja pelej\u00e4 itselle parhaiten sopivalla tasolla, niin pidemp\u00e4\u00e4n pelanneille kuin vasta aloittaneillekin pelaajille. Jokaiselle annetaan mahdollisuus kehitty\u00e4 omassa tahdissa ja omantasoisessa seurassa kohti omaa huippua. Ik\u00e4luokassamme pelataan piirisarjaa monella eri tasolla, ja osallistumme turnauksiin. My\u00f6s harjoituspelej\u00e4 pelaamme [&hellip;]","og_url":"https:\/\/gnistan.fi\/sv\/p16\/","og_site_name":"IF Gnistan","article_publisher":"https:\/\/facebook.com\/ifgnistan","article_modified_time":"2026-03-02T14:06:32+00:00","og_image":[{"width":2560,"height":1386,"url":"https:\/\/gnistan.fi\/wp-content\/uploads\/2025\/06\/P2016_keltainen-scaled.jpg","type":"image\/jpeg"}],"twitter_card":"summary_large_image","twitter_site":"@ifgnistan1924","twitter_misc":{"Ber\u00e4knad l\u00e4stid":"2 minuter"},"schema":{"@context":"https:\/\/schema.org","@graph":[{"@type":"WebPage","@id":"https:\/\/gnistan.fi\/p16\/","url":"https:\/\/gnistan.fi\/p16\/","name":"P2016 - IF Gnistan","isPartOf":{"@id":"https:\/\/gnistan.fi\/#website"},"primaryImageOfPage":{"@id":"https:\/\/gnistan.fi\/p16\/#primaryimage"},"image":{"@id":"https:\/\/gnistan.fi\/p16\/#primaryimage"},"thumbnailUrl":"https:\/\/gnistan.fi\/wp-content\/uploads\/2024\/11\/gnistan-default-featured-2024-c.webp","datePublished":"2021-11-09T11:15:05+00:00","dateModified":"2026-03-02T14:06:32+00:00","breadcrumb":{"@id":"https:\/\/gnistan.fi\/p16\/#breadcrumb"},"inLanguage":"sv-SE","potentialAction":[{"@type":"ReadAction","target":["https:\/\/gnistan.fi\/p16\/"]}]},{"@type":"ImageObject","inLanguage":"sv-SE","@id":"https:\/\/gnistan.fi\/p16\/#primaryimage","url":"https:\/\/gnistan.fi\/wp-content\/uploads\/2024\/11\/gnistan-default-featured-2024-c.webp","contentUrl":"https:\/\/gnistan.fi\/wp-content\/uploads\/2024\/11\/gnistan-default-featured-2024-c.webp","width":1920,"height":1080},{"@type":"BreadcrumbList","@id":"https:\/\/gnistan.fi\/p16\/#breadcrumb","itemListElement":[{"@type":"ListItem","position":1,"name":"Etusivu","item":"https:\/\/gnistan.fi\/"},{"@type":"ListItem","position":2,"name":"P2016"}]},{"@type":"WebSite","@id":"https:\/\/gnistan.fi\/#website","url":"https:\/\/gnistan.fi\/","name":"IF Gnistan","description":"Viralliset sivut","publisher":{"@id":"https:\/\/gnistan.fi\/#organization"},"potentialAction":[{"@type":"SearchAction","target":{"@type":"EntryPoint","urlTemplate":"https:\/\/gnistan.fi\/?s={search_term_string}"},"query-input":{"@type":"PropertyValueSpecification","valueRequired":true,"valueName":"search_term_string"}}],"inLanguage":"sv-SE"},{"@type":"Organization","@id":"https:\/\/gnistan.fi\/#organization","name":"IF Gnistan","url":"https:\/\/gnistan.fi\/","logo":{"@type":"ImageObject","inLanguage":"sv-SE","@id":"https:\/\/gnistan.fi\/#\/schema\/logo\/image\/","url":"https:\/\/gnistan.fi\/wp-content\/uploads\/2019\/10\/if-gnistan-vector-logo.svg","contentUrl":"https:\/\/gnistan.fi\/wp-content\/uploads\/2019\/10\/if-gnistan-vector-logo.svg","width":269,"height":314,"caption":"IF Gnistan"},"image":{"@id":"https:\/\/gnistan.fi\/#\/schema\/logo\/image\/"},"sameAs":["https:\/\/facebook.com\/ifgnistan","https:\/\/x.com\/ifgnistan1924","https:\/\/instagram.com\/ifgnistan1924","https:\/\/www.linkedin.com\/company\/ifgnistan\/"]}]}},"jetpack_sharing_enabled":true,"_links":{"self":[{"href":"https:\/\/gnistan.fi\/sv\/wp-json\/wp\/v2\/pages\/20820","targetHints":{"allow":["GET"]}}],"collection":[{"href":"https:\/\/gnistan.fi\/sv\/wp-json\/wp\/v2\/pages"}],"about":[{"href":"https:\/\/gnistan.fi\/sv\/wp-json\/wp\/v2\/types\/page"}],"author":[{"embeddable":true,"href":"https:\/\/gnistan.fi\/sv\/wp-json\/wp\/v2\/users\/13"}],"replies":[{"embeddable":true,"href":"https:\/\/gnistan.fi\/sv\/wp-json\/wp\/v2\/comments?post=20820"}],"version-history":[{"count":20,"href":"https:\/\/gnistan.fi\/sv\/wp-json\/wp\/v2\/pages\/20820\/revisions"}],"predecessor-version":[{"id":44299,"href":"https:\/\/gnistan.fi\/sv\/wp-json\/wp\/v2\/pages\/20820\/revisions\/44299"}],"wp:featuredmedia":[{"embeddable":true,"href":"https:\/\/gnistan.fi\/sv\/wp-json\/wp\/v2\/media\/36703"}],"wp:attachment":[{"href":"https:\/\/gnistan.fi\/sv\/wp-json\/wp\/v2\/media?parent=20820"}],"curies":[{"name":"wp","href":"https:\/\/api.w.org\/{rel}","templated":true}]}}