{"id":20679,"date":"2021-11-01T10:43:58","date_gmt":"2021-11-01T08:43:58","guid":{"rendered":"https:\/\/gnistan.fi\/?page_id=20679"},"modified":"2026-04-14T13:05:27","modified_gmt":"2026-04-14T10:05:27","slug":"matchbiljetter","status":"publish","type":"page","link":"https:\/\/gnistan.fi\/sv\/matsiliput\/","title":{"rendered":"Matchbiljetter"},"content":{"rendered":"<figure class=\"wp-block-image size-large\"><img fetchpriority=\"high\" decoding=\"async\" width=\"1024\" height=\"576\" src=\"https:\/\/gnistan.fi\/wp-content\/uploads\/2026\/03\/WhatsApp-Image-2026-03-16-at-11.23.08-1024x576.jpeg\" alt=\"\" class=\"wp-image-44464\" srcset=\"https:\/\/gnistan.fi\/wp-content\/uploads\/2026\/03\/WhatsApp-Image-2026-03-16-at-11.23.08-1024x576.jpeg 1024w, https:\/\/gnistan.fi\/wp-content\/uploads\/2026\/03\/WhatsApp-Image-2026-03-16-at-11.23.08-300x169.jpeg 300w, https:\/\/gnistan.fi\/wp-content\/uploads\/2026\/03\/WhatsApp-Image-2026-03-16-at-11.23.08-768x432.jpeg 768w, https:\/\/gnistan.fi\/wp-content\/uploads\/2026\/03\/WhatsApp-Image-2026-03-16-at-11.23.08-1536x864.jpeg 1536w, https:\/\/gnistan.fi\/wp-content\/uploads\/2026\/03\/WhatsApp-Image-2026-03-16-at-11.23.08-18x10.jpeg 18w, https:\/\/gnistan.fi\/wp-content\/uploads\/2026\/03\/WhatsApp-Image-2026-03-16-at-11.23.08.jpeg 1600w\" sizes=\"(max-width: 1024px) 100vw, 1024px\" \/><\/figure>\n\n\n\n<h2 class=\"wp-block-heading\">Irtoliput<strong> kaudelle 2026 ovat nyt myynniss\u00e4!<\/strong><\/h2>\n\n\n\n<p>IF Gnistanin irtolipunmyynti tulevan kauden kotiotteluihin on nyt k\u00e4ynnistynyt.<\/p>\n\n\n\n<h3 class=\"wp-block-heading\"><strong>Veikkausliiga<\/strong><\/h3>\n\n\n\n<p>Tulevalla Veikkausliigakaudella hintatyyppej\u00e4 on enemm\u00e4n kuin koskaan aiemmin, ja otteluun p\u00e4\u00e4see my\u00f6s entist\u00e4 edullisemmin.<br>Aikuisten liput alkavat 15 eurosta ja aleryhmien liput 9 eurosta.<\/p>\n\n\n\n<p>Suosittelemme ostamaan liput ennakkoon osoitteesta gnistan.tmtickets.fi. Samasta osoitteesta l\u00f6ytyv\u00e4t my\u00f6s tarkemmat tiedot eri hintatyypeist\u00e4.<\/p>\n\n\n\n<h3 class=\"wp-block-heading\"><strong>Historiallinen ensimm\u00e4inen kausi Kansallisessa Liigassa<\/strong><\/h3>\n\n\n\n<p>IF Gnistan pelaa t\u00e4n\u00e4 vuonna historiansa ensimm\u00e4isen kauden Kansallisessa Liigassa. Naisten otteluiden liput ovat eritt\u00e4in edullisia:<\/p>\n\n\n\n<ul class=\"wp-block-list\">\n<li>Aikuiset: 8 \u20ac<\/li>\n\n\n\n<li>Aleryhm\u00e4t (opiskelijat, 15\u201317-vuotiaat, varusmiehet, ty\u00f6tt\u00f6m\u00e4t ja el\u00e4kel\u00e4iset): 6 \u20ac<\/li>\n\n\n\n<li>Lapset (7\u201315 v): 4 \u20ac<\/li>\n\n\n\n<li>Alle 7-vuotiaat: 1 \u20ac<\/li>\n\n\n\n<li>Naisten otteluihin on myynniss\u00e4 my\u00f6s edullisia joukkuelippuja. Paketti sis\u00e4lt\u00e4\u00e4 16 pelaajaa ja 4 aikuista hintaan 49 \u20ac.<\/li>\n<\/ul>\n\n\n\n<p><\/p>\n\n\n\n<p>Lis\u00e4ksi niin sanotuissa superotteluissa, joissa miehet pelaavat Veikkausliigaottelun samana p\u00e4iv\u00e4n\u00e4, naisten otteluun p\u00e4\u00e4see ilmaiseksi ostamalla lipun miesten peliin.<\/p>\n\n\n\n<h3 class=\"wp-block-heading\"><strong>Superottelut<\/strong><\/h3>\n\n\n\n<p>4.4.<\/p>\n\n\n\n<ul class=\"wp-block-list\">\n<li>Kansallinen Liiga: Gnistan \u2013 HPS klo 14.00<\/li>\n\n\n\n<li>Veikkausliiga: Gnistan \u2013 AC Oulu klo 19.00<\/li>\n<\/ul>\n\n\n\n<p><\/p>\n\n\n\n<p>27.6.<\/p>\n\n\n\n<ul class=\"wp-block-list\">\n<li>Kansallinen Liiga: Gnistan \u2013 PK-35 Vantaa klo 15.00<\/li>\n\n\n\n<li>Veikkausliiga: Gnistan \u2013 VPS klo 19.00<\/li>\n<\/ul>\n\n\n\n<p><\/p>\n\n\n\n<h3 class=\"wp-block-heading\">Lipunmyynti ottelup\u00e4iv\u00e4n\u00e4<\/h3>\n\n\n\n<p>Veikkausliigaotteluissa ovelta ostettuihin lippuihin lis\u00e4t\u00e4\u00e4n 5 \u20ac palvelulis\u00e4.<br>Kansallisen Liigan otteluissa ovimyynti\u00e4 ei ole.<\/p>\n\n\n\n<h3 class=\"wp-block-heading\">Kausikortit ovat edelleen myynniss\u00e4!<\/h3>\n\n\n\n<p>My\u00f6s kausikortit ovat edelleen saatavilla. Kausikortit sek\u00e4 yksitt\u00e4iset otteluliput voi ostaa osoitteesta <a href=\"https:\/\/gnistan.tmtickets.fi\/\" type=\"link\" id=\"https:\/\/gnistan.tmtickets.fi\/\">gnistan.tmtickets.fi<\/a>.<\/p>\n\n\n\n<div class=\"wp-block-button aligncenter gnappi\"><a class=\"wp-block-button__link has-text-color has-background wp-element-button\" href=\"https:\/\/gnistan.tmtickets.fi\/\" style=\"color:#fce600;background-color:#0033a0\">K\u00f6p nu!<\/a><\/div>\n\n\n\n<p>Kausarit voit ostaa <strong><a href=\"https:\/\/gnistan.tmtickets.fi\/\">T\u00c4\u00c4LT\u00c4!<\/a><\/strong><\/p>\n\n\n\n<p>Veikkausliigan ehdot l\u00f6yd\u00e4t <a href=\"https:\/\/www.veikkausliiga.com\/veikkausliiga\/ehdot\"><strong>t\u00e4\u00e4lt\u00e4.<\/strong><\/a><\/p>\n\n\n\n<p><\/p>","protected":false},"excerpt":{"rendered":"<p>Irtoliput kaudelle 2026 ovat nyt myynniss\u00e4! IF Gnistanin irtolipunmyynti tulevan kauden kotiotteluihin on nyt k\u00e4ynnistynyt. Veikkausliiga Tulevalla Veikkausliigakaudella hintatyyppej\u00e4 on enemm\u00e4n kuin koskaan aiemmin, ja otteluun p\u00e4\u00e4see my\u00f6s entist\u00e4 edullisemmin.Aikuisten liput alkavat 15 eurosta ja aleryhmien liput 9 eurosta. Suosittelemme ostamaan liput ennakkoon osoitteesta gnistan.tmtickets.fi. Samasta osoitteesta l\u00f6ytyv\u00e4t my\u00f6s tarkemmat tiedot eri hintatyypeist\u00e4. Historiallinen ensimm\u00e4inen [&hellip;]<\/p>\n","protected":false},"author":4,"featured_media":17500,"parent":0,"menu_order":0,"comment_status":"closed","ping_status":"closed","template":"","meta":{"_acf_changed":false,"footnotes":""},"class_list":["post-20679","page","type-page","status-publish","has-post-thumbnail","hentry"],"acf":[],"yoast_head":"<!-- This site is optimized with the Yoast SEO plugin v27.3 - https:\/\/yoast.com\/product\/yoast-seo-wordpress\/ -->\n<title>Matsiliput - IF Gnistan<\/title>\n<meta name=\"robots\" content=\"index, follow, max-snippet:-1, max-image-preview:large, max-video-preview:-1\" \/>\n<link rel=\"canonical\" href=\"https:\/\/gnistan.fi\/sv\/matchbiljetter\/\" \/>\n<meta property=\"og:locale\" content=\"sv_SE\" \/>\n<meta property=\"og:type\" content=\"article\" \/>\n<meta property=\"og:title\" content=\"Matsiliput - IF Gnistan\" \/>\n<meta property=\"og:description\" content=\"Irtoliput kaudelle 2026 ovat nyt myynniss\u00e4! IF Gnistanin irtolipunmyynti tulevan kauden kotiotteluihin on nyt k\u00e4ynnistynyt. Veikkausliiga Tulevalla Veikkausliigakaudella hintatyyppej\u00e4 on enemm\u00e4n kuin koskaan aiemmin, ja otteluun p\u00e4\u00e4see my\u00f6s entist\u00e4 edullisemmin.Aikuisten liput alkavat 15 eurosta ja aleryhmien liput 9 eurosta. Suosittelemme ostamaan liput ennakkoon osoitteesta gnistan.tmtickets.fi. Samasta osoitteesta l\u00f6ytyv\u00e4t my\u00f6s tarkemmat tiedot eri hintatyypeist\u00e4. Historiallinen ensimm\u00e4inen [&hellip;]\" \/>\n<meta property=\"og:url\" content=\"https:\/\/gnistan.fi\/sv\/matchbiljetter\/\" \/>\n<meta property=\"og:site_name\" content=\"IF Gnistan\" \/>\n<meta property=\"article:publisher\" content=\"https:\/\/facebook.com\/ifgnistan\" \/>\n<meta property=\"article:modified_time\" content=\"2026-04-14T10:05:27+00:00\" \/>\n<meta property=\"og:image\" content=\"https:\/\/gnistan.fi\/wp-content\/uploads\/2020\/12\/Gnistan-MP-0-1-miesten-ykko\u0308nen-6.8.2020-29-of-77.jpg\" \/>\n\t<meta property=\"og:image:width\" content=\"2048\" \/>\n\t<meta property=\"og:image:height\" content=\"1365\" \/>\n\t<meta property=\"og:image:type\" content=\"image\/jpeg\" \/>\n<meta name=\"twitter:card\" content=\"summary_large_image\" \/>\n<meta name=\"twitter:site\" content=\"@ifgnistan1924\" \/>\n<meta name=\"twitter:label1\" content=\"Ber\u00e4knad l\u00e4stid\" \/>\n\t<meta name=\"twitter:data1\" content=\"2 minuter\" \/>\n<script type=\"application\/ld+json\" class=\"yoast-schema-graph\">{\"@context\":\"https:\\\/\\\/schema.org\",\"@graph\":[{\"@type\":\"WebPage\",\"@id\":\"https:\\\/\\\/gnistan.fi\\\/matsiliput\\\/\",\"url\":\"https:\\\/\\\/gnistan.fi\\\/matsiliput\\\/\",\"name\":\"Matsiliput - IF Gnistan\",\"isPartOf\":{\"@id\":\"https:\\\/\\\/gnistan.fi\\\/#website\"},\"primaryImageOfPage\":{\"@id\":\"https:\\\/\\\/gnistan.fi\\\/matsiliput\\\/#primaryimage\"},\"image\":{\"@id\":\"https:\\\/\\\/gnistan.fi\\\/matsiliput\\\/#primaryimage\"},\"thumbnailUrl\":\"https:\\\/\\\/gnistan.fi\\\/wp-content\\\/uploads\\\/2020\\\/12\\\/Gnistan-MP-0-1-miesten-ykko\u0308nen-6.8.2020-29-of-77.jpg\",\"datePublished\":\"2021-11-01T08:43:58+00:00\",\"dateModified\":\"2026-04-14T10:05:27+00:00\",\"breadcrumb\":{\"@id\":\"https:\\\/\\\/gnistan.fi\\\/matsiliput\\\/#breadcrumb\"},\"inLanguage\":\"sv-SE\",\"potentialAction\":[{\"@type\":\"ReadAction\",\"target\":[\"https:\\\/\\\/gnistan.fi\\\/matsiliput\\\/\"]}]},{\"@type\":\"ImageObject\",\"inLanguage\":\"sv-SE\",\"@id\":\"https:\\\/\\\/gnistan.fi\\\/matsiliput\\\/#primaryimage\",\"url\":\"https:\\\/\\\/gnistan.fi\\\/wp-content\\\/uploads\\\/2020\\\/12\\\/Gnistan-MP-0-1-miesten-ykko\u0308nen-6.8.2020-29-of-77.jpg\",\"contentUrl\":\"https:\\\/\\\/gnistan.fi\\\/wp-content\\\/uploads\\\/2020\\\/12\\\/Gnistan-MP-0-1-miesten-ykko\u0308nen-6.8.2020-29-of-77.jpg\",\"width\":2048,\"height\":1365},{\"@type\":\"BreadcrumbList\",\"@id\":\"https:\\\/\\\/gnistan.fi\\\/matsiliput\\\/#breadcrumb\",\"itemListElement\":[{\"@type\":\"ListItem\",\"position\":1,\"name\":\"Etusivu\",\"item\":\"https:\\\/\\\/gnistan.fi\\\/\"},{\"@type\":\"ListItem\",\"position\":2,\"name\":\"Matsiliput\"}]},{\"@type\":\"WebSite\",\"@id\":\"https:\\\/\\\/gnistan.fi\\\/#website\",\"url\":\"https:\\\/\\\/gnistan.fi\\\/\",\"name\":\"IF Gnistan\",\"description\":\"Viralliset sivut\",\"publisher\":{\"@id\":\"https:\\\/\\\/gnistan.fi\\\/#organization\"},\"potentialAction\":[{\"@type\":\"SearchAction\",\"target\":{\"@type\":\"EntryPoint\",\"urlTemplate\":\"https:\\\/\\\/gnistan.fi\\\/?s={search_term_string}\"},\"query-input\":{\"@type\":\"PropertyValueSpecification\",\"valueRequired\":true,\"valueName\":\"search_term_string\"}}],\"inLanguage\":\"sv-SE\"},{\"@type\":\"Organization\",\"@id\":\"https:\\\/\\\/gnistan.fi\\\/#organization\",\"name\":\"IF Gnistan\",\"url\":\"https:\\\/\\\/gnistan.fi\\\/\",\"logo\":{\"@type\":\"ImageObject\",\"inLanguage\":\"sv-SE\",\"@id\":\"https:\\\/\\\/gnistan.fi\\\/#\\\/schema\\\/logo\\\/image\\\/\",\"url\":\"https:\\\/\\\/gnistan.fi\\\/wp-content\\\/uploads\\\/2019\\\/10\\\/if-gnistan-vector-logo.svg\",\"contentUrl\":\"https:\\\/\\\/gnistan.fi\\\/wp-content\\\/uploads\\\/2019\\\/10\\\/if-gnistan-vector-logo.svg\",\"width\":269,\"height\":314,\"caption\":\"IF Gnistan\"},\"image\":{\"@id\":\"https:\\\/\\\/gnistan.fi\\\/#\\\/schema\\\/logo\\\/image\\\/\"},\"sameAs\":[\"https:\\\/\\\/facebook.com\\\/ifgnistan\",\"https:\\\/\\\/x.com\\\/ifgnistan1924\",\"https:\\\/\\\/instagram.com\\\/ifgnistan1924\",\"https:\\\/\\\/www.linkedin.com\\\/company\\\/ifgnistan\\\/\"]}]}<\/script>\n<!-- \/ Yoast SEO plugin. -->","yoast_head_json":{"title":"Matsiliput - IF Gnistan","robots":{"index":"index","follow":"follow","max-snippet":"max-snippet:-1","max-image-preview":"max-image-preview:large","max-video-preview":"max-video-preview:-1"},"canonical":"https:\/\/gnistan.fi\/sv\/matchbiljetter\/","og_locale":"sv_SE","og_type":"article","og_title":"Matsiliput - IF Gnistan","og_description":"Irtoliput kaudelle 2026 ovat nyt myynniss\u00e4! IF Gnistanin irtolipunmyynti tulevan kauden kotiotteluihin on nyt k\u00e4ynnistynyt. Veikkausliiga Tulevalla Veikkausliigakaudella hintatyyppej\u00e4 on enemm\u00e4n kuin koskaan aiemmin, ja otteluun p\u00e4\u00e4see my\u00f6s entist\u00e4 edullisemmin.Aikuisten liput alkavat 15 eurosta ja aleryhmien liput 9 eurosta. Suosittelemme ostamaan liput ennakkoon osoitteesta gnistan.tmtickets.fi. Samasta osoitteesta l\u00f6ytyv\u00e4t my\u00f6s tarkemmat tiedot eri hintatyypeist\u00e4. Historiallinen ensimm\u00e4inen [&hellip;]","og_url":"https:\/\/gnistan.fi\/sv\/matchbiljetter\/","og_site_name":"IF Gnistan","article_publisher":"https:\/\/facebook.com\/ifgnistan","article_modified_time":"2026-04-14T10:05:27+00:00","og_image":[{"width":2048,"height":1365,"url":"https:\/\/gnistan.fi\/wp-content\/uploads\/2020\/12\/Gnistan-MP-0-1-miesten-ykko\u0308nen-6.8.2020-29-of-77.jpg","type":"image\/jpeg"}],"twitter_card":"summary_large_image","twitter_site":"@ifgnistan1924","twitter_misc":{"Ber\u00e4knad l\u00e4stid":"2 minuter"},"schema":{"@context":"https:\/\/schema.org","@graph":[{"@type":"WebPage","@id":"https:\/\/gnistan.fi\/matsiliput\/","url":"https:\/\/gnistan.fi\/matsiliput\/","name":"Matsiliput - IF Gnistan","isPartOf":{"@id":"https:\/\/gnistan.fi\/#website"},"primaryImageOfPage":{"@id":"https:\/\/gnistan.fi\/matsiliput\/#primaryimage"},"image":{"@id":"https:\/\/gnistan.fi\/matsiliput\/#primaryimage"},"thumbnailUrl":"https:\/\/gnistan.fi\/wp-content\/uploads\/2020\/12\/Gnistan-MP-0-1-miesten-ykko\u0308nen-6.8.2020-29-of-77.jpg","datePublished":"2021-11-01T08:43:58+00:00","dateModified":"2026-04-14T10:05:27+00:00","breadcrumb":{"@id":"https:\/\/gnistan.fi\/matsiliput\/#breadcrumb"},"inLanguage":"sv-SE","potentialAction":[{"@type":"ReadAction","target":["https:\/\/gnistan.fi\/matsiliput\/"]}]},{"@type":"ImageObject","inLanguage":"sv-SE","@id":"https:\/\/gnistan.fi\/matsiliput\/#primaryimage","url":"https:\/\/gnistan.fi\/wp-content\/uploads\/2020\/12\/Gnistan-MP-0-1-miesten-ykko\u0308nen-6.8.2020-29-of-77.jpg","contentUrl":"https:\/\/gnistan.fi\/wp-content\/uploads\/2020\/12\/Gnistan-MP-0-1-miesten-ykko\u0308nen-6.8.2020-29-of-77.jpg","width":2048,"height":1365},{"@type":"BreadcrumbList","@id":"https:\/\/gnistan.fi\/matsiliput\/#breadcrumb","itemListElement":[{"@type":"ListItem","position":1,"name":"Etusivu","item":"https:\/\/gnistan.fi\/"},{"@type":"ListItem","position":2,"name":"Matsiliput"}]},{"@type":"WebSite","@id":"https:\/\/gnistan.fi\/#website","url":"https:\/\/gnistan.fi\/","name":"IF Gnistan","description":"Viralliset sivut","publisher":{"@id":"https:\/\/gnistan.fi\/#organization"},"potentialAction":[{"@type":"SearchAction","target":{"@type":"EntryPoint","urlTemplate":"https:\/\/gnistan.fi\/?s={search_term_string}"},"query-input":{"@type":"PropertyValueSpecification","valueRequired":true,"valueName":"search_term_string"}}],"inLanguage":"sv-SE"},{"@type":"Organization","@id":"https:\/\/gnistan.fi\/#organization","name":"IF Gnistan","url":"https:\/\/gnistan.fi\/","logo":{"@type":"ImageObject","inLanguage":"sv-SE","@id":"https:\/\/gnistan.fi\/#\/schema\/logo\/image\/","url":"https:\/\/gnistan.fi\/wp-content\/uploads\/2019\/10\/if-gnistan-vector-logo.svg","contentUrl":"https:\/\/gnistan.fi\/wp-content\/uploads\/2019\/10\/if-gnistan-vector-logo.svg","width":269,"height":314,"caption":"IF Gnistan"},"image":{"@id":"https:\/\/gnistan.fi\/#\/schema\/logo\/image\/"},"sameAs":["https:\/\/facebook.com\/ifgnistan","https:\/\/x.com\/ifgnistan1924","https:\/\/instagram.com\/ifgnistan1924","https:\/\/www.linkedin.com\/company\/ifgnistan\/"]}]}},"jetpack_sharing_enabled":true,"_links":{"self":[{"href":"https:\/\/gnistan.fi\/sv\/wp-json\/wp\/v2\/pages\/20679","targetHints":{"allow":["GET"]}}],"collection":[{"href":"https:\/\/gnistan.fi\/sv\/wp-json\/wp\/v2\/pages"}],"about":[{"href":"https:\/\/gnistan.fi\/sv\/wp-json\/wp\/v2\/types\/page"}],"author":[{"embeddable":true,"href":"https:\/\/gnistan.fi\/sv\/wp-json\/wp\/v2\/users\/4"}],"replies":[{"embeddable":true,"href":"https:\/\/gnistan.fi\/sv\/wp-json\/wp\/v2\/comments?post=20679"}],"version-history":[{"count":20,"href":"https:\/\/gnistan.fi\/sv\/wp-json\/wp\/v2\/pages\/20679\/revisions"}],"predecessor-version":[{"id":45031,"href":"https:\/\/gnistan.fi\/sv\/wp-json\/wp\/v2\/pages\/20679\/revisions\/45031"}],"wp:featuredmedia":[{"embeddable":true,"href":"https:\/\/gnistan.fi\/sv\/wp-json\/wp\/v2\/media\/17500"}],"wp:attachment":[{"href":"https:\/\/gnistan.fi\/sv\/wp-json\/wp\/v2\/media?parent=20679"}],"curies":[{"name":"wp","href":"https:\/\/api.w.org\/{rel}","templated":true}]}}