{"id":19332,"date":"2021-05-24T12:20:57","date_gmt":"2021-05-24T09:20:57","guid":{"rendered":"https:\/\/gnistan.fi\/?page_id=19332"},"modified":"2026-04-07T12:41:33","modified_gmt":"2026-04-07T09:41:33","slug":"lisatreeni","status":"publish","type":"page","link":"https:\/\/gnistan.fi\/sv\/lisatreeni\/","title":{"rendered":"Kompetens- och f\u00e4rdighetsskolor"},"content":{"rendered":"<h4 class=\"wp-block-heading\"><strong>Gnistan j\u00e4rjest\u00e4\u00e4 yksil\u00f6harjoittelua motivoituneille pelaajille talvikaudella 2025-2026 seuraavasti:<\/strong>&nbsp;<\/h4>\n\n\n\n<p>Yksil\u00f6harjoittelu Taitokoulun merkeiss\u00e4 jatkuu taas keskiviikkoisin klo 16.45-18.00 Pihlajam\u00e4en juniorihallissa 12.11.2025 alkaen ja Kykykoulun merkeiss\u00e4 torstaisin klo 14.45-16.00 Markku.fi Areenalla 13.11.2025 alkaen.\u00a0<\/p>\n\n\n\n<p>Seuraavan kauden aikana molemmissa ryhmiss\u00e4 keskityt\u00e4\u00e4n yksil\u00f6harjoitteluun vahvasti 1v1 tilanteiden eri muodoissa. Valmentajat keskittyv\u00e4t pelaajien henkil\u00f6kohtaisen pelitaidon kehitt\u00e4miseen, teknisten ominaisuuksien ja p\u00e4\u00e4t\u00f6ksenteon kautta. Gnistanin pelaajakehityksen tavoitteena on tuottaa pelaajia, joilla on rohkeutta ratkaista tilanteita omalla yksil\u00f6taidolla, peli\u00e4 edist\u00e4v\u00e4ll\u00e4 tavalla.&nbsp;&nbsp;<\/p>\n\n\n\n<p>Yksil\u00f6harjoittelun my\u00f6t\u00e4 n\u00e4m\u00e4 ominaisuudet pelaajien on helppo siirt\u00e4\u00e4 joukkuetaktisella tasolla pelisuunnitelman mukaisesti pelitilanteisiin.&nbsp;<\/p>\n\n\n\n<p>T\u00e4ll\u00e4 kaudella Gnistanin yksil\u00f6harjoittelun suunnittelusta, toteutuksesta ja valmentamisesta p\u00e4\u00e4vastuun ottavat Jesse Pekkonen (Kykykoulu), Mohaiman \u201dMuhis\u201d Abdilamir (Kykykoulu) ja Pyry Korhonen (Taitokoulu).&nbsp;<\/p>\n\n\n\n<p><strong>Kykykoulu j\u00e4rjestet\u00e4\u00e4n Pojat 2014-2016 kilparyhmien pelaajille, Tyt\u00f6t 2014-2015 joukkueen pelaajille sek\u00e4 Pojat 2014-2015 haastejoukkueiden pelaajille.<\/strong> Valmentajina toimivat seuran omat valmentajat.&nbsp;<\/p>\n\n\n\n<ul class=\"wp-block-list\">\n<li>Syyskauden harjoitukset j\u00e4rjestet\u00e4\u00e4n torstaisin klo 14.45-16.00 Markku.fi Areenalla 13.11-18.12.\u00a0<\/li>\n<\/ul>\n\n\n\n<ul class=\"wp-block-list\">\n<li>Kev\u00e4tkauden harjoitukset j\u00e4rjestet\u00e4\u00e4n torstaisin klo 14.45-16.00 Markku.fi Areenalla 15.1-26.3.\u00a0<\/li>\n<\/ul>\n\n\n\n<p><\/p>\n\n\n\n<p><strong>Taitokoulu j\u00e4rjestet\u00e4\u00e4n Tyt\u00f6t 2016-2018 kaikille pelaajille, Pojat 2017-2018 kaikille pelaajille ja Pojat 2016 haastejoukkueen pelaajille.<\/strong> Valmentajina toimivat seuran omat valmentajat.&nbsp;<\/p>\n\n\n\n<ul class=\"wp-block-list\">\n<li>Syyskauden harjoitukset j\u00e4rjestet\u00e4\u00e4n keskiviikkoisin klo.16.45-18.00 Pihlajam\u00e4en juniorihallissa 12.11-17.12.&nbsp;&nbsp;<\/li>\n<\/ul>\n\n\n\n<ul class=\"wp-block-list\">\n<li>Kev\u00e4tkauden harjoitukset j\u00e4rjestet\u00e4\u00e4n keskiviikkoisin klo.16.45-18.00 Pihlajam\u00e4en juniorihallissa 14.1-25.3.&nbsp;&nbsp;<\/li>\n<\/ul>\n\n\n\n<p><\/p>\n\n\n\n<p><a href=\"https:\/\/ifgnistan.myclub.fi\/flow\/courses\/9799116\" target=\"_blank\" rel=\"noreferrer noopener\"><strong>Ilmoittaudu Taitokoulun syyskaudelle t\u00e4st\u00e4!<\/strong><\/a><strong><\/strong>&nbsp;<\/p>\n\n\n\n<p><a href=\"https:\/\/ifgnistan.myclub.fi\/flow\/courses\/9799112\" target=\"_blank\" rel=\"noreferrer noopener\"><strong>Ilmoittaudu Kykykoulun syyskaudelle t\u00e4st\u00e4!<\/strong><\/a><strong><\/strong>&nbsp;<\/p>\n\n\n\n<p><a href=\"https:\/\/ifgnistan.myclub.fi\/flow\/courses\/9799118\" target=\"_blank\" rel=\"noreferrer noopener\"><strong>Ilmoittaudu Taitokoulun kev\u00e4tkaudelle t\u00e4st\u00e4!<\/strong><\/a><strong><\/strong>&nbsp;<\/p>\n\n\n\n<p><a href=\"https:\/\/ifgnistan.myclub.fi\/flow\/courses\/9799114\" target=\"_blank\" rel=\"noreferrer noopener\"><strong>Ilmoittaudu Kykykoulun kev\u00e4tkaudelle t\u00e4st\u00e4!<\/strong><\/a><strong><\/strong>&nbsp;<\/p>\n\n\n\n<p><strong>OBS!<\/strong> Voit ilmoittautua mukaan syyskaudelle (marras-joulukuu 6 kertaa) 60\u20ac ja kev\u00e4tkaudelle (tammi-maaliskuu 10 kertaa) 100\u20ac. (Talvilomaviikolla 16.2.2026-22.2.2026 ei j\u00e4rjestet\u00e4 harjoituksia)&nbsp;&nbsp;<\/p>\n\n\n\n<p>Ilmoittautumisen voi perua sunnuntaihin 9.11.25 menness\u00e4 veloituksetta syyskaudelle ja perjantaihin 9.1.26 menness\u00e4 kev\u00e4tkaudelle. Loukkaantumisen sattuessa osallistumisen voi perua l\u00e4\u00e4k\u00e4rin todistuksella, joka otetaan huomioon maksussa. Perumiset: <a href=\"mailto:pyry.korhonen@gnistan.fi\" target=\"_blank\" rel=\"noreferrer noopener\">pyry.korhonen@gnistan.fi<\/a>&nbsp;<\/p>\n\n\n\n<p><strong>Ilmoittautuminen on auki, joten ole nopea ja tule mukaan!<\/strong>&nbsp;<\/p>\n\n\n\n<p>Pyry Korhonen&nbsp;<\/p>\n\n\n\n<p>IF Gnistan \/ Lapsuusvaiheen valmennusp\u00e4\u00e4llikk\u00f6 U6-U10&nbsp;<\/p>\n\n\n\n<p>pyry.korhonen@gnistan.fi&nbsp;<\/p>\n\n\n\n<p><a href=\"https:\/\/gnistan.fi\/sv\/\">https:\/\/gnistan.fi\/<\/a><\/p>\n\n\n\n<p><\/p>\n\n\n\n<p><\/p>","protected":false},"excerpt":{"rendered":"<p>Gnistan j\u00e4rjest\u00e4\u00e4 yksil\u00f6harjoittelua motivoituneille pelaajille talvikaudella 2025-2026 seuraavasti:&nbsp; Yksil\u00f6harjoittelu Taitokoulun merkeiss\u00e4 jatkuu taas keskiviikkoisin klo 16.45-18.00 Pihlajam\u00e4en juniorihallissa 12.11.2025 alkaen ja Kykykoulun merkeiss\u00e4 torstaisin klo 14.45-16.00 Markku.fi Areenalla 13.11.2025 alkaen.\u00a0 Seuraavan kauden aikana molemmissa ryhmiss\u00e4 keskityt\u00e4\u00e4n yksil\u00f6harjoitteluun vahvasti 1v1 tilanteiden eri muodoissa. Valmentajat keskittyv\u00e4t pelaajien henkil\u00f6kohtaisen pelitaidon kehitt\u00e4miseen, teknisten ominaisuuksien ja p\u00e4\u00e4t\u00f6ksenteon kautta. Gnistanin pelaajakehityksen [&hellip;]<\/p>\n","protected":false},"author":13,"featured_media":36703,"parent":0,"menu_order":0,"comment_status":"closed","ping_status":"closed","template":"","meta":{"_acf_changed":false,"footnotes":""},"class_list":["post-19332","page","type-page","status-publish","has-post-thumbnail","hentry"],"acf":[],"yoast_head":"<!-- This site is optimized with the Yoast SEO plugin v27.3 - https:\/\/yoast.com\/product\/yoast-seo-wordpress\/ -->\n<title>Kyky- ja Taitokoulut - IF Gnistan<\/title>\n<meta name=\"robots\" content=\"index, follow, max-snippet:-1, max-image-preview:large, max-video-preview:-1\" \/>\n<link rel=\"canonical\" href=\"https:\/\/gnistan.fi\/sv\/lisatreeni\/\" \/>\n<meta property=\"og:locale\" content=\"sv_SE\" \/>\n<meta property=\"og:type\" content=\"article\" \/>\n<meta property=\"og:title\" content=\"Kyky- ja Taitokoulut - IF Gnistan\" \/>\n<meta property=\"og:description\" content=\"Gnistan j\u00e4rjest\u00e4\u00e4 yksil\u00f6harjoittelua motivoituneille pelaajille talvikaudella 2025-2026 seuraavasti:&nbsp; Yksil\u00f6harjoittelu Taitokoulun merkeiss\u00e4 jatkuu taas keskiviikkoisin klo 16.45-18.00 Pihlajam\u00e4en juniorihallissa 12.11.2025 alkaen ja Kykykoulun merkeiss\u00e4 torstaisin klo 14.45-16.00 Markku.fi Areenalla 13.11.2025 alkaen.\u00a0 Seuraavan kauden aikana molemmissa ryhmiss\u00e4 keskityt\u00e4\u00e4n yksil\u00f6harjoitteluun vahvasti 1v1 tilanteiden eri muodoissa. Valmentajat keskittyv\u00e4t pelaajien henkil\u00f6kohtaisen pelitaidon kehitt\u00e4miseen, teknisten ominaisuuksien ja p\u00e4\u00e4t\u00f6ksenteon kautta. Gnistanin pelaajakehityksen [&hellip;]\" \/>\n<meta property=\"og:url\" content=\"https:\/\/gnistan.fi\/sv\/lisatreeni\/\" \/>\n<meta property=\"og:site_name\" content=\"IF Gnistan\" \/>\n<meta property=\"article:publisher\" content=\"https:\/\/facebook.com\/ifgnistan\" \/>\n<meta property=\"article:modified_time\" content=\"2026-04-07T09:41:33+00:00\" \/>\n<meta property=\"og:image\" content=\"https:\/\/gnistan.fi\/wp-content\/uploads\/2024\/11\/gnistan-default-featured-2024-c.webp\" \/>\n\t<meta property=\"og:image:width\" content=\"1920\" \/>\n\t<meta property=\"og:image:height\" content=\"1080\" \/>\n\t<meta property=\"og:image:type\" content=\"image\/webp\" \/>\n<meta name=\"twitter:card\" content=\"summary_large_image\" \/>\n<meta name=\"twitter:site\" content=\"@ifgnistan1924\" \/>\n<meta name=\"twitter:label1\" content=\"Ber\u00e4knad l\u00e4stid\" \/>\n\t<meta name=\"twitter:data1\" content=\"2 minuter\" \/>\n<script type=\"application\/ld+json\" class=\"yoast-schema-graph\">{\"@context\":\"https:\\\/\\\/schema.org\",\"@graph\":[{\"@type\":\"WebPage\",\"@id\":\"https:\\\/\\\/gnistan.fi\\\/lisatreeni\\\/\",\"url\":\"https:\\\/\\\/gnistan.fi\\\/lisatreeni\\\/\",\"name\":\"Kyky- ja Taitokoulut - IF Gnistan\",\"isPartOf\":{\"@id\":\"https:\\\/\\\/gnistan.fi\\\/#website\"},\"primaryImageOfPage\":{\"@id\":\"https:\\\/\\\/gnistan.fi\\\/lisatreeni\\\/#primaryimage\"},\"image\":{\"@id\":\"https:\\\/\\\/gnistan.fi\\\/lisatreeni\\\/#primaryimage\"},\"thumbnailUrl\":\"https:\\\/\\\/gnistan.fi\\\/wp-content\\\/uploads\\\/2024\\\/11\\\/gnistan-default-featured-2024-c.webp\",\"datePublished\":\"2021-05-24T09:20:57+00:00\",\"dateModified\":\"2026-04-07T09:41:33+00:00\",\"breadcrumb\":{\"@id\":\"https:\\\/\\\/gnistan.fi\\\/lisatreeni\\\/#breadcrumb\"},\"inLanguage\":\"sv-SE\",\"potentialAction\":[{\"@type\":\"ReadAction\",\"target\":[\"https:\\\/\\\/gnistan.fi\\\/lisatreeni\\\/\"]}]},{\"@type\":\"ImageObject\",\"inLanguage\":\"sv-SE\",\"@id\":\"https:\\\/\\\/gnistan.fi\\\/lisatreeni\\\/#primaryimage\",\"url\":\"https:\\\/\\\/gnistan.fi\\\/wp-content\\\/uploads\\\/2024\\\/11\\\/gnistan-default-featured-2024-c.webp\",\"contentUrl\":\"https:\\\/\\\/gnistan.fi\\\/wp-content\\\/uploads\\\/2024\\\/11\\\/gnistan-default-featured-2024-c.webp\",\"width\":1920,\"height\":1080},{\"@type\":\"BreadcrumbList\",\"@id\":\"https:\\\/\\\/gnistan.fi\\\/lisatreeni\\\/#breadcrumb\",\"itemListElement\":[{\"@type\":\"ListItem\",\"position\":1,\"name\":\"Etusivu\",\"item\":\"https:\\\/\\\/gnistan.fi\\\/\"},{\"@type\":\"ListItem\",\"position\":2,\"name\":\"Kyky- ja Taitokoulut\"}]},{\"@type\":\"WebSite\",\"@id\":\"https:\\\/\\\/gnistan.fi\\\/#website\",\"url\":\"https:\\\/\\\/gnistan.fi\\\/\",\"name\":\"IF Gnistan\",\"description\":\"Viralliset sivut\",\"publisher\":{\"@id\":\"https:\\\/\\\/gnistan.fi\\\/#organization\"},\"potentialAction\":[{\"@type\":\"SearchAction\",\"target\":{\"@type\":\"EntryPoint\",\"urlTemplate\":\"https:\\\/\\\/gnistan.fi\\\/?s={search_term_string}\"},\"query-input\":{\"@type\":\"PropertyValueSpecification\",\"valueRequired\":true,\"valueName\":\"search_term_string\"}}],\"inLanguage\":\"sv-SE\"},{\"@type\":\"Organization\",\"@id\":\"https:\\\/\\\/gnistan.fi\\\/#organization\",\"name\":\"IF Gnistan\",\"url\":\"https:\\\/\\\/gnistan.fi\\\/\",\"logo\":{\"@type\":\"ImageObject\",\"inLanguage\":\"sv-SE\",\"@id\":\"https:\\\/\\\/gnistan.fi\\\/#\\\/schema\\\/logo\\\/image\\\/\",\"url\":\"https:\\\/\\\/gnistan.fi\\\/wp-content\\\/uploads\\\/2019\\\/10\\\/if-gnistan-vector-logo.svg\",\"contentUrl\":\"https:\\\/\\\/gnistan.fi\\\/wp-content\\\/uploads\\\/2019\\\/10\\\/if-gnistan-vector-logo.svg\",\"width\":269,\"height\":314,\"caption\":\"IF Gnistan\"},\"image\":{\"@id\":\"https:\\\/\\\/gnistan.fi\\\/#\\\/schema\\\/logo\\\/image\\\/\"},\"sameAs\":[\"https:\\\/\\\/facebook.com\\\/ifgnistan\",\"https:\\\/\\\/x.com\\\/ifgnistan1924\",\"https:\\\/\\\/instagram.com\\\/ifgnistan1924\",\"https:\\\/\\\/www.linkedin.com\\\/company\\\/ifgnistan\\\/\"]}]}<\/script>\n<!-- \/ Yoast SEO plugin. -->","yoast_head_json":{"title":"Kyky- ja Taitokoulut - IF Gnistan","robots":{"index":"index","follow":"follow","max-snippet":"max-snippet:-1","max-image-preview":"max-image-preview:large","max-video-preview":"max-video-preview:-1"},"canonical":"https:\/\/gnistan.fi\/sv\/lisatreeni\/","og_locale":"sv_SE","og_type":"article","og_title":"Kyky- ja Taitokoulut - IF Gnistan","og_description":"Gnistan j\u00e4rjest\u00e4\u00e4 yksil\u00f6harjoittelua motivoituneille pelaajille talvikaudella 2025-2026 seuraavasti:&nbsp; Yksil\u00f6harjoittelu Taitokoulun merkeiss\u00e4 jatkuu taas keskiviikkoisin klo 16.45-18.00 Pihlajam\u00e4en juniorihallissa 12.11.2025 alkaen ja Kykykoulun merkeiss\u00e4 torstaisin klo 14.45-16.00 Markku.fi Areenalla 13.11.2025 alkaen.\u00a0 Seuraavan kauden aikana molemmissa ryhmiss\u00e4 keskityt\u00e4\u00e4n yksil\u00f6harjoitteluun vahvasti 1v1 tilanteiden eri muodoissa. Valmentajat keskittyv\u00e4t pelaajien henkil\u00f6kohtaisen pelitaidon kehitt\u00e4miseen, teknisten ominaisuuksien ja p\u00e4\u00e4t\u00f6ksenteon kautta. Gnistanin pelaajakehityksen [&hellip;]","og_url":"https:\/\/gnistan.fi\/sv\/lisatreeni\/","og_site_name":"IF Gnistan","article_publisher":"https:\/\/facebook.com\/ifgnistan","article_modified_time":"2026-04-07T09:41:33+00:00","og_image":[{"width":1920,"height":1080,"url":"https:\/\/gnistan.fi\/wp-content\/uploads\/2024\/11\/gnistan-default-featured-2024-c.webp","type":"image\/webp"}],"twitter_card":"summary_large_image","twitter_site":"@ifgnistan1924","twitter_misc":{"Ber\u00e4knad l\u00e4stid":"2 minuter"},"schema":{"@context":"https:\/\/schema.org","@graph":[{"@type":"WebPage","@id":"https:\/\/gnistan.fi\/lisatreeni\/","url":"https:\/\/gnistan.fi\/lisatreeni\/","name":"Kyky- ja Taitokoulut - IF Gnistan","isPartOf":{"@id":"https:\/\/gnistan.fi\/#website"},"primaryImageOfPage":{"@id":"https:\/\/gnistan.fi\/lisatreeni\/#primaryimage"},"image":{"@id":"https:\/\/gnistan.fi\/lisatreeni\/#primaryimage"},"thumbnailUrl":"https:\/\/gnistan.fi\/wp-content\/uploads\/2024\/11\/gnistan-default-featured-2024-c.webp","datePublished":"2021-05-24T09:20:57+00:00","dateModified":"2026-04-07T09:41:33+00:00","breadcrumb":{"@id":"https:\/\/gnistan.fi\/lisatreeni\/#breadcrumb"},"inLanguage":"sv-SE","potentialAction":[{"@type":"ReadAction","target":["https:\/\/gnistan.fi\/lisatreeni\/"]}]},{"@type":"ImageObject","inLanguage":"sv-SE","@id":"https:\/\/gnistan.fi\/lisatreeni\/#primaryimage","url":"https:\/\/gnistan.fi\/wp-content\/uploads\/2024\/11\/gnistan-default-featured-2024-c.webp","contentUrl":"https:\/\/gnistan.fi\/wp-content\/uploads\/2024\/11\/gnistan-default-featured-2024-c.webp","width":1920,"height":1080},{"@type":"BreadcrumbList","@id":"https:\/\/gnistan.fi\/lisatreeni\/#breadcrumb","itemListElement":[{"@type":"ListItem","position":1,"name":"Etusivu","item":"https:\/\/gnistan.fi\/"},{"@type":"ListItem","position":2,"name":"Kyky- ja Taitokoulut"}]},{"@type":"WebSite","@id":"https:\/\/gnistan.fi\/#website","url":"https:\/\/gnistan.fi\/","name":"IF Gnistan","description":"Viralliset sivut","publisher":{"@id":"https:\/\/gnistan.fi\/#organization"},"potentialAction":[{"@type":"SearchAction","target":{"@type":"EntryPoint","urlTemplate":"https:\/\/gnistan.fi\/?s={search_term_string}"},"query-input":{"@type":"PropertyValueSpecification","valueRequired":true,"valueName":"search_term_string"}}],"inLanguage":"sv-SE"},{"@type":"Organization","@id":"https:\/\/gnistan.fi\/#organization","name":"IF Gnistan","url":"https:\/\/gnistan.fi\/","logo":{"@type":"ImageObject","inLanguage":"sv-SE","@id":"https:\/\/gnistan.fi\/#\/schema\/logo\/image\/","url":"https:\/\/gnistan.fi\/wp-content\/uploads\/2019\/10\/if-gnistan-vector-logo.svg","contentUrl":"https:\/\/gnistan.fi\/wp-content\/uploads\/2019\/10\/if-gnistan-vector-logo.svg","width":269,"height":314,"caption":"IF Gnistan"},"image":{"@id":"https:\/\/gnistan.fi\/#\/schema\/logo\/image\/"},"sameAs":["https:\/\/facebook.com\/ifgnistan","https:\/\/x.com\/ifgnistan1924","https:\/\/instagram.com\/ifgnistan1924","https:\/\/www.linkedin.com\/company\/ifgnistan\/"]}]}},"jetpack_sharing_enabled":true,"_links":{"self":[{"href":"https:\/\/gnistan.fi\/sv\/wp-json\/wp\/v2\/pages\/19332","targetHints":{"allow":["GET"]}}],"collection":[{"href":"https:\/\/gnistan.fi\/sv\/wp-json\/wp\/v2\/pages"}],"about":[{"href":"https:\/\/gnistan.fi\/sv\/wp-json\/wp\/v2\/types\/page"}],"author":[{"embeddable":true,"href":"https:\/\/gnistan.fi\/sv\/wp-json\/wp\/v2\/users\/13"}],"replies":[{"embeddable":true,"href":"https:\/\/gnistan.fi\/sv\/wp-json\/wp\/v2\/comments?post=19332"}],"version-history":[{"count":20,"href":"https:\/\/gnistan.fi\/sv\/wp-json\/wp\/v2\/pages\/19332\/revisions"}],"predecessor-version":[{"id":44881,"href":"https:\/\/gnistan.fi\/sv\/wp-json\/wp\/v2\/pages\/19332\/revisions\/44881"}],"wp:featuredmedia":[{"embeddable":true,"href":"https:\/\/gnistan.fi\/sv\/wp-json\/wp\/v2\/media\/36703"}],"wp:attachment":[{"href":"https:\/\/gnistan.fi\/sv\/wp-json\/wp\/v2\/media?parent=19332"}],"curies":[{"name":"wp","href":"https:\/\/api.w.org\/{rel}","templated":true}]}}