{"id":18610,"date":"2021-03-22T20:37:25","date_gmt":"2021-03-22T18:37:25","guid":{"rendered":"https:\/\/gnistan.fi\/?page_id=18610"},"modified":"2025-03-17T12:03:14","modified_gmt":"2025-03-17T10:03:14","slug":"iltapaivakerho","status":"publish","type":"page","link":"https:\/\/gnistan.fi\/sv\/iltapaivakerho\/","title":{"rendered":"Gnistans eftermiddagsklubb"},"content":{"rendered":"<p>IF Gnistan j\u00e4rjest\u00e4\u00e4 ensimm\u00e4isen- ja toisen luokka-asteen koululaisille\u00a0iltap\u00e4iv\u00e4kerhotoimintaa turvallisessa ymp\u00e4rist\u00f6ss\u00e4 koulun tiloissa. Iltap\u00e4iv\u00e4kerhon toimintaa j\u00e4rjestet\u00e4\u00e4n Oulunkyl\u00e4n ala-asteella Teinintien koulun toimipisteell\u00e4 lukukaudella 2024-2025. Iltap\u00e4iv\u00e4kerho tarjoaa turvallisen paikan lapselle koulup\u00e4iv\u00e4n j\u00e4lkeen ja mahdollisuuden mielekk\u00e4\u00e4seen ja virkist\u00e4v\u00e4\u00e4n toimintaan p\u00e4iv\u00e4n p\u00e4\u00e4tteeksi. J\u00e4rjest\u00e4mme monipuolista, ohjattua ja omaehtoista liikuntaa sek\u00e4 muuta toimintaa lapsille. Iltap\u00e4iv\u00e4kerho ei ole jalkapallopainotteinen, mutta kannustamme monipuoliseen liikunnallisuuteen. Tarjoamme my\u00f6s v\u00e4lipalan sek\u00e4 mahdollisuuden l\u00e4ksyjen tekemiseen.<\/p>\n\n\n\n<p class=\"translation-block\">V\u00e5ra ledare har erfarenhet av eftermiddagsklubbsverksamhet eller att arbeta med barn, och en del av dem \u00e4r \u00e4ven tr\u00e4nare i Gnistans fotbollsklubb.\nEn del av v\u00e5ra erfarna ledare har en examen inom fostran och\/eller idrott.<\/p>\n\n\n\n<p>Ans\u00f6kningen till IF Gnistans eftermiddagsklubbverksamhet sker precis som till andra eftermiddagsklubbar i Helsingfors enligt stadens ans\u00f6kningsf\u00f6rfarande:&nbsp;<br><\/p>\n\n\n\n<h2 class=\"wp-block-heading\">HAE MUKAAN!<\/h2>\n\n\n\n<p><strong>Ans\u00f6kan till verksamhet 2024\u20132025<\/strong><br>Barnen v\u00e4ljs till eftermiddagsverksamhet f\u00f6r ett l\u00e4s\u00e5r i taget. Till skillnad fr\u00e5n tidigare \u00e5r g\u00f6rs ans\u00f6kan till verksamheten i regel via Wilma.<\/p>\n\n\n\n<p><strong>Ans\u00f6kningstiden f\u00f6r verksamheten under l\u00e4s\u00e5ret 2024\u20132025 \u00e4r 13.3\u201317.4.2024<\/strong><\/p>\n\n\n\n<p>Samtidigt som nya elever ans\u00f6ker \u00e4ven kommande andraklassister och specialelever till verksamheten.<\/p>\n\n\n\n<p>Uppdaterade ans\u00f6kningsanvisningar och Wilma-l\u00e4nken finns p\u00e5 Helsingfors stads webbplats (<a href=\"http:\/\/www.hel.fi\/iltapaivatoiminta\">www.hel.fi\/iltapaivatoiminta<\/a>).<\/p>\n\n\n\n<p><strong>Kundavgifterna varierar beroende p\u00e5 vald v\u00e5rdtid:<\/strong><br>kl. 12\u201317 avtal: 120 \u20ac\/m\u00e5nad<br>kl. 12\u201316 avtal: 100 \u20ac\/m\u00e5nad<\/p>\n\n\n\n<p>Kundavgiften \u00e4r densamma i alla eftermiddagsklubbar. Eftermiddagsklubbens v\u00e5rdtid kan \u00e4ndras en g\u00e5ng under l\u00e4s\u00e5ret, och det ska g\u00f6ras officiellt per e-post till eftermiddagsklubbens e-postadress iltapaivakerho@gnistan.fi. \u00c4ndringar kan inte g\u00f6ras retroaktivt. Man kan ans\u00f6ka om neds\u00e4ttning av avgiften f\u00f6r eftermiddagsverksamheten med blanketten som finns p\u00e5 Helsingfors stads webbplats.<\/p>\n\n\n\n<p><\/p>","protected":false},"excerpt":{"rendered":"<p>IF Gnistan j\u00e4rjest\u00e4\u00e4 ensimm\u00e4isen- ja toisen luokka-asteen koululaisille\u00a0iltap\u00e4iv\u00e4kerhotoimintaa turvallisessa ymp\u00e4rist\u00f6ss\u00e4 koulun tiloissa. Iltap\u00e4iv\u00e4kerhon toimintaa j\u00e4rjestet\u00e4\u00e4n Oulunkyl\u00e4n ala-asteella Teinintien koulun toimipisteell\u00e4 lukukaudella 2024-2025. Iltap\u00e4iv\u00e4kerho tarjoaa turvallisen paikan lapselle koulup\u00e4iv\u00e4n j\u00e4lkeen ja mahdollisuuden mielekk\u00e4\u00e4seen ja virkist\u00e4v\u00e4\u00e4n toimintaan p\u00e4iv\u00e4n p\u00e4\u00e4tteeksi. J\u00e4rjest\u00e4mme monipuolista, ohjattua ja omaehtoista liikuntaa sek\u00e4 muuta toimintaa lapsille. Iltap\u00e4iv\u00e4kerho ei ole jalkapallopainotteinen, mutta kannustamme monipuoliseen liikunnallisuuteen. [&hellip;]<\/p>\n","protected":false},"author":13,"featured_media":36666,"parent":0,"menu_order":0,"comment_status":"closed","ping_status":"closed","template":"","meta":{"_acf_changed":false,"footnotes":""},"class_list":["post-18610","page","type-page","status-publish","has-post-thumbnail","hentry"],"acf":[],"yoast_head":"<!-- This site is optimized with the Yoast SEO plugin v27.3 - https:\/\/yoast.com\/product\/yoast-seo-wordpress\/ -->\n<title>Gnistan iltap\u00e4iv\u00e4kerho - IF Gnistan<\/title>\n<meta name=\"description\" content=\"IF Gnistanin iltap\u00e4iv\u00e4kerho j\u00e4rjest\u00e4\u00e4 toimintaa koululaisille\u00a0turvallisessa ymp\u00e4rist\u00f6ss\u00e4 koulun tiloissa.\" \/>\n<meta name=\"robots\" content=\"index, follow, max-snippet:-1, max-image-preview:large, max-video-preview:-1\" \/>\n<link rel=\"canonical\" href=\"https:\/\/gnistan.fi\/sv\/iltapaivakerho\/\" \/>\n<meta property=\"og:locale\" content=\"sv_SE\" \/>\n<meta property=\"og:type\" content=\"article\" \/>\n<meta property=\"og:title\" content=\"Gnistan iltap\u00e4iv\u00e4kerho - IF Gnistan\" \/>\n<meta property=\"og:description\" content=\"IF Gnistanin iltap\u00e4iv\u00e4kerho j\u00e4rjest\u00e4\u00e4 toimintaa koululaisille\u00a0turvallisessa ymp\u00e4rist\u00f6ss\u00e4 koulun tiloissa.\" \/>\n<meta property=\"og:url\" content=\"https:\/\/gnistan.fi\/sv\/iltapaivakerho\/\" \/>\n<meta property=\"og:site_name\" content=\"IF Gnistan\" \/>\n<meta property=\"article:publisher\" content=\"https:\/\/facebook.com\/ifgnistan\" \/>\n<meta property=\"article:modified_time\" content=\"2025-03-17T10:03:14+00:00\" \/>\n<meta property=\"og:image\" content=\"https:\/\/gnistan.fi\/wp-content\/uploads\/2024\/10\/IMG_4723-scaled-e1730108568808.jpg\" \/>\n\t<meta property=\"og:image:width\" content=\"2560\" \/>\n\t<meta property=\"og:image:height\" content=\"1344\" \/>\n\t<meta property=\"og:image:type\" content=\"image\/jpeg\" \/>\n<meta name=\"twitter:card\" content=\"summary_large_image\" \/>\n<meta name=\"twitter:site\" content=\"@ifgnistan1924\" \/>\n<meta name=\"twitter:label1\" content=\"Ber\u00e4knad l\u00e4stid\" \/>\n\t<meta name=\"twitter:data1\" content=\"2 minuter\" \/>\n<script type=\"application\/ld+json\" class=\"yoast-schema-graph\">{\"@context\":\"https:\\\/\\\/schema.org\",\"@graph\":[{\"@type\":\"WebPage\",\"@id\":\"https:\\\/\\\/gnistan.fi\\\/iltapaivakerho\\\/\",\"url\":\"https:\\\/\\\/gnistan.fi\\\/iltapaivakerho\\\/\",\"name\":\"Gnistan iltap\u00e4iv\u00e4kerho - IF Gnistan\",\"isPartOf\":{\"@id\":\"https:\\\/\\\/gnistan.fi\\\/#website\"},\"primaryImageOfPage\":{\"@id\":\"https:\\\/\\\/gnistan.fi\\\/iltapaivakerho\\\/#primaryimage\"},\"image\":{\"@id\":\"https:\\\/\\\/gnistan.fi\\\/iltapaivakerho\\\/#primaryimage\"},\"thumbnailUrl\":\"https:\\\/\\\/gnistan.fi\\\/wp-content\\\/uploads\\\/2024\\\/10\\\/IMG_4723-scaled-e1730108568808.jpg\",\"datePublished\":\"2021-03-22T18:37:25+00:00\",\"dateModified\":\"2025-03-17T10:03:14+00:00\",\"description\":\"IF Gnistanin iltap\u00e4iv\u00e4kerho j\u00e4rjest\u00e4\u00e4 toimintaa koululaisille\u00a0turvallisessa ymp\u00e4rist\u00f6ss\u00e4 koulun tiloissa.\",\"breadcrumb\":{\"@id\":\"https:\\\/\\\/gnistan.fi\\\/iltapaivakerho\\\/#breadcrumb\"},\"inLanguage\":\"sv-SE\",\"potentialAction\":[{\"@type\":\"ReadAction\",\"target\":[\"https:\\\/\\\/gnistan.fi\\\/iltapaivakerho\\\/\"]}]},{\"@type\":\"ImageObject\",\"inLanguage\":\"sv-SE\",\"@id\":\"https:\\\/\\\/gnistan.fi\\\/iltapaivakerho\\\/#primaryimage\",\"url\":\"https:\\\/\\\/gnistan.fi\\\/wp-content\\\/uploads\\\/2024\\\/10\\\/IMG_4723-scaled-e1730108568808.jpg\",\"contentUrl\":\"https:\\\/\\\/gnistan.fi\\\/wp-content\\\/uploads\\\/2024\\\/10\\\/IMG_4723-scaled-e1730108568808.jpg\",\"width\":2560,\"height\":1344},{\"@type\":\"BreadcrumbList\",\"@id\":\"https:\\\/\\\/gnistan.fi\\\/iltapaivakerho\\\/#breadcrumb\",\"itemListElement\":[{\"@type\":\"ListItem\",\"position\":1,\"name\":\"Etusivu\",\"item\":\"https:\\\/\\\/gnistan.fi\\\/\"},{\"@type\":\"ListItem\",\"position\":2,\"name\":\"Gnistan iltap\u00e4iv\u00e4kerho\"}]},{\"@type\":\"WebSite\",\"@id\":\"https:\\\/\\\/gnistan.fi\\\/#website\",\"url\":\"https:\\\/\\\/gnistan.fi\\\/\",\"name\":\"IF Gnistan\",\"description\":\"Viralliset sivut\",\"publisher\":{\"@id\":\"https:\\\/\\\/gnistan.fi\\\/#organization\"},\"potentialAction\":[{\"@type\":\"SearchAction\",\"target\":{\"@type\":\"EntryPoint\",\"urlTemplate\":\"https:\\\/\\\/gnistan.fi\\\/?s={search_term_string}\"},\"query-input\":{\"@type\":\"PropertyValueSpecification\",\"valueRequired\":true,\"valueName\":\"search_term_string\"}}],\"inLanguage\":\"sv-SE\"},{\"@type\":\"Organization\",\"@id\":\"https:\\\/\\\/gnistan.fi\\\/#organization\",\"name\":\"IF Gnistan\",\"url\":\"https:\\\/\\\/gnistan.fi\\\/\",\"logo\":{\"@type\":\"ImageObject\",\"inLanguage\":\"sv-SE\",\"@id\":\"https:\\\/\\\/gnistan.fi\\\/#\\\/schema\\\/logo\\\/image\\\/\",\"url\":\"https:\\\/\\\/gnistan.fi\\\/wp-content\\\/uploads\\\/2019\\\/10\\\/if-gnistan-vector-logo.svg\",\"contentUrl\":\"https:\\\/\\\/gnistan.fi\\\/wp-content\\\/uploads\\\/2019\\\/10\\\/if-gnistan-vector-logo.svg\",\"width\":269,\"height\":314,\"caption\":\"IF Gnistan\"},\"image\":{\"@id\":\"https:\\\/\\\/gnistan.fi\\\/#\\\/schema\\\/logo\\\/image\\\/\"},\"sameAs\":[\"https:\\\/\\\/facebook.com\\\/ifgnistan\",\"https:\\\/\\\/x.com\\\/ifgnistan1924\",\"https:\\\/\\\/instagram.com\\\/ifgnistan1924\",\"https:\\\/\\\/www.linkedin.com\\\/company\\\/ifgnistan\\\/\"]}]}<\/script>\n<!-- \/ Yoast SEO plugin. -->","yoast_head_json":{"title":"Gnistan iltap\u00e4iv\u00e4kerho - IF Gnistan","description":"IF Gnistanin iltap\u00e4iv\u00e4kerho j\u00e4rjest\u00e4\u00e4 toimintaa koululaisille\u00a0turvallisessa ymp\u00e4rist\u00f6ss\u00e4 koulun tiloissa.","robots":{"index":"index","follow":"follow","max-snippet":"max-snippet:-1","max-image-preview":"max-image-preview:large","max-video-preview":"max-video-preview:-1"},"canonical":"https:\/\/gnistan.fi\/sv\/iltapaivakerho\/","og_locale":"sv_SE","og_type":"article","og_title":"Gnistan iltap\u00e4iv\u00e4kerho - IF Gnistan","og_description":"IF Gnistanin iltap\u00e4iv\u00e4kerho j\u00e4rjest\u00e4\u00e4 toimintaa koululaisille\u00a0turvallisessa ymp\u00e4rist\u00f6ss\u00e4 koulun tiloissa.","og_url":"https:\/\/gnistan.fi\/sv\/iltapaivakerho\/","og_site_name":"IF Gnistan","article_publisher":"https:\/\/facebook.com\/ifgnistan","article_modified_time":"2025-03-17T10:03:14+00:00","og_image":[{"width":2560,"height":1344,"url":"https:\/\/gnistan.fi\/wp-content\/uploads\/2024\/10\/IMG_4723-scaled-e1730108568808.jpg","type":"image\/jpeg"}],"twitter_card":"summary_large_image","twitter_site":"@ifgnistan1924","twitter_misc":{"Ber\u00e4knad l\u00e4stid":"2 minuter"},"schema":{"@context":"https:\/\/schema.org","@graph":[{"@type":"WebPage","@id":"https:\/\/gnistan.fi\/iltapaivakerho\/","url":"https:\/\/gnistan.fi\/iltapaivakerho\/","name":"Gnistan iltap\u00e4iv\u00e4kerho - IF Gnistan","isPartOf":{"@id":"https:\/\/gnistan.fi\/#website"},"primaryImageOfPage":{"@id":"https:\/\/gnistan.fi\/iltapaivakerho\/#primaryimage"},"image":{"@id":"https:\/\/gnistan.fi\/iltapaivakerho\/#primaryimage"},"thumbnailUrl":"https:\/\/gnistan.fi\/wp-content\/uploads\/2024\/10\/IMG_4723-scaled-e1730108568808.jpg","datePublished":"2021-03-22T18:37:25+00:00","dateModified":"2025-03-17T10:03:14+00:00","description":"IF Gnistanin iltap\u00e4iv\u00e4kerho j\u00e4rjest\u00e4\u00e4 toimintaa koululaisille\u00a0turvallisessa ymp\u00e4rist\u00f6ss\u00e4 koulun tiloissa.","breadcrumb":{"@id":"https:\/\/gnistan.fi\/iltapaivakerho\/#breadcrumb"},"inLanguage":"sv-SE","potentialAction":[{"@type":"ReadAction","target":["https:\/\/gnistan.fi\/iltapaivakerho\/"]}]},{"@type":"ImageObject","inLanguage":"sv-SE","@id":"https:\/\/gnistan.fi\/iltapaivakerho\/#primaryimage","url":"https:\/\/gnistan.fi\/wp-content\/uploads\/2024\/10\/IMG_4723-scaled-e1730108568808.jpg","contentUrl":"https:\/\/gnistan.fi\/wp-content\/uploads\/2024\/10\/IMG_4723-scaled-e1730108568808.jpg","width":2560,"height":1344},{"@type":"BreadcrumbList","@id":"https:\/\/gnistan.fi\/iltapaivakerho\/#breadcrumb","itemListElement":[{"@type":"ListItem","position":1,"name":"Etusivu","item":"https:\/\/gnistan.fi\/"},{"@type":"ListItem","position":2,"name":"Gnistan iltap\u00e4iv\u00e4kerho"}]},{"@type":"WebSite","@id":"https:\/\/gnistan.fi\/#website","url":"https:\/\/gnistan.fi\/","name":"IF Gnistan","description":"Viralliset sivut","publisher":{"@id":"https:\/\/gnistan.fi\/#organization"},"potentialAction":[{"@type":"SearchAction","target":{"@type":"EntryPoint","urlTemplate":"https:\/\/gnistan.fi\/?s={search_term_string}"},"query-input":{"@type":"PropertyValueSpecification","valueRequired":true,"valueName":"search_term_string"}}],"inLanguage":"sv-SE"},{"@type":"Organization","@id":"https:\/\/gnistan.fi\/#organization","name":"IF Gnistan","url":"https:\/\/gnistan.fi\/","logo":{"@type":"ImageObject","inLanguage":"sv-SE","@id":"https:\/\/gnistan.fi\/#\/schema\/logo\/image\/","url":"https:\/\/gnistan.fi\/wp-content\/uploads\/2019\/10\/if-gnistan-vector-logo.svg","contentUrl":"https:\/\/gnistan.fi\/wp-content\/uploads\/2019\/10\/if-gnistan-vector-logo.svg","width":269,"height":314,"caption":"IF Gnistan"},"image":{"@id":"https:\/\/gnistan.fi\/#\/schema\/logo\/image\/"},"sameAs":["https:\/\/facebook.com\/ifgnistan","https:\/\/x.com\/ifgnistan1924","https:\/\/instagram.com\/ifgnistan1924","https:\/\/www.linkedin.com\/company\/ifgnistan\/"]}]}},"jetpack_sharing_enabled":true,"_links":{"self":[{"href":"https:\/\/gnistan.fi\/sv\/wp-json\/wp\/v2\/pages\/18610","targetHints":{"allow":["GET"]}}],"collection":[{"href":"https:\/\/gnistan.fi\/sv\/wp-json\/wp\/v2\/pages"}],"about":[{"href":"https:\/\/gnistan.fi\/sv\/wp-json\/wp\/v2\/types\/page"}],"author":[{"embeddable":true,"href":"https:\/\/gnistan.fi\/sv\/wp-json\/wp\/v2\/users\/13"}],"replies":[{"embeddable":true,"href":"https:\/\/gnistan.fi\/sv\/wp-json\/wp\/v2\/comments?post=18610"}],"version-history":[{"count":12,"href":"https:\/\/gnistan.fi\/sv\/wp-json\/wp\/v2\/pages\/18610\/revisions"}],"predecessor-version":[{"id":38861,"href":"https:\/\/gnistan.fi\/sv\/wp-json\/wp\/v2\/pages\/18610\/revisions\/38861"}],"wp:featuredmedia":[{"embeddable":true,"href":"https:\/\/gnistan.fi\/sv\/wp-json\/wp\/v2\/media\/36666"}],"wp:attachment":[{"href":"https:\/\/gnistan.fi\/sv\/wp-json\/wp\/v2\/media?parent=18610"}],"curies":[{"name":"wp","href":"https:\/\/api.w.org\/{rel}","templated":true}]}}