{"id":17702,"date":"2021-01-14T13:22:25","date_gmt":"2021-01-14T11:22:25","guid":{"rendered":"https:\/\/gnistan.fi\/?page_id=17702"},"modified":"2021-04-15T14:18:13","modified_gmt":"2021-04-15T11:18:13","slug":"webinaarit","status":"publish","type":"page","link":"https:\/\/gnistan.fi\/sv\/webinaarit\/","title":{"rendered":"Webinaarit"},"content":{"rendered":"<div class=\"wp-block-buttons is-layout-flex wp-block-buttons-is-layout-flex\">\n<div class=\"wp-block-button is-style-fill\"><a class=\"wp-block-button__link has-background\" href=\"https:\/\/gnistan.fi\/sv\/webinars\/\" style=\"border-radius:50px;background-color:#001891\">           IN ENGLISH         <\/a><\/div>\n<\/div>\n\n\n\n<figure class=\"wp-block-image size-full is-style-default\"><img fetchpriority=\"high\" decoding=\"async\" width=\"1350\" height=\"759\" src=\"https:\/\/gnistan.fi\/wp-content\/uploads\/2021\/01\/WebinarsFinal.jpg\" alt=\"\" class=\"wp-image-17662\" srcset=\"https:\/\/gnistan.fi\/wp-content\/uploads\/2021\/01\/WebinarsFinal.jpg 1350w, https:\/\/gnistan.fi\/wp-content\/uploads\/2021\/01\/WebinarsFinal-600x337.jpg 600w, https:\/\/gnistan.fi\/wp-content\/uploads\/2021\/01\/WebinarsFinal-300x169.jpg 300w, https:\/\/gnistan.fi\/wp-content\/uploads\/2021\/01\/WebinarsFinal-1024x576.jpg 1024w, https:\/\/gnistan.fi\/wp-content\/uploads\/2021\/01\/WebinarsFinal-768x432.jpg 768w, https:\/\/gnistan.fi\/wp-content\/uploads\/2021\/01\/WebinarsFinal-128x72.jpg 128w, https:\/\/gnistan.fi\/wp-content\/uploads\/2021\/01\/WebinarsFinal-32x18.jpg 32w\" sizes=\"(max-width: 1350px) 100vw, 1350px\" \/><\/figure>\n\n\n\n<h3 class=\"wp-block-heading\"><strong>Gnistan j\u00e4rjest\u00e4\u00e4 High Performance Football -webinaareja kev\u00e4\u00e4n aikana.<\/strong><\/h3>\n\n\n\n<p>Kansainv\u00e4lisi\u00e4 jalkapalloilun eri osa-alueiden huippuasiantuntijoita saapuu vieraaksemme yhteens\u00e4 viiteen Zoom-webinaariin. Nyt sinulla on siis loistava mahdollisuus tulla kouluttautumaan ja laajentamaan tietotaitoasi!<\/p>\n\n\n\n<p>Webinaari-sarjassa pureudutaan syv\u00e4lle jalkapallovalmennuksen ytimeen. Mielenkiintoinen agenda pit\u00e4\u00e4 sis\u00e4ll\u00e4\u00e4n seuraavat aihealueet:<\/p>\n\n\n\n<ul class=\"wp-block-list\" id=\"block-54b7449a-d76d-4c4f-ae3c-70f976daeb82\"><li><strong>Squad Building &amp; Scouting Workflow<\/strong> \u2013 puhuja: <strong>Rodrigo Picchioni<\/strong> (BRA), Brasilian p\u00e4\u00e4sarjajoukkue Red Bull Bragantinon jalkapallo-operaatioiden avustaja.<\/li><li><strong>Impact of environmental constraints in football performance<\/strong> \u2013 puhuja: <strong>Hugo Pereira<\/strong> (POR), entinen Kolumbian maajoukkueen ja norjalaisen Rosenborgin valmentaja.<\/li><li><strong>Updating Running Performance in Football<\/strong> \u2013 puhuja: <strong>Christopher Carling<\/strong> (ENG), Ranskan jalkapalloliiton fyysisen valmennuksen vastaava.<\/li><li><strong>The Shakthar Methodology<\/strong> \u2013 puhuja: <strong>Vitor Severino<\/strong> (POR), Shakhtar Donetsin valmentaja.<\/li><li><strong><strong>What every Football Coach must know about goalkeeping<\/strong><\/strong> \u2013 puhuja: <strong>Jyri Nieminen<\/strong> (FIN), tuore MLS-seura New York Red Bullsin maalivahtivalmentaja.<\/li><\/ul>\n\n\n\n<p><\/p>\n\n\n\n<p>Webinaarien is\u00e4nt\u00e4n\u00e4 toimii IF Gnistanin p\u00e4\u00e4valmentaja <strong>Ricardo Duarte<\/strong>, joka omaa my\u00f6s mittavan akateemisen taustan valmentajien kouluttamisesta Lissabonin yliopistosta.<\/p>\n\n\n\n<p>Yksitt\u00e4isen webinaarin hinta on 35 \u20ac. Koko koulutuspaketin voit ostaa 115 \u20ac:n hintaan. Webinaarit j\u00e4rjestet\u00e4\u00e4n Zoom-webinaariohjelmalla. Maksaminen tapahtuu PayPal-palvelun kautta.<\/p>\n\n\n\n<p>Ilmoittautuaksesi kaikkiin koulutuksiin (115 \u20ac) l\u00e4het\u00e4 s\u00e4hk\u00f6posti webinars@gnistan.fi seuraavilla tiedoilla: koko nimi, laskutusosoite ja s\u00e4hk\u00f6posti.<\/p>\n\n\n\n<p>Mik\u00e4li et p\u00e4\u00e4se osallistumaan live-webinaariin on sinulla mahdollisuus my\u00f6s ostaa tallenne vastaavaan hintaan (35 \u20ac \/ 115 \u20ac). Rekister\u00f6idy normaalisti webinaareihin ja ilmoita asiasta meille s\u00e4hk\u00f6postitse (webinars@gnistan.fi). L\u00e4het\u00e4mme sinulle tallenteen j\u00e4lkik\u00e4teen katsottavaksi. <\/p>\n\n\n\n<p>Kaikki webinaarit toteutetaan englanniksi. Yksitt\u00e4isen webinaarin kesto on noin puolitoista tuntia.<\/p>\n\n\n\n<p><strong>Gnistan High Performance Webinaarien ohjelma:<\/strong><\/p>\n\n\n\n<hr class=\"wp-block-separator\"\/>\n\n\n\n<p><strong><span style=\"text-decoration: underline;\">Maanantai 25.1. klo 14:00<\/span><\/strong> (EET, Helsinki)<\/p>\n\n\n\n<p><strong>Rodrigo Picchioni \u2013 Squad Building &amp; Scouting Workflow<\/strong><\/p>\n\n\n\n<div class=\"wp-block-media-text alignwide is-stacked-on-mobile has-background\" style=\"background-color:#e4e4e4;grid-template-columns:30% auto\"><figure class=\"wp-block-media-text__media\"><img decoding=\"async\" width=\"400\" height=\"400\" src=\"https:\/\/gnistan.fi\/wp-content\/uploads\/2021\/01\/Rodrigo-Picchioni.jpg\" alt=\"\" class=\"wp-image-17707 size-full\" srcset=\"https:\/\/gnistan.fi\/wp-content\/uploads\/2021\/01\/Rodrigo-Picchioni.jpg 400w, https:\/\/gnistan.fi\/wp-content\/uploads\/2021\/01\/Rodrigo-Picchioni-300x300.jpg 300w, https:\/\/gnistan.fi\/wp-content\/uploads\/2021\/01\/Rodrigo-Picchioni-100x100.jpg 100w, https:\/\/gnistan.fi\/wp-content\/uploads\/2021\/01\/Rodrigo-Picchioni-150x150.jpg 150w, https:\/\/gnistan.fi\/wp-content\/uploads\/2021\/01\/Rodrigo-Picchioni-128x128.jpg 128w, https:\/\/gnistan.fi\/wp-content\/uploads\/2021\/01\/Rodrigo-Picchioni-32x32.jpg 32w\" sizes=\"(max-width: 400px) 100vw, 400px\" \/><\/figure><div class=\"wp-block-media-text__content\">\n<p>Brasilian p\u00e4\u00e4sarjan Red Bull Bragantinon jalkapallo-operaatioiden avustaja Rodrigo Picchioni esittelee prosessin menestyv\u00e4n joukkueen rakentamisessa sek\u00e4 pelaajatarkkailun ja -rekrytoinnin ty\u00f6nkulun organisoinnissa. Rodrigo on toiminut my\u00f6s Suomessa VPS:n analyytikkona sek\u00e4 valmentajana.<\/p>\n\n\n\n<p>Ilmoittaudu webinaariin&nbsp;<strong><a href=\"https:\/\/us02web.zoom.us\/webinar\/register\/WN_sdmOgZu4QaCyADox37HgYw\">t\u00e4st\u00e4.<\/a><\/strong><\/p>\n<\/div><\/div>\n\n\n\n<p><\/p>\n\n\n\n<hr class=\"wp-block-separator\"\/>\n\n\n\n<p><\/p>\n\n\n\n<p><strong><span class=\"has-inline-color has-black-color\"><span style=\"text-decoration: underline;\">Maanantai 15.2. klo 14:00<\/span><\/span><\/strong> (EET, Helsinki)<\/p>\n\n\n\n<p><strong>Hugo Pereira \u2013 Impact of environmental constraints in football performance<\/strong><\/p>\n\n\n\n<div class=\"wp-block-media-text alignwide is-stacked-on-mobile has-background\" style=\"background-color:#e4e4e4;grid-template-columns:29% auto\"><figure class=\"wp-block-media-text__media\"><img decoding=\"async\" width=\"374\" height=\"409\" src=\"https:\/\/gnistan.fi\/wp-content\/uploads\/2021\/01\/Hugo-Pereira-2.jpg\" alt=\"\" class=\"wp-image-17722 size-full\" srcset=\"https:\/\/gnistan.fi\/wp-content\/uploads\/2021\/01\/Hugo-Pereira-2.jpg 374w, https:\/\/gnistan.fi\/wp-content\/uploads\/2021\/01\/Hugo-Pereira-2-274x300.jpg 274w, https:\/\/gnistan.fi\/wp-content\/uploads\/2021\/01\/Hugo-Pereira-2-117x128.jpg 117w, https:\/\/gnistan.fi\/wp-content\/uploads\/2021\/01\/Hugo-Pereira-2-29x32.jpg 29w\" sizes=\"(max-width: 374px) 100vw, 374px\" \/><\/figure><div class=\"wp-block-media-text__content\">\n<p>Entinen Kolumbian maajoukkueen ja norjalaisen Rosenborgin valmentaja Hugo Pereira kertoo erilaisten olosuhteiden vaikutuksista jalkapallosuoritukseen. Pereira toimi Kolumbian maajoukkueessa&nbsp;<strong>Carlos Queirozin&nbsp;<\/strong>apuvalmentajana.<\/p>\n\n\n\n<p>Ilmoittaudu webinaariin&nbsp;<a href=\"https:\/\/us02web.zoom.us\/webinar\/register\/WN_ip-tV9E5SZOKqvZxXQia8A\"><strong>t\u00e4st\u00e4.<\/strong><\/a><\/p>\n<\/div><\/div>\n\n\n\n<p><\/p>\n\n\n\n<hr class=\"wp-block-separator\"\/>\n\n\n\n<p><\/p>\n\n\n\n<p><strong><span style=\"text-decoration: underline;\">Maanantai 15.3. klo 14:00<\/span><\/strong> (EET, Helsinki)<\/p>\n\n\n\n<p><strong>Christopher Carling \u2013 Updating Running Performance in Football<\/strong><\/p>\n\n\n\n<div class=\"wp-block-media-text alignwide is-stacked-on-mobile has-background\" style=\"background-color:#e4e4e4;grid-template-columns:31% auto\"><figure class=\"wp-block-media-text__media\"><img loading=\"lazy\" decoding=\"async\" width=\"443\" height=\"272\" src=\"https:\/\/gnistan.fi\/wp-content\/uploads\/2021\/01\/Christopher_Carling.jpg\" alt=\"\" class=\"wp-image-17717 size-full\" srcset=\"https:\/\/gnistan.fi\/wp-content\/uploads\/2021\/01\/Christopher_Carling.jpg 443w, https:\/\/gnistan.fi\/wp-content\/uploads\/2021\/01\/Christopher_Carling-300x184.jpg 300w, https:\/\/gnistan.fi\/wp-content\/uploads\/2021\/01\/Christopher_Carling-128x79.jpg 128w, https:\/\/gnistan.fi\/wp-content\/uploads\/2021\/01\/Christopher_Carling-32x20.jpg 32w\" sizes=\"(max-width: 443px) 100vw, 443px\" \/><\/figure><div class=\"wp-block-media-text__content\">\n<p>Ranskan jalkapalloliiton fyysisen valmennuksen vastaava Christopher Carling laajentaa ymm\u00e4rryst\u00e4mme pelaajien juoksusuorituksista ja liikkumismalleista jalkapallo-ottelun aikana. Carling on ty\u00f6skennellyt uransa aikana huippuymp\u00e4rist\u00f6iss\u00e4 kuten Manchester Unitedissa, Lilless\u00e4, Marseillessa ja PSG:ss\u00e4.<\/p>\n\n\n\n<p>Ilmoittaudu webinaariin&nbsp;<strong><a href=\"https:\/\/us02web.zoom.us\/webinar\/register\/WN_JV_-4Gp2SiKGvh7wro_y_g\">t\u00e4st\u00e4.<\/a><\/strong><\/p>\n<\/div><\/div>\n\n\n\n<p><\/p>\n\n\n\n<hr class=\"wp-block-separator\"\/>\n\n\n\n<p><\/p>\n\n\n\n<p><strong><span style=\"text-decoration: underline;\">Maanantai 19.4. klo 15:00<\/span><\/strong> (EET, Helsinki)<\/p>\n\n\n\n<p><strong>Vitor Severino \u2013 The Shakthar Methodology<\/strong><\/p>\n\n\n\n<div class=\"wp-block-media-text alignwide is-stacked-on-mobile has-background\" style=\"background-color:#e4e4e4;grid-template-columns:33% auto\"><figure class=\"wp-block-media-text__media\"><img loading=\"lazy\" decoding=\"async\" width=\"600\" height=\"599\" src=\"https:\/\/gnistan.fi\/wp-content\/uploads\/2021\/01\/Vitor-Severino.jpg\" alt=\"\" class=\"wp-image-17718 size-full\" srcset=\"https:\/\/gnistan.fi\/wp-content\/uploads\/2021\/01\/Vitor-Severino.jpg 600w, https:\/\/gnistan.fi\/wp-content\/uploads\/2021\/01\/Vitor-Severino-300x300.jpg 300w, https:\/\/gnistan.fi\/wp-content\/uploads\/2021\/01\/Vitor-Severino-100x100.jpg 100w, https:\/\/gnistan.fi\/wp-content\/uploads\/2021\/01\/Vitor-Severino-150x150.jpg 150w, https:\/\/gnistan.fi\/wp-content\/uploads\/2021\/01\/Vitor-Severino-128x128.jpg 128w, https:\/\/gnistan.fi\/wp-content\/uploads\/2021\/01\/Vitor-Severino-32x32.jpg 32w\" sizes=\"(max-width: 600px) 100vw, 600px\" \/><\/figure><div class=\"wp-block-media-text__content\">\n<p>Shakhtar Donetskin edustusjoukkueen valmentaja avaa metodologiaa ja valmennusprosessia ukrainalaisseuran viime aikaisissa menestyksiss\u00e4. Viime kauden Ukrainan mestarijoukkue on tunnettu voitoistaan Euroopan huippuseuroista kuten Zidanen Real Madridista ja Guardiolan Manchester Cityst\u00e4 sek\u00e4 my\u00f6s vahvasta pelaajakehityksest\u00e4\u00e4n.<\/p>\n\n\n\n<p>Ilmoittaudu webinaariin&nbsp;<strong><a href=\"https:\/\/us02web.zoom.us\/webinar\/register\/WN_V7kFUN9sT7-EmJ2R1MIjDQ\">t\u00e4st\u00e4.<\/a><\/strong><\/p>\n<\/div><\/div>\n\n\n\n<p><\/p>\n\n\n\n<hr class=\"wp-block-separator\"\/>\n\n\n\n<p><\/p>\n\n\n\n<p><strong><span style=\"text-decoration: underline;\">Maanantai 10.5. klo 14:00<\/span><\/strong> (EET, Helsinki)<\/p>\n\n\n\n<p><strong>Jyri Nieminen \u2013 <strong><strong><strong>What every Football Coach must know about goalkeeping<\/strong><\/strong><\/strong><\/strong><\/p>\n\n\n\n<div class=\"wp-block-media-text alignwide is-stacked-on-mobile has-background\" style=\"background-color:#e4e4e4;grid-template-columns:33% auto\"><figure class=\"wp-block-media-text__media\"><img loading=\"lazy\" decoding=\"async\" width=\"600\" height=\"528\" src=\"https:\/\/gnistan.fi\/wp-content\/uploads\/2021\/01\/Jyri-Nieminen.jpeg\" alt=\"\" class=\"wp-image-17719 size-full\" srcset=\"https:\/\/gnistan.fi\/wp-content\/uploads\/2021\/01\/Jyri-Nieminen.jpeg 600w, https:\/\/gnistan.fi\/wp-content\/uploads\/2021\/01\/Jyri-Nieminen-300x264.jpeg 300w, https:\/\/gnistan.fi\/wp-content\/uploads\/2021\/01\/Jyri-Nieminen-128x113.jpeg 128w, https:\/\/gnistan.fi\/wp-content\/uploads\/2021\/01\/Jyri-Nieminen-32x28.jpeg 32w\" sizes=\"(max-width: 600px) 100vw, 600px\" \/><\/figure><div class=\"wp-block-media-text__content\">\n<p>\u00c4skett\u00e4in MLS-seura New York Red Bullsin maalivahtivalmentajaksi nimitetty Nieminen kertoo mit\u00e4 jalkapallovalmentajan tulee tiet\u00e4\u00e4 maalivahdin roolista ja valmentamisesta osana joukkuetta. Nieminen omaa kattavan valmennuskokemuksen eri puolilta maailmaa mm. Aspire Akatemiasta, Qatarin nuorten maajoukkueesta, Yhdysvaltojen MLS -sarjasta ja Etel\u00e4-Amerikan p\u00e4\u00e4sarjasta.<\/p>\n\n\n\n<p>Ilmoittaudu webinaariin<strong>&nbsp;<a href=\"https:\/\/us02web.zoom.us\/webinar\/register\/WN_WdAf2rnLReyhkwgXrYEZzw\">t\u00e4st\u00e4.<\/a><\/strong><\/p>\n<\/div><\/div>","protected":false},"excerpt":{"rendered":"<p>Gnistan j\u00e4rjest\u00e4\u00e4 High Performance Football -webinaareja kev\u00e4\u00e4n aikana. Kansainv\u00e4lisi\u00e4 jalkapalloilun eri osa-alueiden huippuasiantuntijoita saapuu vieraaksemme yhteens\u00e4 viiteen Zoom-webinaariin. Nyt sinulla on siis loistava mahdollisuus tulla kouluttautumaan ja laajentamaan tietotaitoasi! Webinaari-sarjassa pureudutaan syv\u00e4lle jalkapallovalmennuksen ytimeen. Mielenkiintoinen agenda pit\u00e4\u00e4 sis\u00e4ll\u00e4\u00e4n seuraavat aihealueet: Squad Building &amp; Scouting Workflow \u2013 puhuja: Rodrigo Picchioni (BRA), Brasilian p\u00e4\u00e4sarjajoukkue Red Bull Bragantinon [&hellip;]<\/p>\n","protected":false},"author":4,"featured_media":17662,"parent":0,"menu_order":0,"comment_status":"closed","ping_status":"closed","template":"","meta":{"_acf_changed":false,"footnotes":""},"class_list":["post-17702","page","type-page","status-publish","has-post-thumbnail","hentry"],"acf":[],"yoast_head":"<!-- This site is optimized with the Yoast SEO plugin v27.3 - https:\/\/yoast.com\/product\/yoast-seo-wordpress\/ -->\n<title>Webinaarit - IF Gnistan<\/title>\n<meta name=\"robots\" content=\"index, follow, max-snippet:-1, max-image-preview:large, max-video-preview:-1\" \/>\n<link rel=\"canonical\" href=\"https:\/\/gnistan.fi\/sv\/webinaarit\/\" \/>\n<meta property=\"og:locale\" content=\"sv_SE\" \/>\n<meta property=\"og:type\" content=\"article\" \/>\n<meta property=\"og:title\" content=\"Webinaarit - IF Gnistan\" \/>\n<meta property=\"og:description\" content=\"Gnistan j\u00e4rjest\u00e4\u00e4 High Performance Football -webinaareja kev\u00e4\u00e4n aikana. Kansainv\u00e4lisi\u00e4 jalkapalloilun eri osa-alueiden huippuasiantuntijoita saapuu vieraaksemme yhteens\u00e4 viiteen Zoom-webinaariin. Nyt sinulla on siis loistava mahdollisuus tulla kouluttautumaan ja laajentamaan tietotaitoasi! Webinaari-sarjassa pureudutaan syv\u00e4lle jalkapallovalmennuksen ytimeen. Mielenkiintoinen agenda pit\u00e4\u00e4 sis\u00e4ll\u00e4\u00e4n seuraavat aihealueet: Squad Building &amp; Scouting Workflow \u2013 puhuja: Rodrigo Picchioni (BRA), Brasilian p\u00e4\u00e4sarjajoukkue Red Bull Bragantinon [&hellip;]\" \/>\n<meta property=\"og:url\" content=\"https:\/\/gnistan.fi\/sv\/webinaarit\/\" \/>\n<meta property=\"og:site_name\" content=\"IF Gnistan\" \/>\n<meta property=\"article:publisher\" content=\"https:\/\/facebook.com\/ifgnistan\" \/>\n<meta property=\"article:modified_time\" content=\"2021-04-15T11:18:13+00:00\" \/>\n<meta property=\"og:image\" content=\"https:\/\/gnistan.fi\/wp-content\/uploads\/2021\/01\/WebinarsFinal.jpg\" \/>\n\t<meta property=\"og:image:width\" content=\"1350\" \/>\n\t<meta property=\"og:image:height\" content=\"759\" \/>\n\t<meta property=\"og:image:type\" content=\"image\/jpeg\" \/>\n<meta name=\"twitter:card\" content=\"summary_large_image\" \/>\n<meta name=\"twitter:site\" content=\"@ifgnistan1924\" \/>\n<meta name=\"twitter:label1\" content=\"Ber\u00e4knad l\u00e4stid\" \/>\n\t<meta name=\"twitter:data1\" content=\"2 minuter\" \/>\n<script type=\"application\/ld+json\" class=\"yoast-schema-graph\">{\"@context\":\"https:\\\/\\\/schema.org\",\"@graph\":[{\"@type\":\"WebPage\",\"@id\":\"https:\\\/\\\/gnistan.fi\\\/webinaarit\\\/\",\"url\":\"https:\\\/\\\/gnistan.fi\\\/webinaarit\\\/\",\"name\":\"Webinaarit - IF Gnistan\",\"isPartOf\":{\"@id\":\"https:\\\/\\\/gnistan.fi\\\/#website\"},\"primaryImageOfPage\":{\"@id\":\"https:\\\/\\\/gnistan.fi\\\/webinaarit\\\/#primaryimage\"},\"image\":{\"@id\":\"https:\\\/\\\/gnistan.fi\\\/webinaarit\\\/#primaryimage\"},\"thumbnailUrl\":\"https:\\\/\\\/gnistan.fi\\\/wp-content\\\/uploads\\\/2021\\\/01\\\/WebinarsFinal.jpg\",\"datePublished\":\"2021-01-14T11:22:25+00:00\",\"dateModified\":\"2021-04-15T11:18:13+00:00\",\"breadcrumb\":{\"@id\":\"https:\\\/\\\/gnistan.fi\\\/webinaarit\\\/#breadcrumb\"},\"inLanguage\":\"sv-SE\",\"potentialAction\":[{\"@type\":\"ReadAction\",\"target\":[\"https:\\\/\\\/gnistan.fi\\\/webinaarit\\\/\"]}]},{\"@type\":\"ImageObject\",\"inLanguage\":\"sv-SE\",\"@id\":\"https:\\\/\\\/gnistan.fi\\\/webinaarit\\\/#primaryimage\",\"url\":\"https:\\\/\\\/gnistan.fi\\\/wp-content\\\/uploads\\\/2021\\\/01\\\/WebinarsFinal.jpg\",\"contentUrl\":\"https:\\\/\\\/gnistan.fi\\\/wp-content\\\/uploads\\\/2021\\\/01\\\/WebinarsFinal.jpg\",\"width\":1350,\"height\":759},{\"@type\":\"BreadcrumbList\",\"@id\":\"https:\\\/\\\/gnistan.fi\\\/webinaarit\\\/#breadcrumb\",\"itemListElement\":[{\"@type\":\"ListItem\",\"position\":1,\"name\":\"Etusivu\",\"item\":\"https:\\\/\\\/gnistan.fi\\\/\"},{\"@type\":\"ListItem\",\"position\":2,\"name\":\"Webinaarit\"}]},{\"@type\":\"WebSite\",\"@id\":\"https:\\\/\\\/gnistan.fi\\\/#website\",\"url\":\"https:\\\/\\\/gnistan.fi\\\/\",\"name\":\"IF Gnistan\",\"description\":\"Viralliset sivut\",\"publisher\":{\"@id\":\"https:\\\/\\\/gnistan.fi\\\/#organization\"},\"potentialAction\":[{\"@type\":\"SearchAction\",\"target\":{\"@type\":\"EntryPoint\",\"urlTemplate\":\"https:\\\/\\\/gnistan.fi\\\/?s={search_term_string}\"},\"query-input\":{\"@type\":\"PropertyValueSpecification\",\"valueRequired\":true,\"valueName\":\"search_term_string\"}}],\"inLanguage\":\"sv-SE\"},{\"@type\":\"Organization\",\"@id\":\"https:\\\/\\\/gnistan.fi\\\/#organization\",\"name\":\"IF Gnistan\",\"url\":\"https:\\\/\\\/gnistan.fi\\\/\",\"logo\":{\"@type\":\"ImageObject\",\"inLanguage\":\"sv-SE\",\"@id\":\"https:\\\/\\\/gnistan.fi\\\/#\\\/schema\\\/logo\\\/image\\\/\",\"url\":\"https:\\\/\\\/gnistan.fi\\\/wp-content\\\/uploads\\\/2019\\\/10\\\/if-gnistan-vector-logo.svg\",\"contentUrl\":\"https:\\\/\\\/gnistan.fi\\\/wp-content\\\/uploads\\\/2019\\\/10\\\/if-gnistan-vector-logo.svg\",\"width\":269,\"height\":314,\"caption\":\"IF Gnistan\"},\"image\":{\"@id\":\"https:\\\/\\\/gnistan.fi\\\/#\\\/schema\\\/logo\\\/image\\\/\"},\"sameAs\":[\"https:\\\/\\\/facebook.com\\\/ifgnistan\",\"https:\\\/\\\/x.com\\\/ifgnistan1924\",\"https:\\\/\\\/instagram.com\\\/ifgnistan1924\",\"https:\\\/\\\/www.linkedin.com\\\/company\\\/ifgnistan\\\/\"]}]}<\/script>\n<!-- \/ Yoast SEO plugin. -->","yoast_head_json":{"title":"Webinaarit - IF Gnistan","robots":{"index":"index","follow":"follow","max-snippet":"max-snippet:-1","max-image-preview":"max-image-preview:large","max-video-preview":"max-video-preview:-1"},"canonical":"https:\/\/gnistan.fi\/sv\/webinaarit\/","og_locale":"sv_SE","og_type":"article","og_title":"Webinaarit - IF Gnistan","og_description":"Gnistan j\u00e4rjest\u00e4\u00e4 High Performance Football -webinaareja kev\u00e4\u00e4n aikana. Kansainv\u00e4lisi\u00e4 jalkapalloilun eri osa-alueiden huippuasiantuntijoita saapuu vieraaksemme yhteens\u00e4 viiteen Zoom-webinaariin. Nyt sinulla on siis loistava mahdollisuus tulla kouluttautumaan ja laajentamaan tietotaitoasi! Webinaari-sarjassa pureudutaan syv\u00e4lle jalkapallovalmennuksen ytimeen. Mielenkiintoinen agenda pit\u00e4\u00e4 sis\u00e4ll\u00e4\u00e4n seuraavat aihealueet: Squad Building &amp; Scouting Workflow \u2013 puhuja: Rodrigo Picchioni (BRA), Brasilian p\u00e4\u00e4sarjajoukkue Red Bull Bragantinon [&hellip;]","og_url":"https:\/\/gnistan.fi\/sv\/webinaarit\/","og_site_name":"IF Gnistan","article_publisher":"https:\/\/facebook.com\/ifgnistan","article_modified_time":"2021-04-15T11:18:13+00:00","og_image":[{"width":1350,"height":759,"url":"https:\/\/gnistan.fi\/wp-content\/uploads\/2021\/01\/WebinarsFinal.jpg","type":"image\/jpeg"}],"twitter_card":"summary_large_image","twitter_site":"@ifgnistan1924","twitter_misc":{"Ber\u00e4knad l\u00e4stid":"2 minuter"},"schema":{"@context":"https:\/\/schema.org","@graph":[{"@type":"WebPage","@id":"https:\/\/gnistan.fi\/webinaarit\/","url":"https:\/\/gnistan.fi\/webinaarit\/","name":"Webinaarit - IF Gnistan","isPartOf":{"@id":"https:\/\/gnistan.fi\/#website"},"primaryImageOfPage":{"@id":"https:\/\/gnistan.fi\/webinaarit\/#primaryimage"},"image":{"@id":"https:\/\/gnistan.fi\/webinaarit\/#primaryimage"},"thumbnailUrl":"https:\/\/gnistan.fi\/wp-content\/uploads\/2021\/01\/WebinarsFinal.jpg","datePublished":"2021-01-14T11:22:25+00:00","dateModified":"2021-04-15T11:18:13+00:00","breadcrumb":{"@id":"https:\/\/gnistan.fi\/webinaarit\/#breadcrumb"},"inLanguage":"sv-SE","potentialAction":[{"@type":"ReadAction","target":["https:\/\/gnistan.fi\/webinaarit\/"]}]},{"@type":"ImageObject","inLanguage":"sv-SE","@id":"https:\/\/gnistan.fi\/webinaarit\/#primaryimage","url":"https:\/\/gnistan.fi\/wp-content\/uploads\/2021\/01\/WebinarsFinal.jpg","contentUrl":"https:\/\/gnistan.fi\/wp-content\/uploads\/2021\/01\/WebinarsFinal.jpg","width":1350,"height":759},{"@type":"BreadcrumbList","@id":"https:\/\/gnistan.fi\/webinaarit\/#breadcrumb","itemListElement":[{"@type":"ListItem","position":1,"name":"Etusivu","item":"https:\/\/gnistan.fi\/"},{"@type":"ListItem","position":2,"name":"Webinaarit"}]},{"@type":"WebSite","@id":"https:\/\/gnistan.fi\/#website","url":"https:\/\/gnistan.fi\/","name":"IF Gnistan","description":"Viralliset sivut","publisher":{"@id":"https:\/\/gnistan.fi\/#organization"},"potentialAction":[{"@type":"SearchAction","target":{"@type":"EntryPoint","urlTemplate":"https:\/\/gnistan.fi\/?s={search_term_string}"},"query-input":{"@type":"PropertyValueSpecification","valueRequired":true,"valueName":"search_term_string"}}],"inLanguage":"sv-SE"},{"@type":"Organization","@id":"https:\/\/gnistan.fi\/#organization","name":"IF Gnistan","url":"https:\/\/gnistan.fi\/","logo":{"@type":"ImageObject","inLanguage":"sv-SE","@id":"https:\/\/gnistan.fi\/#\/schema\/logo\/image\/","url":"https:\/\/gnistan.fi\/wp-content\/uploads\/2019\/10\/if-gnistan-vector-logo.svg","contentUrl":"https:\/\/gnistan.fi\/wp-content\/uploads\/2019\/10\/if-gnistan-vector-logo.svg","width":269,"height":314,"caption":"IF Gnistan"},"image":{"@id":"https:\/\/gnistan.fi\/#\/schema\/logo\/image\/"},"sameAs":["https:\/\/facebook.com\/ifgnistan","https:\/\/x.com\/ifgnistan1924","https:\/\/instagram.com\/ifgnistan1924","https:\/\/www.linkedin.com\/company\/ifgnistan\/"]}]}},"jetpack_sharing_enabled":true,"_links":{"self":[{"href":"https:\/\/gnistan.fi\/sv\/wp-json\/wp\/v2\/pages\/17702","targetHints":{"allow":["GET"]}}],"collection":[{"href":"https:\/\/gnistan.fi\/sv\/wp-json\/wp\/v2\/pages"}],"about":[{"href":"https:\/\/gnistan.fi\/sv\/wp-json\/wp\/v2\/types\/page"}],"author":[{"embeddable":true,"href":"https:\/\/gnistan.fi\/sv\/wp-json\/wp\/v2\/users\/4"}],"replies":[{"embeddable":true,"href":"https:\/\/gnistan.fi\/sv\/wp-json\/wp\/v2\/comments?post=17702"}],"version-history":[{"count":20,"href":"https:\/\/gnistan.fi\/sv\/wp-json\/wp\/v2\/pages\/17702\/revisions"}],"predecessor-version":[{"id":18823,"href":"https:\/\/gnistan.fi\/sv\/wp-json\/wp\/v2\/pages\/17702\/revisions\/18823"}],"wp:featuredmedia":[{"embeddable":true,"href":"https:\/\/gnistan.fi\/sv\/wp-json\/wp\/v2\/media\/17662"}],"wp:attachment":[{"href":"https:\/\/gnistan.fi\/sv\/wp-json\/wp\/v2\/media?parent=17702"}],"curies":[{"name":"wp","href":"https:\/\/api.w.org\/{rel}","templated":true}]}}