{"id":15753,"date":"2020-05-30T15:50:17","date_gmt":"2020-05-30T12:50:17","guid":{"rendered":"https:\/\/gnistan.fi\/?page_id=15753"},"modified":"2026-04-07T12:38:52","modified_gmt":"2026-04-07T09:38:52","slug":"wapputurnaus","status":"publish","type":"page","link":"https:\/\/gnistan.fi\/sv\/wapputurnaus\/","title":{"rendered":"Aktia Wapputurnaus 2026"},"content":{"rendered":"<h2 class=\"wp-block-heading has-text-align-center\" style=\"font-style:normal;font-weight:400\"><strong>Gnistanin jo perinteeksi muodostunut Wapputurnaus pelataan 9-10.5.2026.<\/strong><\/h2>\n\n\n\n<p>Gnistanin jo perinteeksi muodostunut Wapputurnaus pelataan 9-10.5.2026.<br>Turnaus pelataan loistavissa olosuhteissa Oulunkyl\u00e4n liikuntapuistossa Markku.fi- ja Pikkupekka Areenoilla osoitteessa K\u00e4skynhaltijantie 11, 00640 Helsinki.<\/p>\n\n\n\n<h3 class=\"wp-block-heading\">Ilmoittautuminen:<\/h3>\n\n\n\n<p><a href=\"https:\/\/forms.gle\/Kq4b5wW4PSBLidjw9\">https:\/\/forms.gle\/Kq4b5wW4PSBLidjw9<\/a><\/p>\n\n\n\n<p>Lis\u00e4tietoja: <a href=\"mailto:wapputurnaus.gnistan@gmail.com\">wapputurnaus.gnistan@gmail.com<\/a><\/p>\n\n\n\n<p><strong>Turnauksen ik\u00e4luokat\/sarjat sek\u00e4 osallistumismaksut:&nbsp; &nbsp; &nbsp; <\/strong><\/p>\n\n\n\n<p class=\"has-small-font-size\"><strong>Huom! Sarjojen p\u00e4iv\u00e4jako alustava.<\/strong><\/p>\n\n\n\n<p><strong>TURNAUS ON T\u00c4YNN\u00c4!<\/strong><\/p>\n\n\n\n<p><\/p>\n\n\n\n<h4 class=\"wp-block-heading\">P2016: KILPASARJA 170\u20ac\/joukkue<\/h4>\n\n\n\n<p>Viisi ottelua \/ joukkue, ottelut kahtena p\u00e4iv\u00e4n\u00e4, pelitapa 8v8, peliaika 1 x 25 min. Jatkopelit sijoituksen mukaan. Lohkojen 2 parasta v\u00e4lieriin.<\/p>\n\n\n\n<h4 class=\"wp-block-heading\">P2016: HAASTESARJA, HARRASTESARJA 150\u20ac\/joukkue<\/h4>\n\n\n\n<p>Nelj\u00e4 ottelua \/ joukkue, ottelut yhten\u00e4 p\u00e4iv\u00e4n\u00e4, pelitapa 8v8, peliaika 1 x 25 minuuttia. Haastesarjan pelit pelataan lauantaina ja harrastesarjan pelit sunnuntaina.<\/p>\n\n\n\n<h4 class=\"wp-block-heading\">P2017: KILPASARJA, HAASTESARJA, HARRASTESARJA 150\u20ac\/joukkue&nbsp;<\/h4>\n\n\n\n<p>Nelj\u00e4 ottelua \/ joukkue, ottelut yhten\u00e4 p\u00e4iv\u00e4n\u00e4, pelitapa 5v5, peliaika 1 x 25 minuuttia. Haastesarjan pelit pelataan launtaina ja kilpasarjan sek\u00e4 harrastesarjan pelit pelataan sunnuntaina.<\/p>\n\n\n\n<h4 class=\"wp-block-heading\">P2018: KILPASARJA, HAASTESARJA, HARRASTESARJA 150\u20ac\/joukkue&nbsp;<\/h4>\n\n\n\n<p>Nelj\u00e4 ottelua \/ joukkue, ottelut yhten\u00e4 p\u00e4iv\u00e4n\u00e4, pelitapa 5v5, peliaika 1 x 25 minuuttia. Haastesarjan sek\u00e4 harrastesarjan pelit pelataan lauantaina ja kilpasarjan pelit sunnuntaina.<\/p>\n\n\n\n<h4 class=\"wp-block-heading\">P2019\/2020: ENEMM\u00c4N PELANNEET, V\u00c4HEMM\u00c4N PELANNEET 130\u20ac\/joukkue<\/h4>\n\n\n\n<p>V\u00e4h. Kolme ottelua \/ joukkue, ottelut yhten\u00e4 p\u00e4iv\u00e4n\u00e4, pelitapa 5v5, peliaika 1 x 25 minuuttia. Enemm\u00e4n pelanneiden sarja pelataan lauantaina ja v\u00e4hemm\u00e4n pelanneiden sarja sunnuntaina.<\/p>\n\n\n\n<p>Peruutukset<\/p>\n\n\n\n<p>Osallistuminen voidaan perua 1.4.2026 asti ilman kustannuksia. T\u00e4m\u00e4n j\u00e4lkeen tapahtuneista peruutuksista perimme 50% osallistumismaksusta.<\/p>\n\n\n\n<h3 class=\"wp-block-heading\">S\u00e4\u00e4nn\u00f6t<\/h3>\n\n\n\n<p>Peliaika kaikissa sarjoissa 1 x 25min.<\/p>\n\n\n\n<p>Turnauksessa noudatetaan kaikissa sarjoissa palloliiton sarjakohtaisia s\u00e4\u00e4nt\u00f6j\u00e4 <a href=\"https:\/\/tulospalvelu.palloliitto.fi\/\">https:\/\/tulospalvelu.palloliitto.fi\/<\/a> &amp; <a href=\"https:\/\/www-assets.palloliitto.fi\/62562\/1712572887-kaikki-pelaa-saantojen-tiivistelma-2024-jalkapallo.pdf\">https:\/\/www-assets.palloliitto.fi\/62562\/1712572887-kaikki-pelaa-saantojen-tiivistelma-2024-jalkapallo.pdf<\/a> &amp; <a href=\"https:\/\/www.palloliitto.fi\/saannot-maaraykset-ja-ohjeet\">https:\/\/www.palloliitto.fi\/saannot-maaraykset-ja-ohjeet<\/a><\/p>\n\n\n\n<h3 class=\"wp-block-heading\">Palkinnot<\/h3>\n\n\n\n<p>Sarjassa \u201c2016 kilpa\u201d kolme parasta joukkuetta palkitaan mitalein (max. 14 pelaajaa \/ joukkue). Lis\u00e4ksi sarjan \u201d2016 kilpa\u201d voittajajoukkueelle jaetaan joukkuepalkinto.<\/p>\n\n\n\n<p>Muissa sarjoissa kaikki pelaajat palkitaan mitalein (P2016 haaste ja harrastesarjassa max. 14 pelaajaa \/ joukkue ja 5vs5 sarjoissa max. 10 pelaajaa \/ joukkue).&nbsp;<\/p>\n\n\n\n<p>Lis\u00e4ksi jokaisesta turnaukseen osallistuneesta joukkueesta palkitaan yksi pelaaja turnauspalkinnolla (tsemppari). Palkinnon saajan valitsee joukkueenjohto.<\/p>\n\n\n\n<p>Turnauksen j\u00e4rjestelyist\u00e4 vastaavat IF Gnistan P2016- ja P2017-joukkueet.<\/p>\n\n\n\n<p>Lis\u00e4tiedot: wapputurnaus.gnistan@gmail.com<\/p>\n\n\n\n<h2 class=\"wp-block-heading\">Turnauksen p\u00e4\u00e4sponsori<\/h2>\n\n\n\n<figure class=\"wp-block-image size-large is-resized\"><a href=\"https:\/\/www.aktia.fi\/fi\/uutisarkisto\/uutinen\/2024\/03\/11\/pankin-vaihto-on-mahdollisuus-me-palvelemme-sinua-henkilokohtaisesti-ja-teemme-pankinvaihdosta-sinulle-helppoa?cid=par-Gnistan-sponsorointi_2024_skpl\"><img fetchpriority=\"high\" decoding=\"async\" width=\"1024\" height=\"361\" src=\"https:\/\/gnistan.fi\/wp-content\/uploads\/2024\/11\/Aktia-logo-1024x361.png\" alt=\"\" class=\"wp-image-36713\" style=\"width:411px;height:auto\" srcset=\"https:\/\/gnistan.fi\/wp-content\/uploads\/2024\/11\/Aktia-logo-1024x361.png 1024w, https:\/\/gnistan.fi\/wp-content\/uploads\/2024\/11\/Aktia-logo-300x106.png 300w, https:\/\/gnistan.fi\/wp-content\/uploads\/2024\/11\/Aktia-logo-768x271.png 768w, https:\/\/gnistan.fi\/wp-content\/uploads\/2024\/11\/Aktia-logo-1536x542.png 1536w, https:\/\/gnistan.fi\/wp-content\/uploads\/2024\/11\/Aktia-logo-2048x723.png 2048w, https:\/\/gnistan.fi\/wp-content\/uploads\/2024\/11\/Aktia-logo-18x6.png 18w, https:\/\/gnistan.fi\/wp-content\/uploads\/2024\/11\/Aktia-logo-600x212.png 600w\" sizes=\"(max-width: 1024px) 100vw, 1024px\" \/><\/a><\/figure>\n\n\n\n<p><a href=\"https:\/\/www.aktia.fi\/fi\/uutisarkisto\/uutinen\/2024\/03\/11\/pankin-vaihto-on-mahdollisuus-me-palvelemme-sinua-henkilokohtaisesti-ja-teemme-pankinvaihdosta-sinulle-helppoa?cid=par-Gnistan-sponsorointi_2024_skpl\"><\/a><\/p>\n\n\n\n<p><\/p>","protected":false},"excerpt":{"rendered":"<p>Gnistanin jo perinteeksi muodostunut Wapputurnaus pelataan 9-10.5.2026. Gnistanin jo perinteeksi muodostunut Wapputurnaus pelataan 9-10.5.2026.Turnaus pelataan loistavissa olosuhteissa Oulunkyl\u00e4n liikuntapuistossa Markku.fi- ja Pikkupekka Areenoilla osoitteessa K\u00e4skynhaltijantie 11, 00640 Helsinki. Ilmoittautuminen: https:\/\/forms.gle\/Kq4b5wW4PSBLidjw9 Lis\u00e4tietoja: wapputurnaus.gnistan@gmail.com Turnauksen ik\u00e4luokat\/sarjat sek\u00e4 osallistumismaksut:&nbsp; &nbsp; &nbsp; Huom! Sarjojen p\u00e4iv\u00e4jako alustava. TURNAUS ON T\u00c4YNN\u00c4! P2016: KILPASARJA 170\u20ac\/joukkue Viisi ottelua \/ joukkue, ottelut kahtena p\u00e4iv\u00e4n\u00e4, [&hellip;]<\/p>\n","protected":false},"author":8,"featured_media":44505,"parent":0,"menu_order":0,"comment_status":"closed","ping_status":"closed","template":"","meta":{"_acf_changed":false,"footnotes":""},"class_list":["post-15753","page","type-page","status-publish","has-post-thumbnail","hentry"],"acf":[],"yoast_head":"<!-- This site is optimized with the Yoast SEO plugin v27.3 - https:\/\/yoast.com\/product\/yoast-seo-wordpress\/ -->\n<title>Aktia Wapputurnaus 2026 - IF Gnistan<\/title>\n<meta name=\"robots\" content=\"index, follow, max-snippet:-1, max-image-preview:large, max-video-preview:-1\" \/>\n<link rel=\"canonical\" href=\"https:\/\/gnistan.fi\/sv\/wapputurnaus\/\" \/>\n<meta property=\"og:locale\" content=\"sv_SE\" \/>\n<meta property=\"og:type\" content=\"article\" \/>\n<meta property=\"og:title\" content=\"Aktia Wapputurnaus 2026 - IF Gnistan\" \/>\n<meta property=\"og:description\" content=\"Gnistanin jo perinteeksi muodostunut Wapputurnaus pelataan 9-10.5.2026. Gnistanin jo perinteeksi muodostunut Wapputurnaus pelataan 9-10.5.2026.Turnaus pelataan loistavissa olosuhteissa Oulunkyl\u00e4n liikuntapuistossa Markku.fi- ja Pikkupekka Areenoilla osoitteessa K\u00e4skynhaltijantie 11, 00640 Helsinki. Ilmoittautuminen: https:\/\/forms.gle\/Kq4b5wW4PSBLidjw9 Lis\u00e4tietoja: wapputurnaus.gnistan@gmail.com Turnauksen ik\u00e4luokat\/sarjat sek\u00e4 osallistumismaksut:&nbsp; &nbsp; &nbsp; Huom! Sarjojen p\u00e4iv\u00e4jako alustava. TURNAUS ON T\u00c4YNN\u00c4! P2016: KILPASARJA 170\u20ac\/joukkue Viisi ottelua \/ joukkue, ottelut kahtena p\u00e4iv\u00e4n\u00e4, [&hellip;]\" \/>\n<meta property=\"og:url\" content=\"https:\/\/gnistan.fi\/sv\/wapputurnaus\/\" \/>\n<meta property=\"og:site_name\" content=\"IF Gnistan\" \/>\n<meta property=\"article:publisher\" content=\"https:\/\/facebook.com\/ifgnistan\" \/>\n<meta property=\"article:modified_time\" content=\"2026-04-07T09:38:52+00:00\" \/>\n<meta property=\"og:image\" content=\"https:\/\/gnistan.fi\/wp-content\/uploads\/2026\/03\/Kuva-20.3.2026-klo-16.38.jpeg\" \/>\n\t<meta property=\"og:image:width\" content=\"1974\" \/>\n\t<meta property=\"og:image:height\" content=\"1316\" \/>\n\t<meta property=\"og:image:type\" content=\"image\/jpeg\" \/>\n<meta name=\"twitter:card\" content=\"summary_large_image\" \/>\n<meta name=\"twitter:site\" content=\"@ifgnistan1924\" \/>\n<meta name=\"twitter:label1\" content=\"Ber\u00e4knad l\u00e4stid\" \/>\n\t<meta name=\"twitter:data1\" content=\"3 minuter\" \/>\n<script type=\"application\/ld+json\" class=\"yoast-schema-graph\">{\"@context\":\"https:\\\/\\\/schema.org\",\"@graph\":[{\"@type\":\"WebPage\",\"@id\":\"https:\\\/\\\/gnistan.fi\\\/wapputurnaus\\\/\",\"url\":\"https:\\\/\\\/gnistan.fi\\\/wapputurnaus\\\/\",\"name\":\"Aktia Wapputurnaus 2026 - IF Gnistan\",\"isPartOf\":{\"@id\":\"https:\\\/\\\/gnistan.fi\\\/#website\"},\"primaryImageOfPage\":{\"@id\":\"https:\\\/\\\/gnistan.fi\\\/wapputurnaus\\\/#primaryimage\"},\"image\":{\"@id\":\"https:\\\/\\\/gnistan.fi\\\/wapputurnaus\\\/#primaryimage\"},\"thumbnailUrl\":\"https:\\\/\\\/gnistan.fi\\\/wp-content\\\/uploads\\\/2026\\\/03\\\/Kuva-20.3.2026-klo-16.38.jpeg\",\"datePublished\":\"2020-05-30T12:50:17+00:00\",\"dateModified\":\"2026-04-07T09:38:52+00:00\",\"breadcrumb\":{\"@id\":\"https:\\\/\\\/gnistan.fi\\\/wapputurnaus\\\/#breadcrumb\"},\"inLanguage\":\"sv-SE\",\"potentialAction\":[{\"@type\":\"ReadAction\",\"target\":[\"https:\\\/\\\/gnistan.fi\\\/wapputurnaus\\\/\"]}]},{\"@type\":\"ImageObject\",\"inLanguage\":\"sv-SE\",\"@id\":\"https:\\\/\\\/gnistan.fi\\\/wapputurnaus\\\/#primaryimage\",\"url\":\"https:\\\/\\\/gnistan.fi\\\/wp-content\\\/uploads\\\/2026\\\/03\\\/Kuva-20.3.2026-klo-16.38.jpeg\",\"contentUrl\":\"https:\\\/\\\/gnistan.fi\\\/wp-content\\\/uploads\\\/2026\\\/03\\\/Kuva-20.3.2026-klo-16.38.jpeg\",\"width\":1974,\"height\":1316},{\"@type\":\"BreadcrumbList\",\"@id\":\"https:\\\/\\\/gnistan.fi\\\/wapputurnaus\\\/#breadcrumb\",\"itemListElement\":[{\"@type\":\"ListItem\",\"position\":1,\"name\":\"Etusivu\",\"item\":\"https:\\\/\\\/gnistan.fi\\\/\"},{\"@type\":\"ListItem\",\"position\":2,\"name\":\"Aktia Wapputurnaus 2026\"}]},{\"@type\":\"WebSite\",\"@id\":\"https:\\\/\\\/gnistan.fi\\\/#website\",\"url\":\"https:\\\/\\\/gnistan.fi\\\/\",\"name\":\"IF Gnistan\",\"description\":\"Viralliset sivut\",\"publisher\":{\"@id\":\"https:\\\/\\\/gnistan.fi\\\/#organization\"},\"potentialAction\":[{\"@type\":\"SearchAction\",\"target\":{\"@type\":\"EntryPoint\",\"urlTemplate\":\"https:\\\/\\\/gnistan.fi\\\/?s={search_term_string}\"},\"query-input\":{\"@type\":\"PropertyValueSpecification\",\"valueRequired\":true,\"valueName\":\"search_term_string\"}}],\"inLanguage\":\"sv-SE\"},{\"@type\":\"Organization\",\"@id\":\"https:\\\/\\\/gnistan.fi\\\/#organization\",\"name\":\"IF Gnistan\",\"url\":\"https:\\\/\\\/gnistan.fi\\\/\",\"logo\":{\"@type\":\"ImageObject\",\"inLanguage\":\"sv-SE\",\"@id\":\"https:\\\/\\\/gnistan.fi\\\/#\\\/schema\\\/logo\\\/image\\\/\",\"url\":\"https:\\\/\\\/gnistan.fi\\\/wp-content\\\/uploads\\\/2019\\\/10\\\/if-gnistan-vector-logo.svg\",\"contentUrl\":\"https:\\\/\\\/gnistan.fi\\\/wp-content\\\/uploads\\\/2019\\\/10\\\/if-gnistan-vector-logo.svg\",\"width\":269,\"height\":314,\"caption\":\"IF Gnistan\"},\"image\":{\"@id\":\"https:\\\/\\\/gnistan.fi\\\/#\\\/schema\\\/logo\\\/image\\\/\"},\"sameAs\":[\"https:\\\/\\\/facebook.com\\\/ifgnistan\",\"https:\\\/\\\/x.com\\\/ifgnistan1924\",\"https:\\\/\\\/instagram.com\\\/ifgnistan1924\",\"https:\\\/\\\/www.linkedin.com\\\/company\\\/ifgnistan\\\/\"]}]}<\/script>\n<!-- \/ Yoast SEO plugin. -->","yoast_head_json":{"title":"Aktia Wapputurnaus 2026 - IF Gnistan","robots":{"index":"index","follow":"follow","max-snippet":"max-snippet:-1","max-image-preview":"max-image-preview:large","max-video-preview":"max-video-preview:-1"},"canonical":"https:\/\/gnistan.fi\/sv\/wapputurnaus\/","og_locale":"sv_SE","og_type":"article","og_title":"Aktia Wapputurnaus 2026 - IF Gnistan","og_description":"Gnistanin jo perinteeksi muodostunut Wapputurnaus pelataan 9-10.5.2026. Gnistanin jo perinteeksi muodostunut Wapputurnaus pelataan 9-10.5.2026.Turnaus pelataan loistavissa olosuhteissa Oulunkyl\u00e4n liikuntapuistossa Markku.fi- ja Pikkupekka Areenoilla osoitteessa K\u00e4skynhaltijantie 11, 00640 Helsinki. Ilmoittautuminen: https:\/\/forms.gle\/Kq4b5wW4PSBLidjw9 Lis\u00e4tietoja: wapputurnaus.gnistan@gmail.com Turnauksen ik\u00e4luokat\/sarjat sek\u00e4 osallistumismaksut:&nbsp; &nbsp; &nbsp; Huom! Sarjojen p\u00e4iv\u00e4jako alustava. TURNAUS ON T\u00c4YNN\u00c4! P2016: KILPASARJA 170\u20ac\/joukkue Viisi ottelua \/ joukkue, ottelut kahtena p\u00e4iv\u00e4n\u00e4, [&hellip;]","og_url":"https:\/\/gnistan.fi\/sv\/wapputurnaus\/","og_site_name":"IF Gnistan","article_publisher":"https:\/\/facebook.com\/ifgnistan","article_modified_time":"2026-04-07T09:38:52+00:00","og_image":[{"width":1974,"height":1316,"url":"https:\/\/gnistan.fi\/wp-content\/uploads\/2026\/03\/Kuva-20.3.2026-klo-16.38.jpeg","type":"image\/jpeg"}],"twitter_card":"summary_large_image","twitter_site":"@ifgnistan1924","twitter_misc":{"Ber\u00e4knad l\u00e4stid":"3 minuter"},"schema":{"@context":"https:\/\/schema.org","@graph":[{"@type":"WebPage","@id":"https:\/\/gnistan.fi\/wapputurnaus\/","url":"https:\/\/gnistan.fi\/wapputurnaus\/","name":"Aktia Wapputurnaus 2026 - IF Gnistan","isPartOf":{"@id":"https:\/\/gnistan.fi\/#website"},"primaryImageOfPage":{"@id":"https:\/\/gnistan.fi\/wapputurnaus\/#primaryimage"},"image":{"@id":"https:\/\/gnistan.fi\/wapputurnaus\/#primaryimage"},"thumbnailUrl":"https:\/\/gnistan.fi\/wp-content\/uploads\/2026\/03\/Kuva-20.3.2026-klo-16.38.jpeg","datePublished":"2020-05-30T12:50:17+00:00","dateModified":"2026-04-07T09:38:52+00:00","breadcrumb":{"@id":"https:\/\/gnistan.fi\/wapputurnaus\/#breadcrumb"},"inLanguage":"sv-SE","potentialAction":[{"@type":"ReadAction","target":["https:\/\/gnistan.fi\/wapputurnaus\/"]}]},{"@type":"ImageObject","inLanguage":"sv-SE","@id":"https:\/\/gnistan.fi\/wapputurnaus\/#primaryimage","url":"https:\/\/gnistan.fi\/wp-content\/uploads\/2026\/03\/Kuva-20.3.2026-klo-16.38.jpeg","contentUrl":"https:\/\/gnistan.fi\/wp-content\/uploads\/2026\/03\/Kuva-20.3.2026-klo-16.38.jpeg","width":1974,"height":1316},{"@type":"BreadcrumbList","@id":"https:\/\/gnistan.fi\/wapputurnaus\/#breadcrumb","itemListElement":[{"@type":"ListItem","position":1,"name":"Etusivu","item":"https:\/\/gnistan.fi\/"},{"@type":"ListItem","position":2,"name":"Aktia Wapputurnaus 2026"}]},{"@type":"WebSite","@id":"https:\/\/gnistan.fi\/#website","url":"https:\/\/gnistan.fi\/","name":"IF Gnistan","description":"Viralliset sivut","publisher":{"@id":"https:\/\/gnistan.fi\/#organization"},"potentialAction":[{"@type":"SearchAction","target":{"@type":"EntryPoint","urlTemplate":"https:\/\/gnistan.fi\/?s={search_term_string}"},"query-input":{"@type":"PropertyValueSpecification","valueRequired":true,"valueName":"search_term_string"}}],"inLanguage":"sv-SE"},{"@type":"Organization","@id":"https:\/\/gnistan.fi\/#organization","name":"IF Gnistan","url":"https:\/\/gnistan.fi\/","logo":{"@type":"ImageObject","inLanguage":"sv-SE","@id":"https:\/\/gnistan.fi\/#\/schema\/logo\/image\/","url":"https:\/\/gnistan.fi\/wp-content\/uploads\/2019\/10\/if-gnistan-vector-logo.svg","contentUrl":"https:\/\/gnistan.fi\/wp-content\/uploads\/2019\/10\/if-gnistan-vector-logo.svg","width":269,"height":314,"caption":"IF Gnistan"},"image":{"@id":"https:\/\/gnistan.fi\/#\/schema\/logo\/image\/"},"sameAs":["https:\/\/facebook.com\/ifgnistan","https:\/\/x.com\/ifgnistan1924","https:\/\/instagram.com\/ifgnistan1924","https:\/\/www.linkedin.com\/company\/ifgnistan\/"]}]}},"jetpack_sharing_enabled":true,"_links":{"self":[{"href":"https:\/\/gnistan.fi\/sv\/wp-json\/wp\/v2\/pages\/15753","targetHints":{"allow":["GET"]}}],"collection":[{"href":"https:\/\/gnistan.fi\/sv\/wp-json\/wp\/v2\/pages"}],"about":[{"href":"https:\/\/gnistan.fi\/sv\/wp-json\/wp\/v2\/types\/page"}],"author":[{"embeddable":true,"href":"https:\/\/gnistan.fi\/sv\/wp-json\/wp\/v2\/users\/8"}],"replies":[{"embeddable":true,"href":"https:\/\/gnistan.fi\/sv\/wp-json\/wp\/v2\/comments?post=15753"}],"version-history":[{"count":20,"href":"https:\/\/gnistan.fi\/sv\/wp-json\/wp\/v2\/pages\/15753\/revisions"}],"predecessor-version":[{"id":44879,"href":"https:\/\/gnistan.fi\/sv\/wp-json\/wp\/v2\/pages\/15753\/revisions\/44879"}],"wp:featuredmedia":[{"embeddable":true,"href":"https:\/\/gnistan.fi\/sv\/wp-json\/wp\/v2\/media\/44505"}],"wp:attachment":[{"href":"https:\/\/gnistan.fi\/sv\/wp-json\/wp\/v2\/media?parent=15753"}],"curies":[{"name":"wp","href":"https:\/\/api.w.org\/{rel}","templated":true}]}}