{"id":15235,"date":"2020-03-05T14:13:46","date_gmt":"2020-03-05T12:13:46","guid":{"rendered":"https:\/\/gnistan.fi\/?page_id=15235"},"modified":"2026-01-08T17:10:50","modified_gmt":"2026-01-08T15:10:50","slug":"seuran-maksut","status":"publish","type":"page","link":"https:\/\/gnistan.fi\/sv\/seuran-maksut\/","title":{"rendered":"Seuran maksut 2026"},"content":{"rendered":"<p><strong>Seuran j\u00e4senmaksu:<\/strong>\u00a0Seuran j\u00e4senmaksu on 40 \u20ac kaikille j\u00e4senille, jotka ovat s\u00e4\u00e4nn\u00f6llisess\u00e4 toiminnassa mukana (ei kurssit). J\u00e4senmaksu laskutetaan tammikuun alussa tai j\u00e4senen ilmoittautuessa seuraan 1.1-30.9 aikana.<\/p>\n\n\n\n<p><strong>Seuramaksu:<\/strong>\u00a0Junioripelaajan seuramaksu on 160 \u20ac (1.1-30.6) tai aloittaessaan my\u00f6hemmin 80 \u20ac (1.7-30.9). Nuorempien sisarusten seuramaksu on 80 \u20ac (1.1-30.6) tai 40 \u20ac (1.7-30.9).<\/p>\n\n\n\n<p>Aikuispelaajan seuramaksu on 80 \u20ac (1.1-30.6) tai 40 \u20ac (1.7-30.9). Aikuisten seuramaksu ei kata sarjaosallistumisia, vaan ne laskutetaan&nbsp;erikseen.<\/p>\n\n\n\n<p>Seuramaksun voi maksaa yhdess\u00e4 er\u00e4ss\u00e4 tammikuussa tai enimmill\u00e4\u00e4n kolmessa er\u00e4ss\u00e4 (tammikuu, maaliskuu, toukokuu) merkitsem\u00e4ll\u00e4 er\u00e4t Myclubissa&nbsp;31.12.2025 menness\u00e4.<\/p>\n\n\n\n<p>Seuran laskuttamista maksuista&nbsp;seuramaksu kattaa j\u00e4senpalvelut, MyClubin, hallintopalvelut, joukkueiden tukipalvelut, kokoustilat ja ty\u00f6tilat, vapaaehtoistoimijoiden ja pelaajien koulutusmaksuja ja seuran tapahtumia. Lis\u00e4ksi se kattaa Palloliiton sarjojen osallistumis-, tuomari- ja kentt\u00e4maksut (huom vain kes\u00e4sarjat)<\/p>\n\n\n\n<p>&#8212;&#8212;&#8212;&#8212;&#8212;&#8212;&#8212;&#8212;&#8212;&#8212;&#8212;&#8212;&#8212;&#8212;&#8212;&#8212;&#8212;&#8212;&#8212;&#8212;&#8212;&#8212;&#8212;&#8212;&#8212;&#8212;&#8212;&#8212;&#8212;&#8212;&#8212;&#8212;&#8212;&#8212;&#8212;&#8212;&#8212;&#8212;&#8212;&#8212;&#8212;&#8211;<\/p>\n\n\n\n<p><strong>Club Membership Fee:<\/strong><br>The club membership fee is \u20ac40 for all members who participate in regular activities (not courses). The membership fee is invoiced at the beginning of January or when a member registers with the club between 1 January and 30 September.<\/p>\n\n\n\n<p><strong>Club Fee:<\/strong><br>The club fee for junior players is 160 \u20ac (1 January\u201330 June), or 80 \u20ac if they start later (1 July\u201330 September). The club fee for younger siblings is 80 \u20ac (1 January\u201330 June) or 40 \u20ac (1 July\u201330 September).<\/p>\n\n\n\n<p>The club fee for adult players is 80 \u20ac (1 January\u201330 June) or 40 \u20ac (1 July\u201330 September). The adult membership fee does not cover series participation, which will be invoiced separately.<\/p>\n\n\n\n<p>The club fee can be paid in one instalment in January or in up to three instalments (January, March, May) by entering the instalment preference in MyClub no later than 31 December 2025.<\/p>\n\n\n\n<p>From the fees collected by the club, the club fee covers member services, MyClub, administrative services, support services for teams, meeting rooms and workspaces, education costs for volunteers and players, and club events. It also covers the Finnish Football Association\u2019s league participation, referee, and field fees (note: summer leagues only).<\/p>\n\n\n\n<p>&#8212;&#8212;&#8212;&#8212;&#8212;&#8212;&#8212;&#8212;&#8212;&#8212;&#8212;&#8212;&#8212;&#8212;&#8212;&#8212;&#8212;&#8212;&#8212;&#8212;&#8212;&#8212;&#8212;&#8212;&#8212;&#8212;&#8212;&#8212;&#8212;&#8212;&#8212;&#8212;&#8212;&#8212;&#8212;&#8212;&#8212;&#8212;&#8212;&#8212;&#8212;&#8211;<\/p>\n\n\n\n<div data-wp-interactive=\"core\/file\" class=\"wp-block-file\"><object data-wp-bind--hidden=\"!state.hasPdfPreview\" hidden class=\"wp-block-file__embed\" data=\"https:\/\/gnistan.fi\/wp-content\/uploads\/2025\/12\/SEURAN-LINJAUKSET-MAKSUPOIKKEUKSIIN_2026.pdf\" type=\"application\/pdf\" style=\"width:100%;height:392px\" aria-label=\"Inb\u00e4ddning av SEURAN LINJAUKSET MAKSUPOIKKEUKSIIN_2026.\"><\/object><a id=\"wp-block-file--media-7f10b0f5-8b30-4ef7-ac9b-bc787146493e\" href=\"https:\/\/gnistan.fi\/wp-content\/uploads\/2025\/12\/SEURAN-LINJAUKSET-MAKSUPOIKKEUKSIIN_2026.pdf\">SEURAN LINJAUKSET MAKSUPOIKKEUKSIIN_2026<\/a><a href=\"https:\/\/gnistan.fi\/wp-content\/uploads\/2025\/12\/SEURAN-LINJAUKSET-MAKSUPOIKKEUKSIIN_2026.pdf\" class=\"wp-block-file__button wp-element-button\" download aria-describedby=\"wp-block-file--media-7f10b0f5-8b30-4ef7-ac9b-bc787146493e\">Ladda ner<\/a><\/div>\n\n\n\n<p><\/p>","protected":false},"excerpt":{"rendered":"<p>Seuran j\u00e4senmaksu:\u00a0Seuran j\u00e4senmaksu on 40 \u20ac kaikille j\u00e4senille, jotka ovat s\u00e4\u00e4nn\u00f6llisess\u00e4 toiminnassa mukana (ei kurssit). J\u00e4senmaksu laskutetaan tammikuun alussa tai j\u00e4senen ilmoittautuessa seuraan 1.1-30.9 aikana. Seuramaksu:\u00a0Junioripelaajan seuramaksu on 160 \u20ac (1.1-30.6) tai aloittaessaan my\u00f6hemmin 80 \u20ac (1.7-30.9). Nuorempien sisarusten seuramaksu on 80 \u20ac (1.1-30.6) tai 40 \u20ac (1.7-30.9). Aikuispelaajan seuramaksu on 80 \u20ac (1.1-30.6) tai [&hellip;]<\/p>\n","protected":false},"author":8,"featured_media":36703,"parent":0,"menu_order":0,"comment_status":"closed","ping_status":"closed","template":"","meta":{"_acf_changed":false,"footnotes":""},"class_list":["post-15235","page","type-page","status-publish","has-post-thumbnail","hentry"],"acf":[],"yoast_head":"<!-- This site is optimized with the Yoast SEO plugin v27.3 - https:\/\/yoast.com\/product\/yoast-seo-wordpress\/ -->\n<title>Seuran maksut 2026 - IF Gnistan<\/title>\n<meta name=\"robots\" content=\"index, follow, max-snippet:-1, max-image-preview:large, max-video-preview:-1\" \/>\n<link rel=\"canonical\" href=\"https:\/\/gnistan.fi\/sv\/seuran-maksut\/\" \/>\n<meta property=\"og:locale\" content=\"sv_SE\" \/>\n<meta property=\"og:type\" content=\"article\" \/>\n<meta property=\"og:title\" content=\"Seuran maksut 2026 - IF Gnistan\" \/>\n<meta property=\"og:description\" content=\"Seuran j\u00e4senmaksu:\u00a0Seuran j\u00e4senmaksu on 40 \u20ac kaikille j\u00e4senille, jotka ovat s\u00e4\u00e4nn\u00f6llisess\u00e4 toiminnassa mukana (ei kurssit). J\u00e4senmaksu laskutetaan tammikuun alussa tai j\u00e4senen ilmoittautuessa seuraan 1.1-30.9 aikana. Seuramaksu:\u00a0Junioripelaajan seuramaksu on 160 \u20ac (1.1-30.6) tai aloittaessaan my\u00f6hemmin 80 \u20ac (1.7-30.9). Nuorempien sisarusten seuramaksu on 80 \u20ac (1.1-30.6) tai 40 \u20ac (1.7-30.9). Aikuispelaajan seuramaksu on 80 \u20ac (1.1-30.6) tai [&hellip;]\" \/>\n<meta property=\"og:url\" content=\"https:\/\/gnistan.fi\/sv\/seuran-maksut\/\" \/>\n<meta property=\"og:site_name\" content=\"IF Gnistan\" \/>\n<meta property=\"article:publisher\" content=\"https:\/\/facebook.com\/ifgnistan\" \/>\n<meta property=\"article:modified_time\" content=\"2026-01-08T15:10:50+00:00\" \/>\n<meta property=\"og:image\" content=\"https:\/\/gnistan.fi\/wp-content\/uploads\/2024\/11\/gnistan-default-featured-2024-c.webp\" \/>\n\t<meta property=\"og:image:width\" content=\"1920\" \/>\n\t<meta property=\"og:image:height\" content=\"1080\" \/>\n\t<meta property=\"og:image:type\" content=\"image\/webp\" \/>\n<meta name=\"twitter:card\" content=\"summary_large_image\" \/>\n<meta name=\"twitter:site\" content=\"@ifgnistan1924\" \/>\n<meta name=\"twitter:label1\" content=\"Ber\u00e4knad l\u00e4stid\" \/>\n\t<meta name=\"twitter:data1\" content=\"3 minuter\" \/>\n<script type=\"application\/ld+json\" class=\"yoast-schema-graph\">{\"@context\":\"https:\\\/\\\/schema.org\",\"@graph\":[{\"@type\":\"WebPage\",\"@id\":\"https:\\\/\\\/gnistan.fi\\\/seuran-maksut\\\/\",\"url\":\"https:\\\/\\\/gnistan.fi\\\/seuran-maksut\\\/\",\"name\":\"Seuran maksut 2026 - IF Gnistan\",\"isPartOf\":{\"@id\":\"https:\\\/\\\/gnistan.fi\\\/#website\"},\"primaryImageOfPage\":{\"@id\":\"https:\\\/\\\/gnistan.fi\\\/seuran-maksut\\\/#primaryimage\"},\"image\":{\"@id\":\"https:\\\/\\\/gnistan.fi\\\/seuran-maksut\\\/#primaryimage\"},\"thumbnailUrl\":\"https:\\\/\\\/gnistan.fi\\\/wp-content\\\/uploads\\\/2024\\\/11\\\/gnistan-default-featured-2024-c.webp\",\"datePublished\":\"2020-03-05T12:13:46+00:00\",\"dateModified\":\"2026-01-08T15:10:50+00:00\",\"breadcrumb\":{\"@id\":\"https:\\\/\\\/gnistan.fi\\\/seuran-maksut\\\/#breadcrumb\"},\"inLanguage\":\"sv-SE\",\"potentialAction\":[{\"@type\":\"ReadAction\",\"target\":[\"https:\\\/\\\/gnistan.fi\\\/seuran-maksut\\\/\"]}]},{\"@type\":\"ImageObject\",\"inLanguage\":\"sv-SE\",\"@id\":\"https:\\\/\\\/gnistan.fi\\\/seuran-maksut\\\/#primaryimage\",\"url\":\"https:\\\/\\\/gnistan.fi\\\/wp-content\\\/uploads\\\/2024\\\/11\\\/gnistan-default-featured-2024-c.webp\",\"contentUrl\":\"https:\\\/\\\/gnistan.fi\\\/wp-content\\\/uploads\\\/2024\\\/11\\\/gnistan-default-featured-2024-c.webp\",\"width\":1920,\"height\":1080},{\"@type\":\"BreadcrumbList\",\"@id\":\"https:\\\/\\\/gnistan.fi\\\/seuran-maksut\\\/#breadcrumb\",\"itemListElement\":[{\"@type\":\"ListItem\",\"position\":1,\"name\":\"Etusivu\",\"item\":\"https:\\\/\\\/gnistan.fi\\\/\"},{\"@type\":\"ListItem\",\"position\":2,\"name\":\"Seuran maksut 2026\"}]},{\"@type\":\"WebSite\",\"@id\":\"https:\\\/\\\/gnistan.fi\\\/#website\",\"url\":\"https:\\\/\\\/gnistan.fi\\\/\",\"name\":\"IF Gnistan\",\"description\":\"Viralliset sivut\",\"publisher\":{\"@id\":\"https:\\\/\\\/gnistan.fi\\\/#organization\"},\"potentialAction\":[{\"@type\":\"SearchAction\",\"target\":{\"@type\":\"EntryPoint\",\"urlTemplate\":\"https:\\\/\\\/gnistan.fi\\\/?s={search_term_string}\"},\"query-input\":{\"@type\":\"PropertyValueSpecification\",\"valueRequired\":true,\"valueName\":\"search_term_string\"}}],\"inLanguage\":\"sv-SE\"},{\"@type\":\"Organization\",\"@id\":\"https:\\\/\\\/gnistan.fi\\\/#organization\",\"name\":\"IF Gnistan\",\"url\":\"https:\\\/\\\/gnistan.fi\\\/\",\"logo\":{\"@type\":\"ImageObject\",\"inLanguage\":\"sv-SE\",\"@id\":\"https:\\\/\\\/gnistan.fi\\\/#\\\/schema\\\/logo\\\/image\\\/\",\"url\":\"https:\\\/\\\/gnistan.fi\\\/wp-content\\\/uploads\\\/2019\\\/10\\\/if-gnistan-vector-logo.svg\",\"contentUrl\":\"https:\\\/\\\/gnistan.fi\\\/wp-content\\\/uploads\\\/2019\\\/10\\\/if-gnistan-vector-logo.svg\",\"width\":269,\"height\":314,\"caption\":\"IF Gnistan\"},\"image\":{\"@id\":\"https:\\\/\\\/gnistan.fi\\\/#\\\/schema\\\/logo\\\/image\\\/\"},\"sameAs\":[\"https:\\\/\\\/facebook.com\\\/ifgnistan\",\"https:\\\/\\\/x.com\\\/ifgnistan1924\",\"https:\\\/\\\/instagram.com\\\/ifgnistan1924\",\"https:\\\/\\\/www.linkedin.com\\\/company\\\/ifgnistan\\\/\"]}]}<\/script>\n<!-- \/ Yoast SEO plugin. -->","yoast_head_json":{"title":"Seuran maksut 2026 - IF Gnistan","robots":{"index":"index","follow":"follow","max-snippet":"max-snippet:-1","max-image-preview":"max-image-preview:large","max-video-preview":"max-video-preview:-1"},"canonical":"https:\/\/gnistan.fi\/sv\/seuran-maksut\/","og_locale":"sv_SE","og_type":"article","og_title":"Seuran maksut 2026 - IF Gnistan","og_description":"Seuran j\u00e4senmaksu:\u00a0Seuran j\u00e4senmaksu on 40 \u20ac kaikille j\u00e4senille, jotka ovat s\u00e4\u00e4nn\u00f6llisess\u00e4 toiminnassa mukana (ei kurssit). J\u00e4senmaksu laskutetaan tammikuun alussa tai j\u00e4senen ilmoittautuessa seuraan 1.1-30.9 aikana. Seuramaksu:\u00a0Junioripelaajan seuramaksu on 160 \u20ac (1.1-30.6) tai aloittaessaan my\u00f6hemmin 80 \u20ac (1.7-30.9). Nuorempien sisarusten seuramaksu on 80 \u20ac (1.1-30.6) tai 40 \u20ac (1.7-30.9). Aikuispelaajan seuramaksu on 80 \u20ac (1.1-30.6) tai [&hellip;]","og_url":"https:\/\/gnistan.fi\/sv\/seuran-maksut\/","og_site_name":"IF Gnistan","article_publisher":"https:\/\/facebook.com\/ifgnistan","article_modified_time":"2026-01-08T15:10:50+00:00","og_image":[{"width":1920,"height":1080,"url":"https:\/\/gnistan.fi\/wp-content\/uploads\/2024\/11\/gnistan-default-featured-2024-c.webp","type":"image\/webp"}],"twitter_card":"summary_large_image","twitter_site":"@ifgnistan1924","twitter_misc":{"Ber\u00e4knad l\u00e4stid":"3 minuter"},"schema":{"@context":"https:\/\/schema.org","@graph":[{"@type":"WebPage","@id":"https:\/\/gnistan.fi\/seuran-maksut\/","url":"https:\/\/gnistan.fi\/seuran-maksut\/","name":"Seuran maksut 2026 - IF Gnistan","isPartOf":{"@id":"https:\/\/gnistan.fi\/#website"},"primaryImageOfPage":{"@id":"https:\/\/gnistan.fi\/seuran-maksut\/#primaryimage"},"image":{"@id":"https:\/\/gnistan.fi\/seuran-maksut\/#primaryimage"},"thumbnailUrl":"https:\/\/gnistan.fi\/wp-content\/uploads\/2024\/11\/gnistan-default-featured-2024-c.webp","datePublished":"2020-03-05T12:13:46+00:00","dateModified":"2026-01-08T15:10:50+00:00","breadcrumb":{"@id":"https:\/\/gnistan.fi\/seuran-maksut\/#breadcrumb"},"inLanguage":"sv-SE","potentialAction":[{"@type":"ReadAction","target":["https:\/\/gnistan.fi\/seuran-maksut\/"]}]},{"@type":"ImageObject","inLanguage":"sv-SE","@id":"https:\/\/gnistan.fi\/seuran-maksut\/#primaryimage","url":"https:\/\/gnistan.fi\/wp-content\/uploads\/2024\/11\/gnistan-default-featured-2024-c.webp","contentUrl":"https:\/\/gnistan.fi\/wp-content\/uploads\/2024\/11\/gnistan-default-featured-2024-c.webp","width":1920,"height":1080},{"@type":"BreadcrumbList","@id":"https:\/\/gnistan.fi\/seuran-maksut\/#breadcrumb","itemListElement":[{"@type":"ListItem","position":1,"name":"Etusivu","item":"https:\/\/gnistan.fi\/"},{"@type":"ListItem","position":2,"name":"Seuran maksut 2026"}]},{"@type":"WebSite","@id":"https:\/\/gnistan.fi\/#website","url":"https:\/\/gnistan.fi\/","name":"IF Gnistan","description":"Viralliset sivut","publisher":{"@id":"https:\/\/gnistan.fi\/#organization"},"potentialAction":[{"@type":"SearchAction","target":{"@type":"EntryPoint","urlTemplate":"https:\/\/gnistan.fi\/?s={search_term_string}"},"query-input":{"@type":"PropertyValueSpecification","valueRequired":true,"valueName":"search_term_string"}}],"inLanguage":"sv-SE"},{"@type":"Organization","@id":"https:\/\/gnistan.fi\/#organization","name":"IF Gnistan","url":"https:\/\/gnistan.fi\/","logo":{"@type":"ImageObject","inLanguage":"sv-SE","@id":"https:\/\/gnistan.fi\/#\/schema\/logo\/image\/","url":"https:\/\/gnistan.fi\/wp-content\/uploads\/2019\/10\/if-gnistan-vector-logo.svg","contentUrl":"https:\/\/gnistan.fi\/wp-content\/uploads\/2019\/10\/if-gnistan-vector-logo.svg","width":269,"height":314,"caption":"IF Gnistan"},"image":{"@id":"https:\/\/gnistan.fi\/#\/schema\/logo\/image\/"},"sameAs":["https:\/\/facebook.com\/ifgnistan","https:\/\/x.com\/ifgnistan1924","https:\/\/instagram.com\/ifgnistan1924","https:\/\/www.linkedin.com\/company\/ifgnistan\/"]}]}},"jetpack_sharing_enabled":true,"_links":{"self":[{"href":"https:\/\/gnistan.fi\/sv\/wp-json\/wp\/v2\/pages\/15235","targetHints":{"allow":["GET"]}}],"collection":[{"href":"https:\/\/gnistan.fi\/sv\/wp-json\/wp\/v2\/pages"}],"about":[{"href":"https:\/\/gnistan.fi\/sv\/wp-json\/wp\/v2\/types\/page"}],"author":[{"embeddable":true,"href":"https:\/\/gnistan.fi\/sv\/wp-json\/wp\/v2\/users\/8"}],"replies":[{"embeddable":true,"href":"https:\/\/gnistan.fi\/sv\/wp-json\/wp\/v2\/comments?post=15235"}],"version-history":[{"count":19,"href":"https:\/\/gnistan.fi\/sv\/wp-json\/wp\/v2\/pages\/15235\/revisions"}],"predecessor-version":[{"id":43345,"href":"https:\/\/gnistan.fi\/sv\/wp-json\/wp\/v2\/pages\/15235\/revisions\/43345"}],"wp:featuredmedia":[{"embeddable":true,"href":"https:\/\/gnistan.fi\/sv\/wp-json\/wp\/v2\/media\/36703"}],"wp:attachment":[{"href":"https:\/\/gnistan.fi\/sv\/wp-json\/wp\/v2\/media?parent=15235"}],"curies":[{"name":"wp","href":"https:\/\/api.w.org\/{rel}","templated":true}]}}