{"id":15226,"date":"2020-03-05T13:51:16","date_gmt":"2020-03-05T11:51:16","guid":{"rendered":"https:\/\/gnistan.fi\/?page_id=15226"},"modified":"2026-03-27T18:06:11","modified_gmt":"2026-03-27T16:06:11","slug":"futiskerho","status":"publish","type":"page","link":"https:\/\/gnistan.fi\/sv\/futiskerho\/","title":{"rendered":"Futiskerhot"},"content":{"rendered":"\t\t<div data-elementor-type=\"wp-page\" data-elementor-id=\"15226\" class=\"elementor elementor-15226\" data-elementor-post-type=\"page\">\n\t\t\t\t<div class=\"elementor-element elementor-element-766a2354 e-flex e-con-boxed e-con e-parent\" data-id=\"766a2354\" data-element_type=\"container\" data-e-type=\"container\">\n\t\t\t\t\t<div class=\"e-con-inner\">\n\t\t\t\t<div class=\"elementor-element elementor-element-40157284 elementor-widget elementor-widget-text-editor\" data-id=\"40157284\" data-element_type=\"widget\" data-e-type=\"widget\" data-widget_type=\"text-editor.default\">\n\t\t\t\t\t\t\t\t\t<h3 class=\"wp-block-heading has-text-align-center\">KES\u00c4N FUTISKERHON RYHMIIN VOI NYT ILMOITTAUTUA!<\/h3>\n<p><!-- \/wp:heading --><!-- wp:paragraph --><\/p>\n<p>Futiskerho on alku uudelle harrastukselle jalkapallon parissa. Kerho on tarkoitettu 4-7 -vuotiaille lapsille, jotka kokeilevat ensimm\u00e4ist\u00e4 harrastusta tai eiv\u00e4t viel\u00e4 halua sitoutua ymp\u00e4rivuotiseen joukkuetoimintaan. Futiskerhossa lapset jaetaan pienryhmiin i\u00e4n mukaan. Kerhossa opetellaan jalkapallon, liikunnan ja ryhm\u00e4ss\u00e4 toimimisen perusteita. Haluamme rakentaa hyv\u00e4n perustan uusille harrastajille ja futiskerhon j\u00e4lkeen lapset voivat halutessaan vaivattomasti siirty\u00e4 kokeilemaan joukkuetoimintaa. Futiskerhoa vet\u00e4v\u00e4t seuran omat valmentajat ja nuoriso-ohjaajat, jotka ovat aktiivisia toimijoita seurassa.<\/p>\n<p><!-- \/wp:paragraph --><!-- wp:image {\"id\":40639,\"width\":\"442px\",\"height\":\"auto\",\"sizeSlug\":\"large\",\"linkDestination\":\"none\",\"align\":\"center\"} --><\/p>\n<figure class=\"wp-block-image aligncenter size-large is-resized\"><img fetchpriority=\"high\" decoding=\"async\" width=\"1024\" height=\"1011\" class=\"wp-image-40639\" style=\"width: 442px; height: auto;\" src=\"https:\/\/gnistan.fi\/wp-content\/uploads\/2025\/06\/WhatsApp-Image-2024-11-29-at-18.21.56_eca5932c-muokattu-1024x1011.jpg\" alt=\"\" srcset=\"https:\/\/gnistan.fi\/wp-content\/uploads\/2025\/06\/WhatsApp-Image-2024-11-29-at-18.21.56_eca5932c-muokattu-1024x1011.jpg 1024w, https:\/\/gnistan.fi\/wp-content\/uploads\/2025\/06\/WhatsApp-Image-2024-11-29-at-18.21.56_eca5932c-muokattu-300x296.jpg 300w, https:\/\/gnistan.fi\/wp-content\/uploads\/2025\/06\/WhatsApp-Image-2024-11-29-at-18.21.56_eca5932c-muokattu-768x758.jpg 768w, https:\/\/gnistan.fi\/wp-content\/uploads\/2025\/06\/WhatsApp-Image-2024-11-29-at-18.21.56_eca5932c-muokattu-1536x1516.jpg 1536w, https:\/\/gnistan.fi\/wp-content\/uploads\/2025\/06\/WhatsApp-Image-2024-11-29-at-18.21.56_eca5932c-muokattu-12x12.jpg 12w, https:\/\/gnistan.fi\/wp-content\/uploads\/2025\/06\/WhatsApp-Image-2024-11-29-at-18.21.56_eca5932c-muokattu.jpg 1653w\" sizes=\"(max-width: 1024px) 100vw, 1024px\" \/><\/figure>\n<p><!-- \/wp:image --><!-- wp:paragraph --><\/p>\n<p><strong>Futiskerho siirtyy toukokuussa taas ulkokentille!<\/strong><\/p>\n<p><!-- \/wp:paragraph --><!-- wp:paragraph --><\/p>\n<p>IF Gnistanin Futiskerho houkuttelee vuosittain mukaan yli 100 jalkapallon\u00e4lk\u00e4ist\u00e4 tytt\u00f6\u00e4 ja poikaa. Kerho antaa mahdollisuuden niin omatoimisille, kuin hieman aremmillekin lapsille osallistua leikkeihin oman kykyns\u00e4 mukaan (joskus vanhemman l\u00e4sn\u00e4ollessa). Futiskerho toimii innokkaimmille hyv\u00e4n\u00e4 ponnahduslautana joukkuetoimintaan, kun sen aika on. J\u00e4rjest\u00e4mme Futiskerhoa ymp\u00e4ri vuoden lyhyin\u00e4 kursseina, jolloin kurssin aikana <strong>harjoittelemme kerran viikossa 45 minuuttia pienryhmiss\u00e4 kes\u00e4ll\u00e4 torstaisin tai sunnuntaisin.<\/strong> Talvisin tarjoamme Futiskerhoa sunnuntaisin. Harjoituspaikkana kes\u00e4ll\u00e4 toimii Oulunkyl\u00e4n urheilupuisto tai Laajasuon urheilupuisto ja talvella harjoittelemme Oulunkyl\u00e4n l\u00e4hialueella koulun salissa.<\/p>\n<p><!-- \/wp:paragraph --><!-- wp:paragraph --><\/p>\n<p><strong>Kes\u00e4ll\u00e4 Futiskerhossa tarjoamme<\/strong><strong> sekaryhm\u00e4n (tyt\u00f6t ja pojat harjoittelevat yhdess\u00e4) sek\u00e4 halukkaille tyt\u00f6ille tytt\u00f6jen oman harjoitusryhm\u00e4 <\/strong>(t\u00e4h\u00e4n erillinen ilmoittautuminen)<strong>. <\/strong>Kes\u00e4n ensimm\u00e4iset ryhm\u00e4t aloittavat\u00a0toukokuun alussa ja p\u00e4\u00e4ttyv\u00e4t Juhannukseen. T\u00e4m\u00e4n j\u00e4lkeen pid\u00e4mme kes\u00e4taukoa ja palaamme taas elokuussa uusien kurssien kanssa. Tarkemmat tiedot suoraan kurssien kuvauksissa alla olevien linkkien kautta.<\/p>\n<p><img decoding=\"async\" class=\"alignright\" src=\"https:\/\/myclub.twic.pics\/assets\/1082\/42092-19752a7a6f562dcedac949368344903bd78c04d2-1920x2560.png?twic=v1\/max=1920\" width=\"288\" height=\"384\" \/><\/p>\n<p><!-- \/wp:paragraph --><!-- wp:paragraph --><\/p>\n<p>Mik\u00e4li haluatte tunnustaa IF Gnistanin v\u00e4ri\u00e4, on nyt my\u00f6s mahdollisuus tilata<\/p>\n<p>\u00a0ilmoittautumisen yhteydess\u00e4 sininen IF Gnistan paita! Tilatut paidat jaetaan kurssin alussa.<\/p>\n<p><!-- \/wp:paragraph --><!-- wp:paragraph --><\/p>\n<p><!-- \/wp:paragraph --><!-- wp:paragraph --><\/p>\n<p>Aika:<\/p>\n<ul>\n<li>TORSTAI klo 17-17.45\u00a0<\/li>\n<li>SUNNUNTAI klo 11-11.45<\/li>\n<\/ul>\n<p>\u00a0<\/p>\n<p>Paikka: \u00a0<\/p>\n<ul>\n<li>Torstaisin Pikkupekka Areenalla<\/li>\n<li>Sunnuntaisin Laajasuon Liikuntapuistossa<\/li>\n<\/ul>\n<p>\u00a0<\/p>\n<p>Hinta (sis\u00e4lt\u00e4\u00e4 vakuutuksen*):\u00a0<\/p>\n<ul>\n<li>Torstain ryhm\u00e4ll\u00e4 6 harjoituskertaa: 75 euroa<\/li>\n<li>Sunnuntain ryhm\u00e4ll\u00e4 7 harjoituskertaa: 80 euroa<\/li>\n<\/ul>\n<p><!-- \/wp:paragraph --><!-- wp:paragraph --><\/p>\n<p>Peruutusehdot: Kerhon voi perua viikkoa ennen ryhm\u00e4n aloitusta asti veloituksetta. Ryhm\u00e4n minim\u00e4\u00e4r\u00e4 sen toteutumiselle on 10 lasta. Olemme erikseen yhteydess\u00e4 osallistujiin mahdollisen kurssin peruuntumisen sattuessa.<\/p>\n<p><!-- \/wp:paragraph --><!-- wp:paragraph --><\/p>\n<p><!-- \/wp:paragraph --><!-- wp:html --><!-- myClub embed JS - start --><\/p>\n<div class=\"myclub-embed\" data-url=\"https:\/\/ifgnistan.myclub.fi\/course_embeds\/31676?token=ab9909318395d904c5983d98239feefe41aed5bf\">\u00a0<\/div>\n<p><script>(function(d, s, id) { var js, mjs = d.getElementsByTagName(s)[0]; if (d.getElementById(id)) return; js = d.createElement(s); js.id = id; js.async = true; js.src = \"https:\/\/d2ubdm6yoox6gh.cloudfront.net\/assets\/myclub-embed.js\"; mjs.parentNode.insertBefore(js, mjs); }(document, 'script', 'myclub-embed-js'));<\/script><\/p>\n<p><!-- myClub embed JS - end --><!-- \/wp:html --><!-- wp:paragraph --><\/p>\n<p><!-- \/wp:paragraph --><!-- wp:paragraph --><\/p>\n<p>Lis\u00e4tietoja Valmennuskoordinaattori Nea Sunila:\u00a0<a href=\"mailto:nea.sunila@gnistan.fi\">nea.sunila@gnistan.fi<\/a><\/p>\n<p><i>*<span class=\"TextRun SCXW175382959 BCX8\" lang=\"FI-FI\" xml:lang=\"FI-FI\" data-contrast=\"auto\"><span class=\"NormalTextRun SCXW175382959 BCX8\">O<\/span><span class=\"NormalTextRun SCXW175382959 BCX8\">sallistujat ovat kurssin aikana vakuutettu seuran toimesta<\/span><span class=\"NormalTextRun SCXW175382959 BCX8\">\u00a0ja rekister\u00f6id\u00e4\u00e4n\u00a0<\/span><span class=\"NormalTextRun SCXW175382959 BCX8\">IF\u00a0<\/span><span class=\"NormalTextRun SpellingErrorV2Themed SCXW175382959 BCX8\">Gnistan<\/span><span class=\"NormalTextRun SCXW175382959 BCX8\">\u00a0ry:n pelaajiksi<\/span><span class=\"NormalTextRun SCXW175382959 BCX8\"> Suomen Palloliiton Pelipaikka-j\u00e4rjestelm\u00e4\u00e4n<\/span><span class=\"NormalTextRun SCXW175382959 BCX8\">.<\/span><\/span><\/i><\/p>\n<p><!-- \/wp:paragraph --><\/p>\t\t\t\t\t\t\t\t<\/div>\n\t\t\t\t\t<\/div>\n\t\t\t\t<\/div>\n\t\t<div class=\"elementor-element elementor-element-f04ad1f e-flex e-con-boxed e-con e-parent\" data-id=\"f04ad1f\" data-element_type=\"container\" data-e-type=\"container\">\n\t\t\t\t\t<div class=\"e-con-inner\">\n\t\t\t\t\t<\/div>\n\t\t\t\t<\/div>\n\t\t\t\t<\/div>\n\t\t","protected":false},"excerpt":{"rendered":"<p>KES\u00c4N FUTISKERHON RYHMIIN VOI NYT ILMOITTAUTUA! Futiskerho on alku uudelle harrastukselle jalkapallon parissa. Kerho on tarkoitettu 4-7 -vuotiaille lapsille, jotka kokeilevat ensimm\u00e4ist\u00e4 harrastusta tai eiv\u00e4t viel\u00e4 halua sitoutua ymp\u00e4rivuotiseen joukkuetoimintaan. Futiskerhossa lapset jaetaan pienryhmiin i\u00e4n mukaan. Kerhossa opetellaan jalkapallon, liikunnan ja ryhm\u00e4ss\u00e4 toimimisen perusteita. Haluamme rakentaa hyv\u00e4n perustan uusille harrastajille ja futiskerhon j\u00e4lkeen lapset voivat [&hellip;]<\/p>\n","protected":false},"author":8,"featured_media":21921,"parent":0,"menu_order":0,"comment_status":"closed","ping_status":"closed","template":"","meta":{"_acf_changed":false,"footnotes":""},"class_list":["post-15226","page","type-page","status-publish","has-post-thumbnail","hentry"],"acf":[],"yoast_head":"<!-- This site is optimized with the Yoast SEO plugin v27.3 - https:\/\/yoast.com\/product\/yoast-seo-wordpress\/ -->\n<title>Futiskerhot - IF Gnistan<\/title>\n<meta name=\"robots\" content=\"index, follow, max-snippet:-1, max-image-preview:large, max-video-preview:-1\" \/>\n<link rel=\"canonical\" href=\"https:\/\/gnistan.fi\/sv\/futiskerho\/\" \/>\n<meta property=\"og:locale\" content=\"sv_SE\" \/>\n<meta property=\"og:type\" content=\"article\" \/>\n<meta property=\"og:title\" content=\"Futiskerhot - IF Gnistan\" \/>\n<meta property=\"og:description\" content=\"KES\u00c4N FUTISKERHON RYHMIIN VOI NYT ILMOITTAUTUA! Futiskerho on alku uudelle harrastukselle jalkapallon parissa. Kerho on tarkoitettu 4-7 -vuotiaille lapsille, jotka kokeilevat ensimm\u00e4ist\u00e4 harrastusta tai eiv\u00e4t viel\u00e4 halua sitoutua ymp\u00e4rivuotiseen joukkuetoimintaan. Futiskerhossa lapset jaetaan pienryhmiin i\u00e4n mukaan. Kerhossa opetellaan jalkapallon, liikunnan ja ryhm\u00e4ss\u00e4 toimimisen perusteita. Haluamme rakentaa hyv\u00e4n perustan uusille harrastajille ja futiskerhon j\u00e4lkeen lapset voivat [&hellip;]\" \/>\n<meta property=\"og:url\" content=\"https:\/\/gnistan.fi\/sv\/futiskerho\/\" \/>\n<meta property=\"og:site_name\" content=\"IF Gnistan\" \/>\n<meta property=\"article:publisher\" content=\"https:\/\/facebook.com\/ifgnistan\" \/>\n<meta property=\"article:modified_time\" content=\"2026-03-27T16:06:11+00:00\" \/>\n<meta property=\"og:image\" content=\"https:\/\/gnistan.fi\/wp-content\/uploads\/2022\/04\/Tiedotekuva.jpg\" \/>\n\t<meta property=\"og:image:width\" content=\"1920\" \/>\n\t<meta property=\"og:image:height\" content=\"1080\" \/>\n\t<meta property=\"og:image:type\" content=\"image\/jpeg\" \/>\n<meta name=\"twitter:card\" content=\"summary_large_image\" \/>\n<meta name=\"twitter:site\" content=\"@ifgnistan1924\" \/>\n<meta name=\"twitter:label1\" content=\"Ber\u00e4knad l\u00e4stid\" \/>\n\t<meta name=\"twitter:data1\" content=\"3 minuter\" \/>\n<script type=\"application\/ld+json\" class=\"yoast-schema-graph\">{\"@context\":\"https:\\\/\\\/schema.org\",\"@graph\":[{\"@type\":\"WebPage\",\"@id\":\"https:\\\/\\\/gnistan.fi\\\/futiskerho\\\/\",\"url\":\"https:\\\/\\\/gnistan.fi\\\/futiskerho\\\/\",\"name\":\"Futiskerhot - IF Gnistan\",\"isPartOf\":{\"@id\":\"https:\\\/\\\/gnistan.fi\\\/#website\"},\"primaryImageOfPage\":{\"@id\":\"https:\\\/\\\/gnistan.fi\\\/futiskerho\\\/#primaryimage\"},\"image\":{\"@id\":\"https:\\\/\\\/gnistan.fi\\\/futiskerho\\\/#primaryimage\"},\"thumbnailUrl\":\"https:\\\/\\\/gnistan.fi\\\/wp-content\\\/uploads\\\/2022\\\/04\\\/Tiedotekuva.jpg\",\"datePublished\":\"2020-03-05T11:51:16+00:00\",\"dateModified\":\"2026-03-27T16:06:11+00:00\",\"breadcrumb\":{\"@id\":\"https:\\\/\\\/gnistan.fi\\\/futiskerho\\\/#breadcrumb\"},\"inLanguage\":\"sv-SE\",\"potentialAction\":[{\"@type\":\"ReadAction\",\"target\":[\"https:\\\/\\\/gnistan.fi\\\/futiskerho\\\/\"]}]},{\"@type\":\"ImageObject\",\"inLanguage\":\"sv-SE\",\"@id\":\"https:\\\/\\\/gnistan.fi\\\/futiskerho\\\/#primaryimage\",\"url\":\"https:\\\/\\\/gnistan.fi\\\/wp-content\\\/uploads\\\/2022\\\/04\\\/Tiedotekuva.jpg\",\"contentUrl\":\"https:\\\/\\\/gnistan.fi\\\/wp-content\\\/uploads\\\/2022\\\/04\\\/Tiedotekuva.jpg\",\"width\":1920,\"height\":1080},{\"@type\":\"BreadcrumbList\",\"@id\":\"https:\\\/\\\/gnistan.fi\\\/futiskerho\\\/#breadcrumb\",\"itemListElement\":[{\"@type\":\"ListItem\",\"position\":1,\"name\":\"Etusivu\",\"item\":\"https:\\\/\\\/gnistan.fi\\\/\"},{\"@type\":\"ListItem\",\"position\":2,\"name\":\"Futiskerhot\"}]},{\"@type\":\"WebSite\",\"@id\":\"https:\\\/\\\/gnistan.fi\\\/#website\",\"url\":\"https:\\\/\\\/gnistan.fi\\\/\",\"name\":\"IF Gnistan\",\"description\":\"Viralliset sivut\",\"publisher\":{\"@id\":\"https:\\\/\\\/gnistan.fi\\\/#organization\"},\"potentialAction\":[{\"@type\":\"SearchAction\",\"target\":{\"@type\":\"EntryPoint\",\"urlTemplate\":\"https:\\\/\\\/gnistan.fi\\\/?s={search_term_string}\"},\"query-input\":{\"@type\":\"PropertyValueSpecification\",\"valueRequired\":true,\"valueName\":\"search_term_string\"}}],\"inLanguage\":\"sv-SE\"},{\"@type\":\"Organization\",\"@id\":\"https:\\\/\\\/gnistan.fi\\\/#organization\",\"name\":\"IF Gnistan\",\"url\":\"https:\\\/\\\/gnistan.fi\\\/\",\"logo\":{\"@type\":\"ImageObject\",\"inLanguage\":\"sv-SE\",\"@id\":\"https:\\\/\\\/gnistan.fi\\\/#\\\/schema\\\/logo\\\/image\\\/\",\"url\":\"https:\\\/\\\/gnistan.fi\\\/wp-content\\\/uploads\\\/2019\\\/10\\\/if-gnistan-vector-logo.svg\",\"contentUrl\":\"https:\\\/\\\/gnistan.fi\\\/wp-content\\\/uploads\\\/2019\\\/10\\\/if-gnistan-vector-logo.svg\",\"width\":269,\"height\":314,\"caption\":\"IF Gnistan\"},\"image\":{\"@id\":\"https:\\\/\\\/gnistan.fi\\\/#\\\/schema\\\/logo\\\/image\\\/\"},\"sameAs\":[\"https:\\\/\\\/facebook.com\\\/ifgnistan\",\"https:\\\/\\\/x.com\\\/ifgnistan1924\",\"https:\\\/\\\/instagram.com\\\/ifgnistan1924\",\"https:\\\/\\\/www.linkedin.com\\\/company\\\/ifgnistan\\\/\"]}]}<\/script>\n<!-- \/ Yoast SEO plugin. -->","yoast_head_json":{"title":"Futiskerhot - IF Gnistan","robots":{"index":"index","follow":"follow","max-snippet":"max-snippet:-1","max-image-preview":"max-image-preview:large","max-video-preview":"max-video-preview:-1"},"canonical":"https:\/\/gnistan.fi\/sv\/futiskerho\/","og_locale":"sv_SE","og_type":"article","og_title":"Futiskerhot - IF Gnistan","og_description":"KES\u00c4N FUTISKERHON RYHMIIN VOI NYT ILMOITTAUTUA! Futiskerho on alku uudelle harrastukselle jalkapallon parissa. Kerho on tarkoitettu 4-7 -vuotiaille lapsille, jotka kokeilevat ensimm\u00e4ist\u00e4 harrastusta tai eiv\u00e4t viel\u00e4 halua sitoutua ymp\u00e4rivuotiseen joukkuetoimintaan. Futiskerhossa lapset jaetaan pienryhmiin i\u00e4n mukaan. Kerhossa opetellaan jalkapallon, liikunnan ja ryhm\u00e4ss\u00e4 toimimisen perusteita. Haluamme rakentaa hyv\u00e4n perustan uusille harrastajille ja futiskerhon j\u00e4lkeen lapset voivat [&hellip;]","og_url":"https:\/\/gnistan.fi\/sv\/futiskerho\/","og_site_name":"IF Gnistan","article_publisher":"https:\/\/facebook.com\/ifgnistan","article_modified_time":"2026-03-27T16:06:11+00:00","og_image":[{"width":1920,"height":1080,"url":"https:\/\/gnistan.fi\/wp-content\/uploads\/2022\/04\/Tiedotekuva.jpg","type":"image\/jpeg"}],"twitter_card":"summary_large_image","twitter_site":"@ifgnistan1924","twitter_misc":{"Ber\u00e4knad l\u00e4stid":"3 minuter"},"schema":{"@context":"https:\/\/schema.org","@graph":[{"@type":"WebPage","@id":"https:\/\/gnistan.fi\/futiskerho\/","url":"https:\/\/gnistan.fi\/futiskerho\/","name":"Futiskerhot - IF Gnistan","isPartOf":{"@id":"https:\/\/gnistan.fi\/#website"},"primaryImageOfPage":{"@id":"https:\/\/gnistan.fi\/futiskerho\/#primaryimage"},"image":{"@id":"https:\/\/gnistan.fi\/futiskerho\/#primaryimage"},"thumbnailUrl":"https:\/\/gnistan.fi\/wp-content\/uploads\/2022\/04\/Tiedotekuva.jpg","datePublished":"2020-03-05T11:51:16+00:00","dateModified":"2026-03-27T16:06:11+00:00","breadcrumb":{"@id":"https:\/\/gnistan.fi\/futiskerho\/#breadcrumb"},"inLanguage":"sv-SE","potentialAction":[{"@type":"ReadAction","target":["https:\/\/gnistan.fi\/futiskerho\/"]}]},{"@type":"ImageObject","inLanguage":"sv-SE","@id":"https:\/\/gnistan.fi\/futiskerho\/#primaryimage","url":"https:\/\/gnistan.fi\/wp-content\/uploads\/2022\/04\/Tiedotekuva.jpg","contentUrl":"https:\/\/gnistan.fi\/wp-content\/uploads\/2022\/04\/Tiedotekuva.jpg","width":1920,"height":1080},{"@type":"BreadcrumbList","@id":"https:\/\/gnistan.fi\/futiskerho\/#breadcrumb","itemListElement":[{"@type":"ListItem","position":1,"name":"Etusivu","item":"https:\/\/gnistan.fi\/"},{"@type":"ListItem","position":2,"name":"Futiskerhot"}]},{"@type":"WebSite","@id":"https:\/\/gnistan.fi\/#website","url":"https:\/\/gnistan.fi\/","name":"IF Gnistan","description":"Viralliset sivut","publisher":{"@id":"https:\/\/gnistan.fi\/#organization"},"potentialAction":[{"@type":"SearchAction","target":{"@type":"EntryPoint","urlTemplate":"https:\/\/gnistan.fi\/?s={search_term_string}"},"query-input":{"@type":"PropertyValueSpecification","valueRequired":true,"valueName":"search_term_string"}}],"inLanguage":"sv-SE"},{"@type":"Organization","@id":"https:\/\/gnistan.fi\/#organization","name":"IF Gnistan","url":"https:\/\/gnistan.fi\/","logo":{"@type":"ImageObject","inLanguage":"sv-SE","@id":"https:\/\/gnistan.fi\/#\/schema\/logo\/image\/","url":"https:\/\/gnistan.fi\/wp-content\/uploads\/2019\/10\/if-gnistan-vector-logo.svg","contentUrl":"https:\/\/gnistan.fi\/wp-content\/uploads\/2019\/10\/if-gnistan-vector-logo.svg","width":269,"height":314,"caption":"IF Gnistan"},"image":{"@id":"https:\/\/gnistan.fi\/#\/schema\/logo\/image\/"},"sameAs":["https:\/\/facebook.com\/ifgnistan","https:\/\/x.com\/ifgnistan1924","https:\/\/instagram.com\/ifgnistan1924","https:\/\/www.linkedin.com\/company\/ifgnistan\/"]}]}},"jetpack_sharing_enabled":true,"_links":{"self":[{"href":"https:\/\/gnistan.fi\/sv\/wp-json\/wp\/v2\/pages\/15226","targetHints":{"allow":["GET"]}}],"collection":[{"href":"https:\/\/gnistan.fi\/sv\/wp-json\/wp\/v2\/pages"}],"about":[{"href":"https:\/\/gnistan.fi\/sv\/wp-json\/wp\/v2\/types\/page"}],"author":[{"embeddable":true,"href":"https:\/\/gnistan.fi\/sv\/wp-json\/wp\/v2\/users\/8"}],"replies":[{"embeddable":true,"href":"https:\/\/gnistan.fi\/sv\/wp-json\/wp\/v2\/comments?post=15226"}],"version-history":[{"count":20,"href":"https:\/\/gnistan.fi\/sv\/wp-json\/wp\/v2\/pages\/15226\/revisions"}],"predecessor-version":[{"id":44692,"href":"https:\/\/gnistan.fi\/sv\/wp-json\/wp\/v2\/pages\/15226\/revisions\/44692"}],"wp:featuredmedia":[{"embeddable":true,"href":"https:\/\/gnistan.fi\/sv\/wp-json\/wp\/v2\/media\/21921"}],"wp:attachment":[{"href":"https:\/\/gnistan.fi\/sv\/wp-json\/wp\/v2\/media?parent=15226"}],"curies":[{"name":"wp","href":"https:\/\/api.w.org\/{rel}","templated":true}]}}