{"id":15210,"date":"2023-01-25T10:12:23","date_gmt":"2023-01-25T08:12:23","guid":{"rendered":"https:\/\/gnistan.fi\/?page_id=15210"},"modified":"2026-02-03T11:57:23","modified_gmt":"2026-02-03T09:57:23","slug":"kesaleirit","status":"publish","type":"page","link":"https:\/\/gnistan.fi\/sv\/kesaleirit\/","title":{"rendered":"Kes\u00e4leirit"},"content":{"rendered":"\t\t<div data-elementor-type=\"wp-page\" data-elementor-id=\"15210\" class=\"elementor elementor-15210\" data-elementor-post-type=\"page\">\n\t\t\t\t<div class=\"elementor-element elementor-element-1066beeb e-flex e-con-boxed e-con e-parent\" data-id=\"1066beeb\" data-element_type=\"container\" data-e-type=\"container\">\n\t\t\t\t\t<div class=\"e-con-inner\">\n\t\t\t\t<div class=\"elementor-element elementor-element-ac37bde elementor-widget elementor-widget-image\" data-id=\"ac37bde\" data-element_type=\"widget\" data-e-type=\"widget\" data-widget_type=\"image.default\">\n\t\t\t\t\t\t\t\t\t\t\t\t\t\t\t<img fetchpriority=\"high\" decoding=\"async\" width=\"800\" height=\"534\" src=\"https:\/\/gnistan.fi\/wp-content\/uploads\/2026\/01\/ChatGPT-Image-13.-tammik.-2026-klo-11.05.22-1024x683.png\" class=\"attachment-large size-large wp-image-43391\" alt=\"\" srcset=\"https:\/\/gnistan.fi\/wp-content\/uploads\/2026\/01\/ChatGPT-Image-13.-tammik.-2026-klo-11.05.22-1024x683.png 1024w, https:\/\/gnistan.fi\/wp-content\/uploads\/2026\/01\/ChatGPT-Image-13.-tammik.-2026-klo-11.05.22-300x200.png 300w, https:\/\/gnistan.fi\/wp-content\/uploads\/2026\/01\/ChatGPT-Image-13.-tammik.-2026-klo-11.05.22-768x512.png 768w, https:\/\/gnistan.fi\/wp-content\/uploads\/2026\/01\/ChatGPT-Image-13.-tammik.-2026-klo-11.05.22-18x12.png 18w, https:\/\/gnistan.fi\/wp-content\/uploads\/2026\/01\/ChatGPT-Image-13.-tammik.-2026-klo-11.05.22.png 1536w\" sizes=\"(max-width: 800px) 100vw, 800px\" \/>\t\t\t\t\t\t\t\t\t\t\t\t\t\t\t<\/div>\n\t\t\t\t<div class=\"elementor-element elementor-element-27834783 elementor-widget elementor-widget-text-editor\" data-id=\"27834783\" data-element_type=\"widget\" data-e-type=\"widget\" data-widget_type=\"text-editor.default\">\n\t\t\t\t\t\t\t\t\t<h1><strong>Kes\u00e4leirit 2026 \u2013 Liikuntaa ja el\u00e4myksi\u00e4 kaikille koulujen loma-aikoina!<\/strong>\u00a0<\/h1>\n<p><!-- \/wp:heading --><\/p>\n<p><!-- wp:paragraph --><\/p>\n<p>Kes\u00e4n 2026 leirit ovat pian varattavissa &#8211; t<span style=\"color: var( --e-global-color-text ); font-family: var( --e-global-typography-text-font-family ), Sans-serif; font-weight: var( --e-global-typography-text-font-weight ); text-align: var(--text-align); font-size: 1rem;\">arjoamme monipuolisia leirej\u00e4 koulujen loma-aikoina! Olitpa sitten jalkapallotaituri tai etsit hauskaa tapaa liikkua koko p\u00e4iv\u00e4n, meilt\u00e4 l\u00f6ytyy leiri juuri sinulle.<\/span><\/p>\n<p><!-- \/wp:paragraph --><\/p>\n<p><!-- wp:paragraph --><\/p>\n<p>Paikkana leireille toimii Gnistanin kotikent\u00e4t Oulunkyl\u00e4n Urheilupuistossa. Leirien vet\u00e4jin\u00e4 toimii seuramme valmentajat ja iltap\u00e4iv\u00e4kerhon ohjaajat. Tutustu leireihin alta ja varaa paikkasi pian!<\/p>\n<p>Tervetuloa viett\u00e4m\u00e4\u00e4n kanssamme unohtumaton kes\u00e4loma, joka on t\u00e4ynn\u00e4 naurua, liikuntaa ja uusia kavereita &#8211; n\u00e4hd\u00e4\u00e4n futiskent\u00e4ll\u00e4!<\/p>\n<p><!-- \/wp:paragraph --><\/p>\n<p><!-- wp:paragraph --><\/p>\n<p><!-- \/wp:paragraph --><\/p>\n<p><!-- wp:heading {\"backgroundColor\":\"pale-cyan-blue\"} --><\/p>\n<h2><strong>Sporttileirit \u2013 kokop\u00e4iv\u00e4n leirit ALK.<\/strong>\u00a0100 \u20ac \/ lapsi<\/h2>\n<p><!-- \/wp:heading --><\/p>\n<p><!-- wp:paragraph --><\/p>\n<p>Koko p\u00e4iv\u00e4n kest\u00e4v\u00e4 sporttileiri on t\u00e4ynn\u00e4 hauskaa ja innostavaa liikett\u00e4. Leirill\u00e4 liikutaan monipuolisesti ja nautitaan aktiivisesta tekemisest\u00e4 turvallisessa ja kannustavassa ymp\u00e4rist\u00f6ss\u00e4. Leiri on erinomainen valinta lapsille, jotka haluavat pit\u00e4\u00e4 hauskaa, tutustua uusiin yst\u00e4viin ja viett\u00e4\u00e4 toiminnallisen p\u00e4iv\u00e4n hyv\u00e4ss\u00e4 seurassa.<\/p>\n<p>Leirip\u00e4iv\u00e4n kesto on klo 9.00\u201315.00.<\/p>\n<p>Kes\u00e4n sporttileirit on suunnattu vuosina 2015\u20132018 syntyneille lapsille.<span style=\"font-size: 1rem;\">\u00a0<\/span><\/p>\n<p><strong>Ajankohta:<\/strong><\/p>\n<ul>\n<li>Sporttileiri 1: 1.-5.6.<\/li>\n<li>Sporttileiri 2: 8.-12.6.<\/li>\n<li>Sporttileiri 3: 15.-17.6.\u00a0<\/li>\n<\/ul>\n<p>\u00a0<\/p>\n<p>Leiriin kuuluu lounas.<\/p>\n<p><!-- \/wp:paragraph --><\/p>\n<p><!-- wp:paragraph --><\/p>\n<p>Lis\u00e4tiedot leirien kuvauksissa alla &#8211; varaa paikka pian.<\/p>\n<p><!-- \/wp:paragraph --><\/p>\n<p><!-- wp:paragraph --><\/p>\n<p><!-- \/wp:paragraph --><\/p>\n<p><!-- wp:heading {\"backgroundColor\":\"luminous-vivid-amber\"} --><\/p>\n<h2><strong>FUTISLEIRIT \u2013 puolen p\u00e4iv\u00e4n leirit<\/strong>\u00a0alk. 95 \u20ac \/ lapsi<\/h2>\n<p><!-- \/wp:heading --><\/p>\n<p><!-- wp:paragraph --><\/p>\n<p>T\u00e4n\u00e4 kes\u00e4n\u00e4 j\u00e4rjest\u00e4mme niin perinteisi\u00e4 futisleirej\u00e4, kuin intensiivisempi\u00e4 leirej\u00e4 kilpapelaajille ja uutuutena oman leirin kilpailullisille tyt\u00f6ille! Tule kehitt\u00e4m\u00e4\u00e4n jalkapallotaitojasi puolenp\u00e4iv\u00e4n futisleireille! Seuramme tavoitteena on luoda pelaajia, jotka ovat nopeatempoisia, rohkeita ja osaavat lukea peli\u00e4. Harjoittelemme monipuolisesti eri taitoja mit\u00e4 pelaajat tarvitsevat kehitty\u00e4kseen eteenp\u00e4in jalkapalloilijana.<\/p>\n<p><!-- \/wp:paragraph --><\/p>\n<p><!-- wp:paragraph --><\/p>\n<p>Kes\u00e4n perinteiset <strong>futisleirit<\/strong> ovat suunnattu 2013-2019 syntyneille tyt\u00f6ille ja pojille, niin seuran omille kuin my\u00f6s muiden seurojen pelaajille. Leirill\u00e4 jaamme pelaajat pienryhmiin i\u00e4n ja tason mukaan harjoitusten ajaksi.<\/p>\n<p>Leirip\u00e4iv\u00e4n kesto on klo 9.00\u201312.00.<\/p>\n<p><strong>Ajankohta:<\/strong><\/p>\n<ul>\n<li>Futisleiri 1: 1.-5.6.<\/li>\n<li>Futisleiri 2: 8.-12.6.<\/li>\n<li>Futisleiri 3: 27.-31.7.<\/li>\n<\/ul>\n<p>\u00a0<\/p>\n<p><strong>Jalkapallon kilpaleiri<\/strong> on suunnattu 2013-2017 syntyneille seuran omille kilpa1 pelaajille sek\u00e4 muiden seurojen kilpapelaajille. Mahdollisuuksien mukaan kutsumme seuran kilpa2 pelaajia mukaan my\u00f6hemm\u00e4ss\u00e4 vaiheessa. Kilpaleirill\u00e4 jaamme pelaajat pienryhmiin i\u00e4n ja tason mukaan harjoitusten ajaksi. Leirin vet\u00e4jin\u00e4 toimivat seuramme kilpajoukkueiden valmentajat.<\/p>\n<p><strong>Ajankohta:<\/strong> 1.-5.6. klo 9-12.<\/p>\n<p>Kilpaleirille kutsutaan seuran omat motivoituneet kilpa1 pelaajat. Muiden seurojen kilpapelaajat voivat hakea kilpaleirille s\u00e4hk\u00f6postitse leirivastaavalle can.dikmen@gnistan.fi , jolle ilmoitetaan nimi, syntym\u00e4vuosi, oma seura ja peliryhm\u00e4n nimi.<\/p>\n<p><strong>Jalkapallon kilpaleiri tyt\u00f6ille <\/strong>on suunnattu kaikille 2011-2019 syntyneille pelaajille, niin seuran omille kuin my\u00f6s muiden seurojen motivoituneille tytt\u00f6pelaajille. Leirill\u00e4 jaamme pelaajat pienryhmiin i\u00e4n ja tason mukaan harjoitusten ajaksi. Leirin vet\u00e4jin\u00e4 toimivat seuramme omat valmentajat.<\/p>\n<p><strong>Ajankohta: <\/strong>8.-12.6. klo 9-12.<\/p>\n<p><!-- \/wp:paragraph --><\/p>\n<p><!-- wp:paragraph --><\/p>\n<p>HUOM! Puolen p\u00e4iv\u00e4n leiriin sis\u00e4ltyy v\u00e4lipala. Lounas lis\u00e4maksusta.<\/p>\n<p>Leireill\u00e4 tulee vierailemaan edustusjoukkueidemme pelaajia.<\/p>\n<h2>Tutustu my\u00f6s maalivahti- ja maalintekoleireihin &#8211; alk. 75 \u20ac \/ lapsi<\/h2>\n<div>Kes\u00e4ll\u00e4 2026 j\u00e4rjest\u00e4mme my\u00f6s erikseen <strong>maalivahtileirin<\/strong> sek\u00e4 <strong>maalintekoleirin<\/strong>. Leirit ovat tarkoitettu 2013-2019 syntyneille lapsille. Maalivahtileirill\u00e4 p\u00e4\u00e4set oppimaan monipuolisia maalivahdin taitoja. Maalivahtileirin vetovastuussa on seuran maalivahtip\u00e4\u00e4llikk\u00f6 Kim Myrmehl Teigland. Tervetuloa oppimaan huippuosaajalta! Maalintekoleirill\u00e4 hiomme pelaajien yksil\u00f6taitoa maalintekotilanteissa kohti huipputasoa! Lis\u00e4ksi p\u00e4\u00e4set oppimaan erilaisia viimeistelytekniikoita erilaisissa maalintekotilanteissa.<\/div>\n<div>\u00a0<\/div>\n<div><strong>Ajankohta:<\/strong> 15.-17.6. klo 13-16.<\/div>\n<p><!-- \/wp:paragraph --><\/p>\n<p><!-- wp:paragraph --><\/p>\n<p>Tutustu kursseihin ja varaa paikka heti.<\/p>\n<p><!-- \/wp:paragraph --><\/p>\n<p><!-- wp:heading --><\/p>\n<h2><strong>Ilmoittaudu leireille alla olevista linkeist\u00e4!<\/strong>\u00a0<\/h2>\n<p><!-- \/wp:heading --><\/p>\n<p><!-- myClub embed JS - start --><\/p>\n<div class=\"myclub-embed\" data-url=\"https:\/\/ifgnistan.myclub.fi\/groups\/94743\/course_embeds\/38253?token=a11a7af6de94d6ead70feefac67d1aede7007169\">\u00a0<\/div>\n<p><script>(function(d, s, id) { var js, mjs = d.getElementsByTagName(s)[0]; if (d.getElementById(id)) return; js = d.createElement(s); js.id = id; js.async = true; js.src = \"https:\/\/d2ubdm6yoox6gh.cloudfront.net\/assets\/myclub-embed.js\"; mjs.parentNode.insertBefore(js, mjs); }(document, 'script', 'myclub-embed-js'));<\/script><br \/><!-- myClub embed JS - end --><\/p>\n<p><!-- wp:html --><!-- myClub embed JS - start --><\/p>\n<div data-url=\"https:\/\/ifgnistan.myclub.fi\/groups\/80958\/course_embeds\/32229?token=8c26693f432c30ff399ae5772c144281d6920935\"><strong style=\"font-size: 1rem;\">Yhteystiedot:<\/strong><span style=\"font-size: 1rem;\">\u00a0<\/span><\/div>\n<p><!-- \/wp:paragraph --><\/p>\n<p><!-- wp:paragraph --><\/p>\n<p>Kaikissa kysymyksiss\u00e4 ja laskutusasioissa voi olla yhteydess\u00e4:<\/p>\n<p>FUTISLEIRIT: <a href=\"mailto:can.dikmen@gnistan.fi\" target=\"_blank\" rel=\"noreferrer noopener\">can.dikmen@gnistan.fi<\/a><\/p>\n<p>SPORTTILEIRIT: <a href=\"mailto:juha.pakarinen@gnistan.fi\" target=\"_blank\" rel=\"noreferrer noopener\">juha.pakarinen@gnistan.fi<\/a><\/p>\n<p><!-- \/wp:paragraph --><\/p>\n<p><!-- wp:paragraph --><\/p>\n<p><strong>Huomioitavaa<\/strong>:<\/p>\n<p>Merkitseth\u00e4n Myclubissa omiin tietoihisi ruoka-aine allergiat\/-rajoitukset.\u202fIlmoittautuminen tehd\u00e4\u00e4n osallistujan (ei huoltajan) nimell\u00e4.\u00a0<\/p>\n<p><!-- \/wp:paragraph --><\/p>\n<p><!-- wp:paragraph --><\/p>\n<p>Pelaajalla tulee olla oma tai Palloliiton \/ muu vakuutus leirin aikana.\u00a0<\/p>\n<p><!-- \/wp:paragraph --><\/p>\n<p><!-- wp:paragraph --><\/p>\n<p><strong>Peruutusehdot:<\/strong>\u00a0<\/p>\n<p><!-- \/wp:paragraph --><\/p>\n<p><!-- wp:paragraph --><\/p>\n<p>Peruutus on maksutonta 30 p\u00e4iv\u00e4\u00e4 ennen leirin alkua, ja sen j\u00e4lkeen maksua ei voida palauttaa. Ilmoittautuessasi hyv\u00e4ksyt ehdot. Sairastumistilanteessa leirin voi perua kuluitta l\u00e4\u00e4k\u00e4rintodistusta\u202fvastaan. Varatun leirijakson voi peruuttaa tekem\u00e4ll\u00e4 peruutusilmoituksen s\u00e4hk\u00f6postitse <a href=\"mailto:can.dikmen@gnistan.fi\" target=\"_blank\" rel=\"noreferrer noopener\">can.dikmen@gnistan.fi<\/a>\u00a0<\/p>\n<p><!-- \/wp:paragraph --><\/p>\n<p><!-- wp:paragraph --><\/p>\n<p>Peruutuksen yhteydess\u00e4 leirivarauksesta jo maksettu hinta palautetaan asiakkaan ilmoittamalle\u202fpankkitilille.\u00a0<\/p>\n<p><!-- \/wp:paragraph --><\/p>\n<p><!-- wp:paragraph --><\/p>\n<p><strong>J\u00e4rjest\u00e4j\u00e4n oikeus peruuttaa leirijakso<\/strong>:<\/p>\n<p><!-- \/wp:paragraph --><\/p>\n<p><!-- wp:paragraph --><\/p>\n<p>Alhainen osanottajam\u00e4\u00e4r\u00e4: Jos mille tahansa leirijaksolle on 20 vuorokautta ennen leirijakson alkua ilmoittautunut alle 15 asiakasta (poikkeuksena maalivahtileiri), niin leirijakso voidaan peruuttaa ja jo maksetut rahat palautetaan asiakkaille kokonaisuudessaan (100 %).\u00a0\u00a0\u00a0<\/p>\n<p><!-- \/wp:paragraph --><\/p>\n<p><!-- wp:paragraph --><\/p>\n<p>Ylivoimainen este: Jos kohtaamme ylivoimaisen esteen, force majeure-tilanteen, tai IF Gnistan ry:st\u00e4 riippumattoman esteen, joka pakottaa IF Gnistan ry:t\u00e4 peruuttamaan leirijakson kokonaan, eik\u00e4 asiakkaalle voida tarjota korvaavaa leirijaksoa, asiakkaalle palautetaan jo maksettu leirimaksu kokonaisuudessaan (100 %).\u00a0<\/p>\n<p><!-- \/wp:paragraph --><\/p>\t\t\t\t\t\t\t\t<\/div>\n\t\t\t\t\t<\/div>\n\t\t\t\t<\/div>\n\t\t\t\t<\/div>\n\t\t","protected":false},"excerpt":{"rendered":"<p>Kes\u00e4leirit 2026 \u2013 Liikuntaa ja el\u00e4myksi\u00e4 kaikille koulujen loma-aikoina!\u00a0 Kes\u00e4n 2026 leirit ovat pian varattavissa &#8211; tarjoamme monipuolisia leirej\u00e4 koulujen loma-aikoina! Olitpa sitten jalkapallotaituri tai etsit hauskaa tapaa liikkua koko p\u00e4iv\u00e4n, meilt\u00e4 l\u00f6ytyy leiri juuri sinulle. Paikkana leireille toimii Gnistanin kotikent\u00e4t Oulunkyl\u00e4n Urheilupuistossa. Leirien vet\u00e4jin\u00e4 toimii seuramme valmentajat ja iltap\u00e4iv\u00e4kerhon ohjaajat. Tutustu leireihin alta ja [&hellip;]<\/p>\n","protected":false},"author":24,"featured_media":36703,"parent":0,"menu_order":0,"comment_status":"closed","ping_status":"closed","template":"","meta":{"_acf_changed":false,"footnotes":""},"class_list":["post-15210","page","type-page","status-publish","has-post-thumbnail","hentry"],"acf":[],"yoast_head":"<!-- This site is optimized with the Yoast SEO plugin v27.3 - https:\/\/yoast.com\/product\/yoast-seo-wordpress\/ -->\n<title>Kes\u00e4leirit - IF Gnistan<\/title>\n<meta name=\"description\" content=\"Kes\u00e4leirit 2025 - IF Gnistan ovat nyt varattavissa - tarjoamme monipuolisia leirej\u00e4 koulujen loma-aikoina. Lue lis\u00e4\u00e4 ja varaa paikka pian!\" \/>\n<meta name=\"robots\" content=\"index, follow, max-snippet:-1, max-image-preview:large, max-video-preview:-1\" \/>\n<link rel=\"canonical\" href=\"https:\/\/gnistan.fi\/sv\/kesaleirit\/\" \/>\n<meta property=\"og:locale\" content=\"sv_SE\" \/>\n<meta property=\"og:type\" content=\"article\" \/>\n<meta property=\"og:title\" content=\"Kes\u00e4leirit - IF Gnistan\" \/>\n<meta property=\"og:description\" content=\"Kes\u00e4leirit 2025 - IF Gnistan ovat nyt varattavissa - tarjoamme monipuolisia leirej\u00e4 koulujen loma-aikoina. Lue lis\u00e4\u00e4 ja varaa paikka pian!\" \/>\n<meta property=\"og:url\" content=\"https:\/\/gnistan.fi\/sv\/kesaleirit\/\" \/>\n<meta property=\"og:site_name\" content=\"IF Gnistan\" \/>\n<meta property=\"article:publisher\" content=\"https:\/\/facebook.com\/ifgnistan\" \/>\n<meta property=\"article:modified_time\" content=\"2026-02-03T09:57:23+00:00\" \/>\n<meta property=\"og:image\" content=\"https:\/\/gnistan.fi\/wp-content\/uploads\/2024\/11\/gnistan-default-featured-2024-c.webp\" \/>\n\t<meta property=\"og:image:width\" content=\"1920\" \/>\n\t<meta property=\"og:image:height\" content=\"1080\" \/>\n\t<meta property=\"og:image:type\" content=\"image\/webp\" \/>\n<meta name=\"twitter:card\" content=\"summary_large_image\" \/>\n<meta name=\"twitter:site\" content=\"@ifgnistan1924\" \/>\n<meta name=\"twitter:label1\" content=\"Ber\u00e4knad l\u00e4stid\" \/>\n\t<meta name=\"twitter:data1\" content=\"4 minuter\" \/>\n<script type=\"application\/ld+json\" class=\"yoast-schema-graph\">{\"@context\":\"https:\\\/\\\/schema.org\",\"@graph\":[{\"@type\":\"WebPage\",\"@id\":\"https:\\\/\\\/gnistan.fi\\\/kesaleirit\\\/\",\"url\":\"https:\\\/\\\/gnistan.fi\\\/kesaleirit\\\/\",\"name\":\"Kes\u00e4leirit - IF Gnistan\",\"isPartOf\":{\"@id\":\"https:\\\/\\\/gnistan.fi\\\/#website\"},\"primaryImageOfPage\":{\"@id\":\"https:\\\/\\\/gnistan.fi\\\/kesaleirit\\\/#primaryimage\"},\"image\":{\"@id\":\"https:\\\/\\\/gnistan.fi\\\/kesaleirit\\\/#primaryimage\"},\"thumbnailUrl\":\"https:\\\/\\\/gnistan.fi\\\/wp-content\\\/uploads\\\/2024\\\/11\\\/gnistan-default-featured-2024-c.webp\",\"datePublished\":\"2023-01-25T08:12:23+00:00\",\"dateModified\":\"2026-02-03T09:57:23+00:00\",\"description\":\"Kes\u00e4leirit 2025 - IF Gnistan ovat nyt varattavissa - tarjoamme monipuolisia leirej\u00e4 koulujen loma-aikoina. Lue lis\u00e4\u00e4 ja varaa paikka pian!\",\"breadcrumb\":{\"@id\":\"https:\\\/\\\/gnistan.fi\\\/kesaleirit\\\/#breadcrumb\"},\"inLanguage\":\"sv-SE\",\"potentialAction\":[{\"@type\":\"ReadAction\",\"target\":[\"https:\\\/\\\/gnistan.fi\\\/kesaleirit\\\/\"]}]},{\"@type\":\"ImageObject\",\"inLanguage\":\"sv-SE\",\"@id\":\"https:\\\/\\\/gnistan.fi\\\/kesaleirit\\\/#primaryimage\",\"url\":\"https:\\\/\\\/gnistan.fi\\\/wp-content\\\/uploads\\\/2024\\\/11\\\/gnistan-default-featured-2024-c.webp\",\"contentUrl\":\"https:\\\/\\\/gnistan.fi\\\/wp-content\\\/uploads\\\/2024\\\/11\\\/gnistan-default-featured-2024-c.webp\",\"width\":1920,\"height\":1080},{\"@type\":\"BreadcrumbList\",\"@id\":\"https:\\\/\\\/gnistan.fi\\\/kesaleirit\\\/#breadcrumb\",\"itemListElement\":[{\"@type\":\"ListItem\",\"position\":1,\"name\":\"Etusivu\",\"item\":\"https:\\\/\\\/gnistan.fi\\\/\"},{\"@type\":\"ListItem\",\"position\":2,\"name\":\"Kes\u00e4leirit\"}]},{\"@type\":\"WebSite\",\"@id\":\"https:\\\/\\\/gnistan.fi\\\/#website\",\"url\":\"https:\\\/\\\/gnistan.fi\\\/\",\"name\":\"IF Gnistan\",\"description\":\"Viralliset sivut\",\"publisher\":{\"@id\":\"https:\\\/\\\/gnistan.fi\\\/#organization\"},\"potentialAction\":[{\"@type\":\"SearchAction\",\"target\":{\"@type\":\"EntryPoint\",\"urlTemplate\":\"https:\\\/\\\/gnistan.fi\\\/?s={search_term_string}\"},\"query-input\":{\"@type\":\"PropertyValueSpecification\",\"valueRequired\":true,\"valueName\":\"search_term_string\"}}],\"inLanguage\":\"sv-SE\"},{\"@type\":\"Organization\",\"@id\":\"https:\\\/\\\/gnistan.fi\\\/#organization\",\"name\":\"IF Gnistan\",\"url\":\"https:\\\/\\\/gnistan.fi\\\/\",\"logo\":{\"@type\":\"ImageObject\",\"inLanguage\":\"sv-SE\",\"@id\":\"https:\\\/\\\/gnistan.fi\\\/#\\\/schema\\\/logo\\\/image\\\/\",\"url\":\"https:\\\/\\\/gnistan.fi\\\/wp-content\\\/uploads\\\/2019\\\/10\\\/if-gnistan-vector-logo.svg\",\"contentUrl\":\"https:\\\/\\\/gnistan.fi\\\/wp-content\\\/uploads\\\/2019\\\/10\\\/if-gnistan-vector-logo.svg\",\"width\":269,\"height\":314,\"caption\":\"IF Gnistan\"},\"image\":{\"@id\":\"https:\\\/\\\/gnistan.fi\\\/#\\\/schema\\\/logo\\\/image\\\/\"},\"sameAs\":[\"https:\\\/\\\/facebook.com\\\/ifgnistan\",\"https:\\\/\\\/x.com\\\/ifgnistan1924\",\"https:\\\/\\\/instagram.com\\\/ifgnistan1924\",\"https:\\\/\\\/www.linkedin.com\\\/company\\\/ifgnistan\\\/\"]}]}<\/script>\n<!-- \/ Yoast SEO plugin. -->","yoast_head_json":{"title":"Kes\u00e4leirit - IF Gnistan","description":"Kes\u00e4leirit 2025 - IF Gnistan ovat nyt varattavissa - tarjoamme monipuolisia leirej\u00e4 koulujen loma-aikoina. Lue lis\u00e4\u00e4 ja varaa paikka pian!","robots":{"index":"index","follow":"follow","max-snippet":"max-snippet:-1","max-image-preview":"max-image-preview:large","max-video-preview":"max-video-preview:-1"},"canonical":"https:\/\/gnistan.fi\/sv\/kesaleirit\/","og_locale":"sv_SE","og_type":"article","og_title":"Kes\u00e4leirit - IF Gnistan","og_description":"Kes\u00e4leirit 2025 - IF Gnistan ovat nyt varattavissa - tarjoamme monipuolisia leirej\u00e4 koulujen loma-aikoina. Lue lis\u00e4\u00e4 ja varaa paikka pian!","og_url":"https:\/\/gnistan.fi\/sv\/kesaleirit\/","og_site_name":"IF Gnistan","article_publisher":"https:\/\/facebook.com\/ifgnistan","article_modified_time":"2026-02-03T09:57:23+00:00","og_image":[{"width":1920,"height":1080,"url":"https:\/\/gnistan.fi\/wp-content\/uploads\/2024\/11\/gnistan-default-featured-2024-c.webp","type":"image\/webp"}],"twitter_card":"summary_large_image","twitter_site":"@ifgnistan1924","twitter_misc":{"Ber\u00e4knad l\u00e4stid":"4 minuter"},"schema":{"@context":"https:\/\/schema.org","@graph":[{"@type":"WebPage","@id":"https:\/\/gnistan.fi\/kesaleirit\/","url":"https:\/\/gnistan.fi\/kesaleirit\/","name":"Kes\u00e4leirit - IF Gnistan","isPartOf":{"@id":"https:\/\/gnistan.fi\/#website"},"primaryImageOfPage":{"@id":"https:\/\/gnistan.fi\/kesaleirit\/#primaryimage"},"image":{"@id":"https:\/\/gnistan.fi\/kesaleirit\/#primaryimage"},"thumbnailUrl":"https:\/\/gnistan.fi\/wp-content\/uploads\/2024\/11\/gnistan-default-featured-2024-c.webp","datePublished":"2023-01-25T08:12:23+00:00","dateModified":"2026-02-03T09:57:23+00:00","description":"Kes\u00e4leirit 2025 - IF Gnistan ovat nyt varattavissa - tarjoamme monipuolisia leirej\u00e4 koulujen loma-aikoina. Lue lis\u00e4\u00e4 ja varaa paikka pian!","breadcrumb":{"@id":"https:\/\/gnistan.fi\/kesaleirit\/#breadcrumb"},"inLanguage":"sv-SE","potentialAction":[{"@type":"ReadAction","target":["https:\/\/gnistan.fi\/kesaleirit\/"]}]},{"@type":"ImageObject","inLanguage":"sv-SE","@id":"https:\/\/gnistan.fi\/kesaleirit\/#primaryimage","url":"https:\/\/gnistan.fi\/wp-content\/uploads\/2024\/11\/gnistan-default-featured-2024-c.webp","contentUrl":"https:\/\/gnistan.fi\/wp-content\/uploads\/2024\/11\/gnistan-default-featured-2024-c.webp","width":1920,"height":1080},{"@type":"BreadcrumbList","@id":"https:\/\/gnistan.fi\/kesaleirit\/#breadcrumb","itemListElement":[{"@type":"ListItem","position":1,"name":"Etusivu","item":"https:\/\/gnistan.fi\/"},{"@type":"ListItem","position":2,"name":"Kes\u00e4leirit"}]},{"@type":"WebSite","@id":"https:\/\/gnistan.fi\/#website","url":"https:\/\/gnistan.fi\/","name":"IF Gnistan","description":"Viralliset sivut","publisher":{"@id":"https:\/\/gnistan.fi\/#organization"},"potentialAction":[{"@type":"SearchAction","target":{"@type":"EntryPoint","urlTemplate":"https:\/\/gnistan.fi\/?s={search_term_string}"},"query-input":{"@type":"PropertyValueSpecification","valueRequired":true,"valueName":"search_term_string"}}],"inLanguage":"sv-SE"},{"@type":"Organization","@id":"https:\/\/gnistan.fi\/#organization","name":"IF Gnistan","url":"https:\/\/gnistan.fi\/","logo":{"@type":"ImageObject","inLanguage":"sv-SE","@id":"https:\/\/gnistan.fi\/#\/schema\/logo\/image\/","url":"https:\/\/gnistan.fi\/wp-content\/uploads\/2019\/10\/if-gnistan-vector-logo.svg","contentUrl":"https:\/\/gnistan.fi\/wp-content\/uploads\/2019\/10\/if-gnistan-vector-logo.svg","width":269,"height":314,"caption":"IF Gnistan"},"image":{"@id":"https:\/\/gnistan.fi\/#\/schema\/logo\/image\/"},"sameAs":["https:\/\/facebook.com\/ifgnistan","https:\/\/x.com\/ifgnistan1924","https:\/\/instagram.com\/ifgnistan1924","https:\/\/www.linkedin.com\/company\/ifgnistan\/"]}]}},"jetpack_sharing_enabled":true,"_links":{"self":[{"href":"https:\/\/gnistan.fi\/sv\/wp-json\/wp\/v2\/pages\/15210","targetHints":{"allow":["GET"]}}],"collection":[{"href":"https:\/\/gnistan.fi\/sv\/wp-json\/wp\/v2\/pages"}],"about":[{"href":"https:\/\/gnistan.fi\/sv\/wp-json\/wp\/v2\/types\/page"}],"author":[{"embeddable":true,"href":"https:\/\/gnistan.fi\/sv\/wp-json\/wp\/v2\/users\/24"}],"replies":[{"embeddable":true,"href":"https:\/\/gnistan.fi\/sv\/wp-json\/wp\/v2\/comments?post=15210"}],"version-history":[{"count":20,"href":"https:\/\/gnistan.fi\/sv\/wp-json\/wp\/v2\/pages\/15210\/revisions"}],"predecessor-version":[{"id":43974,"href":"https:\/\/gnistan.fi\/sv\/wp-json\/wp\/v2\/pages\/15210\/revisions\/43974"}],"wp:featuredmedia":[{"embeddable":true,"href":"https:\/\/gnistan.fi\/sv\/wp-json\/wp\/v2\/media\/36703"}],"wp:attachment":[{"href":"https:\/\/gnistan.fi\/sv\/wp-json\/wp\/v2\/media?parent=15210"}],"curies":[{"name":"wp","href":"https:\/\/api.w.org\/{rel}","templated":true}]}}