{"id":14922,"date":"2020-01-16T17:43:15","date_gmt":"2020-01-16T15:43:15","guid":{"rendered":"https:\/\/gnistan.fi\/?page_id=14922"},"modified":"2026-01-07T16:50:26","modified_gmt":"2026-01-07T14:50:26","slug":"p14","status":"publish","type":"page","link":"https:\/\/gnistan.fi\/sv\/p14\/","title":{"rendered":"P2014"},"content":{"rendered":"<figure class=\"wp-block-image aligncenter size-large\"><img fetchpriority=\"high\" decoding=\"async\" width=\"1024\" height=\"683\" src=\"https:\/\/gnistan.fi\/wp-content\/uploads\/2025\/06\/P2014_kilpa-1024x683.jpg\" alt=\"\" class=\"wp-image-40472\" srcset=\"https:\/\/gnistan.fi\/wp-content\/uploads\/2025\/06\/P2014_kilpa-1024x683.jpg 1024w, https:\/\/gnistan.fi\/wp-content\/uploads\/2025\/06\/P2014_kilpa-300x200.jpg 300w, https:\/\/gnistan.fi\/wp-content\/uploads\/2025\/06\/P2014_kilpa-768x512.jpg 768w, https:\/\/gnistan.fi\/wp-content\/uploads\/2025\/06\/P2014_kilpa-1536x1024.jpg 1536w, https:\/\/gnistan.fi\/wp-content\/uploads\/2025\/06\/P2014_kilpa-2048x1365.jpg 2048w, https:\/\/gnistan.fi\/wp-content\/uploads\/2025\/06\/P2014_kilpa-18x12.jpg 18w\" sizes=\"(max-width: 1024px) 100vw, 1024px\" \/><figcaption class=\"wp-element-caption\">P2014 Kilpa 2025<\/figcaption><\/figure>\n\n\n\n<figure class=\"wp-block-image aligncenter size-large\"><img decoding=\"async\" width=\"1024\" height=\"683\" src=\"https:\/\/gnistan.fi\/wp-content\/uploads\/2025\/06\/P2014_haaste-1024x683.jpg\" alt=\"\" class=\"wp-image-40473\" srcset=\"https:\/\/gnistan.fi\/wp-content\/uploads\/2025\/06\/P2014_haaste-1024x683.jpg 1024w, https:\/\/gnistan.fi\/wp-content\/uploads\/2025\/06\/P2014_haaste-300x200.jpg 300w, https:\/\/gnistan.fi\/wp-content\/uploads\/2025\/06\/P2014_haaste-768x512.jpg 768w, https:\/\/gnistan.fi\/wp-content\/uploads\/2025\/06\/P2014_haaste-1536x1024.jpg 1536w, https:\/\/gnistan.fi\/wp-content\/uploads\/2025\/06\/P2014_haaste-2048x1366.jpg 2048w, https:\/\/gnistan.fi\/wp-content\/uploads\/2025\/06\/P2014_haaste-18x12.jpg 18w\" sizes=\"(max-width: 1024px) 100vw, 1024px\" \/><figcaption class=\"wp-element-caption\">P2014 Haaste 2025<\/figcaption><\/figure>\n\n\n\n<p><em><strong>Tervetuloa Gnistan P2014 -joukkueen sivulle!<\/strong><\/em><\/p>\n\n\n\n<p>Gnistanin vuonna 2014 syntyneiden junioripelaajien joukkueet on perustettu tammikuussa 2020. Joukkueen pelaajat on jaettu taitotason mukaan kilpa- ja haastejoukkueisiin. Joukkueissa pelaa niin pidemp\u00e4\u00e4n mukana olleita kuin vastik\u00e4\u00e4n aloittaneita pelaajia. Oletko kiinnostunut tulemaan mukaan toimintaan? Harjoitusajat ja lis\u00e4tiedot toiminnastamme saatte joukkueenjohtajiltamme.<\/p>\n\n\n\n<p>Kun olette kokeilleet treenaamista ja haluatte liitty\u00e4 mukaan joukkueeseen ja seuraan, voitte tehd\u00e4 sen t\u00e4\u00e4lt\u00e4:&nbsp;<a href=\"https:\/\/gnistan.fi\/sv\/bli-medlem\/\">J\u00e4seneksi \u2013 IF Gnistan<\/a>.&nbsp;Ilmoittautumisen j\u00e4lkeen teid\u00e4t liitet\u00e4\u00e4n seuran j\u00e4senpalveluun MyClubiin, mist\u00e4 n\u00e4ette joukkueen tapahtumakalenterin. Kehotamme teit\u00e4 my\u00f6s lukemaan joukkueen t\u00e4rke\u00e4t ohjeistukset MyClubin tiedotteista. Saatte ilmoittautumisen my\u00f6t\u00e4 my\u00f6s seuran j\u00e4senmaksun sek\u00e4 joukkueen toimintamaksun maksutiedot.&nbsp;<\/p>\n\n\n\n<p>Joukkueet harjoittelevat t\u00e4ll\u00e4 hetkell\u00e4 3 kertaa viikossa. Lis\u00e4ksi seura tarjoaa mahdollisuuden lis\u00e4harjoitteluun. Osallistumme Palloliiton Piirisarjaan sek\u00e4 erilaisiin turnauksiin. Pelaamme mielell\u00e4mme my\u00f6s harjoituspelej\u00e4 ja teemme muutakin hauskaa yhdess\u00e4. <em>\u00a0<\/em><\/p>\n\n\n\n<p>Jokaiselle pelaajalle pyrit\u00e4\u00e4n antamaan mahdollisuus kehitty\u00e4 omassa tahdissa ja omantasoisessa seurassa kohti omaa huippua. Jokainen pelaaja on t\u00e4rke\u00e4 osa joukkuettamme!<em><\/em><\/p>\n\n\n\n<p><strong>Ota rohkeasti yhteytt\u00e4!<\/strong><\/p>\n\n\n\n<p><em><strong>Yhteystiedot:<\/strong><\/em><\/p>\n\n\n\n<p>S\u00e4hk\u00f6posti (kilpa1, kilpa2 ja haaste): <a href=\"mailto:gnistanp14@gmail.com\">gnistanp14@gmail.com<\/a><\/p>\n\n\n\n<p>Kilpa1 vastuuvalmentaja: Jesse Pekkonen<\/p>\n\n\n\n<p>Kilpa2 vastuuvalmentaja: Miro Hokkanen<\/p>\n\n\n\n<p>Haaste vastuuvalmentaja: Abdulkhaleq Alhaayawi<\/p>\n\n\n\n<p><\/p>\n\n\n\n<p>Voit tutustua joukkueeseen my\u00f6s Instagramissa:&nbsp;<a href=\"https:\/\/www.instagram.com\/gnistan_p14\/\">https:\/\/www.instagram.com\/gnistan_p14\/<\/a><\/p>","protected":false},"excerpt":{"rendered":"<p>Tervetuloa Gnistan P2014 -joukkueen sivulle! Gnistanin vuonna 2014 syntyneiden junioripelaajien joukkueet on perustettu tammikuussa 2020. Joukkueen pelaajat on jaettu taitotason mukaan kilpa- ja haastejoukkueisiin. Joukkueissa pelaa niin pidemp\u00e4\u00e4n mukana olleita kuin vastik\u00e4\u00e4n aloittaneita pelaajia. Oletko kiinnostunut tulemaan mukaan toimintaan? Harjoitusajat ja lis\u00e4tiedot toiminnastamme saatte joukkueenjohtajiltamme. Kun olette kokeilleet treenaamista ja haluatte liitty\u00e4 mukaan joukkueeseen ja [&hellip;]<\/p>\n","protected":false},"author":7,"featured_media":36703,"parent":0,"menu_order":0,"comment_status":"closed","ping_status":"closed","template":"","meta":{"_acf_changed":false,"footnotes":""},"class_list":["post-14922","page","type-page","status-publish","has-post-thumbnail","hentry"],"acf":[],"yoast_head":"<!-- This site is optimized with the Yoast SEO plugin v27.3 - https:\/\/yoast.com\/product\/yoast-seo-wordpress\/ -->\n<title>P2014 - IF Gnistan<\/title>\n<meta name=\"robots\" content=\"index, follow, max-snippet:-1, max-image-preview:large, max-video-preview:-1\" \/>\n<link rel=\"canonical\" href=\"https:\/\/gnistan.fi\/sv\/p14\/\" \/>\n<meta property=\"og:locale\" content=\"sv_SE\" \/>\n<meta property=\"og:type\" content=\"article\" \/>\n<meta property=\"og:title\" content=\"P2014 - IF Gnistan\" \/>\n<meta property=\"og:description\" content=\"Tervetuloa Gnistan P2014 -joukkueen sivulle! Gnistanin vuonna 2014 syntyneiden junioripelaajien joukkueet on perustettu tammikuussa 2020. Joukkueen pelaajat on jaettu taitotason mukaan kilpa- ja haastejoukkueisiin. Joukkueissa pelaa niin pidemp\u00e4\u00e4n mukana olleita kuin vastik\u00e4\u00e4n aloittaneita pelaajia. Oletko kiinnostunut tulemaan mukaan toimintaan? Harjoitusajat ja lis\u00e4tiedot toiminnastamme saatte joukkueenjohtajiltamme. Kun olette kokeilleet treenaamista ja haluatte liitty\u00e4 mukaan joukkueeseen ja [&hellip;]\" \/>\n<meta property=\"og:url\" content=\"https:\/\/gnistan.fi\/sv\/p14\/\" \/>\n<meta property=\"og:site_name\" content=\"IF Gnistan\" \/>\n<meta property=\"article:publisher\" content=\"https:\/\/facebook.com\/ifgnistan\" \/>\n<meta property=\"article:modified_time\" content=\"2026-01-07T14:50:26+00:00\" \/>\n<meta property=\"og:image\" content=\"https:\/\/gnistan.fi\/wp-content\/uploads\/2025\/06\/P2014_kilpa-scaled.jpg\" \/>\n\t<meta property=\"og:image:width\" content=\"2560\" \/>\n\t<meta property=\"og:image:height\" content=\"1706\" \/>\n\t<meta property=\"og:image:type\" content=\"image\/jpeg\" \/>\n<meta name=\"twitter:card\" content=\"summary_large_image\" \/>\n<meta name=\"twitter:site\" content=\"@ifgnistan1924\" \/>\n<meta name=\"twitter:label1\" content=\"Ber\u00e4knad l\u00e4stid\" \/>\n\t<meta name=\"twitter:data1\" content=\"2 minuter\" \/>\n<script type=\"application\/ld+json\" class=\"yoast-schema-graph\">{\"@context\":\"https:\\\/\\\/schema.org\",\"@graph\":[{\"@type\":\"WebPage\",\"@id\":\"https:\\\/\\\/gnistan.fi\\\/p14\\\/\",\"url\":\"https:\\\/\\\/gnistan.fi\\\/p14\\\/\",\"name\":\"P2014 - IF Gnistan\",\"isPartOf\":{\"@id\":\"https:\\\/\\\/gnistan.fi\\\/#website\"},\"primaryImageOfPage\":{\"@id\":\"https:\\\/\\\/gnistan.fi\\\/p14\\\/#primaryimage\"},\"image\":{\"@id\":\"https:\\\/\\\/gnistan.fi\\\/p14\\\/#primaryimage\"},\"thumbnailUrl\":\"https:\\\/\\\/gnistan.fi\\\/wp-content\\\/uploads\\\/2024\\\/11\\\/gnistan-default-featured-2024-c.webp\",\"datePublished\":\"2020-01-16T15:43:15+00:00\",\"dateModified\":\"2026-01-07T14:50:26+00:00\",\"breadcrumb\":{\"@id\":\"https:\\\/\\\/gnistan.fi\\\/p14\\\/#breadcrumb\"},\"inLanguage\":\"sv-SE\",\"potentialAction\":[{\"@type\":\"ReadAction\",\"target\":[\"https:\\\/\\\/gnistan.fi\\\/p14\\\/\"]}]},{\"@type\":\"ImageObject\",\"inLanguage\":\"sv-SE\",\"@id\":\"https:\\\/\\\/gnistan.fi\\\/p14\\\/#primaryimage\",\"url\":\"https:\\\/\\\/gnistan.fi\\\/wp-content\\\/uploads\\\/2024\\\/11\\\/gnistan-default-featured-2024-c.webp\",\"contentUrl\":\"https:\\\/\\\/gnistan.fi\\\/wp-content\\\/uploads\\\/2024\\\/11\\\/gnistan-default-featured-2024-c.webp\",\"width\":1920,\"height\":1080},{\"@type\":\"BreadcrumbList\",\"@id\":\"https:\\\/\\\/gnistan.fi\\\/p14\\\/#breadcrumb\",\"itemListElement\":[{\"@type\":\"ListItem\",\"position\":1,\"name\":\"Etusivu\",\"item\":\"https:\\\/\\\/gnistan.fi\\\/\"},{\"@type\":\"ListItem\",\"position\":2,\"name\":\"P2014\"}]},{\"@type\":\"WebSite\",\"@id\":\"https:\\\/\\\/gnistan.fi\\\/#website\",\"url\":\"https:\\\/\\\/gnistan.fi\\\/\",\"name\":\"IF Gnistan\",\"description\":\"Viralliset sivut\",\"publisher\":{\"@id\":\"https:\\\/\\\/gnistan.fi\\\/#organization\"},\"potentialAction\":[{\"@type\":\"SearchAction\",\"target\":{\"@type\":\"EntryPoint\",\"urlTemplate\":\"https:\\\/\\\/gnistan.fi\\\/?s={search_term_string}\"},\"query-input\":{\"@type\":\"PropertyValueSpecification\",\"valueRequired\":true,\"valueName\":\"search_term_string\"}}],\"inLanguage\":\"sv-SE\"},{\"@type\":\"Organization\",\"@id\":\"https:\\\/\\\/gnistan.fi\\\/#organization\",\"name\":\"IF Gnistan\",\"url\":\"https:\\\/\\\/gnistan.fi\\\/\",\"logo\":{\"@type\":\"ImageObject\",\"inLanguage\":\"sv-SE\",\"@id\":\"https:\\\/\\\/gnistan.fi\\\/#\\\/schema\\\/logo\\\/image\\\/\",\"url\":\"https:\\\/\\\/gnistan.fi\\\/wp-content\\\/uploads\\\/2019\\\/10\\\/if-gnistan-vector-logo.svg\",\"contentUrl\":\"https:\\\/\\\/gnistan.fi\\\/wp-content\\\/uploads\\\/2019\\\/10\\\/if-gnistan-vector-logo.svg\",\"width\":269,\"height\":314,\"caption\":\"IF Gnistan\"},\"image\":{\"@id\":\"https:\\\/\\\/gnistan.fi\\\/#\\\/schema\\\/logo\\\/image\\\/\"},\"sameAs\":[\"https:\\\/\\\/facebook.com\\\/ifgnistan\",\"https:\\\/\\\/x.com\\\/ifgnistan1924\",\"https:\\\/\\\/instagram.com\\\/ifgnistan1924\",\"https:\\\/\\\/www.linkedin.com\\\/company\\\/ifgnistan\\\/\"]}]}<\/script>\n<!-- \/ Yoast SEO plugin. -->","yoast_head_json":{"title":"P2014 - IF Gnistan","robots":{"index":"index","follow":"follow","max-snippet":"max-snippet:-1","max-image-preview":"max-image-preview:large","max-video-preview":"max-video-preview:-1"},"canonical":"https:\/\/gnistan.fi\/sv\/p14\/","og_locale":"sv_SE","og_type":"article","og_title":"P2014 - IF Gnistan","og_description":"Tervetuloa Gnistan P2014 -joukkueen sivulle! Gnistanin vuonna 2014 syntyneiden junioripelaajien joukkueet on perustettu tammikuussa 2020. Joukkueen pelaajat on jaettu taitotason mukaan kilpa- ja haastejoukkueisiin. Joukkueissa pelaa niin pidemp\u00e4\u00e4n mukana olleita kuin vastik\u00e4\u00e4n aloittaneita pelaajia. Oletko kiinnostunut tulemaan mukaan toimintaan? Harjoitusajat ja lis\u00e4tiedot toiminnastamme saatte joukkueenjohtajiltamme. Kun olette kokeilleet treenaamista ja haluatte liitty\u00e4 mukaan joukkueeseen ja [&hellip;]","og_url":"https:\/\/gnistan.fi\/sv\/p14\/","og_site_name":"IF Gnistan","article_publisher":"https:\/\/facebook.com\/ifgnistan","article_modified_time":"2026-01-07T14:50:26+00:00","og_image":[{"width":2560,"height":1706,"url":"https:\/\/gnistan.fi\/wp-content\/uploads\/2025\/06\/P2014_kilpa-scaled.jpg","type":"image\/jpeg"}],"twitter_card":"summary_large_image","twitter_site":"@ifgnistan1924","twitter_misc":{"Ber\u00e4knad l\u00e4stid":"2 minuter"},"schema":{"@context":"https:\/\/schema.org","@graph":[{"@type":"WebPage","@id":"https:\/\/gnistan.fi\/p14\/","url":"https:\/\/gnistan.fi\/p14\/","name":"P2014 - IF Gnistan","isPartOf":{"@id":"https:\/\/gnistan.fi\/#website"},"primaryImageOfPage":{"@id":"https:\/\/gnistan.fi\/p14\/#primaryimage"},"image":{"@id":"https:\/\/gnistan.fi\/p14\/#primaryimage"},"thumbnailUrl":"https:\/\/gnistan.fi\/wp-content\/uploads\/2024\/11\/gnistan-default-featured-2024-c.webp","datePublished":"2020-01-16T15:43:15+00:00","dateModified":"2026-01-07T14:50:26+00:00","breadcrumb":{"@id":"https:\/\/gnistan.fi\/p14\/#breadcrumb"},"inLanguage":"sv-SE","potentialAction":[{"@type":"ReadAction","target":["https:\/\/gnistan.fi\/p14\/"]}]},{"@type":"ImageObject","inLanguage":"sv-SE","@id":"https:\/\/gnistan.fi\/p14\/#primaryimage","url":"https:\/\/gnistan.fi\/wp-content\/uploads\/2024\/11\/gnistan-default-featured-2024-c.webp","contentUrl":"https:\/\/gnistan.fi\/wp-content\/uploads\/2024\/11\/gnistan-default-featured-2024-c.webp","width":1920,"height":1080},{"@type":"BreadcrumbList","@id":"https:\/\/gnistan.fi\/p14\/#breadcrumb","itemListElement":[{"@type":"ListItem","position":1,"name":"Etusivu","item":"https:\/\/gnistan.fi\/"},{"@type":"ListItem","position":2,"name":"P2014"}]},{"@type":"WebSite","@id":"https:\/\/gnistan.fi\/#website","url":"https:\/\/gnistan.fi\/","name":"IF Gnistan","description":"Viralliset sivut","publisher":{"@id":"https:\/\/gnistan.fi\/#organization"},"potentialAction":[{"@type":"SearchAction","target":{"@type":"EntryPoint","urlTemplate":"https:\/\/gnistan.fi\/?s={search_term_string}"},"query-input":{"@type":"PropertyValueSpecification","valueRequired":true,"valueName":"search_term_string"}}],"inLanguage":"sv-SE"},{"@type":"Organization","@id":"https:\/\/gnistan.fi\/#organization","name":"IF Gnistan","url":"https:\/\/gnistan.fi\/","logo":{"@type":"ImageObject","inLanguage":"sv-SE","@id":"https:\/\/gnistan.fi\/#\/schema\/logo\/image\/","url":"https:\/\/gnistan.fi\/wp-content\/uploads\/2019\/10\/if-gnistan-vector-logo.svg","contentUrl":"https:\/\/gnistan.fi\/wp-content\/uploads\/2019\/10\/if-gnistan-vector-logo.svg","width":269,"height":314,"caption":"IF Gnistan"},"image":{"@id":"https:\/\/gnistan.fi\/#\/schema\/logo\/image\/"},"sameAs":["https:\/\/facebook.com\/ifgnistan","https:\/\/x.com\/ifgnistan1924","https:\/\/instagram.com\/ifgnistan1924","https:\/\/www.linkedin.com\/company\/ifgnistan\/"]}]}},"jetpack_sharing_enabled":true,"_links":{"self":[{"href":"https:\/\/gnistan.fi\/sv\/wp-json\/wp\/v2\/pages\/14922","targetHints":{"allow":["GET"]}}],"collection":[{"href":"https:\/\/gnistan.fi\/sv\/wp-json\/wp\/v2\/pages"}],"about":[{"href":"https:\/\/gnistan.fi\/sv\/wp-json\/wp\/v2\/types\/page"}],"author":[{"embeddable":true,"href":"https:\/\/gnistan.fi\/sv\/wp-json\/wp\/v2\/users\/7"}],"replies":[{"embeddable":true,"href":"https:\/\/gnistan.fi\/sv\/wp-json\/wp\/v2\/comments?post=14922"}],"version-history":[{"count":19,"href":"https:\/\/gnistan.fi\/sv\/wp-json\/wp\/v2\/pages\/14922\/revisions"}],"predecessor-version":[{"id":43341,"href":"https:\/\/gnistan.fi\/sv\/wp-json\/wp\/v2\/pages\/14922\/revisions\/43341"}],"wp:featuredmedia":[{"embeddable":true,"href":"https:\/\/gnistan.fi\/sv\/wp-json\/wp\/v2\/media\/36703"}],"wp:attachment":[{"href":"https:\/\/gnistan.fi\/sv\/wp-json\/wp\/v2\/media?parent=14922"}],"curies":[{"name":"wp","href":"https:\/\/api.w.org\/{rel}","templated":true}]}}