{"id":14256,"date":"2019-10-30T15:15:52","date_gmt":"2019-10-30T13:15:52","guid":{"rendered":"https:\/\/gnistan.fi\/?page_id=14256"},"modified":"2025-11-25T14:47:11","modified_gmt":"2025-11-25T12:47:11","slug":"g2-ogeli","status":"publish","type":"page","link":"https:\/\/gnistan.fi\/sv\/g2-ogeli\/","title":{"rendered":"Ogeli"},"content":{"rendered":"<figure class=\"wp-block-image size-large\"><img fetchpriority=\"high\" decoding=\"async\" width=\"1024\" height=\"1024\" src=\"https:\/\/gnistan.fi\/wp-content\/uploads\/2023\/03\/OGELI-1024x1024.jpg\" alt=\"\" class=\"wp-image-24848\" srcset=\"https:\/\/gnistan.fi\/wp-content\/uploads\/2023\/03\/OGELI-1024x1024.jpg 1024w, https:\/\/gnistan.fi\/wp-content\/uploads\/2023\/03\/OGELI-300x300.jpg 300w, https:\/\/gnistan.fi\/wp-content\/uploads\/2023\/03\/OGELI-100x100.jpg 100w, https:\/\/gnistan.fi\/wp-content\/uploads\/2023\/03\/OGELI-600x600.jpg 600w, https:\/\/gnistan.fi\/wp-content\/uploads\/2023\/03\/OGELI-150x150.jpg 150w, https:\/\/gnistan.fi\/wp-content\/uploads\/2023\/03\/OGELI-768x768.jpg 768w, https:\/\/gnistan.fi\/wp-content\/uploads\/2023\/03\/OGELI-1536x1536.jpg 1536w, https:\/\/gnistan.fi\/wp-content\/uploads\/2023\/03\/OGELI.jpg 2048w, https:\/\/gnistan.fi\/wp-content\/uploads\/2023\/03\/OGELI-128x128.jpg 128w, https:\/\/gnistan.fi\/wp-content\/uploads\/2023\/03\/OGELI-32x32.jpg 32w\" sizes=\"(max-width: 1024px) 100vw, 1024px\" \/><\/figure>\n\n\n\n<p>Gnistan\/Ogeli pelaa kaudella 2025 miesten Kolmosessa! <\/p>\n\n\n\n<p>P\u00e4\u00e4valmentaja Ilkka &#8221;Bruno&#8221; Somero, <a href=\"mailto:ilkka.somero@hotmail.com\">ilkka.somero@hotmail.com<\/a><\/p>\n\n\n\n<p>Joukkueenjohtaja: Toni Sepp\u00e4l\u00e4, <a href=\"mailto:toni.seppala@gnistan.fi\">toni.seppala@gnistan.fi<\/a><\/p>\n\n\n\n<p><\/p>","protected":false},"excerpt":{"rendered":"<p>Gnistan\/Ogeli pelaa kaudella 2025 miesten Kolmosessa! P\u00e4\u00e4valmentaja Ilkka &#8221;Bruno&#8221; Somero, ilkka.somero@hotmail.com Joukkueenjohtaja: Toni Sepp\u00e4l\u00e4, toni.seppala@gnistan.fi<\/p>","protected":false},"author":7,"featured_media":36703,"parent":0,"menu_order":0,"comment_status":"closed","ping_status":"closed","template":"","meta":{"_acf_changed":false,"footnotes":""},"class_list":["post-14256","page","type-page","status-publish","has-post-thumbnail","hentry"],"acf":[],"yoast_head":"<!-- This site is optimized with the Yoast SEO plugin v27.3 - https:\/\/yoast.com\/product\/yoast-seo-wordpress\/ -->\n<title>Ogeli - IF Gnistan<\/title>\n<meta name=\"robots\" content=\"index, follow, max-snippet:-1, max-image-preview:large, max-video-preview:-1\" \/>\n<link rel=\"canonical\" href=\"https:\/\/gnistan.fi\/sv\/g2-ogeli\/\" \/>\n<meta property=\"og:locale\" content=\"sv_SE\" \/>\n<meta property=\"og:type\" content=\"article\" \/>\n<meta property=\"og:title\" content=\"Ogeli - IF Gnistan\" \/>\n<meta property=\"og:description\" content=\"Gnistan\/Ogeli pelaa kaudella 2025 miesten Kolmosessa! P\u00e4\u00e4valmentaja Ilkka &#8221;Bruno&#8221; Somero, ilkka.somero@hotmail.com Joukkueenjohtaja: Toni Sepp\u00e4l\u00e4, toni.seppala@gnistan.fi\" \/>\n<meta property=\"og:url\" content=\"https:\/\/gnistan.fi\/sv\/g2-ogeli\/\" \/>\n<meta property=\"og:site_name\" content=\"IF Gnistan\" \/>\n<meta property=\"article:publisher\" content=\"https:\/\/facebook.com\/ifgnistan\" \/>\n<meta property=\"article:modified_time\" content=\"2025-11-25T12:47:11+00:00\" \/>\n<meta property=\"og:image\" content=\"https:\/\/gnistan.fi\/wp-content\/uploads\/2023\/03\/OGELI.jpg\" \/>\n\t<meta property=\"og:image:width\" content=\"2048\" \/>\n\t<meta property=\"og:image:height\" content=\"2048\" \/>\n\t<meta property=\"og:image:type\" content=\"image\/jpeg\" \/>\n<meta name=\"twitter:card\" content=\"summary_large_image\" \/>\n<meta name=\"twitter:site\" content=\"@ifgnistan1924\" \/>\n<meta name=\"twitter:label1\" content=\"Ber\u00e4knad l\u00e4stid\" \/>\n\t<meta name=\"twitter:data1\" content=\"1 minut\" \/>\n<script type=\"application\/ld+json\" class=\"yoast-schema-graph\">{\"@context\":\"https:\\\/\\\/schema.org\",\"@graph\":[{\"@type\":\"WebPage\",\"@id\":\"https:\\\/\\\/gnistan.fi\\\/g2-ogeli\\\/\",\"url\":\"https:\\\/\\\/gnistan.fi\\\/g2-ogeli\\\/\",\"name\":\"Ogeli - IF Gnistan\",\"isPartOf\":{\"@id\":\"https:\\\/\\\/gnistan.fi\\\/#website\"},\"primaryImageOfPage\":{\"@id\":\"https:\\\/\\\/gnistan.fi\\\/g2-ogeli\\\/#primaryimage\"},\"image\":{\"@id\":\"https:\\\/\\\/gnistan.fi\\\/g2-ogeli\\\/#primaryimage\"},\"thumbnailUrl\":\"https:\\\/\\\/gnistan.fi\\\/wp-content\\\/uploads\\\/2024\\\/11\\\/gnistan-default-featured-2024-c.webp\",\"datePublished\":\"2019-10-30T13:15:52+00:00\",\"dateModified\":\"2025-11-25T12:47:11+00:00\",\"breadcrumb\":{\"@id\":\"https:\\\/\\\/gnistan.fi\\\/g2-ogeli\\\/#breadcrumb\"},\"inLanguage\":\"sv-SE\",\"potentialAction\":[{\"@type\":\"ReadAction\",\"target\":[\"https:\\\/\\\/gnistan.fi\\\/g2-ogeli\\\/\"]}]},{\"@type\":\"ImageObject\",\"inLanguage\":\"sv-SE\",\"@id\":\"https:\\\/\\\/gnistan.fi\\\/g2-ogeli\\\/#primaryimage\",\"url\":\"https:\\\/\\\/gnistan.fi\\\/wp-content\\\/uploads\\\/2024\\\/11\\\/gnistan-default-featured-2024-c.webp\",\"contentUrl\":\"https:\\\/\\\/gnistan.fi\\\/wp-content\\\/uploads\\\/2024\\\/11\\\/gnistan-default-featured-2024-c.webp\",\"width\":1920,\"height\":1080},{\"@type\":\"BreadcrumbList\",\"@id\":\"https:\\\/\\\/gnistan.fi\\\/g2-ogeli\\\/#breadcrumb\",\"itemListElement\":[{\"@type\":\"ListItem\",\"position\":1,\"name\":\"Etusivu\",\"item\":\"https:\\\/\\\/gnistan.fi\\\/\"},{\"@type\":\"ListItem\",\"position\":2,\"name\":\"Ogeli\"}]},{\"@type\":\"WebSite\",\"@id\":\"https:\\\/\\\/gnistan.fi\\\/#website\",\"url\":\"https:\\\/\\\/gnistan.fi\\\/\",\"name\":\"IF Gnistan\",\"description\":\"Viralliset sivut\",\"publisher\":{\"@id\":\"https:\\\/\\\/gnistan.fi\\\/#organization\"},\"potentialAction\":[{\"@type\":\"SearchAction\",\"target\":{\"@type\":\"EntryPoint\",\"urlTemplate\":\"https:\\\/\\\/gnistan.fi\\\/?s={search_term_string}\"},\"query-input\":{\"@type\":\"PropertyValueSpecification\",\"valueRequired\":true,\"valueName\":\"search_term_string\"}}],\"inLanguage\":\"sv-SE\"},{\"@type\":\"Organization\",\"@id\":\"https:\\\/\\\/gnistan.fi\\\/#organization\",\"name\":\"IF Gnistan\",\"url\":\"https:\\\/\\\/gnistan.fi\\\/\",\"logo\":{\"@type\":\"ImageObject\",\"inLanguage\":\"sv-SE\",\"@id\":\"https:\\\/\\\/gnistan.fi\\\/#\\\/schema\\\/logo\\\/image\\\/\",\"url\":\"https:\\\/\\\/gnistan.fi\\\/wp-content\\\/uploads\\\/2019\\\/10\\\/if-gnistan-vector-logo.svg\",\"contentUrl\":\"https:\\\/\\\/gnistan.fi\\\/wp-content\\\/uploads\\\/2019\\\/10\\\/if-gnistan-vector-logo.svg\",\"width\":269,\"height\":314,\"caption\":\"IF Gnistan\"},\"image\":{\"@id\":\"https:\\\/\\\/gnistan.fi\\\/#\\\/schema\\\/logo\\\/image\\\/\"},\"sameAs\":[\"https:\\\/\\\/facebook.com\\\/ifgnistan\",\"https:\\\/\\\/x.com\\\/ifgnistan1924\",\"https:\\\/\\\/instagram.com\\\/ifgnistan1924\",\"https:\\\/\\\/www.linkedin.com\\\/company\\\/ifgnistan\\\/\"]}]}<\/script>\n<!-- \/ Yoast SEO plugin. -->","yoast_head_json":{"title":"Ogeli - IF Gnistan","robots":{"index":"index","follow":"follow","max-snippet":"max-snippet:-1","max-image-preview":"max-image-preview:large","max-video-preview":"max-video-preview:-1"},"canonical":"https:\/\/gnistan.fi\/sv\/g2-ogeli\/","og_locale":"sv_SE","og_type":"article","og_title":"Ogeli - IF Gnistan","og_description":"Gnistan\/Ogeli pelaa kaudella 2025 miesten Kolmosessa! P\u00e4\u00e4valmentaja Ilkka &#8221;Bruno&#8221; Somero, ilkka.somero@hotmail.com Joukkueenjohtaja: Toni Sepp\u00e4l\u00e4, toni.seppala@gnistan.fi","og_url":"https:\/\/gnistan.fi\/sv\/g2-ogeli\/","og_site_name":"IF Gnistan","article_publisher":"https:\/\/facebook.com\/ifgnistan","article_modified_time":"2025-11-25T12:47:11+00:00","og_image":[{"width":2048,"height":2048,"url":"https:\/\/gnistan.fi\/wp-content\/uploads\/2023\/03\/OGELI.jpg","type":"image\/jpeg"}],"twitter_card":"summary_large_image","twitter_site":"@ifgnistan1924","twitter_misc":{"Ber\u00e4knad l\u00e4stid":"1 minut"},"schema":{"@context":"https:\/\/schema.org","@graph":[{"@type":"WebPage","@id":"https:\/\/gnistan.fi\/g2-ogeli\/","url":"https:\/\/gnistan.fi\/g2-ogeli\/","name":"Ogeli - IF Gnistan","isPartOf":{"@id":"https:\/\/gnistan.fi\/#website"},"primaryImageOfPage":{"@id":"https:\/\/gnistan.fi\/g2-ogeli\/#primaryimage"},"image":{"@id":"https:\/\/gnistan.fi\/g2-ogeli\/#primaryimage"},"thumbnailUrl":"https:\/\/gnistan.fi\/wp-content\/uploads\/2024\/11\/gnistan-default-featured-2024-c.webp","datePublished":"2019-10-30T13:15:52+00:00","dateModified":"2025-11-25T12:47:11+00:00","breadcrumb":{"@id":"https:\/\/gnistan.fi\/g2-ogeli\/#breadcrumb"},"inLanguage":"sv-SE","potentialAction":[{"@type":"ReadAction","target":["https:\/\/gnistan.fi\/g2-ogeli\/"]}]},{"@type":"ImageObject","inLanguage":"sv-SE","@id":"https:\/\/gnistan.fi\/g2-ogeli\/#primaryimage","url":"https:\/\/gnistan.fi\/wp-content\/uploads\/2024\/11\/gnistan-default-featured-2024-c.webp","contentUrl":"https:\/\/gnistan.fi\/wp-content\/uploads\/2024\/11\/gnistan-default-featured-2024-c.webp","width":1920,"height":1080},{"@type":"BreadcrumbList","@id":"https:\/\/gnistan.fi\/g2-ogeli\/#breadcrumb","itemListElement":[{"@type":"ListItem","position":1,"name":"Etusivu","item":"https:\/\/gnistan.fi\/"},{"@type":"ListItem","position":2,"name":"Ogeli"}]},{"@type":"WebSite","@id":"https:\/\/gnistan.fi\/#website","url":"https:\/\/gnistan.fi\/","name":"IF Gnistan","description":"Viralliset sivut","publisher":{"@id":"https:\/\/gnistan.fi\/#organization"},"potentialAction":[{"@type":"SearchAction","target":{"@type":"EntryPoint","urlTemplate":"https:\/\/gnistan.fi\/?s={search_term_string}"},"query-input":{"@type":"PropertyValueSpecification","valueRequired":true,"valueName":"search_term_string"}}],"inLanguage":"sv-SE"},{"@type":"Organization","@id":"https:\/\/gnistan.fi\/#organization","name":"IF Gnistan","url":"https:\/\/gnistan.fi\/","logo":{"@type":"ImageObject","inLanguage":"sv-SE","@id":"https:\/\/gnistan.fi\/#\/schema\/logo\/image\/","url":"https:\/\/gnistan.fi\/wp-content\/uploads\/2019\/10\/if-gnistan-vector-logo.svg","contentUrl":"https:\/\/gnistan.fi\/wp-content\/uploads\/2019\/10\/if-gnistan-vector-logo.svg","width":269,"height":314,"caption":"IF Gnistan"},"image":{"@id":"https:\/\/gnistan.fi\/#\/schema\/logo\/image\/"},"sameAs":["https:\/\/facebook.com\/ifgnistan","https:\/\/x.com\/ifgnistan1924","https:\/\/instagram.com\/ifgnistan1924","https:\/\/www.linkedin.com\/company\/ifgnistan\/"]}]}},"jetpack_sharing_enabled":true,"_links":{"self":[{"href":"https:\/\/gnistan.fi\/sv\/wp-json\/wp\/v2\/pages\/14256","targetHints":{"allow":["GET"]}}],"collection":[{"href":"https:\/\/gnistan.fi\/sv\/wp-json\/wp\/v2\/pages"}],"about":[{"href":"https:\/\/gnistan.fi\/sv\/wp-json\/wp\/v2\/types\/page"}],"author":[{"embeddable":true,"href":"https:\/\/gnistan.fi\/sv\/wp-json\/wp\/v2\/users\/7"}],"replies":[{"embeddable":true,"href":"https:\/\/gnistan.fi\/sv\/wp-json\/wp\/v2\/comments?post=14256"}],"version-history":[{"count":8,"href":"https:\/\/gnistan.fi\/sv\/wp-json\/wp\/v2\/pages\/14256\/revisions"}],"predecessor-version":[{"id":42995,"href":"https:\/\/gnistan.fi\/sv\/wp-json\/wp\/v2\/pages\/14256\/revisions\/42995"}],"wp:featuredmedia":[{"embeddable":true,"href":"https:\/\/gnistan.fi\/sv\/wp-json\/wp\/v2\/media\/36703"}],"wp:attachment":[{"href":"https:\/\/gnistan.fi\/sv\/wp-json\/wp\/v2\/media?parent=14256"}],"curies":[{"name":"wp","href":"https:\/\/api.w.org\/{rel}","templated":true}]}}