{"id":14254,"date":"2019-10-30T15:10:21","date_gmt":"2019-10-30T13:10:21","guid":{"rendered":"https:\/\/gnistan.fi\/?page_id=14254"},"modified":"2025-10-27T11:09:03","modified_gmt":"2025-10-27T09:09:03","slug":"akat","status":"publish","type":"page","link":"https:\/\/gnistan.fi\/sv\/akat\/","title":{"rendered":"Akat"},"content":{"rendered":"<p>Vuonna 2011 perustettu Gnistan Akat on eri-ik\u00e4isten naisten jalkapallojoukkue, joka pelaa jalkapalloa ja futsalia aikuisten harrastesarjoissa. Joukkueesta l\u00f6ytyy niin futistaustan omaavia kuin aikuisena harrastuksen aloittaneita akkoja.<\/p>\n\n\n\n<p>Akat treenaavat valmentajan johdolla kerran viikossa sunnuntaisin ymp\u00e4ri vuoden, osallistuvat kes\u00e4isin Palloliiton piirisarjaan (7v7) sek\u00e4 talvella 7v7 talvisarjoihin ja futsaliin. Gnistan Akat tarjoaa hyv\u00e4n harrastuksen, pelaamisen iloa sek\u00e4 kannustavaa ja reilua joukkuehenke\u00e4. Pelaajia on parisenkymment\u00e4. Akat toivottaa kaikki uudet pelaajat tervetulleiksi &#8211; mukaan voivat tulla niin vasta-alkajat kuin aiemmin jalkapalloa pelanneet.<\/p>\n\n\n\n<p>L\u00f6yd\u00e4t Akat my\u00f6s Facebookista ja Instagramista.<\/p>\n\n\n\n<p><a href=\"https:\/\/fi-fi.facebook.com\/gnistanakat\">https:\/\/fi-fi.facebook.com\/gnistanakat<\/a><\/p>\n\n\n\n<p><a href=\"https:\/\/www.instagram.com\/gnistanakat\">https:\/\/www.instagram.com\/gnistanakat<\/a><\/p>\n\n\n\n<p>Tervetuloa kokeilemaan ja nauttimaan iloisesta Akkaenergiasta!<\/p>\n\n\n\n<p>Lis\u00e4tietoja:<br><\/p>\n\n\n\n<p>Lagledare<br>Silja Ronimus<\/p>\n\n\n\n<p>silja.karoliiina@gmail.com<\/p>\n\n\n\n<p><\/p>\n\n\n\n<figure class=\"wp-block-image size-large is-resized\"><img fetchpriority=\"high\" decoding=\"async\" width=\"962\" height=\"1024\" src=\"https:\/\/gnistan.fi\/wp-content\/uploads\/2025\/01\/akat-1-962x1024.jpeg\" alt=\"\" class=\"wp-image-38032\" style=\"width:543px;height:auto\" srcset=\"https:\/\/gnistan.fi\/wp-content\/uploads\/2025\/01\/akat-1-962x1024.jpeg 962w, https:\/\/gnistan.fi\/wp-content\/uploads\/2025\/01\/akat-1-282x300.jpeg 282w, https:\/\/gnistan.fi\/wp-content\/uploads\/2025\/01\/akat-1-768x818.jpeg 768w, https:\/\/gnistan.fi\/wp-content\/uploads\/2025\/01\/akat-1-11x12.jpeg 11w, https:\/\/gnistan.fi\/wp-content\/uploads\/2025\/01\/akat-1.jpeg 1002w\" sizes=\"(max-width: 962px) 100vw, 962px\" \/><\/figure>","protected":false},"excerpt":{"rendered":"<p>Vuonna 2011 perustettu Gnistan Akat on eri-ik\u00e4isten naisten jalkapallojoukkue, joka pelaa jalkapalloa ja futsalia aikuisten harrastesarjoissa. Joukkueesta l\u00f6ytyy niin futistaustan omaavia kuin aikuisena harrastuksen aloittaneita akkoja. Akat treenaavat valmentajan johdolla kerran viikossa sunnuntaisin ymp\u00e4ri vuoden, osallistuvat kes\u00e4isin Palloliiton piirisarjaan (7v7) sek\u00e4 talvella 7v7 talvisarjoihin ja futsaliin. Gnistan Akat tarjoaa hyv\u00e4n harrastuksen, pelaamisen iloa sek\u00e4 kannustavaa [&hellip;]<\/p>\n","protected":false},"author":7,"featured_media":21465,"parent":0,"menu_order":0,"comment_status":"closed","ping_status":"closed","template":"","meta":{"_acf_changed":false,"footnotes":""},"class_list":["post-14254","page","type-page","status-publish","has-post-thumbnail","hentry"],"acf":[],"yoast_head":"<!-- This site is optimized with the Yoast SEO plugin v27.3 - https:\/\/yoast.com\/product\/yoast-seo-wordpress\/ -->\n<title>Akat - IF Gnistan<\/title>\n<meta name=\"robots\" content=\"index, follow, max-snippet:-1, max-image-preview:large, max-video-preview:-1\" \/>\n<link rel=\"canonical\" href=\"https:\/\/gnistan.fi\/sv\/akat\/\" \/>\n<meta property=\"og:locale\" content=\"sv_SE\" \/>\n<meta property=\"og:type\" content=\"article\" \/>\n<meta property=\"og:title\" content=\"Akat - IF Gnistan\" \/>\n<meta property=\"og:description\" content=\"Vuonna 2011 perustettu Gnistan Akat on eri-ik\u00e4isten naisten jalkapallojoukkue, joka pelaa jalkapalloa ja futsalia aikuisten harrastesarjoissa. Joukkueesta l\u00f6ytyy niin futistaustan omaavia kuin aikuisena harrastuksen aloittaneita akkoja. Akat treenaavat valmentajan johdolla kerran viikossa sunnuntaisin ymp\u00e4ri vuoden, osallistuvat kes\u00e4isin Palloliiton piirisarjaan (7v7) sek\u00e4 talvella 7v7 talvisarjoihin ja futsaliin. Gnistan Akat tarjoaa hyv\u00e4n harrastuksen, pelaamisen iloa sek\u00e4 kannustavaa [&hellip;]\" \/>\n<meta property=\"og:url\" content=\"https:\/\/gnistan.fi\/sv\/akat\/\" \/>\n<meta property=\"og:site_name\" content=\"IF Gnistan\" \/>\n<meta property=\"article:publisher\" content=\"https:\/\/facebook.com\/ifgnistan\" \/>\n<meta property=\"article:modified_time\" content=\"2025-10-27T09:09:03+00:00\" \/>\n<meta property=\"og:image\" content=\"https:\/\/gnistan.fi\/wp-content\/uploads\/2022\/02\/GnistanAkat2.jpg\" \/>\n\t<meta property=\"og:image:width\" content=\"1024\" \/>\n\t<meta property=\"og:image:height\" content=\"768\" \/>\n\t<meta property=\"og:image:type\" content=\"image\/jpeg\" \/>\n<meta name=\"twitter:card\" content=\"summary_large_image\" \/>\n<meta name=\"twitter:site\" content=\"@ifgnistan1924\" \/>\n<meta name=\"twitter:label1\" content=\"Ber\u00e4knad l\u00e4stid\" \/>\n\t<meta name=\"twitter:data1\" content=\"1 minut\" \/>\n<script type=\"application\/ld+json\" class=\"yoast-schema-graph\">{\"@context\":\"https:\\\/\\\/schema.org\",\"@graph\":[{\"@type\":\"WebPage\",\"@id\":\"https:\\\/\\\/gnistan.fi\\\/akat\\\/\",\"url\":\"https:\\\/\\\/gnistan.fi\\\/akat\\\/\",\"name\":\"Akat - IF Gnistan\",\"isPartOf\":{\"@id\":\"https:\\\/\\\/gnistan.fi\\\/#website\"},\"primaryImageOfPage\":{\"@id\":\"https:\\\/\\\/gnistan.fi\\\/akat\\\/#primaryimage\"},\"image\":{\"@id\":\"https:\\\/\\\/gnistan.fi\\\/akat\\\/#primaryimage\"},\"thumbnailUrl\":\"https:\\\/\\\/gnistan.fi\\\/wp-content\\\/uploads\\\/2022\\\/02\\\/GnistanAkat2.jpg\",\"datePublished\":\"2019-10-30T13:10:21+00:00\",\"dateModified\":\"2025-10-27T09:09:03+00:00\",\"breadcrumb\":{\"@id\":\"https:\\\/\\\/gnistan.fi\\\/akat\\\/#breadcrumb\"},\"inLanguage\":\"sv-SE\",\"potentialAction\":[{\"@type\":\"ReadAction\",\"target\":[\"https:\\\/\\\/gnistan.fi\\\/akat\\\/\"]}]},{\"@type\":\"ImageObject\",\"inLanguage\":\"sv-SE\",\"@id\":\"https:\\\/\\\/gnistan.fi\\\/akat\\\/#primaryimage\",\"url\":\"https:\\\/\\\/gnistan.fi\\\/wp-content\\\/uploads\\\/2022\\\/02\\\/GnistanAkat2.jpg\",\"contentUrl\":\"https:\\\/\\\/gnistan.fi\\\/wp-content\\\/uploads\\\/2022\\\/02\\\/GnistanAkat2.jpg\",\"width\":1024,\"height\":768},{\"@type\":\"BreadcrumbList\",\"@id\":\"https:\\\/\\\/gnistan.fi\\\/akat\\\/#breadcrumb\",\"itemListElement\":[{\"@type\":\"ListItem\",\"position\":1,\"name\":\"Etusivu\",\"item\":\"https:\\\/\\\/gnistan.fi\\\/\"},{\"@type\":\"ListItem\",\"position\":2,\"name\":\"Akat\"}]},{\"@type\":\"WebSite\",\"@id\":\"https:\\\/\\\/gnistan.fi\\\/#website\",\"url\":\"https:\\\/\\\/gnistan.fi\\\/\",\"name\":\"IF Gnistan\",\"description\":\"Viralliset sivut\",\"publisher\":{\"@id\":\"https:\\\/\\\/gnistan.fi\\\/#organization\"},\"potentialAction\":[{\"@type\":\"SearchAction\",\"target\":{\"@type\":\"EntryPoint\",\"urlTemplate\":\"https:\\\/\\\/gnistan.fi\\\/?s={search_term_string}\"},\"query-input\":{\"@type\":\"PropertyValueSpecification\",\"valueRequired\":true,\"valueName\":\"search_term_string\"}}],\"inLanguage\":\"sv-SE\"},{\"@type\":\"Organization\",\"@id\":\"https:\\\/\\\/gnistan.fi\\\/#organization\",\"name\":\"IF Gnistan\",\"url\":\"https:\\\/\\\/gnistan.fi\\\/\",\"logo\":{\"@type\":\"ImageObject\",\"inLanguage\":\"sv-SE\",\"@id\":\"https:\\\/\\\/gnistan.fi\\\/#\\\/schema\\\/logo\\\/image\\\/\",\"url\":\"https:\\\/\\\/gnistan.fi\\\/wp-content\\\/uploads\\\/2019\\\/10\\\/if-gnistan-vector-logo.svg\",\"contentUrl\":\"https:\\\/\\\/gnistan.fi\\\/wp-content\\\/uploads\\\/2019\\\/10\\\/if-gnistan-vector-logo.svg\",\"width\":269,\"height\":314,\"caption\":\"IF Gnistan\"},\"image\":{\"@id\":\"https:\\\/\\\/gnistan.fi\\\/#\\\/schema\\\/logo\\\/image\\\/\"},\"sameAs\":[\"https:\\\/\\\/facebook.com\\\/ifgnistan\",\"https:\\\/\\\/x.com\\\/ifgnistan1924\",\"https:\\\/\\\/instagram.com\\\/ifgnistan1924\",\"https:\\\/\\\/www.linkedin.com\\\/company\\\/ifgnistan\\\/\"]}]}<\/script>\n<!-- \/ Yoast SEO plugin. -->","yoast_head_json":{"title":"Akat - IF Gnistan","robots":{"index":"index","follow":"follow","max-snippet":"max-snippet:-1","max-image-preview":"max-image-preview:large","max-video-preview":"max-video-preview:-1"},"canonical":"https:\/\/gnistan.fi\/sv\/akat\/","og_locale":"sv_SE","og_type":"article","og_title":"Akat - IF Gnistan","og_description":"Vuonna 2011 perustettu Gnistan Akat on eri-ik\u00e4isten naisten jalkapallojoukkue, joka pelaa jalkapalloa ja futsalia aikuisten harrastesarjoissa. Joukkueesta l\u00f6ytyy niin futistaustan omaavia kuin aikuisena harrastuksen aloittaneita akkoja. Akat treenaavat valmentajan johdolla kerran viikossa sunnuntaisin ymp\u00e4ri vuoden, osallistuvat kes\u00e4isin Palloliiton piirisarjaan (7v7) sek\u00e4 talvella 7v7 talvisarjoihin ja futsaliin. Gnistan Akat tarjoaa hyv\u00e4n harrastuksen, pelaamisen iloa sek\u00e4 kannustavaa [&hellip;]","og_url":"https:\/\/gnistan.fi\/sv\/akat\/","og_site_name":"IF Gnistan","article_publisher":"https:\/\/facebook.com\/ifgnistan","article_modified_time":"2025-10-27T09:09:03+00:00","og_image":[{"width":1024,"height":768,"url":"https:\/\/gnistan.fi\/wp-content\/uploads\/2022\/02\/GnistanAkat2.jpg","type":"image\/jpeg"}],"twitter_card":"summary_large_image","twitter_site":"@ifgnistan1924","twitter_misc":{"Ber\u00e4knad l\u00e4stid":"1 minut"},"schema":{"@context":"https:\/\/schema.org","@graph":[{"@type":"WebPage","@id":"https:\/\/gnistan.fi\/akat\/","url":"https:\/\/gnistan.fi\/akat\/","name":"Akat - IF Gnistan","isPartOf":{"@id":"https:\/\/gnistan.fi\/#website"},"primaryImageOfPage":{"@id":"https:\/\/gnistan.fi\/akat\/#primaryimage"},"image":{"@id":"https:\/\/gnistan.fi\/akat\/#primaryimage"},"thumbnailUrl":"https:\/\/gnistan.fi\/wp-content\/uploads\/2022\/02\/GnistanAkat2.jpg","datePublished":"2019-10-30T13:10:21+00:00","dateModified":"2025-10-27T09:09:03+00:00","breadcrumb":{"@id":"https:\/\/gnistan.fi\/akat\/#breadcrumb"},"inLanguage":"sv-SE","potentialAction":[{"@type":"ReadAction","target":["https:\/\/gnistan.fi\/akat\/"]}]},{"@type":"ImageObject","inLanguage":"sv-SE","@id":"https:\/\/gnistan.fi\/akat\/#primaryimage","url":"https:\/\/gnistan.fi\/wp-content\/uploads\/2022\/02\/GnistanAkat2.jpg","contentUrl":"https:\/\/gnistan.fi\/wp-content\/uploads\/2022\/02\/GnistanAkat2.jpg","width":1024,"height":768},{"@type":"BreadcrumbList","@id":"https:\/\/gnistan.fi\/akat\/#breadcrumb","itemListElement":[{"@type":"ListItem","position":1,"name":"Etusivu","item":"https:\/\/gnistan.fi\/"},{"@type":"ListItem","position":2,"name":"Akat"}]},{"@type":"WebSite","@id":"https:\/\/gnistan.fi\/#website","url":"https:\/\/gnistan.fi\/","name":"IF Gnistan","description":"Viralliset sivut","publisher":{"@id":"https:\/\/gnistan.fi\/#organization"},"potentialAction":[{"@type":"SearchAction","target":{"@type":"EntryPoint","urlTemplate":"https:\/\/gnistan.fi\/?s={search_term_string}"},"query-input":{"@type":"PropertyValueSpecification","valueRequired":true,"valueName":"search_term_string"}}],"inLanguage":"sv-SE"},{"@type":"Organization","@id":"https:\/\/gnistan.fi\/#organization","name":"IF Gnistan","url":"https:\/\/gnistan.fi\/","logo":{"@type":"ImageObject","inLanguage":"sv-SE","@id":"https:\/\/gnistan.fi\/#\/schema\/logo\/image\/","url":"https:\/\/gnistan.fi\/wp-content\/uploads\/2019\/10\/if-gnistan-vector-logo.svg","contentUrl":"https:\/\/gnistan.fi\/wp-content\/uploads\/2019\/10\/if-gnistan-vector-logo.svg","width":269,"height":314,"caption":"IF Gnistan"},"image":{"@id":"https:\/\/gnistan.fi\/#\/schema\/logo\/image\/"},"sameAs":["https:\/\/facebook.com\/ifgnistan","https:\/\/x.com\/ifgnistan1924","https:\/\/instagram.com\/ifgnistan1924","https:\/\/www.linkedin.com\/company\/ifgnistan\/"]}]}},"jetpack_sharing_enabled":true,"_links":{"self":[{"href":"https:\/\/gnistan.fi\/sv\/wp-json\/wp\/v2\/pages\/14254","targetHints":{"allow":["GET"]}}],"collection":[{"href":"https:\/\/gnistan.fi\/sv\/wp-json\/wp\/v2\/pages"}],"about":[{"href":"https:\/\/gnistan.fi\/sv\/wp-json\/wp\/v2\/types\/page"}],"author":[{"embeddable":true,"href":"https:\/\/gnistan.fi\/sv\/wp-json\/wp\/v2\/users\/7"}],"replies":[{"embeddable":true,"href":"https:\/\/gnistan.fi\/sv\/wp-json\/wp\/v2\/comments?post=14254"}],"version-history":[{"count":19,"href":"https:\/\/gnistan.fi\/sv\/wp-json\/wp\/v2\/pages\/14254\/revisions"}],"predecessor-version":[{"id":42491,"href":"https:\/\/gnistan.fi\/sv\/wp-json\/wp\/v2\/pages\/14254\/revisions\/42491"}],"wp:featuredmedia":[{"embeddable":true,"href":"https:\/\/gnistan.fi\/sv\/wp-json\/wp\/v2\/media\/21465"}],"wp:attachment":[{"href":"https:\/\/gnistan.fi\/sv\/wp-json\/wp\/v2\/media?parent=14254"}],"curies":[{"name":"wp","href":"https:\/\/api.w.org\/{rel}","templated":true}]}}