{"id":14252,"date":"2019-10-30T15:06:10","date_gmt":"2019-10-30T13:06:10","guid":{"rendered":"https:\/\/gnistan.fi\/?page_id=14252"},"modified":"2026-04-07T12:22:29","modified_gmt":"2026-04-07T09:22:29","slug":"t12-13","status":"publish","type":"page","link":"https:\/\/gnistan.fi\/sv\/t12-13\/","title":{"rendered":"T2012\/13"},"content":{"rendered":"<figure class=\"wp-block-image aligncenter size-large\"><img fetchpriority=\"high\" decoding=\"async\" width=\"1024\" height=\"555\" src=\"https:\/\/gnistan.fi\/wp-content\/uploads\/2025\/06\/T2012_13-1024x555.jpg\" alt=\"\" class=\"wp-image-40497\" srcset=\"https:\/\/gnistan.fi\/wp-content\/uploads\/2025\/06\/T2012_13-1024x555.jpg 1024w, https:\/\/gnistan.fi\/wp-content\/uploads\/2025\/06\/T2012_13-300x163.jpg 300w, https:\/\/gnistan.fi\/wp-content\/uploads\/2025\/06\/T2012_13-768x416.jpg 768w, https:\/\/gnistan.fi\/wp-content\/uploads\/2025\/06\/T2012_13-1536x832.jpg 1536w, https:\/\/gnistan.fi\/wp-content\/uploads\/2025\/06\/T2012_13-2048x1110.jpg 2048w, https:\/\/gnistan.fi\/wp-content\/uploads\/2025\/06\/T2012_13-18x10.jpg 18w\" sizes=\"(max-width: 1024px) 100vw, 1024px\" \/><figcaption class=\"wp-element-caption\">T2012\/13 2025<\/figcaption><\/figure>\n\n\n\n<p>TULE MUKAAN PELAAMAAN! Kaikki halukkaat ovat tervetulleita joukkueemme haasteryhm\u00e4\u00e4n!<\/p>\n\n\n\n<p>Joukkueeseemme otetaan mukaan uusia pelaajia! Sek\u00e4 jo jalkapalloa pelanneet, ett\u00e4 ihan uudet harrastajat ovat tervetulleita. Kaikille l\u00f6ytyy sopivat ryhm\u00e4t harjoituksissa ja peleiss\u00e4.<\/p>\n\n\n\n<p>Joukkueessamme voi kokeilla ensimm\u00e4isen kuukauden ajan ilman sitoutumista ja maksuja, ja p\u00e4\u00e4tt\u00e4\u00e4 sitten haluaako olla mukana. Ilmoitathan joukkueenjohtajalle, kun tulette ensimm\u00e4ist\u00e4 kertaa mukaan harjoituksiin. Kun p\u00e4\u00e4t\u00e4tte ilmoittautua mukaan joukkueeseemme ja liitty\u00e4 seuraamme voitte tehd\u00e4 sen t\u00e4\u00e4lt\u00e4:&nbsp;<a href=\"https:\/\/gnistan.fi\/sv\/bli-medlem\/\" target=\"_blank\" rel=\"noreferrer noopener\">https:\/\/gnistan.fi\/jaseneksi\/<\/a>&nbsp;Ilmoittautumisenne j\u00e4lkeen teid\u00e4t liitet\u00e4\u00e4n seuramme j\u00e4senpalveluun MyClubiin, mist\u00e4 n\u00e4ette joukkueen tapahtumakalenterin ja p\u00e4\u00e4sette osallistumaan joukkueen tapahtumiin. Kehotamme teit\u00e4 lukemaan joukkueen t\u00e4rke\u00e4t ohjeistukset MyClubin tiedotteista liitytty\u00e4nne joukkueeseen. Saatte ilmoittautumisen my\u00f6t\u00e4 my\u00f6s seuran j\u00e4senmaksun sek\u00e4 joukkuemaksun.<\/p>\n\n\n\n<p>GNISTAN TYT\u00d6T 2012-2013- joukkueen kokeneimmat pelaajat ovat aloittaneet harjoittelun vuonna 2018. Tuon j\u00e4lkeen joukkueeseen on tullut paljon uusia pelaajia. Joukkueemme koostuu haaste- sek\u00e4 kilparyhm\u00e4st\u00e4. Kilparyhm\u00e4 harjoittelee omassa ryhm\u00e4ss\u00e4\u00e4n ja haasteryhm\u00e4 omassaan. Jokaiselle pyrit\u00e4\u00e4n antamaan mahdollisuus kehitty\u00e4 omassa tahdissa ja omantasoisessa seurassa kohti omaa huippua. Jokainen pelaaja on t\u00e4rke\u00e4 osa joukkuettamme!<\/p>\n\n\n\n<p>Harjoittelemme p\u00e4\u00e4osin omalla kotikent\u00e4ll\u00e4mme Markku.fi Areenalla kolme kertaa viikossa. Seura tarjoaa my\u00f6s mahdollisuuden lis\u00e4harjoituksiin.<\/p>\n\n\n\n<p>Pelaamme talvikaudella talviligaa sek\u00e4 futsal-sarjaa ja kev\u00e4t- ja syyskaudella piirisarjaa. Lis\u00e4ksi j\u00e4rjest\u00e4mme harjoituspelej\u00e4 ja osallistumme turnauksiin. Osallistumme erilaisilla kokoonpanoilla eri pelitapahtumiin \u2013 kaikille pyrit\u00e4\u00e4n tarjoamaan sopivia pelej\u00e4 oman edistymisen ja pelikokemuksen mukaan.<\/p>\n\n\n\n<p>Joukkueellamme on oma Instagram-tili:&nbsp;<a rel=\"noreferrer noopener\" target=\"_blank\" href=\"https:\/\/www.instagram.com\/gnistant12ja13\/\">https:\/\/www.instagram.com\/gnistant12ja13\/<\/a><\/p>\n\n\n\n<p>Kilpajoukkue:<\/p>\n\n\n\n<p>Vastuuvalmentaja: Laura Hyv\u00f6nen<\/p>\n\n\n\n<p>Lis\u00e4tietoja:<\/p>\n\n\n\n<p>Outi \u00c4yr\u00e4s-Blumberg<br>Lagledare<br>+358 40 5888291<br><a href=\"mailto:oayras@gmail.com\">oayras@gmail.com<\/a><\/p>\n\n\n\n<p>Haastejoukkue <\/p>\n\n\n\n<p>Vastuuvalmentaja: Miia Kauppinen<\/p>\n\n\n\n<p>Lis\u00e4tietoja:<\/p>\n\n\n\n<p>Johanna Sihvonen<br>Lagledare<br>+358 402583749<br><a href=\"mailto:johanna.p.sihvonen@gmail.com\"><a href=\"mailto:gnistant1213.haaste@gmail.com\">gnistant1213.haaste@gmail.com<\/a><\/a><\/p>\n\n\n\n<p>Tervetuloa pelaamaan jalkapalloa hyv\u00e4ss\u00e4 seurassa!<\/p>","protected":false},"excerpt":{"rendered":"<p>TULE MUKAAN PELAAMAAN! Kaikki halukkaat ovat tervetulleita joukkueemme haasteryhm\u00e4\u00e4n! Joukkueeseemme otetaan mukaan uusia pelaajia! Sek\u00e4 jo jalkapalloa pelanneet, ett\u00e4 ihan uudet harrastajat ovat tervetulleita. Kaikille l\u00f6ytyy sopivat ryhm\u00e4t harjoituksissa ja peleiss\u00e4. Joukkueessamme voi kokeilla ensimm\u00e4isen kuukauden ajan ilman sitoutumista ja maksuja, ja p\u00e4\u00e4tt\u00e4\u00e4 sitten haluaako olla mukana. Ilmoitathan joukkueenjohtajalle, kun tulette ensimm\u00e4ist\u00e4 kertaa mukaan harjoituksiin. [&hellip;]<\/p>\n","protected":false},"author":7,"featured_media":36703,"parent":0,"menu_order":0,"comment_status":"closed","ping_status":"closed","template":"","meta":{"_acf_changed":false,"footnotes":""},"class_list":["post-14252","page","type-page","status-publish","has-post-thumbnail","hentry"],"acf":[],"yoast_head":"<!-- This site is optimized with the Yoast SEO plugin v27.3 - https:\/\/yoast.com\/product\/yoast-seo-wordpress\/ -->\n<title>T2012\/13 - IF Gnistan<\/title>\n<meta name=\"robots\" content=\"index, follow, max-snippet:-1, max-image-preview:large, max-video-preview:-1\" \/>\n<link rel=\"canonical\" href=\"https:\/\/gnistan.fi\/sv\/t12-13\/\" \/>\n<meta property=\"og:locale\" content=\"sv_SE\" \/>\n<meta property=\"og:type\" content=\"article\" \/>\n<meta property=\"og:title\" content=\"T2012\/13 - IF Gnistan\" \/>\n<meta property=\"og:description\" content=\"TULE MUKAAN PELAAMAAN! Kaikki halukkaat ovat tervetulleita joukkueemme haasteryhm\u00e4\u00e4n! Joukkueeseemme otetaan mukaan uusia pelaajia! Sek\u00e4 jo jalkapalloa pelanneet, ett\u00e4 ihan uudet harrastajat ovat tervetulleita. Kaikille l\u00f6ytyy sopivat ryhm\u00e4t harjoituksissa ja peleiss\u00e4. Joukkueessamme voi kokeilla ensimm\u00e4isen kuukauden ajan ilman sitoutumista ja maksuja, ja p\u00e4\u00e4tt\u00e4\u00e4 sitten haluaako olla mukana. Ilmoitathan joukkueenjohtajalle, kun tulette ensimm\u00e4ist\u00e4 kertaa mukaan harjoituksiin. [&hellip;]\" \/>\n<meta property=\"og:url\" content=\"https:\/\/gnistan.fi\/sv\/t12-13\/\" \/>\n<meta property=\"og:site_name\" content=\"IF Gnistan\" \/>\n<meta property=\"article:publisher\" content=\"https:\/\/facebook.com\/ifgnistan\" \/>\n<meta property=\"article:modified_time\" content=\"2026-04-07T09:22:29+00:00\" \/>\n<meta property=\"og:image\" content=\"https:\/\/gnistan.fi\/wp-content\/uploads\/2025\/06\/T2012_13-scaled.jpg\" \/>\n\t<meta property=\"og:image:width\" content=\"2560\" \/>\n\t<meta property=\"og:image:height\" content=\"1387\" \/>\n\t<meta property=\"og:image:type\" content=\"image\/jpeg\" \/>\n<meta name=\"twitter:card\" content=\"summary_large_image\" \/>\n<meta name=\"twitter:site\" content=\"@ifgnistan1924\" \/>\n<meta name=\"twitter:label1\" content=\"Ber\u00e4knad l\u00e4stid\" \/>\n\t<meta name=\"twitter:data1\" content=\"2 minuter\" \/>\n<script type=\"application\/ld+json\" class=\"yoast-schema-graph\">{\"@context\":\"https:\\\/\\\/schema.org\",\"@graph\":[{\"@type\":\"WebPage\",\"@id\":\"https:\\\/\\\/gnistan.fi\\\/t12-13\\\/\",\"url\":\"https:\\\/\\\/gnistan.fi\\\/t12-13\\\/\",\"name\":\"T2012\\\/13 - IF Gnistan\",\"isPartOf\":{\"@id\":\"https:\\\/\\\/gnistan.fi\\\/#website\"},\"primaryImageOfPage\":{\"@id\":\"https:\\\/\\\/gnistan.fi\\\/t12-13\\\/#primaryimage\"},\"image\":{\"@id\":\"https:\\\/\\\/gnistan.fi\\\/t12-13\\\/#primaryimage\"},\"thumbnailUrl\":\"https:\\\/\\\/gnistan.fi\\\/wp-content\\\/uploads\\\/2024\\\/11\\\/gnistan-default-featured-2024-c.webp\",\"datePublished\":\"2019-10-30T13:06:10+00:00\",\"dateModified\":\"2026-04-07T09:22:29+00:00\",\"breadcrumb\":{\"@id\":\"https:\\\/\\\/gnistan.fi\\\/t12-13\\\/#breadcrumb\"},\"inLanguage\":\"sv-SE\",\"potentialAction\":[{\"@type\":\"ReadAction\",\"target\":[\"https:\\\/\\\/gnistan.fi\\\/t12-13\\\/\"]}]},{\"@type\":\"ImageObject\",\"inLanguage\":\"sv-SE\",\"@id\":\"https:\\\/\\\/gnistan.fi\\\/t12-13\\\/#primaryimage\",\"url\":\"https:\\\/\\\/gnistan.fi\\\/wp-content\\\/uploads\\\/2024\\\/11\\\/gnistan-default-featured-2024-c.webp\",\"contentUrl\":\"https:\\\/\\\/gnistan.fi\\\/wp-content\\\/uploads\\\/2024\\\/11\\\/gnistan-default-featured-2024-c.webp\",\"width\":1920,\"height\":1080},{\"@type\":\"BreadcrumbList\",\"@id\":\"https:\\\/\\\/gnistan.fi\\\/t12-13\\\/#breadcrumb\",\"itemListElement\":[{\"@type\":\"ListItem\",\"position\":1,\"name\":\"Etusivu\",\"item\":\"https:\\\/\\\/gnistan.fi\\\/\"},{\"@type\":\"ListItem\",\"position\":2,\"name\":\"T2012\\\/13\"}]},{\"@type\":\"WebSite\",\"@id\":\"https:\\\/\\\/gnistan.fi\\\/#website\",\"url\":\"https:\\\/\\\/gnistan.fi\\\/\",\"name\":\"IF Gnistan\",\"description\":\"Viralliset sivut\",\"publisher\":{\"@id\":\"https:\\\/\\\/gnistan.fi\\\/#organization\"},\"potentialAction\":[{\"@type\":\"SearchAction\",\"target\":{\"@type\":\"EntryPoint\",\"urlTemplate\":\"https:\\\/\\\/gnistan.fi\\\/?s={search_term_string}\"},\"query-input\":{\"@type\":\"PropertyValueSpecification\",\"valueRequired\":true,\"valueName\":\"search_term_string\"}}],\"inLanguage\":\"sv-SE\"},{\"@type\":\"Organization\",\"@id\":\"https:\\\/\\\/gnistan.fi\\\/#organization\",\"name\":\"IF Gnistan\",\"url\":\"https:\\\/\\\/gnistan.fi\\\/\",\"logo\":{\"@type\":\"ImageObject\",\"inLanguage\":\"sv-SE\",\"@id\":\"https:\\\/\\\/gnistan.fi\\\/#\\\/schema\\\/logo\\\/image\\\/\",\"url\":\"https:\\\/\\\/gnistan.fi\\\/wp-content\\\/uploads\\\/2019\\\/10\\\/if-gnistan-vector-logo.svg\",\"contentUrl\":\"https:\\\/\\\/gnistan.fi\\\/wp-content\\\/uploads\\\/2019\\\/10\\\/if-gnistan-vector-logo.svg\",\"width\":269,\"height\":314,\"caption\":\"IF Gnistan\"},\"image\":{\"@id\":\"https:\\\/\\\/gnistan.fi\\\/#\\\/schema\\\/logo\\\/image\\\/\"},\"sameAs\":[\"https:\\\/\\\/facebook.com\\\/ifgnistan\",\"https:\\\/\\\/x.com\\\/ifgnistan1924\",\"https:\\\/\\\/instagram.com\\\/ifgnistan1924\",\"https:\\\/\\\/www.linkedin.com\\\/company\\\/ifgnistan\\\/\"]}]}<\/script>\n<!-- \/ Yoast SEO plugin. -->","yoast_head_json":{"title":"T2012\/13 - IF Gnistan","robots":{"index":"index","follow":"follow","max-snippet":"max-snippet:-1","max-image-preview":"max-image-preview:large","max-video-preview":"max-video-preview:-1"},"canonical":"https:\/\/gnistan.fi\/sv\/t12-13\/","og_locale":"sv_SE","og_type":"article","og_title":"T2012\/13 - IF Gnistan","og_description":"TULE MUKAAN PELAAMAAN! Kaikki halukkaat ovat tervetulleita joukkueemme haasteryhm\u00e4\u00e4n! Joukkueeseemme otetaan mukaan uusia pelaajia! Sek\u00e4 jo jalkapalloa pelanneet, ett\u00e4 ihan uudet harrastajat ovat tervetulleita. Kaikille l\u00f6ytyy sopivat ryhm\u00e4t harjoituksissa ja peleiss\u00e4. Joukkueessamme voi kokeilla ensimm\u00e4isen kuukauden ajan ilman sitoutumista ja maksuja, ja p\u00e4\u00e4tt\u00e4\u00e4 sitten haluaako olla mukana. Ilmoitathan joukkueenjohtajalle, kun tulette ensimm\u00e4ist\u00e4 kertaa mukaan harjoituksiin. [&hellip;]","og_url":"https:\/\/gnistan.fi\/sv\/t12-13\/","og_site_name":"IF Gnistan","article_publisher":"https:\/\/facebook.com\/ifgnistan","article_modified_time":"2026-04-07T09:22:29+00:00","og_image":[{"width":2560,"height":1387,"url":"https:\/\/gnistan.fi\/wp-content\/uploads\/2025\/06\/T2012_13-scaled.jpg","type":"image\/jpeg"}],"twitter_card":"summary_large_image","twitter_site":"@ifgnistan1924","twitter_misc":{"Ber\u00e4knad l\u00e4stid":"2 minuter"},"schema":{"@context":"https:\/\/schema.org","@graph":[{"@type":"WebPage","@id":"https:\/\/gnistan.fi\/t12-13\/","url":"https:\/\/gnistan.fi\/t12-13\/","name":"T2012\/13 - IF Gnistan","isPartOf":{"@id":"https:\/\/gnistan.fi\/#website"},"primaryImageOfPage":{"@id":"https:\/\/gnistan.fi\/t12-13\/#primaryimage"},"image":{"@id":"https:\/\/gnistan.fi\/t12-13\/#primaryimage"},"thumbnailUrl":"https:\/\/gnistan.fi\/wp-content\/uploads\/2024\/11\/gnistan-default-featured-2024-c.webp","datePublished":"2019-10-30T13:06:10+00:00","dateModified":"2026-04-07T09:22:29+00:00","breadcrumb":{"@id":"https:\/\/gnistan.fi\/t12-13\/#breadcrumb"},"inLanguage":"sv-SE","potentialAction":[{"@type":"ReadAction","target":["https:\/\/gnistan.fi\/t12-13\/"]}]},{"@type":"ImageObject","inLanguage":"sv-SE","@id":"https:\/\/gnistan.fi\/t12-13\/#primaryimage","url":"https:\/\/gnistan.fi\/wp-content\/uploads\/2024\/11\/gnistan-default-featured-2024-c.webp","contentUrl":"https:\/\/gnistan.fi\/wp-content\/uploads\/2024\/11\/gnistan-default-featured-2024-c.webp","width":1920,"height":1080},{"@type":"BreadcrumbList","@id":"https:\/\/gnistan.fi\/t12-13\/#breadcrumb","itemListElement":[{"@type":"ListItem","position":1,"name":"Etusivu","item":"https:\/\/gnistan.fi\/"},{"@type":"ListItem","position":2,"name":"T2012\/13"}]},{"@type":"WebSite","@id":"https:\/\/gnistan.fi\/#website","url":"https:\/\/gnistan.fi\/","name":"IF Gnistan","description":"Viralliset sivut","publisher":{"@id":"https:\/\/gnistan.fi\/#organization"},"potentialAction":[{"@type":"SearchAction","target":{"@type":"EntryPoint","urlTemplate":"https:\/\/gnistan.fi\/?s={search_term_string}"},"query-input":{"@type":"PropertyValueSpecification","valueRequired":true,"valueName":"search_term_string"}}],"inLanguage":"sv-SE"},{"@type":"Organization","@id":"https:\/\/gnistan.fi\/#organization","name":"IF Gnistan","url":"https:\/\/gnistan.fi\/","logo":{"@type":"ImageObject","inLanguage":"sv-SE","@id":"https:\/\/gnistan.fi\/#\/schema\/logo\/image\/","url":"https:\/\/gnistan.fi\/wp-content\/uploads\/2019\/10\/if-gnistan-vector-logo.svg","contentUrl":"https:\/\/gnistan.fi\/wp-content\/uploads\/2019\/10\/if-gnistan-vector-logo.svg","width":269,"height":314,"caption":"IF Gnistan"},"image":{"@id":"https:\/\/gnistan.fi\/#\/schema\/logo\/image\/"},"sameAs":["https:\/\/facebook.com\/ifgnistan","https:\/\/x.com\/ifgnistan1924","https:\/\/instagram.com\/ifgnistan1924","https:\/\/www.linkedin.com\/company\/ifgnistan\/"]}]}},"jetpack_sharing_enabled":true,"_links":{"self":[{"href":"https:\/\/gnistan.fi\/sv\/wp-json\/wp\/v2\/pages\/14252","targetHints":{"allow":["GET"]}}],"collection":[{"href":"https:\/\/gnistan.fi\/sv\/wp-json\/wp\/v2\/pages"}],"about":[{"href":"https:\/\/gnistan.fi\/sv\/wp-json\/wp\/v2\/types\/page"}],"author":[{"embeddable":true,"href":"https:\/\/gnistan.fi\/sv\/wp-json\/wp\/v2\/users\/7"}],"replies":[{"embeddable":true,"href":"https:\/\/gnistan.fi\/sv\/wp-json\/wp\/v2\/comments?post=14252"}],"version-history":[{"count":20,"href":"https:\/\/gnistan.fi\/sv\/wp-json\/wp\/v2\/pages\/14252\/revisions"}],"predecessor-version":[{"id":44875,"href":"https:\/\/gnistan.fi\/sv\/wp-json\/wp\/v2\/pages\/14252\/revisions\/44875"}],"wp:featuredmedia":[{"embeddable":true,"href":"https:\/\/gnistan.fi\/sv\/wp-json\/wp\/v2\/media\/36703"}],"wp:attachment":[{"href":"https:\/\/gnistan.fi\/sv\/wp-json\/wp\/v2\/media?parent=14252"}],"curies":[{"name":"wp","href":"https:\/\/api.w.org\/{rel}","templated":true}]}}