{"id":14239,"date":"2019-10-30T14:44:53","date_gmt":"2019-10-30T12:44:53","guid":{"rendered":"https:\/\/gnistan.fi\/?page_id=14239"},"modified":"2026-04-07T12:19:41","modified_gmt":"2026-04-07T09:19:41","slug":"p13","status":"publish","type":"page","link":"https:\/\/gnistan.fi\/sv\/p13\/","title":{"rendered":"P2013"},"content":{"rendered":"\n<figure class=\"wp-block-image aligncenter size-large\"><img fetchpriority=\"high\" decoding=\"async\" width=\"1024\" height=\"683\" src=\"https:\/\/gnistan.fi\/wp-content\/uploads\/2025\/06\/P2013_kilpa-1024x683.jpg\" alt=\"\" class=\"wp-image-40468\" srcset=\"https:\/\/gnistan.fi\/wp-content\/uploads\/2025\/06\/P2013_kilpa-1024x683.jpg 1024w, https:\/\/gnistan.fi\/wp-content\/uploads\/2025\/06\/P2013_kilpa-300x200.jpg 300w, https:\/\/gnistan.fi\/wp-content\/uploads\/2025\/06\/P2013_kilpa-768x512.jpg 768w, https:\/\/gnistan.fi\/wp-content\/uploads\/2025\/06\/P2013_kilpa-1536x1024.jpg 1536w, https:\/\/gnistan.fi\/wp-content\/uploads\/2025\/06\/P2013_kilpa-2048x1365.jpg 2048w, https:\/\/gnistan.fi\/wp-content\/uploads\/2025\/06\/P2013_kilpa-18x12.jpg 18w\" sizes=\"(max-width: 1024px) 100vw, 1024px\" \/><figcaption class=\"wp-element-caption\">P2013 Kilpa 2025<\/figcaption><\/figure>\n\n\n\n<figure class=\"wp-block-image aligncenter size-large\"><img decoding=\"async\" width=\"1024\" height=\"683\" src=\"https:\/\/gnistan.fi\/wp-content\/uploads\/2025\/06\/P2013_kilpa2-1024x683.jpg\" alt=\"\" class=\"wp-image-40469\" srcset=\"https:\/\/gnistan.fi\/wp-content\/uploads\/2025\/06\/P2013_kilpa2-1024x683.jpg 1024w, https:\/\/gnistan.fi\/wp-content\/uploads\/2025\/06\/P2013_kilpa2-300x200.jpg 300w, https:\/\/gnistan.fi\/wp-content\/uploads\/2025\/06\/P2013_kilpa2-768x512.jpg 768w, https:\/\/gnistan.fi\/wp-content\/uploads\/2025\/06\/P2013_kilpa2-1536x1024.jpg 1536w, https:\/\/gnistan.fi\/wp-content\/uploads\/2025\/06\/P2013_kilpa2-2048x1365.jpg 2048w, https:\/\/gnistan.fi\/wp-content\/uploads\/2025\/06\/P2013_kilpa2-18x12.jpg 18w\" sizes=\"(max-width: 1024px) 100vw, 1024px\" \/><figcaption class=\"wp-element-caption\">P2013 Kilpa 2 2025<\/figcaption><\/figure>\n\n\n\n<figure class=\"wp-block-image aligncenter size-large\"><img decoding=\"async\" width=\"1024\" height=\"555\" src=\"https:\/\/gnistan.fi\/wp-content\/uploads\/2025\/06\/P2013_haaste-1024x555.jpg\" alt=\"\" class=\"wp-image-40470\" srcset=\"https:\/\/gnistan.fi\/wp-content\/uploads\/2025\/06\/P2013_haaste-1024x555.jpg 1024w, https:\/\/gnistan.fi\/wp-content\/uploads\/2025\/06\/P2013_haaste-300x163.jpg 300w, https:\/\/gnistan.fi\/wp-content\/uploads\/2025\/06\/P2013_haaste-768x416.jpg 768w, https:\/\/gnistan.fi\/wp-content\/uploads\/2025\/06\/P2013_haaste-1536x832.jpg 1536w, https:\/\/gnistan.fi\/wp-content\/uploads\/2025\/06\/P2013_haaste-2048x1110.jpg 2048w, https:\/\/gnistan.fi\/wp-content\/uploads\/2025\/06\/P2013_haaste-18x10.jpg 18w\" sizes=\"(max-width: 1024px) 100vw, 1024px\" \/><figcaption class=\"wp-element-caption\">P2013 Haaste 2025<\/figcaption><\/figure>\n\n\n\n<p><strong>Tervetuloa Gnistan P2013 -joukkueen sivuille<\/strong><\/p>\n\n\n\n<p>Gnistanin vuonna 2013 syntyneiden joukkue on jaettu kolmeen kilpa- ja ja yhteen haasteryhm\u00e4\u00e4n.<\/p>\n\n\n\n<p>Joukkueen tavoitteena on tarjota paras mahdollinen valmennus ja hyv\u00e4 toimintaymp\u00e4rist\u00f6 eri tasoisten peliryhmien kautta kehitty\u00e4 omassa tahdissa oman tasoisten seurassa.<\/p>\n\n\n\n<p>Joukkueen Kilpa 1 ryhm\u00e4n valmennuksesta vastaavat Mohaiman Abdilamir ja Richard Tiberi.<\/p>\n\n\n\n<p>Joukkueen Kilpa 2 ryhm\u00e4n valmennuksesta vastaavat Abdullahi &#8221;Abu&#8221; Farah ja Tatu Sepp\u00e4l\u00e4.<\/p>\n\n\n\n<p>Joukkueen Kilpa 3 ryhm\u00e4n valmennuksesta vastaa Tatu Sepp\u00e4l\u00e4 .<\/p>\n\n\n\n<p>Haasteryhm\u00e4n vastuuvalmentajana toimii Joona Tapani.<\/p>\n\n\n\n<p>Harjoittelemme p\u00e4\u00e4s\u00e4\u00e4nt\u00f6isesti omilla kentill\u00e4mme Markku.fi ja Pikkupekka Areenalla. T\u00e4m\u00e4n lis\u00e4ksi osallistumme Palloliiton sarjoihin, ik\u00e4luokan parhaisiin turnauksiin ja muihin pelitapahtumiin sek\u00e4 teemme muutakin hauskaa yhdess\u00e4!<\/p>\n\n\n\n<p><strong>Ilmoittauduthan joukkueenjohtajalle jos olet kiinnostunut liittym\u00e4\u00e4n joukkueeseen!<\/strong><\/p>\n\n\n\n<p><strong>Yhteystiedot:&nbsp;<\/strong><br>Kilpa: gnistanp13@gmail.com<\/p>\n\n\n\n<p>Kilpa2: gnistanp13kilpa2@gmail.com<\/p>\n\n\n\n<p>Kilpa3: gnistanp13kilpa3@gmail.com<\/p>\n\n\n\n<p>Haaste: gnistanp13haaste@gmail.com&nbsp;<\/p>\n\n\n\n<p>Voit seurata meit\u00e4 my\u00f6s Instagramissa: https:\/\/www.instagram.com\/gnistanp13\/<\/p>\n\n\n\n<p><strong>TERVETULOA MUKAAN JOUKKOOMME!<\/strong><\/p>\n\n\n\n<!-- myClub embed JS - start -->\n<div class=\"myclub-embed\" data-url=\"https:\/\/ifgnistan.myclub.fi\/groups\/36947\/event_embeds\/15368?token=06efbdc74be869780cee46ea443839ad4bb080b2\"><\/div>\n<script>(function(d, s, id) { var js, mjs = d.getElementsByTagName(s)[0]; if (d.getElementById(id)) return; js = d.createElement(s); js.id = id; js.async = true; js.src = \"https:\/\/d2ubdm6yoox6gh.cloudfront.net\/assets\/myclub-embed.js\"; mjs.parentNode.insertBefore(js, mjs); }(document, 'script', 'myclub-embed-js'));<\/script>\n<!-- myClub embed JS - end -->\n","protected":false},"excerpt":{"rendered":"<p>Tervetuloa Gnistan P2013 -joukkueen sivuille Gnistanin vuonna 2013 syntyneiden joukkue on jaettu kolmeen kilpa- ja ja yhteen haasteryhm\u00e4\u00e4n. Joukkueen tavoitteena on tarjota paras mahdollinen valmennus ja hyv\u00e4 toimintaymp\u00e4rist\u00f6 eri tasoisten peliryhmien kautta kehitty\u00e4 omassa tahdissa oman tasoisten seurassa. Joukkueen Kilpa 1 ryhm\u00e4n valmennuksesta vastaavat Mohaiman Abdilamir ja Richard Tiberi. Joukkueen Kilpa 2 ryhm\u00e4n valmennuksesta vastaavat [&hellip;]<\/p>\n","protected":false},"author":7,"featured_media":36703,"parent":0,"menu_order":0,"comment_status":"closed","ping_status":"closed","template":"","meta":{"_acf_changed":false,"footnotes":""},"class_list":["post-14239","page","type-page","status-publish","has-post-thumbnail","hentry"],"acf":[],"yoast_head":"<!-- This site is optimized with the Yoast SEO plugin v27.3 - https:\/\/yoast.com\/product\/yoast-seo-wordpress\/ -->\n<title>P2013 - IF Gnistan<\/title>\n<meta name=\"robots\" content=\"index, follow, max-snippet:-1, max-image-preview:large, max-video-preview:-1\" \/>\n<link rel=\"canonical\" href=\"https:\/\/gnistan.fi\/sv\/p13\/\" \/>\n<meta property=\"og:locale\" content=\"sv_SE\" \/>\n<meta property=\"og:type\" content=\"article\" \/>\n<meta property=\"og:title\" content=\"P2013 - IF Gnistan\" \/>\n<meta property=\"og:description\" content=\"Tervetuloa Gnistan P2013 -joukkueen sivuille Gnistanin vuonna 2013 syntyneiden joukkue on jaettu kolmeen kilpa- ja ja yhteen haasteryhm\u00e4\u00e4n. Joukkueen tavoitteena on tarjota paras mahdollinen valmennus ja hyv\u00e4 toimintaymp\u00e4rist\u00f6 eri tasoisten peliryhmien kautta kehitty\u00e4 omassa tahdissa oman tasoisten seurassa. Joukkueen Kilpa 1 ryhm\u00e4n valmennuksesta vastaavat Mohaiman Abdilamir ja Richard Tiberi. Joukkueen Kilpa 2 ryhm\u00e4n valmennuksesta vastaavat [&hellip;]\" \/>\n<meta property=\"og:url\" content=\"https:\/\/gnistan.fi\/sv\/p13\/\" \/>\n<meta property=\"og:site_name\" content=\"IF Gnistan\" \/>\n<meta property=\"article:publisher\" content=\"https:\/\/facebook.com\/ifgnistan\" \/>\n<meta property=\"article:modified_time\" content=\"2026-04-07T09:19:41+00:00\" \/>\n<meta property=\"og:image\" content=\"https:\/\/gnistan.fi\/wp-content\/uploads\/2025\/06\/P2013_kilpa-scaled.jpg\" \/>\n\t<meta property=\"og:image:width\" content=\"2560\" \/>\n\t<meta property=\"og:image:height\" content=\"1706\" \/>\n\t<meta property=\"og:image:type\" content=\"image\/jpeg\" \/>\n<meta name=\"twitter:card\" content=\"summary_large_image\" \/>\n<meta name=\"twitter:site\" content=\"@ifgnistan1924\" \/>\n<meta name=\"twitter:label1\" content=\"Ber\u00e4knad l\u00e4stid\" \/>\n\t<meta name=\"twitter:data1\" content=\"2 minuter\" \/>\n<script type=\"application\/ld+json\" class=\"yoast-schema-graph\">{\"@context\":\"https:\\\/\\\/schema.org\",\"@graph\":[{\"@type\":\"WebPage\",\"@id\":\"https:\\\/\\\/gnistan.fi\\\/p13\\\/\",\"url\":\"https:\\\/\\\/gnistan.fi\\\/p13\\\/\",\"name\":\"P2013 - IF Gnistan\",\"isPartOf\":{\"@id\":\"https:\\\/\\\/gnistan.fi\\\/#website\"},\"primaryImageOfPage\":{\"@id\":\"https:\\\/\\\/gnistan.fi\\\/p13\\\/#primaryimage\"},\"image\":{\"@id\":\"https:\\\/\\\/gnistan.fi\\\/p13\\\/#primaryimage\"},\"thumbnailUrl\":\"https:\\\/\\\/gnistan.fi\\\/wp-content\\\/uploads\\\/2024\\\/11\\\/gnistan-default-featured-2024-c.webp\",\"datePublished\":\"2019-10-30T12:44:53+00:00\",\"dateModified\":\"2026-04-07T09:19:41+00:00\",\"breadcrumb\":{\"@id\":\"https:\\\/\\\/gnistan.fi\\\/p13\\\/#breadcrumb\"},\"inLanguage\":\"sv-SE\",\"potentialAction\":[{\"@type\":\"ReadAction\",\"target\":[\"https:\\\/\\\/gnistan.fi\\\/p13\\\/\"]}]},{\"@type\":\"ImageObject\",\"inLanguage\":\"sv-SE\",\"@id\":\"https:\\\/\\\/gnistan.fi\\\/p13\\\/#primaryimage\",\"url\":\"https:\\\/\\\/gnistan.fi\\\/wp-content\\\/uploads\\\/2024\\\/11\\\/gnistan-default-featured-2024-c.webp\",\"contentUrl\":\"https:\\\/\\\/gnistan.fi\\\/wp-content\\\/uploads\\\/2024\\\/11\\\/gnistan-default-featured-2024-c.webp\",\"width\":1920,\"height\":1080},{\"@type\":\"BreadcrumbList\",\"@id\":\"https:\\\/\\\/gnistan.fi\\\/p13\\\/#breadcrumb\",\"itemListElement\":[{\"@type\":\"ListItem\",\"position\":1,\"name\":\"Etusivu\",\"item\":\"https:\\\/\\\/gnistan.fi\\\/\"},{\"@type\":\"ListItem\",\"position\":2,\"name\":\"P2013\"}]},{\"@type\":\"WebSite\",\"@id\":\"https:\\\/\\\/gnistan.fi\\\/#website\",\"url\":\"https:\\\/\\\/gnistan.fi\\\/\",\"name\":\"IF Gnistan\",\"description\":\"Viralliset sivut\",\"publisher\":{\"@id\":\"https:\\\/\\\/gnistan.fi\\\/#organization\"},\"potentialAction\":[{\"@type\":\"SearchAction\",\"target\":{\"@type\":\"EntryPoint\",\"urlTemplate\":\"https:\\\/\\\/gnistan.fi\\\/?s={search_term_string}\"},\"query-input\":{\"@type\":\"PropertyValueSpecification\",\"valueRequired\":true,\"valueName\":\"search_term_string\"}}],\"inLanguage\":\"sv-SE\"},{\"@type\":\"Organization\",\"@id\":\"https:\\\/\\\/gnistan.fi\\\/#organization\",\"name\":\"IF Gnistan\",\"url\":\"https:\\\/\\\/gnistan.fi\\\/\",\"logo\":{\"@type\":\"ImageObject\",\"inLanguage\":\"sv-SE\",\"@id\":\"https:\\\/\\\/gnistan.fi\\\/#\\\/schema\\\/logo\\\/image\\\/\",\"url\":\"https:\\\/\\\/gnistan.fi\\\/wp-content\\\/uploads\\\/2019\\\/10\\\/if-gnistan-vector-logo.svg\",\"contentUrl\":\"https:\\\/\\\/gnistan.fi\\\/wp-content\\\/uploads\\\/2019\\\/10\\\/if-gnistan-vector-logo.svg\",\"width\":269,\"height\":314,\"caption\":\"IF Gnistan\"},\"image\":{\"@id\":\"https:\\\/\\\/gnistan.fi\\\/#\\\/schema\\\/logo\\\/image\\\/\"},\"sameAs\":[\"https:\\\/\\\/facebook.com\\\/ifgnistan\",\"https:\\\/\\\/x.com\\\/ifgnistan1924\",\"https:\\\/\\\/instagram.com\\\/ifgnistan1924\",\"https:\\\/\\\/www.linkedin.com\\\/company\\\/ifgnistan\\\/\"]}]}<\/script>\n<!-- \/ Yoast SEO plugin. -->","yoast_head_json":{"title":"P2013 - IF Gnistan","robots":{"index":"index","follow":"follow","max-snippet":"max-snippet:-1","max-image-preview":"max-image-preview:large","max-video-preview":"max-video-preview:-1"},"canonical":"https:\/\/gnistan.fi\/sv\/p13\/","og_locale":"sv_SE","og_type":"article","og_title":"P2013 - IF Gnistan","og_description":"Tervetuloa Gnistan P2013 -joukkueen sivuille Gnistanin vuonna 2013 syntyneiden joukkue on jaettu kolmeen kilpa- ja ja yhteen haasteryhm\u00e4\u00e4n. Joukkueen tavoitteena on tarjota paras mahdollinen valmennus ja hyv\u00e4 toimintaymp\u00e4rist\u00f6 eri tasoisten peliryhmien kautta kehitty\u00e4 omassa tahdissa oman tasoisten seurassa. Joukkueen Kilpa 1 ryhm\u00e4n valmennuksesta vastaavat Mohaiman Abdilamir ja Richard Tiberi. Joukkueen Kilpa 2 ryhm\u00e4n valmennuksesta vastaavat [&hellip;]","og_url":"https:\/\/gnistan.fi\/sv\/p13\/","og_site_name":"IF Gnistan","article_publisher":"https:\/\/facebook.com\/ifgnistan","article_modified_time":"2026-04-07T09:19:41+00:00","og_image":[{"width":2560,"height":1706,"url":"https:\/\/gnistan.fi\/wp-content\/uploads\/2025\/06\/P2013_kilpa-scaled.jpg","type":"image\/jpeg"}],"twitter_card":"summary_large_image","twitter_site":"@ifgnistan1924","twitter_misc":{"Ber\u00e4knad l\u00e4stid":"2 minuter"},"schema":{"@context":"https:\/\/schema.org","@graph":[{"@type":"WebPage","@id":"https:\/\/gnistan.fi\/p13\/","url":"https:\/\/gnistan.fi\/p13\/","name":"P2013 - IF Gnistan","isPartOf":{"@id":"https:\/\/gnistan.fi\/#website"},"primaryImageOfPage":{"@id":"https:\/\/gnistan.fi\/p13\/#primaryimage"},"image":{"@id":"https:\/\/gnistan.fi\/p13\/#primaryimage"},"thumbnailUrl":"https:\/\/gnistan.fi\/wp-content\/uploads\/2024\/11\/gnistan-default-featured-2024-c.webp","datePublished":"2019-10-30T12:44:53+00:00","dateModified":"2026-04-07T09:19:41+00:00","breadcrumb":{"@id":"https:\/\/gnistan.fi\/p13\/#breadcrumb"},"inLanguage":"sv-SE","potentialAction":[{"@type":"ReadAction","target":["https:\/\/gnistan.fi\/p13\/"]}]},{"@type":"ImageObject","inLanguage":"sv-SE","@id":"https:\/\/gnistan.fi\/p13\/#primaryimage","url":"https:\/\/gnistan.fi\/wp-content\/uploads\/2024\/11\/gnistan-default-featured-2024-c.webp","contentUrl":"https:\/\/gnistan.fi\/wp-content\/uploads\/2024\/11\/gnistan-default-featured-2024-c.webp","width":1920,"height":1080},{"@type":"BreadcrumbList","@id":"https:\/\/gnistan.fi\/p13\/#breadcrumb","itemListElement":[{"@type":"ListItem","position":1,"name":"Etusivu","item":"https:\/\/gnistan.fi\/"},{"@type":"ListItem","position":2,"name":"P2013"}]},{"@type":"WebSite","@id":"https:\/\/gnistan.fi\/#website","url":"https:\/\/gnistan.fi\/","name":"IF Gnistan","description":"Viralliset sivut","publisher":{"@id":"https:\/\/gnistan.fi\/#organization"},"potentialAction":[{"@type":"SearchAction","target":{"@type":"EntryPoint","urlTemplate":"https:\/\/gnistan.fi\/?s={search_term_string}"},"query-input":{"@type":"PropertyValueSpecification","valueRequired":true,"valueName":"search_term_string"}}],"inLanguage":"sv-SE"},{"@type":"Organization","@id":"https:\/\/gnistan.fi\/#organization","name":"IF Gnistan","url":"https:\/\/gnistan.fi\/","logo":{"@type":"ImageObject","inLanguage":"sv-SE","@id":"https:\/\/gnistan.fi\/#\/schema\/logo\/image\/","url":"https:\/\/gnistan.fi\/wp-content\/uploads\/2019\/10\/if-gnistan-vector-logo.svg","contentUrl":"https:\/\/gnistan.fi\/wp-content\/uploads\/2019\/10\/if-gnistan-vector-logo.svg","width":269,"height":314,"caption":"IF Gnistan"},"image":{"@id":"https:\/\/gnistan.fi\/#\/schema\/logo\/image\/"},"sameAs":["https:\/\/facebook.com\/ifgnistan","https:\/\/x.com\/ifgnistan1924","https:\/\/instagram.com\/ifgnistan1924","https:\/\/www.linkedin.com\/company\/ifgnistan\/"]}]}},"jetpack_sharing_enabled":true,"_links":{"self":[{"href":"https:\/\/gnistan.fi\/sv\/wp-json\/wp\/v2\/pages\/14239","targetHints":{"allow":["GET"]}}],"collection":[{"href":"https:\/\/gnistan.fi\/sv\/wp-json\/wp\/v2\/pages"}],"about":[{"href":"https:\/\/gnistan.fi\/sv\/wp-json\/wp\/v2\/types\/page"}],"author":[{"embeddable":true,"href":"https:\/\/gnistan.fi\/sv\/wp-json\/wp\/v2\/users\/7"}],"replies":[{"embeddable":true,"href":"https:\/\/gnistan.fi\/sv\/wp-json\/wp\/v2\/comments?post=14239"}],"version-history":[{"count":20,"href":"https:\/\/gnistan.fi\/sv\/wp-json\/wp\/v2\/pages\/14239\/revisions"}],"predecessor-version":[{"id":44873,"href":"https:\/\/gnistan.fi\/sv\/wp-json\/wp\/v2\/pages\/14239\/revisions\/44873"}],"wp:featuredmedia":[{"embeddable":true,"href":"https:\/\/gnistan.fi\/sv\/wp-json\/wp\/v2\/media\/36703"}],"wp:attachment":[{"href":"https:\/\/gnistan.fi\/sv\/wp-json\/wp\/v2\/media?parent=14239"}],"curies":[{"name":"wp","href":"https:\/\/api.w.org\/{rel}","templated":true}]}}