{"id":14235,"date":"2019-10-30T14:32:52","date_gmt":"2019-10-30T12:32:52","guid":{"rendered":"https:\/\/gnistan.fi\/?page_id=14235"},"modified":"2026-04-07T12:18:03","modified_gmt":"2026-04-07T09:18:03","slug":"p11","status":"publish","type":"page","link":"https:\/\/gnistan.fi\/sv\/p11\/","title":{"rendered":"P2011"},"content":{"rendered":"<figure class=\"wp-block-image aligncenter size-large\"><img fetchpriority=\"high\" decoding=\"async\" width=\"1024\" height=\"683\" src=\"https:\/\/gnistan.fi\/wp-content\/uploads\/2025\/06\/P2011_kilpa-1024x683.jpg\" alt=\"\" class=\"wp-image-40459\" srcset=\"https:\/\/gnistan.fi\/wp-content\/uploads\/2025\/06\/P2011_kilpa-1024x683.jpg 1024w, https:\/\/gnistan.fi\/wp-content\/uploads\/2025\/06\/P2011_kilpa-300x200.jpg 300w, https:\/\/gnistan.fi\/wp-content\/uploads\/2025\/06\/P2011_kilpa-768x512.jpg 768w, https:\/\/gnistan.fi\/wp-content\/uploads\/2025\/06\/P2011_kilpa-1536x1024.jpg 1536w, https:\/\/gnistan.fi\/wp-content\/uploads\/2025\/06\/P2011_kilpa-2048x1366.jpg 2048w, https:\/\/gnistan.fi\/wp-content\/uploads\/2025\/06\/P2011_kilpa-18x12.jpg 18w\" sizes=\"(max-width: 1024px) 100vw, 1024px\" \/><figcaption class=\"wp-element-caption\">P2011 Kilpa  2025<\/figcaption><\/figure>\n\n\n\n<figure class=\"wp-block-image aligncenter size-large\"><img decoding=\"async\" width=\"1024\" height=\"683\" src=\"https:\/\/gnistan.fi\/wp-content\/uploads\/2025\/06\/P2011_kilpa_2-1024x683.jpg\" alt=\"\" class=\"wp-image-40460\" srcset=\"https:\/\/gnistan.fi\/wp-content\/uploads\/2025\/06\/P2011_kilpa_2-1024x683.jpg 1024w, https:\/\/gnistan.fi\/wp-content\/uploads\/2025\/06\/P2011_kilpa_2-300x200.jpg 300w, https:\/\/gnistan.fi\/wp-content\/uploads\/2025\/06\/P2011_kilpa_2-768x512.jpg 768w, https:\/\/gnistan.fi\/wp-content\/uploads\/2025\/06\/P2011_kilpa_2-1536x1024.jpg 1536w, https:\/\/gnistan.fi\/wp-content\/uploads\/2025\/06\/P2011_kilpa_2-2048x1365.jpg 2048w, https:\/\/gnistan.fi\/wp-content\/uploads\/2025\/06\/P2011_kilpa_2-18x12.jpg 18w\" sizes=\"(max-width: 1024px) 100vw, 1024px\" \/><figcaption class=\"wp-element-caption\">P2011 Kilpa 2 2025<\/figcaption><\/figure>\n\n\n\n<figure class=\"wp-block-image aligncenter size-large\"><img decoding=\"async\" width=\"1024\" height=\"683\" src=\"https:\/\/gnistan.fi\/wp-content\/uploads\/2025\/06\/P2011_haaste-1024x683.jpg\" alt=\"\" class=\"wp-image-40461\" srcset=\"https:\/\/gnistan.fi\/wp-content\/uploads\/2025\/06\/P2011_haaste-1024x683.jpg 1024w, https:\/\/gnistan.fi\/wp-content\/uploads\/2025\/06\/P2011_haaste-300x200.jpg 300w, https:\/\/gnistan.fi\/wp-content\/uploads\/2025\/06\/P2011_haaste-768x512.jpg 768w, https:\/\/gnistan.fi\/wp-content\/uploads\/2025\/06\/P2011_haaste-1536x1024.jpg 1536w, https:\/\/gnistan.fi\/wp-content\/uploads\/2025\/06\/P2011_haaste-2048x1365.jpg 2048w, https:\/\/gnistan.fi\/wp-content\/uploads\/2025\/06\/P2011_haaste-18x12.jpg 18w\" sizes=\"(max-width: 1024px) 100vw, 1024px\" \/><figcaption class=\"wp-element-caption\">P2011 Haaste 2025<\/figcaption><\/figure>\n\n\n\n<p><em><strong>Tervetuloa Gnistan P2011 -joukkueen sivulle!<\/strong><\/em><\/p>\n\n\n\n<p>Gnistanin joukkue 2011 syntyneille pojille perustettiin syksyll\u00e4 2016.<br>Joukkueessa pelaa sek\u00e4 pidemp\u00e4\u00e4n mukana olleita, ett\u00e4 vastik\u00e4\u00e4n aloittaneita pelaajia. Jokaiselle pyrit\u00e4\u00e4n tasavertaisen valmennuksen kautta antamaan mahdollisuus kehitty\u00e4 omassa tahdissa ja omantasoisessa seurassa.&nbsp;Peliryhmi\u00e4 l\u00f6ytyy siis kilpatasosta harrastetasoon&nbsp;ja jokainen siirtyy oman kehityksen ja motivaation mukaan ryhm\u00e4st\u00e4 toiseen. Jokaisella pelaajalla on t\u00e4rke\u00e4 osa joukkueessamme!<\/p>\n\n\n\n<p>Harjoittelemme kolme kertaa viikossa omalla kotikent\u00e4ll\u00e4mme Markku.fi tai Pikkupekka Areenalla. Voit l\u00e4hett\u00e4\u00e4 tiedustelut joukkueeseen liittymisest\u00e4 ja toiminnastamme joukkueen s\u00e4hk\u00f6postiosoitteeseen: <a href=\"mailto:gnistanp2011@gmail.com\">gnistanp2011@gmail.com<\/a><\/p>\n\n\n\n<p><strong><em>Kilpa 1<\/em><\/strong><\/p>\n\n\n\n<ul class=\"wp-block-list\">\n<li>Vastuuvalmentaja: Can Dikmen<\/li>\n\n\n\n<li>Joukkueenjohtaja: Johanna Lagerstedt\u2028puh. +358503363863<\/li>\n<\/ul>\n\n\n\n<p><strong><em>Kilpa 2<\/em><\/strong><\/p>\n\n\n\n<ul class=\"wp-block-list\">\n<li>Vastuuvalmentaja: Miikka Kurtakko<\/li>\n\n\n\n<li>Joukkueenjohtaja: Saku H\u00e4rk\u00f6nen<\/li>\n<\/ul>\n\n\n\n<p><strong><em>Haaste<\/em><\/strong><\/p>\n\n\n\n<ul class=\"wp-block-list\">\n<li>Vastuuvalmentaja: Markku Mutanen<\/li>\n\n\n\n<li>Joukkueenjohtaja: Amir Al Take<\/li>\n<\/ul>\n\n\n\n<p><br><br><strong>Tervetuloa mukaan toimintaamme!&nbsp;<\/strong><br>ps. Ota tilimme gnistanp11 instagramissa seurantaan <a href=\"https:\/\/www.instagram.com\/gnistanp11\/\">https:\/\/www.instagram.com\/gnistanp11\/<\/a><\/p>\n\n\n\n<p><\/p>\n\n\n\n<p><em>Kun p\u00e4\u00e4t\u00e4tte ilmoittautua mukaan joukkueeseen ja liitty\u00e4 seuraamme voitte tehd\u00e4 sen t\u00e4\u00e4ll\u00e4: <a href=\"https:\/\/gnistan.fi\/sv\/bli-medlem\/\">https:\/\/gnistan.fi\/jaseneksi<\/a> Ilmoittautumisenne j\u00e4lkeen teid\u00e4t liitet\u00e4\u00e4n seuramme j\u00e4senpalveluun MyClubiin, mist\u00e4 n\u00e4ette joukkueen tapahtuma kalenterin ja p\u00e4\u00e4sette osallistumaan joukkueen tapahtumiin. Saatte ilmoittautumisen my\u00f6t\u00e4 my\u00f6s seuran j\u00e4senmaksun sek\u00e4 joukkuemaksun<\/em><\/p>","protected":false},"excerpt":{"rendered":"<p>Tervetuloa Gnistan P2011 -joukkueen sivulle! Gnistanin joukkue 2011 syntyneille pojille perustettiin syksyll\u00e4 2016.Joukkueessa pelaa sek\u00e4 pidemp\u00e4\u00e4n mukana olleita, ett\u00e4 vastik\u00e4\u00e4n aloittaneita pelaajia. Jokaiselle pyrit\u00e4\u00e4n tasavertaisen valmennuksen kautta antamaan mahdollisuus kehitty\u00e4 omassa tahdissa ja omantasoisessa seurassa.&nbsp;Peliryhmi\u00e4 l\u00f6ytyy siis kilpatasosta harrastetasoon&nbsp;ja jokainen siirtyy oman kehityksen ja motivaation mukaan ryhm\u00e4st\u00e4 toiseen. Jokaisella pelaajalla on t\u00e4rke\u00e4 osa joukkueessamme! Harjoittelemme [&hellip;]<\/p>\n","protected":false},"author":7,"featured_media":36703,"parent":0,"menu_order":0,"comment_status":"closed","ping_status":"closed","template":"","meta":{"_acf_changed":false,"footnotes":""},"class_list":["post-14235","page","type-page","status-publish","has-post-thumbnail","hentry"],"acf":[],"yoast_head":"<!-- This site is optimized with the Yoast SEO plugin v27.3 - https:\/\/yoast.com\/product\/yoast-seo-wordpress\/ -->\n<title>P2011 - IF Gnistan<\/title>\n<meta name=\"robots\" content=\"index, follow, max-snippet:-1, max-image-preview:large, max-video-preview:-1\" \/>\n<link rel=\"canonical\" href=\"https:\/\/gnistan.fi\/sv\/p11\/\" \/>\n<meta property=\"og:locale\" content=\"sv_SE\" \/>\n<meta property=\"og:type\" content=\"article\" \/>\n<meta property=\"og:title\" content=\"P2011 - IF Gnistan\" \/>\n<meta property=\"og:description\" content=\"Tervetuloa Gnistan P2011 -joukkueen sivulle! Gnistanin joukkue 2011 syntyneille pojille perustettiin syksyll\u00e4 2016.Joukkueessa pelaa sek\u00e4 pidemp\u00e4\u00e4n mukana olleita, ett\u00e4 vastik\u00e4\u00e4n aloittaneita pelaajia. Jokaiselle pyrit\u00e4\u00e4n tasavertaisen valmennuksen kautta antamaan mahdollisuus kehitty\u00e4 omassa tahdissa ja omantasoisessa seurassa.&nbsp;Peliryhmi\u00e4 l\u00f6ytyy siis kilpatasosta harrastetasoon&nbsp;ja jokainen siirtyy oman kehityksen ja motivaation mukaan ryhm\u00e4st\u00e4 toiseen. Jokaisella pelaajalla on t\u00e4rke\u00e4 osa joukkueessamme! Harjoittelemme [&hellip;]\" \/>\n<meta property=\"og:url\" content=\"https:\/\/gnistan.fi\/sv\/p11\/\" \/>\n<meta property=\"og:site_name\" content=\"IF Gnistan\" \/>\n<meta property=\"article:publisher\" content=\"https:\/\/facebook.com\/ifgnistan\" \/>\n<meta property=\"article:modified_time\" content=\"2026-04-07T09:18:03+00:00\" \/>\n<meta property=\"og:image\" content=\"https:\/\/gnistan.fi\/wp-content\/uploads\/2025\/06\/P2011_kilpa-scaled.jpg\" \/>\n\t<meta property=\"og:image:width\" content=\"2560\" \/>\n\t<meta property=\"og:image:height\" content=\"1707\" \/>\n\t<meta property=\"og:image:type\" content=\"image\/jpeg\" \/>\n<meta name=\"twitter:card\" content=\"summary_large_image\" \/>\n<meta name=\"twitter:site\" content=\"@ifgnistan1924\" \/>\n<meta name=\"twitter:label1\" content=\"Ber\u00e4knad l\u00e4stid\" \/>\n\t<meta name=\"twitter:data1\" content=\"2 minuter\" \/>\n<script type=\"application\/ld+json\" class=\"yoast-schema-graph\">{\"@context\":\"https:\\\/\\\/schema.org\",\"@graph\":[{\"@type\":\"WebPage\",\"@id\":\"https:\\\/\\\/gnistan.fi\\\/p11\\\/\",\"url\":\"https:\\\/\\\/gnistan.fi\\\/p11\\\/\",\"name\":\"P2011 - IF Gnistan\",\"isPartOf\":{\"@id\":\"https:\\\/\\\/gnistan.fi\\\/#website\"},\"primaryImageOfPage\":{\"@id\":\"https:\\\/\\\/gnistan.fi\\\/p11\\\/#primaryimage\"},\"image\":{\"@id\":\"https:\\\/\\\/gnistan.fi\\\/p11\\\/#primaryimage\"},\"thumbnailUrl\":\"https:\\\/\\\/gnistan.fi\\\/wp-content\\\/uploads\\\/2024\\\/11\\\/gnistan-default-featured-2024-c.webp\",\"datePublished\":\"2019-10-30T12:32:52+00:00\",\"dateModified\":\"2026-04-07T09:18:03+00:00\",\"breadcrumb\":{\"@id\":\"https:\\\/\\\/gnistan.fi\\\/p11\\\/#breadcrumb\"},\"inLanguage\":\"sv-SE\",\"potentialAction\":[{\"@type\":\"ReadAction\",\"target\":[\"https:\\\/\\\/gnistan.fi\\\/p11\\\/\"]}]},{\"@type\":\"ImageObject\",\"inLanguage\":\"sv-SE\",\"@id\":\"https:\\\/\\\/gnistan.fi\\\/p11\\\/#primaryimage\",\"url\":\"https:\\\/\\\/gnistan.fi\\\/wp-content\\\/uploads\\\/2024\\\/11\\\/gnistan-default-featured-2024-c.webp\",\"contentUrl\":\"https:\\\/\\\/gnistan.fi\\\/wp-content\\\/uploads\\\/2024\\\/11\\\/gnistan-default-featured-2024-c.webp\",\"width\":1920,\"height\":1080},{\"@type\":\"BreadcrumbList\",\"@id\":\"https:\\\/\\\/gnistan.fi\\\/p11\\\/#breadcrumb\",\"itemListElement\":[{\"@type\":\"ListItem\",\"position\":1,\"name\":\"Etusivu\",\"item\":\"https:\\\/\\\/gnistan.fi\\\/\"},{\"@type\":\"ListItem\",\"position\":2,\"name\":\"P2011\"}]},{\"@type\":\"WebSite\",\"@id\":\"https:\\\/\\\/gnistan.fi\\\/#website\",\"url\":\"https:\\\/\\\/gnistan.fi\\\/\",\"name\":\"IF Gnistan\",\"description\":\"Viralliset sivut\",\"publisher\":{\"@id\":\"https:\\\/\\\/gnistan.fi\\\/#organization\"},\"potentialAction\":[{\"@type\":\"SearchAction\",\"target\":{\"@type\":\"EntryPoint\",\"urlTemplate\":\"https:\\\/\\\/gnistan.fi\\\/?s={search_term_string}\"},\"query-input\":{\"@type\":\"PropertyValueSpecification\",\"valueRequired\":true,\"valueName\":\"search_term_string\"}}],\"inLanguage\":\"sv-SE\"},{\"@type\":\"Organization\",\"@id\":\"https:\\\/\\\/gnistan.fi\\\/#organization\",\"name\":\"IF Gnistan\",\"url\":\"https:\\\/\\\/gnistan.fi\\\/\",\"logo\":{\"@type\":\"ImageObject\",\"inLanguage\":\"sv-SE\",\"@id\":\"https:\\\/\\\/gnistan.fi\\\/#\\\/schema\\\/logo\\\/image\\\/\",\"url\":\"https:\\\/\\\/gnistan.fi\\\/wp-content\\\/uploads\\\/2019\\\/10\\\/if-gnistan-vector-logo.svg\",\"contentUrl\":\"https:\\\/\\\/gnistan.fi\\\/wp-content\\\/uploads\\\/2019\\\/10\\\/if-gnistan-vector-logo.svg\",\"width\":269,\"height\":314,\"caption\":\"IF Gnistan\"},\"image\":{\"@id\":\"https:\\\/\\\/gnistan.fi\\\/#\\\/schema\\\/logo\\\/image\\\/\"},\"sameAs\":[\"https:\\\/\\\/facebook.com\\\/ifgnistan\",\"https:\\\/\\\/x.com\\\/ifgnistan1924\",\"https:\\\/\\\/instagram.com\\\/ifgnistan1924\",\"https:\\\/\\\/www.linkedin.com\\\/company\\\/ifgnistan\\\/\"]}]}<\/script>\n<!-- \/ Yoast SEO plugin. -->","yoast_head_json":{"title":"P2011 - IF Gnistan","robots":{"index":"index","follow":"follow","max-snippet":"max-snippet:-1","max-image-preview":"max-image-preview:large","max-video-preview":"max-video-preview:-1"},"canonical":"https:\/\/gnistan.fi\/sv\/p11\/","og_locale":"sv_SE","og_type":"article","og_title":"P2011 - IF Gnistan","og_description":"Tervetuloa Gnistan P2011 -joukkueen sivulle! Gnistanin joukkue 2011 syntyneille pojille perustettiin syksyll\u00e4 2016.Joukkueessa pelaa sek\u00e4 pidemp\u00e4\u00e4n mukana olleita, ett\u00e4 vastik\u00e4\u00e4n aloittaneita pelaajia. Jokaiselle pyrit\u00e4\u00e4n tasavertaisen valmennuksen kautta antamaan mahdollisuus kehitty\u00e4 omassa tahdissa ja omantasoisessa seurassa.&nbsp;Peliryhmi\u00e4 l\u00f6ytyy siis kilpatasosta harrastetasoon&nbsp;ja jokainen siirtyy oman kehityksen ja motivaation mukaan ryhm\u00e4st\u00e4 toiseen. Jokaisella pelaajalla on t\u00e4rke\u00e4 osa joukkueessamme! Harjoittelemme [&hellip;]","og_url":"https:\/\/gnistan.fi\/sv\/p11\/","og_site_name":"IF Gnistan","article_publisher":"https:\/\/facebook.com\/ifgnistan","article_modified_time":"2026-04-07T09:18:03+00:00","og_image":[{"width":2560,"height":1707,"url":"https:\/\/gnistan.fi\/wp-content\/uploads\/2025\/06\/P2011_kilpa-scaled.jpg","type":"image\/jpeg"}],"twitter_card":"summary_large_image","twitter_site":"@ifgnistan1924","twitter_misc":{"Ber\u00e4knad l\u00e4stid":"2 minuter"},"schema":{"@context":"https:\/\/schema.org","@graph":[{"@type":"WebPage","@id":"https:\/\/gnistan.fi\/p11\/","url":"https:\/\/gnistan.fi\/p11\/","name":"P2011 - IF Gnistan","isPartOf":{"@id":"https:\/\/gnistan.fi\/#website"},"primaryImageOfPage":{"@id":"https:\/\/gnistan.fi\/p11\/#primaryimage"},"image":{"@id":"https:\/\/gnistan.fi\/p11\/#primaryimage"},"thumbnailUrl":"https:\/\/gnistan.fi\/wp-content\/uploads\/2024\/11\/gnistan-default-featured-2024-c.webp","datePublished":"2019-10-30T12:32:52+00:00","dateModified":"2026-04-07T09:18:03+00:00","breadcrumb":{"@id":"https:\/\/gnistan.fi\/p11\/#breadcrumb"},"inLanguage":"sv-SE","potentialAction":[{"@type":"ReadAction","target":["https:\/\/gnistan.fi\/p11\/"]}]},{"@type":"ImageObject","inLanguage":"sv-SE","@id":"https:\/\/gnistan.fi\/p11\/#primaryimage","url":"https:\/\/gnistan.fi\/wp-content\/uploads\/2024\/11\/gnistan-default-featured-2024-c.webp","contentUrl":"https:\/\/gnistan.fi\/wp-content\/uploads\/2024\/11\/gnistan-default-featured-2024-c.webp","width":1920,"height":1080},{"@type":"BreadcrumbList","@id":"https:\/\/gnistan.fi\/p11\/#breadcrumb","itemListElement":[{"@type":"ListItem","position":1,"name":"Etusivu","item":"https:\/\/gnistan.fi\/"},{"@type":"ListItem","position":2,"name":"P2011"}]},{"@type":"WebSite","@id":"https:\/\/gnistan.fi\/#website","url":"https:\/\/gnistan.fi\/","name":"IF Gnistan","description":"Viralliset sivut","publisher":{"@id":"https:\/\/gnistan.fi\/#organization"},"potentialAction":[{"@type":"SearchAction","target":{"@type":"EntryPoint","urlTemplate":"https:\/\/gnistan.fi\/?s={search_term_string}"},"query-input":{"@type":"PropertyValueSpecification","valueRequired":true,"valueName":"search_term_string"}}],"inLanguage":"sv-SE"},{"@type":"Organization","@id":"https:\/\/gnistan.fi\/#organization","name":"IF Gnistan","url":"https:\/\/gnistan.fi\/","logo":{"@type":"ImageObject","inLanguage":"sv-SE","@id":"https:\/\/gnistan.fi\/#\/schema\/logo\/image\/","url":"https:\/\/gnistan.fi\/wp-content\/uploads\/2019\/10\/if-gnistan-vector-logo.svg","contentUrl":"https:\/\/gnistan.fi\/wp-content\/uploads\/2019\/10\/if-gnistan-vector-logo.svg","width":269,"height":314,"caption":"IF Gnistan"},"image":{"@id":"https:\/\/gnistan.fi\/#\/schema\/logo\/image\/"},"sameAs":["https:\/\/facebook.com\/ifgnistan","https:\/\/x.com\/ifgnistan1924","https:\/\/instagram.com\/ifgnistan1924","https:\/\/www.linkedin.com\/company\/ifgnistan\/"]}]}},"jetpack_sharing_enabled":true,"_links":{"self":[{"href":"https:\/\/gnistan.fi\/sv\/wp-json\/wp\/v2\/pages\/14235","targetHints":{"allow":["GET"]}}],"collection":[{"href":"https:\/\/gnistan.fi\/sv\/wp-json\/wp\/v2\/pages"}],"about":[{"href":"https:\/\/gnistan.fi\/sv\/wp-json\/wp\/v2\/types\/page"}],"author":[{"embeddable":true,"href":"https:\/\/gnistan.fi\/sv\/wp-json\/wp\/v2\/users\/7"}],"replies":[{"embeddable":true,"href":"https:\/\/gnistan.fi\/sv\/wp-json\/wp\/v2\/comments?post=14235"}],"version-history":[{"count":20,"href":"https:\/\/gnistan.fi\/sv\/wp-json\/wp\/v2\/pages\/14235\/revisions"}],"predecessor-version":[{"id":44871,"href":"https:\/\/gnistan.fi\/sv\/wp-json\/wp\/v2\/pages\/14235\/revisions\/44871"}],"wp:featuredmedia":[{"embeddable":true,"href":"https:\/\/gnistan.fi\/sv\/wp-json\/wp\/v2\/media\/36703"}],"wp:attachment":[{"href":"https:\/\/gnistan.fi\/sv\/wp-json\/wp\/v2\/media?parent=14235"}],"curies":[{"name":"wp","href":"https:\/\/api.w.org\/{rel}","templated":true}]}}