{"id":14233,"date":"2019-10-30T14:31:31","date_gmt":"2019-10-30T12:31:31","guid":{"rendered":"https:\/\/gnistan.fi\/?page_id=14233"},"modified":"2026-03-04T17:24:11","modified_gmt":"2026-03-04T15:24:11","slug":"p10","status":"publish","type":"page","link":"https:\/\/gnistan.fi\/sv\/p10\/","title":{"rendered":"P2010"},"content":{"rendered":"<figure class=\"wp-block-image aligncenter size-large\"><img fetchpriority=\"high\" decoding=\"async\" width=\"1024\" height=\"683\" src=\"https:\/\/gnistan.fi\/wp-content\/uploads\/2025\/06\/P2010_kilpa-1-1024x683.jpg\" alt=\"\" class=\"wp-image-40453\" srcset=\"https:\/\/gnistan.fi\/wp-content\/uploads\/2025\/06\/P2010_kilpa-1-1024x683.jpg 1024w, https:\/\/gnistan.fi\/wp-content\/uploads\/2025\/06\/P2010_kilpa-1-300x200.jpg 300w, https:\/\/gnistan.fi\/wp-content\/uploads\/2025\/06\/P2010_kilpa-1-768x512.jpg 768w, https:\/\/gnistan.fi\/wp-content\/uploads\/2025\/06\/P2010_kilpa-1-1536x1024.jpg 1536w, https:\/\/gnistan.fi\/wp-content\/uploads\/2025\/06\/P2010_kilpa-1-2048x1365.jpg 2048w, https:\/\/gnistan.fi\/wp-content\/uploads\/2025\/06\/P2010_kilpa-1-18x12.jpg 18w\" sizes=\"(max-width: 1024px) 100vw, 1024px\" \/><figcaption class=\"wp-element-caption\">P2010 Kilpa 2025<\/figcaption><\/figure>\n\n\n\n<figure class=\"wp-block-image aligncenter size-large\"><img decoding=\"async\" width=\"1024\" height=\"683\" src=\"https:\/\/gnistan.fi\/wp-content\/uploads\/2025\/06\/P2010_kilpa_2-1024x683.jpg\" alt=\"\" class=\"wp-image-40454\" srcset=\"https:\/\/gnistan.fi\/wp-content\/uploads\/2025\/06\/P2010_kilpa_2-1024x683.jpg 1024w, https:\/\/gnistan.fi\/wp-content\/uploads\/2025\/06\/P2010_kilpa_2-300x200.jpg 300w, https:\/\/gnistan.fi\/wp-content\/uploads\/2025\/06\/P2010_kilpa_2-768x512.jpg 768w, https:\/\/gnistan.fi\/wp-content\/uploads\/2025\/06\/P2010_kilpa_2-1536x1024.jpg 1536w, https:\/\/gnistan.fi\/wp-content\/uploads\/2025\/06\/P2010_kilpa_2-2048x1365.jpg 2048w, https:\/\/gnistan.fi\/wp-content\/uploads\/2025\/06\/P2010_kilpa_2-18x12.jpg 18w\" sizes=\"(max-width: 1024px) 100vw, 1024px\" \/><figcaption class=\"wp-element-caption\">P2010 Kilpa 2 2025<\/figcaption><\/figure>\n\n\n\n<figure class=\"wp-block-image aligncenter size-large\"><img decoding=\"async\" width=\"1024\" height=\"683\" src=\"https:\/\/gnistan.fi\/wp-content\/uploads\/2025\/06\/P2010_haaste-1024x683.jpg\" alt=\"\" class=\"wp-image-40456\" srcset=\"https:\/\/gnistan.fi\/wp-content\/uploads\/2025\/06\/P2010_haaste-1024x683.jpg 1024w, https:\/\/gnistan.fi\/wp-content\/uploads\/2025\/06\/P2010_haaste-300x200.jpg 300w, https:\/\/gnistan.fi\/wp-content\/uploads\/2025\/06\/P2010_haaste-768x512.jpg 768w, https:\/\/gnistan.fi\/wp-content\/uploads\/2025\/06\/P2010_haaste-1536x1024.jpg 1536w, https:\/\/gnistan.fi\/wp-content\/uploads\/2025\/06\/P2010_haaste-2048x1366.jpg 2048w, https:\/\/gnistan.fi\/wp-content\/uploads\/2025\/06\/P2010_haaste-18x12.jpg 18w\" sizes=\"(max-width: 1024px) 100vw, 1024px\" \/><figcaption class=\"wp-element-caption\">P2010 Haaste 2025<\/figcaption><\/figure>\n\n\n\n<p><em><strong>Tervetuloa Gnistan P2010 -joukkueen sivulle!<\/strong><\/em><\/p>\n\n\n\n<p>Gnistanin joukkue 2010 syntyneille pojille on perustettu elokuussa 2016. Joukkueen pelaajat on jaettu taitotason mukaan&nbsp;kilpa- ja haastejoukkueisiin. Ryhmist\u00e4 riippuen harjoittelemme 3-4 kertaa viikossa p\u00e4\u00e4osin omilla kentill\u00e4mme Oulunkyl\u00e4n liikuntapuistossa.<\/p>\n\n\n\n<p><\/p>\n\n\n\n<p>Tervetuloa kokeilemaan joukkueeseemme! Uusia pelaajia pyydet\u00e4\u00e4n olemaan yhteydess\u00e4 joukkueenjohtajaan ennen kokeilujaksoa. Voit kokeilla meill\u00e4 pari viikkoa veloituksetta.<\/p>\n\n\n\n<p>Yhteydenotot:<\/p>\n\n\n\n<p><strong><em>Kilpa 1 (Liiga Etel\u00e4)<\/em><\/strong><\/p>\n\n\n\n<ul class=\"wp-block-list\">\n<li>Vastuuvalmentaja: Teemu Tavikainen p. 0503559426<\/li>\n\n\n\n<li>Joukkueenjohtaja: Tommi Virtanen <a href=\"mailto:gnistanp2010kilpa@gmail.com\">gnistanp2010kilpa@gmail.com<\/a><\/li>\n<\/ul>\n\n\n\n<p><\/p>\n\n\n\n<p><strong><em>Kilpa 2 (Etel\u00e4n Ykk\u00f6nen)<\/em><\/strong><\/p>\n\n\n\n<ul class=\"wp-block-list\">\n<li>Vastuuvalmentaja: Ilmari Yl\u00f6nen<\/li>\n\n\n\n<li>Joukkueenjohtaja: Jani Korhonen <a href=\"mailto:gnistanp2010kilpa2@gmail.com\">gnistanp2010kilpa2@gmail.com<\/a><\/li>\n<\/ul>\n\n\n\n<div class=\"wp-block-group is-vertical is-layout-flex wp-container-core-group-is-layout-fe9cc265 wp-block-group-is-layout-flex\">\n<p><\/p>\n\n\n\n<p><\/p>\n<\/div>\n\n\n\n<p><\/p>\n\n\n\n<p>Seuraa meit\u00e4 Instagramissa: <a href=\"https:\/\/www.instagram.com\/gnistanp10\/\">https:\/\/www.instagram.com\/gnistanp10\/<\/a><\/p>","protected":false},"excerpt":{"rendered":"<p>Tervetuloa Gnistan P2010 -joukkueen sivulle! Gnistanin joukkue 2010 syntyneille pojille on perustettu elokuussa 2016. Joukkueen pelaajat on jaettu taitotason mukaan&nbsp;kilpa- ja haastejoukkueisiin. Ryhmist\u00e4 riippuen harjoittelemme 3-4 kertaa viikossa p\u00e4\u00e4osin omilla kentill\u00e4mme Oulunkyl\u00e4n liikuntapuistossa. Tervetuloa kokeilemaan joukkueeseemme! Uusia pelaajia pyydet\u00e4\u00e4n olemaan yhteydess\u00e4 joukkueenjohtajaan ennen kokeilujaksoa. Voit kokeilla meill\u00e4 pari viikkoa veloituksetta. Yhteydenotot: Kilpa 1 (Liiga Etel\u00e4) [&hellip;]<\/p>\n","protected":false},"author":7,"featured_media":36703,"parent":0,"menu_order":0,"comment_status":"closed","ping_status":"closed","template":"","meta":{"_acf_changed":false,"footnotes":""},"class_list":["post-14233","page","type-page","status-publish","has-post-thumbnail","hentry"],"acf":[],"yoast_head":"<!-- This site is optimized with the Yoast SEO plugin v27.3 - https:\/\/yoast.com\/product\/yoast-seo-wordpress\/ -->\n<title>P2010 - IF Gnistan<\/title>\n<meta name=\"robots\" content=\"index, follow, max-snippet:-1, max-image-preview:large, max-video-preview:-1\" \/>\n<link rel=\"canonical\" href=\"https:\/\/gnistan.fi\/sv\/p10\/\" \/>\n<meta property=\"og:locale\" content=\"sv_SE\" \/>\n<meta property=\"og:type\" content=\"article\" \/>\n<meta property=\"og:title\" content=\"P2010 - IF Gnistan\" \/>\n<meta property=\"og:description\" content=\"Tervetuloa Gnistan P2010 -joukkueen sivulle! Gnistanin joukkue 2010 syntyneille pojille on perustettu elokuussa 2016. Joukkueen pelaajat on jaettu taitotason mukaan&nbsp;kilpa- ja haastejoukkueisiin. Ryhmist\u00e4 riippuen harjoittelemme 3-4 kertaa viikossa p\u00e4\u00e4osin omilla kentill\u00e4mme Oulunkyl\u00e4n liikuntapuistossa. Tervetuloa kokeilemaan joukkueeseemme! Uusia pelaajia pyydet\u00e4\u00e4n olemaan yhteydess\u00e4 joukkueenjohtajaan ennen kokeilujaksoa. Voit kokeilla meill\u00e4 pari viikkoa veloituksetta. Yhteydenotot: Kilpa 1 (Liiga Etel\u00e4) [&hellip;]\" \/>\n<meta property=\"og:url\" content=\"https:\/\/gnistan.fi\/sv\/p10\/\" \/>\n<meta property=\"og:site_name\" content=\"IF Gnistan\" \/>\n<meta property=\"article:publisher\" content=\"https:\/\/facebook.com\/ifgnistan\" \/>\n<meta property=\"article:modified_time\" content=\"2026-03-04T15:24:11+00:00\" \/>\n<meta property=\"og:image\" content=\"https:\/\/gnistan.fi\/wp-content\/uploads\/2025\/06\/P2010_kilpa-1-scaled.jpg\" \/>\n\t<meta property=\"og:image:width\" content=\"2560\" \/>\n\t<meta property=\"og:image:height\" content=\"1706\" \/>\n\t<meta property=\"og:image:type\" content=\"image\/jpeg\" \/>\n<meta name=\"twitter:card\" content=\"summary_large_image\" \/>\n<meta name=\"twitter:site\" content=\"@ifgnistan1924\" \/>\n<meta name=\"twitter:label1\" content=\"Ber\u00e4knad l\u00e4stid\" \/>\n\t<meta name=\"twitter:data1\" content=\"2 minuter\" \/>\n<script type=\"application\/ld+json\" class=\"yoast-schema-graph\">{\"@context\":\"https:\\\/\\\/schema.org\",\"@graph\":[{\"@type\":\"WebPage\",\"@id\":\"https:\\\/\\\/gnistan.fi\\\/p10\\\/\",\"url\":\"https:\\\/\\\/gnistan.fi\\\/p10\\\/\",\"name\":\"P2010 - IF Gnistan\",\"isPartOf\":{\"@id\":\"https:\\\/\\\/gnistan.fi\\\/#website\"},\"primaryImageOfPage\":{\"@id\":\"https:\\\/\\\/gnistan.fi\\\/p10\\\/#primaryimage\"},\"image\":{\"@id\":\"https:\\\/\\\/gnistan.fi\\\/p10\\\/#primaryimage\"},\"thumbnailUrl\":\"https:\\\/\\\/gnistan.fi\\\/wp-content\\\/uploads\\\/2024\\\/11\\\/gnistan-default-featured-2024-c.webp\",\"datePublished\":\"2019-10-30T12:31:31+00:00\",\"dateModified\":\"2026-03-04T15:24:11+00:00\",\"breadcrumb\":{\"@id\":\"https:\\\/\\\/gnistan.fi\\\/p10\\\/#breadcrumb\"},\"inLanguage\":\"sv-SE\",\"potentialAction\":[{\"@type\":\"ReadAction\",\"target\":[\"https:\\\/\\\/gnistan.fi\\\/p10\\\/\"]}]},{\"@type\":\"ImageObject\",\"inLanguage\":\"sv-SE\",\"@id\":\"https:\\\/\\\/gnistan.fi\\\/p10\\\/#primaryimage\",\"url\":\"https:\\\/\\\/gnistan.fi\\\/wp-content\\\/uploads\\\/2024\\\/11\\\/gnistan-default-featured-2024-c.webp\",\"contentUrl\":\"https:\\\/\\\/gnistan.fi\\\/wp-content\\\/uploads\\\/2024\\\/11\\\/gnistan-default-featured-2024-c.webp\",\"width\":1920,\"height\":1080},{\"@type\":\"BreadcrumbList\",\"@id\":\"https:\\\/\\\/gnistan.fi\\\/p10\\\/#breadcrumb\",\"itemListElement\":[{\"@type\":\"ListItem\",\"position\":1,\"name\":\"Etusivu\",\"item\":\"https:\\\/\\\/gnistan.fi\\\/\"},{\"@type\":\"ListItem\",\"position\":2,\"name\":\"P2010\"}]},{\"@type\":\"WebSite\",\"@id\":\"https:\\\/\\\/gnistan.fi\\\/#website\",\"url\":\"https:\\\/\\\/gnistan.fi\\\/\",\"name\":\"IF Gnistan\",\"description\":\"Viralliset sivut\",\"publisher\":{\"@id\":\"https:\\\/\\\/gnistan.fi\\\/#organization\"},\"potentialAction\":[{\"@type\":\"SearchAction\",\"target\":{\"@type\":\"EntryPoint\",\"urlTemplate\":\"https:\\\/\\\/gnistan.fi\\\/?s={search_term_string}\"},\"query-input\":{\"@type\":\"PropertyValueSpecification\",\"valueRequired\":true,\"valueName\":\"search_term_string\"}}],\"inLanguage\":\"sv-SE\"},{\"@type\":\"Organization\",\"@id\":\"https:\\\/\\\/gnistan.fi\\\/#organization\",\"name\":\"IF Gnistan\",\"url\":\"https:\\\/\\\/gnistan.fi\\\/\",\"logo\":{\"@type\":\"ImageObject\",\"inLanguage\":\"sv-SE\",\"@id\":\"https:\\\/\\\/gnistan.fi\\\/#\\\/schema\\\/logo\\\/image\\\/\",\"url\":\"https:\\\/\\\/gnistan.fi\\\/wp-content\\\/uploads\\\/2019\\\/10\\\/if-gnistan-vector-logo.svg\",\"contentUrl\":\"https:\\\/\\\/gnistan.fi\\\/wp-content\\\/uploads\\\/2019\\\/10\\\/if-gnistan-vector-logo.svg\",\"width\":269,\"height\":314,\"caption\":\"IF Gnistan\"},\"image\":{\"@id\":\"https:\\\/\\\/gnistan.fi\\\/#\\\/schema\\\/logo\\\/image\\\/\"},\"sameAs\":[\"https:\\\/\\\/facebook.com\\\/ifgnistan\",\"https:\\\/\\\/x.com\\\/ifgnistan1924\",\"https:\\\/\\\/instagram.com\\\/ifgnistan1924\",\"https:\\\/\\\/www.linkedin.com\\\/company\\\/ifgnistan\\\/\"]}]}<\/script>\n<!-- \/ Yoast SEO plugin. -->","yoast_head_json":{"title":"P2010 - IF Gnistan","robots":{"index":"index","follow":"follow","max-snippet":"max-snippet:-1","max-image-preview":"max-image-preview:large","max-video-preview":"max-video-preview:-1"},"canonical":"https:\/\/gnistan.fi\/sv\/p10\/","og_locale":"sv_SE","og_type":"article","og_title":"P2010 - IF Gnistan","og_description":"Tervetuloa Gnistan P2010 -joukkueen sivulle! Gnistanin joukkue 2010 syntyneille pojille on perustettu elokuussa 2016. Joukkueen pelaajat on jaettu taitotason mukaan&nbsp;kilpa- ja haastejoukkueisiin. Ryhmist\u00e4 riippuen harjoittelemme 3-4 kertaa viikossa p\u00e4\u00e4osin omilla kentill\u00e4mme Oulunkyl\u00e4n liikuntapuistossa. Tervetuloa kokeilemaan joukkueeseemme! Uusia pelaajia pyydet\u00e4\u00e4n olemaan yhteydess\u00e4 joukkueenjohtajaan ennen kokeilujaksoa. Voit kokeilla meill\u00e4 pari viikkoa veloituksetta. Yhteydenotot: Kilpa 1 (Liiga Etel\u00e4) [&hellip;]","og_url":"https:\/\/gnistan.fi\/sv\/p10\/","og_site_name":"IF Gnistan","article_publisher":"https:\/\/facebook.com\/ifgnistan","article_modified_time":"2026-03-04T15:24:11+00:00","og_image":[{"width":2560,"height":1706,"url":"https:\/\/gnistan.fi\/wp-content\/uploads\/2025\/06\/P2010_kilpa-1-scaled.jpg","type":"image\/jpeg"}],"twitter_card":"summary_large_image","twitter_site":"@ifgnistan1924","twitter_misc":{"Ber\u00e4knad l\u00e4stid":"2 minuter"},"schema":{"@context":"https:\/\/schema.org","@graph":[{"@type":"WebPage","@id":"https:\/\/gnistan.fi\/p10\/","url":"https:\/\/gnistan.fi\/p10\/","name":"P2010 - IF Gnistan","isPartOf":{"@id":"https:\/\/gnistan.fi\/#website"},"primaryImageOfPage":{"@id":"https:\/\/gnistan.fi\/p10\/#primaryimage"},"image":{"@id":"https:\/\/gnistan.fi\/p10\/#primaryimage"},"thumbnailUrl":"https:\/\/gnistan.fi\/wp-content\/uploads\/2024\/11\/gnistan-default-featured-2024-c.webp","datePublished":"2019-10-30T12:31:31+00:00","dateModified":"2026-03-04T15:24:11+00:00","breadcrumb":{"@id":"https:\/\/gnistan.fi\/p10\/#breadcrumb"},"inLanguage":"sv-SE","potentialAction":[{"@type":"ReadAction","target":["https:\/\/gnistan.fi\/p10\/"]}]},{"@type":"ImageObject","inLanguage":"sv-SE","@id":"https:\/\/gnistan.fi\/p10\/#primaryimage","url":"https:\/\/gnistan.fi\/wp-content\/uploads\/2024\/11\/gnistan-default-featured-2024-c.webp","contentUrl":"https:\/\/gnistan.fi\/wp-content\/uploads\/2024\/11\/gnistan-default-featured-2024-c.webp","width":1920,"height":1080},{"@type":"BreadcrumbList","@id":"https:\/\/gnistan.fi\/p10\/#breadcrumb","itemListElement":[{"@type":"ListItem","position":1,"name":"Etusivu","item":"https:\/\/gnistan.fi\/"},{"@type":"ListItem","position":2,"name":"P2010"}]},{"@type":"WebSite","@id":"https:\/\/gnistan.fi\/#website","url":"https:\/\/gnistan.fi\/","name":"IF Gnistan","description":"Viralliset sivut","publisher":{"@id":"https:\/\/gnistan.fi\/#organization"},"potentialAction":[{"@type":"SearchAction","target":{"@type":"EntryPoint","urlTemplate":"https:\/\/gnistan.fi\/?s={search_term_string}"},"query-input":{"@type":"PropertyValueSpecification","valueRequired":true,"valueName":"search_term_string"}}],"inLanguage":"sv-SE"},{"@type":"Organization","@id":"https:\/\/gnistan.fi\/#organization","name":"IF Gnistan","url":"https:\/\/gnistan.fi\/","logo":{"@type":"ImageObject","inLanguage":"sv-SE","@id":"https:\/\/gnistan.fi\/#\/schema\/logo\/image\/","url":"https:\/\/gnistan.fi\/wp-content\/uploads\/2019\/10\/if-gnistan-vector-logo.svg","contentUrl":"https:\/\/gnistan.fi\/wp-content\/uploads\/2019\/10\/if-gnistan-vector-logo.svg","width":269,"height":314,"caption":"IF Gnistan"},"image":{"@id":"https:\/\/gnistan.fi\/#\/schema\/logo\/image\/"},"sameAs":["https:\/\/facebook.com\/ifgnistan","https:\/\/x.com\/ifgnistan1924","https:\/\/instagram.com\/ifgnistan1924","https:\/\/www.linkedin.com\/company\/ifgnistan\/"]}]}},"jetpack_sharing_enabled":true,"_links":{"self":[{"href":"https:\/\/gnistan.fi\/sv\/wp-json\/wp\/v2\/pages\/14233","targetHints":{"allow":["GET"]}}],"collection":[{"href":"https:\/\/gnistan.fi\/sv\/wp-json\/wp\/v2\/pages"}],"about":[{"href":"https:\/\/gnistan.fi\/sv\/wp-json\/wp\/v2\/types\/page"}],"author":[{"embeddable":true,"href":"https:\/\/gnistan.fi\/sv\/wp-json\/wp\/v2\/users\/7"}],"replies":[{"embeddable":true,"href":"https:\/\/gnistan.fi\/sv\/wp-json\/wp\/v2\/comments?post=14233"}],"version-history":[{"count":20,"href":"https:\/\/gnistan.fi\/sv\/wp-json\/wp\/v2\/pages\/14233\/revisions"}],"predecessor-version":[{"id":44372,"href":"https:\/\/gnistan.fi\/sv\/wp-json\/wp\/v2\/pages\/14233\/revisions\/44372"}],"wp:featuredmedia":[{"embeddable":true,"href":"https:\/\/gnistan.fi\/sv\/wp-json\/wp\/v2\/media\/36703"}],"wp:attachment":[{"href":"https:\/\/gnistan.fi\/sv\/wp-json\/wp\/v2\/media?parent=14233"}],"curies":[{"name":"wp","href":"https:\/\/api.w.org\/{rel}","templated":true}]}}