{"id":14078,"date":"2019-10-21T12:45:11","date_gmt":"2019-10-21T09:45:11","guid":{"rendered":"https:\/\/gnistan.fi\/?page_id=14078"},"modified":"2019-10-21T12:45:11","modified_gmt":"2019-10-21T09:45:11","slug":"ottelut-2016","status":"publish","type":"page","link":"https:\/\/gnistan.fi\/sv\/ottelut-2016\/","title":{"rendered":"Ottelut 2016"},"content":{"rendered":"<h2 class=\"wp-block-heading\">Otteluohjelma &#8211; Kakkonen 2016, Suomen Cup &amp; harjoitusottelut<\/h2>\n\n\n\n<table class=\"wp-block-table\"><tbody><tr><th>Pvm<\/th><th>Paikka<\/th><th>Koti<\/th><th>Vieras<\/th><th>Tulos<\/th><th>Ennakko<\/th><th>Raportti<\/th><\/tr><tr><td>La 15.1. klo 21:00<\/td><td>Tali<\/td><td><strong>Gnistan<\/strong><\/td><td>EsPaharj<\/td><td>2 &#8211; 2<\/td><td>Ennakko<\/td><td><a href=\"https:\/\/gnistan.fi\/sv\/2016\/01\/gnistan-ja-espa-tasapeliin-harjoitusottelussa\/\">Raportti<\/a><\/td><\/tr><tr><td>La 23.1. klo 11:30<\/td><td>Sahara<\/td><td>Klubi 04<\/td><td><strong>Gnistan<\/strong>harj<\/td><td>2 &#8211; 4<\/td><td>Ennakko<\/td><td><a href=\"https:\/\/gnistan.fi\/sv\/2016\/01\/gnistan-kaatoi-klubi-04n-harjoitusottelussa\/\">Raportti<\/a><\/td><\/tr><tr><td>Pe 29.1. klo 19:15<\/td><td>Nummela<\/td><td>NuPS<\/td><td><strong>Gnistan<\/strong>harj<\/td><td>3 &#8211; 4<\/td><td>Ennakko<\/td><td><a href=\"https:\/\/gnistan.fi\/sv\/2016\/02\/maali-iloittelua-nummelan-harjoitusottelussa\/\">Raportti<\/a><\/td><\/tr><tr><td>Pe 5.2. klo 21:00<\/td><td>Tali<\/td><td><strong>Gnistan<\/strong><\/td><td>Honkaharj<\/td><td>1 &#8211; 2<\/td><td>Ennakko<\/td><td><a href=\"https:\/\/gnistan.fi\/sv\/2016\/02\/gnistan-taipui-hongalle-harjoitusottelussa\/\">Raportti<\/a><\/td><\/tr><tr><td>Su 14.2. klo 21:00<\/td><td>Pallomylly<\/td><td><strong>Gnistan<\/strong><\/td><td>Kiffenharj<\/td><td>3 &#8211; 0<\/td><td>Ennakko<\/td><td><a href=\"https:\/\/gnistan.fi\/sv\/2016\/02\/gnistan-voitti-kiffenin\/\">Raportti<\/a><\/td><\/tr><tr><td>Su 21.2. klo 21:00<\/td><td>Pallomylly<\/td><td>FC Viikingit<\/td><td><strong>Gnistan<\/strong>harj<\/td><td>0 &#8211; 0<\/td><td>Ennakko<\/td><td><a href=\"https:\/\/gnistan.fi\/sv\/2016\/02\/gnistan-ja-viikingit-maalittomaan-tasapeliin\/\">Raportti<\/a><\/td><\/tr><tr><td>Pe 4.3. klo 21:00<\/td><td>Tali<\/td><td><strong>Gnistan<\/strong><\/td><td>FC Viikingitharj<\/td><td>2 &#8211; 0<\/td><td>Ennakko<\/td><td><a href=\"https:\/\/gnistan.fi\/sv\/2016\/03\/gnistan-loi-viikingit-harjoitusottelussa\/\">Raportti<\/a><\/td><\/tr><tr><td>La 12.3. klo 16:00<\/td><td>Tapanila<\/td><td>Atletico Malmi<\/td><td><strong>Gnistan<\/strong>cup<\/td><td>1 &#8211; 0<\/td><td><a href=\"https:\/\/www.youtube.com\/watch?v=L8IkeYzmHKk\">Ennakko<\/a><\/td><td>Raportti<\/td><\/tr><tr><td>Pe 18.3. klo 21:00<\/td><td>Tali<\/td><td>Kiffen<\/td><td><strong>Gnistan<\/strong>harj<\/td><td>0 &#8211; 4<\/td><td><a href=\"https:\/\/www.youtube.com\/watch?v=CEp73iNOkPQ\">Ennakko<\/a><\/td><td><a href=\"https:\/\/gnistan.fi\/sv\/2016\/03\/gnistan-loi-kiffenin-naytostyyliin\/\">Raportti<\/a><\/td><\/tr><tr><td>Pe 1.4. klo 21:00<\/td><td>Tali<\/td><td><strong>Gnistan<\/strong><\/td><td>FC Espooharj<\/td><td>1 &#8211; 0<\/td><td><a href=\"https:\/\/www.youtube.com\/watch?v=cGesxQm6feU\">Ennakko<\/a><\/td><td><a href=\"https:\/\/gnistan.fi\/sv\/2016\/04\/gnistan-loi-fc-espoon-niukasti\/\">Raportti<\/a><\/td><\/tr><tr><td>La 9.4. klo 16:30<\/td><td>Pallokentt\u00e4<\/td><td>Klubi 04<\/td><td><strong>Gnistan<\/strong>harj<\/td><td>1 &#8211; 1<\/td><td><a href=\"https:\/\/www.youtube.com\/watch?v=E_XgA4Hi59c\">Ennakko<\/a><\/td><td><a href=\"https:\/\/gnistan.fi\/sv\/2016\/04\/klubi-04-ja-gnistan-tasapeliin\/\">Raportti<\/a><\/td><\/tr><tr><td>La 16.4. klo 15:00<\/td><td>Klaukkala<\/td><td>NJS<\/td><td><strong>Gnistan<\/strong>harj<\/td><td>3 &#8211; 1<\/td><td><a href=\"https:\/\/www.youtube.com\/watch?v=eaR4wEWpRJU\">Ennakko<\/a><\/td><td><a href=\"https:\/\/gnistan.fi\/sv\/2016\/04\/tappio-tuliaisina-klaukkalasta\/\">Raportti<\/a><\/td><\/tr><tr><td>Ti 26.4. klo 18:45<\/td><td>Tapiola<\/td><td>Honka<\/td><td><strong>Gnistan<\/strong>harj<\/td><td>3 &#8211; 2<\/td><td><a href=\"https:\/\/www.youtube.com\/watch?v=37ZNYPzamn8\">Ennakko<\/a><\/td><td><a href=\"https:\/\/gnistan.fi\/sv\/2016\/04\/gnistanille-niukka-tappio-kauden-kenraaliharjoituksessa\/\">Raportti<\/a><\/td><\/tr><tr><td>Ke 4.5. klo 18:30<\/td><td>Porvoo<\/td><td>FC Futura<\/td><td><strong>Gnistan<\/strong>M2D<\/td><td>3 &#8211; 3<\/td><td><a href=\"https:\/\/gnistan.fi\/sv\/2016\/05\/kauden-avausottelussa-vastassa-futura\/\">Ennakko<\/a><\/td><td><a href=\"https:\/\/gnistan.fi\/sv\/2016\/05\/maalirikas-tasuri-porvoossa\/\">Raportti<\/a><\/td><\/tr><tr><td>Su 8.5. klo 18:30<\/td><td>Oulunkyl\u00e4<\/td><td><strong>Gnistan<\/strong><\/td><td>FC VaajakoskiM2D<\/td><td>4 &#8211; 3<\/td><td><a href=\"https:\/\/gnistan.fi\/sv\/2016\/05\/aitienpaivan-trillerissa-vieraita-vaajakoskelta\/\">Ennakko<\/a><\/td><td><a href=\"https:\/\/gnistan.fi\/sv\/2016\/05\/maalirikkaasta-kotiavauksesta-voitto\/\">Raportti<\/a><\/td><\/tr><tr><td>Su 15.5. klo 18:30<\/td><td>Mikkeli<\/td><td>MP<\/td><td><strong>Gnistan<\/strong>M2D<\/td><td>1 &#8211; 2<\/td><td><a href=\"https:\/\/gnistan.fi\/sv\/2016\/05\/lohkon-karkijoukkue-vastassa-mikkelissa\/\">Ennakko<\/a><\/td><td><a href=\"https:\/\/gnistan.fi\/sv\/2016\/05\/gnistan-voittoon-yliajan-maalilla\/\">Raportti<\/a><\/td><\/tr><tr><td>La 21.5. klo 13:00<\/td><td>Tapanila<\/td><td>MPS<\/td><td><strong>Gnistan<\/strong>M2D<\/td><td>0 &#8211; 5<\/td><td>Ennakko<\/td><td><a href=\"https:\/\/gnistan.fi\/sv\/2016\/05\/gnistan-murskasi-mpsn\/\">Raportti<\/a><\/td><\/tr><tr><td>Pe 27.5. klo 18:30<\/td><td>Oulunkyl\u00e4<\/td><td><strong>Gnistan<\/strong><\/td><td>J\u00e4PSM2D<\/td><td>2 &#8211; 1<\/td><td><a href=\"https:\/\/gnistan.fi\/sv\/2016\/05\/perjantaina-vastassa-japs\/\">Ennakko<\/a><\/td><td><a href=\"https:\/\/gnistan.fi\/sv\/2016\/05\/gnistan-nousi-jalleen-voittoon\/\">Raportti<\/a><\/td><\/tr><tr><td>La 4.6. klo 16:00<\/td><td>Kuopio<\/td><td>KuFu98<\/td><td><strong>Gnistan<\/strong>M2D<\/td><td>0 &#8211; 1<\/td><td><a href=\"https:\/\/gnistan.fi\/sv\/2016\/06\/kuopiossa-vastassa-kufu98\/\">Ennakko<\/a><\/td><td><a href=\"https:\/\/gnistan.fi\/sv\/2016\/06\/gnistanille-taisteluvoitto-kuopiosta\/\">Raportti<\/a><\/td><\/tr><tr><td>Pe 10.6. klo 19:00<\/td><td>Oulunkyl\u00e4<\/td><td><strong>Gnistan<\/strong><\/td><td>PEPOM2D<\/td><td>1 &#8211; 0<\/td><td><a href=\"https:\/\/gnistan.fi\/sv\/2016\/06\/perjantaina-vastassa-pepo\/\">Ennakko<\/a><\/td><td><a href=\"https:\/\/gnistan.fi\/sv\/2016\/06\/gnistanille-jalleen-taisteluvoitto\/\">Raportti<\/a><\/td><\/tr><tr><td>Su 19.6. klo 18:30<\/td><td>Oulunkyl\u00e4<\/td><td>K\u00e4Pa<\/td><td><strong>Gnistan<\/strong>M2D<\/td><td>2 &#8211; 0<\/td><td><a href=\"https:\/\/gnistan.fi\/sv\/2016\/06\/sunnuntaina-taistellaan-keski-helsingin-herruudesta\/\">Ennakko<\/a><\/td><td><a href=\"https:\/\/gnistan.fi\/sv\/2016\/06\/gnistanille-kauden-ensimmainen-tappio-2\/\">Raportti<\/a><\/td><\/tr><tr><td>Ti 28.6. klo 18:30<\/td><td>Oulunkyl\u00e4<\/td><td><strong>Gnistan<\/strong><\/td><td>FC Lahti Aka.M2D<\/td><td>1 &#8211; 2<\/td><td>Ennakko<\/td><td><a href=\"https:\/\/gnistan.fi\/sv\/2016\/06\/gnistanille-tappio-fc-lahti-akatemiaa-vastaan\/\">Raportti<\/a><\/td><\/tr><tr><td>Su 3.7. klo 18:30<\/td><td>Oulunkyl\u00e4<\/td><td><strong>Gnistan<\/strong><\/td><td>SudetM2D<\/td><td>2 &#8211; 0<\/td><td><a href=\"https:\/\/gnistan.fi\/sv\/2016\/07\/gnistan-lahtee-katkaisemaan-tappioputkea-susia-vastaan\/\">Ennakko<\/a><\/td><td><a href=\"https:\/\/gnistan.fi\/sv\/2016\/07\/gnistan-katkaisi-tappioputkensa-kaatamalla-sudet\/\">Raportti<\/a><\/td><\/tr><tr><td>Su 17.7. klo 18:30<\/td><td>Joutseno<\/td><td>Kultsu FC<\/td><td><strong>Gnistan<\/strong>M2D<\/td><td>0 &#8211; 1<\/td><td>Ennakko<\/td><td><a href=\"https:\/\/gnistan.fi\/sv\/2016\/07\/gnistan-kaatoi-kultsun-yliajan-osumalla\/\">Raportti<\/a><\/td><\/tr><tr><td>Su 24.7. klo 18:30<\/td><td>Vaajakoski<\/td><td>FC Vaajakoski<\/td><td><strong>Gnistan<\/strong>M2D<\/td><td>2 &#8211; 0<\/td><td>Ennakko<\/td><td><a href=\"https:\/\/gnistan.fi\/sv\/2016\/07\/tappio-tuliaisina-vaajakoskelta\/\">Raportti<\/a><\/td><\/tr><tr><td>La 30.7. klo 16:00<\/td><td>Oulunkyl\u00e4<\/td><td><strong>Gnistan<\/strong><\/td><td>MPM2D<\/td><td>2 &#8211; 1<\/td><td><a href=\"https:\/\/www.youtube.com\/watch?v=J8y5Wt-Efwg\">Ennakko<\/a><\/td><td><a href=\"https:\/\/gnistan.fi\/sv\/2016\/08\/gnistan-loi-mpn-karkiottelussa\/\">Raportti<\/a><\/td><\/tr><tr><td>Pe 5.8. klo 16:00<\/td><td>Oulunkyl\u00e4<\/td><td><strong>Gnistan<\/strong><\/td><td>MPSM2D<\/td><td>2 &#8211; 0<\/td><td>Ennakko<\/td><td><a href=\"https:\/\/gnistan.fi\/sv\/2016\/08\/gnistan-jatkoi-voittojen-tiella-lyomalla-mpsn\/\">Raportti<\/a><\/td><\/tr><tr><td>Ma 8.8. klo 19:00<\/td><td>Tervakoski<\/td><td>Pato<\/td><td><strong>Gnistan<\/strong>Cup<\/td><td>0 &#8211; 3<\/td><td>Ennakko<\/td><td><a href=\"https:\/\/gnistan.fi\/sv\/2016\/08\/gnistan-eteni-jatkoon-suomen-cupissa\/\">Raportti<\/a><\/td><\/tr><tr><td>La 13.8. klo 16:00<\/td><td>J\u00e4rvenp\u00e4\u00e4<\/td><td>J\u00e4PS<\/td><td><strong>Gnistan<\/strong>M2D<\/td><td>0 &#8211; 0<\/td><td>Ennakko<\/td><td>Raportti<\/td><\/tr><tr><td>Su 21.8. klo 18:30<\/td><td>Oulunkyl\u00e4<\/td><td><strong>Gnistan<\/strong><\/td><td>KuFu98M2D<\/td><td>2 &#8211; 1<\/td><td><a href=\"https:\/\/www.youtube.com\/watch?v=E1LwD64x3TU\">Ennakko<\/a><\/td><td><a href=\"https:\/\/gnistan.fi\/sv\/2016\/08\/gnistan-kaatoi-kufun-karkiottelussa\/\">Raportti<\/a><\/td><\/tr><tr><td>Pe 26.8. klo 19:00<\/td><td>Kimpinen<\/td><td>PEPO<\/td><td><strong>Gnistan<\/strong>M2D<\/td><td>2 &#8211; 3<\/td><td>Ennakko<\/td><td><a href=\"https:\/\/gnistan.fi\/sv\/2016\/08\/kolmen-pisteen-reissu-lappeenrantaan\/\">Raportti<\/a><\/td><\/tr><tr><td>Ti 30.8. klo 18:30<\/td><td>Oulunkyl\u00e4<\/td><td><strong>Gnistan<\/strong><\/td><td>K\u00e4PaM2D<\/td><td>3 &#8211; 0<\/td><td><a href=\"https:\/\/www.youtube.com\/watch?v=9yR5MsOzLWM\">Ennakko<\/a><\/td><td><a href=\"https:\/\/gnistan.fi\/sv\/2016\/09\/nistanille-vakuuttava-voitto-kapasta\/\">Raportti<\/a><\/td><\/tr><tr><td>La 10.9. klo 16:00<\/td><td>Lahti<\/td><td>FC Lahti Aka.<\/td><td><strong>Gnistan<\/strong>M2D<\/td><td>1 &#8211; 3<\/td><td>Ennakko<\/td><td><a href=\"https:\/\/gnistan.fi\/sv\/2016\/09\/gnistan-jatkoi-voittoputkeaan-fc-lahti-akatemian-kustannuksella\/\">Raportti<\/a><\/td><\/tr><tr><td>La 17.9. klo 15:00<\/td><td>Oulunkyl\u00e4<\/td><td><strong>Gnistan<\/strong><\/td><td>FC FuturaM2D<\/td><td>2 &#8211; 2<\/td><td>Ennakko<\/td><td><a href=\"https:\/\/gnistan.fi\/sv\/2016\/09\/gnistan-jai-tasapeliin-futuraa-vastaan\/\">Raportti<\/a><\/td><\/tr><tr><td>Su 25.9. klo 14:00<\/td><td>Kouvola<\/td><td>Sudet<\/td><td><strong>Gnistan<\/strong>M2D<\/td><td>3 &#8211; 2<\/td><td>Ennakko<\/td><td><a href=\"https:\/\/gnistan.fi\/sv\/2016\/09\/gnistan-menetti-johtoasemansa-tappioksi-kouvolassa\/\">Raportti<\/a><\/td><\/tr><tr><td>La 1.10. klo 14:00<\/td><td>Oulunkyl\u00e4<\/td><td><strong>Gnistan<\/strong><\/td><td>Kultsu FCM2D<\/td><td>4 &#8211; 1<\/td><td>Ennakko<\/td><td>Raportti<\/td><\/tr><tr><td>Su 8.10. klo 14:00<\/td><td>Pori<\/td><td>MuSa<\/td><td><strong>Gnistan<\/strong>KAR<\/td><td>1 &#8211; 0<\/td><td><a href=\"https:\/\/www.youtube.com\/watch?v=gBTjpkM3kLA\">Ennakko<\/a><\/td><td><a href=\"https:\/\/gnistan.fi\/sv\/2016\/10\/nousukarsinnat-alkoivat-tappiolla\/\">Raportti<\/a><\/td><\/tr><tr><td>Su 15.10. klo 14:00<\/td><td>Oulunkyl\u00e4<\/td><td><strong>Gnistan<\/strong>KAR<\/td><td>MuSa<\/td><td>1 &#8211; 0<\/td><td><a href=\"https:\/\/youtu.be\/gBTjpkM3kLA\">Ennakko<\/a><\/td><td>Raportti<\/td><\/tr><\/tbody><\/table>","protected":false},"excerpt":{"rendered":"<p>Otteluohjelma &#8211; Kakkonen 2016, Suomen Cup &amp; harjoitusottelut Pvm Paikka Koti Vieras Tulos Ennakko Raportti La 15.1. klo 21:00 Tali Gnistan EsPaharj 2 &#8211; 2 Ennakko Raportti La 23.1. klo 11:30 Sahara Klubi 04 Gnistanharj 2 &#8211; 4 Ennakko Raportti Pe 29.1. klo 19:15 Nummela NuPS Gnistanharj 3 &#8211; 4 Ennakko Raportti Pe 5.2. klo [&hellip;]<\/p>\n","protected":false},"author":1,"featured_media":36703,"parent":0,"menu_order":0,"comment_status":"closed","ping_status":"closed","template":"","meta":{"_acf_changed":false,"footnotes":""},"class_list":["post-14078","page","type-page","status-publish","has-post-thumbnail","hentry"],"acf":[],"yoast_head":"<!-- This site is optimized with the Yoast SEO plugin v27.5 - https:\/\/yoast.com\/product\/yoast-seo-wordpress\/ -->\n<title>Ottelut 2016 - IF Gnistan<\/title>\n<meta name=\"robots\" content=\"index, follow, max-snippet:-1, max-image-preview:large, max-video-preview:-1\" \/>\n<link rel=\"canonical\" href=\"https:\/\/gnistan.fi\/sv\/ottelut-2016\/\" \/>\n<meta property=\"og:locale\" content=\"sv_SE\" \/>\n<meta property=\"og:type\" content=\"article\" \/>\n<meta property=\"og:title\" content=\"Ottelut 2016 - IF Gnistan\" \/>\n<meta property=\"og:description\" content=\"Otteluohjelma &#8211; Kakkonen 2016, Suomen Cup &amp; harjoitusottelut Pvm Paikka Koti Vieras Tulos Ennakko Raportti La 15.1. klo 21:00 Tali Gnistan EsPaharj 2 &#8211; 2 Ennakko Raportti La 23.1. klo 11:30 Sahara Klubi 04 Gnistanharj 2 &#8211; 4 Ennakko Raportti Pe 29.1. klo 19:15 Nummela NuPS Gnistanharj 3 &#8211; 4 Ennakko Raportti Pe 5.2. klo [&hellip;]\" \/>\n<meta property=\"og:url\" content=\"https:\/\/gnistan.fi\/sv\/ottelut-2016\/\" \/>\n<meta property=\"og:site_name\" content=\"IF Gnistan\" \/>\n<meta property=\"article:publisher\" content=\"https:\/\/facebook.com\/ifgnistan\" \/>\n<meta property=\"og:image\" content=\"https:\/\/gnistan.fi\/wp-content\/uploads\/2024\/11\/gnistan-default-featured-2024-c.webp\" \/>\n\t<meta property=\"og:image:width\" content=\"1920\" \/>\n\t<meta property=\"og:image:height\" content=\"1080\" \/>\n\t<meta property=\"og:image:type\" content=\"image\/webp\" \/>\n<meta name=\"twitter:card\" content=\"summary_large_image\" \/>\n<meta name=\"twitter:site\" content=\"@ifgnistan1924\" \/>\n<meta name=\"twitter:label1\" content=\"Ber\u00e4knad l\u00e4stid\" \/>\n\t<meta name=\"twitter:data1\" content=\"1 minut\" \/>\n<script type=\"application\/ld+json\" class=\"yoast-schema-graph\">{\"@context\":\"https:\\\/\\\/schema.org\",\"@graph\":[{\"@type\":\"WebPage\",\"@id\":\"https:\\\/\\\/gnistan.fi\\\/ottelut-2016\\\/\",\"url\":\"https:\\\/\\\/gnistan.fi\\\/ottelut-2016\\\/\",\"name\":\"Ottelut 2016 - IF Gnistan\",\"isPartOf\":{\"@id\":\"https:\\\/\\\/gnistan.fi\\\/#website\"},\"primaryImageOfPage\":{\"@id\":\"https:\\\/\\\/gnistan.fi\\\/ottelut-2016\\\/#primaryimage\"},\"image\":{\"@id\":\"https:\\\/\\\/gnistan.fi\\\/ottelut-2016\\\/#primaryimage\"},\"thumbnailUrl\":\"https:\\\/\\\/gnistan.fi\\\/wp-content\\\/uploads\\\/2024\\\/11\\\/gnistan-default-featured-2024-c.webp\",\"datePublished\":\"2019-10-21T09:45:11+00:00\",\"breadcrumb\":{\"@id\":\"https:\\\/\\\/gnistan.fi\\\/ottelut-2016\\\/#breadcrumb\"},\"inLanguage\":\"sv-SE\",\"potentialAction\":[{\"@type\":\"ReadAction\",\"target\":[\"https:\\\/\\\/gnistan.fi\\\/ottelut-2016\\\/\"]}]},{\"@type\":\"ImageObject\",\"inLanguage\":\"sv-SE\",\"@id\":\"https:\\\/\\\/gnistan.fi\\\/ottelut-2016\\\/#primaryimage\",\"url\":\"https:\\\/\\\/gnistan.fi\\\/wp-content\\\/uploads\\\/2024\\\/11\\\/gnistan-default-featured-2024-c.webp\",\"contentUrl\":\"https:\\\/\\\/gnistan.fi\\\/wp-content\\\/uploads\\\/2024\\\/11\\\/gnistan-default-featured-2024-c.webp\",\"width\":1920,\"height\":1080},{\"@type\":\"BreadcrumbList\",\"@id\":\"https:\\\/\\\/gnistan.fi\\\/ottelut-2016\\\/#breadcrumb\",\"itemListElement\":[{\"@type\":\"ListItem\",\"position\":1,\"name\":\"Etusivu\",\"item\":\"https:\\\/\\\/gnistan.fi\\\/\"},{\"@type\":\"ListItem\",\"position\":2,\"name\":\"Ottelut 2016\"}]},{\"@type\":\"WebSite\",\"@id\":\"https:\\\/\\\/gnistan.fi\\\/#website\",\"url\":\"https:\\\/\\\/gnistan.fi\\\/\",\"name\":\"IF Gnistan\",\"description\":\"Viralliset sivut\",\"publisher\":{\"@id\":\"https:\\\/\\\/gnistan.fi\\\/#organization\"},\"potentialAction\":[{\"@type\":\"SearchAction\",\"target\":{\"@type\":\"EntryPoint\",\"urlTemplate\":\"https:\\\/\\\/gnistan.fi\\\/?s={search_term_string}\"},\"query-input\":{\"@type\":\"PropertyValueSpecification\",\"valueRequired\":true,\"valueName\":\"search_term_string\"}}],\"inLanguage\":\"sv-SE\"},{\"@type\":\"Organization\",\"@id\":\"https:\\\/\\\/gnistan.fi\\\/#organization\",\"name\":\"IF Gnistan\",\"url\":\"https:\\\/\\\/gnistan.fi\\\/\",\"logo\":{\"@type\":\"ImageObject\",\"inLanguage\":\"sv-SE\",\"@id\":\"https:\\\/\\\/gnistan.fi\\\/#\\\/schema\\\/logo\\\/image\\\/\",\"url\":\"https:\\\/\\\/gnistan.fi\\\/wp-content\\\/uploads\\\/2019\\\/10\\\/if-gnistan-vector-logo.svg\",\"contentUrl\":\"https:\\\/\\\/gnistan.fi\\\/wp-content\\\/uploads\\\/2019\\\/10\\\/if-gnistan-vector-logo.svg\",\"width\":269,\"height\":314,\"caption\":\"IF Gnistan\"},\"image\":{\"@id\":\"https:\\\/\\\/gnistan.fi\\\/#\\\/schema\\\/logo\\\/image\\\/\"},\"sameAs\":[\"https:\\\/\\\/facebook.com\\\/ifgnistan\",\"https:\\\/\\\/x.com\\\/ifgnistan1924\",\"https:\\\/\\\/instagram.com\\\/ifgnistan1924\",\"https:\\\/\\\/www.linkedin.com\\\/company\\\/ifgnistan\\\/\"]}]}<\/script>\n<!-- \/ Yoast SEO plugin. -->","yoast_head_json":{"title":"Ottelut 2016 - IF Gnistan","robots":{"index":"index","follow":"follow","max-snippet":"max-snippet:-1","max-image-preview":"max-image-preview:large","max-video-preview":"max-video-preview:-1"},"canonical":"https:\/\/gnistan.fi\/sv\/ottelut-2016\/","og_locale":"sv_SE","og_type":"article","og_title":"Ottelut 2016 - IF Gnistan","og_description":"Otteluohjelma &#8211; Kakkonen 2016, Suomen Cup &amp; harjoitusottelut Pvm Paikka Koti Vieras Tulos Ennakko Raportti La 15.1. klo 21:00 Tali Gnistan EsPaharj 2 &#8211; 2 Ennakko Raportti La 23.1. klo 11:30 Sahara Klubi 04 Gnistanharj 2 &#8211; 4 Ennakko Raportti Pe 29.1. klo 19:15 Nummela NuPS Gnistanharj 3 &#8211; 4 Ennakko Raportti Pe 5.2. klo [&hellip;]","og_url":"https:\/\/gnistan.fi\/sv\/ottelut-2016\/","og_site_name":"IF Gnistan","article_publisher":"https:\/\/facebook.com\/ifgnistan","og_image":[{"width":1920,"height":1080,"url":"https:\/\/gnistan.fi\/wp-content\/uploads\/2024\/11\/gnistan-default-featured-2024-c.webp","type":"image\/webp"}],"twitter_card":"summary_large_image","twitter_site":"@ifgnistan1924","twitter_misc":{"Ber\u00e4knad l\u00e4stid":"1 minut"},"schema":{"@context":"https:\/\/schema.org","@graph":[{"@type":"WebPage","@id":"https:\/\/gnistan.fi\/ottelut-2016\/","url":"https:\/\/gnistan.fi\/ottelut-2016\/","name":"Ottelut 2016 - IF Gnistan","isPartOf":{"@id":"https:\/\/gnistan.fi\/#website"},"primaryImageOfPage":{"@id":"https:\/\/gnistan.fi\/ottelut-2016\/#primaryimage"},"image":{"@id":"https:\/\/gnistan.fi\/ottelut-2016\/#primaryimage"},"thumbnailUrl":"https:\/\/gnistan.fi\/wp-content\/uploads\/2024\/11\/gnistan-default-featured-2024-c.webp","datePublished":"2019-10-21T09:45:11+00:00","breadcrumb":{"@id":"https:\/\/gnistan.fi\/ottelut-2016\/#breadcrumb"},"inLanguage":"sv-SE","potentialAction":[{"@type":"ReadAction","target":["https:\/\/gnistan.fi\/ottelut-2016\/"]}]},{"@type":"ImageObject","inLanguage":"sv-SE","@id":"https:\/\/gnistan.fi\/ottelut-2016\/#primaryimage","url":"https:\/\/gnistan.fi\/wp-content\/uploads\/2024\/11\/gnistan-default-featured-2024-c.webp","contentUrl":"https:\/\/gnistan.fi\/wp-content\/uploads\/2024\/11\/gnistan-default-featured-2024-c.webp","width":1920,"height":1080},{"@type":"BreadcrumbList","@id":"https:\/\/gnistan.fi\/ottelut-2016\/#breadcrumb","itemListElement":[{"@type":"ListItem","position":1,"name":"Etusivu","item":"https:\/\/gnistan.fi\/"},{"@type":"ListItem","position":2,"name":"Ottelut 2016"}]},{"@type":"WebSite","@id":"https:\/\/gnistan.fi\/#website","url":"https:\/\/gnistan.fi\/","name":"IF Gnistan","description":"Viralliset sivut","publisher":{"@id":"https:\/\/gnistan.fi\/#organization"},"potentialAction":[{"@type":"SearchAction","target":{"@type":"EntryPoint","urlTemplate":"https:\/\/gnistan.fi\/?s={search_term_string}"},"query-input":{"@type":"PropertyValueSpecification","valueRequired":true,"valueName":"search_term_string"}}],"inLanguage":"sv-SE"},{"@type":"Organization","@id":"https:\/\/gnistan.fi\/#organization","name":"IF Gnistan","url":"https:\/\/gnistan.fi\/","logo":{"@type":"ImageObject","inLanguage":"sv-SE","@id":"https:\/\/gnistan.fi\/#\/schema\/logo\/image\/","url":"https:\/\/gnistan.fi\/wp-content\/uploads\/2019\/10\/if-gnistan-vector-logo.svg","contentUrl":"https:\/\/gnistan.fi\/wp-content\/uploads\/2019\/10\/if-gnistan-vector-logo.svg","width":269,"height":314,"caption":"IF Gnistan"},"image":{"@id":"https:\/\/gnistan.fi\/#\/schema\/logo\/image\/"},"sameAs":["https:\/\/facebook.com\/ifgnistan","https:\/\/x.com\/ifgnistan1924","https:\/\/instagram.com\/ifgnistan1924","https:\/\/www.linkedin.com\/company\/ifgnistan\/"]}]}},"jetpack_sharing_enabled":true,"_links":{"self":[{"href":"https:\/\/gnistan.fi\/sv\/wp-json\/wp\/v2\/pages\/14078","targetHints":{"allow":["GET"]}}],"collection":[{"href":"https:\/\/gnistan.fi\/sv\/wp-json\/wp\/v2\/pages"}],"about":[{"href":"https:\/\/gnistan.fi\/sv\/wp-json\/wp\/v2\/types\/page"}],"author":[{"embeddable":true,"href":"https:\/\/gnistan.fi\/sv\/wp-json\/wp\/v2\/users\/1"}],"replies":[{"embeddable":true,"href":"https:\/\/gnistan.fi\/sv\/wp-json\/wp\/v2\/comments?post=14078"}],"version-history":[{"count":0,"href":"https:\/\/gnistan.fi\/sv\/wp-json\/wp\/v2\/pages\/14078\/revisions"}],"wp:featuredmedia":[{"embeddable":true,"href":"https:\/\/gnistan.fi\/sv\/wp-json\/wp\/v2\/media\/36703"}],"wp:attachment":[{"href":"https:\/\/gnistan.fi\/sv\/wp-json\/wp\/v2\/media?parent=14078"}],"curies":[{"name":"wp","href":"https:\/\/api.w.org\/{rel}","templated":true}]}}