{"id":13858,"date":"2019-10-15T19:30:18","date_gmt":"2019-10-15T16:30:18","guid":{"rendered":"https:\/\/gnistan.fi\/?page_id=13858"},"modified":"2026-04-07T12:49:27","modified_gmt":"2026-04-07T09:49:27","slug":"katsojan-abc","status":"publish","type":"page","link":"https:\/\/gnistan.fi\/sv\/katsojan-abc\/","title":{"rendered":"\u00c5sk\u00e5darens ABC"},"content":{"rendered":"<figure class=\"wp-block-image size-large\"><img fetchpriority=\"high\" decoding=\"async\" width=\"1024\" height=\"683\" src=\"https:\/\/gnistan.fi\/wp-content\/uploads\/2025\/11\/IF-Gnistan-HJK-2-4-Veikkausliiga-28.7.2025-31-1024x683.jpg\" alt=\"\" class=\"wp-image-42997\" srcset=\"https:\/\/gnistan.fi\/wp-content\/uploads\/2025\/11\/IF-Gnistan-HJK-2-4-Veikkausliiga-28.7.2025-31-1024x683.jpg 1024w, https:\/\/gnistan.fi\/wp-content\/uploads\/2025\/11\/IF-Gnistan-HJK-2-4-Veikkausliiga-28.7.2025-31-300x200.jpg 300w, https:\/\/gnistan.fi\/wp-content\/uploads\/2025\/11\/IF-Gnistan-HJK-2-4-Veikkausliiga-28.7.2025-31-768x512.jpg 768w, https:\/\/gnistan.fi\/wp-content\/uploads\/2025\/11\/IF-Gnistan-HJK-2-4-Veikkausliiga-28.7.2025-31-1536x1024.jpg 1536w, https:\/\/gnistan.fi\/wp-content\/uploads\/2025\/11\/IF-Gnistan-HJK-2-4-Veikkausliiga-28.7.2025-31-2048x1365.jpg 2048w, https:\/\/gnistan.fi\/wp-content\/uploads\/2025\/11\/IF-Gnistan-HJK-2-4-Veikkausliiga-28.7.2025-31-18x12.jpg 18w\" sizes=\"(max-width: 1024px) 100vw, 1024px\" \/><\/figure>\n\n\n\n<p>Gnistan pelaa kotiottelunsa Oulunkyl\u00e4ss\u00e4 Markku.fi Areenalla. Gnistanin miesten kotiotteluissa on lipuntmyynti tunti ennen ottelua, jossa voit maksaa ottelulippusi vain pankkikortilla, Huomioi, ett\u00e4 paikanp\u00e4\u00e4ll\u00e4 lipunmyynniss\u00e4 on eri hinnat lipuille, kuin netiss\u00e4. Naisten Kansallisen Liigan otteluissa ei ole paikanp\u00e4\u00e4ll\u00e4 lipunmyynti\u00e4. Kaikki liput l\u00f6ytyv\u00e4t <a href=\"https:\/\/gnistan.tmtickets.fi\/\" type=\"link\" id=\"https:\/\/gnistan.tmtickets.fi\/\">T\u00c4\u00c4LT\u00c4<\/a>. <\/p>\n\n\n\n<p>Ruoka- ja juomapisteit\u00e4 on runsaasti ymp\u00e4ri stadionia, joissa maksutapana l\u00f6ytyy pankkikortin lis\u00e4ksi my\u00f6s k\u00e4teinen.<\/p>\n\n\n\n<p>Gnistan \u00f6ppnar sina d\u00f6rrar en timme innan hemmamatcherna b\u00f6rjar.<br><\/p>\n\n\n\n<h2 class=\"wp-block-heading\">TRAFIKF\u00d6RBINDELSER<\/h2>\n\n\n\n<p><strong>Adress:<\/strong> St\u00e5th\u00e5llarv\u00e4gen 11, 00640 Helsingfors<br><strong>Bussar:<\/strong> 53, 61, 64, 69, 553, 603<br><strong>T\u00e5g: <\/strong>\u00c5ggelby station ligger 1 km bort till fots. K- och I-t\u00e5g.<br><strong>Raitiovaunu:<\/strong> 15 (Sp\u00e5rjokern)<\/p>\n\n\n\n<p><strong>Parkeringsplatser<\/strong><\/p>\n\n\n\n<p>Markku.fi Areenan vieress\u00e4 on parkkipaikka autoille, mutta paikkoja rajoitettu m\u00e4\u00e4r\u00e4. Mik\u00e4li p\u00e4\u00e4t\u00e4t saapua autolla paikalle, niin lis\u00e4parkkitilaa l\u00f6ytyy Hirsipadontien varresta sek\u00e4 tekoj\u00e4\u00e4radan takaa. T\u00e4m\u00e4n lis\u00e4ksi Markku.fi Areenan l\u00e4heisyydest\u00e4 l\u00f6ytyy kaupunkipy\u00f6r\u00e4teline. Suosittelemme saapumaan ajoissa paikalle jokaiseen kotiotteluun.<\/p>\n\n\n\n<figure class=\"wp-block-image size-large\"><img decoding=\"async\" width=\"1024\" height=\"614\" src=\"https:\/\/gnistan.fi\/wp-content\/uploads\/2025\/04\/Katsomokartta-oikea-1-1024x614.png\" alt=\"\" class=\"wp-image-39673\" srcset=\"https:\/\/gnistan.fi\/wp-content\/uploads\/2025\/04\/Katsomokartta-oikea-1-1024x614.png 1024w, https:\/\/gnistan.fi\/wp-content\/uploads\/2025\/04\/Katsomokartta-oikea-1-300x180.png 300w, https:\/\/gnistan.fi\/wp-content\/uploads\/2025\/04\/Katsomokartta-oikea-1-768x461.png 768w, https:\/\/gnistan.fi\/wp-content\/uploads\/2025\/04\/Katsomokartta-oikea-1-1536x922.png 1536w, https:\/\/gnistan.fi\/wp-content\/uploads\/2025\/04\/Katsomokartta-oikea-1-18x12.png 18w, https:\/\/gnistan.fi\/wp-content\/uploads\/2025\/04\/Katsomokartta-oikea-1.png 1800w\" sizes=\"(max-width: 1024px) 100vw, 1024px\" \/><\/figure>\n\n\n\n<p>Tipsligans avtalsvillkor f\u00f6r konsumenter hittar du <a href=\"https:\/\/www.veikkausliiga.com\/veikkausliiga\/ehdot\">h\u00e4r<\/a>. Linkist\u00e4 saat vastauksen mm. mit\u00e4 esineit\u00e4 saat ottelutapahtumaan tuoda ja kaikki muut t\u00e4rke\u00e4t infot.<\/p>\n\n\n\n<h2 class=\"wp-block-heading\">Vieraskannattajat<\/h2>\n\n\n\n<p>Toivotamme kaikki vieraskannattajat l\u00e4mpim\u00e4sti tervetulleiksi seuran X otteluun. Parhaimmanottelukokemuksen saamiseksi kannustamme ostamaan lipun vieraskatsomoon. Vieraskannattajille on varattu oma katsomolohko B1.<\/p>\n\n\n\n<p>Vieraslippulinkki toimitetaan erikseen aina vierasjoukkueen SLO:lle. Ole yhteydess\u00e4 liput@gnistan.fi<\/p>","protected":false},"excerpt":{"rendered":"<p>Gnistan pelaa kotiottelunsa Oulunkyl\u00e4ss\u00e4 Markku.fi Areenalla. Gnistanin miesten kotiotteluissa on lipuntmyynti tunti ennen ottelua, jossa voit maksaa ottelulippusi vain pankkikortilla, Huomioi, ett\u00e4 paikanp\u00e4\u00e4ll\u00e4 lipunmyynniss\u00e4 on eri hinnat lipuille, kuin netiss\u00e4. Naisten Kansallisen Liigan otteluissa ei ole paikanp\u00e4\u00e4ll\u00e4 lipunmyynti\u00e4. Kaikki liput l\u00f6ytyv\u00e4t T\u00c4\u00c4LT\u00c4. Ruoka- ja juomapisteit\u00e4 on runsaasti ymp\u00e4ri stadionia, joissa maksutapana l\u00f6ytyy pankkikortin lis\u00e4ksi my\u00f6s [&hellip;]<\/p>\n","protected":false},"author":1,"featured_media":36703,"parent":0,"menu_order":0,"comment_status":"closed","ping_status":"closed","template":"","meta":{"_acf_changed":false,"footnotes":""},"class_list":["post-13858","page","type-page","status-publish","has-post-thumbnail","hentry"],"acf":[],"yoast_head":"<!-- This site is optimized with the Yoast SEO plugin v27.3 - https:\/\/yoast.com\/product\/yoast-seo-wordpress\/ -->\n<title>Katsojan ABC - IF Gnistan<\/title>\n<meta name=\"robots\" content=\"index, follow, max-snippet:-1, max-image-preview:large, max-video-preview:-1\" \/>\n<link rel=\"canonical\" href=\"https:\/\/gnistan.fi\/sv\/katsojan-abc\/\" \/>\n<meta property=\"og:locale\" content=\"sv_SE\" \/>\n<meta property=\"og:type\" content=\"article\" \/>\n<meta property=\"og:title\" content=\"Katsojan ABC - IF Gnistan\" \/>\n<meta property=\"og:description\" content=\"Gnistan pelaa kotiottelunsa Oulunkyl\u00e4ss\u00e4 Markku.fi Areenalla. Gnistanin miesten kotiotteluissa on lipuntmyynti tunti ennen ottelua, jossa voit maksaa ottelulippusi vain pankkikortilla, Huomioi, ett\u00e4 paikanp\u00e4\u00e4ll\u00e4 lipunmyynniss\u00e4 on eri hinnat lipuille, kuin netiss\u00e4. Naisten Kansallisen Liigan otteluissa ei ole paikanp\u00e4\u00e4ll\u00e4 lipunmyynti\u00e4. Kaikki liput l\u00f6ytyv\u00e4t T\u00c4\u00c4LT\u00c4. Ruoka- ja juomapisteit\u00e4 on runsaasti ymp\u00e4ri stadionia, joissa maksutapana l\u00f6ytyy pankkikortin lis\u00e4ksi my\u00f6s [&hellip;]\" \/>\n<meta property=\"og:url\" content=\"https:\/\/gnistan.fi\/sv\/katsojan-abc\/\" \/>\n<meta property=\"og:site_name\" content=\"IF Gnistan\" \/>\n<meta property=\"article:publisher\" content=\"https:\/\/facebook.com\/ifgnistan\" \/>\n<meta property=\"article:modified_time\" content=\"2026-04-07T09:49:27+00:00\" \/>\n<meta property=\"og:image\" content=\"https:\/\/gnistan.fi\/wp-content\/uploads\/2025\/11\/IF-Gnistan-HJK-2-4-Veikkausliiga-28.7.2025-31-scaled.jpg\" \/>\n\t<meta property=\"og:image:width\" content=\"2560\" \/>\n\t<meta property=\"og:image:height\" content=\"1707\" \/>\n\t<meta property=\"og:image:type\" content=\"image\/jpeg\" \/>\n<meta name=\"twitter:card\" content=\"summary_large_image\" \/>\n<meta name=\"twitter:site\" content=\"@ifgnistan1924\" \/>\n<meta name=\"twitter:label1\" content=\"Ber\u00e4knad l\u00e4stid\" \/>\n\t<meta name=\"twitter:data1\" content=\"2 minuter\" \/>\n<script type=\"application\/ld+json\" class=\"yoast-schema-graph\">{\"@context\":\"https:\\\/\\\/schema.org\",\"@graph\":[{\"@type\":\"WebPage\",\"@id\":\"https:\\\/\\\/gnistan.fi\\\/katsojan-abc\\\/\",\"url\":\"https:\\\/\\\/gnistan.fi\\\/katsojan-abc\\\/\",\"name\":\"Katsojan ABC - IF Gnistan\",\"isPartOf\":{\"@id\":\"https:\\\/\\\/gnistan.fi\\\/#website\"},\"primaryImageOfPage\":{\"@id\":\"https:\\\/\\\/gnistan.fi\\\/katsojan-abc\\\/#primaryimage\"},\"image\":{\"@id\":\"https:\\\/\\\/gnistan.fi\\\/katsojan-abc\\\/#primaryimage\"},\"thumbnailUrl\":\"https:\\\/\\\/gnistan.fi\\\/wp-content\\\/uploads\\\/2024\\\/11\\\/gnistan-default-featured-2024-c.webp\",\"datePublished\":\"2019-10-15T16:30:18+00:00\",\"dateModified\":\"2026-04-07T09:49:27+00:00\",\"breadcrumb\":{\"@id\":\"https:\\\/\\\/gnistan.fi\\\/katsojan-abc\\\/#breadcrumb\"},\"inLanguage\":\"sv-SE\",\"potentialAction\":[{\"@type\":\"ReadAction\",\"target\":[\"https:\\\/\\\/gnistan.fi\\\/katsojan-abc\\\/\"]}]},{\"@type\":\"ImageObject\",\"inLanguage\":\"sv-SE\",\"@id\":\"https:\\\/\\\/gnistan.fi\\\/katsojan-abc\\\/#primaryimage\",\"url\":\"https:\\\/\\\/gnistan.fi\\\/wp-content\\\/uploads\\\/2024\\\/11\\\/gnistan-default-featured-2024-c.webp\",\"contentUrl\":\"https:\\\/\\\/gnistan.fi\\\/wp-content\\\/uploads\\\/2024\\\/11\\\/gnistan-default-featured-2024-c.webp\",\"width\":1920,\"height\":1080},{\"@type\":\"BreadcrumbList\",\"@id\":\"https:\\\/\\\/gnistan.fi\\\/katsojan-abc\\\/#breadcrumb\",\"itemListElement\":[{\"@type\":\"ListItem\",\"position\":1,\"name\":\"Etusivu\",\"item\":\"https:\\\/\\\/gnistan.fi\\\/\"},{\"@type\":\"ListItem\",\"position\":2,\"name\":\"Katsojan ABC\"}]},{\"@type\":\"WebSite\",\"@id\":\"https:\\\/\\\/gnistan.fi\\\/#website\",\"url\":\"https:\\\/\\\/gnistan.fi\\\/\",\"name\":\"IF Gnistan\",\"description\":\"Viralliset sivut\",\"publisher\":{\"@id\":\"https:\\\/\\\/gnistan.fi\\\/#organization\"},\"potentialAction\":[{\"@type\":\"SearchAction\",\"target\":{\"@type\":\"EntryPoint\",\"urlTemplate\":\"https:\\\/\\\/gnistan.fi\\\/?s={search_term_string}\"},\"query-input\":{\"@type\":\"PropertyValueSpecification\",\"valueRequired\":true,\"valueName\":\"search_term_string\"}}],\"inLanguage\":\"sv-SE\"},{\"@type\":\"Organization\",\"@id\":\"https:\\\/\\\/gnistan.fi\\\/#organization\",\"name\":\"IF Gnistan\",\"url\":\"https:\\\/\\\/gnistan.fi\\\/\",\"logo\":{\"@type\":\"ImageObject\",\"inLanguage\":\"sv-SE\",\"@id\":\"https:\\\/\\\/gnistan.fi\\\/#\\\/schema\\\/logo\\\/image\\\/\",\"url\":\"https:\\\/\\\/gnistan.fi\\\/wp-content\\\/uploads\\\/2019\\\/10\\\/if-gnistan-vector-logo.svg\",\"contentUrl\":\"https:\\\/\\\/gnistan.fi\\\/wp-content\\\/uploads\\\/2019\\\/10\\\/if-gnistan-vector-logo.svg\",\"width\":269,\"height\":314,\"caption\":\"IF Gnistan\"},\"image\":{\"@id\":\"https:\\\/\\\/gnistan.fi\\\/#\\\/schema\\\/logo\\\/image\\\/\"},\"sameAs\":[\"https:\\\/\\\/facebook.com\\\/ifgnistan\",\"https:\\\/\\\/x.com\\\/ifgnistan1924\",\"https:\\\/\\\/instagram.com\\\/ifgnistan1924\",\"https:\\\/\\\/www.linkedin.com\\\/company\\\/ifgnistan\\\/\"]}]}<\/script>\n<!-- \/ Yoast SEO plugin. -->","yoast_head_json":{"title":"Katsojan ABC - IF Gnistan","robots":{"index":"index","follow":"follow","max-snippet":"max-snippet:-1","max-image-preview":"max-image-preview:large","max-video-preview":"max-video-preview:-1"},"canonical":"https:\/\/gnistan.fi\/sv\/katsojan-abc\/","og_locale":"sv_SE","og_type":"article","og_title":"Katsojan ABC - IF Gnistan","og_description":"Gnistan pelaa kotiottelunsa Oulunkyl\u00e4ss\u00e4 Markku.fi Areenalla. Gnistanin miesten kotiotteluissa on lipuntmyynti tunti ennen ottelua, jossa voit maksaa ottelulippusi vain pankkikortilla, Huomioi, ett\u00e4 paikanp\u00e4\u00e4ll\u00e4 lipunmyynniss\u00e4 on eri hinnat lipuille, kuin netiss\u00e4. Naisten Kansallisen Liigan otteluissa ei ole paikanp\u00e4\u00e4ll\u00e4 lipunmyynti\u00e4. Kaikki liput l\u00f6ytyv\u00e4t T\u00c4\u00c4LT\u00c4. Ruoka- ja juomapisteit\u00e4 on runsaasti ymp\u00e4ri stadionia, joissa maksutapana l\u00f6ytyy pankkikortin lis\u00e4ksi my\u00f6s [&hellip;]","og_url":"https:\/\/gnistan.fi\/sv\/katsojan-abc\/","og_site_name":"IF Gnistan","article_publisher":"https:\/\/facebook.com\/ifgnistan","article_modified_time":"2026-04-07T09:49:27+00:00","og_image":[{"width":2560,"height":1707,"url":"https:\/\/gnistan.fi\/wp-content\/uploads\/2025\/11\/IF-Gnistan-HJK-2-4-Veikkausliiga-28.7.2025-31-scaled.jpg","type":"image\/jpeg"}],"twitter_card":"summary_large_image","twitter_site":"@ifgnistan1924","twitter_misc":{"Ber\u00e4knad l\u00e4stid":"2 minuter"},"schema":{"@context":"https:\/\/schema.org","@graph":[{"@type":"WebPage","@id":"https:\/\/gnistan.fi\/katsojan-abc\/","url":"https:\/\/gnistan.fi\/katsojan-abc\/","name":"Katsojan ABC - IF Gnistan","isPartOf":{"@id":"https:\/\/gnistan.fi\/#website"},"primaryImageOfPage":{"@id":"https:\/\/gnistan.fi\/katsojan-abc\/#primaryimage"},"image":{"@id":"https:\/\/gnistan.fi\/katsojan-abc\/#primaryimage"},"thumbnailUrl":"https:\/\/gnistan.fi\/wp-content\/uploads\/2024\/11\/gnistan-default-featured-2024-c.webp","datePublished":"2019-10-15T16:30:18+00:00","dateModified":"2026-04-07T09:49:27+00:00","breadcrumb":{"@id":"https:\/\/gnistan.fi\/katsojan-abc\/#breadcrumb"},"inLanguage":"sv-SE","potentialAction":[{"@type":"ReadAction","target":["https:\/\/gnistan.fi\/katsojan-abc\/"]}]},{"@type":"ImageObject","inLanguage":"sv-SE","@id":"https:\/\/gnistan.fi\/katsojan-abc\/#primaryimage","url":"https:\/\/gnistan.fi\/wp-content\/uploads\/2024\/11\/gnistan-default-featured-2024-c.webp","contentUrl":"https:\/\/gnistan.fi\/wp-content\/uploads\/2024\/11\/gnistan-default-featured-2024-c.webp","width":1920,"height":1080},{"@type":"BreadcrumbList","@id":"https:\/\/gnistan.fi\/katsojan-abc\/#breadcrumb","itemListElement":[{"@type":"ListItem","position":1,"name":"Etusivu","item":"https:\/\/gnistan.fi\/"},{"@type":"ListItem","position":2,"name":"Katsojan ABC"}]},{"@type":"WebSite","@id":"https:\/\/gnistan.fi\/#website","url":"https:\/\/gnistan.fi\/","name":"IF Gnistan","description":"Viralliset sivut","publisher":{"@id":"https:\/\/gnistan.fi\/#organization"},"potentialAction":[{"@type":"SearchAction","target":{"@type":"EntryPoint","urlTemplate":"https:\/\/gnistan.fi\/?s={search_term_string}"},"query-input":{"@type":"PropertyValueSpecification","valueRequired":true,"valueName":"search_term_string"}}],"inLanguage":"sv-SE"},{"@type":"Organization","@id":"https:\/\/gnistan.fi\/#organization","name":"IF Gnistan","url":"https:\/\/gnistan.fi\/","logo":{"@type":"ImageObject","inLanguage":"sv-SE","@id":"https:\/\/gnistan.fi\/#\/schema\/logo\/image\/","url":"https:\/\/gnistan.fi\/wp-content\/uploads\/2019\/10\/if-gnistan-vector-logo.svg","contentUrl":"https:\/\/gnistan.fi\/wp-content\/uploads\/2019\/10\/if-gnistan-vector-logo.svg","width":269,"height":314,"caption":"IF Gnistan"},"image":{"@id":"https:\/\/gnistan.fi\/#\/schema\/logo\/image\/"},"sameAs":["https:\/\/facebook.com\/ifgnistan","https:\/\/x.com\/ifgnistan1924","https:\/\/instagram.com\/ifgnistan1924","https:\/\/www.linkedin.com\/company\/ifgnistan\/"]}]}},"jetpack_sharing_enabled":true,"_links":{"self":[{"href":"https:\/\/gnistan.fi\/sv\/wp-json\/wp\/v2\/pages\/13858","targetHints":{"allow":["GET"]}}],"collection":[{"href":"https:\/\/gnistan.fi\/sv\/wp-json\/wp\/v2\/pages"}],"about":[{"href":"https:\/\/gnistan.fi\/sv\/wp-json\/wp\/v2\/types\/page"}],"author":[{"embeddable":true,"href":"https:\/\/gnistan.fi\/sv\/wp-json\/wp\/v2\/users\/1"}],"replies":[{"embeddable":true,"href":"https:\/\/gnistan.fi\/sv\/wp-json\/wp\/v2\/comments?post=13858"}],"version-history":[{"count":20,"href":"https:\/\/gnistan.fi\/sv\/wp-json\/wp\/v2\/pages\/13858\/revisions"}],"predecessor-version":[{"id":44887,"href":"https:\/\/gnistan.fi\/sv\/wp-json\/wp\/v2\/pages\/13858\/revisions\/44887"}],"wp:featuredmedia":[{"embeddable":true,"href":"https:\/\/gnistan.fi\/sv\/wp-json\/wp\/v2\/media\/36703"}],"wp:attachment":[{"href":"https:\/\/gnistan.fi\/sv\/wp-json\/wp\/v2\/media?parent=13858"}],"curies":[{"name":"wp","href":"https:\/\/api.w.org\/{rel}","templated":true}]}}