{"id":13797,"date":"2019-10-14T19:18:32","date_gmt":"2019-10-14T16:18:32","guid":{"rendered":"https:\/\/gnistan.fi\/?page_id=13797"},"modified":"2019-10-14T23:11:53","modified_gmt":"2019-10-14T20:11:53","slug":"historia","status":"publish","type":"page","link":"https:\/\/gnistan.fi\/sv\/historia\/","title":{"rendered":"Historia"},"content":{"rendered":"<p>\u00c5ggelby Fotbollsklubb, den f\u00f6rsta idrottsf\u00f6reningen i \u00c5ggelby, grundades redan 1907. Fotboll har s\u00e5ledes spelats i \u00c5ggelby \u00e4nda sedan den organiserade fotbollsverksamheten b\u00f6rjade i Finland. Finlands Bollf\u00f6rbund och Helsingin Jalkapalloklubi grundades samma \u00e5r.<\/p>\n\n\n\n<p>Idrottsf\u00f6reningen Gnistan grundades 1924 av ett halvt dussin elever fr\u00e5n Svenska Reallyceum och \u00c5ggelby Svenska Samskola som bodde i \u00c5ggelby. Till en b\u00f6rjan fokuserade verksamheten p\u00e5 skid\u00e5kning, friidrott, simning och boboll, \u00e4ven om fotboll troligen har ut\u00f6vats fr\u00e5n b\u00f6rjan. Att boboll var med var ovanligt, eftersom boboll aldrig har varit popul\u00e4rt i svenskspr\u00e5kiga kretsar och spelet upplevdes som fr\u00e4mmande i svenskspr\u00e5kiga skolor. Bobollsspelandet f\u00f6rklaras troligen av att Gnistan trots sina svenskspr\u00e5kiga initiativtagare alltid har varit en mycket tv\u00e5spr\u00e5kig f\u00f6rening.<\/p>\n\n\n\n<p>Fotboll etablerades som en central idrottsform i Gnistan p\u00e5 1930-talet n\u00e4r den lilla If Sportaren, som ocks\u00e5 uppstod i \u00c5ggelby och kallades f\u00f6r \"kukkubackans\" g\u00e4ng, ansl\u00f6t sig till Gnistan. P\u00e5 kuckubackag\u00e4ngets beg\u00e4ran grundades en fotbollssektion i Gnistan, och Gnistan utvecklades ganska snabbt till en skr\u00e4mmande motst\u00e5ndare f\u00f6r de sm\u00e5 klubbarna i Helsingforsregionen. 1934 f\u00e4rdigst\u00e4lldes den fina idrottsplanen i \u00c5ggelby som gav utm\u00e4rkta f\u00f6ruts\u00e4ttningar f\u00f6r fotbollsut\u00f6vning. Redan \u00e5ret d\u00e4rp\u00e5 ansl\u00f6t sig Gnistan till Finlands Bollf\u00f6rbund och Helsingfors distrikt.<\/p>\n\n\n\n<p>Det f\u00f6rsta \u00e5ret i distriktserien n\u00e5dde klubben \u00e4nnu inte framg\u00e5ng, men det andra \u00e5ret vann man en s\u00f6t seger i Syyscup, d\u00e5 man slog HJK med 1\u20130. Planen i \u00c5ggelby var en eftertraktad spelplats, s\u00e5 man spelade m\u00e5nga v\u00e4nskapsmatcher mot till exempel HPS, som vimlade av landslagsspelare. \u00c4ven friidrottsverksamheten var livlig i slutet av 1930-talet, och man t\u00e4vlade mot bland annat Malmin Ponnistajat, Tapanilan Er\u00e4 och den nya lokala motst\u00e5ndaren Oulunkyl\u00e4n Urheilijat (OKU). F\u00f6reningen hade en kaf\u00e9paviljong i Pikkukoski som man hyrde av staden, d\u00e4r man f\u00f6rutom fina m\u00f6teslokaler kunde ordna popul\u00e4ra danskv\u00e4llar p\u00e5 sommarl\u00f6rdagar.<\/p>\n\n\n\n<p>Kriget avbr\u00f6t dock allt, d\u00e5 de unga m\u00e4nnen hamnade vid fronten. \u00c5r 1945 b\u00f6rjade verksamheten m\u00f6dosamt v\u00e4ckas till liv igen. Man best\u00e4mde sig f\u00f6r att avb\u00f6ja den planerade fusionen med Oulunkyl\u00e4n Urheilijat, och s\u00e5 b\u00f6rjade hjulen snurra igen.<\/p>\n\n\n\n<p>F\u00f6rst 1945 startade f\u00f6reningens juniorfotbollsverksamhet n\u00e4r B- och C-juniorlagen deltog i distriktets serier. Representationslaget vann sitt f\u00f6rsta distriktsm\u00e4sterskap 1947 i distriktets klass III, och 1958 flyttades man upp i landskapsserien, en plats som man inte l\u00e4tt gav upp.<\/p>\n\n\n\n<p>\u00c5r 1949, d\u00e5 Gnistan fyllde 25 \u00e5r, var medlemsantalet redan 300, friidrottsverksamheten var i full sving med \u00e5tta arrangerade f\u00f6reningskamper, och i fotbollen h\u00f6ll representationslaget sin plats i landskapsserien. Mer historia gjordes, n\u00e4r internationella kontakter \u00f6ppnades under fotbollslagets bes\u00f6k i Skeisk\u00f6r i Danmark.<\/p>\n\n\n\n<p>En av de finaste segrarna i fotbollslagets tidiga historia vann man i Finlands cup \u00e5r 1957, i en match som \u00e4ven var f\u00f6rem\u00e5l f\u00f6r vadh\u00e5llning, d\u00e5 man besegrade Gamlakarleby Bollklubb, som spelade i Suomensarja, med 5\u20133. P\u00e5 vintern spelade man bandy och handboll i st\u00e4llet f\u00f6r fotboll. I bandy vann man distriktm\u00e4sterskapet i IV divisionen, och i handboll spelade man ett tag \u00e4ven i Suomensarja. Juniorverksamheten utvidgades till D-juniorer, men p\u00e5 grund av bristen p\u00e5 tr\u00e4nare uppn\u00e5ddes ingen n\u00e4mnv\u00e4rd framg\u00e5ng. Fotbollen var fortfarande fokuserad kring representationslaget.<\/p>\n\n\n\n<p>Friidrottsverksamheten fortsatte livlig under hela 50-talet och \u00e4ven skid\u00e5kning var fortfarande en stabil gren i Gnistan. Andra sporter som kan n\u00e4mnas var orientering, damgymnastik, bordtennis och terr\u00e4ngl\u00f6pning. Vid decennieskiftet och n\u00e4r f\u00f6reningen n\u00e4rmade sig sitt 40-\u00e5rsjubileum b\u00f6rjade den gamla ledningen i snabb takt dra sig tillbaka. \u201dBobo\u201d Krabbe, som varit ordf\u00f6rande sedan grundandet, avgick, och friidrottsmannen Ernst Fogde blev ordf\u00f6rande. Hans ordf\u00f6randeskap varade dock bara ett \u00e5r. I takt med att samh\u00e4llet f\u00f6r\u00e4ndrades blev det tydligt att en liten f\u00f6rening inte l\u00e4ngre kunde sprida sina resurser \u00e5t m\u00e5nga h\u00e5ll. Efter att skid\u00e5kningen och friidrotten avtagit blev Gnistan en renodlad fotbollsklubb och Jacob S\u00f6derman valdes till ordf\u00f6rande.<\/p>\n\n\n\n<p>P\u00e5 sextiotalet rullade representationslaget fram stadigt och vann distriktm\u00e4sterskapet i klass 1B. Ibland knackade man till och med p\u00e5 d\u00f6rrarna till Suomensarja, men krafterna r\u00e4ckte inte till f\u00f6r att \u00f6ppna dem. I mitten av decenniet b\u00f6rjade Gnistans juniorverksamhet tydligt aktiveras. \u00c5r 1966 bes\u00f6kte Gnistans B-juniorer Norrt\u00e4lje i Sverige, vilket satte fart p\u00e5 utvecklingen av juniorverksamheten. Det var emellertid inte s\u00e5 l\u00e4tt att fokusera p\u00e5 fotbollen. Mer kr\u00e4vande civila uppgifter v\u00e4ntade p\u00e5 ordf\u00f6rande S\u00f6derman, och f\u00f6reningens existens var till och med hotad en stund. Stig K\u00e4mpe d\u00f6k upp som r\u00e4ddare och var ordf\u00f6rande under en sv\u00e5r \u00f6verg\u00e5ngsperiod 1968\u20131969. \u00c5ret d\u00e4rp\u00e5 blev Nils Andersson ordf\u00f6rande och medf\u00f6rde efterl\u00e4ngtad kontinuitet, och Gnistans utveckling till en av de starkaste juniorklubbarna i Helsingforsdistriktet kunde b\u00f6rja.<\/p>\n\n\n\n<p><strong>Referenser:<\/strong> Gnistan juhlavuosijulkaisu 2004, If Gnistan ry; Oulunkyl\u00e4 \u2013 \u00c5ggelby Vihre\u00e4 idylli, Maunu Harmo, Oulunkyl\u00e4-seura ry, 1987.<\/p>","protected":false},"excerpt":{"rendered":"<p>Oulunkyl\u00e4n ensimm\u00e4inen urheiluseura \u00c5ggelby Fotbollsklubb perustetiin jo vuonna 1907. Jalkapalloa on n\u00e4in ollen pelattu Oulunkyl\u00e4ss\u00e4 niist\u00e4 ajoista asti, jolloin j\u00e4rjestetty jalkapallotoiminta Suomessa alkoi. Suomen Palloliitto ja Helsingin Jalkapalloklubi perustettiin samaisena vuonna. Idrottsf\u00f6reningen Gnistanin perusti puolisen tusinaa Oulunkyl\u00e4ss\u00e4 asuvaa Svenska Reallyceumin ja \u00c5ggelby Svenska Samskolan oppilasta 1924. Alkuaikoina toiminta keskittyi hiihtoon, yleisurheiluun, uintiin ja pes\u00e4palloon, joskin [&hellip;]<\/p>\n","protected":false},"author":1,"featured_media":36703,"parent":0,"menu_order":0,"comment_status":"closed","ping_status":"closed","template":"","meta":{"_acf_changed":false,"footnotes":""},"class_list":["post-13797","page","type-page","status-publish","has-post-thumbnail","hentry"],"acf":[],"yoast_head":"<!-- This site is optimized with the Yoast SEO plugin v27.4 - https:\/\/yoast.com\/product\/yoast-seo-wordpress\/ -->\n<title>Historia - IF Gnistan<\/title>\n<meta name=\"robots\" content=\"index, follow, max-snippet:-1, max-image-preview:large, max-video-preview:-1\" \/>\n<link rel=\"canonical\" href=\"https:\/\/gnistan.fi\/sv\/historia\/\" \/>\n<meta property=\"og:locale\" content=\"sv_SE\" \/>\n<meta property=\"og:type\" content=\"article\" \/>\n<meta property=\"og:title\" content=\"Historia - IF Gnistan\" \/>\n<meta property=\"og:description\" content=\"Oulunkyl\u00e4n ensimm\u00e4inen urheiluseura \u00c5ggelby Fotbollsklubb perustetiin jo vuonna 1907. Jalkapalloa on n\u00e4in ollen pelattu Oulunkyl\u00e4ss\u00e4 niist\u00e4 ajoista asti, jolloin j\u00e4rjestetty jalkapallotoiminta Suomessa alkoi. Suomen Palloliitto ja Helsingin Jalkapalloklubi perustettiin samaisena vuonna. Idrottsf\u00f6reningen Gnistanin perusti puolisen tusinaa Oulunkyl\u00e4ss\u00e4 asuvaa Svenska Reallyceumin ja \u00c5ggelby Svenska Samskolan oppilasta 1924. Alkuaikoina toiminta keskittyi hiihtoon, yleisurheiluun, uintiin ja pes\u00e4palloon, joskin [&hellip;]\" \/>\n<meta property=\"og:url\" content=\"https:\/\/gnistan.fi\/sv\/historia\/\" \/>\n<meta property=\"og:site_name\" content=\"IF Gnistan\" \/>\n<meta property=\"article:publisher\" content=\"https:\/\/facebook.com\/ifgnistan\" \/>\n<meta property=\"article:modified_time\" content=\"2019-10-14T20:11:53+00:00\" \/>\n<meta property=\"og:image\" content=\"https:\/\/gnistan.fi\/wp-content\/uploads\/2024\/11\/gnistan-default-featured-2024-c.webp\" \/>\n\t<meta property=\"og:image:width\" content=\"1920\" \/>\n\t<meta property=\"og:image:height\" content=\"1080\" \/>\n\t<meta property=\"og:image:type\" content=\"image\/webp\" \/>\n<meta name=\"twitter:card\" content=\"summary_large_image\" \/>\n<meta name=\"twitter:site\" content=\"@ifgnistan1924\" \/>\n<meta name=\"twitter:label1\" content=\"Ber\u00e4knad l\u00e4stid\" \/>\n\t<meta name=\"twitter:data1\" content=\"3 minuter\" \/>\n<script type=\"application\/ld+json\" class=\"yoast-schema-graph\">{\"@context\":\"https:\\\/\\\/schema.org\",\"@graph\":[{\"@type\":\"WebPage\",\"@id\":\"https:\\\/\\\/gnistan.fi\\\/en\\\/historia\\\/\",\"url\":\"https:\\\/\\\/gnistan.fi\\\/en\\\/historia\\\/\",\"name\":\"Historia - IF Gnistan\",\"isPartOf\":{\"@id\":\"https:\\\/\\\/gnistan.fi\\\/#website\"},\"primaryImageOfPage\":{\"@id\":\"https:\\\/\\\/gnistan.fi\\\/en\\\/historia\\\/#primaryimage\"},\"image\":{\"@id\":\"https:\\\/\\\/gnistan.fi\\\/en\\\/historia\\\/#primaryimage\"},\"thumbnailUrl\":\"https:\\\/\\\/gnistan.fi\\\/wp-content\\\/uploads\\\/2024\\\/11\\\/gnistan-default-featured-2024-c.webp\",\"datePublished\":\"2019-10-14T16:18:32+00:00\",\"dateModified\":\"2019-10-14T20:11:53+00:00\",\"breadcrumb\":{\"@id\":\"https:\\\/\\\/gnistan.fi\\\/en\\\/historia\\\/#breadcrumb\"},\"inLanguage\":\"sv-SE\",\"potentialAction\":[{\"@type\":\"ReadAction\",\"target\":[\"https:\\\/\\\/gnistan.fi\\\/en\\\/historia\\\/\"]}]},{\"@type\":\"ImageObject\",\"inLanguage\":\"sv-SE\",\"@id\":\"https:\\\/\\\/gnistan.fi\\\/en\\\/historia\\\/#primaryimage\",\"url\":\"https:\\\/\\\/gnistan.fi\\\/wp-content\\\/uploads\\\/2024\\\/11\\\/gnistan-default-featured-2024-c.webp\",\"contentUrl\":\"https:\\\/\\\/gnistan.fi\\\/wp-content\\\/uploads\\\/2024\\\/11\\\/gnistan-default-featured-2024-c.webp\",\"width\":1920,\"height\":1080},{\"@type\":\"BreadcrumbList\",\"@id\":\"https:\\\/\\\/gnistan.fi\\\/en\\\/historia\\\/#breadcrumb\",\"itemListElement\":[{\"@type\":\"ListItem\",\"position\":1,\"name\":\"Etusivu\",\"item\":\"https:\\\/\\\/gnistan.fi\\\/\"},{\"@type\":\"ListItem\",\"position\":2,\"name\":\"Historia\"}]},{\"@type\":\"WebSite\",\"@id\":\"https:\\\/\\\/gnistan.fi\\\/#website\",\"url\":\"https:\\\/\\\/gnistan.fi\\\/\",\"name\":\"IF Gnistan\",\"description\":\"Viralliset sivut\",\"publisher\":{\"@id\":\"https:\\\/\\\/gnistan.fi\\\/#organization\"},\"potentialAction\":[{\"@type\":\"SearchAction\",\"target\":{\"@type\":\"EntryPoint\",\"urlTemplate\":\"https:\\\/\\\/gnistan.fi\\\/?s={search_term_string}\"},\"query-input\":{\"@type\":\"PropertyValueSpecification\",\"valueRequired\":true,\"valueName\":\"search_term_string\"}}],\"inLanguage\":\"sv-SE\"},{\"@type\":\"Organization\",\"@id\":\"https:\\\/\\\/gnistan.fi\\\/#organization\",\"name\":\"IF Gnistan\",\"url\":\"https:\\\/\\\/gnistan.fi\\\/\",\"logo\":{\"@type\":\"ImageObject\",\"inLanguage\":\"sv-SE\",\"@id\":\"https:\\\/\\\/gnistan.fi\\\/#\\\/schema\\\/logo\\\/image\\\/\",\"url\":\"https:\\\/\\\/gnistan.fi\\\/wp-content\\\/uploads\\\/2019\\\/10\\\/if-gnistan-vector-logo.svg\",\"contentUrl\":\"https:\\\/\\\/gnistan.fi\\\/wp-content\\\/uploads\\\/2019\\\/10\\\/if-gnistan-vector-logo.svg\",\"width\":269,\"height\":314,\"caption\":\"IF Gnistan\"},\"image\":{\"@id\":\"https:\\\/\\\/gnistan.fi\\\/#\\\/schema\\\/logo\\\/image\\\/\"},\"sameAs\":[\"https:\\\/\\\/facebook.com\\\/ifgnistan\",\"https:\\\/\\\/x.com\\\/ifgnistan1924\",\"https:\\\/\\\/instagram.com\\\/ifgnistan1924\",\"https:\\\/\\\/www.linkedin.com\\\/company\\\/ifgnistan\\\/\"]}]}<\/script>\n<!-- \/ Yoast SEO plugin. -->","yoast_head_json":{"title":"Historia - IF Gnistan","robots":{"index":"index","follow":"follow","max-snippet":"max-snippet:-1","max-image-preview":"max-image-preview:large","max-video-preview":"max-video-preview:-1"},"canonical":"https:\/\/gnistan.fi\/sv\/historia\/","og_locale":"sv_SE","og_type":"article","og_title":"Historia - IF Gnistan","og_description":"Oulunkyl\u00e4n ensimm\u00e4inen urheiluseura \u00c5ggelby Fotbollsklubb perustetiin jo vuonna 1907. Jalkapalloa on n\u00e4in ollen pelattu Oulunkyl\u00e4ss\u00e4 niist\u00e4 ajoista asti, jolloin j\u00e4rjestetty jalkapallotoiminta Suomessa alkoi. Suomen Palloliitto ja Helsingin Jalkapalloklubi perustettiin samaisena vuonna. Idrottsf\u00f6reningen Gnistanin perusti puolisen tusinaa Oulunkyl\u00e4ss\u00e4 asuvaa Svenska Reallyceumin ja \u00c5ggelby Svenska Samskolan oppilasta 1924. Alkuaikoina toiminta keskittyi hiihtoon, yleisurheiluun, uintiin ja pes\u00e4palloon, joskin [&hellip;]","og_url":"https:\/\/gnistan.fi\/sv\/historia\/","og_site_name":"IF Gnistan","article_publisher":"https:\/\/facebook.com\/ifgnistan","article_modified_time":"2019-10-14T20:11:53+00:00","og_image":[{"width":1920,"height":1080,"url":"https:\/\/gnistan.fi\/wp-content\/uploads\/2024\/11\/gnistan-default-featured-2024-c.webp","type":"image\/webp"}],"twitter_card":"summary_large_image","twitter_site":"@ifgnistan1924","twitter_misc":{"Ber\u00e4knad l\u00e4stid":"3 minuter"},"schema":{"@context":"https:\/\/schema.org","@graph":[{"@type":"WebPage","@id":"https:\/\/gnistan.fi\/en\/historia\/","url":"https:\/\/gnistan.fi\/en\/historia\/","name":"Historia - IF Gnistan","isPartOf":{"@id":"https:\/\/gnistan.fi\/#website"},"primaryImageOfPage":{"@id":"https:\/\/gnistan.fi\/en\/historia\/#primaryimage"},"image":{"@id":"https:\/\/gnistan.fi\/en\/historia\/#primaryimage"},"thumbnailUrl":"https:\/\/gnistan.fi\/wp-content\/uploads\/2024\/11\/gnistan-default-featured-2024-c.webp","datePublished":"2019-10-14T16:18:32+00:00","dateModified":"2019-10-14T20:11:53+00:00","breadcrumb":{"@id":"https:\/\/gnistan.fi\/en\/historia\/#breadcrumb"},"inLanguage":"sv-SE","potentialAction":[{"@type":"ReadAction","target":["https:\/\/gnistan.fi\/en\/historia\/"]}]},{"@type":"ImageObject","inLanguage":"sv-SE","@id":"https:\/\/gnistan.fi\/en\/historia\/#primaryimage","url":"https:\/\/gnistan.fi\/wp-content\/uploads\/2024\/11\/gnistan-default-featured-2024-c.webp","contentUrl":"https:\/\/gnistan.fi\/wp-content\/uploads\/2024\/11\/gnistan-default-featured-2024-c.webp","width":1920,"height":1080},{"@type":"BreadcrumbList","@id":"https:\/\/gnistan.fi\/en\/historia\/#breadcrumb","itemListElement":[{"@type":"ListItem","position":1,"name":"Etusivu","item":"https:\/\/gnistan.fi\/"},{"@type":"ListItem","position":2,"name":"Historia"}]},{"@type":"WebSite","@id":"https:\/\/gnistan.fi\/#website","url":"https:\/\/gnistan.fi\/","name":"IF Gnistan","description":"Viralliset sivut","publisher":{"@id":"https:\/\/gnistan.fi\/#organization"},"potentialAction":[{"@type":"SearchAction","target":{"@type":"EntryPoint","urlTemplate":"https:\/\/gnistan.fi\/?s={search_term_string}"},"query-input":{"@type":"PropertyValueSpecification","valueRequired":true,"valueName":"search_term_string"}}],"inLanguage":"sv-SE"},{"@type":"Organization","@id":"https:\/\/gnistan.fi\/#organization","name":"IF Gnistan","url":"https:\/\/gnistan.fi\/","logo":{"@type":"ImageObject","inLanguage":"sv-SE","@id":"https:\/\/gnistan.fi\/#\/schema\/logo\/image\/","url":"https:\/\/gnistan.fi\/wp-content\/uploads\/2019\/10\/if-gnistan-vector-logo.svg","contentUrl":"https:\/\/gnistan.fi\/wp-content\/uploads\/2019\/10\/if-gnistan-vector-logo.svg","width":269,"height":314,"caption":"IF Gnistan"},"image":{"@id":"https:\/\/gnistan.fi\/#\/schema\/logo\/image\/"},"sameAs":["https:\/\/facebook.com\/ifgnistan","https:\/\/x.com\/ifgnistan1924","https:\/\/instagram.com\/ifgnistan1924","https:\/\/www.linkedin.com\/company\/ifgnistan\/"]}]}},"jetpack_sharing_enabled":true,"_links":{"self":[{"href":"https:\/\/gnistan.fi\/sv\/wp-json\/wp\/v2\/pages\/13797","targetHints":{"allow":["GET"]}}],"collection":[{"href":"https:\/\/gnistan.fi\/sv\/wp-json\/wp\/v2\/pages"}],"about":[{"href":"https:\/\/gnistan.fi\/sv\/wp-json\/wp\/v2\/types\/page"}],"author":[{"embeddable":true,"href":"https:\/\/gnistan.fi\/sv\/wp-json\/wp\/v2\/users\/1"}],"replies":[{"embeddable":true,"href":"https:\/\/gnistan.fi\/sv\/wp-json\/wp\/v2\/comments?post=13797"}],"version-history":[{"count":0,"href":"https:\/\/gnistan.fi\/sv\/wp-json\/wp\/v2\/pages\/13797\/revisions"}],"wp:featuredmedia":[{"embeddable":true,"href":"https:\/\/gnistan.fi\/sv\/wp-json\/wp\/v2\/media\/36703"}],"wp:attachment":[{"href":"https:\/\/gnistan.fi\/sv\/wp-json\/wp\/v2\/media?parent=13797"}],"curies":[{"name":"wp","href":"https:\/\/api.w.org\/{rel}","templated":true}]}}