{"id":45081,"date":"2026-04-17T13:52:34","date_gmt":"2026-04-17T10:52:34","guid":{"rendered":"https:\/\/gnistan.fi\/?page_id=45081"},"modified":"2026-04-17T13:52:35","modified_gmt":"2026-04-17T10:52:35","slug":"treenit","status":"publish","type":"page","link":"https:\/\/gnistan.fi\/en\/treenit\/","title":{"rendered":"+ TREENIT"},"content":{"rendered":"<h3 class=\"wp-block-heading\">PIENRYHM\u00c4VALMENNUSTA MAALIVAHDEILLE SEK\u00c4 KENTT\u00c4PELAAJILLE<\/h3>\n\n\n\n<p>T\u00e4ll\u00e4 kaudella IF Gnistanin kilpa ja haaste-maailma kehitt\u00e4v\u00e4t yhteisty\u00f6t\u00e4\u00e4n tiiviimm\u00e4ksi ja l\u00e4hemm\u00e4ksi toisiaan. T\u00e4t\u00e4 varten rakennamme tukitoimia, jotka ylettyv\u00e4t niin pelaajakohtaiseen toimintaan, kuin valmentajien tukemiseen.<\/p>\n\n\n\n<p>IF Gnistanin pienryhm\u00e4valmennuksessa pelaajat saavat yksil\u00f6llist\u00e4 huomiota ja enemm\u00e4n toistoja, joiden avulla he voivat kehitty\u00e4 huimasti. Pienet ryhm\u00e4t tarkoittavat enemm\u00e4n pallokosketuksia, tarkempaa ohjausta ja henkil\u00f6kohtaisia vinkkej\u00e4 suoraan valmentajalta.<\/p>\n\n\n\n<p>Yksil\u00f6harjoitteemme ovat juuri pelaajakohtaiseen taitotasoon r\u00e4\u00e4t\u00e4l\u00f6ityj\u00e4, innostavia ja laadukkaita. Harjoittelemme samaan aikaan, vierekk\u00e4in jaetulla kentt\u00e4osuudella. T\u00e4ll\u00e4 tapaa useampi valmentaja n\u00e4kee l\u00e4hemp\u00e4\u00e4 molempien pelaajaryhmien hienoa kehityst\u00e4.<\/p>\n\n\n\n<p>\u26bd\ufe0f <strong>+TREENIT MAALIVAHDEILLE<\/strong><br>Kenelle: kaikille 2013\u20132018-syntyneille kilpatason sek\u00e4 kilpatasoon t\u00e4ht\u00e4\u00e4ville pelaajille<br>Koska: alk.22.4. Keskiiviikkoisin ja Torstaisin klo 15-16<br>Miss\u00e4: Pikkupekka Areena<br>Hinta: 10\u20ac\/kerta<br>Valmentajat: Seuran maalivahtivalmennusp\u00e4\u00e4llikk\u00f6 Kim Teigland sek\u00e4 Veikkausliigajoukkueen maalivahti Ramilson Almeida<\/p>\n\n\n\n<p class=\"has-medium-font-size\"><strong>ILMOITTAUDU MAALIVAHTIEN +TREENEIHIN: <a href=\"https:\/\/ifgnistan.myclub.fi\/flow\/courses\/10595346\">Maalivahti +Treenit kev\u00e4t<\/a><\/strong><\/p>\n\n\n\n<p>\u26bd\ufe0f <strong>+TREENIT KENTT\u00c4PELAAJILLE<\/strong><br>Kenelle: kaikille 2013\u20132018-syntyneille kilpatason sek\u00e4 kilpatasoon t\u00e4ht\u00e4\u00e4ville pelaajille<br>Koska: Tiistaisin, Keskiviikkoisin ja Torstaisin klo 15-16<br>Miss\u00e4: Pikkupekka Areena<br>Hinta: 10\u20ac\/kerta<br>Valmentajat: Panu P\u00e4ttikangas, Miro Hokkanen, Robbie Malolo, Antti Hanhisuanto, Pyry Korhonen<\/p>\n\n\n\n<p class=\"has-medium-font-size\"><strong>ILMOITTAUDU KENTT\u00c4PELAAJIEN +TREENEIHIN: <a href=\"https:\/\/ifgnistan.myclub.fi\/flow\/courses\/10497054\">+Treenit kev\u00e4t<\/a><\/strong><\/p>\n\n\n\n<hr class=\"wp-block-separator has-alpha-channel-opacity\"\/>\n\n\n\n<p>Ohjeet +Treeniin osallistumiselle:<\/p>\n\n\n\n<ol class=\"wp-block-list\">\n<li>Ilmoittaudu kurssille (ilmaista) <\/li>\n\n\n\n<li>Ilmoittautumisen j\u00e4lkeen n\u00e4et eri p\u00e4ivien +Treenit<\/li>\n\n\n\n<li>Valitse +Treeni ja Vahvista ilmoittautuminen, jonka j\u00e4lkeen t\u00e4h\u00e4n yksitt\u00e4iseen tapahtumaan osallistumisesta l\u00e4htee teille lasku.<\/li>\n\n\n\n<li>Tervetuloa treeneihin valitsemanasi p\u00e4iv\u00e4n\u00e4!<\/li>\n<\/ol>\n\n\n\n<p><\/p>\n\n\n\n<p>Lis\u00e4tietoja: valmennusp\u00e4\u00e4llikk\u00f6 Pyry Korhonen <a href=\"mailto:pyry.korhonen@gnistan.fi\">pyry.korhonen@gnistan.fi<\/a><\/p>\n\n\n\n<p><\/p>","protected":false},"excerpt":{"rendered":"<p>PIENRYHM\u00c4VALMENNUSTA MAALIVAHDEILLE SEK\u00c4 KENTT\u00c4PELAAJILLE T\u00e4ll\u00e4 kaudella IF Gnistanin kilpa ja haaste-maailma kehitt\u00e4v\u00e4t yhteisty\u00f6t\u00e4\u00e4n tiiviimm\u00e4ksi ja l\u00e4hemm\u00e4ksi toisiaan. T\u00e4t\u00e4 varten rakennamme tukitoimia, jotka ylettyv\u00e4t niin pelaajakohtaiseen toimintaan, kuin valmentajien tukemiseen. IF Gnistanin pienryhm\u00e4valmennuksessa pelaajat saavat yksil\u00f6llist\u00e4 huomiota ja enemm\u00e4n toistoja, joiden avulla he voivat kehitty\u00e4 huimasti. Pienet ryhm\u00e4t tarkoittavat enemm\u00e4n pallokosketuksia, tarkempaa ohjausta ja henkil\u00f6kohtaisia vinkkej\u00e4 [&hellip;]<\/p>\n","protected":false},"author":24,"featured_media":36703,"parent":0,"menu_order":0,"comment_status":"closed","ping_status":"closed","template":"","meta":{"_acf_changed":false,"footnotes":""},"class_list":["post-45081","page","type-page","status-publish","has-post-thumbnail","hentry"],"acf":[],"yoast_head":"<!-- This site is optimized with the Yoast SEO plugin v27.4 - https:\/\/yoast.com\/product\/yoast-seo-wordpress\/ -->\n<title>+ TREENIT - IF Gnistan<\/title>\n<meta name=\"robots\" content=\"index, follow, max-snippet:-1, max-image-preview:large, max-video-preview:-1\" \/>\n<link rel=\"canonical\" href=\"https:\/\/gnistan.fi\/en\/treenit\/\" \/>\n<meta property=\"og:locale\" content=\"en_US\" \/>\n<meta property=\"og:type\" content=\"article\" \/>\n<meta property=\"og:title\" content=\"+ TREENIT - IF Gnistan\" \/>\n<meta property=\"og:description\" content=\"PIENRYHM\u00c4VALMENNUSTA MAALIVAHDEILLE SEK\u00c4 KENTT\u00c4PELAAJILLE T\u00e4ll\u00e4 kaudella IF Gnistanin kilpa ja haaste-maailma kehitt\u00e4v\u00e4t yhteisty\u00f6t\u00e4\u00e4n tiiviimm\u00e4ksi ja l\u00e4hemm\u00e4ksi toisiaan. T\u00e4t\u00e4 varten rakennamme tukitoimia, jotka ylettyv\u00e4t niin pelaajakohtaiseen toimintaan, kuin valmentajien tukemiseen. IF Gnistanin pienryhm\u00e4valmennuksessa pelaajat saavat yksil\u00f6llist\u00e4 huomiota ja enemm\u00e4n toistoja, joiden avulla he voivat kehitty\u00e4 huimasti. Pienet ryhm\u00e4t tarkoittavat enemm\u00e4n pallokosketuksia, tarkempaa ohjausta ja henkil\u00f6kohtaisia vinkkej\u00e4 [&hellip;]\" \/>\n<meta property=\"og:url\" content=\"https:\/\/gnistan.fi\/en\/treenit\/\" \/>\n<meta property=\"og:site_name\" content=\"IF Gnistan\" \/>\n<meta property=\"article:publisher\" content=\"https:\/\/facebook.com\/ifgnistan\" \/>\n<meta property=\"article:modified_time\" content=\"2026-04-17T10:52:35+00:00\" \/>\n<meta property=\"og:image\" content=\"https:\/\/gnistan.fi\/wp-content\/uploads\/2024\/11\/gnistan-default-featured-2024-c.webp\" \/>\n\t<meta property=\"og:image:width\" content=\"1920\" \/>\n\t<meta property=\"og:image:height\" content=\"1080\" \/>\n\t<meta property=\"og:image:type\" content=\"image\/webp\" \/>\n<meta name=\"twitter:card\" content=\"summary_large_image\" \/>\n<meta name=\"twitter:site\" content=\"@ifgnistan1924\" \/>\n<meta name=\"twitter:label1\" content=\"Est. reading time\" \/>\n\t<meta name=\"twitter:data1\" content=\"2 minutes\" \/>\n<script type=\"application\/ld+json\" class=\"yoast-schema-graph\">{\"@context\":\"https:\\\/\\\/schema.org\",\"@graph\":[{\"@type\":\"WebPage\",\"@id\":\"https:\\\/\\\/gnistan.fi\\\/treenit\\\/\",\"url\":\"https:\\\/\\\/gnistan.fi\\\/treenit\\\/\",\"name\":\"+ TREENIT - IF Gnistan\",\"isPartOf\":{\"@id\":\"https:\\\/\\\/gnistan.fi\\\/#website\"},\"primaryImageOfPage\":{\"@id\":\"https:\\\/\\\/gnistan.fi\\\/treenit\\\/#primaryimage\"},\"image\":{\"@id\":\"https:\\\/\\\/gnistan.fi\\\/treenit\\\/#primaryimage\"},\"thumbnailUrl\":\"https:\\\/\\\/gnistan.fi\\\/wp-content\\\/uploads\\\/2024\\\/11\\\/gnistan-default-featured-2024-c.webp\",\"datePublished\":\"2026-04-17T10:52:34+00:00\",\"dateModified\":\"2026-04-17T10:52:35+00:00\",\"breadcrumb\":{\"@id\":\"https:\\\/\\\/gnistan.fi\\\/treenit\\\/#breadcrumb\"},\"inLanguage\":\"en-US\",\"potentialAction\":[{\"@type\":\"ReadAction\",\"target\":[\"https:\\\/\\\/gnistan.fi\\\/treenit\\\/\"]}]},{\"@type\":\"ImageObject\",\"inLanguage\":\"en-US\",\"@id\":\"https:\\\/\\\/gnistan.fi\\\/treenit\\\/#primaryimage\",\"url\":\"https:\\\/\\\/gnistan.fi\\\/wp-content\\\/uploads\\\/2024\\\/11\\\/gnistan-default-featured-2024-c.webp\",\"contentUrl\":\"https:\\\/\\\/gnistan.fi\\\/wp-content\\\/uploads\\\/2024\\\/11\\\/gnistan-default-featured-2024-c.webp\",\"width\":1920,\"height\":1080},{\"@type\":\"BreadcrumbList\",\"@id\":\"https:\\\/\\\/gnistan.fi\\\/treenit\\\/#breadcrumb\",\"itemListElement\":[{\"@type\":\"ListItem\",\"position\":1,\"name\":\"Etusivu\",\"item\":\"https:\\\/\\\/gnistan.fi\\\/\"},{\"@type\":\"ListItem\",\"position\":2,\"name\":\"+ TREENIT\"}]},{\"@type\":\"WebSite\",\"@id\":\"https:\\\/\\\/gnistan.fi\\\/#website\",\"url\":\"https:\\\/\\\/gnistan.fi\\\/\",\"name\":\"IF Gnistan\",\"description\":\"Viralliset sivut\",\"publisher\":{\"@id\":\"https:\\\/\\\/gnistan.fi\\\/#organization\"},\"potentialAction\":[{\"@type\":\"SearchAction\",\"target\":{\"@type\":\"EntryPoint\",\"urlTemplate\":\"https:\\\/\\\/gnistan.fi\\\/?s={search_term_string}\"},\"query-input\":{\"@type\":\"PropertyValueSpecification\",\"valueRequired\":true,\"valueName\":\"search_term_string\"}}],\"inLanguage\":\"en-US\"},{\"@type\":\"Organization\",\"@id\":\"https:\\\/\\\/gnistan.fi\\\/#organization\",\"name\":\"IF Gnistan\",\"url\":\"https:\\\/\\\/gnistan.fi\\\/\",\"logo\":{\"@type\":\"ImageObject\",\"inLanguage\":\"en-US\",\"@id\":\"https:\\\/\\\/gnistan.fi\\\/#\\\/schema\\\/logo\\\/image\\\/\",\"url\":\"https:\\\/\\\/gnistan.fi\\\/wp-content\\\/uploads\\\/2019\\\/10\\\/if-gnistan-vector-logo.svg\",\"contentUrl\":\"https:\\\/\\\/gnistan.fi\\\/wp-content\\\/uploads\\\/2019\\\/10\\\/if-gnistan-vector-logo.svg\",\"width\":269,\"height\":314,\"caption\":\"IF Gnistan\"},\"image\":{\"@id\":\"https:\\\/\\\/gnistan.fi\\\/#\\\/schema\\\/logo\\\/image\\\/\"},\"sameAs\":[\"https:\\\/\\\/facebook.com\\\/ifgnistan\",\"https:\\\/\\\/x.com\\\/ifgnistan1924\",\"https:\\\/\\\/instagram.com\\\/ifgnistan1924\",\"https:\\\/\\\/www.linkedin.com\\\/company\\\/ifgnistan\\\/\"]}]}<\/script>\n<!-- \/ Yoast SEO plugin. -->","yoast_head_json":{"title":"+ TREENIT - IF Gnistan","robots":{"index":"index","follow":"follow","max-snippet":"max-snippet:-1","max-image-preview":"max-image-preview:large","max-video-preview":"max-video-preview:-1"},"canonical":"https:\/\/gnistan.fi\/en\/treenit\/","og_locale":"en_US","og_type":"article","og_title":"+ TREENIT - IF Gnistan","og_description":"PIENRYHM\u00c4VALMENNUSTA MAALIVAHDEILLE SEK\u00c4 KENTT\u00c4PELAAJILLE T\u00e4ll\u00e4 kaudella IF Gnistanin kilpa ja haaste-maailma kehitt\u00e4v\u00e4t yhteisty\u00f6t\u00e4\u00e4n tiiviimm\u00e4ksi ja l\u00e4hemm\u00e4ksi toisiaan. T\u00e4t\u00e4 varten rakennamme tukitoimia, jotka ylettyv\u00e4t niin pelaajakohtaiseen toimintaan, kuin valmentajien tukemiseen. IF Gnistanin pienryhm\u00e4valmennuksessa pelaajat saavat yksil\u00f6llist\u00e4 huomiota ja enemm\u00e4n toistoja, joiden avulla he voivat kehitty\u00e4 huimasti. Pienet ryhm\u00e4t tarkoittavat enemm\u00e4n pallokosketuksia, tarkempaa ohjausta ja henkil\u00f6kohtaisia vinkkej\u00e4 [&hellip;]","og_url":"https:\/\/gnistan.fi\/en\/treenit\/","og_site_name":"IF Gnistan","article_publisher":"https:\/\/facebook.com\/ifgnistan","article_modified_time":"2026-04-17T10:52:35+00:00","og_image":[{"width":1920,"height":1080,"url":"https:\/\/gnistan.fi\/wp-content\/uploads\/2024\/11\/gnistan-default-featured-2024-c.webp","type":"image\/webp"}],"twitter_card":"summary_large_image","twitter_site":"@ifgnistan1924","twitter_misc":{"Est. reading time":"2 minutes"},"schema":{"@context":"https:\/\/schema.org","@graph":[{"@type":"WebPage","@id":"https:\/\/gnistan.fi\/treenit\/","url":"https:\/\/gnistan.fi\/treenit\/","name":"+ TREENIT - IF Gnistan","isPartOf":{"@id":"https:\/\/gnistan.fi\/#website"},"primaryImageOfPage":{"@id":"https:\/\/gnistan.fi\/treenit\/#primaryimage"},"image":{"@id":"https:\/\/gnistan.fi\/treenit\/#primaryimage"},"thumbnailUrl":"https:\/\/gnistan.fi\/wp-content\/uploads\/2024\/11\/gnistan-default-featured-2024-c.webp","datePublished":"2026-04-17T10:52:34+00:00","dateModified":"2026-04-17T10:52:35+00:00","breadcrumb":{"@id":"https:\/\/gnistan.fi\/treenit\/#breadcrumb"},"inLanguage":"en-US","potentialAction":[{"@type":"ReadAction","target":["https:\/\/gnistan.fi\/treenit\/"]}]},{"@type":"ImageObject","inLanguage":"en-US","@id":"https:\/\/gnistan.fi\/treenit\/#primaryimage","url":"https:\/\/gnistan.fi\/wp-content\/uploads\/2024\/11\/gnistan-default-featured-2024-c.webp","contentUrl":"https:\/\/gnistan.fi\/wp-content\/uploads\/2024\/11\/gnistan-default-featured-2024-c.webp","width":1920,"height":1080},{"@type":"BreadcrumbList","@id":"https:\/\/gnistan.fi\/treenit\/#breadcrumb","itemListElement":[{"@type":"ListItem","position":1,"name":"Etusivu","item":"https:\/\/gnistan.fi\/"},{"@type":"ListItem","position":2,"name":"+ TREENIT"}]},{"@type":"WebSite","@id":"https:\/\/gnistan.fi\/#website","url":"https:\/\/gnistan.fi\/","name":"IF Gnistan","description":"Viralliset sivut","publisher":{"@id":"https:\/\/gnistan.fi\/#organization"},"potentialAction":[{"@type":"SearchAction","target":{"@type":"EntryPoint","urlTemplate":"https:\/\/gnistan.fi\/?s={search_term_string}"},"query-input":{"@type":"PropertyValueSpecification","valueRequired":true,"valueName":"search_term_string"}}],"inLanguage":"en-US"},{"@type":"Organization","@id":"https:\/\/gnistan.fi\/#organization","name":"IF Gnistan","url":"https:\/\/gnistan.fi\/","logo":{"@type":"ImageObject","inLanguage":"en-US","@id":"https:\/\/gnistan.fi\/#\/schema\/logo\/image\/","url":"https:\/\/gnistan.fi\/wp-content\/uploads\/2019\/10\/if-gnistan-vector-logo.svg","contentUrl":"https:\/\/gnistan.fi\/wp-content\/uploads\/2019\/10\/if-gnistan-vector-logo.svg","width":269,"height":314,"caption":"IF Gnistan"},"image":{"@id":"https:\/\/gnistan.fi\/#\/schema\/logo\/image\/"},"sameAs":["https:\/\/facebook.com\/ifgnistan","https:\/\/x.com\/ifgnistan1924","https:\/\/instagram.com\/ifgnistan1924","https:\/\/www.linkedin.com\/company\/ifgnistan\/"]}]}},"jetpack_sharing_enabled":true,"_links":{"self":[{"href":"https:\/\/gnistan.fi\/en\/wp-json\/wp\/v2\/pages\/45081","targetHints":{"allow":["GET"]}}],"collection":[{"href":"https:\/\/gnistan.fi\/en\/wp-json\/wp\/v2\/pages"}],"about":[{"href":"https:\/\/gnistan.fi\/en\/wp-json\/wp\/v2\/types\/page"}],"author":[{"embeddable":true,"href":"https:\/\/gnistan.fi\/en\/wp-json\/wp\/v2\/users\/24"}],"replies":[{"embeddable":true,"href":"https:\/\/gnistan.fi\/en\/wp-json\/wp\/v2\/comments?post=45081"}],"version-history":[{"count":1,"href":"https:\/\/gnistan.fi\/en\/wp-json\/wp\/v2\/pages\/45081\/revisions"}],"predecessor-version":[{"id":45082,"href":"https:\/\/gnistan.fi\/en\/wp-json\/wp\/v2\/pages\/45081\/revisions\/45082"}],"wp:featuredmedia":[{"embeddable":true,"href":"https:\/\/gnistan.fi\/en\/wp-json\/wp\/v2\/media\/36703"}],"wp:attachment":[{"href":"https:\/\/gnistan.fi\/en\/wp-json\/wp\/v2\/media?parent=45081"}],"curies":[{"name":"wp","href":"https:\/\/api.w.org\/{rel}","templated":true}]}}