{"id":44009,"date":"2026-02-06T16:00:22","date_gmt":"2026-02-06T14:00:22","guid":{"rendered":"https:\/\/gnistan.fi\/?page_id=44009"},"modified":"2026-02-06T16:45:25","modified_gmt":"2026-02-06T14:45:25","slug":"laulut","status":"publish","type":"page","link":"https:\/\/gnistan.fi\/en\/laulut\/","title":{"rendered":"Laulut"},"content":{"rendered":"\t\t<div data-elementor-type=\"wp-page\" data-elementor-id=\"44009\" class=\"elementor elementor-44009\" data-elementor-post-type=\"page\">\n\t\t\t\t<div class=\"elementor-element elementor-element-32618a96 e-flex e-con-boxed e-con e-parent\" data-id=\"32618a96\" data-element_type=\"container\" data-e-type=\"container\">\n\t\t\t\t\t<div class=\"e-con-inner\">\n\t\t\t\t<div class=\"elementor-element elementor-element-799c414c elementor-widget elementor-widget-text-editor\" data-id=\"799c414c\" data-element_type=\"widget\" data-e-type=\"widget\" data-widget_type=\"text-editor.default\">\n\t\t\t\t\t\t\t\t\t<p><\/p>\n<h2 class=\"wp-block-heading\">Oulunkyl\u00e4st ikuisuuteen (Gnistan remix)<\/h2>\n<p><\/p>\n<p><iframe style=\"border-radius: 12px;\" src=\"https:\/\/open.spotify.com\/embed\/track\/5CaQCCTayPEW74Ap3ChQYz?utm_source=generator\" width=\"100%\" height=\"352\" frameborder=\"0\" allowfullscreen=\"allowfullscreen\" data-testid=\"embed-iframe\"><\/iframe><\/p>\n<p><\/p>\n<p>[Alku]<br>Ota haltuu<br>Siunaa t\u00e4\u00e4 biisi Galis<br><em>Oulunkyl\u00e4, \u00c5ggelby<br>Gasellit, vikidi viimenen<br>Gnistan, let&#8217;s go<\/em>&nbsp;(N\u00e4in on)<\/p>\n<p><\/p>\n<p>[Kertos\u00e4e]<br>Pelipaidat on keltasinisii<br>Kent\u00e4n laidalla\u2005kaikki\u2005junnust ikiksii<br>Ku me\u2005teh\u00e4\u00e4n yhes jotain, mit\u00e4 ei muut\u2005tee<br>Joka el\u00e4\u00e4 Oulunkyl\u00e4st ikuisuuteen<br>Rintavaakunan keskel iso G<br>100-vuotiaal hommat menee isolle<br>Ku me teh\u00e4\u00e4n yhes jotain, mit\u00e4 ei muut tee<br>Joka el\u00e4\u00e4 Oulunkyl\u00e4st ikuisuuteen<\/p>\n<p><\/p>\n<p>[Verse]<br>N\u00f6yr\u00e4n\u00e4 Ogelist tullaa<br>Mis taivaal aina fogeli tsungaa<br>Pohjois-Stadilaista sisuu kent\u00e4n laidalla<br>Ylpeydell\u00e4 kannustamas sinikeltast Gnisuu<br>Bolu uunii, vaik jauhamalla<br>K\u00e4si lippaa, niinku oisin Rautavaara<br>L\u00e4hin ylpeen\u00e4 maailmalle Oulunkyl\u00e4st<br>Viet\u00e4n siell\u00e4 viel\u00e4ki mun joulupyh\u00e4t, pow<\/p>\n<p><\/p>\n<p><em>Rippi-kes\u00e4 aikaa must tuli Gnistan-uskonen<br><\/em>Siihen aikaan Ogelii dominoi Mude Mustonen<br>Nyt kent\u00e4l uusii staroi, mut perinteet el\u00e4\u00e4<br>Ai s\u00e4 et hiffaa Gnistanii? Veli, hei, her\u00e4\u00e4<br>G-pistet etties s\u00e4 s\u00f6rkit tuhkarasiaa<br>Meil p\u00e4i se meinaa jotai ihan muuta asiaa<br>Mut sit\u00e4 s\u00e4 et ehk\u00e4 tuu ymm\u00e4rt\u00e4\u00e4 ikin\u00e4<br>Jos et tied\u00e4 milt\u00e4 tuntuu, ku syd\u00e4n ly\u00f6 kipin\u00e4\u00e4<\/p>\n<p><\/p>\n<p>Pelip\u00e4ivin vipin\u00e4\u00e4, ku v\u00e4ki matsii kipitt\u00e4\u00e4<br>Ennen alkuvihellyst\u00e4 pari vinii lipitt\u00e4\u00e4<br>Et tarvi lukkoo, ku kulmat antaa parastaan<br>Gnisun pelin aikaan sun tsyg\u00e4\u00e4 ei tulla varastaa<br>Koko Pohjois-Stadi l\u00e4sn\u00e4 K\u00e4pyl\u00e4st\u00e4 Tapulii<br>En m\u00e4 itke, kuka pilkkoo sipulii?<br>Menee tunteisii, ku k\u00e4ynnis kunnon karnevaali<br>Kent\u00e4l on Gnistan, eik\u00e4 mik\u00e4\u00e4n Arsenali (Gnistan)<\/p>\n<p><\/p>\n<p>[Kertos\u00e4e]<br>Pelipaidat on keltasinisii<br>Kent\u00e4n laidalla kaikki junnust ikiksii<br>Ku me teh\u00e4\u00e4n yhes jotain, mit\u00e4 ei muut tee<br>Joka el\u00e4\u00e4 Oulunkyl\u00e4st ikuisuuteen<br>Rintavaakunan keskel iso G<br>100-vuotiaal hommat menee isolle<br>Ku me teh\u00e4\u00e4n yhes jotain, mit\u00e4 ei muut tee<br>Joka el\u00e4\u00e4 Oulunkyl\u00e4st ikuisuuteen<\/p>\n<p><\/p>\n<h2 class=\"wp-block-heading\">Den b\u00e4sta i stan<\/h2>\n<p><\/p>\n<p><iframe title=\"YouTube video player\" src=\"https:\/\/www.youtube.com\/embed\/n9_prPioZ-8?si=1CdwPCEyB44Y-gHd\" width=\"560\" height=\"315\" frameborder=\"0\" allowfullscreen=\"allowfullscreen\"><\/iframe><\/p>\n<p><\/p>\n<p><\/p>\n<p>Det \u00e4r sant, bl\u00e5gul, Gnistan<\/p>\n<p><\/p>\n<p>IF Gnistan, den b\u00e4sta i stan<br>Med v\u00e5rt hj\u00e4rta alltid vi k\u00e4mpar<br>Sjung med mig om du \u00e4lskar this game<\/p>\n<p><\/p>\n<p>Ogelis IF Gnistan<br>Som spelar nu f\u00f6r \u00c5ggelby<br>Det \u00e4r sant, bl\u00e5gul, Gnistan<\/p>\n<p><\/p>\n<p>Ogelis IF Gnistan<br>Som spelar nu f\u00f6r \u00c5ggelby<br>Det \u00e4r sant, bl\u00e5gul, Gnistan<\/p>\n<p><\/p>\n<p>Det \u00e4r sant, bl\u00e5gul, Gnistan<\/p>\n<p><\/p>\n<p>Det \u00e4r sant, bl\u00e5gul, Gnistan<\/p>\n<p><\/p>\t\t\t\t\t\t\t\t<\/div>\n\t\t\t\t\t<\/div>\n\t\t\t\t<\/div>\n\t\t\t\t<\/div>\n\t\t","protected":false},"excerpt":{"rendered":"<p>Oulunkyl\u00e4st ikuisuuteen (Gnistan remix) [Alku]Ota haltuuSiunaa t\u00e4\u00e4 biisi GalisOulunkyl\u00e4, \u00c5ggelbyGasellit, vikidi viimenenGnistan, let&#8217;s go&nbsp;(N\u00e4in on) [Kertos\u00e4e]Pelipaidat on keltasinisiiKent\u00e4n laidalla\u2005kaikki\u2005junnust ikiksiiKu me\u2005teh\u00e4\u00e4n yhes jotain, mit\u00e4 ei muut\u2005teeJoka el\u00e4\u00e4 Oulunkyl\u00e4st ikuisuuteenRintavaakunan keskel iso G100-vuotiaal hommat menee isolleKu me teh\u00e4\u00e4n yhes jotain, mit\u00e4 ei muut teeJoka el\u00e4\u00e4 Oulunkyl\u00e4st ikuisuuteen [Verse]N\u00f6yr\u00e4n\u00e4 Ogelist tullaaMis taivaal aina fogeli tsungaaPohjois-Stadilaista sisuu kent\u00e4n [&hellip;]<\/p>\n","protected":false},"author":27,"featured_media":36703,"parent":0,"menu_order":0,"comment_status":"closed","ping_status":"closed","template":"","meta":{"_acf_changed":false,"footnotes":""},"class_list":["post-44009","page","type-page","status-publish","has-post-thumbnail","hentry"],"acf":[],"yoast_head":"<!-- This site is optimized with the Yoast SEO plugin v27.3 - https:\/\/yoast.com\/product\/yoast-seo-wordpress\/ -->\n<title>Laulut - IF Gnistan<\/title>\n<meta name=\"robots\" content=\"index, follow, max-snippet:-1, max-image-preview:large, max-video-preview:-1\" \/>\n<link rel=\"canonical\" href=\"https:\/\/gnistan.fi\/en\/laulut\/\" \/>\n<meta property=\"og:locale\" content=\"en_US\" \/>\n<meta property=\"og:type\" content=\"article\" \/>\n<meta property=\"og:title\" content=\"Laulut - IF Gnistan\" \/>\n<meta property=\"og:description\" content=\"Oulunkyl\u00e4st ikuisuuteen (Gnistan remix) [Alku]Ota haltuuSiunaa t\u00e4\u00e4 biisi GalisOulunkyl\u00e4, \u00c5ggelbyGasellit, vikidi viimenenGnistan, let&#8217;s go&nbsp;(N\u00e4in on) [Kertos\u00e4e]Pelipaidat on keltasinisiiKent\u00e4n laidalla\u2005kaikki\u2005junnust ikiksiiKu me\u2005teh\u00e4\u00e4n yhes jotain, mit\u00e4 ei muut\u2005teeJoka el\u00e4\u00e4 Oulunkyl\u00e4st ikuisuuteenRintavaakunan keskel iso G100-vuotiaal hommat menee isolleKu me teh\u00e4\u00e4n yhes jotain, mit\u00e4 ei muut teeJoka el\u00e4\u00e4 Oulunkyl\u00e4st ikuisuuteen [Verse]N\u00f6yr\u00e4n\u00e4 Ogelist tullaaMis taivaal aina fogeli tsungaaPohjois-Stadilaista sisuu kent\u00e4n [&hellip;]\" \/>\n<meta property=\"og:url\" content=\"https:\/\/gnistan.fi\/en\/laulut\/\" \/>\n<meta property=\"og:site_name\" content=\"IF Gnistan\" \/>\n<meta property=\"article:publisher\" content=\"https:\/\/facebook.com\/ifgnistan\" \/>\n<meta property=\"article:modified_time\" content=\"2026-02-06T14:45:25+00:00\" \/>\n<meta property=\"og:image\" content=\"https:\/\/gnistan.fi\/wp-content\/uploads\/2024\/11\/gnistan-default-featured-2024-c.webp\" \/>\n\t<meta property=\"og:image:width\" content=\"1920\" \/>\n\t<meta property=\"og:image:height\" content=\"1080\" \/>\n\t<meta property=\"og:image:type\" content=\"image\/webp\" \/>\n<meta name=\"twitter:card\" content=\"summary_large_image\" \/>\n<meta name=\"twitter:site\" content=\"@ifgnistan1924\" \/>\n<meta name=\"twitter:label1\" content=\"Est. reading time\" \/>\n\t<meta name=\"twitter:data1\" content=\"2 minutes\" \/>\n<script type=\"application\/ld+json\" class=\"yoast-schema-graph\">{\"@context\":\"https:\\\/\\\/schema.org\",\"@graph\":[{\"@type\":\"WebPage\",\"@id\":\"https:\\\/\\\/gnistan.fi\\\/laulut\\\/\",\"url\":\"https:\\\/\\\/gnistan.fi\\\/laulut\\\/\",\"name\":\"Laulut - IF Gnistan\",\"isPartOf\":{\"@id\":\"https:\\\/\\\/gnistan.fi\\\/#website\"},\"primaryImageOfPage\":{\"@id\":\"https:\\\/\\\/gnistan.fi\\\/laulut\\\/#primaryimage\"},\"image\":{\"@id\":\"https:\\\/\\\/gnistan.fi\\\/laulut\\\/#primaryimage\"},\"thumbnailUrl\":\"https:\\\/\\\/gnistan.fi\\\/wp-content\\\/uploads\\\/2024\\\/11\\\/gnistan-default-featured-2024-c.webp\",\"datePublished\":\"2026-02-06T14:00:22+00:00\",\"dateModified\":\"2026-02-06T14:45:25+00:00\",\"breadcrumb\":{\"@id\":\"https:\\\/\\\/gnistan.fi\\\/laulut\\\/#breadcrumb\"},\"inLanguage\":\"en-US\",\"potentialAction\":[{\"@type\":\"ReadAction\",\"target\":[\"https:\\\/\\\/gnistan.fi\\\/laulut\\\/\"]}]},{\"@type\":\"ImageObject\",\"inLanguage\":\"en-US\",\"@id\":\"https:\\\/\\\/gnistan.fi\\\/laulut\\\/#primaryimage\",\"url\":\"https:\\\/\\\/gnistan.fi\\\/wp-content\\\/uploads\\\/2024\\\/11\\\/gnistan-default-featured-2024-c.webp\",\"contentUrl\":\"https:\\\/\\\/gnistan.fi\\\/wp-content\\\/uploads\\\/2024\\\/11\\\/gnistan-default-featured-2024-c.webp\",\"width\":1920,\"height\":1080},{\"@type\":\"BreadcrumbList\",\"@id\":\"https:\\\/\\\/gnistan.fi\\\/laulut\\\/#breadcrumb\",\"itemListElement\":[{\"@type\":\"ListItem\",\"position\":1,\"name\":\"Etusivu\",\"item\":\"https:\\\/\\\/gnistan.fi\\\/\"},{\"@type\":\"ListItem\",\"position\":2,\"name\":\"Laulut\"}]},{\"@type\":\"WebSite\",\"@id\":\"https:\\\/\\\/gnistan.fi\\\/#website\",\"url\":\"https:\\\/\\\/gnistan.fi\\\/\",\"name\":\"IF Gnistan\",\"description\":\"Viralliset sivut\",\"publisher\":{\"@id\":\"https:\\\/\\\/gnistan.fi\\\/#organization\"},\"potentialAction\":[{\"@type\":\"SearchAction\",\"target\":{\"@type\":\"EntryPoint\",\"urlTemplate\":\"https:\\\/\\\/gnistan.fi\\\/?s={search_term_string}\"},\"query-input\":{\"@type\":\"PropertyValueSpecification\",\"valueRequired\":true,\"valueName\":\"search_term_string\"}}],\"inLanguage\":\"en-US\"},{\"@type\":\"Organization\",\"@id\":\"https:\\\/\\\/gnistan.fi\\\/#organization\",\"name\":\"IF Gnistan\",\"url\":\"https:\\\/\\\/gnistan.fi\\\/\",\"logo\":{\"@type\":\"ImageObject\",\"inLanguage\":\"en-US\",\"@id\":\"https:\\\/\\\/gnistan.fi\\\/#\\\/schema\\\/logo\\\/image\\\/\",\"url\":\"https:\\\/\\\/gnistan.fi\\\/wp-content\\\/uploads\\\/2019\\\/10\\\/if-gnistan-vector-logo.svg\",\"contentUrl\":\"https:\\\/\\\/gnistan.fi\\\/wp-content\\\/uploads\\\/2019\\\/10\\\/if-gnistan-vector-logo.svg\",\"width\":269,\"height\":314,\"caption\":\"IF Gnistan\"},\"image\":{\"@id\":\"https:\\\/\\\/gnistan.fi\\\/#\\\/schema\\\/logo\\\/image\\\/\"},\"sameAs\":[\"https:\\\/\\\/facebook.com\\\/ifgnistan\",\"https:\\\/\\\/x.com\\\/ifgnistan1924\",\"https:\\\/\\\/instagram.com\\\/ifgnistan1924\",\"https:\\\/\\\/www.linkedin.com\\\/company\\\/ifgnistan\\\/\"]}]}<\/script>\n<!-- \/ Yoast SEO plugin. -->","yoast_head_json":{"title":"Laulut - IF Gnistan","robots":{"index":"index","follow":"follow","max-snippet":"max-snippet:-1","max-image-preview":"max-image-preview:large","max-video-preview":"max-video-preview:-1"},"canonical":"https:\/\/gnistan.fi\/en\/laulut\/","og_locale":"en_US","og_type":"article","og_title":"Laulut - IF Gnistan","og_description":"Oulunkyl\u00e4st ikuisuuteen (Gnistan remix) [Alku]Ota haltuuSiunaa t\u00e4\u00e4 biisi GalisOulunkyl\u00e4, \u00c5ggelbyGasellit, vikidi viimenenGnistan, let&#8217;s go&nbsp;(N\u00e4in on) [Kertos\u00e4e]Pelipaidat on keltasinisiiKent\u00e4n laidalla\u2005kaikki\u2005junnust ikiksiiKu me\u2005teh\u00e4\u00e4n yhes jotain, mit\u00e4 ei muut\u2005teeJoka el\u00e4\u00e4 Oulunkyl\u00e4st ikuisuuteenRintavaakunan keskel iso G100-vuotiaal hommat menee isolleKu me teh\u00e4\u00e4n yhes jotain, mit\u00e4 ei muut teeJoka el\u00e4\u00e4 Oulunkyl\u00e4st ikuisuuteen [Verse]N\u00f6yr\u00e4n\u00e4 Ogelist tullaaMis taivaal aina fogeli tsungaaPohjois-Stadilaista sisuu kent\u00e4n [&hellip;]","og_url":"https:\/\/gnistan.fi\/en\/laulut\/","og_site_name":"IF Gnistan","article_publisher":"https:\/\/facebook.com\/ifgnistan","article_modified_time":"2026-02-06T14:45:25+00:00","og_image":[{"width":1920,"height":1080,"url":"https:\/\/gnistan.fi\/wp-content\/uploads\/2024\/11\/gnistan-default-featured-2024-c.webp","type":"image\/webp"}],"twitter_card":"summary_large_image","twitter_site":"@ifgnistan1924","twitter_misc":{"Est. reading time":"2 minutes"},"schema":{"@context":"https:\/\/schema.org","@graph":[{"@type":"WebPage","@id":"https:\/\/gnistan.fi\/laulut\/","url":"https:\/\/gnistan.fi\/laulut\/","name":"Laulut - IF Gnistan","isPartOf":{"@id":"https:\/\/gnistan.fi\/#website"},"primaryImageOfPage":{"@id":"https:\/\/gnistan.fi\/laulut\/#primaryimage"},"image":{"@id":"https:\/\/gnistan.fi\/laulut\/#primaryimage"},"thumbnailUrl":"https:\/\/gnistan.fi\/wp-content\/uploads\/2024\/11\/gnistan-default-featured-2024-c.webp","datePublished":"2026-02-06T14:00:22+00:00","dateModified":"2026-02-06T14:45:25+00:00","breadcrumb":{"@id":"https:\/\/gnistan.fi\/laulut\/#breadcrumb"},"inLanguage":"en-US","potentialAction":[{"@type":"ReadAction","target":["https:\/\/gnistan.fi\/laulut\/"]}]},{"@type":"ImageObject","inLanguage":"en-US","@id":"https:\/\/gnistan.fi\/laulut\/#primaryimage","url":"https:\/\/gnistan.fi\/wp-content\/uploads\/2024\/11\/gnistan-default-featured-2024-c.webp","contentUrl":"https:\/\/gnistan.fi\/wp-content\/uploads\/2024\/11\/gnistan-default-featured-2024-c.webp","width":1920,"height":1080},{"@type":"BreadcrumbList","@id":"https:\/\/gnistan.fi\/laulut\/#breadcrumb","itemListElement":[{"@type":"ListItem","position":1,"name":"Etusivu","item":"https:\/\/gnistan.fi\/"},{"@type":"ListItem","position":2,"name":"Laulut"}]},{"@type":"WebSite","@id":"https:\/\/gnistan.fi\/#website","url":"https:\/\/gnistan.fi\/","name":"IF Gnistan","description":"Viralliset sivut","publisher":{"@id":"https:\/\/gnistan.fi\/#organization"},"potentialAction":[{"@type":"SearchAction","target":{"@type":"EntryPoint","urlTemplate":"https:\/\/gnistan.fi\/?s={search_term_string}"},"query-input":{"@type":"PropertyValueSpecification","valueRequired":true,"valueName":"search_term_string"}}],"inLanguage":"en-US"},{"@type":"Organization","@id":"https:\/\/gnistan.fi\/#organization","name":"IF Gnistan","url":"https:\/\/gnistan.fi\/","logo":{"@type":"ImageObject","inLanguage":"en-US","@id":"https:\/\/gnistan.fi\/#\/schema\/logo\/image\/","url":"https:\/\/gnistan.fi\/wp-content\/uploads\/2019\/10\/if-gnistan-vector-logo.svg","contentUrl":"https:\/\/gnistan.fi\/wp-content\/uploads\/2019\/10\/if-gnistan-vector-logo.svg","width":269,"height":314,"caption":"IF Gnistan"},"image":{"@id":"https:\/\/gnistan.fi\/#\/schema\/logo\/image\/"},"sameAs":["https:\/\/facebook.com\/ifgnistan","https:\/\/x.com\/ifgnistan1924","https:\/\/instagram.com\/ifgnistan1924","https:\/\/www.linkedin.com\/company\/ifgnistan\/"]}]}},"jetpack_sharing_enabled":true,"_links":{"self":[{"href":"https:\/\/gnistan.fi\/en\/wp-json\/wp\/v2\/pages\/44009","targetHints":{"allow":["GET"]}}],"collection":[{"href":"https:\/\/gnistan.fi\/en\/wp-json\/wp\/v2\/pages"}],"about":[{"href":"https:\/\/gnistan.fi\/en\/wp-json\/wp\/v2\/types\/page"}],"author":[{"embeddable":true,"href":"https:\/\/gnistan.fi\/en\/wp-json\/wp\/v2\/users\/27"}],"replies":[{"embeddable":true,"href":"https:\/\/gnistan.fi\/en\/wp-json\/wp\/v2\/comments?post=44009"}],"version-history":[{"count":20,"href":"https:\/\/gnistan.fi\/en\/wp-json\/wp\/v2\/pages\/44009\/revisions"}],"predecessor-version":[{"id":44037,"href":"https:\/\/gnistan.fi\/en\/wp-json\/wp\/v2\/pages\/44009\/revisions\/44037"}],"wp:featuredmedia":[{"embeddable":true,"href":"https:\/\/gnistan.fi\/en\/wp-json\/wp\/v2\/media\/36703"}],"wp:attachment":[{"href":"https:\/\/gnistan.fi\/en\/wp-json\/wp\/v2\/media?parent=44009"}],"curies":[{"name":"wp","href":"https:\/\/api.w.org\/{rel}","templated":true}]}}