{"id":41713,"date":"2025-09-12T15:28:46","date_gmt":"2025-09-12T12:28:46","guid":{"rendered":"https:\/\/gnistan.fi\/?page_id=41713"},"modified":"2026-03-06T19:20:32","modified_gmt":"2026-03-06T17:20:32","slug":"p2020-21","status":"publish","type":"page","link":"https:\/\/gnistan.fi\/en\/p2020-21\/","title":{"rendered":"P2020\/21"},"content":{"rendered":"<figure class=\"wp-block-image aligncenter size-large is-resized\"><img fetchpriority=\"high\" decoding=\"async\" width=\"967\" height=\"1024\" src=\"https:\/\/gnistan.fi\/wp-content\/uploads\/2025\/09\/WhatsApp-Image-2024-11-29-at-18.21.56_eca5932c-967x1024.jpg\" alt=\"\" class=\"wp-image-41770\" style=\"width:516px;height:auto\" srcset=\"https:\/\/gnistan.fi\/wp-content\/uploads\/2025\/09\/WhatsApp-Image-2024-11-29-at-18.21.56_eca5932c-967x1024.jpg 967w, https:\/\/gnistan.fi\/wp-content\/uploads\/2025\/09\/WhatsApp-Image-2024-11-29-at-18.21.56_eca5932c-283x300.jpg 283w, https:\/\/gnistan.fi\/wp-content\/uploads\/2025\/09\/WhatsApp-Image-2024-11-29-at-18.21.56_eca5932c-768x813.jpg 768w, https:\/\/gnistan.fi\/wp-content\/uploads\/2025\/09\/WhatsApp-Image-2024-11-29-at-18.21.56_eca5932c-1451x1536.jpg 1451w, https:\/\/gnistan.fi\/wp-content\/uploads\/2025\/09\/WhatsApp-Image-2024-11-29-at-18.21.56_eca5932c-11x12.jpg 11w, https:\/\/gnistan.fi\/wp-content\/uploads\/2025\/09\/WhatsApp-Image-2024-11-29-at-18.21.56_eca5932c.jpg 1654w\" sizes=\"(max-width: 967px) 100vw, 967px\" \/><\/figure>\n\n\n\n<p><\/p>\n\n\n\n<p><strong>Vuonna 2020 ja 2021 syntyneiden poikien joukkue aloitti toimintansa marraskuussa 2025.\u00a0<\/strong>Sek\u00e4 jo jalkapalloa pelanneet, ett\u00e4 ihan uudet harrastajat ovat tervetulleita. Kaikille l\u00f6ytyy sopivat pienryhm\u00e4t harjoituksissa ja peleiss\u00e4. Joukkueen vastuuvalmentajana toimii seuravalmentaja Panu P\u00e4ttikangas.\u00a0Tervetuloa mukaan kokeilemaan!\u00a0<\/p>\n\n\n\n<p>Joukkue harjoittelee kaksi kertaa viikossa. Mukaan tarvitset: oman juomapullon ja pallon (koko 3) sek\u00e4 liikunnalliset vaatteet. Toimintaan voi tulla tutustumaan muutaman viikon ajan veloituksetta.\u202f<strong>Olethan yhteydess\u00e4 joukkueen valmentajaan tai joukkueenjohtajiin ennen harjoituksiin osallistumista<\/strong>.\u00a0<\/p>\n\n\n\n<p>Kun p\u00e4\u00e4t\u00e4tte virallisesti ilmoittautua mukaan joukkueemme toimintaan ja liitty\u00e4 seuraamme voitte tehd\u00e4 sen t\u00e4\u00e4lt\u00e4:\u202f<a rel=\"noreferrer noopener\" target=\"_blank\" href=\"https:\/\/gnistan.fi\/en\/become-a-member\/\">J\u00e4seneksi \u2013 IF Gnistan<\/a>&nbsp;Ilmoittautumisenne j\u00e4lkeen teid\u00e4t liitet\u00e4\u00e4n seuramme j\u00e4senpalveluun MyClubiin, mist\u00e4 n\u00e4ette joukkueen tapahtumakalenterin ja p\u00e4\u00e4sette osallistumaan joukkueen tapahtumiin. Kehotamme teit\u00e4 lukemaan joukkueen t\u00e4rke\u00e4t ohjeistukset MyClubin tiedotteista liitytty\u00e4nne joukkueeseen.&nbsp;<\/p>\n\n\n\n<p><strong>Harjoituskalenteri marras-huhtikuu<\/strong><\/p>\n\n\n\n<ul class=\"wp-block-list\">\n<li>Maanantaisin; klo 17-18 Oulunkyl\u00e4n yhteiskoululla.<\/li>\n\n\n\n<li>Keskiviikkoisin; klo 17-18 Pikkupekka Areenalla.<\/li>\n<\/ul>\n\n\n\n<p><\/p>\n\n\n\n<p>Lis\u00e4tietoja seuravalmentaja: Panu P\u00e4ttikangas&nbsp;<a href=\"mailto:panu.pattikangas@gnistan.fi\">panu.pattikangas@gnistan.fi<\/a>&nbsp;&nbsp;tai p. 040-0279908&nbsp;<\/p>\n\n\n\n<p>Joukkueenjohtajat: <a href=\"mailto:gnistanp2020@gmail.com\">gnistanp2020@gmail.com<\/a><\/p>\n\n\n\n<p><\/p>","protected":false},"excerpt":{"rendered":"<p>Vuonna 2020 ja 2021 syntyneiden poikien joukkue aloitti toimintansa marraskuussa 2025.\u00a0Sek\u00e4 jo jalkapalloa pelanneet, ett\u00e4 ihan uudet harrastajat ovat tervetulleita. Kaikille l\u00f6ytyy sopivat pienryhm\u00e4t harjoituksissa ja peleiss\u00e4. Joukkueen vastuuvalmentajana toimii seuravalmentaja Panu P\u00e4ttikangas.\u00a0Tervetuloa mukaan kokeilemaan!\u00a0 Joukkue harjoittelee kaksi kertaa viikossa. Mukaan tarvitset: oman juomapullon ja pallon (koko 3) sek\u00e4 liikunnalliset vaatteet. Toimintaan voi tulla tutustumaan [&hellip;]<\/p>\n","protected":false},"author":27,"featured_media":36703,"parent":0,"menu_order":0,"comment_status":"closed","ping_status":"closed","template":"","meta":{"_acf_changed":false,"footnotes":""},"class_list":["post-41713","page","type-page","status-publish","has-post-thumbnail","hentry"],"acf":[],"yoast_head":"<!-- This site is optimized with the Yoast SEO plugin v27.3 - https:\/\/yoast.com\/product\/yoast-seo-wordpress\/ -->\n<title>P2020\/21 - IF Gnistan<\/title>\n<meta name=\"robots\" content=\"index, follow, max-snippet:-1, max-image-preview:large, max-video-preview:-1\" \/>\n<link rel=\"canonical\" href=\"https:\/\/gnistan.fi\/en\/p2020-21\/\" \/>\n<meta property=\"og:locale\" content=\"en_US\" \/>\n<meta property=\"og:type\" content=\"article\" \/>\n<meta property=\"og:title\" content=\"P2020\/21 - IF Gnistan\" \/>\n<meta property=\"og:description\" content=\"Vuonna 2020 ja 2021 syntyneiden poikien joukkue aloitti toimintansa marraskuussa 2025.\u00a0Sek\u00e4 jo jalkapalloa pelanneet, ett\u00e4 ihan uudet harrastajat ovat tervetulleita. Kaikille l\u00f6ytyy sopivat pienryhm\u00e4t harjoituksissa ja peleiss\u00e4. Joukkueen vastuuvalmentajana toimii seuravalmentaja Panu P\u00e4ttikangas.\u00a0Tervetuloa mukaan kokeilemaan!\u00a0 Joukkue harjoittelee kaksi kertaa viikossa. Mukaan tarvitset: oman juomapullon ja pallon (koko 3) sek\u00e4 liikunnalliset vaatteet. Toimintaan voi tulla tutustumaan [&hellip;]\" \/>\n<meta property=\"og:url\" content=\"https:\/\/gnistan.fi\/en\/p2020-21\/\" \/>\n<meta property=\"og:site_name\" content=\"IF Gnistan\" \/>\n<meta property=\"article:publisher\" content=\"https:\/\/facebook.com\/ifgnistan\" \/>\n<meta property=\"article:modified_time\" content=\"2026-03-06T17:20:32+00:00\" \/>\n<meta property=\"og:image\" content=\"https:\/\/gnistan.fi\/wp-content\/uploads\/2025\/09\/WhatsApp-Image-2024-11-29-at-18.21.56_eca5932c.jpg\" \/>\n\t<meta property=\"og:image:width\" content=\"1654\" \/>\n\t<meta property=\"og:image:height\" content=\"1751\" \/>\n\t<meta property=\"og:image:type\" content=\"image\/jpeg\" \/>\n<meta name=\"twitter:card\" content=\"summary_large_image\" \/>\n<meta name=\"twitter:site\" content=\"@ifgnistan1924\" \/>\n<meta name=\"twitter:label1\" content=\"Est. reading time\" \/>\n\t<meta name=\"twitter:data1\" content=\"2 minutes\" \/>\n<script type=\"application\/ld+json\" class=\"yoast-schema-graph\">{\"@context\":\"https:\\\/\\\/schema.org\",\"@graph\":[{\"@type\":\"WebPage\",\"@id\":\"https:\\\/\\\/gnistan.fi\\\/p2020-21\\\/\",\"url\":\"https:\\\/\\\/gnistan.fi\\\/p2020-21\\\/\",\"name\":\"P2020\\\/21 - IF Gnistan\",\"isPartOf\":{\"@id\":\"https:\\\/\\\/gnistan.fi\\\/#website\"},\"primaryImageOfPage\":{\"@id\":\"https:\\\/\\\/gnistan.fi\\\/p2020-21\\\/#primaryimage\"},\"image\":{\"@id\":\"https:\\\/\\\/gnistan.fi\\\/p2020-21\\\/#primaryimage\"},\"thumbnailUrl\":\"https:\\\/\\\/gnistan.fi\\\/wp-content\\\/uploads\\\/2024\\\/11\\\/gnistan-default-featured-2024-c.webp\",\"datePublished\":\"2025-09-12T12:28:46+00:00\",\"dateModified\":\"2026-03-06T17:20:32+00:00\",\"breadcrumb\":{\"@id\":\"https:\\\/\\\/gnistan.fi\\\/p2020-21\\\/#breadcrumb\"},\"inLanguage\":\"en-US\",\"potentialAction\":[{\"@type\":\"ReadAction\",\"target\":[\"https:\\\/\\\/gnistan.fi\\\/p2020-21\\\/\"]}]},{\"@type\":\"ImageObject\",\"inLanguage\":\"en-US\",\"@id\":\"https:\\\/\\\/gnistan.fi\\\/p2020-21\\\/#primaryimage\",\"url\":\"https:\\\/\\\/gnistan.fi\\\/wp-content\\\/uploads\\\/2024\\\/11\\\/gnistan-default-featured-2024-c.webp\",\"contentUrl\":\"https:\\\/\\\/gnistan.fi\\\/wp-content\\\/uploads\\\/2024\\\/11\\\/gnistan-default-featured-2024-c.webp\",\"width\":1920,\"height\":1080},{\"@type\":\"BreadcrumbList\",\"@id\":\"https:\\\/\\\/gnistan.fi\\\/p2020-21\\\/#breadcrumb\",\"itemListElement\":[{\"@type\":\"ListItem\",\"position\":1,\"name\":\"Etusivu\",\"item\":\"https:\\\/\\\/gnistan.fi\\\/\"},{\"@type\":\"ListItem\",\"position\":2,\"name\":\"P2020\\\/21\"}]},{\"@type\":\"WebSite\",\"@id\":\"https:\\\/\\\/gnistan.fi\\\/#website\",\"url\":\"https:\\\/\\\/gnistan.fi\\\/\",\"name\":\"IF Gnistan\",\"description\":\"Viralliset sivut\",\"publisher\":{\"@id\":\"https:\\\/\\\/gnistan.fi\\\/#organization\"},\"potentialAction\":[{\"@type\":\"SearchAction\",\"target\":{\"@type\":\"EntryPoint\",\"urlTemplate\":\"https:\\\/\\\/gnistan.fi\\\/?s={search_term_string}\"},\"query-input\":{\"@type\":\"PropertyValueSpecification\",\"valueRequired\":true,\"valueName\":\"search_term_string\"}}],\"inLanguage\":\"en-US\"},{\"@type\":\"Organization\",\"@id\":\"https:\\\/\\\/gnistan.fi\\\/#organization\",\"name\":\"IF Gnistan\",\"url\":\"https:\\\/\\\/gnistan.fi\\\/\",\"logo\":{\"@type\":\"ImageObject\",\"inLanguage\":\"en-US\",\"@id\":\"https:\\\/\\\/gnistan.fi\\\/#\\\/schema\\\/logo\\\/image\\\/\",\"url\":\"https:\\\/\\\/gnistan.fi\\\/wp-content\\\/uploads\\\/2019\\\/10\\\/if-gnistan-vector-logo.svg\",\"contentUrl\":\"https:\\\/\\\/gnistan.fi\\\/wp-content\\\/uploads\\\/2019\\\/10\\\/if-gnistan-vector-logo.svg\",\"width\":269,\"height\":314,\"caption\":\"IF Gnistan\"},\"image\":{\"@id\":\"https:\\\/\\\/gnistan.fi\\\/#\\\/schema\\\/logo\\\/image\\\/\"},\"sameAs\":[\"https:\\\/\\\/facebook.com\\\/ifgnistan\",\"https:\\\/\\\/x.com\\\/ifgnistan1924\",\"https:\\\/\\\/instagram.com\\\/ifgnistan1924\",\"https:\\\/\\\/www.linkedin.com\\\/company\\\/ifgnistan\\\/\"]}]}<\/script>\n<!-- \/ Yoast SEO plugin. -->","yoast_head_json":{"title":"P2020\/21 - IF Gnistan","robots":{"index":"index","follow":"follow","max-snippet":"max-snippet:-1","max-image-preview":"max-image-preview:large","max-video-preview":"max-video-preview:-1"},"canonical":"https:\/\/gnistan.fi\/en\/p2020-21\/","og_locale":"en_US","og_type":"article","og_title":"P2020\/21 - IF Gnistan","og_description":"Vuonna 2020 ja 2021 syntyneiden poikien joukkue aloitti toimintansa marraskuussa 2025.\u00a0Sek\u00e4 jo jalkapalloa pelanneet, ett\u00e4 ihan uudet harrastajat ovat tervetulleita. Kaikille l\u00f6ytyy sopivat pienryhm\u00e4t harjoituksissa ja peleiss\u00e4. Joukkueen vastuuvalmentajana toimii seuravalmentaja Panu P\u00e4ttikangas.\u00a0Tervetuloa mukaan kokeilemaan!\u00a0 Joukkue harjoittelee kaksi kertaa viikossa. Mukaan tarvitset: oman juomapullon ja pallon (koko 3) sek\u00e4 liikunnalliset vaatteet. Toimintaan voi tulla tutustumaan [&hellip;]","og_url":"https:\/\/gnistan.fi\/en\/p2020-21\/","og_site_name":"IF Gnistan","article_publisher":"https:\/\/facebook.com\/ifgnistan","article_modified_time":"2026-03-06T17:20:32+00:00","og_image":[{"width":1654,"height":1751,"url":"https:\/\/gnistan.fi\/wp-content\/uploads\/2025\/09\/WhatsApp-Image-2024-11-29-at-18.21.56_eca5932c.jpg","type":"image\/jpeg"}],"twitter_card":"summary_large_image","twitter_site":"@ifgnistan1924","twitter_misc":{"Est. reading time":"2 minutes"},"schema":{"@context":"https:\/\/schema.org","@graph":[{"@type":"WebPage","@id":"https:\/\/gnistan.fi\/p2020-21\/","url":"https:\/\/gnistan.fi\/p2020-21\/","name":"P2020\/21 - IF Gnistan","isPartOf":{"@id":"https:\/\/gnistan.fi\/#website"},"primaryImageOfPage":{"@id":"https:\/\/gnistan.fi\/p2020-21\/#primaryimage"},"image":{"@id":"https:\/\/gnistan.fi\/p2020-21\/#primaryimage"},"thumbnailUrl":"https:\/\/gnistan.fi\/wp-content\/uploads\/2024\/11\/gnistan-default-featured-2024-c.webp","datePublished":"2025-09-12T12:28:46+00:00","dateModified":"2026-03-06T17:20:32+00:00","breadcrumb":{"@id":"https:\/\/gnistan.fi\/p2020-21\/#breadcrumb"},"inLanguage":"en-US","potentialAction":[{"@type":"ReadAction","target":["https:\/\/gnistan.fi\/p2020-21\/"]}]},{"@type":"ImageObject","inLanguage":"en-US","@id":"https:\/\/gnistan.fi\/p2020-21\/#primaryimage","url":"https:\/\/gnistan.fi\/wp-content\/uploads\/2024\/11\/gnistan-default-featured-2024-c.webp","contentUrl":"https:\/\/gnistan.fi\/wp-content\/uploads\/2024\/11\/gnistan-default-featured-2024-c.webp","width":1920,"height":1080},{"@type":"BreadcrumbList","@id":"https:\/\/gnistan.fi\/p2020-21\/#breadcrumb","itemListElement":[{"@type":"ListItem","position":1,"name":"Etusivu","item":"https:\/\/gnistan.fi\/"},{"@type":"ListItem","position":2,"name":"P2020\/21"}]},{"@type":"WebSite","@id":"https:\/\/gnistan.fi\/#website","url":"https:\/\/gnistan.fi\/","name":"IF Gnistan","description":"Viralliset sivut","publisher":{"@id":"https:\/\/gnistan.fi\/#organization"},"potentialAction":[{"@type":"SearchAction","target":{"@type":"EntryPoint","urlTemplate":"https:\/\/gnistan.fi\/?s={search_term_string}"},"query-input":{"@type":"PropertyValueSpecification","valueRequired":true,"valueName":"search_term_string"}}],"inLanguage":"en-US"},{"@type":"Organization","@id":"https:\/\/gnistan.fi\/#organization","name":"IF Gnistan","url":"https:\/\/gnistan.fi\/","logo":{"@type":"ImageObject","inLanguage":"en-US","@id":"https:\/\/gnistan.fi\/#\/schema\/logo\/image\/","url":"https:\/\/gnistan.fi\/wp-content\/uploads\/2019\/10\/if-gnistan-vector-logo.svg","contentUrl":"https:\/\/gnistan.fi\/wp-content\/uploads\/2019\/10\/if-gnistan-vector-logo.svg","width":269,"height":314,"caption":"IF Gnistan"},"image":{"@id":"https:\/\/gnistan.fi\/#\/schema\/logo\/image\/"},"sameAs":["https:\/\/facebook.com\/ifgnistan","https:\/\/x.com\/ifgnistan1924","https:\/\/instagram.com\/ifgnistan1924","https:\/\/www.linkedin.com\/company\/ifgnistan\/"]}]}},"jetpack_sharing_enabled":true,"_links":{"self":[{"href":"https:\/\/gnistan.fi\/en\/wp-json\/wp\/v2\/pages\/41713","targetHints":{"allow":["GET"]}}],"collection":[{"href":"https:\/\/gnistan.fi\/en\/wp-json\/wp\/v2\/pages"}],"about":[{"href":"https:\/\/gnistan.fi\/en\/wp-json\/wp\/v2\/types\/page"}],"author":[{"embeddable":true,"href":"https:\/\/gnistan.fi\/en\/wp-json\/wp\/v2\/users\/27"}],"replies":[{"embeddable":true,"href":"https:\/\/gnistan.fi\/en\/wp-json\/wp\/v2\/comments?post=41713"}],"version-history":[{"count":10,"href":"https:\/\/gnistan.fi\/en\/wp-json\/wp\/v2\/pages\/41713\/revisions"}],"predecessor-version":[{"id":44396,"href":"https:\/\/gnistan.fi\/en\/wp-json\/wp\/v2\/pages\/41713\/revisions\/44396"}],"wp:featuredmedia":[{"embeddable":true,"href":"https:\/\/gnistan.fi\/en\/wp-json\/wp\/v2\/media\/36703"}],"wp:attachment":[{"href":"https:\/\/gnistan.fi\/en\/wp-json\/wp\/v2\/media?parent=41713"}],"curies":[{"name":"wp","href":"https:\/\/api.w.org\/{rel}","templated":true}]}}