{"id":39427,"date":"2025-04-14T11:49:25","date_gmt":"2025-04-14T08:49:25","guid":{"rendered":"https:\/\/gnistan.fi\/?page_id=39427"},"modified":"2026-02-05T12:25:39","modified_gmt":"2026-02-05T10:25:39","slug":"valmentajakoulutus","status":"publish","type":"page","link":"https:\/\/gnistan.fi\/en\/valmentajakoulutus\/","title":{"rendered":"Valmentajakoulutus"},"content":{"rendered":"<p>Valmentajien osaamisen kehitt\u00e4minen on iso osa nykyist\u00e4 Palloliiton Strategiaa. Asia n\u00e4hd\u00e4\u00e4n isona tekij\u00e4n\u00e4 pelaajakehityksen ja pelaajien laadukkaan arjen mahdollistamisen n\u00e4k\u00f6kulmasta. Palloliiton tavoitteena on, ett\u00e4 \u201dJokaisella pelaajalla on koulutettu valmentaja\u201d.&nbsp; Valmennuskoulutuksen sis\u00e4ll\u00f6t, rakenne ja organisointi on uudistettu, mik\u00e4 on yksi Palloliiton historian suurimmista muutoksista.&nbsp;<\/p>\n\n\n\n<p>IF Gnistanin rooli yht\u00e4l\u00f6ss\u00e4 on keskeinen, sill\u00e4 seura vastaa koulutusyhteis\u00f6n sis\u00e4ll\u00e4 Palloliiton lisenssi- sek\u00e4 teemakoulutusten organisoinnista ja toteuttamisesta alueellisesti. Koulutusyhteis\u00f6ss\u00e4 on vuonna 2025 mukana IF Gnistanin lis\u00e4ksi seitsem\u00e4n seuraa<\/p>\n\n\n\n<p>Gnistanin valmennusosaamisen kehitt\u00e4j\u00e4n\u00e4 on tammikuussa 2025 aloittanut Sami Okkonen. H\u00e4nen vastuullaan on johtaa valmentajien kehitt\u00e4misprosessia seurayhteis\u00f6ss\u00e4. Koulutusten osalta Okkosella on kokonaisvastuu valmentajien kouluttamisesta Futisvalmentajan Starttikoulutuksesta aina UEFA C -koulutustasolle asti. Lis\u00e4ksi vastuulla on teema- sek\u00e4 sis\u00e4isten koulutusten j\u00e4rjest\u00e4minen. Edustusjoukkueen maalivahtivalmentaja Marko Frantsi vastaa k\u00e4yt\u00e4nn\u00f6ss\u00e4 MV D sek\u00e4 MV C-koulutusten k\u00e4yt\u00e4nn\u00f6n johtamisesta.&nbsp;<\/p>\n\n\n\n<p>Gnistanin j\u00e4rjest\u00e4m\u00e4t koulutukset l\u00f6yd\u00e4t seuraavan linkin takaa SPL:n E-akatemiasta:<\/p>\n\n\n\n<p><strong>FVS 1: 3.2.-8.2.2026<\/strong><\/p>\n\n\n\n<p><a href=\"https:\/\/palloliitto.hub.howspace.com\/fi\/trainings\/futisvalmentajan-startti-m2masy\">https:\/\/palloliitto.hub.howspace.com\/fi\/trainings\/futisvalmentajan-startti-m2masy<\/a><\/p>\n\n\n\n<p><strong>FVS 2: 3.3.-12.3.2026<\/strong><\/p>\n\n\n\n<p><a href=\"https:\/\/palloliitto.hub.howspace.com\/fi\/trainings\/futisvalmentajan-startti-epp4xi\">https:\/\/palloliitto.hub.howspace.com\/fi\/trainings\/futisvalmentajan-startti-epp4xi<\/a><\/p>\n\n\n\n<p><strong>FVS 3: 11.5.-21.5.2026<\/strong><\/p>\n\n\n\n<p><a href=\"https:\/\/palloliitto.hub.howspace.com\/fi\/trainings\/futisvalmentajan-startti-jprnzi\">https:\/\/palloliitto.hub.howspace.com\/fi\/trainings\/futisvalmentajan-startti-jprnzi<\/a><\/p>\n\n\n\n<p><strong>IVK 1: 10.2.-28.2.2026<\/strong><\/p>\n\n\n\n<p><a href=\"https:\/\/palloliitto.hub.howspace.com\/fi\/trainings\/ikavaihekoulutus-xp3n6m\">https:\/\/palloliitto.hub.howspace.com\/fi\/trainings\/ikavaihekoulutus-xp3n6m<\/a><\/p>\n\n\n\n<p><strong>IVK 2: 28.3.-25.4.2026<\/strong><\/p>\n\n\n\n<p><a href=\"https:\/\/palloliitto.hub.howspace.com\/fi\/trainings\/ikavaihekoulutus-ipmuhi\">https:\/\/palloliitto.hub.howspace.com\/fi\/trainings\/ikavaihekoulutus-ipmuhi<\/a><\/p>\n\n\n\n<p><strong>UEFA C: 7.3.-23.5.2026<\/strong><\/p>\n\n\n\n<p><a href=\"https:\/\/palloliitto.hub.howspace.com\/fi\/trainings\/uefa-c-if-gnistan-seurayhteiso-iyyk9z\">https:\/\/palloliitto.hub.howspace.com\/fi\/trainings\/uefa-c-if-gnistan-seurayhteiso-iyyk9z<\/a><\/p>\n\n\n\n<p>Sami Okkonen<br>Coach Development Manager<br>IF Gnistan<br><a href=\"mailto:sami.okkonen@gnistan.fi\">sami.okkonen@gnistan.fi<\/a><\/p>\n\n\n\n<p><strong>Mukana olevat yhteisty\u00f6seurat:<\/strong><\/p>\n\n\n\n<ul class=\"wp-block-list\">\n<li>FC Viikingit <\/li>\n\n\n\n<li>HerTo<\/li>\n\n\n\n<li>Malmin Palloseura<\/li>\n\n\n\n<li>Pit\u00e4j\u00e4m\u00e4en Tarmo<\/li>\n\n\n\n<li>PK-35<\/li>\n\n\n\n<li>Puistolan Urheilija<\/li>\n\n\n\n<li>Puotinkyl\u00e4n Valtti<\/li>\n<\/ul>\n\n\n\n<figure class=\"wp-block-image size-large\"><img fetchpriority=\"high\" decoding=\"async\" width=\"1024\" height=\"219\" src=\"https:\/\/gnistan.fi\/wp-content\/uploads\/2025\/04\/Nimeton-2-1024x219.jpg\" alt=\"\" class=\"wp-image-39519\" srcset=\"https:\/\/gnistan.fi\/wp-content\/uploads\/2025\/04\/Nimeton-2-1024x219.jpg 1024w, https:\/\/gnistan.fi\/wp-content\/uploads\/2025\/04\/Nimeton-2-300x64.jpg 300w, https:\/\/gnistan.fi\/wp-content\/uploads\/2025\/04\/Nimeton-2-768x164.jpg 768w, https:\/\/gnistan.fi\/wp-content\/uploads\/2025\/04\/Nimeton-2-18x4.jpg 18w, https:\/\/gnistan.fi\/wp-content\/uploads\/2025\/04\/Nimeton-2.jpg 1080w\" sizes=\"(max-width: 1024px) 100vw, 1024px\" \/><\/figure>\n\n\n\n<p><strong>Ohjeet koulutuksiin ilmoittautumiseen<\/strong>:<\/p>\n\n\n\n<ol start=\"1\" class=\"wp-block-list\">\n<li>Pysty\u00e4ksesi ilmoittautumaan koulutuksiin tarvitset PalloID:n valmentajaroolilla.<\/li>\n<\/ol>\n\n\n\n<p>Ohje: &nbsp;<a href=\"https:\/\/tuki.palloliitto.fi\/fi\/support\/solutions\/articles\/103000036858-valmentaja-roolin-lis%C3%A4%C3%A4minen-ei-palloid-numeroa-\" target=\"_blank\" rel=\"noreferrer noopener\">T\u00e4ysin uusi henkil\u00f6 (ei PalloID:t\u00e4)<\/a><\/p>\n\n\n\n<p>Ohje:&nbsp;<a href=\"https:\/\/tuki.palloliitto.fi\/fi\/support\/solutions\/articles\/103000036822-valmentaja-roolin-lis%C3%A4%C3%A4minen-on-palloid-numero-\" target=\"_blank\" rel=\"noreferrer noopener\">Valmentajaroolin lis\u00e4\u00e4minen (on PalloID)<\/a><\/p>\n\n\n\n<p><a href=\"https:\/\/tuki.palloliitto.fi\/fi\/support\/solutions\/folders\/103000206631\" target=\"_blank\" rel=\"noreferrer noopener\">Linkki Palloliiton tukipalveluun<\/a><\/p>\n\n\n\n<ol start=\"1\" class=\"wp-block-list\">\n<li>L\u00f6yd\u00e4t avoimet koulutukset SPL:n E-akatemiasta hakusanalla \u201dGnistan\u201d&nbsp;<a href=\"https:\/\/palloliitto.hub.howspace.com\/fi?search=gnistan\" target=\"_blank\" rel=\"noreferrer noopener\">t\u00e4st\u00e4 linkist\u00e4.<\/a><\/li>\n\n\n\n<li>Valitse haluamasi kurssi ja ilmoittaudu s\u00e4hk\u00f6postiosoitteellasi. Sinun tulee k\u00e4ytt\u00e4\u00e4 Pelipaikassa k\u00e4ytt\u00e4m\u00e4\u00e4si s\u00e4hk\u00f6postiosoitetta (huom! Nuorilla henkil\u00f6ill\u00e4 t\u00e4m\u00e4 saattaa olla toisen vanhemman e-mail -osoite)<\/li>\n\n\n\n<li>Klikkaa valitsemasi kurssin 1. l\u00e4hijaksoa ja ilmoittudu kurssille. Jokaiselle jaksolle tulee ilmoittautua erikseen.<\/li>\n\n\n\n<li>Tule paikalle koulutukseen.&nbsp;<\/li>\n<\/ol>\n\n\n\n<p><\/p>\n\n\n\n<div class=\"wp-block-group is-nowrap is-layout-flex wp-container-core-group-is-layout-6c531013 wp-block-group-is-layout-flex\">\n<figure class=\"wp-block-image size-full is-resized\"><img decoding=\"async\" width=\"1754\" height=\"1318\" src=\"https:\/\/gnistan.fi\/wp-content\/uploads\/2025\/12\/Nayttokuva-2025-12-17-kello-15.46.15.png\" alt=\"\" class=\"wp-image-43301\" style=\"width:587px;height:auto\" srcset=\"https:\/\/gnistan.fi\/wp-content\/uploads\/2025\/12\/Nayttokuva-2025-12-17-kello-15.46.15.png 1754w, https:\/\/gnistan.fi\/wp-content\/uploads\/2025\/12\/Nayttokuva-2025-12-17-kello-15.46.15-300x225.png 300w, https:\/\/gnistan.fi\/wp-content\/uploads\/2025\/12\/Nayttokuva-2025-12-17-kello-15.46.15-1024x769.png 1024w, https:\/\/gnistan.fi\/wp-content\/uploads\/2025\/12\/Nayttokuva-2025-12-17-kello-15.46.15-768x577.png 768w, https:\/\/gnistan.fi\/wp-content\/uploads\/2025\/12\/Nayttokuva-2025-12-17-kello-15.46.15-1536x1154.png 1536w, https:\/\/gnistan.fi\/wp-content\/uploads\/2025\/12\/Nayttokuva-2025-12-17-kello-15.46.15-16x12.png 16w\" sizes=\"(max-width: 1754px) 100vw, 1754px\" \/><\/figure>\n\n\n\n<figure class=\"wp-block-image size-full is-resized\"><img decoding=\"async\" width=\"576\" height=\"810\" src=\"https:\/\/gnistan.fi\/wp-content\/uploads\/2025\/12\/image-1.png\" alt=\"\" class=\"wp-image-43300\" style=\"width:311px;height:auto\" srcset=\"https:\/\/gnistan.fi\/wp-content\/uploads\/2025\/12\/image-1.png 576w, https:\/\/gnistan.fi\/wp-content\/uploads\/2025\/12\/image-1-213x300.png 213w, https:\/\/gnistan.fi\/wp-content\/uploads\/2025\/12\/image-1-9x12.png 9w\" sizes=\"(max-width: 576px) 100vw, 576px\" \/><\/figure>\n<\/div>","protected":false},"excerpt":{"rendered":"<p>Valmentajien osaamisen kehitt\u00e4minen on iso osa nykyist\u00e4 Palloliiton Strategiaa. Asia n\u00e4hd\u00e4\u00e4n isona tekij\u00e4n\u00e4 pelaajakehityksen ja pelaajien laadukkaan arjen mahdollistamisen n\u00e4k\u00f6kulmasta. Palloliiton tavoitteena on, ett\u00e4 \u201dJokaisella pelaajalla on koulutettu valmentaja\u201d.&nbsp; Valmennuskoulutuksen sis\u00e4ll\u00f6t, rakenne ja organisointi on uudistettu, mik\u00e4 on yksi Palloliiton historian suurimmista muutoksista.&nbsp; IF Gnistanin rooli yht\u00e4l\u00f6ss\u00e4 on keskeinen, sill\u00e4 seura vastaa koulutusyhteis\u00f6n sis\u00e4ll\u00e4 Palloliiton [&hellip;]<\/p>\n","protected":false},"author":27,"featured_media":36703,"parent":0,"menu_order":0,"comment_status":"closed","ping_status":"closed","template":"","meta":{"_acf_changed":false,"footnotes":""},"class_list":["post-39427","page","type-page","status-publish","has-post-thumbnail","hentry"],"acf":[],"yoast_head":"<!-- This site is optimized with the Yoast SEO plugin v27.3 - https:\/\/yoast.com\/product\/yoast-seo-wordpress\/ -->\n<title>Valmentajakoulutus - IF Gnistan<\/title>\n<meta name=\"robots\" content=\"index, follow, max-snippet:-1, max-image-preview:large, max-video-preview:-1\" \/>\n<link rel=\"canonical\" href=\"https:\/\/gnistan.fi\/en\/valmentajakoulutus\/\" \/>\n<meta property=\"og:locale\" content=\"en_US\" \/>\n<meta property=\"og:type\" content=\"article\" \/>\n<meta property=\"og:title\" content=\"Valmentajakoulutus - IF Gnistan\" \/>\n<meta property=\"og:description\" content=\"Valmentajien osaamisen kehitt\u00e4minen on iso osa nykyist\u00e4 Palloliiton Strategiaa. Asia n\u00e4hd\u00e4\u00e4n isona tekij\u00e4n\u00e4 pelaajakehityksen ja pelaajien laadukkaan arjen mahdollistamisen n\u00e4k\u00f6kulmasta. Palloliiton tavoitteena on, ett\u00e4 \u201dJokaisella pelaajalla on koulutettu valmentaja\u201d.&nbsp; Valmennuskoulutuksen sis\u00e4ll\u00f6t, rakenne ja organisointi on uudistettu, mik\u00e4 on yksi Palloliiton historian suurimmista muutoksista.&nbsp; IF Gnistanin rooli yht\u00e4l\u00f6ss\u00e4 on keskeinen, sill\u00e4 seura vastaa koulutusyhteis\u00f6n sis\u00e4ll\u00e4 Palloliiton [&hellip;]\" \/>\n<meta property=\"og:url\" content=\"https:\/\/gnistan.fi\/en\/valmentajakoulutus\/\" \/>\n<meta property=\"og:site_name\" content=\"IF Gnistan\" \/>\n<meta property=\"article:publisher\" content=\"https:\/\/facebook.com\/ifgnistan\" \/>\n<meta property=\"article:modified_time\" content=\"2026-02-05T10:25:39+00:00\" \/>\n<meta property=\"og:image\" content=\"https:\/\/gnistan.fi\/wp-content\/uploads\/2025\/04\/Nimeton-2.jpg\" \/>\n\t<meta property=\"og:image:width\" content=\"1080\" \/>\n\t<meta property=\"og:image:height\" content=\"231\" \/>\n\t<meta property=\"og:image:type\" content=\"image\/jpeg\" \/>\n<meta name=\"twitter:card\" content=\"summary_large_image\" \/>\n<meta name=\"twitter:site\" content=\"@ifgnistan1924\" \/>\n<meta name=\"twitter:label1\" content=\"Est. reading time\" \/>\n\t<meta name=\"twitter:data1\" content=\"3 minutes\" \/>\n<script type=\"application\/ld+json\" class=\"yoast-schema-graph\">{\"@context\":\"https:\\\/\\\/schema.org\",\"@graph\":[{\"@type\":\"WebPage\",\"@id\":\"https:\\\/\\\/gnistan.fi\\\/valmentajakoulutus\\\/\",\"url\":\"https:\\\/\\\/gnistan.fi\\\/valmentajakoulutus\\\/\",\"name\":\"Valmentajakoulutus - IF Gnistan\",\"isPartOf\":{\"@id\":\"https:\\\/\\\/gnistan.fi\\\/#website\"},\"primaryImageOfPage\":{\"@id\":\"https:\\\/\\\/gnistan.fi\\\/valmentajakoulutus\\\/#primaryimage\"},\"image\":{\"@id\":\"https:\\\/\\\/gnistan.fi\\\/valmentajakoulutus\\\/#primaryimage\"},\"thumbnailUrl\":\"https:\\\/\\\/gnistan.fi\\\/wp-content\\\/uploads\\\/2024\\\/11\\\/gnistan-default-featured-2024-c.webp\",\"datePublished\":\"2025-04-14T08:49:25+00:00\",\"dateModified\":\"2026-02-05T10:25:39+00:00\",\"breadcrumb\":{\"@id\":\"https:\\\/\\\/gnistan.fi\\\/valmentajakoulutus\\\/#breadcrumb\"},\"inLanguage\":\"en-US\",\"potentialAction\":[{\"@type\":\"ReadAction\",\"target\":[\"https:\\\/\\\/gnistan.fi\\\/valmentajakoulutus\\\/\"]}]},{\"@type\":\"ImageObject\",\"inLanguage\":\"en-US\",\"@id\":\"https:\\\/\\\/gnistan.fi\\\/valmentajakoulutus\\\/#primaryimage\",\"url\":\"https:\\\/\\\/gnistan.fi\\\/wp-content\\\/uploads\\\/2024\\\/11\\\/gnistan-default-featured-2024-c.webp\",\"contentUrl\":\"https:\\\/\\\/gnistan.fi\\\/wp-content\\\/uploads\\\/2024\\\/11\\\/gnistan-default-featured-2024-c.webp\",\"width\":1920,\"height\":1080},{\"@type\":\"BreadcrumbList\",\"@id\":\"https:\\\/\\\/gnistan.fi\\\/valmentajakoulutus\\\/#breadcrumb\",\"itemListElement\":[{\"@type\":\"ListItem\",\"position\":1,\"name\":\"Etusivu\",\"item\":\"https:\\\/\\\/gnistan.fi\\\/\"},{\"@type\":\"ListItem\",\"position\":2,\"name\":\"Valmentajakoulutus\"}]},{\"@type\":\"WebSite\",\"@id\":\"https:\\\/\\\/gnistan.fi\\\/#website\",\"url\":\"https:\\\/\\\/gnistan.fi\\\/\",\"name\":\"IF Gnistan\",\"description\":\"Viralliset sivut\",\"publisher\":{\"@id\":\"https:\\\/\\\/gnistan.fi\\\/#organization\"},\"potentialAction\":[{\"@type\":\"SearchAction\",\"target\":{\"@type\":\"EntryPoint\",\"urlTemplate\":\"https:\\\/\\\/gnistan.fi\\\/?s={search_term_string}\"},\"query-input\":{\"@type\":\"PropertyValueSpecification\",\"valueRequired\":true,\"valueName\":\"search_term_string\"}}],\"inLanguage\":\"en-US\"},{\"@type\":\"Organization\",\"@id\":\"https:\\\/\\\/gnistan.fi\\\/#organization\",\"name\":\"IF Gnistan\",\"url\":\"https:\\\/\\\/gnistan.fi\\\/\",\"logo\":{\"@type\":\"ImageObject\",\"inLanguage\":\"en-US\",\"@id\":\"https:\\\/\\\/gnistan.fi\\\/#\\\/schema\\\/logo\\\/image\\\/\",\"url\":\"https:\\\/\\\/gnistan.fi\\\/wp-content\\\/uploads\\\/2019\\\/10\\\/if-gnistan-vector-logo.svg\",\"contentUrl\":\"https:\\\/\\\/gnistan.fi\\\/wp-content\\\/uploads\\\/2019\\\/10\\\/if-gnistan-vector-logo.svg\",\"width\":269,\"height\":314,\"caption\":\"IF Gnistan\"},\"image\":{\"@id\":\"https:\\\/\\\/gnistan.fi\\\/#\\\/schema\\\/logo\\\/image\\\/\"},\"sameAs\":[\"https:\\\/\\\/facebook.com\\\/ifgnistan\",\"https:\\\/\\\/x.com\\\/ifgnistan1924\",\"https:\\\/\\\/instagram.com\\\/ifgnistan1924\",\"https:\\\/\\\/www.linkedin.com\\\/company\\\/ifgnistan\\\/\"]}]}<\/script>\n<!-- \/ Yoast SEO plugin. -->","yoast_head_json":{"title":"Valmentajakoulutus - IF Gnistan","robots":{"index":"index","follow":"follow","max-snippet":"max-snippet:-1","max-image-preview":"max-image-preview:large","max-video-preview":"max-video-preview:-1"},"canonical":"https:\/\/gnistan.fi\/en\/valmentajakoulutus\/","og_locale":"en_US","og_type":"article","og_title":"Valmentajakoulutus - IF Gnistan","og_description":"Valmentajien osaamisen kehitt\u00e4minen on iso osa nykyist\u00e4 Palloliiton Strategiaa. Asia n\u00e4hd\u00e4\u00e4n isona tekij\u00e4n\u00e4 pelaajakehityksen ja pelaajien laadukkaan arjen mahdollistamisen n\u00e4k\u00f6kulmasta. Palloliiton tavoitteena on, ett\u00e4 \u201dJokaisella pelaajalla on koulutettu valmentaja\u201d.&nbsp; Valmennuskoulutuksen sis\u00e4ll\u00f6t, rakenne ja organisointi on uudistettu, mik\u00e4 on yksi Palloliiton historian suurimmista muutoksista.&nbsp; IF Gnistanin rooli yht\u00e4l\u00f6ss\u00e4 on keskeinen, sill\u00e4 seura vastaa koulutusyhteis\u00f6n sis\u00e4ll\u00e4 Palloliiton [&hellip;]","og_url":"https:\/\/gnistan.fi\/en\/valmentajakoulutus\/","og_site_name":"IF Gnistan","article_publisher":"https:\/\/facebook.com\/ifgnistan","article_modified_time":"2026-02-05T10:25:39+00:00","og_image":[{"width":1080,"height":231,"url":"https:\/\/gnistan.fi\/wp-content\/uploads\/2025\/04\/Nimeton-2.jpg","type":"image\/jpeg"}],"twitter_card":"summary_large_image","twitter_site":"@ifgnistan1924","twitter_misc":{"Est. reading time":"3 minutes"},"schema":{"@context":"https:\/\/schema.org","@graph":[{"@type":"WebPage","@id":"https:\/\/gnistan.fi\/valmentajakoulutus\/","url":"https:\/\/gnistan.fi\/valmentajakoulutus\/","name":"Valmentajakoulutus - IF Gnistan","isPartOf":{"@id":"https:\/\/gnistan.fi\/#website"},"primaryImageOfPage":{"@id":"https:\/\/gnistan.fi\/valmentajakoulutus\/#primaryimage"},"image":{"@id":"https:\/\/gnistan.fi\/valmentajakoulutus\/#primaryimage"},"thumbnailUrl":"https:\/\/gnistan.fi\/wp-content\/uploads\/2024\/11\/gnistan-default-featured-2024-c.webp","datePublished":"2025-04-14T08:49:25+00:00","dateModified":"2026-02-05T10:25:39+00:00","breadcrumb":{"@id":"https:\/\/gnistan.fi\/valmentajakoulutus\/#breadcrumb"},"inLanguage":"en-US","potentialAction":[{"@type":"ReadAction","target":["https:\/\/gnistan.fi\/valmentajakoulutus\/"]}]},{"@type":"ImageObject","inLanguage":"en-US","@id":"https:\/\/gnistan.fi\/valmentajakoulutus\/#primaryimage","url":"https:\/\/gnistan.fi\/wp-content\/uploads\/2024\/11\/gnistan-default-featured-2024-c.webp","contentUrl":"https:\/\/gnistan.fi\/wp-content\/uploads\/2024\/11\/gnistan-default-featured-2024-c.webp","width":1920,"height":1080},{"@type":"BreadcrumbList","@id":"https:\/\/gnistan.fi\/valmentajakoulutus\/#breadcrumb","itemListElement":[{"@type":"ListItem","position":1,"name":"Etusivu","item":"https:\/\/gnistan.fi\/"},{"@type":"ListItem","position":2,"name":"Valmentajakoulutus"}]},{"@type":"WebSite","@id":"https:\/\/gnistan.fi\/#website","url":"https:\/\/gnistan.fi\/","name":"IF Gnistan","description":"Viralliset sivut","publisher":{"@id":"https:\/\/gnistan.fi\/#organization"},"potentialAction":[{"@type":"SearchAction","target":{"@type":"EntryPoint","urlTemplate":"https:\/\/gnistan.fi\/?s={search_term_string}"},"query-input":{"@type":"PropertyValueSpecification","valueRequired":true,"valueName":"search_term_string"}}],"inLanguage":"en-US"},{"@type":"Organization","@id":"https:\/\/gnistan.fi\/#organization","name":"IF Gnistan","url":"https:\/\/gnistan.fi\/","logo":{"@type":"ImageObject","inLanguage":"en-US","@id":"https:\/\/gnistan.fi\/#\/schema\/logo\/image\/","url":"https:\/\/gnistan.fi\/wp-content\/uploads\/2019\/10\/if-gnistan-vector-logo.svg","contentUrl":"https:\/\/gnistan.fi\/wp-content\/uploads\/2019\/10\/if-gnistan-vector-logo.svg","width":269,"height":314,"caption":"IF Gnistan"},"image":{"@id":"https:\/\/gnistan.fi\/#\/schema\/logo\/image\/"},"sameAs":["https:\/\/facebook.com\/ifgnistan","https:\/\/x.com\/ifgnistan1924","https:\/\/instagram.com\/ifgnistan1924","https:\/\/www.linkedin.com\/company\/ifgnistan\/"]}]}},"jetpack_sharing_enabled":true,"_links":{"self":[{"href":"https:\/\/gnistan.fi\/en\/wp-json\/wp\/v2\/pages\/39427","targetHints":{"allow":["GET"]}}],"collection":[{"href":"https:\/\/gnistan.fi\/en\/wp-json\/wp\/v2\/pages"}],"about":[{"href":"https:\/\/gnistan.fi\/en\/wp-json\/wp\/v2\/types\/page"}],"author":[{"embeddable":true,"href":"https:\/\/gnistan.fi\/en\/wp-json\/wp\/v2\/users\/27"}],"replies":[{"embeddable":true,"href":"https:\/\/gnistan.fi\/en\/wp-json\/wp\/v2\/comments?post=39427"}],"version-history":[{"count":10,"href":"https:\/\/gnistan.fi\/en\/wp-json\/wp\/v2\/pages\/39427\/revisions"}],"predecessor-version":[{"id":44000,"href":"https:\/\/gnistan.fi\/en\/wp-json\/wp\/v2\/pages\/39427\/revisions\/44000"}],"wp:featuredmedia":[{"embeddable":true,"href":"https:\/\/gnistan.fi\/en\/wp-json\/wp\/v2\/media\/36703"}],"wp:attachment":[{"href":"https:\/\/gnistan.fi\/en\/wp-json\/wp\/v2\/media?parent=39427"}],"curies":[{"name":"wp","href":"https:\/\/api.w.org\/{rel}","templated":true}]}}