{"id":39064,"date":"2025-03-26T17:49:33","date_gmt":"2025-03-26T15:49:33","guid":{"rendered":"https:\/\/gnistan.fi\/?page_id=39064"},"modified":"2025-12-12T13:30:23","modified_gmt":"2025-12-12T11:30:23","slug":"p2019","status":"publish","type":"page","link":"https:\/\/gnistan.fi\/en\/p2019\/","title":{"rendered":"P2019\u00a0"},"content":{"rendered":"<figure class=\"wp-block-image size-large\"><img fetchpriority=\"high\" decoding=\"async\" width=\"1024\" height=\"683\" src=\"https:\/\/gnistan.fi\/wp-content\/uploads\/2025\/03\/IMG_4724-1024x683.jpg\" alt=\"\" class=\"wp-image-39068\" srcset=\"https:\/\/gnistan.fi\/wp-content\/uploads\/2025\/03\/IMG_4724-1024x683.jpg 1024w, https:\/\/gnistan.fi\/wp-content\/uploads\/2025\/03\/IMG_4724-300x200.jpg 300w, https:\/\/gnistan.fi\/wp-content\/uploads\/2025\/03\/IMG_4724-768x512.jpg 768w, https:\/\/gnistan.fi\/wp-content\/uploads\/2025\/03\/IMG_4724-1536x1024.jpg 1536w, https:\/\/gnistan.fi\/wp-content\/uploads\/2025\/03\/IMG_4724-2048x1365.jpg 2048w, https:\/\/gnistan.fi\/wp-content\/uploads\/2025\/03\/IMG_4724-18x12.jpg 18w\" sizes=\"(max-width: 1024px) 100vw, 1024px\" \/><\/figure>\n\n\n\n<p class=\"has-text-align-left\"><\/p>\n\n\n\n<p>TULE MUKAAN PELAAMAAN MEID\u00c4N JOUKKUEESEEN!\u00a0<\/p>\n\n\n\n<p>IF Gnistanin\u202fjoukkue 2019 on perustettu toukokuussa 2025. Sek\u00e4 jo jalkapalloa pelanneet, ett\u00e4 ihan uudet harrastajat ovat tervetulleita. Kaikille l\u00f6ytyy sopivat pienryhm\u00e4t harjoituksissa ja peleiss\u00e4. Tervetuloa mukaan kokeilemaan!<\/p>\n\n\n\n<p>Joukkue harjoittelee kaksi kertaa viikossa. Mukaan tarvitset: oman juomapullon ja pallon (koko 3) sek\u00e4 liikunnalliset vaatteet. Toimintaan voi tulla tutustumaan muutaman viikon ajan veloituksetta.\u202f<strong>Olethan yhteydess\u00e4 joukkueen vastuuvalmentajaan tai joukkueenjohtajiin ennen harjoituksiin osallistumista<\/strong>. Toukokuusta eteenp\u00e4in joukkue harjoittelee Pikkupekka Areenalla tiistaisin klo 17-18 ja torstaisin klo 18-19.\u00a0Marraskuussa harjoitusajat muuttuvat talvikaudeksi (marras-huhtikuu). Talvella harjoittelemme kerran viikossa l\u00e4hikoulun salissa sek\u00e4 kerran viikossa ulkona.<\/p>\n\n\n\n<p>Joukkueen toimintamaksu kaudella 2025 on 50\u20ac\/kk. Toimintamaksu kattaa kentt\u00e4maksun ja valmennusmaksun.&nbsp;<\/p>\n\n\n\n<p>Kun p\u00e4\u00e4t\u00e4tte virallisesti ilmoittautua mukaan joukkueemme toimintaan ja liitty\u00e4 seuraamme voitte tehd\u00e4 sen t\u00e4\u00e4lt\u00e4:\u202f<a href=\"https:\/\/gnistan.fi\/en\/become-a-member\/\" target=\"_blank\" rel=\"noreferrer noopener\">J\u00e4seneksi \u2013 IF Gnistan<\/a> Ilmoittautumisenne j\u00e4lkeen teid\u00e4t liitet\u00e4\u00e4n seuramme j\u00e4senpalveluun MyClubiin, mist\u00e4 n\u00e4ette joukkueen tapahtumakalenterin ja p\u00e4\u00e4sette osallistumaan joukkueen tapahtumiin. Kehotamme teit\u00e4 lukemaan joukkueen t\u00e4rke\u00e4t ohjeistukset MyClubin tiedotteista liitytty\u00e4nne joukkueeseen. <\/p>\n\n\n\n<p>Vastuuvalmentaja: Panu P\u00e4ttikangas <a href=\"mailto:panu.pattikangas@gnistan.fi\" target=\"_blank\" rel=\"noreferrer noopener\">panu.pattikangas@gnistan.fi<\/a>&nbsp;<\/p>\n\n\n\n<p>Joukkueenjohtajat Tiina Valkonen ja Kale Lipponen:\u00a0\u00a0<a href=\"mailto:gnistanp19@gmail.com\">gnistanp19@gmail.com<\/a><\/p>\n\n\n\n<p><\/p>","protected":false},"excerpt":{"rendered":"<p>TULE MUKAAN PELAAMAAN MEID\u00c4N JOUKKUEESEEN!\u00a0 IF Gnistanin\u202fjoukkue 2019 on perustettu toukokuussa 2025. Sek\u00e4 jo jalkapalloa pelanneet, ett\u00e4 ihan uudet harrastajat ovat tervetulleita. Kaikille l\u00f6ytyy sopivat pienryhm\u00e4t harjoituksissa ja peleiss\u00e4. Tervetuloa mukaan kokeilemaan! Joukkue harjoittelee kaksi kertaa viikossa. Mukaan tarvitset: oman juomapullon ja pallon (koko 3) sek\u00e4 liikunnalliset vaatteet. Toimintaan voi tulla tutustumaan muutaman viikon ajan [&hellip;]<\/p>\n","protected":false},"author":27,"featured_media":36703,"parent":0,"menu_order":0,"comment_status":"closed","ping_status":"closed","template":"","meta":{"_acf_changed":false,"footnotes":""},"class_list":["post-39064","page","type-page","status-publish","has-post-thumbnail","hentry"],"acf":[],"yoast_head":"<!-- This site is optimized with the Yoast SEO plugin v27.3 - https:\/\/yoast.com\/product\/yoast-seo-wordpress\/ -->\n<title>P2019\u00a0 - IF Gnistan<\/title>\n<meta name=\"robots\" content=\"index, follow, max-snippet:-1, max-image-preview:large, max-video-preview:-1\" \/>\n<link rel=\"canonical\" href=\"https:\/\/gnistan.fi\/en\/p2019\/\" \/>\n<meta property=\"og:locale\" content=\"en_US\" \/>\n<meta property=\"og:type\" content=\"article\" \/>\n<meta property=\"og:title\" content=\"P2019\u00a0 - IF Gnistan\" \/>\n<meta property=\"og:description\" content=\"TULE MUKAAN PELAAMAAN MEID\u00c4N JOUKKUEESEEN!\u00a0 IF Gnistanin\u202fjoukkue 2019 on perustettu toukokuussa 2025. Sek\u00e4 jo jalkapalloa pelanneet, ett\u00e4 ihan uudet harrastajat ovat tervetulleita. Kaikille l\u00f6ytyy sopivat pienryhm\u00e4t harjoituksissa ja peleiss\u00e4. Tervetuloa mukaan kokeilemaan! Joukkue harjoittelee kaksi kertaa viikossa. Mukaan tarvitset: oman juomapullon ja pallon (koko 3) sek\u00e4 liikunnalliset vaatteet. Toimintaan voi tulla tutustumaan muutaman viikon ajan [&hellip;]\" \/>\n<meta property=\"og:url\" content=\"https:\/\/gnistan.fi\/en\/p2019\/\" \/>\n<meta property=\"og:site_name\" content=\"IF Gnistan\" \/>\n<meta property=\"article:publisher\" content=\"https:\/\/facebook.com\/ifgnistan\" \/>\n<meta property=\"article:modified_time\" content=\"2025-12-12T11:30:23+00:00\" \/>\n<meta property=\"og:image\" content=\"https:\/\/gnistan.fi\/wp-content\/uploads\/2025\/03\/IMG_4724-scaled.jpg\" \/>\n\t<meta property=\"og:image:width\" content=\"2560\" \/>\n\t<meta property=\"og:image:height\" content=\"1707\" \/>\n\t<meta property=\"og:image:type\" content=\"image\/jpeg\" \/>\n<meta name=\"twitter:card\" content=\"summary_large_image\" \/>\n<meta name=\"twitter:site\" content=\"@ifgnistan1924\" \/>\n<meta name=\"twitter:label1\" content=\"Est. reading time\" \/>\n\t<meta name=\"twitter:data1\" content=\"2 minutes\" \/>\n<script type=\"application\/ld+json\" class=\"yoast-schema-graph\">{\"@context\":\"https:\\\/\\\/schema.org\",\"@graph\":[{\"@type\":\"WebPage\",\"@id\":\"https:\\\/\\\/gnistan.fi\\\/p2019\\\/\",\"url\":\"https:\\\/\\\/gnistan.fi\\\/p2019\\\/\",\"name\":\"P2019\u00a0 - IF Gnistan\",\"isPartOf\":{\"@id\":\"https:\\\/\\\/gnistan.fi\\\/#website\"},\"primaryImageOfPage\":{\"@id\":\"https:\\\/\\\/gnistan.fi\\\/p2019\\\/#primaryimage\"},\"image\":{\"@id\":\"https:\\\/\\\/gnistan.fi\\\/p2019\\\/#primaryimage\"},\"thumbnailUrl\":\"https:\\\/\\\/gnistan.fi\\\/wp-content\\\/uploads\\\/2024\\\/11\\\/gnistan-default-featured-2024-c.webp\",\"datePublished\":\"2025-03-26T15:49:33+00:00\",\"dateModified\":\"2025-12-12T11:30:23+00:00\",\"breadcrumb\":{\"@id\":\"https:\\\/\\\/gnistan.fi\\\/p2019\\\/#breadcrumb\"},\"inLanguage\":\"en-US\",\"potentialAction\":[{\"@type\":\"ReadAction\",\"target\":[\"https:\\\/\\\/gnistan.fi\\\/p2019\\\/\"]}]},{\"@type\":\"ImageObject\",\"inLanguage\":\"en-US\",\"@id\":\"https:\\\/\\\/gnistan.fi\\\/p2019\\\/#primaryimage\",\"url\":\"https:\\\/\\\/gnistan.fi\\\/wp-content\\\/uploads\\\/2024\\\/11\\\/gnistan-default-featured-2024-c.webp\",\"contentUrl\":\"https:\\\/\\\/gnistan.fi\\\/wp-content\\\/uploads\\\/2024\\\/11\\\/gnistan-default-featured-2024-c.webp\",\"width\":1920,\"height\":1080},{\"@type\":\"BreadcrumbList\",\"@id\":\"https:\\\/\\\/gnistan.fi\\\/p2019\\\/#breadcrumb\",\"itemListElement\":[{\"@type\":\"ListItem\",\"position\":1,\"name\":\"Etusivu\",\"item\":\"https:\\\/\\\/gnistan.fi\\\/\"},{\"@type\":\"ListItem\",\"position\":2,\"name\":\"P2019\u00a0\"}]},{\"@type\":\"WebSite\",\"@id\":\"https:\\\/\\\/gnistan.fi\\\/#website\",\"url\":\"https:\\\/\\\/gnistan.fi\\\/\",\"name\":\"IF Gnistan\",\"description\":\"Viralliset sivut\",\"publisher\":{\"@id\":\"https:\\\/\\\/gnistan.fi\\\/#organization\"},\"potentialAction\":[{\"@type\":\"SearchAction\",\"target\":{\"@type\":\"EntryPoint\",\"urlTemplate\":\"https:\\\/\\\/gnistan.fi\\\/?s={search_term_string}\"},\"query-input\":{\"@type\":\"PropertyValueSpecification\",\"valueRequired\":true,\"valueName\":\"search_term_string\"}}],\"inLanguage\":\"en-US\"},{\"@type\":\"Organization\",\"@id\":\"https:\\\/\\\/gnistan.fi\\\/#organization\",\"name\":\"IF Gnistan\",\"url\":\"https:\\\/\\\/gnistan.fi\\\/\",\"logo\":{\"@type\":\"ImageObject\",\"inLanguage\":\"en-US\",\"@id\":\"https:\\\/\\\/gnistan.fi\\\/#\\\/schema\\\/logo\\\/image\\\/\",\"url\":\"https:\\\/\\\/gnistan.fi\\\/wp-content\\\/uploads\\\/2019\\\/10\\\/if-gnistan-vector-logo.svg\",\"contentUrl\":\"https:\\\/\\\/gnistan.fi\\\/wp-content\\\/uploads\\\/2019\\\/10\\\/if-gnistan-vector-logo.svg\",\"width\":269,\"height\":314,\"caption\":\"IF Gnistan\"},\"image\":{\"@id\":\"https:\\\/\\\/gnistan.fi\\\/#\\\/schema\\\/logo\\\/image\\\/\"},\"sameAs\":[\"https:\\\/\\\/facebook.com\\\/ifgnistan\",\"https:\\\/\\\/x.com\\\/ifgnistan1924\",\"https:\\\/\\\/instagram.com\\\/ifgnistan1924\",\"https:\\\/\\\/www.linkedin.com\\\/company\\\/ifgnistan\\\/\"]}]}<\/script>\n<!-- \/ Yoast SEO plugin. -->","yoast_head_json":{"title":"P2019\u00a0 - IF Gnistan","robots":{"index":"index","follow":"follow","max-snippet":"max-snippet:-1","max-image-preview":"max-image-preview:large","max-video-preview":"max-video-preview:-1"},"canonical":"https:\/\/gnistan.fi\/en\/p2019\/","og_locale":"en_US","og_type":"article","og_title":"P2019\u00a0 - IF Gnistan","og_description":"TULE MUKAAN PELAAMAAN MEID\u00c4N JOUKKUEESEEN!\u00a0 IF Gnistanin\u202fjoukkue 2019 on perustettu toukokuussa 2025. Sek\u00e4 jo jalkapalloa pelanneet, ett\u00e4 ihan uudet harrastajat ovat tervetulleita. Kaikille l\u00f6ytyy sopivat pienryhm\u00e4t harjoituksissa ja peleiss\u00e4. Tervetuloa mukaan kokeilemaan! Joukkue harjoittelee kaksi kertaa viikossa. Mukaan tarvitset: oman juomapullon ja pallon (koko 3) sek\u00e4 liikunnalliset vaatteet. Toimintaan voi tulla tutustumaan muutaman viikon ajan [&hellip;]","og_url":"https:\/\/gnistan.fi\/en\/p2019\/","og_site_name":"IF Gnistan","article_publisher":"https:\/\/facebook.com\/ifgnistan","article_modified_time":"2025-12-12T11:30:23+00:00","og_image":[{"width":2560,"height":1707,"url":"https:\/\/gnistan.fi\/wp-content\/uploads\/2025\/03\/IMG_4724-scaled.jpg","type":"image\/jpeg"}],"twitter_card":"summary_large_image","twitter_site":"@ifgnistan1924","twitter_misc":{"Est. reading time":"2 minutes"},"schema":{"@context":"https:\/\/schema.org","@graph":[{"@type":"WebPage","@id":"https:\/\/gnistan.fi\/p2019\/","url":"https:\/\/gnistan.fi\/p2019\/","name":"P2019\u00a0 - IF Gnistan","isPartOf":{"@id":"https:\/\/gnistan.fi\/#website"},"primaryImageOfPage":{"@id":"https:\/\/gnistan.fi\/p2019\/#primaryimage"},"image":{"@id":"https:\/\/gnistan.fi\/p2019\/#primaryimage"},"thumbnailUrl":"https:\/\/gnistan.fi\/wp-content\/uploads\/2024\/11\/gnistan-default-featured-2024-c.webp","datePublished":"2025-03-26T15:49:33+00:00","dateModified":"2025-12-12T11:30:23+00:00","breadcrumb":{"@id":"https:\/\/gnistan.fi\/p2019\/#breadcrumb"},"inLanguage":"en-US","potentialAction":[{"@type":"ReadAction","target":["https:\/\/gnistan.fi\/p2019\/"]}]},{"@type":"ImageObject","inLanguage":"en-US","@id":"https:\/\/gnistan.fi\/p2019\/#primaryimage","url":"https:\/\/gnistan.fi\/wp-content\/uploads\/2024\/11\/gnistan-default-featured-2024-c.webp","contentUrl":"https:\/\/gnistan.fi\/wp-content\/uploads\/2024\/11\/gnistan-default-featured-2024-c.webp","width":1920,"height":1080},{"@type":"BreadcrumbList","@id":"https:\/\/gnistan.fi\/p2019\/#breadcrumb","itemListElement":[{"@type":"ListItem","position":1,"name":"Etusivu","item":"https:\/\/gnistan.fi\/"},{"@type":"ListItem","position":2,"name":"P2019\u00a0"}]},{"@type":"WebSite","@id":"https:\/\/gnistan.fi\/#website","url":"https:\/\/gnistan.fi\/","name":"IF Gnistan","description":"Viralliset sivut","publisher":{"@id":"https:\/\/gnistan.fi\/#organization"},"potentialAction":[{"@type":"SearchAction","target":{"@type":"EntryPoint","urlTemplate":"https:\/\/gnistan.fi\/?s={search_term_string}"},"query-input":{"@type":"PropertyValueSpecification","valueRequired":true,"valueName":"search_term_string"}}],"inLanguage":"en-US"},{"@type":"Organization","@id":"https:\/\/gnistan.fi\/#organization","name":"IF Gnistan","url":"https:\/\/gnistan.fi\/","logo":{"@type":"ImageObject","inLanguage":"en-US","@id":"https:\/\/gnistan.fi\/#\/schema\/logo\/image\/","url":"https:\/\/gnistan.fi\/wp-content\/uploads\/2019\/10\/if-gnistan-vector-logo.svg","contentUrl":"https:\/\/gnistan.fi\/wp-content\/uploads\/2019\/10\/if-gnistan-vector-logo.svg","width":269,"height":314,"caption":"IF Gnistan"},"image":{"@id":"https:\/\/gnistan.fi\/#\/schema\/logo\/image\/"},"sameAs":["https:\/\/facebook.com\/ifgnistan","https:\/\/x.com\/ifgnistan1924","https:\/\/instagram.com\/ifgnistan1924","https:\/\/www.linkedin.com\/company\/ifgnistan\/"]}]}},"jetpack_sharing_enabled":true,"_links":{"self":[{"href":"https:\/\/gnistan.fi\/en\/wp-json\/wp\/v2\/pages\/39064","targetHints":{"allow":["GET"]}}],"collection":[{"href":"https:\/\/gnistan.fi\/en\/wp-json\/wp\/v2\/pages"}],"about":[{"href":"https:\/\/gnistan.fi\/en\/wp-json\/wp\/v2\/types\/page"}],"author":[{"embeddable":true,"href":"https:\/\/gnistan.fi\/en\/wp-json\/wp\/v2\/users\/27"}],"replies":[{"embeddable":true,"href":"https:\/\/gnistan.fi\/en\/wp-json\/wp\/v2\/comments?post=39064"}],"version-history":[{"count":11,"href":"https:\/\/gnistan.fi\/en\/wp-json\/wp\/v2\/pages\/39064\/revisions"}],"predecessor-version":[{"id":43200,"href":"https:\/\/gnistan.fi\/en\/wp-json\/wp\/v2\/pages\/39064\/revisions\/43200"}],"wp:featuredmedia":[{"embeddable":true,"href":"https:\/\/gnistan.fi\/en\/wp-json\/wp\/v2\/media\/36703"}],"wp:attachment":[{"href":"https:\/\/gnistan.fi\/en\/wp-json\/wp\/v2\/media?parent=39064"}],"curies":[{"name":"wp","href":"https:\/\/api.w.org\/{rel}","templated":true}]}}