{"id":38463,"date":"2025-02-14T14:30:26","date_gmt":"2025-02-14T12:30:26","guid":{"rendered":"https:\/\/gnistan.fi\/?page_id=38463"},"modified":"2026-04-10T15:26:13","modified_gmt":"2026-04-10T12:26:13","slug":"gnistan-verkosto","status":"publish","type":"page","link":"https:\/\/gnistan.fi\/en\/gnistan-verkosto\/","title":{"rendered":"GNISTAN VERKOSTO 2026"},"content":{"rendered":"<div data-elementor-type=\"wp-page\" data-elementor-id=\"38463\" class=\"elementor elementor-38463\" data-elementor-post-type=\"page\">\n\t\t\t\t<div class=\"elementor-element elementor-element-88e5c3a e-flex e-con-boxed e-con e-parent\" data-id=\"88e5c3a\" data-element_type=\"container\" data-e-type=\"container\">\n\t\t\t\t\t<div class=\"e-con-inner\">\n\t\t\t\t<div class=\"elementor-element elementor-element-8458392 elementor-widget elementor-widget-image\" data-id=\"8458392\" data-element_type=\"widget\" data-e-type=\"widget\" data-widget_type=\"image.default\">\n\t\t\t\t\t\t\t\t\t\t\t\t\t\t\t<img fetchpriority=\"high\" decoding=\"async\" width=\"800\" height=\"207\" src=\"https:\/\/gnistan.fi\/wp-content\/uploads\/2025\/05\/gnistan-verkosto-1024x265.jpg\" class=\"attachment-large size-large wp-image-39770\" alt=\"\" srcset=\"https:\/\/gnistan.fi\/wp-content\/uploads\/2025\/05\/gnistan-verkosto-1024x265.jpg 1024w, https:\/\/gnistan.fi\/wp-content\/uploads\/2025\/05\/gnistan-verkosto-300x78.jpg 300w, https:\/\/gnistan.fi\/wp-content\/uploads\/2025\/05\/gnistan-verkosto-768x199.jpg 768w, https:\/\/gnistan.fi\/wp-content\/uploads\/2025\/05\/gnistan-verkosto-1536x398.jpg 1536w, https:\/\/gnistan.fi\/wp-content\/uploads\/2025\/05\/gnistan-verkosto-18x5.jpg 18w, https:\/\/gnistan.fi\/wp-content\/uploads\/2025\/05\/gnistan-verkosto.jpg 2000w\" sizes=\"(max-width: 800px) 100vw, 800px\" \/>\t\t\t\t\t\t\t\t\t\t\t\t\t\t\t<\/div>\n\t\t\t\t\t<\/div>\n\t\t\t\t<\/div>\n\t\t<div class=\"elementor-element elementor-element-2c8fa3e e-flex e-con-boxed e-con e-parent\" data-id=\"2c8fa3e\" data-element_type=\"container\" data-e-type=\"container\">\n\t\t\t\t\t<div class=\"e-con-inner\">\n\t\t\t\t<div class=\"elementor-element elementor-element-d0952f2 elementor-widget elementor-widget-text-editor\" data-id=\"d0952f2\" data-element_type=\"widget\" data-e-type=\"widget\" data-widget_type=\"text-editor.default\">\n\t\t\t\t\t\t\t\t\t<p><strong>Gnistan Verkosto<\/strong> on Gnistanin ja <a href=\"http:\/\/www.procito.fi\">Procito Oy:n<\/a> yhteisty\u00f6ss\u00e4 luoma kumppanuusverkosto, joka tarjoaa yrityksille mahdollisuuden tukea Gnistania my\u00f6s pienemm\u00e4ll\u00e4 panostuksella.<\/p>\n<p><!-- \/wp:paragraph --><!-- wp:paragraph --><\/p>\n<p>Gnistan Verkosto on yrityksille luotu uusi ja yhteis\u00f6llinen tapa tukea Gnistanin matkaa kohti kotimaisen jalkapallon huippua. Liittym\u00e4ll\u00e4 mukaan verkostoon, saat kauden aikana monenlaisia etuja, kuten n\u00e4kyvyytt\u00e4 eri kanavissa, mahdollisuuksia t\u00e4rkeiden kontaktien luontiin ja tietenkin ottelulippuja Gnistanin kotiotteluihin.<\/p>\n<p><!-- \/wp:paragraph --><!-- wp:paragraph --><\/p>\n<p>Halutessanne lis\u00e4tietoja, ottakaa yst\u00e4v\u00e4llisesti yhteytt\u00e4 s\u00e4hk\u00f6postitse osoitteeseen gnistan(at)procito.fi. Vastaamme mielell\u00e4mme kaikkiin Gnistan Verkostoon liittyviin kysymyksiin. Toivottavasti saamme my\u00f6s teid\u00e4t tarttumaan t\u00e4h\u00e4n loistavaan mahdollisuuteen ja p\u00e4\u00e4semme toivottamaan teid\u00e4t tervetulleeksi Gnistan Verkosto -yhteisty\u00f6kumppanina tervetulleeksi otteluihimme.<\/p>\t\t\t\t\t\t\t\t<\/div>\n\t\t\t\t\t<\/div>\n\t\t\t\t<\/div>\n\t\t<div class=\"elementor-element elementor-element-57261bf e-flex e-con-boxed e-con e-parent\" data-id=\"57261bf\" data-element_type=\"container\" data-e-type=\"container\">\n\t\t\t\t\t<div class=\"e-con-inner\">\n\t\t\t\t\t<\/div>\n\t\t\t\t<\/div>\n\t\t<div class=\"elementor-element elementor-element-bf941aa e-flex e-con-boxed e-con e-parent\" data-id=\"bf941aa\" data-element_type=\"container\" data-e-type=\"container\">\n\t\t\t\t\t<div class=\"e-con-inner\">\n\t\t\t\t<div class=\"elementor-element elementor-element-e57fbb3 elementor-widget elementor-widget-heading\" data-id=\"e57fbb3\" data-element_type=\"widget\" data-e-type=\"widget\" data-widget_type=\"heading.default\">\n\t\t\t\t\t<h2 class=\"elementor-heading-title elementor-size-default\">KULTA-J\u00c4SENET<\/h2>\t\t\t\t<\/div>\n\t\t\t\t\t<\/div>\n\t\t\t\t<\/div>\n\t\t<div class=\"elementor-element elementor-element-9cea532 e-grid e-con-boxed e-con e-parent\" data-id=\"9cea532\" data-element_type=\"container\" data-e-type=\"container\">\n\t\t\t\t\t<div class=\"e-con-inner\">\n\t\t\t\t<div class=\"elementor-element elementor-element-992ea67 elementor-widget elementor-widget-image\" data-id=\"992ea67\" data-element_type=\"widget\" data-e-type=\"widget\" data-widget_type=\"image.default\">\n\t\t\t\t\t\t\t\t\t\t\t\t\t\t\t<img decoding=\"async\" width=\"425\" height=\"118\" src=\"https:\/\/gnistan.fi\/wp-content\/uploads\/2026\/03\/VMI-logo.png\" class=\"attachment-full size-full wp-image-44337\" alt=\"\" srcset=\"https:\/\/gnistan.fi\/wp-content\/uploads\/2026\/03\/VMI-logo.png 425w, https:\/\/gnistan.fi\/wp-content\/uploads\/2026\/03\/VMI-logo-300x83.png 300w, https:\/\/gnistan.fi\/wp-content\/uploads\/2026\/03\/VMI-logo-18x5.png 18w\" sizes=\"(max-width: 425px) 100vw, 425px\" \/>\t\t\t\t\t\t\t\t\t\t\t\t\t\t\t<\/div>\n\t\t\t\t<div class=\"elementor-element elementor-element-f8ee780 elementor-widget elementor-widget-image\" data-id=\"f8ee780\" data-element_type=\"widget\" data-e-type=\"widget\" data-widget_type=\"image.default\">\n\t\t\t\t\t\t\t\t\t\t\t\t\t\t\t<img decoding=\"async\" width=\"303\" height=\"87\" src=\"https:\/\/gnistan.fi\/wp-content\/uploads\/2026\/03\/Procito-muokattu-musta-teksti.png\" class=\"attachment-full size-full wp-image-44338\" alt=\"\" srcset=\"https:\/\/gnistan.fi\/wp-content\/uploads\/2026\/03\/Procito-muokattu-musta-teksti.png 303w, https:\/\/gnistan.fi\/wp-content\/uploads\/2026\/03\/Procito-muokattu-musta-teksti-300x86.png 300w, https:\/\/gnistan.fi\/wp-content\/uploads\/2026\/03\/Procito-muokattu-musta-teksti-18x5.png 18w\" sizes=\"(max-width: 303px) 100vw, 303px\" \/>\t\t\t\t\t\t\t\t\t\t\t\t\t\t\t<\/div>\n\t\t\t\t\t<\/div>\n\t\t\t\t<\/div>\n\t\t<div class=\"elementor-element elementor-element-1f2a1e3 e-flex e-con-boxed e-con e-parent\" data-id=\"1f2a1e3\" data-element_type=\"container\" data-e-type=\"container\">\n\t\t\t\t\t<div class=\"e-con-inner\">\n\t\t\t\t<div class=\"elementor-element elementor-element-aa02b5d elementor-widget elementor-widget-heading\" data-id=\"aa02b5d\" data-element_type=\"widget\" data-e-type=\"widget\" data-widget_type=\"heading.default\">\n\t\t\t\t\t<h2 class=\"elementor-heading-title elementor-size-default\">PLUS-J\u00c4SENET<\/h2>\t\t\t\t<\/div>\n\t\t\t\t\t<\/div>\n\t\t\t\t<\/div>\n\t\t<div class=\"elementor-element elementor-element-c971848 e-flex e-con-boxed e-con e-parent\" data-id=\"c971848\" data-element_type=\"container\" data-e-type=\"container\">\n\t\t\t\t\t<div class=\"e-con-inner\">\n\t\t\t\t<div class=\"elementor-element elementor-element-5bfc48e elementor-widget elementor-widget-text-editor\" data-id=\"5bfc48e\" data-element_type=\"widget\" data-e-type=\"widget\" data-widget_type=\"text-editor.default\">\n\t\t\t\t\t\t\t\t\t<ul>\n<li><a href=\"https:\/\/amp-yhtiot.fi\/\" target=\"_blank\" rel=\"noopener\">AMP YHTI\u00d6T OY<\/a><\/li>\n<li><a href=\"https:\/\/forcitconsulting.fi\" target=\"_blank\" rel=\"noopener\">FORCIT CONSULTING OY<\/a><\/li>\n<li><a href=\"https:\/\/ivkymppi.fi\/\" target=\"_blank\" rel=\"noopener\">IV KYMPPI<\/a><\/li>\n<li><a href=\"https:\/\/www.kohe.fi\/\" target=\"_blank\" rel=\"noopener\">KOHE ARKKITEHDIT OY<\/a><\/li>\n<li><a href=\"https:\/\/gnistan.fi\/en\/gnistan-verkosto\/\" target=\"_blank\" rel=\"noopener\">OGGELBY<\/a><\/li>\n<li><a href=\"https:\/\/smidig.fi\/\" target=\"_blank\" rel=\"noopener\">SMIDIG<\/a><\/li>\n<\/ul>\t\t\t\t\t\t\t\t<\/div>\n\t\t\t\t\t<\/div>\n\t\t\t\t<\/div>\n\t\t<div class=\"elementor-element elementor-element-52d83a2 e-flex e-con-boxed e-con e-parent\" data-id=\"52d83a2\" data-element_type=\"container\" data-e-type=\"container\">\n\t\t\t\t\t<div class=\"e-con-inner\">\n\t\t\t\t\t<\/div>\n\t\t\t\t<\/div>\n\t\t<div class=\"elementor-element elementor-element-23a4bca e-flex e-con-boxed e-con e-parent\" data-id=\"23a4bca\" data-element_type=\"container\" data-e-type=\"container\">\n\t\t\t\t\t<div class=\"e-con-inner\">\n\t\t\t\t<div class=\"elementor-element elementor-element-8ed8f9f elementor-widget elementor-widget-heading\" data-id=\"8ed8f9f\" data-element_type=\"widget\" data-e-type=\"widget\" data-widget_type=\"heading.default\">\n\t\t\t\t\t<h2 class=\"elementor-heading-title elementor-size-default\">KLASSIKKO-J\u00c4SENET<\/h2>\t\t\t\t<\/div>\n\t\t\t\t\t<\/div>\n\t\t\t\t<\/div>\n\t\t<div class=\"elementor-element elementor-element-9f4e573 e-flex e-con-boxed e-con e-parent\" data-id=\"9f4e573\" data-element_type=\"container\" data-e-type=\"container\">\n\t\t\t\t\t<div class=\"e-con-inner\">\n\t\t\t\t<div class=\"elementor-element elementor-element-45867a4 elementor-widget elementor-widget-text-editor\" data-id=\"45867a4\" data-element_type=\"widget\" data-e-type=\"widget\" data-widget_type=\"text-editor.default\">\n\t\t\t\t\t\t\t\t\t<ul>\n<li><a href=\"https:\/\/www.10p.fi\" target=\"_blank\" rel=\"noopener\">10+ IS\u00c4NN\u00d6INTI OY<\/a><\/li>\n<li>AMJFINNOEDU OY<\/li>\n<li><a href=\"https:\/\/www.another-media.net\">ANOTHER MEDIA OY<\/a><\/li>\n<li><a href=\"http:\/\/www.bremerinkukka.com\/\" target=\"_blank\" rel=\"noopener\">BREMERIN KUKKA &amp; KIVI<\/a><\/li>\n<li><a href=\"https:\/\/cherry.fi\"> CHERRY OY<\/a><\/li>\n<li><a href=\"https:\/\/www.coolevents.fi\/\" target=\"_blank\" rel=\"noopener\">COOLEVENTS OY<\/a><\/li>\n<li><a href=\"https:\/\/www.cornerstone-group.com\/\" target=\"_blank\" rel=\"noopener\">CORNERSTONE HELSINKI<\/a><\/li>\n<li><a href=\"https:\/\/crossfitharka.fi\/\"> CROSSFIT H\u00c4RK\u00c4<\/a><\/li>\n<li><a href=\"https:\/\/www.dfenergy.fi\/\"> DF ENERGY.FI<\/a><\/li>\n<li><a href=\"https:\/\/mehtala.fi\/\" target=\"_blank\" rel=\"noopener\">FEELWELL JOUNI<\/a><\/li>\n<li><a href=\"https:\/\/gnistan.fi\/en\/gnistan-verkosto\/\">FISHROAD CONSULTING<\/a><\/li>\n<li><a href=\"https:\/\/goodlifecoffee.fi\/\" target=\"_blank\" rel=\"noopener\">GOOD LIFE COFFEE ROASTERS OY<\/a><\/li>\n<li><a href=\"https:\/\/www.gsvisannointi.com\"> GSV IS\u00c4NN\u00d6INTI- JA TILIPALVELUT OY<\/a><\/li>\n<li><a href=\"https:\/\/gnistan.fi\/en\/gnistan-verkosto\/\">HARRI TUMANOFF OY<\/a><\/li>\n<li><a href=\"https:\/\/www.hpinsinoorit.fi\" target=\"_blank\" rel=\"noopener\">HP INSIN\u00d6\u00d6RIT OY<\/a><\/li>\n<li><a href=\"https:\/\/www.hrwithyou.fi\/\" target=\"_blank\" rel=\"noopener\">HR WITH YOU OY<\/a><\/li>\n<li><a href=\"https:\/\/www.ilma-ahti.fi\/\" target=\"_blank\" rel=\"noopener\">ILMA-AHTI OY<\/a><\/li>\n<li><a href=\"https:\/\/shop.interflora.fi\/fi\/fi\"> INTERFLORA<\/a><\/li>\n<li><a href=\"https:\/\/itapaja.fi\/\" target=\"_blank\" rel=\"noopener\">IT\u00c4PAJA OY<\/a><\/li>\n<li><a href=\"https:\/\/janorak.fi\/\" target=\"_blank\" rel=\"noopener\">JAN-O RAK OY<\/a><\/li>\n<li><a href=\"https:\/\/jerkkatuote.fi\/\"> JERKKA TUOTE<\/a><\/li>\n<li><a href=\"https:\/\/juhlapalvelumakumaailma.fi\"> JUHLAPALVELU MAKUMAAILMA<\/a><\/li>\n<li><a href=\"https:\/\/www.kaikenkarvaiset.com\/\" target=\"_blank\" rel=\"noopener\">KAIKENKARVAISET OY<\/a><\/li>\n<li><a href=\"https:\/\/www.kiinteistomaailma.fi\/helsinki-oulunkyla\" target=\"_blank\" rel=\"noopener\">KIINTEIST\u00d6MAAILMA OULUNKYL\u00c4<\/a><\/li>\n<li><a href=\"https:\/\/dti.fi\" target=\"_blank\" rel=\"noopener\">KILLHOUSE OY<\/a><\/li>\n<li><a href=\"https:\/\/www.facebook.com\/p\/Kolono-Oy-100067130105157\/\"> KOLONO OY<\/a><\/li>\n<li><a href=\"https:\/\/konesi.fi\/\" target=\"_blank\" rel=\"noopener\">KONESI OY<\/a><\/li>\n<li><a href=\"https:\/\/www.kuljetusoksanen.fi\/\" target=\"_blank\" rel=\"noopener\">KULJETUS OY OKSANEN<\/a><\/li>\n<li>KULJETUS SIURUA OY<\/li>\n<li><a href=\"https:\/\/www.vaitoja.fi\/\"> LAKIASIAINTOIMISTO JARI VAITOJA KY<\/a><\/li>\n<li><a href=\"https:\/\/fi.linkedin.com\/in\/keijo-kaivanto-3b4437344\" target=\"_blank\" rel=\"noopener\">LAKIKAIVANTO OY<\/a><\/li>\n<li><a href=\"https:\/\/linduistics.fi\"> LINDUISTICS<\/a><\/li>\n<li><a href=\"https:\/\/www.mikonpoika.fi\/\" target=\"_blank\" rel=\"noopener\">MIKONPOIKA TIMANTTITY\u00d6T OY<\/a><\/li>\n<li>MJKL CONSULTING AND TRAINING OY<\/li>\n<li><a href=\"https:\/\/www.malminoptiikka.fi\/\" target=\"_blank\" rel=\"noopener\">OGELIN OPTIIKKA OY<\/a><\/li>\n<li><a href=\"https:\/\/www.lavanko.fi\/\" target=\"_blank\" rel=\"noopener\">PENTTI LAVANKO KY<\/a><\/li>\n<li><a href=\"https:\/\/www.poolboy.fi\/\"> POOLBOY OY<\/a><\/li>\n<li><a href=\"https:\/\/qtio.fi\/\" target=\"_blank\" rel=\"noopener\">QTIO OY<\/a><\/li>\n<li><a href=\"http:\/\/www.ristoranteuno.fi\" target=\"_blank\" rel=\"noopener\">RISTORANTE UNO<\/a><\/li>\n<li><a href=\"https:\/\/www.r-kioski.fi\/kioskit\/helsinki-pihlajamaki-meripihkatie-3-3\/\" target=\"_blank\" rel=\"noopener\">R-KIOSKI PIHLAJAM\u00c4KI<\/a><\/li>\n<li><a href=\"https:\/\/gnistan.fi\/en\/gnistan-verkosto\/\">SAP-OKSANEN<\/a><\/li>\n<li><a href=\"https:\/\/gnistan.fi\/en\/gnistan-verkosto\/\">SEFE OY<\/a><\/li>\n<li><a href=\"https:\/\/siharak.fi\/\"> SIHARAK OY<\/a><\/li>\n<li><a href=\"https:\/\/silvastcreative.com\/\"> SILVAST CREATIVE OY<\/a><\/li>\n<li>SKYCON OY<\/li>\n<li><a href=\"https:\/\/tyso.fi\" target=\"_blank\" rel=\"noopener\">SOVITTELUTOIMISTO TYSO OY AB<\/a><\/li>\n<li><a href=\"https:\/\/www.starttilsp.fi\/\"> STARTTI LASTENSUOJELUPALVELUT OY<\/a><\/li>\n<li><a href=\"https:\/\/swarmmind.app\" target=\"_blank\" rel=\"noopener\">SWARMMIND<\/a><\/li>\n<li><a href=\"https:\/\/www.tamtek.fi\/tamtek-swich\" target=\"_blank\" rel=\"noopener\">S\u00c4HK\u00d6INSIN\u00d6\u00d6RITOIMISTO AHONEN<\/a><\/li>\n<li><a href=\"https:\/\/talohoitosarkkinen.fi\/\" target=\"_blank\" rel=\"noopener\">TALOHOITO SARKKINEN OY<\/a><\/li>\n<li><a href=\"https:\/\/www.tyylilyylit-net.net\/\" target=\"_blank\" rel=\"noopener\">TYYLILYYLIT PARTURI-KAMPAAMO<\/a><\/li>\n<li>U2 MARKETING OY<\/li>\n<li><a href=\"https:\/\/www.webbros.fi\/\"> WEBBROS OY<\/a><\/li>\n<\/ul>\n<p><br \/><br \/><\/p>\t\t\t\t\t\t\t\t<\/div>\n\t\t\t\t\t<\/div>\n\t\t\t\t<\/div>\n\t\t<div class=\"elementor-element elementor-element-266dcc4 e-flex e-con-boxed e-con e-parent\" data-id=\"266dcc4\" data-element_type=\"container\" data-e-type=\"container\">\n\t\t\t\t\t<div class=\"e-con-inner\">\n\t\t\t\t\t<\/div>\n\t\t\t\t<\/div>\n\t\t\t\t<\/div>","protected":false},"excerpt":{"rendered":"<p>Gnistan Verkosto on Gnistanin ja Procito Oy:n yhteisty\u00f6ss\u00e4 luoma kumppanuusverkosto, joka tarjoaa yrityksille mahdollisuuden tukea Gnistania my\u00f6s pienemm\u00e4ll\u00e4 panostuksella. Gnistan Verkosto on yrityksille luotu uusi ja yhteis\u00f6llinen tapa tukea Gnistanin matkaa kohti kotimaisen jalkapallon huippua. Liittym\u00e4ll\u00e4 mukaan verkostoon, saat kauden aikana monenlaisia etuja, kuten n\u00e4kyvyytt\u00e4 eri kanavissa, mahdollisuuksia t\u00e4rkeiden kontaktien luontiin ja tietenkin ottelulippuja Gnistanin [&hellip;]<\/p>\n","protected":false},"author":27,"featured_media":39777,"parent":0,"menu_order":0,"comment_status":"closed","ping_status":"closed","template":"","meta":{"_acf_changed":false,"footnotes":""},"class_list":["post-38463","page","type-page","status-publish","has-post-thumbnail","hentry"],"acf":[],"yoast_head":"<!-- This site is optimized with the Yoast SEO plugin v27.3 - https:\/\/yoast.com\/product\/yoast-seo-wordpress\/ -->\n<title>GNISTAN VERKOSTO 2026 - IF Gnistan<\/title>\n<meta name=\"robots\" content=\"index, follow, max-snippet:-1, max-image-preview:large, max-video-preview:-1\" \/>\n<link rel=\"canonical\" href=\"https:\/\/gnistan.fi\/en\/gnistan-verkosto\/\" \/>\n<meta property=\"og:locale\" content=\"en_US\" \/>\n<meta property=\"og:type\" content=\"article\" \/>\n<meta property=\"og:title\" content=\"GNISTAN VERKOSTO 2026 - IF Gnistan\" \/>\n<meta property=\"og:description\" content=\"Gnistan Verkosto on Gnistanin ja Procito Oy:n yhteisty\u00f6ss\u00e4 luoma kumppanuusverkosto, joka tarjoaa yrityksille mahdollisuuden tukea Gnistania my\u00f6s pienemm\u00e4ll\u00e4 panostuksella. Gnistan Verkosto on yrityksille luotu uusi ja yhteis\u00f6llinen tapa tukea Gnistanin matkaa kohti kotimaisen jalkapallon huippua. Liittym\u00e4ll\u00e4 mukaan verkostoon, saat kauden aikana monenlaisia etuja, kuten n\u00e4kyvyytt\u00e4 eri kanavissa, mahdollisuuksia t\u00e4rkeiden kontaktien luontiin ja tietenkin ottelulippuja Gnistanin [&hellip;]\" \/>\n<meta property=\"og:url\" content=\"https:\/\/gnistan.fi\/en\/gnistan-verkosto\/\" \/>\n<meta property=\"og:site_name\" content=\"IF Gnistan\" \/>\n<meta property=\"article:publisher\" content=\"https:\/\/facebook.com\/ifgnistan\" \/>\n<meta property=\"article:modified_time\" content=\"2026-04-10T12:26:13+00:00\" \/>\n<meta property=\"og:image\" content=\"https:\/\/gnistan.fi\/wp-content\/uploads\/2025\/05\/gnistan-verkosto-1.jpg\" \/>\n\t<meta property=\"og:image:width\" content=\"2000\" \/>\n\t<meta property=\"og:image:height\" content=\"518\" \/>\n\t<meta property=\"og:image:type\" content=\"image\/jpeg\" \/>\n<meta name=\"twitter:card\" content=\"summary_large_image\" \/>\n<meta name=\"twitter:site\" content=\"@ifgnistan1924\" \/>\n<meta name=\"twitter:label1\" content=\"Est. reading time\" \/>\n\t<meta name=\"twitter:data1\" content=\"2 minutes\" \/>\n<script type=\"application\/ld+json\" class=\"yoast-schema-graph\">{\"@context\":\"https:\\\/\\\/schema.org\",\"@graph\":[{\"@type\":\"WebPage\",\"@id\":\"https:\\\/\\\/gnistan.fi\\\/gnistan-verkosto\\\/\",\"url\":\"https:\\\/\\\/gnistan.fi\\\/gnistan-verkosto\\\/\",\"name\":\"GNISTAN VERKOSTO 2026 - IF Gnistan\",\"isPartOf\":{\"@id\":\"https:\\\/\\\/gnistan.fi\\\/#website\"},\"primaryImageOfPage\":{\"@id\":\"https:\\\/\\\/gnistan.fi\\\/gnistan-verkosto\\\/#primaryimage\"},\"image\":{\"@id\":\"https:\\\/\\\/gnistan.fi\\\/gnistan-verkosto\\\/#primaryimage\"},\"thumbnailUrl\":\"https:\\\/\\\/gnistan.fi\\\/wp-content\\\/uploads\\\/2025\\\/05\\\/gnistan-verkosto-1.jpg\",\"datePublished\":\"2025-02-14T12:30:26+00:00\",\"dateModified\":\"2026-04-10T12:26:13+00:00\",\"breadcrumb\":{\"@id\":\"https:\\\/\\\/gnistan.fi\\\/gnistan-verkosto\\\/#breadcrumb\"},\"inLanguage\":\"en-US\",\"potentialAction\":[{\"@type\":\"ReadAction\",\"target\":[\"https:\\\/\\\/gnistan.fi\\\/gnistan-verkosto\\\/\"]}]},{\"@type\":\"ImageObject\",\"inLanguage\":\"en-US\",\"@id\":\"https:\\\/\\\/gnistan.fi\\\/gnistan-verkosto\\\/#primaryimage\",\"url\":\"https:\\\/\\\/gnistan.fi\\\/wp-content\\\/uploads\\\/2025\\\/05\\\/gnistan-verkosto-1.jpg\",\"contentUrl\":\"https:\\\/\\\/gnistan.fi\\\/wp-content\\\/uploads\\\/2025\\\/05\\\/gnistan-verkosto-1.jpg\",\"width\":2000,\"height\":518},{\"@type\":\"BreadcrumbList\",\"@id\":\"https:\\\/\\\/gnistan.fi\\\/gnistan-verkosto\\\/#breadcrumb\",\"itemListElement\":[{\"@type\":\"ListItem\",\"position\":1,\"name\":\"Etusivu\",\"item\":\"https:\\\/\\\/gnistan.fi\\\/\"},{\"@type\":\"ListItem\",\"position\":2,\"name\":\"GNISTAN VERKOSTO 2026\"}]},{\"@type\":\"WebSite\",\"@id\":\"https:\\\/\\\/gnistan.fi\\\/#website\",\"url\":\"https:\\\/\\\/gnistan.fi\\\/\",\"name\":\"IF Gnistan\",\"description\":\"Viralliset sivut\",\"publisher\":{\"@id\":\"https:\\\/\\\/gnistan.fi\\\/#organization\"},\"potentialAction\":[{\"@type\":\"SearchAction\",\"target\":{\"@type\":\"EntryPoint\",\"urlTemplate\":\"https:\\\/\\\/gnistan.fi\\\/?s={search_term_string}\"},\"query-input\":{\"@type\":\"PropertyValueSpecification\",\"valueRequired\":true,\"valueName\":\"search_term_string\"}}],\"inLanguage\":\"en-US\"},{\"@type\":\"Organization\",\"@id\":\"https:\\\/\\\/gnistan.fi\\\/#organization\",\"name\":\"IF Gnistan\",\"url\":\"https:\\\/\\\/gnistan.fi\\\/\",\"logo\":{\"@type\":\"ImageObject\",\"inLanguage\":\"en-US\",\"@id\":\"https:\\\/\\\/gnistan.fi\\\/#\\\/schema\\\/logo\\\/image\\\/\",\"url\":\"https:\\\/\\\/gnistan.fi\\\/wp-content\\\/uploads\\\/2019\\\/10\\\/if-gnistan-vector-logo.svg\",\"contentUrl\":\"https:\\\/\\\/gnistan.fi\\\/wp-content\\\/uploads\\\/2019\\\/10\\\/if-gnistan-vector-logo.svg\",\"width\":269,\"height\":314,\"caption\":\"IF Gnistan\"},\"image\":{\"@id\":\"https:\\\/\\\/gnistan.fi\\\/#\\\/schema\\\/logo\\\/image\\\/\"},\"sameAs\":[\"https:\\\/\\\/facebook.com\\\/ifgnistan\",\"https:\\\/\\\/x.com\\\/ifgnistan1924\",\"https:\\\/\\\/instagram.com\\\/ifgnistan1924\",\"https:\\\/\\\/www.linkedin.com\\\/company\\\/ifgnistan\\\/\"]}]}<\/script>\n<!-- \/ Yoast SEO plugin. -->","yoast_head_json":{"title":"GNISTAN VERKOSTO 2026 - IF Gnistan","robots":{"index":"index","follow":"follow","max-snippet":"max-snippet:-1","max-image-preview":"max-image-preview:large","max-video-preview":"max-video-preview:-1"},"canonical":"https:\/\/gnistan.fi\/en\/gnistan-verkosto\/","og_locale":"en_US","og_type":"article","og_title":"GNISTAN VERKOSTO 2026 - IF Gnistan","og_description":"Gnistan Verkosto on Gnistanin ja Procito Oy:n yhteisty\u00f6ss\u00e4 luoma kumppanuusverkosto, joka tarjoaa yrityksille mahdollisuuden tukea Gnistania my\u00f6s pienemm\u00e4ll\u00e4 panostuksella. Gnistan Verkosto on yrityksille luotu uusi ja yhteis\u00f6llinen tapa tukea Gnistanin matkaa kohti kotimaisen jalkapallon huippua. Liittym\u00e4ll\u00e4 mukaan verkostoon, saat kauden aikana monenlaisia etuja, kuten n\u00e4kyvyytt\u00e4 eri kanavissa, mahdollisuuksia t\u00e4rkeiden kontaktien luontiin ja tietenkin ottelulippuja Gnistanin [&hellip;]","og_url":"https:\/\/gnistan.fi\/en\/gnistan-verkosto\/","og_site_name":"IF Gnistan","article_publisher":"https:\/\/facebook.com\/ifgnistan","article_modified_time":"2026-04-10T12:26:13+00:00","og_image":[{"width":2000,"height":518,"url":"https:\/\/gnistan.fi\/wp-content\/uploads\/2025\/05\/gnistan-verkosto-1.jpg","type":"image\/jpeg"}],"twitter_card":"summary_large_image","twitter_site":"@ifgnistan1924","twitter_misc":{"Est. reading time":"2 minutes"},"schema":{"@context":"https:\/\/schema.org","@graph":[{"@type":"WebPage","@id":"https:\/\/gnistan.fi\/gnistan-verkosto\/","url":"https:\/\/gnistan.fi\/gnistan-verkosto\/","name":"GNISTAN VERKOSTO 2026 - IF Gnistan","isPartOf":{"@id":"https:\/\/gnistan.fi\/#website"},"primaryImageOfPage":{"@id":"https:\/\/gnistan.fi\/gnistan-verkosto\/#primaryimage"},"image":{"@id":"https:\/\/gnistan.fi\/gnistan-verkosto\/#primaryimage"},"thumbnailUrl":"https:\/\/gnistan.fi\/wp-content\/uploads\/2025\/05\/gnistan-verkosto-1.jpg","datePublished":"2025-02-14T12:30:26+00:00","dateModified":"2026-04-10T12:26:13+00:00","breadcrumb":{"@id":"https:\/\/gnistan.fi\/gnistan-verkosto\/#breadcrumb"},"inLanguage":"en-US","potentialAction":[{"@type":"ReadAction","target":["https:\/\/gnistan.fi\/gnistan-verkosto\/"]}]},{"@type":"ImageObject","inLanguage":"en-US","@id":"https:\/\/gnistan.fi\/gnistan-verkosto\/#primaryimage","url":"https:\/\/gnistan.fi\/wp-content\/uploads\/2025\/05\/gnistan-verkosto-1.jpg","contentUrl":"https:\/\/gnistan.fi\/wp-content\/uploads\/2025\/05\/gnistan-verkosto-1.jpg","width":2000,"height":518},{"@type":"BreadcrumbList","@id":"https:\/\/gnistan.fi\/gnistan-verkosto\/#breadcrumb","itemListElement":[{"@type":"ListItem","position":1,"name":"Etusivu","item":"https:\/\/gnistan.fi\/"},{"@type":"ListItem","position":2,"name":"GNISTAN VERKOSTO 2026"}]},{"@type":"WebSite","@id":"https:\/\/gnistan.fi\/#website","url":"https:\/\/gnistan.fi\/","name":"IF Gnistan","description":"Viralliset sivut","publisher":{"@id":"https:\/\/gnistan.fi\/#organization"},"potentialAction":[{"@type":"SearchAction","target":{"@type":"EntryPoint","urlTemplate":"https:\/\/gnistan.fi\/?s={search_term_string}"},"query-input":{"@type":"PropertyValueSpecification","valueRequired":true,"valueName":"search_term_string"}}],"inLanguage":"en-US"},{"@type":"Organization","@id":"https:\/\/gnistan.fi\/#organization","name":"IF Gnistan","url":"https:\/\/gnistan.fi\/","logo":{"@type":"ImageObject","inLanguage":"en-US","@id":"https:\/\/gnistan.fi\/#\/schema\/logo\/image\/","url":"https:\/\/gnistan.fi\/wp-content\/uploads\/2019\/10\/if-gnistan-vector-logo.svg","contentUrl":"https:\/\/gnistan.fi\/wp-content\/uploads\/2019\/10\/if-gnistan-vector-logo.svg","width":269,"height":314,"caption":"IF Gnistan"},"image":{"@id":"https:\/\/gnistan.fi\/#\/schema\/logo\/image\/"},"sameAs":["https:\/\/facebook.com\/ifgnistan","https:\/\/x.com\/ifgnistan1924","https:\/\/instagram.com\/ifgnistan1924","https:\/\/www.linkedin.com\/company\/ifgnistan\/"]}]}},"jetpack_sharing_enabled":true,"_links":{"self":[{"href":"https:\/\/gnistan.fi\/en\/wp-json\/wp\/v2\/pages\/38463","targetHints":{"allow":["GET"]}}],"collection":[{"href":"https:\/\/gnistan.fi\/en\/wp-json\/wp\/v2\/pages"}],"about":[{"href":"https:\/\/gnistan.fi\/en\/wp-json\/wp\/v2\/types\/page"}],"author":[{"embeddable":true,"href":"https:\/\/gnistan.fi\/en\/wp-json\/wp\/v2\/users\/27"}],"replies":[{"embeddable":true,"href":"https:\/\/gnistan.fi\/en\/wp-json\/wp\/v2\/comments?post=38463"}],"version-history":[{"count":20,"href":"https:\/\/gnistan.fi\/en\/wp-json\/wp\/v2\/pages\/38463\/revisions"}],"predecessor-version":[{"id":44992,"href":"https:\/\/gnistan.fi\/en\/wp-json\/wp\/v2\/pages\/38463\/revisions\/44992"}],"wp:featuredmedia":[{"embeddable":true,"href":"https:\/\/gnistan.fi\/en\/wp-json\/wp\/v2\/media\/39777"}],"wp:attachment":[{"href":"https:\/\/gnistan.fi\/en\/wp-json\/wp\/v2\/media?parent=38463"}],"curies":[{"name":"wp","href":"https:\/\/api.w.org\/{rel}","templated":true}]}}