{"id":38366,"date":"2025-02-05T13:30:53","date_gmt":"2025-02-05T11:30:53","guid":{"rendered":"https:\/\/gnistan.fi\/?page_id=38366"},"modified":"2025-10-29T10:29:03","modified_gmt":"2025-10-29T08:29:03","slug":"gnistan-3","status":"publish","type":"page","link":"https:\/\/gnistan.fi\/en\/gnistan-3\/","title":{"rendered":"Gnistan\/3"},"content":{"rendered":"<p>Gnistan\/3 pelaa kaudella 2026 miesten Nelosessa. Joukkue harjoittelee talvikaudella kaksi kertaa viikossa Oulunkyl\u00e4n Urheilupuistossa.\u00a0<\/p>\n\n\n\n<p>Valmentajina toimivat Kenedy Da Silva Vieira sek\u00e4 Toni R\u00e4is\u00e4nen.<\/p>\n\n\n\n<p>Joukkueenjohtaja: Toni Ranta<\/p>\n\n\n\n<p>Uudet pelaajat ovat tervetulleita joukkueeseen, yhteydenotot: gnistan.kolme@gmail.com<\/p>","protected":false},"excerpt":{"rendered":"<p>Gnistan\/3 pelaa kaudella 2026 miesten Nelosessa. Joukkue harjoittelee talvikaudella kaksi kertaa viikossa Oulunkyl\u00e4n Urheilupuistossa.\u00a0 Valmentajina toimivat Kenedy Da Silva Vieira sek\u00e4 Toni R\u00e4is\u00e4nen. Joukkueenjohtaja: Toni Ranta Uudet pelaajat ovat tervetulleita joukkueeseen, yhteydenotot: gnistan.kolme@gmail.com<\/p>","protected":false},"author":27,"featured_media":36703,"parent":0,"menu_order":0,"comment_status":"closed","ping_status":"closed","template":"","meta":{"_acf_changed":false,"footnotes":""},"class_list":["post-38366","page","type-page","status-publish","has-post-thumbnail","hentry"],"acf":[],"yoast_head":"<!-- This site is optimized with the Yoast SEO plugin v27.3 - https:\/\/yoast.com\/product\/yoast-seo-wordpress\/ -->\n<title>Gnistan\/3 - IF Gnistan<\/title>\n<meta name=\"robots\" content=\"index, follow, max-snippet:-1, max-image-preview:large, max-video-preview:-1\" \/>\n<link rel=\"canonical\" href=\"https:\/\/gnistan.fi\/en\/gnistan-3\/\" \/>\n<meta property=\"og:locale\" content=\"en_US\" \/>\n<meta property=\"og:type\" content=\"article\" \/>\n<meta property=\"og:title\" content=\"Gnistan\/3 - IF Gnistan\" \/>\n<meta property=\"og:description\" content=\"Gnistan\/3 pelaa kaudella 2026 miesten Nelosessa. Joukkue harjoittelee talvikaudella kaksi kertaa viikossa Oulunkyl\u00e4n Urheilupuistossa.\u00a0 Valmentajina toimivat Kenedy Da Silva Vieira sek\u00e4 Toni R\u00e4is\u00e4nen. Joukkueenjohtaja: Toni Ranta Uudet pelaajat ovat tervetulleita joukkueeseen, yhteydenotot: gnistan.kolme@gmail.com\" \/>\n<meta property=\"og:url\" content=\"https:\/\/gnistan.fi\/en\/gnistan-3\/\" \/>\n<meta property=\"og:site_name\" content=\"IF Gnistan\" \/>\n<meta property=\"article:publisher\" content=\"https:\/\/facebook.com\/ifgnistan\" \/>\n<meta property=\"article:modified_time\" content=\"2025-10-29T08:29:03+00:00\" \/>\n<meta property=\"og:image\" content=\"https:\/\/gnistan.fi\/wp-content\/uploads\/2024\/11\/gnistan-default-featured-2024-c.webp\" \/>\n\t<meta property=\"og:image:width\" content=\"1920\" \/>\n\t<meta property=\"og:image:height\" content=\"1080\" \/>\n\t<meta property=\"og:image:type\" content=\"image\/webp\" \/>\n<meta name=\"twitter:card\" content=\"summary_large_image\" \/>\n<meta name=\"twitter:site\" content=\"@ifgnistan1924\" \/>\n<meta name=\"twitter:label1\" content=\"Est. reading time\" \/>\n\t<meta name=\"twitter:data1\" content=\"1 minute\" \/>\n<script type=\"application\/ld+json\" class=\"yoast-schema-graph\">{\"@context\":\"https:\\\/\\\/schema.org\",\"@graph\":[{\"@type\":\"WebPage\",\"@id\":\"https:\\\/\\\/gnistan.fi\\\/gnistan-3\\\/\",\"url\":\"https:\\\/\\\/gnistan.fi\\\/gnistan-3\\\/\",\"name\":\"Gnistan\\\/3 - IF Gnistan\",\"isPartOf\":{\"@id\":\"https:\\\/\\\/gnistan.fi\\\/#website\"},\"primaryImageOfPage\":{\"@id\":\"https:\\\/\\\/gnistan.fi\\\/gnistan-3\\\/#primaryimage\"},\"image\":{\"@id\":\"https:\\\/\\\/gnistan.fi\\\/gnistan-3\\\/#primaryimage\"},\"thumbnailUrl\":\"https:\\\/\\\/gnistan.fi\\\/wp-content\\\/uploads\\\/2024\\\/11\\\/gnistan-default-featured-2024-c.webp\",\"datePublished\":\"2025-02-05T11:30:53+00:00\",\"dateModified\":\"2025-10-29T08:29:03+00:00\",\"breadcrumb\":{\"@id\":\"https:\\\/\\\/gnistan.fi\\\/gnistan-3\\\/#breadcrumb\"},\"inLanguage\":\"en-US\",\"potentialAction\":[{\"@type\":\"ReadAction\",\"target\":[\"https:\\\/\\\/gnistan.fi\\\/gnistan-3\\\/\"]}]},{\"@type\":\"ImageObject\",\"inLanguage\":\"en-US\",\"@id\":\"https:\\\/\\\/gnistan.fi\\\/gnistan-3\\\/#primaryimage\",\"url\":\"https:\\\/\\\/gnistan.fi\\\/wp-content\\\/uploads\\\/2024\\\/11\\\/gnistan-default-featured-2024-c.webp\",\"contentUrl\":\"https:\\\/\\\/gnistan.fi\\\/wp-content\\\/uploads\\\/2024\\\/11\\\/gnistan-default-featured-2024-c.webp\",\"width\":1920,\"height\":1080},{\"@type\":\"BreadcrumbList\",\"@id\":\"https:\\\/\\\/gnistan.fi\\\/gnistan-3\\\/#breadcrumb\",\"itemListElement\":[{\"@type\":\"ListItem\",\"position\":1,\"name\":\"Etusivu\",\"item\":\"https:\\\/\\\/gnistan.fi\\\/\"},{\"@type\":\"ListItem\",\"position\":2,\"name\":\"Gnistan\\\/3\"}]},{\"@type\":\"WebSite\",\"@id\":\"https:\\\/\\\/gnistan.fi\\\/#website\",\"url\":\"https:\\\/\\\/gnistan.fi\\\/\",\"name\":\"IF Gnistan\",\"description\":\"Viralliset sivut\",\"publisher\":{\"@id\":\"https:\\\/\\\/gnistan.fi\\\/#organization\"},\"potentialAction\":[{\"@type\":\"SearchAction\",\"target\":{\"@type\":\"EntryPoint\",\"urlTemplate\":\"https:\\\/\\\/gnistan.fi\\\/?s={search_term_string}\"},\"query-input\":{\"@type\":\"PropertyValueSpecification\",\"valueRequired\":true,\"valueName\":\"search_term_string\"}}],\"inLanguage\":\"en-US\"},{\"@type\":\"Organization\",\"@id\":\"https:\\\/\\\/gnistan.fi\\\/#organization\",\"name\":\"IF Gnistan\",\"url\":\"https:\\\/\\\/gnistan.fi\\\/\",\"logo\":{\"@type\":\"ImageObject\",\"inLanguage\":\"en-US\",\"@id\":\"https:\\\/\\\/gnistan.fi\\\/#\\\/schema\\\/logo\\\/image\\\/\",\"url\":\"https:\\\/\\\/gnistan.fi\\\/wp-content\\\/uploads\\\/2019\\\/10\\\/if-gnistan-vector-logo.svg\",\"contentUrl\":\"https:\\\/\\\/gnistan.fi\\\/wp-content\\\/uploads\\\/2019\\\/10\\\/if-gnistan-vector-logo.svg\",\"width\":269,\"height\":314,\"caption\":\"IF Gnistan\"},\"image\":{\"@id\":\"https:\\\/\\\/gnistan.fi\\\/#\\\/schema\\\/logo\\\/image\\\/\"},\"sameAs\":[\"https:\\\/\\\/facebook.com\\\/ifgnistan\",\"https:\\\/\\\/x.com\\\/ifgnistan1924\",\"https:\\\/\\\/instagram.com\\\/ifgnistan1924\",\"https:\\\/\\\/www.linkedin.com\\\/company\\\/ifgnistan\\\/\"]}]}<\/script>\n<!-- \/ Yoast SEO plugin. -->","yoast_head_json":{"title":"Gnistan\/3 - IF Gnistan","robots":{"index":"index","follow":"follow","max-snippet":"max-snippet:-1","max-image-preview":"max-image-preview:large","max-video-preview":"max-video-preview:-1"},"canonical":"https:\/\/gnistan.fi\/en\/gnistan-3\/","og_locale":"en_US","og_type":"article","og_title":"Gnistan\/3 - IF Gnistan","og_description":"Gnistan\/3 pelaa kaudella 2026 miesten Nelosessa. Joukkue harjoittelee talvikaudella kaksi kertaa viikossa Oulunkyl\u00e4n Urheilupuistossa.\u00a0 Valmentajina toimivat Kenedy Da Silva Vieira sek\u00e4 Toni R\u00e4is\u00e4nen. Joukkueenjohtaja: Toni Ranta Uudet pelaajat ovat tervetulleita joukkueeseen, yhteydenotot: gnistan.kolme@gmail.com","og_url":"https:\/\/gnistan.fi\/en\/gnistan-3\/","og_site_name":"IF Gnistan","article_publisher":"https:\/\/facebook.com\/ifgnistan","article_modified_time":"2025-10-29T08:29:03+00:00","og_image":[{"width":1920,"height":1080,"url":"https:\/\/gnistan.fi\/wp-content\/uploads\/2024\/11\/gnistan-default-featured-2024-c.webp","type":"image\/webp"}],"twitter_card":"summary_large_image","twitter_site":"@ifgnistan1924","twitter_misc":{"Est. reading time":"1 minute"},"schema":{"@context":"https:\/\/schema.org","@graph":[{"@type":"WebPage","@id":"https:\/\/gnistan.fi\/gnistan-3\/","url":"https:\/\/gnistan.fi\/gnistan-3\/","name":"Gnistan\/3 - IF Gnistan","isPartOf":{"@id":"https:\/\/gnistan.fi\/#website"},"primaryImageOfPage":{"@id":"https:\/\/gnistan.fi\/gnistan-3\/#primaryimage"},"image":{"@id":"https:\/\/gnistan.fi\/gnistan-3\/#primaryimage"},"thumbnailUrl":"https:\/\/gnistan.fi\/wp-content\/uploads\/2024\/11\/gnistan-default-featured-2024-c.webp","datePublished":"2025-02-05T11:30:53+00:00","dateModified":"2025-10-29T08:29:03+00:00","breadcrumb":{"@id":"https:\/\/gnistan.fi\/gnistan-3\/#breadcrumb"},"inLanguage":"en-US","potentialAction":[{"@type":"ReadAction","target":["https:\/\/gnistan.fi\/gnistan-3\/"]}]},{"@type":"ImageObject","inLanguage":"en-US","@id":"https:\/\/gnistan.fi\/gnistan-3\/#primaryimage","url":"https:\/\/gnistan.fi\/wp-content\/uploads\/2024\/11\/gnistan-default-featured-2024-c.webp","contentUrl":"https:\/\/gnistan.fi\/wp-content\/uploads\/2024\/11\/gnistan-default-featured-2024-c.webp","width":1920,"height":1080},{"@type":"BreadcrumbList","@id":"https:\/\/gnistan.fi\/gnistan-3\/#breadcrumb","itemListElement":[{"@type":"ListItem","position":1,"name":"Etusivu","item":"https:\/\/gnistan.fi\/"},{"@type":"ListItem","position":2,"name":"Gnistan\/3"}]},{"@type":"WebSite","@id":"https:\/\/gnistan.fi\/#website","url":"https:\/\/gnistan.fi\/","name":"IF Gnistan","description":"Viralliset sivut","publisher":{"@id":"https:\/\/gnistan.fi\/#organization"},"potentialAction":[{"@type":"SearchAction","target":{"@type":"EntryPoint","urlTemplate":"https:\/\/gnistan.fi\/?s={search_term_string}"},"query-input":{"@type":"PropertyValueSpecification","valueRequired":true,"valueName":"search_term_string"}}],"inLanguage":"en-US"},{"@type":"Organization","@id":"https:\/\/gnistan.fi\/#organization","name":"IF Gnistan","url":"https:\/\/gnistan.fi\/","logo":{"@type":"ImageObject","inLanguage":"en-US","@id":"https:\/\/gnistan.fi\/#\/schema\/logo\/image\/","url":"https:\/\/gnistan.fi\/wp-content\/uploads\/2019\/10\/if-gnistan-vector-logo.svg","contentUrl":"https:\/\/gnistan.fi\/wp-content\/uploads\/2019\/10\/if-gnistan-vector-logo.svg","width":269,"height":314,"caption":"IF Gnistan"},"image":{"@id":"https:\/\/gnistan.fi\/#\/schema\/logo\/image\/"},"sameAs":["https:\/\/facebook.com\/ifgnistan","https:\/\/x.com\/ifgnistan1924","https:\/\/instagram.com\/ifgnistan1924","https:\/\/www.linkedin.com\/company\/ifgnistan\/"]}]}},"jetpack_sharing_enabled":true,"_links":{"self":[{"href":"https:\/\/gnistan.fi\/en\/wp-json\/wp\/v2\/pages\/38366","targetHints":{"allow":["GET"]}}],"collection":[{"href":"https:\/\/gnistan.fi\/en\/wp-json\/wp\/v2\/pages"}],"about":[{"href":"https:\/\/gnistan.fi\/en\/wp-json\/wp\/v2\/types\/page"}],"author":[{"embeddable":true,"href":"https:\/\/gnistan.fi\/en\/wp-json\/wp\/v2\/users\/27"}],"replies":[{"embeddable":true,"href":"https:\/\/gnistan.fi\/en\/wp-json\/wp\/v2\/comments?post=38366"}],"version-history":[{"count":4,"href":"https:\/\/gnistan.fi\/en\/wp-json\/wp\/v2\/pages\/38366\/revisions"}],"predecessor-version":[{"id":42542,"href":"https:\/\/gnistan.fi\/en\/wp-json\/wp\/v2\/pages\/38366\/revisions\/42542"}],"wp:featuredmedia":[{"embeddable":true,"href":"https:\/\/gnistan.fi\/en\/wp-json\/wp\/v2\/media\/36703"}],"wp:attachment":[{"href":"https:\/\/gnistan.fi\/en\/wp-json\/wp\/v2\/media?parent=38366"}],"curies":[{"name":"wp","href":"https:\/\/api.w.org\/{rel}","templated":true}]}}