{"id":37383,"date":"2024-12-18T15:51:59","date_gmt":"2024-12-18T13:51:59","guid":{"rendered":"https:\/\/gnistan.fi\/?page_id=37383"},"modified":"2026-01-08T17:25:31","modified_gmt":"2026-01-08T15:25:31","slug":"harrastejoukkueet","status":"publish","type":"page","link":"https:\/\/gnistan.fi\/en\/harrastejoukkueet\/","title":{"rendered":"Harrasteryhm\u00e4t"},"content":{"rendered":"<p>Suunnattu junioripelaajille (11-19 -vuotiaille tyt\u00f6ille ja pojille), jotka haluavat harrastaa jalkapalloa v\u00e4hemm\u00e4ll\u00e4 ajallisella panostuksella. Sopivat hyvin aiemmin harrastuksen lopettaneille tai pelaajille, jotka haluavat vain harjoitella v\u00e4hemm\u00e4n. Sopii my\u00f6s aloittelijoille.<\/p>\n\n\n\n<p>Ryhm\u00e4 harjoittelee kerran viikossa ymp\u00e4ri vuoden. Kes\u00e4kaudella ryhm\u00e4t osallistuvat my\u00f6s peleihin ja turnauksiin mahdollisuuksien mukaan.<\/p>\n\n\n\n<p>Ryhmi\u00e4 perustetaan eri ik\u00e4luokkiin kysynn\u00e4n mukaan, tarvittaessa ik\u00e4luokkia yhdistell\u00e4\u00e4n.<\/p>\n\n\n\n<p>Maksut harrastepelaajalle: j\u00e4senmaksu 40 \u20ac \/vuosi ja kuukausimaksu t\u00e4ll\u00e4 hetkell\u00e4 13\u20ac\/kk.  <a href=\"https:\/\/gnistan.fi\/en\/seuran-maksut\/\">Seuran maksut 2026 &#8211; IF Gnistan<\/a><\/p>\n\n\n\n<p>Palloliiton korttelipassi sek\u00e4 vakuutus tarvitaan.<\/p>\n\n\n\n<p><strong>Kyselyt ja ilmoittautumiset:<\/strong><\/p>\n\n\n\n<p>Kaius Krabbe<br>IF Gnistan<br>Harrastejoukkueiden valmennusp\u00e4\u00e4llikk\u00f6<br><a href=\"mailto:kaius.krabbe@gnistan.fi\">kaius.krabbe@gnistan.fi<\/a><br>+358 45 202 4949<\/p>\n\n\n\n<p><\/p>","protected":false},"excerpt":{"rendered":"<p>Suunnattu junioripelaajille (11-19 -vuotiaille tyt\u00f6ille ja pojille), jotka haluavat harrastaa jalkapalloa v\u00e4hemm\u00e4ll\u00e4 ajallisella panostuksella. Sopivat hyvin aiemmin harrastuksen lopettaneille tai pelaajille, jotka haluavat vain harjoitella v\u00e4hemm\u00e4n. Sopii my\u00f6s aloittelijoille. Ryhm\u00e4 harjoittelee kerran viikossa ymp\u00e4ri vuoden. Kes\u00e4kaudella ryhm\u00e4t osallistuvat my\u00f6s peleihin ja turnauksiin mahdollisuuksien mukaan. Ryhmi\u00e4 perustetaan eri ik\u00e4luokkiin kysynn\u00e4n mukaan, tarvittaessa ik\u00e4luokkia yhdistell\u00e4\u00e4n. Maksut harrastepelaajalle: [&hellip;]<\/p>\n","protected":false},"author":27,"featured_media":36703,"parent":0,"menu_order":0,"comment_status":"closed","ping_status":"closed","template":"","meta":{"_acf_changed":false,"footnotes":""},"class_list":["post-37383","page","type-page","status-publish","has-post-thumbnail","hentry"],"acf":[],"yoast_head":"<!-- This site is optimized with the Yoast SEO plugin v27.3 - https:\/\/yoast.com\/product\/yoast-seo-wordpress\/ -->\n<title>Harrasteryhm\u00e4t - IF Gnistan<\/title>\n<meta name=\"robots\" content=\"index, follow, max-snippet:-1, max-image-preview:large, max-video-preview:-1\" \/>\n<link rel=\"canonical\" href=\"https:\/\/gnistan.fi\/en\/harrastejoukkueet\/\" \/>\n<meta property=\"og:locale\" content=\"en_US\" \/>\n<meta property=\"og:type\" content=\"article\" \/>\n<meta property=\"og:title\" content=\"Harrasteryhm\u00e4t - IF Gnistan\" \/>\n<meta property=\"og:description\" content=\"Suunnattu junioripelaajille (11-19 -vuotiaille tyt\u00f6ille ja pojille), jotka haluavat harrastaa jalkapalloa v\u00e4hemm\u00e4ll\u00e4 ajallisella panostuksella. Sopivat hyvin aiemmin harrastuksen lopettaneille tai pelaajille, jotka haluavat vain harjoitella v\u00e4hemm\u00e4n. Sopii my\u00f6s aloittelijoille. Ryhm\u00e4 harjoittelee kerran viikossa ymp\u00e4ri vuoden. Kes\u00e4kaudella ryhm\u00e4t osallistuvat my\u00f6s peleihin ja turnauksiin mahdollisuuksien mukaan. Ryhmi\u00e4 perustetaan eri ik\u00e4luokkiin kysynn\u00e4n mukaan, tarvittaessa ik\u00e4luokkia yhdistell\u00e4\u00e4n. Maksut harrastepelaajalle: [&hellip;]\" \/>\n<meta property=\"og:url\" content=\"https:\/\/gnistan.fi\/en\/harrastejoukkueet\/\" \/>\n<meta property=\"og:site_name\" content=\"IF Gnistan\" \/>\n<meta property=\"article:publisher\" content=\"https:\/\/facebook.com\/ifgnistan\" \/>\n<meta property=\"article:modified_time\" content=\"2026-01-08T15:25:31+00:00\" \/>\n<meta property=\"og:image\" content=\"https:\/\/gnistan.fi\/wp-content\/uploads\/2024\/11\/gnistan-default-featured-2024-c.webp\" \/>\n\t<meta property=\"og:image:width\" content=\"1920\" \/>\n\t<meta property=\"og:image:height\" content=\"1080\" \/>\n\t<meta property=\"og:image:type\" content=\"image\/webp\" \/>\n<meta name=\"twitter:card\" content=\"summary_large_image\" \/>\n<meta name=\"twitter:site\" content=\"@ifgnistan1924\" \/>\n<meta name=\"twitter:label1\" content=\"Est. reading time\" \/>\n\t<meta name=\"twitter:data1\" content=\"1 minute\" \/>\n<script type=\"application\/ld+json\" class=\"yoast-schema-graph\">{\"@context\":\"https:\\\/\\\/schema.org\",\"@graph\":[{\"@type\":\"WebPage\",\"@id\":\"https:\\\/\\\/gnistan.fi\\\/harrastejoukkueet\\\/\",\"url\":\"https:\\\/\\\/gnistan.fi\\\/harrastejoukkueet\\\/\",\"name\":\"Harrasteryhm\u00e4t - IF Gnistan\",\"isPartOf\":{\"@id\":\"https:\\\/\\\/gnistan.fi\\\/#website\"},\"primaryImageOfPage\":{\"@id\":\"https:\\\/\\\/gnistan.fi\\\/harrastejoukkueet\\\/#primaryimage\"},\"image\":{\"@id\":\"https:\\\/\\\/gnistan.fi\\\/harrastejoukkueet\\\/#primaryimage\"},\"thumbnailUrl\":\"https:\\\/\\\/gnistan.fi\\\/wp-content\\\/uploads\\\/2024\\\/11\\\/gnistan-default-featured-2024-c.webp\",\"datePublished\":\"2024-12-18T13:51:59+00:00\",\"dateModified\":\"2026-01-08T15:25:31+00:00\",\"breadcrumb\":{\"@id\":\"https:\\\/\\\/gnistan.fi\\\/harrastejoukkueet\\\/#breadcrumb\"},\"inLanguage\":\"en-US\",\"potentialAction\":[{\"@type\":\"ReadAction\",\"target\":[\"https:\\\/\\\/gnistan.fi\\\/harrastejoukkueet\\\/\"]}]},{\"@type\":\"ImageObject\",\"inLanguage\":\"en-US\",\"@id\":\"https:\\\/\\\/gnistan.fi\\\/harrastejoukkueet\\\/#primaryimage\",\"url\":\"https:\\\/\\\/gnistan.fi\\\/wp-content\\\/uploads\\\/2024\\\/11\\\/gnistan-default-featured-2024-c.webp\",\"contentUrl\":\"https:\\\/\\\/gnistan.fi\\\/wp-content\\\/uploads\\\/2024\\\/11\\\/gnistan-default-featured-2024-c.webp\",\"width\":1920,\"height\":1080},{\"@type\":\"BreadcrumbList\",\"@id\":\"https:\\\/\\\/gnistan.fi\\\/harrastejoukkueet\\\/#breadcrumb\",\"itemListElement\":[{\"@type\":\"ListItem\",\"position\":1,\"name\":\"Etusivu\",\"item\":\"https:\\\/\\\/gnistan.fi\\\/\"},{\"@type\":\"ListItem\",\"position\":2,\"name\":\"Harrasteryhm\u00e4t\"}]},{\"@type\":\"WebSite\",\"@id\":\"https:\\\/\\\/gnistan.fi\\\/#website\",\"url\":\"https:\\\/\\\/gnistan.fi\\\/\",\"name\":\"IF Gnistan\",\"description\":\"Viralliset sivut\",\"publisher\":{\"@id\":\"https:\\\/\\\/gnistan.fi\\\/#organization\"},\"potentialAction\":[{\"@type\":\"SearchAction\",\"target\":{\"@type\":\"EntryPoint\",\"urlTemplate\":\"https:\\\/\\\/gnistan.fi\\\/?s={search_term_string}\"},\"query-input\":{\"@type\":\"PropertyValueSpecification\",\"valueRequired\":true,\"valueName\":\"search_term_string\"}}],\"inLanguage\":\"en-US\"},{\"@type\":\"Organization\",\"@id\":\"https:\\\/\\\/gnistan.fi\\\/#organization\",\"name\":\"IF Gnistan\",\"url\":\"https:\\\/\\\/gnistan.fi\\\/\",\"logo\":{\"@type\":\"ImageObject\",\"inLanguage\":\"en-US\",\"@id\":\"https:\\\/\\\/gnistan.fi\\\/#\\\/schema\\\/logo\\\/image\\\/\",\"url\":\"https:\\\/\\\/gnistan.fi\\\/wp-content\\\/uploads\\\/2019\\\/10\\\/if-gnistan-vector-logo.svg\",\"contentUrl\":\"https:\\\/\\\/gnistan.fi\\\/wp-content\\\/uploads\\\/2019\\\/10\\\/if-gnistan-vector-logo.svg\",\"width\":269,\"height\":314,\"caption\":\"IF Gnistan\"},\"image\":{\"@id\":\"https:\\\/\\\/gnistan.fi\\\/#\\\/schema\\\/logo\\\/image\\\/\"},\"sameAs\":[\"https:\\\/\\\/facebook.com\\\/ifgnistan\",\"https:\\\/\\\/x.com\\\/ifgnistan1924\",\"https:\\\/\\\/instagram.com\\\/ifgnistan1924\",\"https:\\\/\\\/www.linkedin.com\\\/company\\\/ifgnistan\\\/\"]}]}<\/script>\n<!-- \/ Yoast SEO plugin. -->","yoast_head_json":{"title":"Harrasteryhm\u00e4t - IF Gnistan","robots":{"index":"index","follow":"follow","max-snippet":"max-snippet:-1","max-image-preview":"max-image-preview:large","max-video-preview":"max-video-preview:-1"},"canonical":"https:\/\/gnistan.fi\/en\/harrastejoukkueet\/","og_locale":"en_US","og_type":"article","og_title":"Harrasteryhm\u00e4t - IF Gnistan","og_description":"Suunnattu junioripelaajille (11-19 -vuotiaille tyt\u00f6ille ja pojille), jotka haluavat harrastaa jalkapalloa v\u00e4hemm\u00e4ll\u00e4 ajallisella panostuksella. Sopivat hyvin aiemmin harrastuksen lopettaneille tai pelaajille, jotka haluavat vain harjoitella v\u00e4hemm\u00e4n. Sopii my\u00f6s aloittelijoille. Ryhm\u00e4 harjoittelee kerran viikossa ymp\u00e4ri vuoden. Kes\u00e4kaudella ryhm\u00e4t osallistuvat my\u00f6s peleihin ja turnauksiin mahdollisuuksien mukaan. Ryhmi\u00e4 perustetaan eri ik\u00e4luokkiin kysynn\u00e4n mukaan, tarvittaessa ik\u00e4luokkia yhdistell\u00e4\u00e4n. Maksut harrastepelaajalle: [&hellip;]","og_url":"https:\/\/gnistan.fi\/en\/harrastejoukkueet\/","og_site_name":"IF Gnistan","article_publisher":"https:\/\/facebook.com\/ifgnistan","article_modified_time":"2026-01-08T15:25:31+00:00","og_image":[{"width":1920,"height":1080,"url":"https:\/\/gnistan.fi\/wp-content\/uploads\/2024\/11\/gnistan-default-featured-2024-c.webp","type":"image\/webp"}],"twitter_card":"summary_large_image","twitter_site":"@ifgnistan1924","twitter_misc":{"Est. reading time":"1 minute"},"schema":{"@context":"https:\/\/schema.org","@graph":[{"@type":"WebPage","@id":"https:\/\/gnistan.fi\/harrastejoukkueet\/","url":"https:\/\/gnistan.fi\/harrastejoukkueet\/","name":"Harrasteryhm\u00e4t - IF Gnistan","isPartOf":{"@id":"https:\/\/gnistan.fi\/#website"},"primaryImageOfPage":{"@id":"https:\/\/gnistan.fi\/harrastejoukkueet\/#primaryimage"},"image":{"@id":"https:\/\/gnistan.fi\/harrastejoukkueet\/#primaryimage"},"thumbnailUrl":"https:\/\/gnistan.fi\/wp-content\/uploads\/2024\/11\/gnistan-default-featured-2024-c.webp","datePublished":"2024-12-18T13:51:59+00:00","dateModified":"2026-01-08T15:25:31+00:00","breadcrumb":{"@id":"https:\/\/gnistan.fi\/harrastejoukkueet\/#breadcrumb"},"inLanguage":"en-US","potentialAction":[{"@type":"ReadAction","target":["https:\/\/gnistan.fi\/harrastejoukkueet\/"]}]},{"@type":"ImageObject","inLanguage":"en-US","@id":"https:\/\/gnistan.fi\/harrastejoukkueet\/#primaryimage","url":"https:\/\/gnistan.fi\/wp-content\/uploads\/2024\/11\/gnistan-default-featured-2024-c.webp","contentUrl":"https:\/\/gnistan.fi\/wp-content\/uploads\/2024\/11\/gnistan-default-featured-2024-c.webp","width":1920,"height":1080},{"@type":"BreadcrumbList","@id":"https:\/\/gnistan.fi\/harrastejoukkueet\/#breadcrumb","itemListElement":[{"@type":"ListItem","position":1,"name":"Etusivu","item":"https:\/\/gnistan.fi\/"},{"@type":"ListItem","position":2,"name":"Harrasteryhm\u00e4t"}]},{"@type":"WebSite","@id":"https:\/\/gnistan.fi\/#website","url":"https:\/\/gnistan.fi\/","name":"IF Gnistan","description":"Viralliset sivut","publisher":{"@id":"https:\/\/gnistan.fi\/#organization"},"potentialAction":[{"@type":"SearchAction","target":{"@type":"EntryPoint","urlTemplate":"https:\/\/gnistan.fi\/?s={search_term_string}"},"query-input":{"@type":"PropertyValueSpecification","valueRequired":true,"valueName":"search_term_string"}}],"inLanguage":"en-US"},{"@type":"Organization","@id":"https:\/\/gnistan.fi\/#organization","name":"IF Gnistan","url":"https:\/\/gnistan.fi\/","logo":{"@type":"ImageObject","inLanguage":"en-US","@id":"https:\/\/gnistan.fi\/#\/schema\/logo\/image\/","url":"https:\/\/gnistan.fi\/wp-content\/uploads\/2019\/10\/if-gnistan-vector-logo.svg","contentUrl":"https:\/\/gnistan.fi\/wp-content\/uploads\/2019\/10\/if-gnistan-vector-logo.svg","width":269,"height":314,"caption":"IF Gnistan"},"image":{"@id":"https:\/\/gnistan.fi\/#\/schema\/logo\/image\/"},"sameAs":["https:\/\/facebook.com\/ifgnistan","https:\/\/x.com\/ifgnistan1924","https:\/\/instagram.com\/ifgnistan1924","https:\/\/www.linkedin.com\/company\/ifgnistan\/"]}]}},"jetpack_sharing_enabled":true,"_links":{"self":[{"href":"https:\/\/gnistan.fi\/en\/wp-json\/wp\/v2\/pages\/37383","targetHints":{"allow":["GET"]}}],"collection":[{"href":"https:\/\/gnistan.fi\/en\/wp-json\/wp\/v2\/pages"}],"about":[{"href":"https:\/\/gnistan.fi\/en\/wp-json\/wp\/v2\/types\/page"}],"author":[{"embeddable":true,"href":"https:\/\/gnistan.fi\/en\/wp-json\/wp\/v2\/users\/27"}],"replies":[{"embeddable":true,"href":"https:\/\/gnistan.fi\/en\/wp-json\/wp\/v2\/comments?post=37383"}],"version-history":[{"count":4,"href":"https:\/\/gnistan.fi\/en\/wp-json\/wp\/v2\/pages\/37383\/revisions"}],"predecessor-version":[{"id":43348,"href":"https:\/\/gnistan.fi\/en\/wp-json\/wp\/v2\/pages\/37383\/revisions\/43348"}],"wp:featuredmedia":[{"embeddable":true,"href":"https:\/\/gnistan.fi\/en\/wp-json\/wp\/v2\/media\/36703"}],"wp:attachment":[{"href":"https:\/\/gnistan.fi\/en\/wp-json\/wp\/v2\/media?parent=37383"}],"curies":[{"name":"wp","href":"https:\/\/api.w.org\/{rel}","templated":true}]}}