{"id":29621,"date":"2024-06-06T17:35:24","date_gmt":"2024-06-06T14:35:24","guid":{"rendered":"https:\/\/gnistan.fi\/?page_id=29621"},"modified":"2026-04-07T12:37:23","modified_gmt":"2026-04-07T09:37:23","slug":"gnistan-skidi-cup","status":"publish","type":"page","link":"https:\/\/gnistan.fi\/en\/gnistan-skidi-cup\/","title":{"rendered":"Skidi Cup"},"content":{"rendered":"<p><strong>Skidi cup j\u00e4rjestet\u00e4\u00e4n kolmannen kerran vuonna 2026! IF Gnistan j\u00e4rjest\u00e4\u00e4 yhdess\u00e4 P2018 ja P2019 joukkueiden kanssa j\u00e4lleen huippusuositun turnauksen, joka sai alkunsa seuran 100-vuotis juhlakauden kunniaksi vuonna 2024. Turnaus j\u00e4rjestet\u00e4\u00e4n nuorimmille ik\u00e4luokille huippuolosuhteissa Markku.fi ja Pikkupekka areenoilla sunnuntaina 4.10.202<\/strong>6.<\/p>\n\n\n\n<p><\/p>\n\n\n\n<ul class=\"wp-block-list\">\n<li>SARJAT KAUDELLA 2026:\n<ul class=\"wp-block-list\">\n<li>P2018 kilpa, haaste, harraste,<\/li>\n\n\n\n<li>P2019 kilpa, haaste, harraste,<\/li>\n\n\n\n<li>P2020\/21 enemm\u00e4n ja v\u00e4hemm\u00e4n pelanneet&nbsp;<\/li>\n<\/ul>\n<\/li>\n\n\n\n<li>PELIAIKA: 1 x 25 min (v\u00e4hint\u00e4\u00e4n 3 peli\u00e4)<\/li>\n\n\n\n<li>HINTA: <strong>Early bird hinta 31.5 asti<\/strong>: 85 \u20ac\/ joukkue, 165 \u20ac\/kaksi joukkuetta, 240 \u20ac\/kolme joukkuetta samasta ik\u00e4luokasta. Hinnat 1.6 alkaen: 90\u20ac\/joukkue, 175 \u20ac\/kaksi joukkuetta, 255\u20ac\/kolme joukkuetta.<\/li>\n\n\n\n<li><a href=\"https:\/\/forms.gle\/zqRoYtLCmRCvJaex8\"><strong>ILMOITTAUTUDU T\u00c4\u00c4LT\u00c4<\/strong><\/a><\/li>\n\n\n\n<li>Osallistuminen voidaan perua 11.8. 2026 asti ilman kustannuksia ja annamme paikan jonossa mahdollisesti oleville. T\u00e4m\u00e4n j\u00e4lkeen tapahtuneista peruutuksista perimme 50% osallistumismaksusta.<\/li>\n\n\n\n<li>Jokaiselle osallistujalle jaetaan mitali ( max. 10 pelaajaa \/ joukkue)&nbsp;&nbsp;<\/li>\n\n\n\n<li>Pelinohjaajina turnauksessa toimivat Gnistanin omat pelinohjaajakoulutuksen k\u00e4yneet juniorit. Kannustetaan my\u00f6s heit\u00e4 uudessa roolissaan!<\/li>\n\n\n\n<li>Lis\u00e4tiedot: <a href=\"mailto:gnistanskidicup@gmail.com\">gnistanskidicup@gmail.com<\/a><\/li>\n<\/ul>\n\n\n\n<p><\/p>\n\n\n\n<p><strong>TERVETULOA! V\u00c4LKOMMEN!<\/strong><\/p>\n\n\n\n<p>Ilmoittautuneet 9.3.26<\/p>\n\n\n\n<h2 class=\"wp-block-heading\">P2018 KILPA<\/h2>\n\n\n\n<ul class=\"wp-block-list\">\n<li>IF Gnistan\/Keltainen<\/li>\n\n\n\n<li>IF Gnistan\/Keltainen 2<\/li>\n\n\n\n<li>TIPS Valkoinen<\/li>\n\n\n\n<li>MPS\/Keltainen<\/li>\n<\/ul>\n\n\n\n<p><\/p>\n\n\n\n<h2 class=\"wp-block-heading\">P2018 HAASTE<\/h2>\n\n\n\n<ul class=\"wp-block-list\">\n<li>IF Gnistan\/Keltainen 3<\/li>\n\n\n\n<li>IF Gnistan\/Sininen<\/li>\n\n\n\n<li>TIPS Vihre\u00e4<\/li>\n\n\n\n<li>MPS\/Musta<\/li>\n<\/ul>\n\n\n\n<p><\/p>\n\n\n\n<h2 class=\"wp-block-heading\">P2018 HARRASTE<\/h2>\n\n\n\n<ul class=\"wp-block-list\">\n<li>IF Gnistan\/Sininen 2<\/li>\n\n\n\n<li>IF Gnistan\/Sininen 3<\/li>\n\n\n\n<li>TIPS Harmaa<\/li>\n\n\n\n<li>MPS\/Valkoinen<\/li>\n\n\n\n<li>MPS\/Sininen<\/li>\n<\/ul>\n\n\n\n<p><\/p>\n\n\n\n<h2 class=\"wp-block-heading\">P2019 KILPA<\/h2>\n\n\n\n<ul class=\"wp-block-list\">\n<li>Gnistan\/Keltainen 1<\/li>\n\n\n\n<li>MPS\/Keltainen<\/li>\n\n\n\n<li>HPS<\/li>\n<\/ul>\n\n\n\n<h2 class=\"wp-block-heading\">P2019 HAASTE<\/h2>\n\n\n\n<ul class=\"wp-block-list\">\n<li>Gnistan\/Keltainen 2<\/li>\n\n\n\n<li>Gnistan\/Keltainen 3<\/li>\n\n\n\n<li>MPS\/Musta<\/li>\n\n\n\n<li>HPS Vihre\u00e4<\/li>\n\n\n\n<li>PiTa\/Musta<\/li>\n<\/ul>\n\n\n\n<h2 class=\"wp-block-heading\">P2019 HARRASTE<\/h2>\n\n\n\n<ul class=\"wp-block-list\">\n<li>Gnistan\/Sininen 1<\/li>\n\n\n\n<li>Gnistan\/Sininen 2<\/li>\n\n\n\n<li>Gnistan\/Sininen 3<\/li>\n\n\n\n<li>MPS\/Valkoinen<\/li>\n\n\n\n<li>MPS\/Sininen<\/li>\n\n\n\n<li>HPS Valkoinen<\/li>\n\n\n\n<li>PiTa\/Keltainen<\/li>\n\n\n\n<li>PiTa\/Punainen<\/li>\n<\/ul>\n\n\n\n<p><\/p>\n\n\n\n<h2 class=\"wp-block-heading\">P2020\/21 Enemm\u00e4n pelanneet<\/h2>\n\n\n\n<ul class=\"wp-block-list\">\n<li>IF Gnistan\/Keltainen 1<\/li>\n\n\n\n<li>HPS<\/li>\n\n\n\n<li>FC Kirkkonummi \/ FCK<\/li>\n\n\n\n<li>MPS PT2020 Keltainen<\/li>\n<\/ul>\n\n\n\n<p><\/p>\n\n\n\n<h2 class=\"wp-block-heading\">P2020\/21 V\u00e4hemm\u00e4n pelanneet<\/h2>\n\n\n\n<ul class=\"wp-block-list\">\n<li>IF Gnistan\/Sininen 1<\/li>\n\n\n\n<li>IF Gnistan\/Sininen 2<\/li>\n\n\n\n<li>HPS Vihre\u00e4<\/li>\n\n\n\n<li>HPS Valkoinen<\/li>\n\n\n\n<li>FC Kirkkonummi \/ Black<\/li>\n\n\n\n<li>FC Kirkkonummi \/ White<\/li>\n\n\n\n<li>MPS PT2020 Musta<\/li>\n\n\n\n<li>MPS PT2020 Valkoinen<\/li>\n<\/ul>\n\n\n\n<p><\/p>\n\n\n\n<p>Tulemme valokuvaamaan joukkueita ja pelaajia turnauksessa.<\/p>\n\n\n\n<p><\/p>\n\n\n\n<p>Tunnelmia aiemmilta vuosilta:<\/p>\n\n\n\n<p><a href=\"https:\/\/www.instagram.com\/ifgnistanskidicup\">https:\/\/www.instagram.com\/ifgnistanskidicup<\/a><\/p>\n\n\n\n<p class=\"has-medium-font-size\"><\/p>\n\n\n\n<p><\/p>\n\n\n\n<p class=\"has-large-font-size\"><\/p>\n\n\n\n<h4 class=\"wp-block-heading has-text-align-center has-vivid-cyan-blue-color has-text-color has-link-color has-x-large-font-size wp-elements-41e2a14b96386878cfd09c22e0e779ae\">SKIDI CUPIA TUKEMASSA VUONNA 2025 OLIVAT:<\/h4>\n\n\n\n<figure class=\"wp-block-image size-large\"><img fetchpriority=\"high\" decoding=\"async\" width=\"1024\" height=\"1024\" src=\"https:\/\/gnistan.fi\/wp-content\/uploads\/2025\/09\/SPONSORIT2-1024x1024.jpg\" alt=\"\" class=\"wp-image-41989\" srcset=\"https:\/\/gnistan.fi\/wp-content\/uploads\/2025\/09\/SPONSORIT2-1024x1024.jpg 1024w, https:\/\/gnistan.fi\/wp-content\/uploads\/2025\/09\/SPONSORIT2-300x300.jpg 300w, https:\/\/gnistan.fi\/wp-content\/uploads\/2025\/09\/SPONSORIT2-150x150.jpg 150w, https:\/\/gnistan.fi\/wp-content\/uploads\/2025\/09\/SPONSORIT2-768x768.jpg 768w, https:\/\/gnistan.fi\/wp-content\/uploads\/2025\/09\/SPONSORIT2-1536x1536.jpg 1536w, https:\/\/gnistan.fi\/wp-content\/uploads\/2025\/09\/SPONSORIT2-12x12.jpg 12w, https:\/\/gnistan.fi\/wp-content\/uploads\/2025\/09\/SPONSORIT2.jpg 1600w\" sizes=\"(max-width: 1024px) 100vw, 1024px\" \/><\/figure>\n\n\n\n<p><\/p>\n\n\n\n<p><\/p>","protected":false},"excerpt":{"rendered":"<p>Skidi cup j\u00e4rjestet\u00e4\u00e4n kolmannen kerran vuonna 2026! IF Gnistan j\u00e4rjest\u00e4\u00e4 yhdess\u00e4 P2018 ja P2019 joukkueiden kanssa j\u00e4lleen huippusuositun turnauksen, joka sai alkunsa seuran 100-vuotis juhlakauden kunniaksi vuonna 2024. Turnaus j\u00e4rjestet\u00e4\u00e4n nuorimmille ik\u00e4luokille huippuolosuhteissa Markku.fi ja Pikkupekka areenoilla sunnuntaina 4.10.2026. TERVETULOA! V\u00c4LKOMMEN! Ilmoittautuneet 9.3.26 P2018 KILPA P2018 HAASTE P2018 HARRASTE P2019 KILPA P2019 HAASTE P2019 HARRASTE [&hellip;]<\/p>\n","protected":false},"author":24,"featured_media":36703,"parent":0,"menu_order":0,"comment_status":"closed","ping_status":"closed","template":"","meta":{"_acf_changed":false,"footnotes":""},"class_list":["post-29621","page","type-page","status-publish","has-post-thumbnail","hentry"],"acf":[],"yoast_head":"<!-- This site is optimized with the Yoast SEO plugin v27.3 - https:\/\/yoast.com\/product\/yoast-seo-wordpress\/ -->\n<title>Skidi Cup - IF Gnistan<\/title>\n<meta name=\"description\" content=\"Nuorimmille ik\u00e4polville suunnattu suuren suosion saavuttanut Skidi Cup j\u00e4rjestet\u00e4\u00e4n t\u00e4n\u00e4kin vuonna Oulunkyl\u00e4ss\u00e4 - ilmoittaudu nyt!\" \/>\n<meta name=\"robots\" content=\"index, follow, max-snippet:-1, max-image-preview:large, max-video-preview:-1\" \/>\n<link rel=\"canonical\" href=\"https:\/\/gnistan.fi\/en\/gnistan-skidi-cup\/\" \/>\n<meta property=\"og:locale\" content=\"en_US\" \/>\n<meta property=\"og:type\" content=\"article\" \/>\n<meta property=\"og:title\" content=\"Skidi Cup - IF Gnistan\" \/>\n<meta property=\"og:description\" content=\"Nuorimmille ik\u00e4polville suunnattu suuren suosion saavuttanut Skidi Cup j\u00e4rjestet\u00e4\u00e4n t\u00e4n\u00e4kin vuonna Oulunkyl\u00e4ss\u00e4 - ilmoittaudu nyt!\" \/>\n<meta property=\"og:url\" content=\"https:\/\/gnistan.fi\/en\/gnistan-skidi-cup\/\" \/>\n<meta property=\"og:site_name\" content=\"IF Gnistan\" \/>\n<meta property=\"article:publisher\" content=\"https:\/\/facebook.com\/ifgnistan\" \/>\n<meta property=\"article:modified_time\" content=\"2026-04-07T09:37:23+00:00\" \/>\n<meta property=\"og:image\" content=\"https:\/\/gnistan.fi\/wp-content\/uploads\/2025\/09\/SPONSORIT2.jpg\" \/>\n\t<meta property=\"og:image:width\" content=\"1600\" \/>\n\t<meta property=\"og:image:height\" content=\"1600\" \/>\n\t<meta property=\"og:image:type\" content=\"image\/jpeg\" \/>\n<meta name=\"twitter:card\" content=\"summary_large_image\" \/>\n<meta name=\"twitter:site\" content=\"@ifgnistan1924\" \/>\n<meta name=\"twitter:label1\" content=\"Est. reading time\" \/>\n\t<meta name=\"twitter:data1\" content=\"2 minutes\" \/>\n<script type=\"application\/ld+json\" class=\"yoast-schema-graph\">{\"@context\":\"https:\\\/\\\/schema.org\",\"@graph\":[{\"@type\":\"WebPage\",\"@id\":\"https:\\\/\\\/gnistan.fi\\\/gnistan-skidi-cup\\\/\",\"url\":\"https:\\\/\\\/gnistan.fi\\\/gnistan-skidi-cup\\\/\",\"name\":\"Skidi Cup - IF Gnistan\",\"isPartOf\":{\"@id\":\"https:\\\/\\\/gnistan.fi\\\/#website\"},\"primaryImageOfPage\":{\"@id\":\"https:\\\/\\\/gnistan.fi\\\/gnistan-skidi-cup\\\/#primaryimage\"},\"image\":{\"@id\":\"https:\\\/\\\/gnistan.fi\\\/gnistan-skidi-cup\\\/#primaryimage\"},\"thumbnailUrl\":\"https:\\\/\\\/gnistan.fi\\\/wp-content\\\/uploads\\\/2024\\\/11\\\/gnistan-default-featured-2024-c.webp\",\"datePublished\":\"2024-06-06T14:35:24+00:00\",\"dateModified\":\"2026-04-07T09:37:23+00:00\",\"description\":\"Nuorimmille ik\u00e4polville suunnattu suuren suosion saavuttanut Skidi Cup j\u00e4rjestet\u00e4\u00e4n t\u00e4n\u00e4kin vuonna Oulunkyl\u00e4ss\u00e4 - ilmoittaudu nyt!\",\"breadcrumb\":{\"@id\":\"https:\\\/\\\/gnistan.fi\\\/gnistan-skidi-cup\\\/#breadcrumb\"},\"inLanguage\":\"en-US\",\"potentialAction\":[{\"@type\":\"ReadAction\",\"target\":[\"https:\\\/\\\/gnistan.fi\\\/gnistan-skidi-cup\\\/\"]}]},{\"@type\":\"ImageObject\",\"inLanguage\":\"en-US\",\"@id\":\"https:\\\/\\\/gnistan.fi\\\/gnistan-skidi-cup\\\/#primaryimage\",\"url\":\"https:\\\/\\\/gnistan.fi\\\/wp-content\\\/uploads\\\/2024\\\/11\\\/gnistan-default-featured-2024-c.webp\",\"contentUrl\":\"https:\\\/\\\/gnistan.fi\\\/wp-content\\\/uploads\\\/2024\\\/11\\\/gnistan-default-featured-2024-c.webp\",\"width\":1920,\"height\":1080},{\"@type\":\"BreadcrumbList\",\"@id\":\"https:\\\/\\\/gnistan.fi\\\/gnistan-skidi-cup\\\/#breadcrumb\",\"itemListElement\":[{\"@type\":\"ListItem\",\"position\":1,\"name\":\"Etusivu\",\"item\":\"https:\\\/\\\/gnistan.fi\\\/\"},{\"@type\":\"ListItem\",\"position\":2,\"name\":\"Skidi Cup\"}]},{\"@type\":\"WebSite\",\"@id\":\"https:\\\/\\\/gnistan.fi\\\/#website\",\"url\":\"https:\\\/\\\/gnistan.fi\\\/\",\"name\":\"IF Gnistan\",\"description\":\"Viralliset sivut\",\"publisher\":{\"@id\":\"https:\\\/\\\/gnistan.fi\\\/#organization\"},\"potentialAction\":[{\"@type\":\"SearchAction\",\"target\":{\"@type\":\"EntryPoint\",\"urlTemplate\":\"https:\\\/\\\/gnistan.fi\\\/?s={search_term_string}\"},\"query-input\":{\"@type\":\"PropertyValueSpecification\",\"valueRequired\":true,\"valueName\":\"search_term_string\"}}],\"inLanguage\":\"en-US\"},{\"@type\":\"Organization\",\"@id\":\"https:\\\/\\\/gnistan.fi\\\/#organization\",\"name\":\"IF Gnistan\",\"url\":\"https:\\\/\\\/gnistan.fi\\\/\",\"logo\":{\"@type\":\"ImageObject\",\"inLanguage\":\"en-US\",\"@id\":\"https:\\\/\\\/gnistan.fi\\\/#\\\/schema\\\/logo\\\/image\\\/\",\"url\":\"https:\\\/\\\/gnistan.fi\\\/wp-content\\\/uploads\\\/2019\\\/10\\\/if-gnistan-vector-logo.svg\",\"contentUrl\":\"https:\\\/\\\/gnistan.fi\\\/wp-content\\\/uploads\\\/2019\\\/10\\\/if-gnistan-vector-logo.svg\",\"width\":269,\"height\":314,\"caption\":\"IF Gnistan\"},\"image\":{\"@id\":\"https:\\\/\\\/gnistan.fi\\\/#\\\/schema\\\/logo\\\/image\\\/\"},\"sameAs\":[\"https:\\\/\\\/facebook.com\\\/ifgnistan\",\"https:\\\/\\\/x.com\\\/ifgnistan1924\",\"https:\\\/\\\/instagram.com\\\/ifgnistan1924\",\"https:\\\/\\\/www.linkedin.com\\\/company\\\/ifgnistan\\\/\"]}]}<\/script>\n<!-- \/ Yoast SEO plugin. -->","yoast_head_json":{"title":"Skidi Cup - IF Gnistan","description":"Nuorimmille ik\u00e4polville suunnattu suuren suosion saavuttanut Skidi Cup j\u00e4rjestet\u00e4\u00e4n t\u00e4n\u00e4kin vuonna Oulunkyl\u00e4ss\u00e4 - ilmoittaudu nyt!","robots":{"index":"index","follow":"follow","max-snippet":"max-snippet:-1","max-image-preview":"max-image-preview:large","max-video-preview":"max-video-preview:-1"},"canonical":"https:\/\/gnistan.fi\/en\/gnistan-skidi-cup\/","og_locale":"en_US","og_type":"article","og_title":"Skidi Cup - IF Gnistan","og_description":"Nuorimmille ik\u00e4polville suunnattu suuren suosion saavuttanut Skidi Cup j\u00e4rjestet\u00e4\u00e4n t\u00e4n\u00e4kin vuonna Oulunkyl\u00e4ss\u00e4 - ilmoittaudu nyt!","og_url":"https:\/\/gnistan.fi\/en\/gnistan-skidi-cup\/","og_site_name":"IF Gnistan","article_publisher":"https:\/\/facebook.com\/ifgnistan","article_modified_time":"2026-04-07T09:37:23+00:00","og_image":[{"width":1600,"height":1600,"url":"https:\/\/gnistan.fi\/wp-content\/uploads\/2025\/09\/SPONSORIT2.jpg","type":"image\/jpeg"}],"twitter_card":"summary_large_image","twitter_site":"@ifgnistan1924","twitter_misc":{"Est. reading time":"2 minutes"},"schema":{"@context":"https:\/\/schema.org","@graph":[{"@type":"WebPage","@id":"https:\/\/gnistan.fi\/gnistan-skidi-cup\/","url":"https:\/\/gnistan.fi\/gnistan-skidi-cup\/","name":"Skidi Cup - IF Gnistan","isPartOf":{"@id":"https:\/\/gnistan.fi\/#website"},"primaryImageOfPage":{"@id":"https:\/\/gnistan.fi\/gnistan-skidi-cup\/#primaryimage"},"image":{"@id":"https:\/\/gnistan.fi\/gnistan-skidi-cup\/#primaryimage"},"thumbnailUrl":"https:\/\/gnistan.fi\/wp-content\/uploads\/2024\/11\/gnistan-default-featured-2024-c.webp","datePublished":"2024-06-06T14:35:24+00:00","dateModified":"2026-04-07T09:37:23+00:00","description":"Nuorimmille ik\u00e4polville suunnattu suuren suosion saavuttanut Skidi Cup j\u00e4rjestet\u00e4\u00e4n t\u00e4n\u00e4kin vuonna Oulunkyl\u00e4ss\u00e4 - ilmoittaudu nyt!","breadcrumb":{"@id":"https:\/\/gnistan.fi\/gnistan-skidi-cup\/#breadcrumb"},"inLanguage":"en-US","potentialAction":[{"@type":"ReadAction","target":["https:\/\/gnistan.fi\/gnistan-skidi-cup\/"]}]},{"@type":"ImageObject","inLanguage":"en-US","@id":"https:\/\/gnistan.fi\/gnistan-skidi-cup\/#primaryimage","url":"https:\/\/gnistan.fi\/wp-content\/uploads\/2024\/11\/gnistan-default-featured-2024-c.webp","contentUrl":"https:\/\/gnistan.fi\/wp-content\/uploads\/2024\/11\/gnistan-default-featured-2024-c.webp","width":1920,"height":1080},{"@type":"BreadcrumbList","@id":"https:\/\/gnistan.fi\/gnistan-skidi-cup\/#breadcrumb","itemListElement":[{"@type":"ListItem","position":1,"name":"Etusivu","item":"https:\/\/gnistan.fi\/"},{"@type":"ListItem","position":2,"name":"Skidi Cup"}]},{"@type":"WebSite","@id":"https:\/\/gnistan.fi\/#website","url":"https:\/\/gnistan.fi\/","name":"IF Gnistan","description":"Viralliset sivut","publisher":{"@id":"https:\/\/gnistan.fi\/#organization"},"potentialAction":[{"@type":"SearchAction","target":{"@type":"EntryPoint","urlTemplate":"https:\/\/gnistan.fi\/?s={search_term_string}"},"query-input":{"@type":"PropertyValueSpecification","valueRequired":true,"valueName":"search_term_string"}}],"inLanguage":"en-US"},{"@type":"Organization","@id":"https:\/\/gnistan.fi\/#organization","name":"IF Gnistan","url":"https:\/\/gnistan.fi\/","logo":{"@type":"ImageObject","inLanguage":"en-US","@id":"https:\/\/gnistan.fi\/#\/schema\/logo\/image\/","url":"https:\/\/gnistan.fi\/wp-content\/uploads\/2019\/10\/if-gnistan-vector-logo.svg","contentUrl":"https:\/\/gnistan.fi\/wp-content\/uploads\/2019\/10\/if-gnistan-vector-logo.svg","width":269,"height":314,"caption":"IF Gnistan"},"image":{"@id":"https:\/\/gnistan.fi\/#\/schema\/logo\/image\/"},"sameAs":["https:\/\/facebook.com\/ifgnistan","https:\/\/x.com\/ifgnistan1924","https:\/\/instagram.com\/ifgnistan1924","https:\/\/www.linkedin.com\/company\/ifgnistan\/"]}]}},"jetpack_sharing_enabled":true,"_links":{"self":[{"href":"https:\/\/gnistan.fi\/en\/wp-json\/wp\/v2\/pages\/29621","targetHints":{"allow":["GET"]}}],"collection":[{"href":"https:\/\/gnistan.fi\/en\/wp-json\/wp\/v2\/pages"}],"about":[{"href":"https:\/\/gnistan.fi\/en\/wp-json\/wp\/v2\/types\/page"}],"author":[{"embeddable":true,"href":"https:\/\/gnistan.fi\/en\/wp-json\/wp\/v2\/users\/24"}],"replies":[{"embeddable":true,"href":"https:\/\/gnistan.fi\/en\/wp-json\/wp\/v2\/comments?post=29621"}],"version-history":[{"count":20,"href":"https:\/\/gnistan.fi\/en\/wp-json\/wp\/v2\/pages\/29621\/revisions"}],"predecessor-version":[{"id":44878,"href":"https:\/\/gnistan.fi\/en\/wp-json\/wp\/v2\/pages\/29621\/revisions\/44878"}],"wp:featuredmedia":[{"embeddable":true,"href":"https:\/\/gnistan.fi\/en\/wp-json\/wp\/v2\/media\/36703"}],"wp:attachment":[{"href":"https:\/\/gnistan.fi\/en\/wp-json\/wp\/v2\/media?parent=29621"}],"curies":[{"name":"wp","href":"https:\/\/api.w.org\/{rel}","templated":true}]}}