{"id":27017,"date":"2024-01-23T10:00:15","date_gmt":"2024-01-23T08:00:15","guid":{"rendered":"https:\/\/gnistan.fi\/?page_id=27017"},"modified":"2026-03-27T10:04:28","modified_gmt":"2026-03-27T08:04:28","slug":"medialle","status":"publish","type":"page","link":"https:\/\/gnistan.fi\/en\/medialle\/","title":{"rendered":"For the media"},"content":{"rendered":"<p><strong>Accreditation<\/strong><br><br>Accreditation is required for IF Gnistan\u2019s home matches. Accreditation requests can be submitted <a href=\"https:\/\/forms.gle\/P3rWt7G8LwFM1nUk7\" target=\"_blank\" rel=\"noreferrer noopener\"><strong>here<\/strong><\/a>. Vahvistamme akkreditoinnin yleens\u00e4 muutama p\u00e4iv\u00e4 ennen ottelua. Agentit sek\u00e4 scoutit, lipputarpeissa ota yhteytt\u00e4 <a href=\"mailto:liput@gnistan.fi\">liput@gnistan.fi<\/a>.<br><br><strong>Interviews<\/strong><br><br>Kaikki haastattelupyynn\u00f6t tulee menn\u00e4 IF Gnistanin markkinointi- ja viestint\u00e4vastaavan (Frans Enala) kautta.<br><br><strong>Media IF Gnistanin harjoituksissa<\/strong><br><br>Harjoituksissa kuvaaminen on sallittua ainoastaan IF Gnistanin luvalla.<\/p>\n\n\n\n<p>Photographers covering training sessions must remain outside the sidelines of the pitch. Keep an appropriate distance from the team.<\/p>\n\n\n\n<p>Journalists attending training sessions must watch from the stand. During training, media personnel must respect the team and the team's requests.<\/p>\n\n\n\n<h3 class=\"wp-block-heading\">Erotuomariliput<\/h3>\n\n\n\n<p>Erotuomariliput hoidetaan <a href=\"https:\/\/forms.office.com\/Pages\/ResponsePage.aspx?id=gVZ1kiCEl0u4sUoWqL-IidOaPbthdSRApEeQVvihPGxUQ0pXM1U5MFo0UVNITjNTR00xR0ZQODEzVC4u\" type=\"link\" id=\"https:\/\/forms.office.com\/Pages\/ResponsePage.aspx?id=gVZ1kiCEl0u4sUoWqL-IidOaPbthdSRApEeQVvihPGxUQ0pXM1U5MFo0UVNITjNTR00xR0ZQODEzVC4u\">T\u00c4\u00c4LT\u00c4!<\/a><\/p>\n\n\n\n<h2 class=\"wp-block-heading\">Gnistan logos<\/h2>\n\n\n\n<div class=\"wp-block-file\"><a id=\"wp-block-file--media-4357f806-53d3-46db-8c7e-431adfeefa76\" href=\"https:\/\/gnistan.fi\/wp-content\/uploads\/2024\/03\/Gnistan_logo_RGB.png\">Gnistan_logo_RGB<\/a><a href=\"https:\/\/gnistan.fi\/wp-content\/uploads\/2024\/03\/Gnistan_logo_RGB.png\" class=\"wp-block-file__button wp-element-button\" download aria-describedby=\"wp-block-file--media-4357f806-53d3-46db-8c7e-431adfeefa76\">Download<\/a><\/div>\n\n\n\n<div class=\"wp-block-file\"><a id=\"wp-block-file--media-5dca9b82-ef70-4bca-80fc-70980cdae073\" href=\"https:\/\/gnistan.fi\/wp-content\/uploads\/2025\/11\/thumbnail_Gnistan_logo_w_transparent-3.png\">Gnistan_logo_white_transparent<\/a><a href=\"https:\/\/gnistan.fi\/wp-content\/uploads\/2025\/11\/thumbnail_Gnistan_logo_w_transparent-3.png\" class=\"wp-block-file__button wp-element-button\" download aria-describedby=\"wp-block-file--media-5dca9b82-ef70-4bca-80fc-70980cdae073\">Download<\/a><\/div>\n\n\n\n<div class=\"wp-block-file\"><a id=\"wp-block-file--media-7fa51b10-83bc-44c8-9aa7-5582d9b636b2\" href=\"https:\/\/gnistan.fi\/wp-content\/uploads\/2024\/03\/IFGnistan_graafinen_ohjeisto-2.pdf\">IFGnistan_graafinen_ohjeisto<\/a><a href=\"https:\/\/gnistan.fi\/wp-content\/uploads\/2024\/03\/IFGnistan_graafinen_ohjeisto-2.pdf\" class=\"wp-block-file__button wp-element-button\" download aria-describedby=\"wp-block-file--media-7fa51b10-83bc-44c8-9aa7-5582d9b636b2\">Download<\/a><\/div>","protected":false},"excerpt":{"rendered":"<p>Akkreditointi IF Gnistanin kotiotteluihin vaaditaan akkreditointi. Akkreditointipyynn\u00f6t voi j\u00e4tt\u00e4\u00e4 t\u00e4nne. Vahvistamme akkreditoinnin yleens\u00e4 muutama p\u00e4iv\u00e4 ennen ottelua. Agentit sek\u00e4 scoutit, lipputarpeissa ota yhteytt\u00e4 liput@gnistan.fi. Haastattelut Kaikki haastattelupyynn\u00f6t tulee menn\u00e4 IF Gnistanin markkinointi- ja viestint\u00e4vastaavan (Frans Enala) kautta. Media IF Gnistanin harjoituksissa Harjoituksissa kuvaaminen on sallittua ainoastaan IF Gnistanin luvalla. Harjoituksia kuvatessa tulee pysy\u00e4 sivurajojen ulkopuolella [&hellip;]<\/p>\n","protected":false},"author":27,"featured_media":36703,"parent":0,"menu_order":0,"comment_status":"closed","ping_status":"closed","template":"","meta":{"_acf_changed":false,"footnotes":""},"class_list":["post-27017","page","type-page","status-publish","has-post-thumbnail","hentry"],"acf":[],"yoast_head":"<!-- This site is optimized with the Yoast SEO plugin v27.3 - https:\/\/yoast.com\/product\/yoast-seo-wordpress\/ -->\n<title>Medialle - IF Gnistan<\/title>\n<meta name=\"description\" content=\"T\u00e4lt\u00e4 sivulta l\u00f6yd\u00e4t Gnistanin ohjeistukset medialle liittyen akkreditointiin, ottelutapahtumiin ja harjoituksiin ja voit my\u00f6s hakea akkreditointia.\" \/>\n<meta name=\"robots\" content=\"index, follow, max-snippet:-1, max-image-preview:large, max-video-preview:-1\" \/>\n<link rel=\"canonical\" href=\"https:\/\/gnistan.fi\/en\/medialle\/\" \/>\n<meta property=\"og:locale\" content=\"en_US\" \/>\n<meta property=\"og:type\" content=\"article\" \/>\n<meta property=\"og:title\" content=\"Medialle - IF Gnistan\" \/>\n<meta property=\"og:description\" content=\"T\u00e4lt\u00e4 sivulta l\u00f6yd\u00e4t Gnistanin ohjeistukset medialle liittyen akkreditointiin, ottelutapahtumiin ja harjoituksiin ja voit my\u00f6s hakea akkreditointia.\" \/>\n<meta property=\"og:url\" content=\"https:\/\/gnistan.fi\/en\/medialle\/\" \/>\n<meta property=\"og:site_name\" content=\"IF Gnistan\" \/>\n<meta property=\"article:publisher\" content=\"https:\/\/facebook.com\/ifgnistan\" \/>\n<meta property=\"article:modified_time\" content=\"2026-03-27T08:04:28+00:00\" \/>\n<meta property=\"og:image\" content=\"https:\/\/gnistan.fi\/wp-content\/uploads\/2024\/11\/gnistan-default-featured-2024-c.webp\" \/>\n\t<meta property=\"og:image:width\" content=\"1920\" \/>\n\t<meta property=\"og:image:height\" content=\"1080\" \/>\n\t<meta property=\"og:image:type\" content=\"image\/webp\" \/>\n<meta name=\"twitter:card\" content=\"summary_large_image\" \/>\n<meta name=\"twitter:site\" content=\"@ifgnistan1924\" \/>\n<meta name=\"twitter:label1\" content=\"Est. reading time\" \/>\n\t<meta name=\"twitter:data1\" content=\"1 minute\" \/>\n<script type=\"application\/ld+json\" class=\"yoast-schema-graph\">{\"@context\":\"https:\\\/\\\/schema.org\",\"@graph\":[{\"@type\":\"WebPage\",\"@id\":\"https:\\\/\\\/gnistan.fi\\\/medialle\\\/\",\"url\":\"https:\\\/\\\/gnistan.fi\\\/medialle\\\/\",\"name\":\"Medialle - IF Gnistan\",\"isPartOf\":{\"@id\":\"https:\\\/\\\/gnistan.fi\\\/#website\"},\"primaryImageOfPage\":{\"@id\":\"https:\\\/\\\/gnistan.fi\\\/medialle\\\/#primaryimage\"},\"image\":{\"@id\":\"https:\\\/\\\/gnistan.fi\\\/medialle\\\/#primaryimage\"},\"thumbnailUrl\":\"https:\\\/\\\/gnistan.fi\\\/wp-content\\\/uploads\\\/2024\\\/11\\\/gnistan-default-featured-2024-c.webp\",\"datePublished\":\"2024-01-23T08:00:15+00:00\",\"dateModified\":\"2026-03-27T08:04:28+00:00\",\"description\":\"T\u00e4lt\u00e4 sivulta l\u00f6yd\u00e4t Gnistanin ohjeistukset medialle liittyen akkreditointiin, ottelutapahtumiin ja harjoituksiin ja voit my\u00f6s hakea akkreditointia.\",\"breadcrumb\":{\"@id\":\"https:\\\/\\\/gnistan.fi\\\/medialle\\\/#breadcrumb\"},\"inLanguage\":\"en-US\",\"potentialAction\":[{\"@type\":\"ReadAction\",\"target\":[\"https:\\\/\\\/gnistan.fi\\\/medialle\\\/\"]}]},{\"@type\":\"ImageObject\",\"inLanguage\":\"en-US\",\"@id\":\"https:\\\/\\\/gnistan.fi\\\/medialle\\\/#primaryimage\",\"url\":\"https:\\\/\\\/gnistan.fi\\\/wp-content\\\/uploads\\\/2024\\\/11\\\/gnistan-default-featured-2024-c.webp\",\"contentUrl\":\"https:\\\/\\\/gnistan.fi\\\/wp-content\\\/uploads\\\/2024\\\/11\\\/gnistan-default-featured-2024-c.webp\",\"width\":1920,\"height\":1080},{\"@type\":\"BreadcrumbList\",\"@id\":\"https:\\\/\\\/gnistan.fi\\\/medialle\\\/#breadcrumb\",\"itemListElement\":[{\"@type\":\"ListItem\",\"position\":1,\"name\":\"Etusivu\",\"item\":\"https:\\\/\\\/gnistan.fi\\\/\"},{\"@type\":\"ListItem\",\"position\":2,\"name\":\"Medialle\"}]},{\"@type\":\"WebSite\",\"@id\":\"https:\\\/\\\/gnistan.fi\\\/#website\",\"url\":\"https:\\\/\\\/gnistan.fi\\\/\",\"name\":\"IF Gnistan\",\"description\":\"Viralliset sivut\",\"publisher\":{\"@id\":\"https:\\\/\\\/gnistan.fi\\\/#organization\"},\"potentialAction\":[{\"@type\":\"SearchAction\",\"target\":{\"@type\":\"EntryPoint\",\"urlTemplate\":\"https:\\\/\\\/gnistan.fi\\\/?s={search_term_string}\"},\"query-input\":{\"@type\":\"PropertyValueSpecification\",\"valueRequired\":true,\"valueName\":\"search_term_string\"}}],\"inLanguage\":\"en-US\"},{\"@type\":\"Organization\",\"@id\":\"https:\\\/\\\/gnistan.fi\\\/#organization\",\"name\":\"IF Gnistan\",\"url\":\"https:\\\/\\\/gnistan.fi\\\/\",\"logo\":{\"@type\":\"ImageObject\",\"inLanguage\":\"en-US\",\"@id\":\"https:\\\/\\\/gnistan.fi\\\/#\\\/schema\\\/logo\\\/image\\\/\",\"url\":\"https:\\\/\\\/gnistan.fi\\\/wp-content\\\/uploads\\\/2019\\\/10\\\/if-gnistan-vector-logo.svg\",\"contentUrl\":\"https:\\\/\\\/gnistan.fi\\\/wp-content\\\/uploads\\\/2019\\\/10\\\/if-gnistan-vector-logo.svg\",\"width\":269,\"height\":314,\"caption\":\"IF Gnistan\"},\"image\":{\"@id\":\"https:\\\/\\\/gnistan.fi\\\/#\\\/schema\\\/logo\\\/image\\\/\"},\"sameAs\":[\"https:\\\/\\\/facebook.com\\\/ifgnistan\",\"https:\\\/\\\/x.com\\\/ifgnistan1924\",\"https:\\\/\\\/instagram.com\\\/ifgnistan1924\",\"https:\\\/\\\/www.linkedin.com\\\/company\\\/ifgnistan\\\/\"]}]}<\/script>\n<!-- \/ Yoast SEO plugin. -->","yoast_head_json":{"title":"Medialle - IF Gnistan","description":"T\u00e4lt\u00e4 sivulta l\u00f6yd\u00e4t Gnistanin ohjeistukset medialle liittyen akkreditointiin, ottelutapahtumiin ja harjoituksiin ja voit my\u00f6s hakea akkreditointia.","robots":{"index":"index","follow":"follow","max-snippet":"max-snippet:-1","max-image-preview":"max-image-preview:large","max-video-preview":"max-video-preview:-1"},"canonical":"https:\/\/gnistan.fi\/en\/medialle\/","og_locale":"en_US","og_type":"article","og_title":"Medialle - IF Gnistan","og_description":"T\u00e4lt\u00e4 sivulta l\u00f6yd\u00e4t Gnistanin ohjeistukset medialle liittyen akkreditointiin, ottelutapahtumiin ja harjoituksiin ja voit my\u00f6s hakea akkreditointia.","og_url":"https:\/\/gnistan.fi\/en\/medialle\/","og_site_name":"IF Gnistan","article_publisher":"https:\/\/facebook.com\/ifgnistan","article_modified_time":"2026-03-27T08:04:28+00:00","og_image":[{"width":1920,"height":1080,"url":"https:\/\/gnistan.fi\/wp-content\/uploads\/2024\/11\/gnistan-default-featured-2024-c.webp","type":"image\/webp"}],"twitter_card":"summary_large_image","twitter_site":"@ifgnistan1924","twitter_misc":{"Est. reading time":"1 minute"},"schema":{"@context":"https:\/\/schema.org","@graph":[{"@type":"WebPage","@id":"https:\/\/gnistan.fi\/medialle\/","url":"https:\/\/gnistan.fi\/medialle\/","name":"Medialle - IF Gnistan","isPartOf":{"@id":"https:\/\/gnistan.fi\/#website"},"primaryImageOfPage":{"@id":"https:\/\/gnistan.fi\/medialle\/#primaryimage"},"image":{"@id":"https:\/\/gnistan.fi\/medialle\/#primaryimage"},"thumbnailUrl":"https:\/\/gnistan.fi\/wp-content\/uploads\/2024\/11\/gnistan-default-featured-2024-c.webp","datePublished":"2024-01-23T08:00:15+00:00","dateModified":"2026-03-27T08:04:28+00:00","description":"T\u00e4lt\u00e4 sivulta l\u00f6yd\u00e4t Gnistanin ohjeistukset medialle liittyen akkreditointiin, ottelutapahtumiin ja harjoituksiin ja voit my\u00f6s hakea akkreditointia.","breadcrumb":{"@id":"https:\/\/gnistan.fi\/medialle\/#breadcrumb"},"inLanguage":"en-US","potentialAction":[{"@type":"ReadAction","target":["https:\/\/gnistan.fi\/medialle\/"]}]},{"@type":"ImageObject","inLanguage":"en-US","@id":"https:\/\/gnistan.fi\/medialle\/#primaryimage","url":"https:\/\/gnistan.fi\/wp-content\/uploads\/2024\/11\/gnistan-default-featured-2024-c.webp","contentUrl":"https:\/\/gnistan.fi\/wp-content\/uploads\/2024\/11\/gnistan-default-featured-2024-c.webp","width":1920,"height":1080},{"@type":"BreadcrumbList","@id":"https:\/\/gnistan.fi\/medialle\/#breadcrumb","itemListElement":[{"@type":"ListItem","position":1,"name":"Etusivu","item":"https:\/\/gnistan.fi\/"},{"@type":"ListItem","position":2,"name":"Medialle"}]},{"@type":"WebSite","@id":"https:\/\/gnistan.fi\/#website","url":"https:\/\/gnistan.fi\/","name":"IF Gnistan","description":"Viralliset sivut","publisher":{"@id":"https:\/\/gnistan.fi\/#organization"},"potentialAction":[{"@type":"SearchAction","target":{"@type":"EntryPoint","urlTemplate":"https:\/\/gnistan.fi\/?s={search_term_string}"},"query-input":{"@type":"PropertyValueSpecification","valueRequired":true,"valueName":"search_term_string"}}],"inLanguage":"en-US"},{"@type":"Organization","@id":"https:\/\/gnistan.fi\/#organization","name":"IF Gnistan","url":"https:\/\/gnistan.fi\/","logo":{"@type":"ImageObject","inLanguage":"en-US","@id":"https:\/\/gnistan.fi\/#\/schema\/logo\/image\/","url":"https:\/\/gnistan.fi\/wp-content\/uploads\/2019\/10\/if-gnistan-vector-logo.svg","contentUrl":"https:\/\/gnistan.fi\/wp-content\/uploads\/2019\/10\/if-gnistan-vector-logo.svg","width":269,"height":314,"caption":"IF Gnistan"},"image":{"@id":"https:\/\/gnistan.fi\/#\/schema\/logo\/image\/"},"sameAs":["https:\/\/facebook.com\/ifgnistan","https:\/\/x.com\/ifgnistan1924","https:\/\/instagram.com\/ifgnistan1924","https:\/\/www.linkedin.com\/company\/ifgnistan\/"]}]}},"jetpack_sharing_enabled":true,"_links":{"self":[{"href":"https:\/\/gnistan.fi\/en\/wp-json\/wp\/v2\/pages\/27017","targetHints":{"allow":["GET"]}}],"collection":[{"href":"https:\/\/gnistan.fi\/en\/wp-json\/wp\/v2\/pages"}],"about":[{"href":"https:\/\/gnistan.fi\/en\/wp-json\/wp\/v2\/types\/page"}],"author":[{"embeddable":true,"href":"https:\/\/gnistan.fi\/en\/wp-json\/wp\/v2\/users\/27"}],"replies":[{"embeddable":true,"href":"https:\/\/gnistan.fi\/en\/wp-json\/wp\/v2\/comments?post=27017"}],"version-history":[{"count":20,"href":"https:\/\/gnistan.fi\/en\/wp-json\/wp\/v2\/pages\/27017\/revisions"}],"predecessor-version":[{"id":44641,"href":"https:\/\/gnistan.fi\/en\/wp-json\/wp\/v2\/pages\/27017\/revisions\/44641"}],"wp:featuredmedia":[{"embeddable":true,"href":"https:\/\/gnistan.fi\/en\/wp-json\/wp\/v2\/media\/36703"}],"wp:attachment":[{"href":"https:\/\/gnistan.fi\/en\/wp-json\/wp\/v2\/media?parent=27017"}],"curies":[{"name":"wp","href":"https:\/\/api.w.org\/{rel}","templated":true}]}}