{"id":26543,"date":"2023-11-24T12:14:34","date_gmt":"2023-11-24T10:14:34","guid":{"rendered":"https:\/\/gnistan.fi\/?page_id=26543"},"modified":"2026-02-06T14:35:54","modified_gmt":"2026-02-06T12:35:54","slug":"football-fitness-kuntofutis","status":"publish","type":"page","link":"https:\/\/gnistan.fi\/en\/football-fitness-kuntofutis\/","title":{"rendered":"FOOTBALL FITNESS KUNTOFUTIS"},"content":{"rendered":"<h2 class=\"wp-block-heading\">Saat terveysvaikutuksia jo kolmessa kuukaudessa harjoittelemalla kaksi kertaa viikossa!<\/h2>\n\n\n\n<p class=\"wp-embed-aspect-16-9 wp-has-aspect-ratio\">Olemme aloittaneet pari vuotta sitten kuntofutis toiminnan, jonka tavoitteena on tarjota aikuisille yhteis\u00f6llisen liikunnan sek\u00e4 uuden oppimisen riemua. Jalkapallo on oivallinen ja turvallinen liikuntamuoto kaiken tasoisille liikkujille. Konseptipohjainen kuntofutis soveltuu heille, jotka haluavat tehokasta ja kehitt\u00e4v\u00e4\u00e4 liikuntaa, joka on samalla hauskaa!\u00a0Gnistanin kuntofutis liikuttaa t\u00e4ll\u00e4 hetkell\u00e4 22-61 \u2013vuotiaita naisia ja miehi\u00e4, joista osa on joskus pelannut jalkapalloa ja osa ei ikin\u00e4! Eli kuntofutis sopii kaikille ik\u00e4\u00e4n, sukupuoleen, kuntotasoon tai lajitaustaan katsomatta.\u00a0<\/p>\n\n\n\n<p class=\"wp-embed-aspect-16-9 wp-has-aspect-ratio\">Jokainen treeni pit\u00e4\u00e4 sis\u00e4ll\u00e4\u00e4n alkul\u00e4mmittelyn, pallotaito-osion sek\u00e4 ohjatun pelin osuuden.&nbsp;Football Fitness konseptin mukaisella 12 viikon harjoitusjakson aikana, kahdesti viikossa 60min harjoittelulla, saadaan positiivisia vaikutuksia kest\u00e4vyyskuntoon, lihas-, rasva sek\u00e4 luuston massaan yhteens\u00e4 enemm\u00e4n kuin esim. verrokkilajeissa h\u00f6lkk\u00e4, intervallijuoksu ja voimaharjoittelu. Palloliitto toimii konseptin maahantuojana ja kouluttajana Suomessa. Gnistan on valittu syksyll\u00e4 2024 mukaan Palloliiton Kuntofutis-pilottihankkeeseen. Football Fitness kuntofutis ohjaajana meid\u00e4n seurassamme toimii <strong>Leena Lassila,<\/strong> joka on terveysliikunnan ja urheiluseuraty\u00f6n ammattilainen sek\u00e4 pohjakoulutukseltaan Kuntoutuksen ohjaaja (AMK). Kiinnostuitko? Tutustu aiheeseen alla olevalta videolta!<\/p>\n\n\n\n<p class=\"wp-embed-aspect-16-9 wp-has-aspect-ratio\"><\/p>\n\n\n\n<figure class=\"wp-block-embed is-type-video is-provider-youtube wp-block-embed-youtube wp-embed-aspect-16-9 wp-has-aspect-ratio\"><div class=\"wp-block-embed__wrapper\">\n<div class=\"epyt-video-wrapper\"><div  id=\"_ytid_82015\"  width=\"1366\" height=\"768\"  data-origwidth=\"1366\" data-origheight=\"768\" data-facadesrc=\"https:\/\/www.youtube.com\/embed\/OeU0iypKUYo?enablejsapi=1&#038;autoplay=0&#038;cc_load_policy=0&#038;cc_lang_pref=&#038;iv_load_policy=1&#038;loop=0&#038;rel=0&#038;fs=1&#038;playsinline=1&#038;autohide=2&#038;theme=dark&#038;color=red&#038;controls=1&#038;disablekb=0&#038;\" class=\"__youtube_prefs__ epyt-facade epyt-is-override  no-lazyload\"><img decoding=\"async\" data-spai-excluded=\"true\" class=\"epyt-facade-poster skip-lazy\" loading=\"lazy\"  alt=\"FFKuntofutis - terveytt\u00e4 edist\u00e4v\u00e4\u00e4 kuntojalkapalloa\"  src=\"https:\/\/i.ytimg.com\/vi\/OeU0iypKUYo\/maxresdefault.jpg\"  \/><button class=\"epyt-facade-play\" aria-label=\"Play\"><svg data-no-lazy=\"1\" height=\"100%\" version=\"1.1\" viewbox=\"0 0 68 48\" width=\"100%\"><path class=\"ytp-large-play-button-bg\" d=\"M66.52,7.74c-0.78-2.93-2.49-5.41-5.42-6.19C55.79,.13,34,0,34,0S12.21,.13,6.9,1.55 C3.97,2.33,2.27,4.81,1.48,7.74C0.06,13.05,0,24,0,24s0.06,10.95,1.48,16.26c0.78,2.93,2.49,5.41,5.42,6.19 C12.21,47.87,34,48,34,48s21.79-0.13,27.1-1.55c2.93-0.78,4.64-3.26,5.42-6.19C67.94,34.95,68,24,68,24S67.94,13.05,66.52,7.74z\" fill=\"#f00\"><\/path><path d=\"M 45,24 27,14 27,34\" fill=\"#fff\"><\/path><\/svg><\/button><\/div><\/div>\n<\/div><\/figure>\n\n\n\n<p class=\"wp-embed-aspect-16-9 wp-has-aspect-ratio\">&nbsp;<\/p>\n\n\n\n<h3 class=\"wp-block-heading wp-embed-aspect-16-9 wp-has-aspect-ratio\">KIINNOSTUITKO? TULE MUKAAN!<\/h3>\n\n\n\n<p class=\"wp-embed-aspect-16-9 wp-has-aspect-ratio\"><strong>Parhaimpaan tulokseen p\u00e4\u00e4set konseptin mukaisesti osallistumalla 12 viikon kurssin aikana 2 kertaa viikossa harjoituksiin.<\/strong> <strong>Jos haluat vakiinnuttaa s\u00e4\u00e4nn\u00f6llisen liikunnan el\u00e4m\u00e4\u00e4si voit ilmoittautua jo nyt 24 viikoksi mukaan (6kk).<\/strong> Jos haluat varmistaa paikkasi FF Kuntofutiksesta, niin ilmoittautuminen on auki! HUOM! Meill\u00e4 k\u00e4y my\u00f6s liikuntaedut.<\/p>\n\n\n\n<p class=\"wp-embed-aspect-16-9 wp-has-aspect-ratio\"><\/p>\n\n\n\n<h3 class=\"wp-block-heading\">Seuraavat FF Kuntofutis jaksot alkavat helmikuussa!<\/h3>\n\n\n\n<p>Harjoitukset j\u00e4rjestet\u00e4\u00e4n Oulunkyl\u00e4n urheilupuiston tekonurmilla.<strong> <\/strong><\/p>\n\n\n\n<p class=\"wp-embed-aspect-16-9 wp-has-aspect-ratio\">Ryhmille j\u00e4rjestet\u00e4\u00e4n toimintaa <strong>11.2.26<em>\u00a0&#8211;\u00a0<\/em>3.5.26\u00a0 v\u00e4lisen\u00e4 aikana.\u00a0Ilmoittautuminen on nyt auki!<\/strong>\u00a0Ryhm\u00e4n toiminta aloitetaan, kun ilmoittautuneita on v\u00e4hint\u00e4\u00e4n 18, harjoitteluryhm\u00e4\u00e4n mahtuu 50 harrastajaa. Ilmoittautuminen on sitova.\u00a0 \u00a0<\/p>\n\n\n\n<ul class=\"wp-block-list\">\n<li>Keskiviikko klo 12-13<\/li>\n\n\n\n<li>Keskiviikko klo 20-21<\/li>\n\n\n\n<li>Perjantai klo 8-9<\/li>\n\n\n\n<li>Sunnuntai klo 19-20<\/li>\n<\/ul>\n\n\n\n<p><\/p>\n\n\n\n<p><em><strong>Mukaan 3 kk kurssille, 12 viikkoa (11.2.- 3.5.26)<\/strong><\/em><\/p>\n\n\n\n<ul class=\"wp-block-list\">\n<li>2 treeni\u00e4 viikossa \/ 12 viikkoa: 265 \u20ac<\/li>\n<\/ul>\n\n\n\n<p><\/p>\n\n\n\n<h2 class=\"wp-block-heading\"><a href=\"https:\/\/forms.gle\/BfEYkL2q7MkJm7WEA\">SIGN UP HERE<\/a><\/h2>\n\n\n\n<p>Meill\u00e4 k\u00e4y my\u00f6s seuraavat liikuntaedut: Smartum, Edenred, E-passi, Virikeseteli (ohjeet alla *) sek\u00e4 Mobilepay (ohjeet alla **). <strong>Ilmoittautuminen on sitova.<\/strong>&nbsp;<\/p>\n\n\n\n<p><strong>L\u00e4het\u00e4mme laskun s\u00e4hk\u00f6postitse.<\/strong><\/p>\n\n\n\n<ul class=\"wp-block-list\">\n<li><strong>Ohjeet liikuntaetujen maksamiseen: <\/strong>Saaja: IF Gnistan. Laita kopio maksusta sek\u00e4 laskun numero leevi.liitti@gnistan.fi<\/li>\n\n\n\n<li><strong>Ohjeet mobilepay maksamiseen<\/strong>: Saaja: 82667 IF Gnistan \/kurssit. Laita kopio maksusta sek\u00e4 laskun numero&nbsp; leevi.liitti@gnistan.fi<\/li>\n<\/ul>\n\n\n\n<p><\/p>\n\n\n\n<p class=\"wp-embed-aspect-16-9 wp-has-aspect-ratio\">Lis\u00e4tietoja FF Kuntofutiksesta: <a href=\"mailto:leena.lassila@hyvinvointifutis.fi\">leena.lassila@hyvinvointifutis.fi<\/a><br>Football Fitness kuntofutiskonsepti pohjautuu: <a href=\"https:\/\/bjsm.bmj.com\/content\/52\/22\/1412\">Football is medicine: it is time for patients to play! | British Journal of Sports Medicine (<\/a>bmj.com<a href=\"https:\/\/bjsm.bmj.com\/content\/52\/22\/1412\">)<\/a><\/p>","protected":false},"excerpt":{"rendered":"<p>Saat terveysvaikutuksia jo kolmessa kuukaudessa harjoittelemalla kaksi kertaa viikossa! Olemme aloittaneet pari vuotta sitten kuntofutis toiminnan, jonka tavoitteena on tarjota aikuisille yhteis\u00f6llisen liikunnan sek\u00e4 uuden oppimisen riemua. Jalkapallo on oivallinen ja turvallinen liikuntamuoto kaiken tasoisille liikkujille. Konseptipohjainen kuntofutis soveltuu heille, jotka haluavat tehokasta ja kehitt\u00e4v\u00e4\u00e4 liikuntaa, joka on samalla hauskaa!\u00a0Gnistanin kuntofutis liikuttaa t\u00e4ll\u00e4 hetkell\u00e4 22-61 [&hellip;]<\/p>\n","protected":false},"author":24,"featured_media":36703,"parent":0,"menu_order":0,"comment_status":"closed","ping_status":"closed","template":"","meta":{"_acf_changed":false,"footnotes":""},"class_list":["post-26543","page","type-page","status-publish","has-post-thumbnail","hentry"],"acf":[],"yoast_head":"<!-- This site is optimized with the Yoast SEO plugin v27.3 - https:\/\/yoast.com\/product\/yoast-seo-wordpress\/ -->\n<title>FOOTBALL FITNESS KUNTOFUTIS - IF Gnistan<\/title>\n<meta name=\"robots\" content=\"index, follow, max-snippet:-1, max-image-preview:large, max-video-preview:-1\" \/>\n<link rel=\"canonical\" href=\"https:\/\/gnistan.fi\/en\/football-fitness-kuntofutis\/\" \/>\n<meta property=\"og:locale\" content=\"en_US\" \/>\n<meta property=\"og:type\" content=\"article\" \/>\n<meta property=\"og:title\" content=\"FOOTBALL FITNESS KUNTOFUTIS - IF Gnistan\" \/>\n<meta property=\"og:description\" content=\"Saat terveysvaikutuksia jo kolmessa kuukaudessa harjoittelemalla kaksi kertaa viikossa! Olemme aloittaneet pari vuotta sitten kuntofutis toiminnan, jonka tavoitteena on tarjota aikuisille yhteis\u00f6llisen liikunnan sek\u00e4 uuden oppimisen riemua. Jalkapallo on oivallinen ja turvallinen liikuntamuoto kaiken tasoisille liikkujille. Konseptipohjainen kuntofutis soveltuu heille, jotka haluavat tehokasta ja kehitt\u00e4v\u00e4\u00e4 liikuntaa, joka on samalla hauskaa!\u00a0Gnistanin kuntofutis liikuttaa t\u00e4ll\u00e4 hetkell\u00e4 22-61 [&hellip;]\" \/>\n<meta property=\"og:url\" content=\"https:\/\/gnistan.fi\/en\/football-fitness-kuntofutis\/\" \/>\n<meta property=\"og:site_name\" content=\"IF Gnistan\" \/>\n<meta property=\"article:publisher\" content=\"https:\/\/facebook.com\/ifgnistan\" \/>\n<meta property=\"article:modified_time\" content=\"2026-02-06T12:35:54+00:00\" \/>\n<meta property=\"og:image\" content=\"https:\/\/gnistan.fi\/wp-content\/uploads\/2024\/11\/gnistan-default-featured-2024-c.webp\" \/>\n\t<meta property=\"og:image:width\" content=\"1920\" \/>\n\t<meta property=\"og:image:height\" content=\"1080\" \/>\n\t<meta property=\"og:image:type\" content=\"image\/webp\" \/>\n<meta name=\"twitter:card\" content=\"summary_large_image\" \/>\n<meta name=\"twitter:site\" content=\"@ifgnistan1924\" \/>\n<meta name=\"twitter:label1\" content=\"Est. reading time\" \/>\n\t<meta name=\"twitter:data1\" content=\"3 minutes\" \/>\n<script type=\"application\/ld+json\" class=\"yoast-schema-graph\">{\"@context\":\"https:\\\/\\\/schema.org\",\"@graph\":[{\"@type\":\"WebPage\",\"@id\":\"https:\\\/\\\/gnistan.fi\\\/football-fitness-kuntofutis\\\/\",\"url\":\"https:\\\/\\\/gnistan.fi\\\/football-fitness-kuntofutis\\\/\",\"name\":\"FOOTBALL FITNESS KUNTOFUTIS - IF Gnistan\",\"isPartOf\":{\"@id\":\"https:\\\/\\\/gnistan.fi\\\/#website\"},\"primaryImageOfPage\":{\"@id\":\"https:\\\/\\\/gnistan.fi\\\/football-fitness-kuntofutis\\\/#primaryimage\"},\"image\":{\"@id\":\"https:\\\/\\\/gnistan.fi\\\/football-fitness-kuntofutis\\\/#primaryimage\"},\"thumbnailUrl\":\"https:\\\/\\\/gnistan.fi\\\/wp-content\\\/uploads\\\/2024\\\/11\\\/gnistan-default-featured-2024-c.webp\",\"datePublished\":\"2023-11-24T10:14:34+00:00\",\"dateModified\":\"2026-02-06T12:35:54+00:00\",\"breadcrumb\":{\"@id\":\"https:\\\/\\\/gnistan.fi\\\/football-fitness-kuntofutis\\\/#breadcrumb\"},\"inLanguage\":\"en-US\",\"potentialAction\":[{\"@type\":\"ReadAction\",\"target\":[\"https:\\\/\\\/gnistan.fi\\\/football-fitness-kuntofutis\\\/\"]}]},{\"@type\":\"ImageObject\",\"inLanguage\":\"en-US\",\"@id\":\"https:\\\/\\\/gnistan.fi\\\/football-fitness-kuntofutis\\\/#primaryimage\",\"url\":\"https:\\\/\\\/gnistan.fi\\\/wp-content\\\/uploads\\\/2024\\\/11\\\/gnistan-default-featured-2024-c.webp\",\"contentUrl\":\"https:\\\/\\\/gnistan.fi\\\/wp-content\\\/uploads\\\/2024\\\/11\\\/gnistan-default-featured-2024-c.webp\",\"width\":1920,\"height\":1080},{\"@type\":\"BreadcrumbList\",\"@id\":\"https:\\\/\\\/gnistan.fi\\\/football-fitness-kuntofutis\\\/#breadcrumb\",\"itemListElement\":[{\"@type\":\"ListItem\",\"position\":1,\"name\":\"Etusivu\",\"item\":\"https:\\\/\\\/gnistan.fi\\\/\"},{\"@type\":\"ListItem\",\"position\":2,\"name\":\"FOOTBALL FITNESS KUNTOFUTIS\"}]},{\"@type\":\"WebSite\",\"@id\":\"https:\\\/\\\/gnistan.fi\\\/#website\",\"url\":\"https:\\\/\\\/gnistan.fi\\\/\",\"name\":\"IF Gnistan\",\"description\":\"Viralliset sivut\",\"publisher\":{\"@id\":\"https:\\\/\\\/gnistan.fi\\\/#organization\"},\"potentialAction\":[{\"@type\":\"SearchAction\",\"target\":{\"@type\":\"EntryPoint\",\"urlTemplate\":\"https:\\\/\\\/gnistan.fi\\\/?s={search_term_string}\"},\"query-input\":{\"@type\":\"PropertyValueSpecification\",\"valueRequired\":true,\"valueName\":\"search_term_string\"}}],\"inLanguage\":\"en-US\"},{\"@type\":\"Organization\",\"@id\":\"https:\\\/\\\/gnistan.fi\\\/#organization\",\"name\":\"IF Gnistan\",\"url\":\"https:\\\/\\\/gnistan.fi\\\/\",\"logo\":{\"@type\":\"ImageObject\",\"inLanguage\":\"en-US\",\"@id\":\"https:\\\/\\\/gnistan.fi\\\/#\\\/schema\\\/logo\\\/image\\\/\",\"url\":\"https:\\\/\\\/gnistan.fi\\\/wp-content\\\/uploads\\\/2019\\\/10\\\/if-gnistan-vector-logo.svg\",\"contentUrl\":\"https:\\\/\\\/gnistan.fi\\\/wp-content\\\/uploads\\\/2019\\\/10\\\/if-gnistan-vector-logo.svg\",\"width\":269,\"height\":314,\"caption\":\"IF Gnistan\"},\"image\":{\"@id\":\"https:\\\/\\\/gnistan.fi\\\/#\\\/schema\\\/logo\\\/image\\\/\"},\"sameAs\":[\"https:\\\/\\\/facebook.com\\\/ifgnistan\",\"https:\\\/\\\/x.com\\\/ifgnistan1924\",\"https:\\\/\\\/instagram.com\\\/ifgnistan1924\",\"https:\\\/\\\/www.linkedin.com\\\/company\\\/ifgnistan\\\/\"]}]}<\/script>\n<!-- \/ Yoast SEO plugin. -->","yoast_head_json":{"title":"FOOTBALL FITNESS KUNTOFUTIS - IF Gnistan","robots":{"index":"index","follow":"follow","max-snippet":"max-snippet:-1","max-image-preview":"max-image-preview:large","max-video-preview":"max-video-preview:-1"},"canonical":"https:\/\/gnistan.fi\/en\/football-fitness-kuntofutis\/","og_locale":"en_US","og_type":"article","og_title":"FOOTBALL FITNESS KUNTOFUTIS - IF Gnistan","og_description":"Saat terveysvaikutuksia jo kolmessa kuukaudessa harjoittelemalla kaksi kertaa viikossa! Olemme aloittaneet pari vuotta sitten kuntofutis toiminnan, jonka tavoitteena on tarjota aikuisille yhteis\u00f6llisen liikunnan sek\u00e4 uuden oppimisen riemua. Jalkapallo on oivallinen ja turvallinen liikuntamuoto kaiken tasoisille liikkujille. Konseptipohjainen kuntofutis soveltuu heille, jotka haluavat tehokasta ja kehitt\u00e4v\u00e4\u00e4 liikuntaa, joka on samalla hauskaa!\u00a0Gnistanin kuntofutis liikuttaa t\u00e4ll\u00e4 hetkell\u00e4 22-61 [&hellip;]","og_url":"https:\/\/gnistan.fi\/en\/football-fitness-kuntofutis\/","og_site_name":"IF Gnistan","article_publisher":"https:\/\/facebook.com\/ifgnistan","article_modified_time":"2026-02-06T12:35:54+00:00","og_image":[{"width":1920,"height":1080,"url":"https:\/\/gnistan.fi\/wp-content\/uploads\/2024\/11\/gnistan-default-featured-2024-c.webp","type":"image\/webp"}],"twitter_card":"summary_large_image","twitter_site":"@ifgnistan1924","twitter_misc":{"Est. reading time":"3 minutes"},"schema":{"@context":"https:\/\/schema.org","@graph":[{"@type":"WebPage","@id":"https:\/\/gnistan.fi\/football-fitness-kuntofutis\/","url":"https:\/\/gnistan.fi\/football-fitness-kuntofutis\/","name":"FOOTBALL FITNESS KUNTOFUTIS - IF Gnistan","isPartOf":{"@id":"https:\/\/gnistan.fi\/#website"},"primaryImageOfPage":{"@id":"https:\/\/gnistan.fi\/football-fitness-kuntofutis\/#primaryimage"},"image":{"@id":"https:\/\/gnistan.fi\/football-fitness-kuntofutis\/#primaryimage"},"thumbnailUrl":"https:\/\/gnistan.fi\/wp-content\/uploads\/2024\/11\/gnistan-default-featured-2024-c.webp","datePublished":"2023-11-24T10:14:34+00:00","dateModified":"2026-02-06T12:35:54+00:00","breadcrumb":{"@id":"https:\/\/gnistan.fi\/football-fitness-kuntofutis\/#breadcrumb"},"inLanguage":"en-US","potentialAction":[{"@type":"ReadAction","target":["https:\/\/gnistan.fi\/football-fitness-kuntofutis\/"]}]},{"@type":"ImageObject","inLanguage":"en-US","@id":"https:\/\/gnistan.fi\/football-fitness-kuntofutis\/#primaryimage","url":"https:\/\/gnistan.fi\/wp-content\/uploads\/2024\/11\/gnistan-default-featured-2024-c.webp","contentUrl":"https:\/\/gnistan.fi\/wp-content\/uploads\/2024\/11\/gnistan-default-featured-2024-c.webp","width":1920,"height":1080},{"@type":"BreadcrumbList","@id":"https:\/\/gnistan.fi\/football-fitness-kuntofutis\/#breadcrumb","itemListElement":[{"@type":"ListItem","position":1,"name":"Etusivu","item":"https:\/\/gnistan.fi\/"},{"@type":"ListItem","position":2,"name":"FOOTBALL FITNESS KUNTOFUTIS"}]},{"@type":"WebSite","@id":"https:\/\/gnistan.fi\/#website","url":"https:\/\/gnistan.fi\/","name":"IF Gnistan","description":"Viralliset sivut","publisher":{"@id":"https:\/\/gnistan.fi\/#organization"},"potentialAction":[{"@type":"SearchAction","target":{"@type":"EntryPoint","urlTemplate":"https:\/\/gnistan.fi\/?s={search_term_string}"},"query-input":{"@type":"PropertyValueSpecification","valueRequired":true,"valueName":"search_term_string"}}],"inLanguage":"en-US"},{"@type":"Organization","@id":"https:\/\/gnistan.fi\/#organization","name":"IF Gnistan","url":"https:\/\/gnistan.fi\/","logo":{"@type":"ImageObject","inLanguage":"en-US","@id":"https:\/\/gnistan.fi\/#\/schema\/logo\/image\/","url":"https:\/\/gnistan.fi\/wp-content\/uploads\/2019\/10\/if-gnistan-vector-logo.svg","contentUrl":"https:\/\/gnistan.fi\/wp-content\/uploads\/2019\/10\/if-gnistan-vector-logo.svg","width":269,"height":314,"caption":"IF Gnistan"},"image":{"@id":"https:\/\/gnistan.fi\/#\/schema\/logo\/image\/"},"sameAs":["https:\/\/facebook.com\/ifgnistan","https:\/\/x.com\/ifgnistan1924","https:\/\/instagram.com\/ifgnistan1924","https:\/\/www.linkedin.com\/company\/ifgnistan\/"]}]}},"jetpack_sharing_enabled":true,"_links":{"self":[{"href":"https:\/\/gnistan.fi\/en\/wp-json\/wp\/v2\/pages\/26543","targetHints":{"allow":["GET"]}}],"collection":[{"href":"https:\/\/gnistan.fi\/en\/wp-json\/wp\/v2\/pages"}],"about":[{"href":"https:\/\/gnistan.fi\/en\/wp-json\/wp\/v2\/types\/page"}],"author":[{"embeddable":true,"href":"https:\/\/gnistan.fi\/en\/wp-json\/wp\/v2\/users\/24"}],"replies":[{"embeddable":true,"href":"https:\/\/gnistan.fi\/en\/wp-json\/wp\/v2\/comments?post=26543"}],"version-history":[{"count":20,"href":"https:\/\/gnistan.fi\/en\/wp-json\/wp\/v2\/pages\/26543\/revisions"}],"predecessor-version":[{"id":44008,"href":"https:\/\/gnistan.fi\/en\/wp-json\/wp\/v2\/pages\/26543\/revisions\/44008"}],"wp:featuredmedia":[{"embeddable":true,"href":"https:\/\/gnistan.fi\/en\/wp-json\/wp\/v2\/media\/36703"}],"wp:attachment":[{"href":"https:\/\/gnistan.fi\/en\/wp-json\/wp\/v2\/media?parent=26543"}],"curies":[{"name":"wp","href":"https:\/\/api.w.org\/{rel}","templated":true}]}}