{"id":26529,"date":"2023-11-21T23:48:11","date_gmt":"2023-11-21T21:48:11","guid":{"rendered":"https:\/\/gnistan.fi\/?page_id=26529"},"modified":"2026-04-07T12:14:14","modified_gmt":"2026-04-07T09:14:14","slug":"gnistan-2","status":"publish","type":"page","link":"https:\/\/gnistan.fi\/en\/gnistan-2\/","title":{"rendered":"GNISTAN N2"},"content":{"rendered":"<p>Gnistanin naisten toinen joukkue pelaa Kansallisessa Kakkosessa kaudella 2026. Joukkue tulee toimimaan yhteisty\u00f6ss\u00e4 Naisten edustusjoukkueen, Naiset\/3 ja TB joukkueiden kanssa ja tavoittelee hyv\u00e4\u00e4 menestyst\u00e4 hyv\u00e4ll\u00e4 yhteishengell\u00e4.<\/p>\n\n\n\n<p>Seuraa joukkuetta Instagramissa @Gnistan_n2<\/p>\n\n\n\n<p>Joukkue harjoittelee p\u00e4\u00e4osin Markku.fi ja Pikkupekka Areenoilla Oulunkyl\u00e4ss\u00e4.<\/p>\n\n\n\n<p><strong>Uudet pelaajat ovat tervetulleita mukaan! J\u00e4rjest\u00e4mme try outit tammikuun puoliv\u00e4liss\u00e4. Ilmoittaudu tai kysy lis\u00e4tietoja joukkueenjohtaja Essi Ketvenilt\u00e4. <\/strong><\/p>\n\n\n\n<p>Joukkueenjohtaja Essi Ketven, <a href=\"mailto:Essi.ketven@gmail.com\">Essi.ketven@gmail.com<\/a><\/p>\n\n\n\n<h2 class=\"wp-block-heading\">TRY OUT: <\/h2>\n\n\n\n<figure class=\"wp-block-table\"><table class=\"has-fixed-layout\"><tbody><tr><td>AIKA<\/td><td>PAIKKA<\/td><\/tr><tr><td>Maanantai 12.1. klo 19.30-21<\/td><td>Mustapekka Areena<\/td><\/tr><tr><td>Tiistai 13.1. klo 19.30-21<\/td><td>Pikkupekka Areena<\/td><\/tr><tr><td>Torstai 15.1. klo 19.30-21<\/td><td>Pallomylly<\/td><\/tr><tr><td>Maanantai 19.1. klo 19.30-21<\/td><td>Mustapekka Areena<\/td><\/tr><tr><td>Tiistai 20.1. klo 19.30-21<\/td><td>Pikkupekka Areena<\/td><\/tr><tr><td>Torstai 22.1. klo 19.30-21<\/td><td>Pallomylly<\/td><\/tr><\/tbody><\/table><\/figure>\n\n\n\n<p><\/p>\n\n\n\n<p><\/p>","protected":false},"excerpt":{"rendered":"<p>Gnistanin naisten toinen joukkue pelaa Kansallisessa Kakkosessa kaudella 2026. Joukkue tulee toimimaan yhteisty\u00f6ss\u00e4 Naisten edustusjoukkueen, Naiset\/3 ja TB joukkueiden kanssa ja tavoittelee hyv\u00e4\u00e4 menestyst\u00e4 hyv\u00e4ll\u00e4 yhteishengell\u00e4. Seuraa joukkuetta Instagramissa @Gnistan_n2 Joukkue harjoittelee p\u00e4\u00e4osin Markku.fi ja Pikkupekka Areenoilla Oulunkyl\u00e4ss\u00e4. Uudet pelaajat ovat tervetulleita mukaan! J\u00e4rjest\u00e4mme try outit tammikuun puoliv\u00e4liss\u00e4. Ilmoittaudu tai kysy lis\u00e4tietoja joukkueenjohtaja Essi Ketvenilt\u00e4. [&hellip;]<\/p>\n","protected":false},"author":24,"featured_media":36703,"parent":0,"menu_order":0,"comment_status":"closed","ping_status":"closed","template":"","meta":{"_acf_changed":false,"footnotes":""},"class_list":["post-26529","page","type-page","status-publish","has-post-thumbnail","hentry"],"acf":[],"yoast_head":"<!-- This site is optimized with the Yoast SEO plugin v27.3 - https:\/\/yoast.com\/product\/yoast-seo-wordpress\/ -->\n<title>GNISTAN N2 - IF Gnistan<\/title>\n<meta name=\"robots\" content=\"index, follow, max-snippet:-1, max-image-preview:large, max-video-preview:-1\" \/>\n<link rel=\"canonical\" href=\"https:\/\/gnistan.fi\/en\/gnistan-2\/\" \/>\n<meta property=\"og:locale\" content=\"en_US\" \/>\n<meta property=\"og:type\" content=\"article\" \/>\n<meta property=\"og:title\" content=\"GNISTAN N2 - IF Gnistan\" \/>\n<meta property=\"og:description\" content=\"Gnistanin naisten toinen joukkue pelaa Kansallisessa Kakkosessa kaudella 2026. Joukkue tulee toimimaan yhteisty\u00f6ss\u00e4 Naisten edustusjoukkueen, Naiset\/3 ja TB joukkueiden kanssa ja tavoittelee hyv\u00e4\u00e4 menestyst\u00e4 hyv\u00e4ll\u00e4 yhteishengell\u00e4. Seuraa joukkuetta Instagramissa @Gnistan_n2 Joukkue harjoittelee p\u00e4\u00e4osin Markku.fi ja Pikkupekka Areenoilla Oulunkyl\u00e4ss\u00e4. Uudet pelaajat ovat tervetulleita mukaan! J\u00e4rjest\u00e4mme try outit tammikuun puoliv\u00e4liss\u00e4. Ilmoittaudu tai kysy lis\u00e4tietoja joukkueenjohtaja Essi Ketvenilt\u00e4. [&hellip;]\" \/>\n<meta property=\"og:url\" content=\"https:\/\/gnistan.fi\/en\/gnistan-2\/\" \/>\n<meta property=\"og:site_name\" content=\"IF Gnistan\" \/>\n<meta property=\"article:publisher\" content=\"https:\/\/facebook.com\/ifgnistan\" \/>\n<meta property=\"article:modified_time\" content=\"2026-04-07T09:14:14+00:00\" \/>\n<meta property=\"og:image\" content=\"https:\/\/gnistan.fi\/wp-content\/uploads\/2024\/11\/gnistan-default-featured-2024-c.webp\" \/>\n\t<meta property=\"og:image:width\" content=\"1920\" \/>\n\t<meta property=\"og:image:height\" content=\"1080\" \/>\n\t<meta property=\"og:image:type\" content=\"image\/webp\" \/>\n<meta name=\"twitter:card\" content=\"summary_large_image\" \/>\n<meta name=\"twitter:site\" content=\"@ifgnistan1924\" \/>\n<meta name=\"twitter:label1\" content=\"Est. reading time\" \/>\n\t<meta name=\"twitter:data1\" content=\"1 minute\" \/>\n<script type=\"application\/ld+json\" class=\"yoast-schema-graph\">{\"@context\":\"https:\\\/\\\/schema.org\",\"@graph\":[{\"@type\":\"WebPage\",\"@id\":\"https:\\\/\\\/gnistan.fi\\\/gnistan-2\\\/\",\"url\":\"https:\\\/\\\/gnistan.fi\\\/gnistan-2\\\/\",\"name\":\"GNISTAN N2 - IF Gnistan\",\"isPartOf\":{\"@id\":\"https:\\\/\\\/gnistan.fi\\\/#website\"},\"primaryImageOfPage\":{\"@id\":\"https:\\\/\\\/gnistan.fi\\\/gnistan-2\\\/#primaryimage\"},\"image\":{\"@id\":\"https:\\\/\\\/gnistan.fi\\\/gnistan-2\\\/#primaryimage\"},\"thumbnailUrl\":\"https:\\\/\\\/gnistan.fi\\\/wp-content\\\/uploads\\\/2024\\\/11\\\/gnistan-default-featured-2024-c.webp\",\"datePublished\":\"2023-11-21T21:48:11+00:00\",\"dateModified\":\"2026-04-07T09:14:14+00:00\",\"breadcrumb\":{\"@id\":\"https:\\\/\\\/gnistan.fi\\\/gnistan-2\\\/#breadcrumb\"},\"inLanguage\":\"en-US\",\"potentialAction\":[{\"@type\":\"ReadAction\",\"target\":[\"https:\\\/\\\/gnistan.fi\\\/gnistan-2\\\/\"]}]},{\"@type\":\"ImageObject\",\"inLanguage\":\"en-US\",\"@id\":\"https:\\\/\\\/gnistan.fi\\\/gnistan-2\\\/#primaryimage\",\"url\":\"https:\\\/\\\/gnistan.fi\\\/wp-content\\\/uploads\\\/2024\\\/11\\\/gnistan-default-featured-2024-c.webp\",\"contentUrl\":\"https:\\\/\\\/gnistan.fi\\\/wp-content\\\/uploads\\\/2024\\\/11\\\/gnistan-default-featured-2024-c.webp\",\"width\":1920,\"height\":1080},{\"@type\":\"BreadcrumbList\",\"@id\":\"https:\\\/\\\/gnistan.fi\\\/gnistan-2\\\/#breadcrumb\",\"itemListElement\":[{\"@type\":\"ListItem\",\"position\":1,\"name\":\"Etusivu\",\"item\":\"https:\\\/\\\/gnistan.fi\\\/\"},{\"@type\":\"ListItem\",\"position\":2,\"name\":\"GNISTAN N2\"}]},{\"@type\":\"WebSite\",\"@id\":\"https:\\\/\\\/gnistan.fi\\\/#website\",\"url\":\"https:\\\/\\\/gnistan.fi\\\/\",\"name\":\"IF Gnistan\",\"description\":\"Viralliset sivut\",\"publisher\":{\"@id\":\"https:\\\/\\\/gnistan.fi\\\/#organization\"},\"potentialAction\":[{\"@type\":\"SearchAction\",\"target\":{\"@type\":\"EntryPoint\",\"urlTemplate\":\"https:\\\/\\\/gnistan.fi\\\/?s={search_term_string}\"},\"query-input\":{\"@type\":\"PropertyValueSpecification\",\"valueRequired\":true,\"valueName\":\"search_term_string\"}}],\"inLanguage\":\"en-US\"},{\"@type\":\"Organization\",\"@id\":\"https:\\\/\\\/gnistan.fi\\\/#organization\",\"name\":\"IF Gnistan\",\"url\":\"https:\\\/\\\/gnistan.fi\\\/\",\"logo\":{\"@type\":\"ImageObject\",\"inLanguage\":\"en-US\",\"@id\":\"https:\\\/\\\/gnistan.fi\\\/#\\\/schema\\\/logo\\\/image\\\/\",\"url\":\"https:\\\/\\\/gnistan.fi\\\/wp-content\\\/uploads\\\/2019\\\/10\\\/if-gnistan-vector-logo.svg\",\"contentUrl\":\"https:\\\/\\\/gnistan.fi\\\/wp-content\\\/uploads\\\/2019\\\/10\\\/if-gnistan-vector-logo.svg\",\"width\":269,\"height\":314,\"caption\":\"IF Gnistan\"},\"image\":{\"@id\":\"https:\\\/\\\/gnistan.fi\\\/#\\\/schema\\\/logo\\\/image\\\/\"},\"sameAs\":[\"https:\\\/\\\/facebook.com\\\/ifgnistan\",\"https:\\\/\\\/x.com\\\/ifgnistan1924\",\"https:\\\/\\\/instagram.com\\\/ifgnistan1924\",\"https:\\\/\\\/www.linkedin.com\\\/company\\\/ifgnistan\\\/\"]}]}<\/script>\n<!-- \/ Yoast SEO plugin. -->","yoast_head_json":{"title":"GNISTAN N2 - IF Gnistan","robots":{"index":"index","follow":"follow","max-snippet":"max-snippet:-1","max-image-preview":"max-image-preview:large","max-video-preview":"max-video-preview:-1"},"canonical":"https:\/\/gnistan.fi\/en\/gnistan-2\/","og_locale":"en_US","og_type":"article","og_title":"GNISTAN N2 - IF Gnistan","og_description":"Gnistanin naisten toinen joukkue pelaa Kansallisessa Kakkosessa kaudella 2026. Joukkue tulee toimimaan yhteisty\u00f6ss\u00e4 Naisten edustusjoukkueen, Naiset\/3 ja TB joukkueiden kanssa ja tavoittelee hyv\u00e4\u00e4 menestyst\u00e4 hyv\u00e4ll\u00e4 yhteishengell\u00e4. Seuraa joukkuetta Instagramissa @Gnistan_n2 Joukkue harjoittelee p\u00e4\u00e4osin Markku.fi ja Pikkupekka Areenoilla Oulunkyl\u00e4ss\u00e4. Uudet pelaajat ovat tervetulleita mukaan! J\u00e4rjest\u00e4mme try outit tammikuun puoliv\u00e4liss\u00e4. Ilmoittaudu tai kysy lis\u00e4tietoja joukkueenjohtaja Essi Ketvenilt\u00e4. [&hellip;]","og_url":"https:\/\/gnistan.fi\/en\/gnistan-2\/","og_site_name":"IF Gnistan","article_publisher":"https:\/\/facebook.com\/ifgnistan","article_modified_time":"2026-04-07T09:14:14+00:00","og_image":[{"width":1920,"height":1080,"url":"https:\/\/gnistan.fi\/wp-content\/uploads\/2024\/11\/gnistan-default-featured-2024-c.webp","type":"image\/webp"}],"twitter_card":"summary_large_image","twitter_site":"@ifgnistan1924","twitter_misc":{"Est. reading time":"1 minute"},"schema":{"@context":"https:\/\/schema.org","@graph":[{"@type":"WebPage","@id":"https:\/\/gnistan.fi\/gnistan-2\/","url":"https:\/\/gnistan.fi\/gnistan-2\/","name":"GNISTAN N2 - IF Gnistan","isPartOf":{"@id":"https:\/\/gnistan.fi\/#website"},"primaryImageOfPage":{"@id":"https:\/\/gnistan.fi\/gnistan-2\/#primaryimage"},"image":{"@id":"https:\/\/gnistan.fi\/gnistan-2\/#primaryimage"},"thumbnailUrl":"https:\/\/gnistan.fi\/wp-content\/uploads\/2024\/11\/gnistan-default-featured-2024-c.webp","datePublished":"2023-11-21T21:48:11+00:00","dateModified":"2026-04-07T09:14:14+00:00","breadcrumb":{"@id":"https:\/\/gnistan.fi\/gnistan-2\/#breadcrumb"},"inLanguage":"en-US","potentialAction":[{"@type":"ReadAction","target":["https:\/\/gnistan.fi\/gnistan-2\/"]}]},{"@type":"ImageObject","inLanguage":"en-US","@id":"https:\/\/gnistan.fi\/gnistan-2\/#primaryimage","url":"https:\/\/gnistan.fi\/wp-content\/uploads\/2024\/11\/gnistan-default-featured-2024-c.webp","contentUrl":"https:\/\/gnistan.fi\/wp-content\/uploads\/2024\/11\/gnistan-default-featured-2024-c.webp","width":1920,"height":1080},{"@type":"BreadcrumbList","@id":"https:\/\/gnistan.fi\/gnistan-2\/#breadcrumb","itemListElement":[{"@type":"ListItem","position":1,"name":"Etusivu","item":"https:\/\/gnistan.fi\/"},{"@type":"ListItem","position":2,"name":"GNISTAN N2"}]},{"@type":"WebSite","@id":"https:\/\/gnistan.fi\/#website","url":"https:\/\/gnistan.fi\/","name":"IF Gnistan","description":"Viralliset sivut","publisher":{"@id":"https:\/\/gnistan.fi\/#organization"},"potentialAction":[{"@type":"SearchAction","target":{"@type":"EntryPoint","urlTemplate":"https:\/\/gnistan.fi\/?s={search_term_string}"},"query-input":{"@type":"PropertyValueSpecification","valueRequired":true,"valueName":"search_term_string"}}],"inLanguage":"en-US"},{"@type":"Organization","@id":"https:\/\/gnistan.fi\/#organization","name":"IF Gnistan","url":"https:\/\/gnistan.fi\/","logo":{"@type":"ImageObject","inLanguage":"en-US","@id":"https:\/\/gnistan.fi\/#\/schema\/logo\/image\/","url":"https:\/\/gnistan.fi\/wp-content\/uploads\/2019\/10\/if-gnistan-vector-logo.svg","contentUrl":"https:\/\/gnistan.fi\/wp-content\/uploads\/2019\/10\/if-gnistan-vector-logo.svg","width":269,"height":314,"caption":"IF Gnistan"},"image":{"@id":"https:\/\/gnistan.fi\/#\/schema\/logo\/image\/"},"sameAs":["https:\/\/facebook.com\/ifgnistan","https:\/\/x.com\/ifgnistan1924","https:\/\/instagram.com\/ifgnistan1924","https:\/\/www.linkedin.com\/company\/ifgnistan\/"]}]}},"jetpack_sharing_enabled":true,"_links":{"self":[{"href":"https:\/\/gnistan.fi\/en\/wp-json\/wp\/v2\/pages\/26529","targetHints":{"allow":["GET"]}}],"collection":[{"href":"https:\/\/gnistan.fi\/en\/wp-json\/wp\/v2\/pages"}],"about":[{"href":"https:\/\/gnistan.fi\/en\/wp-json\/wp\/v2\/types\/page"}],"author":[{"embeddable":true,"href":"https:\/\/gnistan.fi\/en\/wp-json\/wp\/v2\/users\/24"}],"replies":[{"embeddable":true,"href":"https:\/\/gnistan.fi\/en\/wp-json\/wp\/v2\/comments?post=26529"}],"version-history":[{"count":20,"href":"https:\/\/gnistan.fi\/en\/wp-json\/wp\/v2\/pages\/26529\/revisions"}],"predecessor-version":[{"id":44869,"href":"https:\/\/gnistan.fi\/en\/wp-json\/wp\/v2\/pages\/26529\/revisions\/44869"}],"wp:featuredmedia":[{"embeddable":true,"href":"https:\/\/gnistan.fi\/en\/wp-json\/wp\/v2\/media\/36703"}],"wp:attachment":[{"href":"https:\/\/gnistan.fi\/en\/wp-json\/wp\/v2\/media?parent=26529"}],"curies":[{"name":"wp","href":"https:\/\/api.w.org\/{rel}","templated":true}]}}