{"id":24480,"date":"2023-02-08T14:54:30","date_gmt":"2023-02-08T12:54:30","guid":{"rendered":"https:\/\/gnistan.fi\/?page_id=24480"},"modified":"2025-04-15T10:24:48","modified_gmt":"2025-04-15T07:24:48","slug":"ilmoitushk","status":"publish","type":"page","link":"https:\/\/gnistan.fi\/en\/ilmoitushk\/","title":{"rendered":"Ilmoitus seuran toiminnassa ilmenneeseen\u00a0kiusaamiseen tai h\u00e4irint\u00e4\u00e4n"},"content":{"rendered":"\n<p>Lasten ja nuorten turvallisen harrastusymp\u00e4rist\u00f6n rakentaminen ja turvaaminen ovat meille ensiarvoisen t\u00e4rkeit\u00e4. IF Gnistan ry on toiminnassaan sitoutunut noudattamaan&nbsp;<a href=\"https:\/\/www.olympiakomitea.fi\/uploads\/2020\/02\/ee3bcc3b-urheiluyhteison-vastuullisuusohjelma-2020-2024.pdf\">Olympiakomitean vastuullisuusohjelmaa<\/a>&nbsp;sek\u00e4 Palloliiton linjauksia turvallisen toimintaymp\u00e4rist\u00f6n varmistamiseksi.&nbsp;<\/p>\n\n\n\n<p>Mik\u00e4li olet kokenut tai havainnut IF Gnistanin toiminnassa kiusaamista tai h\u00e4irint\u00e4\u00e4 niin voit t\u00e4m\u00e4n kyselyn kautta informoida asiasta seuraa nimett\u00f6m\u00e4n\u00e4. Meille on t\u00e4rke\u00e4\u00e4, ett\u00e4 kerrot kokemuksistasi ja havainnoistasi.<br>Halutessasi voit j\u00e4tt\u00e4\u00e4 lopun avoimeen kentt\u00e4\u00e4n yhteystietosi, jos toivot, ett\u00e4 olemme sinuun yhteydess\u00e4.<br><\/p>\n\n\n\n<p>Voit my\u00f6s mielell\u00e4\u00e4n olla suoraan seuran ty\u00f6ntekij\u00f6ihin yhteydess\u00e4:<br>Toimitusjohtaja Ilkka Vanala ilkka.vanala@gnistan.fi, p. 0505533954<br>Seurakoordinaattori\u00a0Nina Lehtonen nina.lehtonen@gnistan.fi, 0503643954<\/p>\n\n\n\n<p>V\u00e4est\u00f6liiton&nbsp;Et ole yksin -palvelusta&nbsp;l\u00f6yd\u00e4t lis\u00e4tietoa h\u00e4irint\u00e4\u00e4n ja kiusaamiseen liittyen ja sinulla on my\u00f6s mahdollisuus saada keskusteluapua:&nbsp;<a href=\"https:\/\/www.etoleyksin.fi\/\">www.etoleyksin.fi&nbsp;<\/a><\/p>\n\n\n<div class=\"wpforms-container wpforms-container-full wpforms-block wpforms-block-18b91899-0648-480f-a809-9146f221398a\" id=\"wpforms-24459\"><form id=\"wpforms-form-24459\" class=\"wpforms-validate wpforms-form wpforms-ajax-form\" data-formid=\"24459\" method=\"post\" enctype=\"multipart\/form-data\" action=\"\/en\/wp-json\/wp\/v2\/pages\/24480\" data-token=\"7d6895dab57bd6642cb50a22102a07af\" data-token-time=\"1776205432\"><noscript class=\"wpforms-error-noscript\">Please enable JavaScript in your browser to complete this form.<\/noscript><div class=\"wpforms-field-container\"><div id=\"wpforms-24459-field_1-container\" class=\"wpforms-field wpforms-field-textarea\" data-field-id=\"1\"><label class=\"wpforms-field-label\" for=\"wpforms-24459-field_1\">1. Oletko kokenut tai havainnut IF Gnistanin toiminnassa kiusaamista tai h\u00e4irint\u00e4\u00e4?<\/label><textarea id=\"wpforms-24459-field_1\" class=\"wpforms-field-medium\" name=\"wpforms[fields][1]\" ><\/textarea><div class=\"wpforms-field-description\">1. Oletko kokenut tai havainnut IF Gnistanin toiminnassa kiusaamista tai h\u00e4irint\u00e4\u00e4? Jos olet niin kerro omin sanoin, mist\u00e4 on kysymys (esim. millaista kiusaaminen tai h\u00e4irint\u00e4 on ollut? Kenen toimesta kiusaamista tai h\u00e4irint\u00e4\u00e4 on tapahtunut? Millaisia tunteita se on sinussa her\u00e4tt\u00e4nyt?).<\/div><\/div><div id=\"wpforms-24459-field_5-container\" class=\"wpforms-field wpforms-field-checkbox\" data-field-id=\"5\"><label class=\"wpforms-field-label\">2. Onko yll\u00e4 kertomasi kiusaaminen tai h\u00e4irint\u00e4 ollut toistuvaa ja pitk\u00e4aikaista?<\/label><ul id=\"wpforms-24459-field_5\"><li class=\"choice-1 depth-1\"><input type=\"checkbox\" id=\"wpforms-24459-field_5_1\" name=\"wpforms[fields][5][]\" value=\"Kyll\u00e4\"  ><label class=\"wpforms-field-label-inline\" for=\"wpforms-24459-field_5_1\">Kyll\u00e4<\/label><\/li><li class=\"choice-2 depth-1\"><input type=\"checkbox\" id=\"wpforms-24459-field_5_2\" name=\"wpforms[fields][5][]\" value=\"Ei\"  ><label class=\"wpforms-field-label-inline\" for=\"wpforms-24459-field_5_2\">Ei<\/label><\/li><li class=\"choice-3 depth-1\"><input type=\"checkbox\" id=\"wpforms-24459-field_5_3\" name=\"wpforms[fields][5][]\" value=\"En osaa sanoa\"  ><label class=\"wpforms-field-label-inline\" for=\"wpforms-24459-field_5_3\">En osaa sanoa<\/label><\/li><\/ul><div class=\"wpforms-field-description\"> Kerro halutessasi lis\u00e4\u00e4 vaihtoehdon per\u00e4ss\u00e4 olevaan tekstikentt\u00e4\u00e4n.<\/div><\/div><div id=\"wpforms-24459-field_6-container\" class=\"wpforms-field wpforms-field-checkbox\" data-field-id=\"6\"><label class=\"wpforms-field-label\">3. Onko kiusaaminen tai h\u00e4irint\u00e4 tietojesi mukaan kohdistunut useampaan henkil\u00f6\u00f6n?<\/label><ul id=\"wpforms-24459-field_6\"><li class=\"choice-1 depth-1\"><input type=\"checkbox\" id=\"wpforms-24459-field_6_1\" name=\"wpforms[fields][6][]\" value=\"Kyll\u00e4\"  ><label class=\"wpforms-field-label-inline\" for=\"wpforms-24459-field_6_1\">Kyll\u00e4<\/label><\/li><li class=\"choice-2 depth-1\"><input type=\"checkbox\" id=\"wpforms-24459-field_6_2\" name=\"wpforms[fields][6][]\" value=\"Ei\"  ><label class=\"wpforms-field-label-inline\" for=\"wpforms-24459-field_6_2\">Ei<\/label><\/li><li class=\"choice-3 depth-1\"><input type=\"checkbox\" id=\"wpforms-24459-field_6_3\" name=\"wpforms[fields][6][]\" value=\"En osaa sanoa\"  ><label class=\"wpforms-field-label-inline\" for=\"wpforms-24459-field_6_3\">En osaa sanoa<\/label><\/li><\/ul><\/div><div id=\"wpforms-24459-field_7-container\" class=\"wpforms-field wpforms-field-checkbox\" data-field-id=\"7\"><label class=\"wpforms-field-label\">4. Onko kiusaamisen tai h\u00e4irinn\u00e4n kohde ollut alaik\u00e4inen?<\/label><ul id=\"wpforms-24459-field_7\"><li class=\"choice-1 depth-1\"><input type=\"checkbox\" id=\"wpforms-24459-field_7_1\" name=\"wpforms[fields][7][]\" value=\"Kyll\u00e4\"  ><label class=\"wpforms-field-label-inline\" for=\"wpforms-24459-field_7_1\">Kyll\u00e4<\/label><\/li><li class=\"choice-2 depth-1\"><input type=\"checkbox\" id=\"wpforms-24459-field_7_2\" name=\"wpforms[fields][7][]\" value=\"Ei\"  ><label class=\"wpforms-field-label-inline\" for=\"wpforms-24459-field_7_2\">Ei<\/label><\/li><li class=\"choice-3 depth-1\"><input type=\"checkbox\" id=\"wpforms-24459-field_7_3\" name=\"wpforms[fields][7][]\" value=\"En osaa sanoa\"  ><label class=\"wpforms-field-label-inline\" for=\"wpforms-24459-field_7_3\">En osaa sanoa<\/label><\/li><\/ul><div class=\"wpforms-field-description\"> Jos kyll\u00e4, niin olisi hyv\u00e4, jos kirjoittaisit kiusaamisen tai h\u00e4irinn\u00e4n kohteena olleen i\u00e4n lis\u00e4kentt\u00e4\u00e4n<\/div><\/div><div id=\"wpforms-24459-field_8-container\" class=\"wpforms-field wpforms-field-textarea\" data-field-id=\"8\"><label class=\"wpforms-field-label\" for=\"wpforms-24459-field_8\">5. Onko viel\u00e4 jotain muuta, mit\u00e4 haluaisit asiasta kertoa?<\/label><textarea id=\"wpforms-24459-field_8\" class=\"wpforms-field-medium\" name=\"wpforms[fields][8]\" ><\/textarea><div class=\"wpforms-field-description\"> Voit j\u00e4tt\u00e4\u00e4 t\u00e4h\u00e4n my\u00f6s yhteystietosi, jos toivot, ett\u00e4 olemme sinuun yhteydess\u00e4.<\/div><\/div><\/div><!-- .wpforms-field-container --><div class=\"wpforms-submit-container\" ><input type=\"hidden\" name=\"wpforms[id]\" value=\"24459\"><input type=\"hidden\" name=\"page_title\" value=\"\"><input type=\"hidden\" name=\"page_url\" value=\"https:\/\/gnistan.fi\/en\/wp-json\/wp\/v2\/pages\/24480\"><input type=\"hidden\" name=\"url_referer\" value=\"\"><button type=\"submit\" name=\"wpforms[submit]\" id=\"wpforms-submit-24459\" class=\"wpforms-submit\" data-alt-text=\"Sending...\" data-submit-text=\"L\u00e4het\u00e4\" aria-live=\"assertive\" value=\"wpforms-submit\">L\u00e4het\u00e4<\/button><img decoding=\"async\" src=\"https:\/\/gnistan.fi\/wp-content\/plugins\/wpforms-lite\/assets\/images\/submit-spin.svg\" class=\"wpforms-submit-spinner\" style=\"display: none;\" width=\"26\" height=\"26\" alt=\"Loading\"><\/div><\/form><\/div>  <!-- .wpforms-container -->","protected":false},"excerpt":{"rendered":"<p>Lasten ja nuorten turvallisen harrastusymp\u00e4rist\u00f6n rakentaminen ja turvaaminen ovat meille ensiarvoisen t\u00e4rkeit\u00e4. IF Gnistan ry on toiminnassaan sitoutunut noudattamaan&nbsp;Olympiakomitean vastuullisuusohjelmaa&nbsp;sek\u00e4 Palloliiton linjauksia turvallisen toimintaymp\u00e4rist\u00f6n varmistamiseksi.&nbsp; Mik\u00e4li olet kokenut tai havainnut IF Gnistanin toiminnassa kiusaamista tai h\u00e4irint\u00e4\u00e4 niin voit t\u00e4m\u00e4n kyselyn kautta informoida asiasta seuraa nimett\u00f6m\u00e4n\u00e4. Meille on t\u00e4rke\u00e4\u00e4, ett\u00e4 kerrot kokemuksistasi ja havainnoistasi.Halutessasi voit j\u00e4tt\u00e4\u00e4 [&hellip;]<\/p>\n","protected":false},"author":27,"featured_media":36703,"parent":0,"menu_order":0,"comment_status":"closed","ping_status":"closed","template":"","meta":{"_acf_changed":false,"footnotes":""},"class_list":["post-24480","page","type-page","status-publish","has-post-thumbnail","hentry"],"acf":[],"yoast_head":"<!-- This site is optimized with the Yoast SEO plugin v27.3 - https:\/\/yoast.com\/product\/yoast-seo-wordpress\/ -->\n<title>Ilmoitus seuran toiminnassa ilmenneeseen\u00a0kiusaamiseen tai h\u00e4irint\u00e4\u00e4n - IF Gnistan<\/title>\n<meta name=\"robots\" content=\"index, follow, max-snippet:-1, max-image-preview:large, max-video-preview:-1\" \/>\n<link rel=\"canonical\" href=\"https:\/\/gnistan.fi\/en\/ilmoitushk\/\" \/>\n<meta property=\"og:locale\" content=\"en_US\" \/>\n<meta property=\"og:type\" content=\"article\" \/>\n<meta property=\"og:title\" content=\"Ilmoitus seuran toiminnassa ilmenneeseen\u00a0kiusaamiseen tai h\u00e4irint\u00e4\u00e4n - IF Gnistan\" \/>\n<meta property=\"og:description\" content=\"Lasten ja nuorten turvallisen harrastusymp\u00e4rist\u00f6n rakentaminen ja turvaaminen ovat meille ensiarvoisen t\u00e4rkeit\u00e4. IF Gnistan ry on toiminnassaan sitoutunut noudattamaan&nbsp;Olympiakomitean vastuullisuusohjelmaa&nbsp;sek\u00e4 Palloliiton linjauksia turvallisen toimintaymp\u00e4rist\u00f6n varmistamiseksi.&nbsp; Mik\u00e4li olet kokenut tai havainnut IF Gnistanin toiminnassa kiusaamista tai h\u00e4irint\u00e4\u00e4 niin voit t\u00e4m\u00e4n kyselyn kautta informoida asiasta seuraa nimett\u00f6m\u00e4n\u00e4. Meille on t\u00e4rke\u00e4\u00e4, ett\u00e4 kerrot kokemuksistasi ja havainnoistasi.Halutessasi voit j\u00e4tt\u00e4\u00e4 [&hellip;]\" \/>\n<meta property=\"og:url\" content=\"https:\/\/gnistan.fi\/en\/ilmoitushk\/\" \/>\n<meta property=\"og:site_name\" content=\"IF Gnistan\" \/>\n<meta property=\"article:publisher\" content=\"https:\/\/facebook.com\/ifgnistan\" \/>\n<meta property=\"article:modified_time\" content=\"2025-04-15T07:24:48+00:00\" \/>\n<meta property=\"og:image\" content=\"https:\/\/gnistan.fi\/wp-content\/uploads\/2024\/11\/gnistan-default-featured-2024-c.webp\" \/>\n\t<meta property=\"og:image:width\" content=\"1920\" \/>\n\t<meta property=\"og:image:height\" content=\"1080\" \/>\n\t<meta property=\"og:image:type\" content=\"image\/webp\" \/>\n<meta name=\"twitter:card\" content=\"summary_large_image\" \/>\n<meta name=\"twitter:site\" content=\"@ifgnistan1924\" \/>\n<meta name=\"twitter:label1\" content=\"Est. reading time\" \/>\n\t<meta name=\"twitter:data1\" content=\"1 minute\" \/>\n<script type=\"application\/ld+json\" class=\"yoast-schema-graph\">{\"@context\":\"https:\\\/\\\/schema.org\",\"@graph\":[{\"@type\":\"WebPage\",\"@id\":\"https:\\\/\\\/gnistan.fi\\\/ilmoitushk\\\/\",\"url\":\"https:\\\/\\\/gnistan.fi\\\/ilmoitushk\\\/\",\"name\":\"Ilmoitus seuran toiminnassa ilmenneeseen\u00a0kiusaamiseen tai h\u00e4irint\u00e4\u00e4n - IF Gnistan\",\"isPartOf\":{\"@id\":\"https:\\\/\\\/gnistan.fi\\\/#website\"},\"primaryImageOfPage\":{\"@id\":\"https:\\\/\\\/gnistan.fi\\\/ilmoitushk\\\/#primaryimage\"},\"image\":{\"@id\":\"https:\\\/\\\/gnistan.fi\\\/ilmoitushk\\\/#primaryimage\"},\"thumbnailUrl\":\"https:\\\/\\\/gnistan.fi\\\/wp-content\\\/uploads\\\/2024\\\/11\\\/gnistan-default-featured-2024-c.webp\",\"datePublished\":\"2023-02-08T12:54:30+00:00\",\"dateModified\":\"2025-04-15T07:24:48+00:00\",\"breadcrumb\":{\"@id\":\"https:\\\/\\\/gnistan.fi\\\/ilmoitushk\\\/#breadcrumb\"},\"inLanguage\":\"en-US\",\"potentialAction\":[{\"@type\":\"ReadAction\",\"target\":[\"https:\\\/\\\/gnistan.fi\\\/ilmoitushk\\\/\"]}]},{\"@type\":\"ImageObject\",\"inLanguage\":\"en-US\",\"@id\":\"https:\\\/\\\/gnistan.fi\\\/ilmoitushk\\\/#primaryimage\",\"url\":\"https:\\\/\\\/gnistan.fi\\\/wp-content\\\/uploads\\\/2024\\\/11\\\/gnistan-default-featured-2024-c.webp\",\"contentUrl\":\"https:\\\/\\\/gnistan.fi\\\/wp-content\\\/uploads\\\/2024\\\/11\\\/gnistan-default-featured-2024-c.webp\",\"width\":1920,\"height\":1080},{\"@type\":\"BreadcrumbList\",\"@id\":\"https:\\\/\\\/gnistan.fi\\\/ilmoitushk\\\/#breadcrumb\",\"itemListElement\":[{\"@type\":\"ListItem\",\"position\":1,\"name\":\"Etusivu\",\"item\":\"https:\\\/\\\/gnistan.fi\\\/\"},{\"@type\":\"ListItem\",\"position\":2,\"name\":\"Ilmoitus seuran toiminnassa ilmenneeseen\u00a0kiusaamiseen tai h\u00e4irint\u00e4\u00e4n\"}]},{\"@type\":\"WebSite\",\"@id\":\"https:\\\/\\\/gnistan.fi\\\/#website\",\"url\":\"https:\\\/\\\/gnistan.fi\\\/\",\"name\":\"IF Gnistan\",\"description\":\"Viralliset sivut\",\"publisher\":{\"@id\":\"https:\\\/\\\/gnistan.fi\\\/#organization\"},\"potentialAction\":[{\"@type\":\"SearchAction\",\"target\":{\"@type\":\"EntryPoint\",\"urlTemplate\":\"https:\\\/\\\/gnistan.fi\\\/?s={search_term_string}\"},\"query-input\":{\"@type\":\"PropertyValueSpecification\",\"valueRequired\":true,\"valueName\":\"search_term_string\"}}],\"inLanguage\":\"en-US\"},{\"@type\":\"Organization\",\"@id\":\"https:\\\/\\\/gnistan.fi\\\/#organization\",\"name\":\"IF Gnistan\",\"url\":\"https:\\\/\\\/gnistan.fi\\\/\",\"logo\":{\"@type\":\"ImageObject\",\"inLanguage\":\"en-US\",\"@id\":\"https:\\\/\\\/gnistan.fi\\\/#\\\/schema\\\/logo\\\/image\\\/\",\"url\":\"https:\\\/\\\/gnistan.fi\\\/wp-content\\\/uploads\\\/2019\\\/10\\\/if-gnistan-vector-logo.svg\",\"contentUrl\":\"https:\\\/\\\/gnistan.fi\\\/wp-content\\\/uploads\\\/2019\\\/10\\\/if-gnistan-vector-logo.svg\",\"width\":269,\"height\":314,\"caption\":\"IF Gnistan\"},\"image\":{\"@id\":\"https:\\\/\\\/gnistan.fi\\\/#\\\/schema\\\/logo\\\/image\\\/\"},\"sameAs\":[\"https:\\\/\\\/facebook.com\\\/ifgnistan\",\"https:\\\/\\\/x.com\\\/ifgnistan1924\",\"https:\\\/\\\/instagram.com\\\/ifgnistan1924\",\"https:\\\/\\\/www.linkedin.com\\\/company\\\/ifgnistan\\\/\"]}]}<\/script>\n<!-- \/ Yoast SEO plugin. -->","yoast_head_json":{"title":"Ilmoitus seuran toiminnassa ilmenneeseen\u00a0kiusaamiseen tai h\u00e4irint\u00e4\u00e4n - IF Gnistan","robots":{"index":"index","follow":"follow","max-snippet":"max-snippet:-1","max-image-preview":"max-image-preview:large","max-video-preview":"max-video-preview:-1"},"canonical":"https:\/\/gnistan.fi\/en\/ilmoitushk\/","og_locale":"en_US","og_type":"article","og_title":"Ilmoitus seuran toiminnassa ilmenneeseen\u00a0kiusaamiseen tai h\u00e4irint\u00e4\u00e4n - IF Gnistan","og_description":"Lasten ja nuorten turvallisen harrastusymp\u00e4rist\u00f6n rakentaminen ja turvaaminen ovat meille ensiarvoisen t\u00e4rkeit\u00e4. IF Gnistan ry on toiminnassaan sitoutunut noudattamaan&nbsp;Olympiakomitean vastuullisuusohjelmaa&nbsp;sek\u00e4 Palloliiton linjauksia turvallisen toimintaymp\u00e4rist\u00f6n varmistamiseksi.&nbsp; Mik\u00e4li olet kokenut tai havainnut IF Gnistanin toiminnassa kiusaamista tai h\u00e4irint\u00e4\u00e4 niin voit t\u00e4m\u00e4n kyselyn kautta informoida asiasta seuraa nimett\u00f6m\u00e4n\u00e4. Meille on t\u00e4rke\u00e4\u00e4, ett\u00e4 kerrot kokemuksistasi ja havainnoistasi.Halutessasi voit j\u00e4tt\u00e4\u00e4 [&hellip;]","og_url":"https:\/\/gnistan.fi\/en\/ilmoitushk\/","og_site_name":"IF Gnistan","article_publisher":"https:\/\/facebook.com\/ifgnistan","article_modified_time":"2025-04-15T07:24:48+00:00","og_image":[{"width":1920,"height":1080,"url":"https:\/\/gnistan.fi\/wp-content\/uploads\/2024\/11\/gnistan-default-featured-2024-c.webp","type":"image\/webp"}],"twitter_card":"summary_large_image","twitter_site":"@ifgnistan1924","twitter_misc":{"Est. reading time":"1 minute"},"schema":{"@context":"https:\/\/schema.org","@graph":[{"@type":"WebPage","@id":"https:\/\/gnistan.fi\/ilmoitushk\/","url":"https:\/\/gnistan.fi\/ilmoitushk\/","name":"Ilmoitus seuran toiminnassa ilmenneeseen\u00a0kiusaamiseen tai h\u00e4irint\u00e4\u00e4n - IF Gnistan","isPartOf":{"@id":"https:\/\/gnistan.fi\/#website"},"primaryImageOfPage":{"@id":"https:\/\/gnistan.fi\/ilmoitushk\/#primaryimage"},"image":{"@id":"https:\/\/gnistan.fi\/ilmoitushk\/#primaryimage"},"thumbnailUrl":"https:\/\/gnistan.fi\/wp-content\/uploads\/2024\/11\/gnistan-default-featured-2024-c.webp","datePublished":"2023-02-08T12:54:30+00:00","dateModified":"2025-04-15T07:24:48+00:00","breadcrumb":{"@id":"https:\/\/gnistan.fi\/ilmoitushk\/#breadcrumb"},"inLanguage":"en-US","potentialAction":[{"@type":"ReadAction","target":["https:\/\/gnistan.fi\/ilmoitushk\/"]}]},{"@type":"ImageObject","inLanguage":"en-US","@id":"https:\/\/gnistan.fi\/ilmoitushk\/#primaryimage","url":"https:\/\/gnistan.fi\/wp-content\/uploads\/2024\/11\/gnistan-default-featured-2024-c.webp","contentUrl":"https:\/\/gnistan.fi\/wp-content\/uploads\/2024\/11\/gnistan-default-featured-2024-c.webp","width":1920,"height":1080},{"@type":"BreadcrumbList","@id":"https:\/\/gnistan.fi\/ilmoitushk\/#breadcrumb","itemListElement":[{"@type":"ListItem","position":1,"name":"Etusivu","item":"https:\/\/gnistan.fi\/"},{"@type":"ListItem","position":2,"name":"Ilmoitus seuran toiminnassa ilmenneeseen\u00a0kiusaamiseen tai h\u00e4irint\u00e4\u00e4n"}]},{"@type":"WebSite","@id":"https:\/\/gnistan.fi\/#website","url":"https:\/\/gnistan.fi\/","name":"IF Gnistan","description":"Viralliset sivut","publisher":{"@id":"https:\/\/gnistan.fi\/#organization"},"potentialAction":[{"@type":"SearchAction","target":{"@type":"EntryPoint","urlTemplate":"https:\/\/gnistan.fi\/?s={search_term_string}"},"query-input":{"@type":"PropertyValueSpecification","valueRequired":true,"valueName":"search_term_string"}}],"inLanguage":"en-US"},{"@type":"Organization","@id":"https:\/\/gnistan.fi\/#organization","name":"IF Gnistan","url":"https:\/\/gnistan.fi\/","logo":{"@type":"ImageObject","inLanguage":"en-US","@id":"https:\/\/gnistan.fi\/#\/schema\/logo\/image\/","url":"https:\/\/gnistan.fi\/wp-content\/uploads\/2019\/10\/if-gnistan-vector-logo.svg","contentUrl":"https:\/\/gnistan.fi\/wp-content\/uploads\/2019\/10\/if-gnistan-vector-logo.svg","width":269,"height":314,"caption":"IF Gnistan"},"image":{"@id":"https:\/\/gnistan.fi\/#\/schema\/logo\/image\/"},"sameAs":["https:\/\/facebook.com\/ifgnistan","https:\/\/x.com\/ifgnistan1924","https:\/\/instagram.com\/ifgnistan1924","https:\/\/www.linkedin.com\/company\/ifgnistan\/"]}]}},"jetpack_sharing_enabled":true,"_links":{"self":[{"href":"https:\/\/gnistan.fi\/en\/wp-json\/wp\/v2\/pages\/24480","targetHints":{"allow":["GET"]}}],"collection":[{"href":"https:\/\/gnistan.fi\/en\/wp-json\/wp\/v2\/pages"}],"about":[{"href":"https:\/\/gnistan.fi\/en\/wp-json\/wp\/v2\/types\/page"}],"author":[{"embeddable":true,"href":"https:\/\/gnistan.fi\/en\/wp-json\/wp\/v2\/users\/27"}],"replies":[{"embeddable":true,"href":"https:\/\/gnistan.fi\/en\/wp-json\/wp\/v2\/comments?post=24480"}],"version-history":[{"count":4,"href":"https:\/\/gnistan.fi\/en\/wp-json\/wp\/v2\/pages\/24480\/revisions"}],"predecessor-version":[{"id":39488,"href":"https:\/\/gnistan.fi\/en\/wp-json\/wp\/v2\/pages\/24480\/revisions\/39488"}],"wp:featuredmedia":[{"embeddable":true,"href":"https:\/\/gnistan.fi\/en\/wp-json\/wp\/v2\/media\/36703"}],"wp:attachment":[{"href":"https:\/\/gnistan.fi\/en\/wp-json\/wp\/v2\/media?parent=24480"}],"curies":[{"name":"wp","href":"https:\/\/api.w.org\/{rel}","templated":true}]}}